{"id":176554,"date":"2021-10-15T16:48:04","date_gmt":"2021-10-15T14:48:04","guid":{"rendered":"https:\/\/miomiorun.com\/prodotto\/falke-ru4-invisibile-donna\/"},"modified":"2024-07-02T13:59:28","modified_gmt":"2024-07-02T11:59:28","slug":"ru4-invisibile-damen","status":"publish","type":"product","link":"https:\/\/www.miomiorun.com\/de\/produkt\/ru4-invisibile-damen\/","title":{"rendered":"RU4 Invisibile damen"},"content":{"rendered":"<p><div class=\"vc-row container\"><div class=\"vc-column\"><div class=\"vc-column-text\"><\/p>\n<div class=\"product-section product-detailed-page__section product-detailed-page__section--details\">\n<div>\n<div>\n<div class=\"product-section__content\">\n<div class=\"product-features\">\n<p>Die RU4 Invisible Damensocke ist dank ihrer mittleren D\u00e4mpfung unsere Allroundsocke und bietet ausreichend Schutz bei mittlerer D\u00e4mpfung und gutem Kontakt zum Schuh. Zus\u00e4tzliche Silikonfasern auf der Innenseite verhindern ein Verrutschen der Socke und eine zus\u00e4tzlich gepolsterte Zunge im Fersenbereich beugt Scheuerstellen und Blasen vor. Effizienter Feuchtigkeitstransport und eine perfekte Passform garantieren angenehme Momente beim Jogging-Sport.<\/p>\n<h3>Eigenschaften:<\/h3>\n<ul>\n<li>Die vielseitige Laufsocke mit mittlerer D\u00e4mpfung f\u00fcr ausreichenden Schutz und direkte Energie\u00fcbertragung.<\/li>\n<li>Mittlere D\u00e4mpfung und guter Schuhkontakt.<\/li>\n<li>Feuchtigkeitstransport und schnellere Trocknung durch dreilagige Konstruktion mit Baumwolle.<\/li>\n<li>Silikonfasern auf der Innenseite, die ein Verrutschen der Socke verhindern.<\/li>\n<li>Gepolsterte Zunge an der Ferse.<\/li>\n<li>Perfekte Passform durch beidseitige Polsterung und Zehenformung.<\/li>\n<\/ul>\n<p>&nbsp;<\/p>\n<\/div>\n<\/div>\n<\/div>\n<\/div>\n<\/div>\n<p><\/div><\/div><\/div><div class=\"vc-row container\"><div class=\"vc-column\"><div class=\"vc-column-text\"><\/p>\n<div class=\"product-functional-symbols__image-container\"><img decoding=\"async\" class=\"product-functional-symbols__image aligncenter\" src=\"https:\/\/www.falke.com\/it_it\/9dd393d722265eb755772abd698b837041098075\/assets\/base\/staticImages\/functionalsymbols\/icon_feuchtigkeitsregulierend.svg\" \/><\/div>\n<div class=\"product-functional-symbols__name\" style=\"text-align: center;\">Regelt die Luftfeuchtigkeit<\/div>\n<p><\/div><\/div><div class=\"vc-column\"><div class=\"vc-column-text\"><\/p>\n<div class=\"product-functional-symbols__image-container\"><img decoding=\"async\" class=\"product-functional-symbols__image aligncenter\" src=\"https:\/\/www.falke.com\/it_it\/9dd393d722265eb755772abd698b837041098075\/assets\/base\/staticImages\/functionalsymbols\/icon_direkter-schuhkontakt.svg\" \/><\/div>\n<div class=\"product-functional-symbols__name\" style=\"text-align: center;\">Direkter Kontakt zum Schuh<\/div>\n<div class=\"product-functional-symbols__tooltip\">\n<div class=\"product-functional-symbols__tooltip-content\"><\/div>\n<\/div>\n<p><\/div><\/div><div class=\"vc-column\"><div class=\"vc-column-text\"><\/p>\n<p>&nbsp;<\/p>\n<p><img decoding=\"async\" class=\"product-functional-symbols__image aligncenter\" src=\"https:\/\/www.falke.com\/it_it\/c5c163f4c436a6d5cac26cfd6ed02ad465473f2a\/assets\/base\/staticImages\/functionalsymbols\/icon_daempfende-wirkung.svg\" \/><\/p>\n<p style=\"text-align: center;\">Polsternde Wirkung<\/p>\n<p><\/div><\/div><div class=\"vc-column\"><\/div><\/div><div class=\"vc-row container\"><div class=\"vc-column\"><div class=\"vc-column-text\"><\/p>\n<p>&nbsp;<\/p>\n<p>Material : 50% Polypropylen, 30% Baumwolle, 18% Polyamid, 2% Elasthan .<\/p>\n<p>Beinl\u00e4nge : Unsichtbar &#8211; hoch geschnitten .<\/p>\n<p>Polsterung : Mittelschwer .<\/p>\n<p>Passform : Anatomisch .<\/p>\n<p>Sohle : Normal .<\/p>\n<p>Aussehen : Sportlich .<\/p>\n<p>&nbsp;<\/p>\n<p>&nbsp;<\/p>\n<p><\/div><\/div><\/div><\/p>\n","protected":false},"excerpt":{"rendered":"","protected":false},"featured_media":59114,"template":"","meta":{"_acf_changed":false,"inline_featured_image":false},"product_brand":[],"product_cat":[6401,6402],"product_tag":[6245,6246],"class_list":{"0":"post-176554","1":"product","2":"type-product","3":"status-publish","4":"has-post-thumbnail","6":"product_cat-damenbekleidung","7":"product_cat-damensocken-de","8":"product_tag-falke-de","9":"product_tag-falke-damen-de","10":"pa_attivita-fitness-de","11":"pa_attivita-gehen","12":"pa_attivita-running-de","13":"pa_colore-ru4-invisible-w-black-de","14":"pa_colore-ru4-invisible-w-orange-de","15":"pa_colore-ru4-invisible-w-rose-de","16":"pa_marca-falke-de","17":"pa_sesso-damen","18":"pa_size-35-36-de","19":"pa_size-37-38-de","20":"pa_size-39-40-de","21":"pa_size-41-42-de","23":"first","24":"instock","25":"sale","26":"taxable","27":"shipping-taxable","28":"purchasable","29":"product-type-variable","30":"wvs-archive-product-wrapper"},"acf":[],"yoast_head":"<!-- This site is optimized with the Yoast SEO plugin v26.8 - https:\/\/yoast.com\/product\/yoast-seo-wordpress\/ -->\n<title>Falke RU4 Invisibile damen - Laufsocken - MioMioRun.com<\/title>\n<meta name=\"description\" content=\"Dank ihrer mittleren Polsterung ist die RU4 Invisible Damen-Phantomsocke unser Allrounder und bietet guten Schutz\" \/>\n<meta name=\"robots\" content=\"index, follow, max-snippet:-1, max-image-preview:large, max-video-preview:-1\" \/>\n<link rel=\"canonical\" href=\"https:\/\/www.miomiorun.com\/de\/produkt\/ru4-invisibile-damen\/\" \/>\n<meta property=\"og:locale\" content=\"de_DE\" \/>\n<meta property=\"og:type\" content=\"article\" \/>\n<meta property=\"og:title\" content=\"Falke RU4 Invisibile damen - Laufsocken - MioMioRun.com\" \/>\n<meta property=\"og:description\" content=\"Dank ihrer mittleren Polsterung ist die RU4 Invisible Damen-Phantomsocke unser Allrounder und bietet guten Schutz\" \/>\n<meta property=\"og:url\" content=\"https:\/\/www.miomiorun.com\/de\/produkt\/ru4-invisibile-damen\/\" \/>\n<meta property=\"og:site_name\" content=\"MioMioRun\" \/>\n<meta property=\"article:publisher\" content=\"https:\/\/www.facebook.com\/miomiorun\/\" \/>\n<meta property=\"article:modified_time\" content=\"2024-07-02T11:59:28+00:00\" \/>\n<meta property=\"og:image\" content=\"https:\/\/www.miomiorun.com\/app\/uploads\/2021\/10\/RU4-INvisible-W-16708-3010.jpg\" \/>\n\t<meta property=\"og:image:width\" content=\"600\" \/>\n\t<meta property=\"og:image:height\" content=\"600\" \/>\n\t<meta property=\"og:image:type\" content=\"image\/jpeg\" \/>\n<meta name=\"twitter:card\" content=\"summary_large_image\" \/>\n<meta name=\"twitter:label1\" content=\"Est. reading time\" \/>\n\t<meta name=\"twitter:data1\" content=\"1 minute\" \/>\n<script type=\"application\/ld+json\" class=\"yoast-schema-graph\">{\"@context\":\"https:\/\/schema.org\",\"@graph\":[{\"@type\":\"WebPage\",\"@id\":\"https:\/\/www.miomiorun.com\/de\/produkt\/ru4-invisibile-damen\/\",\"url\":\"https:\/\/www.miomiorun.com\/de\/produkt\/ru4-invisibile-damen\/\",\"name\":\"Falke RU4 Invisibile damen - Laufsocken - MioMioRun.com\",\"isPartOf\":{\"@id\":\"https:\/\/www.miomiorun.com\/de\/#website\"},\"primaryImageOfPage\":{\"@id\":\"https:\/\/www.miomiorun.com\/de\/produkt\/ru4-invisibile-damen\/#primaryimage\"},\"image\":{\"@id\":\"https:\/\/www.miomiorun.com\/de\/produkt\/ru4-invisibile-damen\/#primaryimage\"},\"thumbnailUrl\":\"https:\/\/www.miomiorun.com\/app\/uploads\/2021\/10\/RU4-INvisible-W-16708-3010.jpg\",\"datePublished\":\"2021-10-15T14:48:04+00:00\",\"dateModified\":\"2024-07-02T11:59:28+00:00\",\"description\":\"Dank ihrer mittleren Polsterung ist die RU4 Invisible Damen-Phantomsocke unser Allrounder und bietet guten Schutz\",\"breadcrumb\":{\"@id\":\"https:\/\/www.miomiorun.com\/de\/produkt\/ru4-invisibile-damen\/#breadcrumb\"},\"inLanguage\":\"de-DE\",\"potentialAction\":[{\"@type\":\"ReadAction\",\"target\":[\"https:\/\/www.miomiorun.com\/de\/produkt\/ru4-invisibile-damen\/\"]}]},{\"@type\":\"ImageObject\",\"inLanguage\":\"de-DE\",\"@id\":\"https:\/\/www.miomiorun.com\/de\/produkt\/ru4-invisibile-damen\/#primaryimage\",\"url\":\"https:\/\/www.miomiorun.com\/app\/uploads\/2021\/10\/RU4-INvisible-W-16708-3010.jpg\",\"contentUrl\":\"https:\/\/www.miomiorun.com\/app\/uploads\/2021\/10\/RU4-INvisible-W-16708-3010.jpg\",\"width\":600,\"height\":600,\"caption\":\"falke ru4 invisible\"},{\"@type\":\"BreadcrumbList\",\"@id\":\"https:\/\/www.miomiorun.com\/de\/produkt\/ru4-invisibile-damen\/#breadcrumb\",\"itemListElement\":[{\"@type\":\"ListItem\",\"position\":1,\"name\":\"Home\",\"item\":\"https:\/\/www.miomiorun.com\/de\/\"},{\"@type\":\"ListItem\",\"position\":2,\"name\":\"Shop\",\"item\":\"https:\/\/www.miomiorun.com\/shop\/\"},{\"@type\":\"ListItem\",\"position\":3,\"name\":\"RU4 Invisibile damen\"}]},{\"@type\":\"WebSite\",\"@id\":\"https:\/\/www.miomiorun.com\/de\/#website\",\"url\":\"https:\/\/www.miomiorun.com\/de\/\",\"name\":\"MioMioRun\",\"description\":\"100% Lauf- und Trailshop\",\"publisher\":{\"@id\":\"https:\/\/www.miomiorun.com\/de\/#organization\"},\"potentialAction\":[{\"@type\":\"SearchAction\",\"target\":{\"@type\":\"EntryPoint\",\"urlTemplate\":\"https:\/\/www.miomiorun.com\/de\/?s={search_term_string}\"},\"query-input\":{\"@type\":\"PropertyValueSpecification\",\"valueRequired\":true,\"valueName\":\"search_term_string\"}}],\"inLanguage\":\"de-DE\"},{\"@type\":\"Organization\",\"@id\":\"https:\/\/www.miomiorun.com\/de\/#organization\",\"name\":\"MioMio Run\",\"url\":\"https:\/\/www.miomiorun.com\/de\/\",\"logo\":{\"@type\":\"ImageObject\",\"inLanguage\":\"de-DE\",\"@id\":\"https:\/\/www.miomiorun.com\/de\/#\/schema\/logo\/image\/\",\"url\":\"https:\/\/www.miomiorun.com\/app\/uploads\/2019\/12\/logomio.png\",\"contentUrl\":\"https:\/\/www.miomiorun.com\/app\/uploads\/2019\/12\/logomio.png\",\"width\":115,\"height\":82,\"caption\":\"MioMio Run\"},\"image\":{\"@id\":\"https:\/\/www.miomiorun.com\/de\/#\/schema\/logo\/image\/\"},\"sameAs\":[\"https:\/\/www.facebook.com\/miomiorun\/\",\"https:\/\/www.instagram.com\/miomiorun\/\"]}]}<\/script>\n<!-- \/ Yoast SEO plugin. -->","yoast_head_json":{"title":"Falke RU4 Invisibile damen - Laufsocken - MioMioRun.com","description":"Dank ihrer mittleren Polsterung ist die RU4 Invisible Damen-Phantomsocke unser Allrounder und bietet guten Schutz","robots":{"index":"index","follow":"follow","max-snippet":"max-snippet:-1","max-image-preview":"max-image-preview:large","max-video-preview":"max-video-preview:-1"},"canonical":"https:\/\/www.miomiorun.com\/de\/produkt\/ru4-invisibile-damen\/","og_locale":"de_DE","og_type":"article","og_title":"Falke RU4 Invisibile damen - Laufsocken - MioMioRun.com","og_description":"Dank ihrer mittleren Polsterung ist die RU4 Invisible Damen-Phantomsocke unser Allrounder und bietet guten Schutz","og_url":"https:\/\/www.miomiorun.com\/de\/produkt\/ru4-invisibile-damen\/","og_site_name":"MioMioRun","article_publisher":"https:\/\/www.facebook.com\/miomiorun\/","article_modified_time":"2024-07-02T11:59:28+00:00","og_image":[{"width":600,"height":600,"url":"https:\/\/www.miomiorun.com\/app\/uploads\/2021\/10\/RU4-INvisible-W-16708-3010.jpg","type":"image\/jpeg"}],"twitter_card":"summary_large_image","twitter_misc":{"Est. reading time":"1 minute"},"schema":{"@context":"https:\/\/schema.org","@graph":[{"@type":"WebPage","@id":"https:\/\/www.miomiorun.com\/de\/produkt\/ru4-invisibile-damen\/","url":"https:\/\/www.miomiorun.com\/de\/produkt\/ru4-invisibile-damen\/","name":"Falke RU4 Invisibile damen - Laufsocken - MioMioRun.com","isPartOf":{"@id":"https:\/\/www.miomiorun.com\/de\/#website"},"primaryImageOfPage":{"@id":"https:\/\/www.miomiorun.com\/de\/produkt\/ru4-invisibile-damen\/#primaryimage"},"image":{"@id":"https:\/\/www.miomiorun.com\/de\/produkt\/ru4-invisibile-damen\/#primaryimage"},"thumbnailUrl":"https:\/\/www.miomiorun.com\/app\/uploads\/2021\/10\/RU4-INvisible-W-16708-3010.jpg","datePublished":"2021-10-15T14:48:04+00:00","dateModified":"2024-07-02T11:59:28+00:00","description":"Dank ihrer mittleren Polsterung ist die RU4 Invisible Damen-Phantomsocke unser Allrounder und bietet guten Schutz","breadcrumb":{"@id":"https:\/\/www.miomiorun.com\/de\/produkt\/ru4-invisibile-damen\/#breadcrumb"},"inLanguage":"de-DE","potentialAction":[{"@type":"ReadAction","target":["https:\/\/www.miomiorun.com\/de\/produkt\/ru4-invisibile-damen\/"]}]},{"@type":"ImageObject","inLanguage":"de-DE","@id":"https:\/\/www.miomiorun.com\/de\/produkt\/ru4-invisibile-damen\/#primaryimage","url":"https:\/\/www.miomiorun.com\/app\/uploads\/2021\/10\/RU4-INvisible-W-16708-3010.jpg","contentUrl":"https:\/\/www.miomiorun.com\/app\/uploads\/2021\/10\/RU4-INvisible-W-16708-3010.jpg","width":600,"height":600,"caption":"falke ru4 invisible"},{"@type":"BreadcrumbList","@id":"https:\/\/www.miomiorun.com\/de\/produkt\/ru4-invisibile-damen\/#breadcrumb","itemListElement":[{"@type":"ListItem","position":1,"name":"Home","item":"https:\/\/www.miomiorun.com\/de\/"},{"@type":"ListItem","position":2,"name":"Shop","item":"https:\/\/www.miomiorun.com\/shop\/"},{"@type":"ListItem","position":3,"name":"RU4 Invisibile damen"}]},{"@type":"WebSite","@id":"https:\/\/www.miomiorun.com\/de\/#website","url":"https:\/\/www.miomiorun.com\/de\/","name":"MioMioRun","description":"100% Lauf- und Trailshop","publisher":{"@id":"https:\/\/www.miomiorun.com\/de\/#organization"},"potentialAction":[{"@type":"SearchAction","target":{"@type":"EntryPoint","urlTemplate":"https:\/\/www.miomiorun.com\/de\/?s={search_term_string}"},"query-input":{"@type":"PropertyValueSpecification","valueRequired":true,"valueName":"search_term_string"}}],"inLanguage":"de-DE"},{"@type":"Organization","@id":"https:\/\/www.miomiorun.com\/de\/#organization","name":"MioMio Run","url":"https:\/\/www.miomiorun.com\/de\/","logo":{"@type":"ImageObject","inLanguage":"de-DE","@id":"https:\/\/www.miomiorun.com\/de\/#\/schema\/logo\/image\/","url":"https:\/\/www.miomiorun.com\/app\/uploads\/2019\/12\/logomio.png","contentUrl":"https:\/\/www.miomiorun.com\/app\/uploads\/2019\/12\/logomio.png","width":115,"height":82,"caption":"MioMio Run"},"image":{"@id":"https:\/\/www.miomiorun.com\/de\/#\/schema\/logo\/image\/"},"sameAs":["https:\/\/www.facebook.com\/miomiorun\/","https:\/\/www.instagram.com\/miomiorun\/"]}]}},"_links":{"self":[{"href":"https:\/\/www.miomiorun.com\/de\/wp-json\/wp\/v2\/product\/176554","targetHints":{"allow":["GET"]}}],"collection":[{"href":"https:\/\/www.miomiorun.com\/de\/wp-json\/wp\/v2\/product"}],"about":[{"href":"https:\/\/www.miomiorun.com\/de\/wp-json\/wp\/v2\/types\/product"}],"wp:featuredmedia":[{"embeddable":true,"href":"https:\/\/www.miomiorun.com\/de\/wp-json\/wp\/v2\/media\/59114"}],"wp:attachment":[{"href":"https:\/\/www.miomiorun.com\/de\/wp-json\/wp\/v2\/media?parent=176554"}],"wp:term":[{"taxonomy":"product_brand","embeddable":true,"href":"https:\/\/www.miomiorun.com\/de\/wp-json\/wp\/v2\/product_brand?post=176554"},{"taxonomy":"product_cat","embeddable":true,"href":"https:\/\/www.miomiorun.com\/de\/wp-json\/wp\/v2\/product_cat?post=176554"},{"taxonomy":"product_tag","embeddable":true,"href":"https:\/\/www.miomiorun.com\/de\/wp-json\/wp\/v2\/product_tag?post=176554"}],"curies":[{"name":"wp","href":"https:\/\/api.w.org\/{rel}","templated":true}]}}