{"id":176552,"date":"2021-10-16T11:03:19","date_gmt":"2021-10-16T09:03:19","guid":{"rendered":"https:\/\/miomiorun.com\/prodotto\/falke-impulse-air-donna\/"},"modified":"2024-07-02T14:14:31","modified_gmt":"2024-07-02T12:14:31","slug":"impulse-air-damen","status":"publish","type":"product","link":"https:\/\/www.miomiorun.com\/de\/produkt\/impulse-air-damen\/","title":{"rendered":"Impulse Air damen"},"content":{"rendered":"<p><div class=\"vc-row container\"><div class=\"vc-column\"><div class=\"vc-column-text\"><\/p>\n<div class=\"product-section product-detailed-page__section product-detailed-page__section--details\">\n<div>\n<div>\n<div class=\"product-section__content\">\n<div class=\"product-features\">Dank des offenen Gestricks an der Sohle und der Bel\u00fcftung im Zehen- und Vorfu\u00dfbereich garantiert die Impulse Air-Socke trockene F\u00fc\u00dfe. Ausgezeichneter W\u00e4rme- und Feuchtigkeitstransport. Dar\u00fcber hinaus sorgt die ultraleichte D\u00e4mpfung der Socke f\u00fcr eine verbesserte Balance und Dynamik sowie eine direkte Energie\u00fcbertragung, indem sie die Eminenzrezeptoren der Fu\u00dfsohle und der Zehen stimuliert. Effizienter Feuchtigkeitstransport und eine perfekte Passform garantieren ein gesundes Laufgef\u00fchl.<\/div>\n<div class=\"product-features\">\n<strong>Eigenschaften:<\/strong><\/div>\n<div><\/div>\n<div class=\"product-features\">Verbesserte Bel\u00fcftung im Vorfu\u00df- und Zehenbereich f\u00fcr trockene F\u00fc\u00dfe<br \/>\nVerbesserte Balance und Dynamik dank der Eminenzrezeptoren an der Sohle und den Zehen<br \/>\nDank des Mesh-Gestricks an der Sohle werden Schwei\u00df und W\u00e4rme optimal nach au\u00dfen transportiert<br \/>\nPerfekte Passform dank beidseitiger Polsterung und Zehenformung<br \/>\nUltraleichte Polsterung f\u00fcr sofortige Energie\u00fcbertragung<\/p>\n<div class=\"product-section product-detailed-page__section product-detailed-page__section--description\">\n<div>\n<div>\n<div class=\"product-section__content\"><\/div>\n<\/div>\n<\/div>\n<\/div>\n<\/div>\n<\/div>\n<\/div>\n<\/div>\n<\/div>\n<p><\/div><\/div><\/div><div class=\"vc-row container\"><div class=\"vc-column\"><div class=\"vc-column-text\"><\/p>\n<div class=\"product-functional-symbols__image-container\"><img decoding=\"async\" class=\"product-functional-symbols__image aligncenter\" src=\"https:\/\/www.falke.com\/it_it\/9dd393d722265eb755772abd698b837041098075\/assets\/base\/staticImages\/functionalsymbols\/icon_feuchtigkeitsregulierend.svg\" \/><\/div>\n<div class=\"product-functional-symbols__name\" style=\"text-align: center;\">Regola l&#8217;umidit\u00e0<\/div>\n<p><\/div><\/div><div class=\"vc-column\"><div class=\"vc-column-text\"><\/p>\n<p>&nbsp;<\/p>\n<p><img decoding=\"async\" class=\"product-functional-symbols__image aligncenter\" src=\"https:\/\/www.falke.com\/it_it\/c5c163f4c436a6d5cac26cfd6ed02ad465473f2a\/assets\/base\/staticImages\/functionalsymbols\/icon_cooling-effect.svg\" \/><\/p>\n<p style=\"text-align: center;\">Erfrischende Wirkung<\/p>\n<p>&nbsp;<\/p>\n<p><\/div><\/div><div class=\"vc-column\"><div class=\"vc-column-text\"><\/p>\n<p>&nbsp;<\/p>\n<p><img decoding=\"async\" class=\"product-functional-symbols__image aligncenter\" src=\"https:\/\/www.falke.com\/it_it\/c5c163f4c436a6d5cac26cfd6ed02ad465473f2a\/assets\/base\/staticImages\/functionalsymbols\/icon_direkter-schuhkontakt.svg\" \/><\/p>\n<p style=\"text-align: center;\">Direkter Kontakt zum Schuh<\/p>\n<p>&nbsp;<\/p>\n<p><\/div><\/div><div class=\"vc-column\"><div class=\"vc-column-text\"><\/p>\n<p>&nbsp;<\/p>\n<p><img decoding=\"async\" class=\"product-functional-symbols__image aligncenter\" src=\"https:\/\/www.falke.com\/it_it\/c5c163f4c436a6d5cac26cfd6ed02ad465473f2a\/assets\/base\/staticImages\/functionalsymbols\/icon_schnellste_ruecktrocknung.svg\" \/><\/p>\n<p style=\"text-align: center;\">Schnell trocknend<\/p>\n<p>&nbsp;<\/p>\n<p><\/div><\/div><\/div><div class=\"vc-row container\"><div class=\"vc-column\"><div class=\"vc-column-text\"><\/p>\n<p>&nbsp;<\/p>\n<p>Material : 56% Lyocell, 24% Polyester, 19% Polyamid, 1% Elasthan .<\/p>\n<p>Beinl\u00e4nge : Unterhalb des Kn\u00f6chels .<\/p>\n<p>Polsterung : Ultraleicht .<\/p>\n<p>Passform : Anatomisch .<\/p>\n<p>Sohle : W\u00e4rmeregulierend .<\/p>\n<p>Aussehen : Sportlich .<\/p>\n<p><\/div><\/div><\/div><\/p>\n","protected":false},"excerpt":{"rendered":"","protected":false},"featured_media":59130,"template":"","meta":{"_acf_changed":false,"inline_featured_image":false},"product_brand":[],"product_cat":[6401,6402],"product_tag":[6245,6246],"class_list":{"0":"post-176552","1":"product","2":"type-product","3":"status-publish","4":"has-post-thumbnail","6":"product_cat-damenbekleidung","7":"product_cat-damensocken-de","8":"product_tag-falke-de","9":"product_tag-falke-damen-de","10":"pa_attivita-fitness-de","11":"pa_attivita-gehen","12":"pa_attivita-lifestyle-de","13":"pa_attivita-running-de","14":"pa_colore-impulse-air-w-black-de","15":"pa_colore-impulse-air-w-early-bird-de","16":"pa_marca-falke-de","17":"pa_sesso-damen","18":"pa_size-37-38-de","19":"pa_size-39-40-de","20":"pa_size-41-42-de","22":"first","23":"instock","24":"sale","25":"taxable","26":"shipping-taxable","27":"purchasable","28":"product-type-variable","29":"wvs-archive-product-wrapper"},"acf":[],"yoast_head":"<!-- This site is optimized with the Yoast SEO plugin v26.8 - https:\/\/yoast.com\/product\/yoast-seo-wordpress\/ -->\n<title>Falke Impulse Air damen - Laufsocken - MioMioRun.com<\/title>\n<meta name=\"description\" content=\"Die Impulse Air-Socke garantiert trockene F\u00fc\u00dfe, einen hervorragenden W\u00e4rme- und Feuchtigkeitstransport und eine Stimulation der Fu\u00dfrezeptoren.\" \/>\n<meta name=\"robots\" content=\"index, follow, max-snippet:-1, max-image-preview:large, max-video-preview:-1\" \/>\n<link rel=\"canonical\" href=\"https:\/\/www.miomiorun.com\/de\/produkt\/impulse-air-damen\/\" \/>\n<meta property=\"og:locale\" content=\"de_DE\" \/>\n<meta property=\"og:type\" content=\"article\" \/>\n<meta property=\"og:title\" content=\"Falke Impulse Air damen - Laufsocken - MioMioRun.com\" \/>\n<meta property=\"og:description\" content=\"Die Impulse Air-Socke garantiert trockene F\u00fc\u00dfe, einen hervorragenden W\u00e4rme- und Feuchtigkeitstransport und eine Stimulation der Fu\u00dfrezeptoren.\" \/>\n<meta property=\"og:url\" content=\"https:\/\/www.miomiorun.com\/de\/produkt\/impulse-air-damen\/\" \/>\n<meta property=\"og:site_name\" content=\"MioMioRun\" \/>\n<meta property=\"article:publisher\" content=\"https:\/\/www.facebook.com\/miomiorun\/\" \/>\n<meta property=\"article:modified_time\" content=\"2024-07-02T12:14:31+00:00\" \/>\n<meta property=\"og:image\" content=\"https:\/\/www.miomiorun.com\/app\/uploads\/2021\/10\/falke-impulse-air-16069-3000.jpg\" \/>\n\t<meta property=\"og:image:width\" content=\"600\" \/>\n\t<meta property=\"og:image:height\" content=\"600\" \/>\n\t<meta property=\"og:image:type\" content=\"image\/jpeg\" \/>\n<meta name=\"twitter:card\" content=\"summary_large_image\" \/>\n<meta name=\"twitter:label1\" content=\"Est. reading time\" \/>\n\t<meta name=\"twitter:data1\" content=\"1 minute\" \/>\n<script type=\"application\/ld+json\" class=\"yoast-schema-graph\">{\"@context\":\"https:\/\/schema.org\",\"@graph\":[{\"@type\":\"WebPage\",\"@id\":\"https:\/\/www.miomiorun.com\/de\/produkt\/impulse-air-damen\/\",\"url\":\"https:\/\/www.miomiorun.com\/de\/produkt\/impulse-air-damen\/\",\"name\":\"Falke Impulse Air damen - Laufsocken - MioMioRun.com\",\"isPartOf\":{\"@id\":\"https:\/\/www.miomiorun.com\/de\/#website\"},\"primaryImageOfPage\":{\"@id\":\"https:\/\/www.miomiorun.com\/de\/produkt\/impulse-air-damen\/#primaryimage\"},\"image\":{\"@id\":\"https:\/\/www.miomiorun.com\/de\/produkt\/impulse-air-damen\/#primaryimage\"},\"thumbnailUrl\":\"https:\/\/www.miomiorun.com\/app\/uploads\/2021\/10\/falke-impulse-air-16069-3000.jpg\",\"datePublished\":\"2021-10-16T09:03:19+00:00\",\"dateModified\":\"2024-07-02T12:14:31+00:00\",\"description\":\"Die Impulse Air-Socke garantiert trockene F\u00fc\u00dfe, einen hervorragenden W\u00e4rme- und Feuchtigkeitstransport und eine Stimulation der Fu\u00dfrezeptoren.\",\"breadcrumb\":{\"@id\":\"https:\/\/www.miomiorun.com\/de\/produkt\/impulse-air-damen\/#breadcrumb\"},\"inLanguage\":\"de-DE\",\"potentialAction\":[{\"@type\":\"ReadAction\",\"target\":[\"https:\/\/www.miomiorun.com\/de\/produkt\/impulse-air-damen\/\"]}]},{\"@type\":\"ImageObject\",\"inLanguage\":\"de-DE\",\"@id\":\"https:\/\/www.miomiorun.com\/de\/produkt\/impulse-air-damen\/#primaryimage\",\"url\":\"https:\/\/www.miomiorun.com\/app\/uploads\/2021\/10\/falke-impulse-air-16069-3000.jpg\",\"contentUrl\":\"https:\/\/www.miomiorun.com\/app\/uploads\/2021\/10\/falke-impulse-air-16069-3000.jpg\",\"width\":600,\"height\":600,\"caption\":\"falke impulsie air\"},{\"@type\":\"BreadcrumbList\",\"@id\":\"https:\/\/www.miomiorun.com\/de\/produkt\/impulse-air-damen\/#breadcrumb\",\"itemListElement\":[{\"@type\":\"ListItem\",\"position\":1,\"name\":\"Home\",\"item\":\"https:\/\/www.miomiorun.com\/de\/\"},{\"@type\":\"ListItem\",\"position\":2,\"name\":\"Shop\",\"item\":\"https:\/\/www.miomiorun.com\/shop\/\"},{\"@type\":\"ListItem\",\"position\":3,\"name\":\"Impulse Air damen\"}]},{\"@type\":\"WebSite\",\"@id\":\"https:\/\/www.miomiorun.com\/de\/#website\",\"url\":\"https:\/\/www.miomiorun.com\/de\/\",\"name\":\"MioMioRun\",\"description\":\"100% Lauf- und Trailshop\",\"publisher\":{\"@id\":\"https:\/\/www.miomiorun.com\/de\/#organization\"},\"potentialAction\":[{\"@type\":\"SearchAction\",\"target\":{\"@type\":\"EntryPoint\",\"urlTemplate\":\"https:\/\/www.miomiorun.com\/de\/?s={search_term_string}\"},\"query-input\":{\"@type\":\"PropertyValueSpecification\",\"valueRequired\":true,\"valueName\":\"search_term_string\"}}],\"inLanguage\":\"de-DE\"},{\"@type\":\"Organization\",\"@id\":\"https:\/\/www.miomiorun.com\/de\/#organization\",\"name\":\"MioMio Run\",\"url\":\"https:\/\/www.miomiorun.com\/de\/\",\"logo\":{\"@type\":\"ImageObject\",\"inLanguage\":\"de-DE\",\"@id\":\"https:\/\/www.miomiorun.com\/de\/#\/schema\/logo\/image\/\",\"url\":\"https:\/\/www.miomiorun.com\/app\/uploads\/2019\/12\/logomio.png\",\"contentUrl\":\"https:\/\/www.miomiorun.com\/app\/uploads\/2019\/12\/logomio.png\",\"width\":115,\"height\":82,\"caption\":\"MioMio Run\"},\"image\":{\"@id\":\"https:\/\/www.miomiorun.com\/de\/#\/schema\/logo\/image\/\"},\"sameAs\":[\"https:\/\/www.facebook.com\/miomiorun\/\",\"https:\/\/www.instagram.com\/miomiorun\/\"]}]}<\/script>\n<!-- \/ Yoast SEO plugin. -->","yoast_head_json":{"title":"Falke Impulse Air damen - Laufsocken - MioMioRun.com","description":"Die Impulse Air-Socke garantiert trockene F\u00fc\u00dfe, einen hervorragenden W\u00e4rme- und Feuchtigkeitstransport und eine Stimulation der Fu\u00dfrezeptoren.","robots":{"index":"index","follow":"follow","max-snippet":"max-snippet:-1","max-image-preview":"max-image-preview:large","max-video-preview":"max-video-preview:-1"},"canonical":"https:\/\/www.miomiorun.com\/de\/produkt\/impulse-air-damen\/","og_locale":"de_DE","og_type":"article","og_title":"Falke Impulse Air damen - Laufsocken - MioMioRun.com","og_description":"Die Impulse Air-Socke garantiert trockene F\u00fc\u00dfe, einen hervorragenden W\u00e4rme- und Feuchtigkeitstransport und eine Stimulation der Fu\u00dfrezeptoren.","og_url":"https:\/\/www.miomiorun.com\/de\/produkt\/impulse-air-damen\/","og_site_name":"MioMioRun","article_publisher":"https:\/\/www.facebook.com\/miomiorun\/","article_modified_time":"2024-07-02T12:14:31+00:00","og_image":[{"width":600,"height":600,"url":"https:\/\/www.miomiorun.com\/app\/uploads\/2021\/10\/falke-impulse-air-16069-3000.jpg","type":"image\/jpeg"}],"twitter_card":"summary_large_image","twitter_misc":{"Est. reading time":"1 minute"},"schema":{"@context":"https:\/\/schema.org","@graph":[{"@type":"WebPage","@id":"https:\/\/www.miomiorun.com\/de\/produkt\/impulse-air-damen\/","url":"https:\/\/www.miomiorun.com\/de\/produkt\/impulse-air-damen\/","name":"Falke Impulse Air damen - Laufsocken - MioMioRun.com","isPartOf":{"@id":"https:\/\/www.miomiorun.com\/de\/#website"},"primaryImageOfPage":{"@id":"https:\/\/www.miomiorun.com\/de\/produkt\/impulse-air-damen\/#primaryimage"},"image":{"@id":"https:\/\/www.miomiorun.com\/de\/produkt\/impulse-air-damen\/#primaryimage"},"thumbnailUrl":"https:\/\/www.miomiorun.com\/app\/uploads\/2021\/10\/falke-impulse-air-16069-3000.jpg","datePublished":"2021-10-16T09:03:19+00:00","dateModified":"2024-07-02T12:14:31+00:00","description":"Die Impulse Air-Socke garantiert trockene F\u00fc\u00dfe, einen hervorragenden W\u00e4rme- und Feuchtigkeitstransport und eine Stimulation der Fu\u00dfrezeptoren.","breadcrumb":{"@id":"https:\/\/www.miomiorun.com\/de\/produkt\/impulse-air-damen\/#breadcrumb"},"inLanguage":"de-DE","potentialAction":[{"@type":"ReadAction","target":["https:\/\/www.miomiorun.com\/de\/produkt\/impulse-air-damen\/"]}]},{"@type":"ImageObject","inLanguage":"de-DE","@id":"https:\/\/www.miomiorun.com\/de\/produkt\/impulse-air-damen\/#primaryimage","url":"https:\/\/www.miomiorun.com\/app\/uploads\/2021\/10\/falke-impulse-air-16069-3000.jpg","contentUrl":"https:\/\/www.miomiorun.com\/app\/uploads\/2021\/10\/falke-impulse-air-16069-3000.jpg","width":600,"height":600,"caption":"falke impulsie air"},{"@type":"BreadcrumbList","@id":"https:\/\/www.miomiorun.com\/de\/produkt\/impulse-air-damen\/#breadcrumb","itemListElement":[{"@type":"ListItem","position":1,"name":"Home","item":"https:\/\/www.miomiorun.com\/de\/"},{"@type":"ListItem","position":2,"name":"Shop","item":"https:\/\/www.miomiorun.com\/shop\/"},{"@type":"ListItem","position":3,"name":"Impulse Air damen"}]},{"@type":"WebSite","@id":"https:\/\/www.miomiorun.com\/de\/#website","url":"https:\/\/www.miomiorun.com\/de\/","name":"MioMioRun","description":"100% Lauf- und Trailshop","publisher":{"@id":"https:\/\/www.miomiorun.com\/de\/#organization"},"potentialAction":[{"@type":"SearchAction","target":{"@type":"EntryPoint","urlTemplate":"https:\/\/www.miomiorun.com\/de\/?s={search_term_string}"},"query-input":{"@type":"PropertyValueSpecification","valueRequired":true,"valueName":"search_term_string"}}],"inLanguage":"de-DE"},{"@type":"Organization","@id":"https:\/\/www.miomiorun.com\/de\/#organization","name":"MioMio Run","url":"https:\/\/www.miomiorun.com\/de\/","logo":{"@type":"ImageObject","inLanguage":"de-DE","@id":"https:\/\/www.miomiorun.com\/de\/#\/schema\/logo\/image\/","url":"https:\/\/www.miomiorun.com\/app\/uploads\/2019\/12\/logomio.png","contentUrl":"https:\/\/www.miomiorun.com\/app\/uploads\/2019\/12\/logomio.png","width":115,"height":82,"caption":"MioMio Run"},"image":{"@id":"https:\/\/www.miomiorun.com\/de\/#\/schema\/logo\/image\/"},"sameAs":["https:\/\/www.facebook.com\/miomiorun\/","https:\/\/www.instagram.com\/miomiorun\/"]}]}},"_links":{"self":[{"href":"https:\/\/www.miomiorun.com\/de\/wp-json\/wp\/v2\/product\/176552","targetHints":{"allow":["GET"]}}],"collection":[{"href":"https:\/\/www.miomiorun.com\/de\/wp-json\/wp\/v2\/product"}],"about":[{"href":"https:\/\/www.miomiorun.com\/de\/wp-json\/wp\/v2\/types\/product"}],"wp:featuredmedia":[{"embeddable":true,"href":"https:\/\/www.miomiorun.com\/de\/wp-json\/wp\/v2\/media\/59130"}],"wp:attachment":[{"href":"https:\/\/www.miomiorun.com\/de\/wp-json\/wp\/v2\/media?parent=176552"}],"wp:term":[{"taxonomy":"product_brand","embeddable":true,"href":"https:\/\/www.miomiorun.com\/de\/wp-json\/wp\/v2\/product_brand?post=176552"},{"taxonomy":"product_cat","embeddable":true,"href":"https:\/\/www.miomiorun.com\/de\/wp-json\/wp\/v2\/product_cat?post=176552"},{"taxonomy":"product_tag","embeddable":true,"href":"https:\/\/www.miomiorun.com\/de\/wp-json\/wp\/v2\/product_tag?post=176552"}],"curies":[{"name":"wp","href":"https:\/\/api.w.org\/{rel}","templated":true}]}}