{"id":176548,"date":"2022-03-16T11:45:05","date_gmt":"2022-03-16T10:45:05","guid":{"rendered":"https:\/\/miomiorun.com\/prodotto\/cep-hiking-80s-mid-cut-donna\/"},"modified":"2024-07-02T14:48:53","modified_gmt":"2024-07-02T12:48:53","slug":"hiking-80s-mid-cut-damen","status":"publish","type":"product","link":"https:\/\/www.miomiorun.com\/de\/produkt\/hiking-80s-mid-cut-damen\/","title":{"rendered":"Hiking 80&#8217;s Mid Cut damen"},"content":{"rendered":"<p>Die 80er Jahre m\u00f6gen zeitlos sein, aber Ihre alten Wandersocken sind es sicher nicht!<\/p>\n<p><strong>Hier sind die fantastischen Women&#8217;s Hiking 80&#8217;s Mid Cut!!!<\/strong><\/p>\n<p>Mit diesen Wandersocken aus den 80er Jahren k\u00f6nnen Sie unbeschwert und sicher wandern. Anatomisch gestrickt und mit einer innovativen Mischung aus atmungsaktiven Materialien konzipiert, sind diese Socken blasenfrei und garantieren einen unvergleichlichen Komfort. F\u00fchlen Sie sich bei jedem Schritt sicherer, dank der tiefen sensorischen Stimulation durch die mittlere Kompression. Erleben Sie den CEP-Unterschied bei Ihrer n\u00e4chsten Wanderung.<\/p>\n<h3><strong>Eigenschaften:<\/strong><\/h3>\n<ul>\n<li>20% leichter als herk\u00f6mmliche Merino-Wandersocken.<\/li>\n<li>Gehen Sie mit Vertrauen mit gezielter Kompression, die eine sch\u00fctzende Schale um den Kn\u00f6chel f\u00fcr zus\u00e4tzliche Stabilit\u00e4t bildet.<\/li>\n<li>Asymmetrische, nahtlose Zehenbox f\u00fcr eine perfekte, blasenfreie Passform.<\/li>\n<li>Strategisch platzierte Polsterung an den Kn\u00f6chelknochen und dem ersten Mittelfu\u00dfkopf sorgt f\u00fcr lang anhaltende D\u00e4mpfung und maximalen Komfort.<\/li>\n<li>Die Mischung aus synthetischen Fasern, Merinowolle und pr\u00e4ziser Kompression bietet Komfort, Haltbarkeit und Temperaturregulierung.<\/li>\n<li>Pflegeleichte Eigenschaften: maschinenwaschbar und trocken<\/li>\n<\/ul>\n<p><strong>Kompressionsst\u00e4rke:<\/strong> 18-20 mmHg am Kn\u00f6chel<\/p>\n<p><strong>Material:<\/strong> 71% Polyamid, 16% Wolle (Merino), 13% Elasthan<\/p>\n<p>&nbsp;<\/p>\n","protected":false},"excerpt":{"rendered":"<p>Die 80er Jahre m\u00f6gen zeitlos sein, aber Ihre alten Wandersocken sind es sicher nicht! Hier sind die fantastischen Women&#8217;s Hiking 80&#8217;s Mid Cut!!! Mit diesen Wandersocken aus den 80er Jahren k\u00f6nnen Sie unbeschwert und sicher wandern. Anatomisch gestrickt und mit einer innovativen Mischung aus atmungsaktiven Materialien konzipiert, sind diese Socken blasenfrei und garantieren einen unvergleichlichen &hellip; <a href=\"https:\/\/www.miomiorun.com\/de\/produkt\/hiking-80s-mid-cut-damen\/\">Continued<\/a><\/p>\n","protected":false},"featured_media":64650,"template":"","meta":{"_acf_changed":false,"inline_featured_image":false},"product_brand":[],"product_cat":[6400,6401,6402],"product_tag":[3408,6210],"class_list":{"0":"post-176548","1":"product","2":"type-product","3":"status-publish","4":"has-post-thumbnail","6":"product_cat-damen","7":"product_cat-damenbekleidung","8":"product_cat-damensocken-de","9":"product_tag-cep-de","10":"product_tag-cep-damen-de","11":"pa_attivita-outdoor-de","12":"pa_attivita-trail-de","13":"pa_colore-hiking-80s-mid-cut-w-berry-sand-de","14":"pa_marca-cep-de","15":"pa_sesso-damen","16":"pa_size-34-37-de","17":"pa_size-40-43-de","19":"first","20":"instock","21":"sale","22":"taxable","23":"shipping-taxable","24":"purchasable","25":"product-type-variable","26":"wvs-archive-product-wrapper"},"acf":[],"yoast_head":"<!-- This site is optimized with the Yoast SEO plugin v26.8 - https:\/\/yoast.com\/product\/yoast-seo-wordpress\/ -->\n<title>Hiking 80&#039;s Mid Cut damen - Laufsocke - MioMioRun.com<\/title>\n<meta name=\"description\" content=\"Mit diesen Wandersocken aus den 1980er Jahren k\u00f6nnen Sie unbeschwert und sicher wandern gehen. Anatomisch gestrickt.\" \/>\n<meta name=\"robots\" content=\"index, follow, max-snippet:-1, max-image-preview:large, max-video-preview:-1\" \/>\n<link rel=\"canonical\" href=\"https:\/\/www.miomiorun.com\/de\/produkt\/hiking-80s-mid-cut-damen\/\" \/>\n<meta property=\"og:locale\" content=\"de_DE\" \/>\n<meta property=\"og:type\" content=\"article\" \/>\n<meta property=\"og:title\" content=\"Hiking 80&#039;s Mid Cut damen - Laufsocke - MioMioRun.com\" \/>\n<meta property=\"og:description\" content=\"Mit diesen Wandersocken aus den 1980er Jahren k\u00f6nnen Sie unbeschwert und sicher wandern gehen. Anatomisch gestrickt.\" \/>\n<meta property=\"og:url\" content=\"https:\/\/www.miomiorun.com\/de\/produkt\/hiking-80s-mid-cut-damen\/\" \/>\n<meta property=\"og:site_name\" content=\"MioMioRun\" \/>\n<meta property=\"article:publisher\" content=\"https:\/\/www.facebook.com\/miomiorun\/\" \/>\n<meta property=\"article:modified_time\" content=\"2024-07-02T12:48:53+00:00\" \/>\n<meta property=\"og:image\" content=\"https:\/\/www.miomiorun.com\/app\/uploads\/2022\/03\/cep-hiking-80s-mid-cut-W-berry-sand-WP2CIH.jpg\" \/>\n\t<meta property=\"og:image:width\" content=\"600\" \/>\n\t<meta property=\"og:image:height\" content=\"600\" \/>\n\t<meta property=\"og:image:type\" content=\"image\/jpeg\" \/>\n<meta name=\"twitter:card\" content=\"summary_large_image\" \/>\n<meta name=\"twitter:label1\" content=\"Est. reading time\" \/>\n\t<meta name=\"twitter:data1\" content=\"1 minute\" \/>\n<script type=\"application\/ld+json\" class=\"yoast-schema-graph\">{\"@context\":\"https:\/\/schema.org\",\"@graph\":[{\"@type\":\"WebPage\",\"@id\":\"https:\/\/www.miomiorun.com\/de\/produkt\/hiking-80s-mid-cut-damen\/\",\"url\":\"https:\/\/www.miomiorun.com\/de\/produkt\/hiking-80s-mid-cut-damen\/\",\"name\":\"Hiking 80's Mid Cut damen - Laufsocke - MioMioRun.com\",\"isPartOf\":{\"@id\":\"https:\/\/www.miomiorun.com\/de\/#website\"},\"primaryImageOfPage\":{\"@id\":\"https:\/\/www.miomiorun.com\/de\/produkt\/hiking-80s-mid-cut-damen\/#primaryimage\"},\"image\":{\"@id\":\"https:\/\/www.miomiorun.com\/de\/produkt\/hiking-80s-mid-cut-damen\/#primaryimage\"},\"thumbnailUrl\":\"https:\/\/www.miomiorun.com\/app\/uploads\/2022\/03\/cep-hiking-80s-mid-cut-W-berry-sand-WP2CIH.jpg\",\"datePublished\":\"2022-03-16T10:45:05+00:00\",\"dateModified\":\"2024-07-02T12:48:53+00:00\",\"description\":\"Mit diesen Wandersocken aus den 1980er Jahren k\u00f6nnen Sie unbeschwert und sicher wandern gehen. Anatomisch gestrickt.\",\"breadcrumb\":{\"@id\":\"https:\/\/www.miomiorun.com\/de\/produkt\/hiking-80s-mid-cut-damen\/#breadcrumb\"},\"inLanguage\":\"de-DE\",\"potentialAction\":[{\"@type\":\"ReadAction\",\"target\":[\"https:\/\/www.miomiorun.com\/de\/produkt\/hiking-80s-mid-cut-damen\/\"]}]},{\"@type\":\"ImageObject\",\"inLanguage\":\"de-DE\",\"@id\":\"https:\/\/www.miomiorun.com\/de\/produkt\/hiking-80s-mid-cut-damen\/#primaryimage\",\"url\":\"https:\/\/www.miomiorun.com\/app\/uploads\/2022\/03\/cep-hiking-80s-mid-cut-W-berry-sand-WP2CIH.jpg\",\"contentUrl\":\"https:\/\/www.miomiorun.com\/app\/uploads\/2022\/03\/cep-hiking-80s-mid-cut-W-berry-sand-WP2CIH.jpg\",\"width\":600,\"height\":600,\"caption\":\"cep-hiking-80's-mid-cut-W-berry-sand-WP2CIH\"},{\"@type\":\"BreadcrumbList\",\"@id\":\"https:\/\/www.miomiorun.com\/de\/produkt\/hiking-80s-mid-cut-damen\/#breadcrumb\",\"itemListElement\":[{\"@type\":\"ListItem\",\"position\":1,\"name\":\"Home\",\"item\":\"https:\/\/www.miomiorun.com\/de\/\"},{\"@type\":\"ListItem\",\"position\":2,\"name\":\"Shop\",\"item\":\"https:\/\/www.miomiorun.com\/shop\/\"},{\"@type\":\"ListItem\",\"position\":3,\"name\":\"Hiking 80&#8217;s Mid Cut damen\"}]},{\"@type\":\"WebSite\",\"@id\":\"https:\/\/www.miomiorun.com\/de\/#website\",\"url\":\"https:\/\/www.miomiorun.com\/de\/\",\"name\":\"MioMioRun\",\"description\":\"100% Lauf- und Trailshop\",\"publisher\":{\"@id\":\"https:\/\/www.miomiorun.com\/de\/#organization\"},\"potentialAction\":[{\"@type\":\"SearchAction\",\"target\":{\"@type\":\"EntryPoint\",\"urlTemplate\":\"https:\/\/www.miomiorun.com\/de\/?s={search_term_string}\"},\"query-input\":{\"@type\":\"PropertyValueSpecification\",\"valueRequired\":true,\"valueName\":\"search_term_string\"}}],\"inLanguage\":\"de-DE\"},{\"@type\":\"Organization\",\"@id\":\"https:\/\/www.miomiorun.com\/de\/#organization\",\"name\":\"MioMio Run\",\"url\":\"https:\/\/www.miomiorun.com\/de\/\",\"logo\":{\"@type\":\"ImageObject\",\"inLanguage\":\"de-DE\",\"@id\":\"https:\/\/www.miomiorun.com\/de\/#\/schema\/logo\/image\/\",\"url\":\"https:\/\/www.miomiorun.com\/app\/uploads\/2019\/12\/logomio.png\",\"contentUrl\":\"https:\/\/www.miomiorun.com\/app\/uploads\/2019\/12\/logomio.png\",\"width\":115,\"height\":82,\"caption\":\"MioMio Run\"},\"image\":{\"@id\":\"https:\/\/www.miomiorun.com\/de\/#\/schema\/logo\/image\/\"},\"sameAs\":[\"https:\/\/www.facebook.com\/miomiorun\/\",\"https:\/\/www.instagram.com\/miomiorun\/\"]}]}<\/script>\n<!-- \/ Yoast SEO plugin. -->","yoast_head_json":{"title":"Hiking 80's Mid Cut damen - Laufsocke - MioMioRun.com","description":"Mit diesen Wandersocken aus den 1980er Jahren k\u00f6nnen Sie unbeschwert und sicher wandern gehen. Anatomisch gestrickt.","robots":{"index":"index","follow":"follow","max-snippet":"max-snippet:-1","max-image-preview":"max-image-preview:large","max-video-preview":"max-video-preview:-1"},"canonical":"https:\/\/www.miomiorun.com\/de\/produkt\/hiking-80s-mid-cut-damen\/","og_locale":"de_DE","og_type":"article","og_title":"Hiking 80's Mid Cut damen - Laufsocke - MioMioRun.com","og_description":"Mit diesen Wandersocken aus den 1980er Jahren k\u00f6nnen Sie unbeschwert und sicher wandern gehen. Anatomisch gestrickt.","og_url":"https:\/\/www.miomiorun.com\/de\/produkt\/hiking-80s-mid-cut-damen\/","og_site_name":"MioMioRun","article_publisher":"https:\/\/www.facebook.com\/miomiorun\/","article_modified_time":"2024-07-02T12:48:53+00:00","og_image":[{"width":600,"height":600,"url":"https:\/\/www.miomiorun.com\/app\/uploads\/2022\/03\/cep-hiking-80s-mid-cut-W-berry-sand-WP2CIH.jpg","type":"image\/jpeg"}],"twitter_card":"summary_large_image","twitter_misc":{"Est. reading time":"1 minute"},"schema":{"@context":"https:\/\/schema.org","@graph":[{"@type":"WebPage","@id":"https:\/\/www.miomiorun.com\/de\/produkt\/hiking-80s-mid-cut-damen\/","url":"https:\/\/www.miomiorun.com\/de\/produkt\/hiking-80s-mid-cut-damen\/","name":"Hiking 80's Mid Cut damen - Laufsocke - MioMioRun.com","isPartOf":{"@id":"https:\/\/www.miomiorun.com\/de\/#website"},"primaryImageOfPage":{"@id":"https:\/\/www.miomiorun.com\/de\/produkt\/hiking-80s-mid-cut-damen\/#primaryimage"},"image":{"@id":"https:\/\/www.miomiorun.com\/de\/produkt\/hiking-80s-mid-cut-damen\/#primaryimage"},"thumbnailUrl":"https:\/\/www.miomiorun.com\/app\/uploads\/2022\/03\/cep-hiking-80s-mid-cut-W-berry-sand-WP2CIH.jpg","datePublished":"2022-03-16T10:45:05+00:00","dateModified":"2024-07-02T12:48:53+00:00","description":"Mit diesen Wandersocken aus den 1980er Jahren k\u00f6nnen Sie unbeschwert und sicher wandern gehen. Anatomisch gestrickt.","breadcrumb":{"@id":"https:\/\/www.miomiorun.com\/de\/produkt\/hiking-80s-mid-cut-damen\/#breadcrumb"},"inLanguage":"de-DE","potentialAction":[{"@type":"ReadAction","target":["https:\/\/www.miomiorun.com\/de\/produkt\/hiking-80s-mid-cut-damen\/"]}]},{"@type":"ImageObject","inLanguage":"de-DE","@id":"https:\/\/www.miomiorun.com\/de\/produkt\/hiking-80s-mid-cut-damen\/#primaryimage","url":"https:\/\/www.miomiorun.com\/app\/uploads\/2022\/03\/cep-hiking-80s-mid-cut-W-berry-sand-WP2CIH.jpg","contentUrl":"https:\/\/www.miomiorun.com\/app\/uploads\/2022\/03\/cep-hiking-80s-mid-cut-W-berry-sand-WP2CIH.jpg","width":600,"height":600,"caption":"cep-hiking-80's-mid-cut-W-berry-sand-WP2CIH"},{"@type":"BreadcrumbList","@id":"https:\/\/www.miomiorun.com\/de\/produkt\/hiking-80s-mid-cut-damen\/#breadcrumb","itemListElement":[{"@type":"ListItem","position":1,"name":"Home","item":"https:\/\/www.miomiorun.com\/de\/"},{"@type":"ListItem","position":2,"name":"Shop","item":"https:\/\/www.miomiorun.com\/shop\/"},{"@type":"ListItem","position":3,"name":"Hiking 80&#8217;s Mid Cut damen"}]},{"@type":"WebSite","@id":"https:\/\/www.miomiorun.com\/de\/#website","url":"https:\/\/www.miomiorun.com\/de\/","name":"MioMioRun","description":"100% Lauf- und Trailshop","publisher":{"@id":"https:\/\/www.miomiorun.com\/de\/#organization"},"potentialAction":[{"@type":"SearchAction","target":{"@type":"EntryPoint","urlTemplate":"https:\/\/www.miomiorun.com\/de\/?s={search_term_string}"},"query-input":{"@type":"PropertyValueSpecification","valueRequired":true,"valueName":"search_term_string"}}],"inLanguage":"de-DE"},{"@type":"Organization","@id":"https:\/\/www.miomiorun.com\/de\/#organization","name":"MioMio Run","url":"https:\/\/www.miomiorun.com\/de\/","logo":{"@type":"ImageObject","inLanguage":"de-DE","@id":"https:\/\/www.miomiorun.com\/de\/#\/schema\/logo\/image\/","url":"https:\/\/www.miomiorun.com\/app\/uploads\/2019\/12\/logomio.png","contentUrl":"https:\/\/www.miomiorun.com\/app\/uploads\/2019\/12\/logomio.png","width":115,"height":82,"caption":"MioMio Run"},"image":{"@id":"https:\/\/www.miomiorun.com\/de\/#\/schema\/logo\/image\/"},"sameAs":["https:\/\/www.facebook.com\/miomiorun\/","https:\/\/www.instagram.com\/miomiorun\/"]}]}},"_links":{"self":[{"href":"https:\/\/www.miomiorun.com\/de\/wp-json\/wp\/v2\/product\/176548","targetHints":{"allow":["GET"]}}],"collection":[{"href":"https:\/\/www.miomiorun.com\/de\/wp-json\/wp\/v2\/product"}],"about":[{"href":"https:\/\/www.miomiorun.com\/de\/wp-json\/wp\/v2\/types\/product"}],"wp:featuredmedia":[{"embeddable":true,"href":"https:\/\/www.miomiorun.com\/de\/wp-json\/wp\/v2\/media\/64650"}],"wp:attachment":[{"href":"https:\/\/www.miomiorun.com\/de\/wp-json\/wp\/v2\/media?parent=176548"}],"wp:term":[{"taxonomy":"product_brand","embeddable":true,"href":"https:\/\/www.miomiorun.com\/de\/wp-json\/wp\/v2\/product_brand?post=176548"},{"taxonomy":"product_cat","embeddable":true,"href":"https:\/\/www.miomiorun.com\/de\/wp-json\/wp\/v2\/product_cat?post=176548"},{"taxonomy":"product_tag","embeddable":true,"href":"https:\/\/www.miomiorun.com\/de\/wp-json\/wp\/v2\/product_tag?post=176548"}],"curies":[{"name":"wp","href":"https:\/\/api.w.org\/{rel}","templated":true}]}}