{"id":176540,"date":"2022-04-05T10:58:37","date_gmt":"2022-04-05T08:58:37","guid":{"rendered":"https:\/\/miomiorun.com\/prodotto\/cep-low-cut-socks-4-0-donna\/"},"modified":"2024-07-02T14:27:35","modified_gmt":"2024-07-02T12:27:35","slug":"low-cut-socks-4-0-damen","status":"publish","type":"product","link":"https:\/\/www.miomiorun.com\/de\/produkt\/low-cut-socks-4-0-damen\/","title":{"rendered":"Low cut socks 4.0 damen"},"content":{"rendered":"<p>Die CEP Compression Low Cut 4.0 Damensocken mit ihrer bew\u00e4hrten Materialmischung sind die perfekte Wahl f\u00fcr jede Jahreszeit, Aktivit\u00e4t und jeden Schuhtyp! Dank der innovativen Smart-Technologie passt sich das Gewebe allen Bedingungen an und sorgt f\u00fcr einen bequemen und trockenen Fu\u00df, w\u00e4hrend das Kompressionsmedium die Propriozeption durch Stimulierung der Hautrezeptoren unterst\u00fctzt und dem Fu\u00dfgew\u00f6lbe zus\u00e4tzlichen Halt verleiht. Erleben Sie den CEP-Unterschied noch heute!<\/p>\n<p><strong>Eigenschaften:<\/strong><\/p>\n<ul>\n<li>Atmungsaktives Material h\u00e4lt die F\u00fc\u00dfe k\u00fchl.<\/li>\n<li>Tiefe sensorische Stimulation der Gelenke f\u00fcr mehr Stabilit\u00e4t, weniger Verletzungen und Schmerzlinderung.<\/li>\n<li>Innovative Luftkan\u00e4le im Fu\u00dfbett und Bel\u00fcftungszonen in der Zehenbox f\u00fcr optimale Atmungsaktivit\u00e4t und maximalen Komfort.<\/li>\n<li>Behandelt mit Silber, um unangenehme Ger\u00fcche zu reduzieren und Bakterien zu eliminieren.<\/li>\n<li>Garantiert blasenfrei.<\/li>\n<li>Sto\u00dfd\u00e4mpfung dank anatomisch geformter, perfekt am Fu\u00df positionierter Polsterung.<\/li>\n<\/ul>\n<p>&nbsp;<\/p>\n<p><strong>Kompressionsgrad des Fu\u00dfgew\u00f6lbes:<\/strong> 15 mmHg.<\/p>\n<p><strong>Material:<\/strong> 88% Polyamid, 12% Elasthan.<\/p>\n<p>&nbsp;<\/p>\n","protected":false},"excerpt":{"rendered":"<p>Die CEP Compression Low Cut 4.0 Damensocken mit ihrer bew\u00e4hrten Materialmischung sind die perfekte Wahl f\u00fcr jede Jahreszeit, Aktivit\u00e4t und jeden Schuhtyp! Dank der innovativen Smart-Technologie passt sich das Gewebe allen Bedingungen an und sorgt f\u00fcr einen bequemen und trockenen Fu\u00df, w\u00e4hrend das Kompressionsmedium die Propriozeption durch Stimulierung der Hautrezeptoren unterst\u00fctzt und dem Fu\u00dfgew\u00f6lbe zus\u00e4tzlichen &hellip; <a href=\"https:\/\/www.miomiorun.com\/de\/produkt\/low-cut-socks-4-0-damen\/\">Continued<\/a><\/p>\n","protected":false},"featured_media":67168,"template":"","meta":{"_acf_changed":false,"inline_featured_image":false},"product_brand":[],"product_cat":[6400,6401,6402],"product_tag":[3408,6210],"class_list":{"0":"post-176540","1":"product","2":"type-product","3":"status-publish","4":"has-post-thumbnail","6":"product_cat-damen","7":"product_cat-damenbekleidung","8":"product_cat-damensocken-de","9":"product_tag-cep-de","10":"product_tag-cep-damen-de","11":"pa_attivita-fitness-de","12":"pa_attivita-gehen","13":"pa_attivita-running-de","14":"pa_colore-compr-socks-low-cut-light-blue-w-de","15":"pa_colore-low-cut-socks-v4-w-black-de","16":"pa_colore-low-cut-socks-v4-w-pink-de","17":"pa_marca-cep-de","18":"pa_sesso-damen","19":"pa_size-34-37-de","20":"pa_size-40-43-de","22":"first","23":"instock","24":"sale","25":"taxable","26":"shipping-taxable","27":"purchasable","28":"product-type-variable","29":"wvs-archive-product-wrapper"},"acf":[],"yoast_head":"<!-- This site is optimized with the Yoast SEO plugin v26.8 - https:\/\/yoast.com\/product\/yoast-seo-wordpress\/ -->\n<title>CepLow cut socks 4.0 damen - Socken zum Laufen - MioMioRun.com<\/title>\n<meta name=\"description\" content=\"Die Women&#039;s CEP Compression Low Cut 4.0 Socken sind mit ihrer bew\u00e4hrten Materialmischung die perfekte Wahl f\u00fcr jede Aktivit\u00e4t\" \/>\n<meta name=\"robots\" content=\"index, follow, max-snippet:-1, max-image-preview:large, max-video-preview:-1\" \/>\n<link rel=\"canonical\" href=\"https:\/\/www.miomiorun.com\/de\/produkt\/low-cut-socks-4-0-damen\/\" \/>\n<meta property=\"og:locale\" content=\"de_DE\" \/>\n<meta property=\"og:type\" content=\"article\" \/>\n<meta property=\"og:title\" content=\"CepLow cut socks 4.0 damen - Socken zum Laufen - MioMioRun.com\" \/>\n<meta property=\"og:description\" content=\"Die Women&#039;s CEP Compression Low Cut 4.0 Socken sind mit ihrer bew\u00e4hrten Materialmischung die perfekte Wahl f\u00fcr jede Aktivit\u00e4t\" \/>\n<meta property=\"og:url\" content=\"https:\/\/www.miomiorun.com\/de\/produkt\/low-cut-socks-4-0-damen\/\" \/>\n<meta property=\"og:site_name\" content=\"MioMioRun\" \/>\n<meta property=\"article:publisher\" content=\"https:\/\/www.facebook.com\/miomiorun\/\" \/>\n<meta property=\"article:modified_time\" content=\"2024-07-02T12:27:35+00:00\" \/>\n<meta property=\"og:image\" content=\"https:\/\/www.miomiorun.com\/app\/uploads\/2022\/04\/cep-low-cut-socks-v4-W-pink-WP2A4R.jpg\" \/>\n\t<meta property=\"og:image:width\" content=\"600\" \/>\n\t<meta property=\"og:image:height\" content=\"600\" \/>\n\t<meta property=\"og:image:type\" content=\"image\/jpeg\" \/>\n<meta name=\"twitter:card\" content=\"summary_large_image\" \/>\n<meta name=\"twitter:label1\" content=\"Est. reading time\" \/>\n\t<meta name=\"twitter:data1\" content=\"1 minute\" \/>\n<script type=\"application\/ld+json\" class=\"yoast-schema-graph\">{\"@context\":\"https:\/\/schema.org\",\"@graph\":[{\"@type\":\"WebPage\",\"@id\":\"https:\/\/www.miomiorun.com\/de\/produkt\/low-cut-socks-4-0-damen\/\",\"url\":\"https:\/\/www.miomiorun.com\/de\/produkt\/low-cut-socks-4-0-damen\/\",\"name\":\"CepLow cut socks 4.0 damen - Socken zum Laufen - MioMioRun.com\",\"isPartOf\":{\"@id\":\"https:\/\/www.miomiorun.com\/de\/#website\"},\"primaryImageOfPage\":{\"@id\":\"https:\/\/www.miomiorun.com\/de\/produkt\/low-cut-socks-4-0-damen\/#primaryimage\"},\"image\":{\"@id\":\"https:\/\/www.miomiorun.com\/de\/produkt\/low-cut-socks-4-0-damen\/#primaryimage\"},\"thumbnailUrl\":\"https:\/\/www.miomiorun.com\/app\/uploads\/2022\/04\/cep-low-cut-socks-v4-W-pink-WP2A4R.jpg\",\"datePublished\":\"2022-04-05T08:58:37+00:00\",\"dateModified\":\"2024-07-02T12:27:35+00:00\",\"description\":\"Die Women's CEP Compression Low Cut 4.0 Socken sind mit ihrer bew\u00e4hrten Materialmischung die perfekte Wahl f\u00fcr jede Aktivit\u00e4t\",\"breadcrumb\":{\"@id\":\"https:\/\/www.miomiorun.com\/de\/produkt\/low-cut-socks-4-0-damen\/#breadcrumb\"},\"inLanguage\":\"de-DE\",\"potentialAction\":[{\"@type\":\"ReadAction\",\"target\":[\"https:\/\/www.miomiorun.com\/de\/produkt\/low-cut-socks-4-0-damen\/\"]}]},{\"@type\":\"ImageObject\",\"inLanguage\":\"de-DE\",\"@id\":\"https:\/\/www.miomiorun.com\/de\/produkt\/low-cut-socks-4-0-damen\/#primaryimage\",\"url\":\"https:\/\/www.miomiorun.com\/app\/uploads\/2022\/04\/cep-low-cut-socks-v4-W-pink-WP2A4R.jpg\",\"contentUrl\":\"https:\/\/www.miomiorun.com\/app\/uploads\/2022\/04\/cep-low-cut-socks-v4-W-pink-WP2A4R.jpg\",\"width\":600,\"height\":600,\"caption\":\"cep-low-cut-socks-v4-W-pink-WP2A4R\"},{\"@type\":\"BreadcrumbList\",\"@id\":\"https:\/\/www.miomiorun.com\/de\/produkt\/low-cut-socks-4-0-damen\/#breadcrumb\",\"itemListElement\":[{\"@type\":\"ListItem\",\"position\":1,\"name\":\"Home\",\"item\":\"https:\/\/www.miomiorun.com\/de\/\"},{\"@type\":\"ListItem\",\"position\":2,\"name\":\"Shop\",\"item\":\"https:\/\/www.miomiorun.com\/shop\/\"},{\"@type\":\"ListItem\",\"position\":3,\"name\":\"Low cut socks 4.0 damen\"}]},{\"@type\":\"WebSite\",\"@id\":\"https:\/\/www.miomiorun.com\/de\/#website\",\"url\":\"https:\/\/www.miomiorun.com\/de\/\",\"name\":\"MioMioRun\",\"description\":\"100% Lauf- und Trailshop\",\"publisher\":{\"@id\":\"https:\/\/www.miomiorun.com\/de\/#organization\"},\"potentialAction\":[{\"@type\":\"SearchAction\",\"target\":{\"@type\":\"EntryPoint\",\"urlTemplate\":\"https:\/\/www.miomiorun.com\/de\/?s={search_term_string}\"},\"query-input\":{\"@type\":\"PropertyValueSpecification\",\"valueRequired\":true,\"valueName\":\"search_term_string\"}}],\"inLanguage\":\"de-DE\"},{\"@type\":\"Organization\",\"@id\":\"https:\/\/www.miomiorun.com\/de\/#organization\",\"name\":\"MioMio Run\",\"url\":\"https:\/\/www.miomiorun.com\/de\/\",\"logo\":{\"@type\":\"ImageObject\",\"inLanguage\":\"de-DE\",\"@id\":\"https:\/\/www.miomiorun.com\/de\/#\/schema\/logo\/image\/\",\"url\":\"https:\/\/www.miomiorun.com\/app\/uploads\/2019\/12\/logomio.png\",\"contentUrl\":\"https:\/\/www.miomiorun.com\/app\/uploads\/2019\/12\/logomio.png\",\"width\":115,\"height\":82,\"caption\":\"MioMio Run\"},\"image\":{\"@id\":\"https:\/\/www.miomiorun.com\/de\/#\/schema\/logo\/image\/\"},\"sameAs\":[\"https:\/\/www.facebook.com\/miomiorun\/\",\"https:\/\/www.instagram.com\/miomiorun\/\"]}]}<\/script>\n<!-- \/ Yoast SEO plugin. -->","yoast_head_json":{"title":"CepLow cut socks 4.0 damen - Socken zum Laufen - MioMioRun.com","description":"Die Women's CEP Compression Low Cut 4.0 Socken sind mit ihrer bew\u00e4hrten Materialmischung die perfekte Wahl f\u00fcr jede Aktivit\u00e4t","robots":{"index":"index","follow":"follow","max-snippet":"max-snippet:-1","max-image-preview":"max-image-preview:large","max-video-preview":"max-video-preview:-1"},"canonical":"https:\/\/www.miomiorun.com\/de\/produkt\/low-cut-socks-4-0-damen\/","og_locale":"de_DE","og_type":"article","og_title":"CepLow cut socks 4.0 damen - Socken zum Laufen - MioMioRun.com","og_description":"Die Women's CEP Compression Low Cut 4.0 Socken sind mit ihrer bew\u00e4hrten Materialmischung die perfekte Wahl f\u00fcr jede Aktivit\u00e4t","og_url":"https:\/\/www.miomiorun.com\/de\/produkt\/low-cut-socks-4-0-damen\/","og_site_name":"MioMioRun","article_publisher":"https:\/\/www.facebook.com\/miomiorun\/","article_modified_time":"2024-07-02T12:27:35+00:00","og_image":[{"width":600,"height":600,"url":"https:\/\/www.miomiorun.com\/app\/uploads\/2022\/04\/cep-low-cut-socks-v4-W-pink-WP2A4R.jpg","type":"image\/jpeg"}],"twitter_card":"summary_large_image","twitter_misc":{"Est. reading time":"1 minute"},"schema":{"@context":"https:\/\/schema.org","@graph":[{"@type":"WebPage","@id":"https:\/\/www.miomiorun.com\/de\/produkt\/low-cut-socks-4-0-damen\/","url":"https:\/\/www.miomiorun.com\/de\/produkt\/low-cut-socks-4-0-damen\/","name":"CepLow cut socks 4.0 damen - Socken zum Laufen - MioMioRun.com","isPartOf":{"@id":"https:\/\/www.miomiorun.com\/de\/#website"},"primaryImageOfPage":{"@id":"https:\/\/www.miomiorun.com\/de\/produkt\/low-cut-socks-4-0-damen\/#primaryimage"},"image":{"@id":"https:\/\/www.miomiorun.com\/de\/produkt\/low-cut-socks-4-0-damen\/#primaryimage"},"thumbnailUrl":"https:\/\/www.miomiorun.com\/app\/uploads\/2022\/04\/cep-low-cut-socks-v4-W-pink-WP2A4R.jpg","datePublished":"2022-04-05T08:58:37+00:00","dateModified":"2024-07-02T12:27:35+00:00","description":"Die Women's CEP Compression Low Cut 4.0 Socken sind mit ihrer bew\u00e4hrten Materialmischung die perfekte Wahl f\u00fcr jede Aktivit\u00e4t","breadcrumb":{"@id":"https:\/\/www.miomiorun.com\/de\/produkt\/low-cut-socks-4-0-damen\/#breadcrumb"},"inLanguage":"de-DE","potentialAction":[{"@type":"ReadAction","target":["https:\/\/www.miomiorun.com\/de\/produkt\/low-cut-socks-4-0-damen\/"]}]},{"@type":"ImageObject","inLanguage":"de-DE","@id":"https:\/\/www.miomiorun.com\/de\/produkt\/low-cut-socks-4-0-damen\/#primaryimage","url":"https:\/\/www.miomiorun.com\/app\/uploads\/2022\/04\/cep-low-cut-socks-v4-W-pink-WP2A4R.jpg","contentUrl":"https:\/\/www.miomiorun.com\/app\/uploads\/2022\/04\/cep-low-cut-socks-v4-W-pink-WP2A4R.jpg","width":600,"height":600,"caption":"cep-low-cut-socks-v4-W-pink-WP2A4R"},{"@type":"BreadcrumbList","@id":"https:\/\/www.miomiorun.com\/de\/produkt\/low-cut-socks-4-0-damen\/#breadcrumb","itemListElement":[{"@type":"ListItem","position":1,"name":"Home","item":"https:\/\/www.miomiorun.com\/de\/"},{"@type":"ListItem","position":2,"name":"Shop","item":"https:\/\/www.miomiorun.com\/shop\/"},{"@type":"ListItem","position":3,"name":"Low cut socks 4.0 damen"}]},{"@type":"WebSite","@id":"https:\/\/www.miomiorun.com\/de\/#website","url":"https:\/\/www.miomiorun.com\/de\/","name":"MioMioRun","description":"100% Lauf- und Trailshop","publisher":{"@id":"https:\/\/www.miomiorun.com\/de\/#organization"},"potentialAction":[{"@type":"SearchAction","target":{"@type":"EntryPoint","urlTemplate":"https:\/\/www.miomiorun.com\/de\/?s={search_term_string}"},"query-input":{"@type":"PropertyValueSpecification","valueRequired":true,"valueName":"search_term_string"}}],"inLanguage":"de-DE"},{"@type":"Organization","@id":"https:\/\/www.miomiorun.com\/de\/#organization","name":"MioMio Run","url":"https:\/\/www.miomiorun.com\/de\/","logo":{"@type":"ImageObject","inLanguage":"de-DE","@id":"https:\/\/www.miomiorun.com\/de\/#\/schema\/logo\/image\/","url":"https:\/\/www.miomiorun.com\/app\/uploads\/2019\/12\/logomio.png","contentUrl":"https:\/\/www.miomiorun.com\/app\/uploads\/2019\/12\/logomio.png","width":115,"height":82,"caption":"MioMio Run"},"image":{"@id":"https:\/\/www.miomiorun.com\/de\/#\/schema\/logo\/image\/"},"sameAs":["https:\/\/www.facebook.com\/miomiorun\/","https:\/\/www.instagram.com\/miomiorun\/"]}]}},"_links":{"self":[{"href":"https:\/\/www.miomiorun.com\/de\/wp-json\/wp\/v2\/product\/176540","targetHints":{"allow":["GET"]}}],"collection":[{"href":"https:\/\/www.miomiorun.com\/de\/wp-json\/wp\/v2\/product"}],"about":[{"href":"https:\/\/www.miomiorun.com\/de\/wp-json\/wp\/v2\/types\/product"}],"wp:featuredmedia":[{"embeddable":true,"href":"https:\/\/www.miomiorun.com\/de\/wp-json\/wp\/v2\/media\/67168"}],"wp:attachment":[{"href":"https:\/\/www.miomiorun.com\/de\/wp-json\/wp\/v2\/media?parent=176540"}],"wp:term":[{"taxonomy":"product_brand","embeddable":true,"href":"https:\/\/www.miomiorun.com\/de\/wp-json\/wp\/v2\/product_brand?post=176540"},{"taxonomy":"product_cat","embeddable":true,"href":"https:\/\/www.miomiorun.com\/de\/wp-json\/wp\/v2\/product_cat?post=176540"},{"taxonomy":"product_tag","embeddable":true,"href":"https:\/\/www.miomiorun.com\/de\/wp-json\/wp\/v2\/product_tag?post=176540"}],"curies":[{"name":"wp","href":"https:\/\/api.w.org\/{rel}","templated":true}]}}