{"id":176538,"date":"2022-04-05T11:34:29","date_gmt":"2022-04-05T09:34:29","guid":{"rendered":"https:\/\/miomiorun.com\/prodotto\/cep-run-socks-tall-4-0-donna\/"},"modified":"2026-05-08T21:20:49","modified_gmt":"2026-05-08T19:20:49","slug":"run-socks-tall-4-0-damen","status":"publish","type":"product","link":"https:\/\/www.miomiorun.com\/de\/produkt\/run-socks-tall-4-0-damen\/","title":{"rendered":"Run Socks Tall 4.0 damen"},"content":{"rendered":"<p>Die Women&#8217;s<strong> Run Tall 4.0<\/strong> Compression Socks von CEP bieten alle Vorteile unserer meistverkauften 3.0-Kompressionssocken, jedoch mit noch mehr technologischen Fortschritten, damit Sie noch mehr leisten k\u00f6nnen. Das neu definierte Kompressionsprofil ist pr\u00e4ziser, um die N\u00e4hrstoffversorgung in den F\u00fc\u00dfen und Waden effektiv zu aktivieren und die Beine st\u00e4rker und leichter zu machen. Die Netzstruktur an den Waden, die innovativen Luftkan\u00e4le im Fu\u00dfbett und die Bel\u00fcftungszonen im Zehenbereich bieten zus\u00e4tzliche Atmungsaktivit\u00e4t und maximalen Komfort.<\/p>\n<p><strong>Eigenschaften<\/strong>:<\/p>\n<ul>\n<li>Die Smart Dry Extreme Air-Technologie passt sich dem Wetter an, damit Sie bei Hitze k\u00fchl und trocken und bei K\u00e4lte warm und bequem bleiben.<\/li>\n<li>HEIQ-Klimamanagement k\u00fchlt die Haut<\/li>\n<li>Gezielte Kompression im Fu\u00dfgew\u00f6lbe und im Kn\u00f6chelbereich f\u00fcr einen sicheren Tritt<\/li>\n<li>Die Regeneration beginnt schon w\u00e4hrend der Aktivit\u00e4t dank des beschleunigten Milchs\u00e4ureabbaus<\/li>\n<li>Offene Konstruktion und innovative Luftkan\u00e4le in der Wade und im Fu\u00dfbett verbessern die Bel\u00fcftung f\u00fcr optimale Atmungsaktivit\u00e4t<\/li>\n<li>Linderung von Plantarfasziitis, Schienbein- und Achillessehnenschmerzen<\/li>\n<li>Behandelt mit Silber, um unangenehme Ger\u00fcche zu reduzieren und Bakterien zu eliminieren<\/li>\n<li>Garantiert blasenfrei<\/li>\n<\/ul>\n<p><strong>Kompressionsst\u00e4rke:<\/strong> 16-18 mmHg am Wadenmuskel; 22-24 mmHg am Kn\u00f6chel<\/p>\n<p><strong>Material:<\/strong> 83% Polyamid, 17% Elasthan<\/p>\n","protected":false},"excerpt":{"rendered":"<p>Die Women&#8217;s Run Tall 4.0 Compression Socks von CEP bieten alle Vorteile unserer meistverkauften 3.0-Kompressionssocken, jedoch mit noch mehr technologischen Fortschritten, damit Sie noch mehr leisten k\u00f6nnen. Das neu definierte Kompressionsprofil ist pr\u00e4ziser, um die N\u00e4hrstoffversorgung in den F\u00fc\u00dfen und Waden effektiv zu aktivieren und die Beine st\u00e4rker und leichter zu machen. Die Netzstruktur an &hellip; <a href=\"https:\/\/www.miomiorun.com\/de\/produkt\/run-socks-tall-4-0-damen\/\">Continued<\/a><\/p>\n","protected":false},"featured_media":66879,"template":"","meta":{"_acf_changed":false,"inline_featured_image":false},"product_brand":[],"product_cat":[6400,6401,6402],"product_tag":[3408,6210],"class_list":{"0":"post-176538","1":"product","2":"type-product","3":"status-publish","4":"has-post-thumbnail","6":"product_cat-damen","7":"product_cat-damenbekleidung","8":"product_cat-damensocken-de","9":"product_tag-cep-de","10":"product_tag-cep-damen-de","11":"pa_attivita-running-de","12":"pa_attivita-trail-de","13":"pa_circonferenza-polpaccio-24-31-de","14":"pa_circonferenza-polpaccio-32-38-de","15":"pa_marca-cep-de","16":"pa_sesso-damen","18":"first","19":"instock","20":"sale","21":"taxable","22":"shipping-taxable","23":"purchasable","24":"product-type-variable","25":"wvs-archive-product-wrapper"},"acf":[],"yoast_head":"<!-- This site is optimized with the Yoast SEO plugin v26.8 - https:\/\/yoast.com\/product\/yoast-seo-wordpress\/ -->\n<title>Cep Run Socks Tall 4.0 damen - Laufsocke - MioMioRun<\/title>\n<meta name=\"description\" content=\"Die Run Tall 4.0 Kompressionssocken f\u00fcr Frauen von CEP bieten alle Vorteile unserer Kompressionssocken.\" \/>\n<meta name=\"robots\" content=\"index, follow, max-snippet:-1, max-image-preview:large, max-video-preview:-1\" \/>\n<link rel=\"canonical\" href=\"https:\/\/www.miomiorun.com\/de\/produkt\/run-socks-tall-4-0-damen\/\" \/>\n<meta property=\"og:locale\" content=\"de_DE\" \/>\n<meta property=\"og:type\" content=\"article\" \/>\n<meta property=\"og:title\" content=\"Cep Run Socks Tall 4.0 damen - Laufsocke - MioMioRun\" \/>\n<meta property=\"og:description\" content=\"Die Run Tall 4.0 Kompressionssocken f\u00fcr Frauen von CEP bieten alle Vorteile unserer Kompressionssocken.\" \/>\n<meta property=\"og:url\" content=\"https:\/\/www.miomiorun.com\/de\/produkt\/run-socks-tall-4-0-damen\/\" \/>\n<meta property=\"og:site_name\" content=\"MioMioRun\" \/>\n<meta property=\"article:publisher\" content=\"https:\/\/www.facebook.com\/miomiorun\/\" \/>\n<meta property=\"article:modified_time\" content=\"2026-05-08T19:20:49+00:00\" \/>\n<meta property=\"og:image\" content=\"https:\/\/www.miomiorun.com\/app\/uploads\/2022\/04\/cep-run-socks-tall-v4-W-pink-black-WP204R.jpg\" \/>\n\t<meta property=\"og:image:width\" content=\"600\" \/>\n\t<meta property=\"og:image:height\" content=\"600\" \/>\n\t<meta property=\"og:image:type\" content=\"image\/jpeg\" \/>\n<meta name=\"twitter:card\" content=\"summary_large_image\" \/>\n<meta name=\"twitter:label1\" content=\"Est. reading time\" \/>\n\t<meta name=\"twitter:data1\" content=\"1 minute\" \/>\n<script type=\"application\/ld+json\" class=\"yoast-schema-graph\">{\"@context\":\"https:\/\/schema.org\",\"@graph\":[{\"@type\":\"WebPage\",\"@id\":\"https:\/\/www.miomiorun.com\/de\/produkt\/run-socks-tall-4-0-damen\/\",\"url\":\"https:\/\/www.miomiorun.com\/de\/produkt\/run-socks-tall-4-0-damen\/\",\"name\":\"Cep Run Socks Tall 4.0 damen - Laufsocke - MioMioRun\",\"isPartOf\":{\"@id\":\"https:\/\/www.miomiorun.com\/de\/#website\"},\"primaryImageOfPage\":{\"@id\":\"https:\/\/www.miomiorun.com\/de\/produkt\/run-socks-tall-4-0-damen\/#primaryimage\"},\"image\":{\"@id\":\"https:\/\/www.miomiorun.com\/de\/produkt\/run-socks-tall-4-0-damen\/#primaryimage\"},\"thumbnailUrl\":\"https:\/\/www.miomiorun.com\/app\/uploads\/2022\/04\/cep-run-socks-tall-v4-W-pink-black-WP204R.jpg\",\"datePublished\":\"2022-04-05T09:34:29+00:00\",\"dateModified\":\"2026-05-08T19:20:49+00:00\",\"description\":\"Die Run Tall 4.0 Kompressionssocken f\u00fcr Frauen von CEP bieten alle Vorteile unserer Kompressionssocken.\",\"breadcrumb\":{\"@id\":\"https:\/\/www.miomiorun.com\/de\/produkt\/run-socks-tall-4-0-damen\/#breadcrumb\"},\"inLanguage\":\"de-DE\",\"potentialAction\":[{\"@type\":\"ReadAction\",\"target\":[\"https:\/\/www.miomiorun.com\/de\/produkt\/run-socks-tall-4-0-damen\/\"]}]},{\"@type\":\"ImageObject\",\"inLanguage\":\"de-DE\",\"@id\":\"https:\/\/www.miomiorun.com\/de\/produkt\/run-socks-tall-4-0-damen\/#primaryimage\",\"url\":\"https:\/\/www.miomiorun.com\/app\/uploads\/2022\/04\/cep-run-socks-tall-v4-W-pink-black-WP204R.jpg\",\"contentUrl\":\"https:\/\/www.miomiorun.com\/app\/uploads\/2022\/04\/cep-run-socks-tall-v4-W-pink-black-WP204R.jpg\",\"width\":600,\"height\":600,\"caption\":\"cep-run-socks-tall-v4-W-pink-black-WP204R\"},{\"@type\":\"BreadcrumbList\",\"@id\":\"https:\/\/www.miomiorun.com\/de\/produkt\/run-socks-tall-4-0-damen\/#breadcrumb\",\"itemListElement\":[{\"@type\":\"ListItem\",\"position\":1,\"name\":\"Home\",\"item\":\"https:\/\/www.miomiorun.com\/de\/\"},{\"@type\":\"ListItem\",\"position\":2,\"name\":\"Shop\",\"item\":\"https:\/\/www.miomiorun.com\/shop\/\"},{\"@type\":\"ListItem\",\"position\":3,\"name\":\"Run Socks Tall 4.0 damen\"}]},{\"@type\":\"WebSite\",\"@id\":\"https:\/\/www.miomiorun.com\/de\/#website\",\"url\":\"https:\/\/www.miomiorun.com\/de\/\",\"name\":\"MioMioRun\",\"description\":\"100% Lauf- und Trailshop\",\"publisher\":{\"@id\":\"https:\/\/www.miomiorun.com\/de\/#organization\"},\"potentialAction\":[{\"@type\":\"SearchAction\",\"target\":{\"@type\":\"EntryPoint\",\"urlTemplate\":\"https:\/\/www.miomiorun.com\/de\/?s={search_term_string}\"},\"query-input\":{\"@type\":\"PropertyValueSpecification\",\"valueRequired\":true,\"valueName\":\"search_term_string\"}}],\"inLanguage\":\"de-DE\"},{\"@type\":\"Organization\",\"@id\":\"https:\/\/www.miomiorun.com\/de\/#organization\",\"name\":\"MioMio Run\",\"url\":\"https:\/\/www.miomiorun.com\/de\/\",\"logo\":{\"@type\":\"ImageObject\",\"inLanguage\":\"de-DE\",\"@id\":\"https:\/\/www.miomiorun.com\/de\/#\/schema\/logo\/image\/\",\"url\":\"https:\/\/www.miomiorun.com\/app\/uploads\/2019\/12\/logomio.png\",\"contentUrl\":\"https:\/\/www.miomiorun.com\/app\/uploads\/2019\/12\/logomio.png\",\"width\":115,\"height\":82,\"caption\":\"MioMio Run\"},\"image\":{\"@id\":\"https:\/\/www.miomiorun.com\/de\/#\/schema\/logo\/image\/\"},\"sameAs\":[\"https:\/\/www.facebook.com\/miomiorun\/\",\"https:\/\/www.instagram.com\/miomiorun\/\"]}]}<\/script>\n<!-- \/ Yoast SEO plugin. -->","yoast_head_json":{"title":"Cep Run Socks Tall 4.0 damen - Laufsocke - MioMioRun","description":"Die Run Tall 4.0 Kompressionssocken f\u00fcr Frauen von CEP bieten alle Vorteile unserer Kompressionssocken.","robots":{"index":"index","follow":"follow","max-snippet":"max-snippet:-1","max-image-preview":"max-image-preview:large","max-video-preview":"max-video-preview:-1"},"canonical":"https:\/\/www.miomiorun.com\/de\/produkt\/run-socks-tall-4-0-damen\/","og_locale":"de_DE","og_type":"article","og_title":"Cep Run Socks Tall 4.0 damen - Laufsocke - MioMioRun","og_description":"Die Run Tall 4.0 Kompressionssocken f\u00fcr Frauen von CEP bieten alle Vorteile unserer Kompressionssocken.","og_url":"https:\/\/www.miomiorun.com\/de\/produkt\/run-socks-tall-4-0-damen\/","og_site_name":"MioMioRun","article_publisher":"https:\/\/www.facebook.com\/miomiorun\/","article_modified_time":"2026-05-08T19:20:49+00:00","og_image":[{"width":600,"height":600,"url":"https:\/\/www.miomiorun.com\/app\/uploads\/2022\/04\/cep-run-socks-tall-v4-W-pink-black-WP204R.jpg","type":"image\/jpeg"}],"twitter_card":"summary_large_image","twitter_misc":{"Est. reading time":"1 minute"},"schema":{"@context":"https:\/\/schema.org","@graph":[{"@type":"WebPage","@id":"https:\/\/www.miomiorun.com\/de\/produkt\/run-socks-tall-4-0-damen\/","url":"https:\/\/www.miomiorun.com\/de\/produkt\/run-socks-tall-4-0-damen\/","name":"Cep Run Socks Tall 4.0 damen - Laufsocke - MioMioRun","isPartOf":{"@id":"https:\/\/www.miomiorun.com\/de\/#website"},"primaryImageOfPage":{"@id":"https:\/\/www.miomiorun.com\/de\/produkt\/run-socks-tall-4-0-damen\/#primaryimage"},"image":{"@id":"https:\/\/www.miomiorun.com\/de\/produkt\/run-socks-tall-4-0-damen\/#primaryimage"},"thumbnailUrl":"https:\/\/www.miomiorun.com\/app\/uploads\/2022\/04\/cep-run-socks-tall-v4-W-pink-black-WP204R.jpg","datePublished":"2022-04-05T09:34:29+00:00","dateModified":"2026-05-08T19:20:49+00:00","description":"Die Run Tall 4.0 Kompressionssocken f\u00fcr Frauen von CEP bieten alle Vorteile unserer Kompressionssocken.","breadcrumb":{"@id":"https:\/\/www.miomiorun.com\/de\/produkt\/run-socks-tall-4-0-damen\/#breadcrumb"},"inLanguage":"de-DE","potentialAction":[{"@type":"ReadAction","target":["https:\/\/www.miomiorun.com\/de\/produkt\/run-socks-tall-4-0-damen\/"]}]},{"@type":"ImageObject","inLanguage":"de-DE","@id":"https:\/\/www.miomiorun.com\/de\/produkt\/run-socks-tall-4-0-damen\/#primaryimage","url":"https:\/\/www.miomiorun.com\/app\/uploads\/2022\/04\/cep-run-socks-tall-v4-W-pink-black-WP204R.jpg","contentUrl":"https:\/\/www.miomiorun.com\/app\/uploads\/2022\/04\/cep-run-socks-tall-v4-W-pink-black-WP204R.jpg","width":600,"height":600,"caption":"cep-run-socks-tall-v4-W-pink-black-WP204R"},{"@type":"BreadcrumbList","@id":"https:\/\/www.miomiorun.com\/de\/produkt\/run-socks-tall-4-0-damen\/#breadcrumb","itemListElement":[{"@type":"ListItem","position":1,"name":"Home","item":"https:\/\/www.miomiorun.com\/de\/"},{"@type":"ListItem","position":2,"name":"Shop","item":"https:\/\/www.miomiorun.com\/shop\/"},{"@type":"ListItem","position":3,"name":"Run Socks Tall 4.0 damen"}]},{"@type":"WebSite","@id":"https:\/\/www.miomiorun.com\/de\/#website","url":"https:\/\/www.miomiorun.com\/de\/","name":"MioMioRun","description":"100% Lauf- und Trailshop","publisher":{"@id":"https:\/\/www.miomiorun.com\/de\/#organization"},"potentialAction":[{"@type":"SearchAction","target":{"@type":"EntryPoint","urlTemplate":"https:\/\/www.miomiorun.com\/de\/?s={search_term_string}"},"query-input":{"@type":"PropertyValueSpecification","valueRequired":true,"valueName":"search_term_string"}}],"inLanguage":"de-DE"},{"@type":"Organization","@id":"https:\/\/www.miomiorun.com\/de\/#organization","name":"MioMio Run","url":"https:\/\/www.miomiorun.com\/de\/","logo":{"@type":"ImageObject","inLanguage":"de-DE","@id":"https:\/\/www.miomiorun.com\/de\/#\/schema\/logo\/image\/","url":"https:\/\/www.miomiorun.com\/app\/uploads\/2019\/12\/logomio.png","contentUrl":"https:\/\/www.miomiorun.com\/app\/uploads\/2019\/12\/logomio.png","width":115,"height":82,"caption":"MioMio Run"},"image":{"@id":"https:\/\/www.miomiorun.com\/de\/#\/schema\/logo\/image\/"},"sameAs":["https:\/\/www.facebook.com\/miomiorun\/","https:\/\/www.instagram.com\/miomiorun\/"]}]}},"_links":{"self":[{"href":"https:\/\/www.miomiorun.com\/de\/wp-json\/wp\/v2\/product\/176538","targetHints":{"allow":["GET"]}}],"collection":[{"href":"https:\/\/www.miomiorun.com\/de\/wp-json\/wp\/v2\/product"}],"about":[{"href":"https:\/\/www.miomiorun.com\/de\/wp-json\/wp\/v2\/types\/product"}],"wp:featuredmedia":[{"embeddable":true,"href":"https:\/\/www.miomiorun.com\/de\/wp-json\/wp\/v2\/media\/66879"}],"wp:attachment":[{"href":"https:\/\/www.miomiorun.com\/de\/wp-json\/wp\/v2\/media?parent=176538"}],"wp:term":[{"taxonomy":"product_brand","embeddable":true,"href":"https:\/\/www.miomiorun.com\/de\/wp-json\/wp\/v2\/product_brand?post=176538"},{"taxonomy":"product_cat","embeddable":true,"href":"https:\/\/www.miomiorun.com\/de\/wp-json\/wp\/v2\/product_cat?post=176538"},{"taxonomy":"product_tag","embeddable":true,"href":"https:\/\/www.miomiorun.com\/de\/wp-json\/wp\/v2\/product_tag?post=176538"}],"curies":[{"name":"wp","href":"https:\/\/api.w.org\/{rel}","templated":true}]}}