{"id":176536,"date":"2022-04-05T11:46:51","date_gmt":"2022-04-05T09:46:51","guid":{"rendered":"https:\/\/miomiorun.com\/prodotto\/cep-no-show-socks-4-0-donna\/"},"modified":"2024-07-02T14:31:44","modified_gmt":"2024-07-02T12:31:44","slug":"no-show-socks-4-0-damen","status":"publish","type":"product","link":"https:\/\/www.miomiorun.com\/de\/produkt\/no-show-socks-4-0-damen\/","title":{"rendered":"No Show Socks 4.0 damen"},"content":{"rendered":"<p>Die <strong>CEP 4.0<\/strong> Women&#8217;s Run Compression No Show Socken arbeiten im Hintergrund: Sie bieten unsichtbare Unterst\u00fctzung und maximalen Komfort. Dank ihrer haut\u00e4hnlichen zweiten Passform verrutschen diese No-Show-Laufsocken nicht und ihre bew\u00e4hrte Materialmischung verhindert Blasenbildung. Gezielte Kompression in der Fu\u00dfgew\u00f6lbest\u00fctze sorgt f\u00fcr zus\u00e4tzliche Unterst\u00fctzung von Fu\u00dfgew\u00f6lbe und Fu\u00dfr\u00fccken, w\u00e4hrend gepolsterte Fu\u00dfzonen den Laufkomfort erh\u00f6hen und Hot Spots verhindern. Fortschrittliche Bel\u00fcftungszonen sorgen f\u00fcr komfortable und trockene F\u00fc\u00dfe. Perfekt f\u00fcr Tage, an denen Sie direkt vom B\u00fcro ins Fitnessstudio gehen!<\/p>\n<p><strong>Eigenschaften:<\/strong><\/p>\n<ul>\n<li>Atmungsaktives Material h\u00e4lt die F\u00fc\u00dfe k\u00fchl<\/li>\n<li>Anatomisches Design und Fersenzunge f\u00fcr einen rutschfesten Sitz<\/li>\n<li>Innovative Luftkan\u00e4le im Fu\u00dfbett und Bel\u00fcftungszonen in der Zehenbox f\u00fcr optimale Atmungsaktivit\u00e4t und maximalen Komfort<\/li>\n<li>Mit Silber behandelt, um unangenehme Ger\u00fcche zu reduzieren und Bakterien zu eliminieren<\/li>\n<li>Garantiert blasenfrei<\/li>\n<li>Sto\u00dfd\u00e4mpfung durch anatomisch geformte, perfekt am Fu\u00df positionierte Polsterung<\/li>\n<\/ul>\n<p><strong>Material:<\/strong> 84% Polyamid, 16% Elasthan<\/p>\n<p>&nbsp;<\/p>\n","protected":false},"excerpt":{"rendered":"<p>Die CEP 4.0 Women&#8217;s Run Compression No Show Socken arbeiten im Hintergrund: Sie bieten unsichtbare Unterst\u00fctzung und maximalen Komfort. Dank ihrer haut\u00e4hnlichen zweiten Passform verrutschen diese No-Show-Laufsocken nicht und ihre bew\u00e4hrte Materialmischung verhindert Blasenbildung. Gezielte Kompression in der Fu\u00dfgew\u00f6lbest\u00fctze sorgt f\u00fcr zus\u00e4tzliche Unterst\u00fctzung von Fu\u00dfgew\u00f6lbe und Fu\u00dfr\u00fccken, w\u00e4hrend gepolsterte Fu\u00dfzonen den Laufkomfort erh\u00f6hen und Hot &hellip; <a href=\"https:\/\/www.miomiorun.com\/de\/produkt\/no-show-socks-4-0-damen\/\">Continued<\/a><\/p>\n","protected":false},"featured_media":67171,"template":"","meta":{"_acf_changed":false,"inline_featured_image":false},"product_brand":[],"product_cat":[6400,6401,6402],"product_tag":[3408,6210],"class_list":{"0":"post-176536","1":"product","2":"type-product","3":"status-publish","4":"has-post-thumbnail","6":"product_cat-damen","7":"product_cat-damenbekleidung","8":"product_cat-damensocken-de","9":"product_tag-cep-de","10":"product_tag-cep-damen-de","11":"pa_attivita-fitness-de","12":"pa_attivita-gehen","13":"pa_attivita-running-de","14":"pa_colore-no-show-socks-w-black-de","15":"pa_marca-cep-de","16":"pa_sesso-damen","17":"pa_size-34-37-de","19":"first","20":"instock","21":"sale","22":"taxable","23":"shipping-taxable","24":"purchasable","25":"product-type-variable","26":"wvs-archive-product-wrapper"},"acf":[],"yoast_head":"<!-- This site is optimized with the Yoast SEO plugin v26.8 - https:\/\/yoast.com\/product\/yoast-seo-wordpress\/ -->\n<title>No Show Socks 4.0 damen -Laufsocke - MioMioRun<\/title>\n<meta name=\"description\" content=\"I calzini Run Compression No Show di CEP 4.0 da donna non scivolano e la loro collaudata miscela di materiali previene le vesciche.\" \/>\n<meta name=\"robots\" content=\"index, follow, max-snippet:-1, max-image-preview:large, max-video-preview:-1\" \/>\n<link rel=\"canonical\" href=\"https:\/\/www.miomiorun.com\/de\/produkt\/no-show-socks-4-0-damen\/\" \/>\n<meta property=\"og:locale\" content=\"de_DE\" \/>\n<meta property=\"og:type\" content=\"article\" \/>\n<meta property=\"og:title\" content=\"No Show Socks 4.0 damen -Laufsocke - MioMioRun\" \/>\n<meta property=\"og:description\" content=\"I calzini Run Compression No Show di CEP 4.0 da donna non scivolano e la loro collaudata miscela di materiali previene le vesciche.\" \/>\n<meta property=\"og:url\" content=\"https:\/\/www.miomiorun.com\/de\/produkt\/no-show-socks-4-0-damen\/\" \/>\n<meta property=\"og:site_name\" content=\"MioMioRun\" \/>\n<meta property=\"article:publisher\" content=\"https:\/\/www.facebook.com\/miomiorun\/\" \/>\n<meta property=\"article:modified_time\" content=\"2024-07-02T12:31:44+00:00\" \/>\n<meta property=\"og:image\" content=\"https:\/\/www.miomiorun.com\/app\/uploads\/2022\/04\/cep-no-show-socks-v4-W-pink-WP264R.jpg\" \/>\n\t<meta property=\"og:image:width\" content=\"600\" \/>\n\t<meta property=\"og:image:height\" content=\"600\" \/>\n\t<meta property=\"og:image:type\" content=\"image\/jpeg\" \/>\n<meta name=\"twitter:card\" content=\"summary_large_image\" \/>\n<meta name=\"twitter:label1\" content=\"Est. reading time\" \/>\n\t<meta name=\"twitter:data1\" content=\"1 minute\" \/>\n<script type=\"application\/ld+json\" class=\"yoast-schema-graph\">{\"@context\":\"https:\/\/schema.org\",\"@graph\":[{\"@type\":\"WebPage\",\"@id\":\"https:\/\/www.miomiorun.com\/de\/produkt\/no-show-socks-4-0-damen\/\",\"url\":\"https:\/\/www.miomiorun.com\/de\/produkt\/no-show-socks-4-0-damen\/\",\"name\":\"No Show Socks 4.0 damen -Laufsocke - MioMioRun\",\"isPartOf\":{\"@id\":\"https:\/\/www.miomiorun.com\/de\/#website\"},\"primaryImageOfPage\":{\"@id\":\"https:\/\/www.miomiorun.com\/de\/produkt\/no-show-socks-4-0-damen\/#primaryimage\"},\"image\":{\"@id\":\"https:\/\/www.miomiorun.com\/de\/produkt\/no-show-socks-4-0-damen\/#primaryimage\"},\"thumbnailUrl\":\"https:\/\/www.miomiorun.com\/app\/uploads\/2022\/04\/cep-no-show-socks-v4-W-pink-WP264R.jpg\",\"datePublished\":\"2022-04-05T09:46:51+00:00\",\"dateModified\":\"2024-07-02T12:31:44+00:00\",\"description\":\"I calzini Run Compression No Show di CEP 4.0 da donna non scivolano e la loro collaudata miscela di materiali previene le vesciche.\",\"breadcrumb\":{\"@id\":\"https:\/\/www.miomiorun.com\/de\/produkt\/no-show-socks-4-0-damen\/#breadcrumb\"},\"inLanguage\":\"de-DE\",\"potentialAction\":[{\"@type\":\"ReadAction\",\"target\":[\"https:\/\/www.miomiorun.com\/de\/produkt\/no-show-socks-4-0-damen\/\"]}]},{\"@type\":\"ImageObject\",\"inLanguage\":\"de-DE\",\"@id\":\"https:\/\/www.miomiorun.com\/de\/produkt\/no-show-socks-4-0-damen\/#primaryimage\",\"url\":\"https:\/\/www.miomiorun.com\/app\/uploads\/2022\/04\/cep-no-show-socks-v4-W-pink-WP264R.jpg\",\"contentUrl\":\"https:\/\/www.miomiorun.com\/app\/uploads\/2022\/04\/cep-no-show-socks-v4-W-pink-WP264R.jpg\",\"width\":600,\"height\":600,\"caption\":\"cep-no-show-socks-v4-W-pink-WP264R\"},{\"@type\":\"BreadcrumbList\",\"@id\":\"https:\/\/www.miomiorun.com\/de\/produkt\/no-show-socks-4-0-damen\/#breadcrumb\",\"itemListElement\":[{\"@type\":\"ListItem\",\"position\":1,\"name\":\"Home\",\"item\":\"https:\/\/www.miomiorun.com\/de\/\"},{\"@type\":\"ListItem\",\"position\":2,\"name\":\"Shop\",\"item\":\"https:\/\/www.miomiorun.com\/shop\/\"},{\"@type\":\"ListItem\",\"position\":3,\"name\":\"No Show Socks 4.0 damen\"}]},{\"@type\":\"WebSite\",\"@id\":\"https:\/\/www.miomiorun.com\/de\/#website\",\"url\":\"https:\/\/www.miomiorun.com\/de\/\",\"name\":\"MioMioRun\",\"description\":\"100% Lauf- und Trailshop\",\"publisher\":{\"@id\":\"https:\/\/www.miomiorun.com\/de\/#organization\"},\"potentialAction\":[{\"@type\":\"SearchAction\",\"target\":{\"@type\":\"EntryPoint\",\"urlTemplate\":\"https:\/\/www.miomiorun.com\/de\/?s={search_term_string}\"},\"query-input\":{\"@type\":\"PropertyValueSpecification\",\"valueRequired\":true,\"valueName\":\"search_term_string\"}}],\"inLanguage\":\"de-DE\"},{\"@type\":\"Organization\",\"@id\":\"https:\/\/www.miomiorun.com\/de\/#organization\",\"name\":\"MioMio Run\",\"url\":\"https:\/\/www.miomiorun.com\/de\/\",\"logo\":{\"@type\":\"ImageObject\",\"inLanguage\":\"de-DE\",\"@id\":\"https:\/\/www.miomiorun.com\/de\/#\/schema\/logo\/image\/\",\"url\":\"https:\/\/www.miomiorun.com\/app\/uploads\/2019\/12\/logomio.png\",\"contentUrl\":\"https:\/\/www.miomiorun.com\/app\/uploads\/2019\/12\/logomio.png\",\"width\":115,\"height\":82,\"caption\":\"MioMio Run\"},\"image\":{\"@id\":\"https:\/\/www.miomiorun.com\/de\/#\/schema\/logo\/image\/\"},\"sameAs\":[\"https:\/\/www.facebook.com\/miomiorun\/\",\"https:\/\/www.instagram.com\/miomiorun\/\"]}]}<\/script>\n<!-- \/ Yoast SEO plugin. -->","yoast_head_json":{"title":"No Show Socks 4.0 damen -Laufsocke - MioMioRun","description":"I calzini Run Compression No Show di CEP 4.0 da donna non scivolano e la loro collaudata miscela di materiali previene le vesciche.","robots":{"index":"index","follow":"follow","max-snippet":"max-snippet:-1","max-image-preview":"max-image-preview:large","max-video-preview":"max-video-preview:-1"},"canonical":"https:\/\/www.miomiorun.com\/de\/produkt\/no-show-socks-4-0-damen\/","og_locale":"de_DE","og_type":"article","og_title":"No Show Socks 4.0 damen -Laufsocke - MioMioRun","og_description":"I calzini Run Compression No Show di CEP 4.0 da donna non scivolano e la loro collaudata miscela di materiali previene le vesciche.","og_url":"https:\/\/www.miomiorun.com\/de\/produkt\/no-show-socks-4-0-damen\/","og_site_name":"MioMioRun","article_publisher":"https:\/\/www.facebook.com\/miomiorun\/","article_modified_time":"2024-07-02T12:31:44+00:00","og_image":[{"width":600,"height":600,"url":"https:\/\/www.miomiorun.com\/app\/uploads\/2022\/04\/cep-no-show-socks-v4-W-pink-WP264R.jpg","type":"image\/jpeg"}],"twitter_card":"summary_large_image","twitter_misc":{"Est. reading time":"1 minute"},"schema":{"@context":"https:\/\/schema.org","@graph":[{"@type":"WebPage","@id":"https:\/\/www.miomiorun.com\/de\/produkt\/no-show-socks-4-0-damen\/","url":"https:\/\/www.miomiorun.com\/de\/produkt\/no-show-socks-4-0-damen\/","name":"No Show Socks 4.0 damen -Laufsocke - MioMioRun","isPartOf":{"@id":"https:\/\/www.miomiorun.com\/de\/#website"},"primaryImageOfPage":{"@id":"https:\/\/www.miomiorun.com\/de\/produkt\/no-show-socks-4-0-damen\/#primaryimage"},"image":{"@id":"https:\/\/www.miomiorun.com\/de\/produkt\/no-show-socks-4-0-damen\/#primaryimage"},"thumbnailUrl":"https:\/\/www.miomiorun.com\/app\/uploads\/2022\/04\/cep-no-show-socks-v4-W-pink-WP264R.jpg","datePublished":"2022-04-05T09:46:51+00:00","dateModified":"2024-07-02T12:31:44+00:00","description":"I calzini Run Compression No Show di CEP 4.0 da donna non scivolano e la loro collaudata miscela di materiali previene le vesciche.","breadcrumb":{"@id":"https:\/\/www.miomiorun.com\/de\/produkt\/no-show-socks-4-0-damen\/#breadcrumb"},"inLanguage":"de-DE","potentialAction":[{"@type":"ReadAction","target":["https:\/\/www.miomiorun.com\/de\/produkt\/no-show-socks-4-0-damen\/"]}]},{"@type":"ImageObject","inLanguage":"de-DE","@id":"https:\/\/www.miomiorun.com\/de\/produkt\/no-show-socks-4-0-damen\/#primaryimage","url":"https:\/\/www.miomiorun.com\/app\/uploads\/2022\/04\/cep-no-show-socks-v4-W-pink-WP264R.jpg","contentUrl":"https:\/\/www.miomiorun.com\/app\/uploads\/2022\/04\/cep-no-show-socks-v4-W-pink-WP264R.jpg","width":600,"height":600,"caption":"cep-no-show-socks-v4-W-pink-WP264R"},{"@type":"BreadcrumbList","@id":"https:\/\/www.miomiorun.com\/de\/produkt\/no-show-socks-4-0-damen\/#breadcrumb","itemListElement":[{"@type":"ListItem","position":1,"name":"Home","item":"https:\/\/www.miomiorun.com\/de\/"},{"@type":"ListItem","position":2,"name":"Shop","item":"https:\/\/www.miomiorun.com\/shop\/"},{"@type":"ListItem","position":3,"name":"No Show Socks 4.0 damen"}]},{"@type":"WebSite","@id":"https:\/\/www.miomiorun.com\/de\/#website","url":"https:\/\/www.miomiorun.com\/de\/","name":"MioMioRun","description":"100% Lauf- und Trailshop","publisher":{"@id":"https:\/\/www.miomiorun.com\/de\/#organization"},"potentialAction":[{"@type":"SearchAction","target":{"@type":"EntryPoint","urlTemplate":"https:\/\/www.miomiorun.com\/de\/?s={search_term_string}"},"query-input":{"@type":"PropertyValueSpecification","valueRequired":true,"valueName":"search_term_string"}}],"inLanguage":"de-DE"},{"@type":"Organization","@id":"https:\/\/www.miomiorun.com\/de\/#organization","name":"MioMio Run","url":"https:\/\/www.miomiorun.com\/de\/","logo":{"@type":"ImageObject","inLanguage":"de-DE","@id":"https:\/\/www.miomiorun.com\/de\/#\/schema\/logo\/image\/","url":"https:\/\/www.miomiorun.com\/app\/uploads\/2019\/12\/logomio.png","contentUrl":"https:\/\/www.miomiorun.com\/app\/uploads\/2019\/12\/logomio.png","width":115,"height":82,"caption":"MioMio Run"},"image":{"@id":"https:\/\/www.miomiorun.com\/de\/#\/schema\/logo\/image\/"},"sameAs":["https:\/\/www.facebook.com\/miomiorun\/","https:\/\/www.instagram.com\/miomiorun\/"]}]}},"_links":{"self":[{"href":"https:\/\/www.miomiorun.com\/de\/wp-json\/wp\/v2\/product\/176536","targetHints":{"allow":["GET"]}}],"collection":[{"href":"https:\/\/www.miomiorun.com\/de\/wp-json\/wp\/v2\/product"}],"about":[{"href":"https:\/\/www.miomiorun.com\/de\/wp-json\/wp\/v2\/types\/product"}],"wp:featuredmedia":[{"embeddable":true,"href":"https:\/\/www.miomiorun.com\/de\/wp-json\/wp\/v2\/media\/67171"}],"wp:attachment":[{"href":"https:\/\/www.miomiorun.com\/de\/wp-json\/wp\/v2\/media?parent=176536"}],"wp:term":[{"taxonomy":"product_brand","embeddable":true,"href":"https:\/\/www.miomiorun.com\/de\/wp-json\/wp\/v2\/product_brand?post=176536"},{"taxonomy":"product_cat","embeddable":true,"href":"https:\/\/www.miomiorun.com\/de\/wp-json\/wp\/v2\/product_cat?post=176536"},{"taxonomy":"product_tag","embeddable":true,"href":"https:\/\/www.miomiorun.com\/de\/wp-json\/wp\/v2\/product_tag?post=176536"}],"curies":[{"name":"wp","href":"https:\/\/api.w.org\/{rel}","templated":true}]}}