{"id":176534,"date":"2022-04-05T12:12:02","date_gmt":"2022-04-05T10:12:02","guid":{"rendered":"https:\/\/miomiorun.com\/prodotto\/cep-run-mid-cut-4-0-donna\/"},"modified":"2024-07-02T14:34:28","modified_gmt":"2024-07-02T12:34:28","slug":"mid-cut-socks-4-0-damen","status":"publish","type":"product","link":"https:\/\/www.miomiorun.com\/de\/produkt\/mid-cut-socks-4-0-damen\/","title":{"rendered":"Mid Cut Socks 4.0 damen"},"content":{"rendered":"<p>Die <strong>Run Mid Cut 4.0<\/strong> Socken f\u00fcr Frauen wurden f\u00fcr Stil und Leistung entwickelt und bieten maximalen Komfort, um Ihre Ausdauer zu verbessern und Ihre F\u00fc\u00dfe w\u00e4hrend und nach dem Training in Bestform zu halten. Gezielte Kompression im Fu\u00dfgew\u00f6lbe und Kn\u00f6chelbereich erh\u00f6ht die Blutzirkulation und bietet hervorragende Unterst\u00fctzung, um Verletzungen vorzubeugen, Schwellungen zu reduzieren und Schmerzen im Zusammenhang mit Plantarfasziitis und Achillessehne zu lindern. Diese vielseitige H\u00f6he l\u00e4sst sich mit jedem Schuh und jeder Kleidung kombinieren, so dass Sie nicht auf Talent f\u00fcr Funktionalit\u00e4t verzichten m\u00fcssen!<\/p>\n<p><strong>Eigenschaften:<\/strong><\/p>\n<ul>\n<li>Atmungsaktives Material h\u00e4lt die F\u00fc\u00dfe k\u00fchl.<\/li>\n<li>Tiefe sensorische Stimulation der Gelenke f\u00fcr mehr Stabilit\u00e4t, weniger Verletzungen und Schmerzlinderung.<\/li>\n<li>Innovative Luftkan\u00e4le im Fu\u00dfbett und Bel\u00fcftungszonen in der Zehenbox f\u00fcr optimale Atmungsaktivit\u00e4t und maximalen Komfort.<\/li>\n<li>Behandelt mit Silber, um unangenehme Ger\u00fcche zu reduzieren und Bakterien zu eliminieren.<\/li>\n<li>Garantiert blasenfrei.<\/li>\n<li>Sto\u00dfd\u00e4mpfung dank anatomisch geformter, perfekt am Fu\u00df positionierter Polsterung.<\/li>\n<\/ul>\n<p><strong>Kompressionsst\u00e4rke<\/strong>: 18-20 mmHg am Kn\u00f6chel<\/p>\n<p><strong>Material<\/strong>: 86% Polyamid, 14% Elasthan<\/p>\n<p>&nbsp;<\/p>\n","protected":false},"excerpt":{"rendered":"<p>Die Run Mid Cut 4.0 Socken f\u00fcr Frauen wurden f\u00fcr Stil und Leistung entwickelt und bieten maximalen Komfort, um Ihre Ausdauer zu verbessern und Ihre F\u00fc\u00dfe w\u00e4hrend und nach dem Training in Bestform zu halten. Gezielte Kompression im Fu\u00dfgew\u00f6lbe und Kn\u00f6chelbereich erh\u00f6ht die Blutzirkulation und bietet hervorragende Unterst\u00fctzung, um Verletzungen vorzubeugen, Schwellungen zu reduzieren und &hellip; <a href=\"https:\/\/www.miomiorun.com\/de\/produkt\/mid-cut-socks-4-0-damen\/\">Continued<\/a><\/p>\n","protected":false},"featured_media":67194,"template":"","meta":{"_acf_changed":false,"inline_featured_image":false},"product_brand":[],"product_cat":[6400,6401,6402],"product_tag":[3408,6210],"class_list":{"0":"post-176534","1":"product","2":"type-product","3":"status-publish","4":"has-post-thumbnail","6":"product_cat-damen","7":"product_cat-damenbekleidung","8":"product_cat-damensocken-de","9":"product_tag-cep-de","10":"product_tag-cep-damen-de","11":"pa_attivita-gehen","12":"pa_attivita-running-de","13":"pa_colore-mid-cut-v4-w-black-de","14":"pa_colore-mid-cut-v4-w-pink-black-de","15":"pa_marca-cep-de","16":"pa_sesso-damen","17":"pa_size-37-40-de","18":"pa_size-40-43-de","20":"first","21":"instock","22":"sale","23":"taxable","24":"shipping-taxable","25":"purchasable","26":"product-type-variable","27":"wvs-archive-product-wrapper"},"acf":[],"yoast_head":"<!-- This site is optimized with the Yoast SEO plugin v26.8 - https:\/\/yoast.com\/product\/yoast-seo-wordpress\/ -->\n<title>Cep Mid Cut Socks 4.0 damen -Frauen-Laufsocken - MioMioRun<\/title>\n<meta name=\"description\" content=\"Run Mid Cut 4.0 bieten maximalen Komfort, um Ihre Ausdauer zu verbessern und Ihre F\u00fc\u00dfe w\u00e4hrend und nach dem Training in Bestform zu halten.\" \/>\n<meta name=\"robots\" content=\"index, follow, max-snippet:-1, max-image-preview:large, max-video-preview:-1\" \/>\n<link rel=\"canonical\" href=\"https:\/\/www.miomiorun.com\/de\/produkt\/mid-cut-socks-4-0-damen\/\" \/>\n<meta property=\"og:locale\" content=\"de_DE\" \/>\n<meta property=\"og:type\" content=\"article\" \/>\n<meta property=\"og:title\" content=\"Cep Mid Cut Socks 4.0 damen -Frauen-Laufsocken - MioMioRun\" \/>\n<meta property=\"og:description\" content=\"Run Mid Cut 4.0 bieten maximalen Komfort, um Ihre Ausdauer zu verbessern und Ihre F\u00fc\u00dfe w\u00e4hrend und nach dem Training in Bestform zu halten.\" \/>\n<meta property=\"og:url\" content=\"https:\/\/www.miomiorun.com\/de\/produkt\/mid-cut-socks-4-0-damen\/\" \/>\n<meta property=\"og:site_name\" content=\"MioMioRun\" \/>\n<meta property=\"article:publisher\" content=\"https:\/\/www.facebook.com\/miomiorun\/\" \/>\n<meta property=\"article:modified_time\" content=\"2024-07-02T12:34:28+00:00\" \/>\n<meta property=\"og:image\" content=\"https:\/\/www.miomiorun.com\/app\/uploads\/2022\/04\/cep-mid-cut-v4-W-pink-black-WP2C4R.jpg\" \/>\n\t<meta property=\"og:image:width\" content=\"600\" \/>\n\t<meta property=\"og:image:height\" content=\"600\" \/>\n\t<meta property=\"og:image:type\" content=\"image\/jpeg\" \/>\n<meta name=\"twitter:card\" content=\"summary_large_image\" \/>\n<meta name=\"twitter:label1\" content=\"Est. reading time\" \/>\n\t<meta name=\"twitter:data1\" content=\"1 minute\" \/>\n<script type=\"application\/ld+json\" class=\"yoast-schema-graph\">{\"@context\":\"https:\/\/schema.org\",\"@graph\":[{\"@type\":\"WebPage\",\"@id\":\"https:\/\/www.miomiorun.com\/de\/produkt\/mid-cut-socks-4-0-damen\/\",\"url\":\"https:\/\/www.miomiorun.com\/de\/produkt\/mid-cut-socks-4-0-damen\/\",\"name\":\"Cep Mid Cut Socks 4.0 damen -Frauen-Laufsocken - MioMioRun\",\"isPartOf\":{\"@id\":\"https:\/\/www.miomiorun.com\/de\/#website\"},\"primaryImageOfPage\":{\"@id\":\"https:\/\/www.miomiorun.com\/de\/produkt\/mid-cut-socks-4-0-damen\/#primaryimage\"},\"image\":{\"@id\":\"https:\/\/www.miomiorun.com\/de\/produkt\/mid-cut-socks-4-0-damen\/#primaryimage\"},\"thumbnailUrl\":\"https:\/\/www.miomiorun.com\/app\/uploads\/2022\/04\/cep-mid-cut-v4-W-pink-black-WP2C4R.jpg\",\"datePublished\":\"2022-04-05T10:12:02+00:00\",\"dateModified\":\"2024-07-02T12:34:28+00:00\",\"description\":\"Run Mid Cut 4.0 bieten maximalen Komfort, um Ihre Ausdauer zu verbessern und Ihre F\u00fc\u00dfe w\u00e4hrend und nach dem Training in Bestform zu halten.\",\"breadcrumb\":{\"@id\":\"https:\/\/www.miomiorun.com\/de\/produkt\/mid-cut-socks-4-0-damen\/#breadcrumb\"},\"inLanguage\":\"de-DE\",\"potentialAction\":[{\"@type\":\"ReadAction\",\"target\":[\"https:\/\/www.miomiorun.com\/de\/produkt\/mid-cut-socks-4-0-damen\/\"]}]},{\"@type\":\"ImageObject\",\"inLanguage\":\"de-DE\",\"@id\":\"https:\/\/www.miomiorun.com\/de\/produkt\/mid-cut-socks-4-0-damen\/#primaryimage\",\"url\":\"https:\/\/www.miomiorun.com\/app\/uploads\/2022\/04\/cep-mid-cut-v4-W-pink-black-WP2C4R.jpg\",\"contentUrl\":\"https:\/\/www.miomiorun.com\/app\/uploads\/2022\/04\/cep-mid-cut-v4-W-pink-black-WP2C4R.jpg\",\"width\":600,\"height\":600,\"caption\":\"cep-mid-cut-v4-W-pink-black-WP2C4R\"},{\"@type\":\"BreadcrumbList\",\"@id\":\"https:\/\/www.miomiorun.com\/de\/produkt\/mid-cut-socks-4-0-damen\/#breadcrumb\",\"itemListElement\":[{\"@type\":\"ListItem\",\"position\":1,\"name\":\"Home\",\"item\":\"https:\/\/www.miomiorun.com\/de\/\"},{\"@type\":\"ListItem\",\"position\":2,\"name\":\"Shop\",\"item\":\"https:\/\/www.miomiorun.com\/shop\/\"},{\"@type\":\"ListItem\",\"position\":3,\"name\":\"Mid Cut Socks 4.0 damen\"}]},{\"@type\":\"WebSite\",\"@id\":\"https:\/\/www.miomiorun.com\/de\/#website\",\"url\":\"https:\/\/www.miomiorun.com\/de\/\",\"name\":\"MioMioRun\",\"description\":\"100% Lauf- und Trailshop\",\"publisher\":{\"@id\":\"https:\/\/www.miomiorun.com\/de\/#organization\"},\"potentialAction\":[{\"@type\":\"SearchAction\",\"target\":{\"@type\":\"EntryPoint\",\"urlTemplate\":\"https:\/\/www.miomiorun.com\/de\/?s={search_term_string}\"},\"query-input\":{\"@type\":\"PropertyValueSpecification\",\"valueRequired\":true,\"valueName\":\"search_term_string\"}}],\"inLanguage\":\"de-DE\"},{\"@type\":\"Organization\",\"@id\":\"https:\/\/www.miomiorun.com\/de\/#organization\",\"name\":\"MioMio Run\",\"url\":\"https:\/\/www.miomiorun.com\/de\/\",\"logo\":{\"@type\":\"ImageObject\",\"inLanguage\":\"de-DE\",\"@id\":\"https:\/\/www.miomiorun.com\/de\/#\/schema\/logo\/image\/\",\"url\":\"https:\/\/www.miomiorun.com\/app\/uploads\/2019\/12\/logomio.png\",\"contentUrl\":\"https:\/\/www.miomiorun.com\/app\/uploads\/2019\/12\/logomio.png\",\"width\":115,\"height\":82,\"caption\":\"MioMio Run\"},\"image\":{\"@id\":\"https:\/\/www.miomiorun.com\/de\/#\/schema\/logo\/image\/\"},\"sameAs\":[\"https:\/\/www.facebook.com\/miomiorun\/\",\"https:\/\/www.instagram.com\/miomiorun\/\"]}]}<\/script>\n<!-- \/ Yoast SEO plugin. -->","yoast_head_json":{"title":"Cep Mid Cut Socks 4.0 damen -Frauen-Laufsocken - MioMioRun","description":"Run Mid Cut 4.0 bieten maximalen Komfort, um Ihre Ausdauer zu verbessern und Ihre F\u00fc\u00dfe w\u00e4hrend und nach dem Training in Bestform zu halten.","robots":{"index":"index","follow":"follow","max-snippet":"max-snippet:-1","max-image-preview":"max-image-preview:large","max-video-preview":"max-video-preview:-1"},"canonical":"https:\/\/www.miomiorun.com\/de\/produkt\/mid-cut-socks-4-0-damen\/","og_locale":"de_DE","og_type":"article","og_title":"Cep Mid Cut Socks 4.0 damen -Frauen-Laufsocken - MioMioRun","og_description":"Run Mid Cut 4.0 bieten maximalen Komfort, um Ihre Ausdauer zu verbessern und Ihre F\u00fc\u00dfe w\u00e4hrend und nach dem Training in Bestform zu halten.","og_url":"https:\/\/www.miomiorun.com\/de\/produkt\/mid-cut-socks-4-0-damen\/","og_site_name":"MioMioRun","article_publisher":"https:\/\/www.facebook.com\/miomiorun\/","article_modified_time":"2024-07-02T12:34:28+00:00","og_image":[{"width":600,"height":600,"url":"https:\/\/www.miomiorun.com\/app\/uploads\/2022\/04\/cep-mid-cut-v4-W-pink-black-WP2C4R.jpg","type":"image\/jpeg"}],"twitter_card":"summary_large_image","twitter_misc":{"Est. reading time":"1 minute"},"schema":{"@context":"https:\/\/schema.org","@graph":[{"@type":"WebPage","@id":"https:\/\/www.miomiorun.com\/de\/produkt\/mid-cut-socks-4-0-damen\/","url":"https:\/\/www.miomiorun.com\/de\/produkt\/mid-cut-socks-4-0-damen\/","name":"Cep Mid Cut Socks 4.0 damen -Frauen-Laufsocken - MioMioRun","isPartOf":{"@id":"https:\/\/www.miomiorun.com\/de\/#website"},"primaryImageOfPage":{"@id":"https:\/\/www.miomiorun.com\/de\/produkt\/mid-cut-socks-4-0-damen\/#primaryimage"},"image":{"@id":"https:\/\/www.miomiorun.com\/de\/produkt\/mid-cut-socks-4-0-damen\/#primaryimage"},"thumbnailUrl":"https:\/\/www.miomiorun.com\/app\/uploads\/2022\/04\/cep-mid-cut-v4-W-pink-black-WP2C4R.jpg","datePublished":"2022-04-05T10:12:02+00:00","dateModified":"2024-07-02T12:34:28+00:00","description":"Run Mid Cut 4.0 bieten maximalen Komfort, um Ihre Ausdauer zu verbessern und Ihre F\u00fc\u00dfe w\u00e4hrend und nach dem Training in Bestform zu halten.","breadcrumb":{"@id":"https:\/\/www.miomiorun.com\/de\/produkt\/mid-cut-socks-4-0-damen\/#breadcrumb"},"inLanguage":"de-DE","potentialAction":[{"@type":"ReadAction","target":["https:\/\/www.miomiorun.com\/de\/produkt\/mid-cut-socks-4-0-damen\/"]}]},{"@type":"ImageObject","inLanguage":"de-DE","@id":"https:\/\/www.miomiorun.com\/de\/produkt\/mid-cut-socks-4-0-damen\/#primaryimage","url":"https:\/\/www.miomiorun.com\/app\/uploads\/2022\/04\/cep-mid-cut-v4-W-pink-black-WP2C4R.jpg","contentUrl":"https:\/\/www.miomiorun.com\/app\/uploads\/2022\/04\/cep-mid-cut-v4-W-pink-black-WP2C4R.jpg","width":600,"height":600,"caption":"cep-mid-cut-v4-W-pink-black-WP2C4R"},{"@type":"BreadcrumbList","@id":"https:\/\/www.miomiorun.com\/de\/produkt\/mid-cut-socks-4-0-damen\/#breadcrumb","itemListElement":[{"@type":"ListItem","position":1,"name":"Home","item":"https:\/\/www.miomiorun.com\/de\/"},{"@type":"ListItem","position":2,"name":"Shop","item":"https:\/\/www.miomiorun.com\/shop\/"},{"@type":"ListItem","position":3,"name":"Mid Cut Socks 4.0 damen"}]},{"@type":"WebSite","@id":"https:\/\/www.miomiorun.com\/de\/#website","url":"https:\/\/www.miomiorun.com\/de\/","name":"MioMioRun","description":"100% Lauf- und Trailshop","publisher":{"@id":"https:\/\/www.miomiorun.com\/de\/#organization"},"potentialAction":[{"@type":"SearchAction","target":{"@type":"EntryPoint","urlTemplate":"https:\/\/www.miomiorun.com\/de\/?s={search_term_string}"},"query-input":{"@type":"PropertyValueSpecification","valueRequired":true,"valueName":"search_term_string"}}],"inLanguage":"de-DE"},{"@type":"Organization","@id":"https:\/\/www.miomiorun.com\/de\/#organization","name":"MioMio Run","url":"https:\/\/www.miomiorun.com\/de\/","logo":{"@type":"ImageObject","inLanguage":"de-DE","@id":"https:\/\/www.miomiorun.com\/de\/#\/schema\/logo\/image\/","url":"https:\/\/www.miomiorun.com\/app\/uploads\/2019\/12\/logomio.png","contentUrl":"https:\/\/www.miomiorun.com\/app\/uploads\/2019\/12\/logomio.png","width":115,"height":82,"caption":"MioMio Run"},"image":{"@id":"https:\/\/www.miomiorun.com\/de\/#\/schema\/logo\/image\/"},"sameAs":["https:\/\/www.facebook.com\/miomiorun\/","https:\/\/www.instagram.com\/miomiorun\/"]}]}},"_links":{"self":[{"href":"https:\/\/www.miomiorun.com\/de\/wp-json\/wp\/v2\/product\/176534","targetHints":{"allow":["GET"]}}],"collection":[{"href":"https:\/\/www.miomiorun.com\/de\/wp-json\/wp\/v2\/product"}],"about":[{"href":"https:\/\/www.miomiorun.com\/de\/wp-json\/wp\/v2\/types\/product"}],"wp:featuredmedia":[{"embeddable":true,"href":"https:\/\/www.miomiorun.com\/de\/wp-json\/wp\/v2\/media\/67194"}],"wp:attachment":[{"href":"https:\/\/www.miomiorun.com\/de\/wp-json\/wp\/v2\/media?parent=176534"}],"wp:term":[{"taxonomy":"product_brand","embeddable":true,"href":"https:\/\/www.miomiorun.com\/de\/wp-json\/wp\/v2\/product_brand?post=176534"},{"taxonomy":"product_cat","embeddable":true,"href":"https:\/\/www.miomiorun.com\/de\/wp-json\/wp\/v2\/product_cat?post=176534"},{"taxonomy":"product_tag","embeddable":true,"href":"https:\/\/www.miomiorun.com\/de\/wp-json\/wp\/v2\/product_tag?post=176534"}],"curies":[{"name":"wp","href":"https:\/\/api.w.org\/{rel}","templated":true}]}}