{"id":176532,"date":"2022-04-06T10:59:04","date_gmt":"2022-04-06T08:59:04","guid":{"rendered":"https:\/\/miomiorun.com\/prodotto\/cep-camocloud-mid-cut-donna\/"},"modified":"2024-07-02T14:38:16","modified_gmt":"2024-07-02T12:38:16","slug":"camocloud-mid-cut-damen","status":"publish","type":"product","link":"https:\/\/www.miomiorun.com\/de\/produkt\/camocloud-mid-cut-damen\/","title":{"rendered":"Camocloud Mid Cut damen"},"content":{"rendered":"<p>Die neuen <strong>Camocloud Mid<\/strong> Cut Socken f\u00fcr Frauen sind beliebt dank ihres Camouflage-Looks, der effektiven Kompression und dem angenehmen Tragegef\u00fchl, das sie vermitteln. Sie laufen stabiler und sicherer. Und es gibt noch weitere Vorteile, wie z.B. die verminderte Gefahr der Blasenbildung.<\/p>\n<p>Sicherer laufen dank der stabilisierenden Kompressionswirkung<\/p>\n<p>Bei diesen Camocloud Mid Cut Socken f\u00fcr M\u00e4nner sorgt die mittelhohe Kompression f\u00fcr eine tiefe Stimulation der Gelenke. Das Ergebnis ist mehr Stabilit\u00e4t und eine verbesserte Bewegungsfreiheit. So laufen Sie auch auf unebenen Wegen sicher. Zudem sorgt die aktive Kompression f\u00fcr einen sicheren Halt und leichtere F\u00fc\u00dfe.<\/p>\n<p><strong>Enge Passform f\u00fcr blasenfreies Laufen<\/strong><\/p>\n<p>Die Camocloud Mid Cut Socks beugen dank der faltenfreien, eng anliegenden Passform und dem bew\u00e4hrten Materialmix Blasen vor. Diese reduzieren die Reibung am Fu\u00df, die die Hauptursache f\u00fcr Blasenbildung ist. Dar\u00fcber hinaus sorgen neue Air-Channels f\u00fcr eine optimale Bel\u00fcftung und ein au\u00dfergew\u00f6hnliches Fu\u00dfklima. Trockene F\u00fc\u00dfe sind nicht nur angenehm, sondern verringern auch das Risiko von Blasenbildung.<\/p>\n<p><strong>Perfekter Komfort durch integrierte Polsterzonen<\/strong><\/p>\n<p>Die Camocloud Mid Cut Socken f\u00fcr Herren verf\u00fcgen \u00fcber anatomisch positionierte Polsterzonen. Die ausreichende D\u00e4mpfung sch\u00fctzt deinen Schritt und macht das Laufen noch komfortabler.<\/p>\n<p>Camouflage-Design, superbequemer Lauf und sicherer Halt: Genie\u00dfen Sie die Fahrt mit den Camocloud Mid Cut Socks f\u00fcr Herren. Bestellen Sie sie jetzt im Online Shop und entdecken Sie die anderen IT-Teile der neuen Camocloud Kollektion.<\/p>\n<p><strong>Eigenschaften:<\/strong><\/p>\n<ul>\n<li>Die bew\u00e4hrte Materialmischung und die eng anliegende, faltenfreie Passform verhindern Blasenbildung.<\/li>\n<li>Das tiefe Kompressionsmittel gibt dem Kn\u00f6chel Stabilit\u00e4t und reduziert das Verletzungsrisiko.<\/li>\n<li>Dank der anatomisch platzierten Polsterzonen im Fu\u00dfbereich genie\u00dfen Sie maximale D\u00e4mpfung.<\/li>\n<\/ul>\n<p><strong>Material:<\/strong> 86 % Polyamid, 14 % Elasthan .<\/p>\n<p>&nbsp;<\/p>\n","protected":false},"excerpt":{"rendered":"<p>Die neuen Camocloud Mid Cut Socken f\u00fcr Frauen sind beliebt dank ihres Camouflage-Looks, der effektiven Kompression und dem angenehmen Tragegef\u00fchl, das sie vermitteln. Sie laufen stabiler und sicherer. Und es gibt noch weitere Vorteile, wie z.B. die verminderte Gefahr der Blasenbildung. Sicherer laufen dank der stabilisierenden Kompressionswirkung Bei diesen Camocloud Mid Cut Socken f\u00fcr M\u00e4nner &hellip; <a href=\"https:\/\/www.miomiorun.com\/de\/produkt\/camocloud-mid-cut-damen\/\">Continued<\/a><\/p>\n","protected":false},"featured_media":67232,"template":"","meta":{"_acf_changed":false,"inline_featured_image":false},"product_brand":[],"product_cat":[6400,6401,6402],"product_tag":[3408,6210],"class_list":{"0":"post-176532","1":"product","2":"type-product","3":"status-publish","4":"has-post-thumbnail","6":"product_cat-damen","7":"product_cat-damenbekleidung","8":"product_cat-damensocken-de","9":"product_tag-cep-de","10":"product_tag-cep-damen-de","11":"pa_attivita-gehen","12":"pa_attivita-running-de","13":"pa_colore-camocloud-mid-cut-socks-w-pink-peacot-de","14":"pa_marca-cep-de","15":"pa_sesso-damen","16":"pa_size-40-43-de","18":"first","19":"instock","20":"taxable","21":"shipping-taxable","22":"purchasable","23":"product-type-variable","24":"wvs-archive-product-wrapper"},"acf":[],"yoast_head":"<!-- This site is optimized with the Yoast SEO plugin v26.8 - https:\/\/yoast.com\/product\/yoast-seo-wordpress\/ -->\n<title>CepCamocloud Mid Cut damen - Frauen-Laufsocken - MioMioRun<\/title>\n<meta name=\"description\" content=\"Die neuen Camocloud Mid Cut Socken f\u00fcr Frauen sind dank ihres Camouflage-Looks, ihrer effektiven Kompression und ihres Tragekomforts sehr beliebt.\" \/>\n<meta name=\"robots\" content=\"index, follow, max-snippet:-1, max-image-preview:large, max-video-preview:-1\" \/>\n<link rel=\"canonical\" href=\"https:\/\/www.miomiorun.com\/de\/produkt\/camocloud-mid-cut-damen\/\" \/>\n<meta property=\"og:locale\" content=\"de_DE\" \/>\n<meta property=\"og:type\" content=\"article\" \/>\n<meta property=\"og:title\" content=\"CepCamocloud Mid Cut damen - Frauen-Laufsocken - MioMioRun\" \/>\n<meta property=\"og:description\" content=\"Die neuen Camocloud Mid Cut Socken f\u00fcr Frauen sind dank ihres Camouflage-Looks, ihrer effektiven Kompression und ihres Tragekomforts sehr beliebt.\" \/>\n<meta property=\"og:url\" content=\"https:\/\/www.miomiorun.com\/de\/produkt\/camocloud-mid-cut-damen\/\" \/>\n<meta property=\"og:site_name\" content=\"MioMioRun\" \/>\n<meta property=\"article:publisher\" content=\"https:\/\/www.facebook.com\/miomiorun\/\" \/>\n<meta property=\"article:modified_time\" content=\"2024-07-02T12:38:16+00:00\" \/>\n<meta property=\"og:image\" content=\"https:\/\/www.miomiorun.com\/app\/uploads\/2022\/04\/cep-camocloud-mid-cut-socks-W-pink-peacot-WP2C6E.jpg\" \/>\n\t<meta property=\"og:image:width\" content=\"600\" \/>\n\t<meta property=\"og:image:height\" content=\"600\" \/>\n\t<meta property=\"og:image:type\" content=\"image\/jpeg\" \/>\n<meta name=\"twitter:card\" content=\"summary_large_image\" \/>\n<meta name=\"twitter:label1\" content=\"Est. reading time\" \/>\n\t<meta name=\"twitter:data1\" content=\"1 minute\" \/>\n<script type=\"application\/ld+json\" class=\"yoast-schema-graph\">{\"@context\":\"https:\/\/schema.org\",\"@graph\":[{\"@type\":\"WebPage\",\"@id\":\"https:\/\/www.miomiorun.com\/de\/produkt\/camocloud-mid-cut-damen\/\",\"url\":\"https:\/\/www.miomiorun.com\/de\/produkt\/camocloud-mid-cut-damen\/\",\"name\":\"CepCamocloud Mid Cut damen - Frauen-Laufsocken - MioMioRun\",\"isPartOf\":{\"@id\":\"https:\/\/www.miomiorun.com\/de\/#website\"},\"primaryImageOfPage\":{\"@id\":\"https:\/\/www.miomiorun.com\/de\/produkt\/camocloud-mid-cut-damen\/#primaryimage\"},\"image\":{\"@id\":\"https:\/\/www.miomiorun.com\/de\/produkt\/camocloud-mid-cut-damen\/#primaryimage\"},\"thumbnailUrl\":\"https:\/\/www.miomiorun.com\/app\/uploads\/2022\/04\/cep-camocloud-mid-cut-socks-W-pink-peacot-WP2C6E.jpg\",\"datePublished\":\"2022-04-06T08:59:04+00:00\",\"dateModified\":\"2024-07-02T12:38:16+00:00\",\"description\":\"Die neuen Camocloud Mid Cut Socken f\u00fcr Frauen sind dank ihres Camouflage-Looks, ihrer effektiven Kompression und ihres Tragekomforts sehr beliebt.\",\"breadcrumb\":{\"@id\":\"https:\/\/www.miomiorun.com\/de\/produkt\/camocloud-mid-cut-damen\/#breadcrumb\"},\"inLanguage\":\"de-DE\",\"potentialAction\":[{\"@type\":\"ReadAction\",\"target\":[\"https:\/\/www.miomiorun.com\/de\/produkt\/camocloud-mid-cut-damen\/\"]}]},{\"@type\":\"ImageObject\",\"inLanguage\":\"de-DE\",\"@id\":\"https:\/\/www.miomiorun.com\/de\/produkt\/camocloud-mid-cut-damen\/#primaryimage\",\"url\":\"https:\/\/www.miomiorun.com\/app\/uploads\/2022\/04\/cep-camocloud-mid-cut-socks-W-pink-peacot-WP2C6E.jpg\",\"contentUrl\":\"https:\/\/www.miomiorun.com\/app\/uploads\/2022\/04\/cep-camocloud-mid-cut-socks-W-pink-peacot-WP2C6E.jpg\",\"width\":600,\"height\":600,\"caption\":\"cep-camocloud-mid-cut-socks-W-pink-peacot-WP2C6E\"},{\"@type\":\"BreadcrumbList\",\"@id\":\"https:\/\/www.miomiorun.com\/de\/produkt\/camocloud-mid-cut-damen\/#breadcrumb\",\"itemListElement\":[{\"@type\":\"ListItem\",\"position\":1,\"name\":\"Home\",\"item\":\"https:\/\/www.miomiorun.com\/de\/\"},{\"@type\":\"ListItem\",\"position\":2,\"name\":\"Shop\",\"item\":\"https:\/\/www.miomiorun.com\/shop\/\"},{\"@type\":\"ListItem\",\"position\":3,\"name\":\"Camocloud Mid Cut damen\"}]},{\"@type\":\"WebSite\",\"@id\":\"https:\/\/www.miomiorun.com\/de\/#website\",\"url\":\"https:\/\/www.miomiorun.com\/de\/\",\"name\":\"MioMioRun\",\"description\":\"100% Lauf- und Trailshop\",\"publisher\":{\"@id\":\"https:\/\/www.miomiorun.com\/de\/#organization\"},\"potentialAction\":[{\"@type\":\"SearchAction\",\"target\":{\"@type\":\"EntryPoint\",\"urlTemplate\":\"https:\/\/www.miomiorun.com\/de\/?s={search_term_string}\"},\"query-input\":{\"@type\":\"PropertyValueSpecification\",\"valueRequired\":true,\"valueName\":\"search_term_string\"}}],\"inLanguage\":\"de-DE\"},{\"@type\":\"Organization\",\"@id\":\"https:\/\/www.miomiorun.com\/de\/#organization\",\"name\":\"MioMio Run\",\"url\":\"https:\/\/www.miomiorun.com\/de\/\",\"logo\":{\"@type\":\"ImageObject\",\"inLanguage\":\"de-DE\",\"@id\":\"https:\/\/www.miomiorun.com\/de\/#\/schema\/logo\/image\/\",\"url\":\"https:\/\/www.miomiorun.com\/app\/uploads\/2019\/12\/logomio.png\",\"contentUrl\":\"https:\/\/www.miomiorun.com\/app\/uploads\/2019\/12\/logomio.png\",\"width\":115,\"height\":82,\"caption\":\"MioMio Run\"},\"image\":{\"@id\":\"https:\/\/www.miomiorun.com\/de\/#\/schema\/logo\/image\/\"},\"sameAs\":[\"https:\/\/www.facebook.com\/miomiorun\/\",\"https:\/\/www.instagram.com\/miomiorun\/\"]}]}<\/script>\n<!-- \/ Yoast SEO plugin. -->","yoast_head_json":{"title":"CepCamocloud Mid Cut damen - Frauen-Laufsocken - MioMioRun","description":"Die neuen Camocloud Mid Cut Socken f\u00fcr Frauen sind dank ihres Camouflage-Looks, ihrer effektiven Kompression und ihres Tragekomforts sehr beliebt.","robots":{"index":"index","follow":"follow","max-snippet":"max-snippet:-1","max-image-preview":"max-image-preview:large","max-video-preview":"max-video-preview:-1"},"canonical":"https:\/\/www.miomiorun.com\/de\/produkt\/camocloud-mid-cut-damen\/","og_locale":"de_DE","og_type":"article","og_title":"CepCamocloud Mid Cut damen - Frauen-Laufsocken - MioMioRun","og_description":"Die neuen Camocloud Mid Cut Socken f\u00fcr Frauen sind dank ihres Camouflage-Looks, ihrer effektiven Kompression und ihres Tragekomforts sehr beliebt.","og_url":"https:\/\/www.miomiorun.com\/de\/produkt\/camocloud-mid-cut-damen\/","og_site_name":"MioMioRun","article_publisher":"https:\/\/www.facebook.com\/miomiorun\/","article_modified_time":"2024-07-02T12:38:16+00:00","og_image":[{"width":600,"height":600,"url":"https:\/\/www.miomiorun.com\/app\/uploads\/2022\/04\/cep-camocloud-mid-cut-socks-W-pink-peacot-WP2C6E.jpg","type":"image\/jpeg"}],"twitter_card":"summary_large_image","twitter_misc":{"Est. reading time":"1 minute"},"schema":{"@context":"https:\/\/schema.org","@graph":[{"@type":"WebPage","@id":"https:\/\/www.miomiorun.com\/de\/produkt\/camocloud-mid-cut-damen\/","url":"https:\/\/www.miomiorun.com\/de\/produkt\/camocloud-mid-cut-damen\/","name":"CepCamocloud Mid Cut damen - Frauen-Laufsocken - MioMioRun","isPartOf":{"@id":"https:\/\/www.miomiorun.com\/de\/#website"},"primaryImageOfPage":{"@id":"https:\/\/www.miomiorun.com\/de\/produkt\/camocloud-mid-cut-damen\/#primaryimage"},"image":{"@id":"https:\/\/www.miomiorun.com\/de\/produkt\/camocloud-mid-cut-damen\/#primaryimage"},"thumbnailUrl":"https:\/\/www.miomiorun.com\/app\/uploads\/2022\/04\/cep-camocloud-mid-cut-socks-W-pink-peacot-WP2C6E.jpg","datePublished":"2022-04-06T08:59:04+00:00","dateModified":"2024-07-02T12:38:16+00:00","description":"Die neuen Camocloud Mid Cut Socken f\u00fcr Frauen sind dank ihres Camouflage-Looks, ihrer effektiven Kompression und ihres Tragekomforts sehr beliebt.","breadcrumb":{"@id":"https:\/\/www.miomiorun.com\/de\/produkt\/camocloud-mid-cut-damen\/#breadcrumb"},"inLanguage":"de-DE","potentialAction":[{"@type":"ReadAction","target":["https:\/\/www.miomiorun.com\/de\/produkt\/camocloud-mid-cut-damen\/"]}]},{"@type":"ImageObject","inLanguage":"de-DE","@id":"https:\/\/www.miomiorun.com\/de\/produkt\/camocloud-mid-cut-damen\/#primaryimage","url":"https:\/\/www.miomiorun.com\/app\/uploads\/2022\/04\/cep-camocloud-mid-cut-socks-W-pink-peacot-WP2C6E.jpg","contentUrl":"https:\/\/www.miomiorun.com\/app\/uploads\/2022\/04\/cep-camocloud-mid-cut-socks-W-pink-peacot-WP2C6E.jpg","width":600,"height":600,"caption":"cep-camocloud-mid-cut-socks-W-pink-peacot-WP2C6E"},{"@type":"BreadcrumbList","@id":"https:\/\/www.miomiorun.com\/de\/produkt\/camocloud-mid-cut-damen\/#breadcrumb","itemListElement":[{"@type":"ListItem","position":1,"name":"Home","item":"https:\/\/www.miomiorun.com\/de\/"},{"@type":"ListItem","position":2,"name":"Shop","item":"https:\/\/www.miomiorun.com\/shop\/"},{"@type":"ListItem","position":3,"name":"Camocloud Mid Cut damen"}]},{"@type":"WebSite","@id":"https:\/\/www.miomiorun.com\/de\/#website","url":"https:\/\/www.miomiorun.com\/de\/","name":"MioMioRun","description":"100% Lauf- und Trailshop","publisher":{"@id":"https:\/\/www.miomiorun.com\/de\/#organization"},"potentialAction":[{"@type":"SearchAction","target":{"@type":"EntryPoint","urlTemplate":"https:\/\/www.miomiorun.com\/de\/?s={search_term_string}"},"query-input":{"@type":"PropertyValueSpecification","valueRequired":true,"valueName":"search_term_string"}}],"inLanguage":"de-DE"},{"@type":"Organization","@id":"https:\/\/www.miomiorun.com\/de\/#organization","name":"MioMio Run","url":"https:\/\/www.miomiorun.com\/de\/","logo":{"@type":"ImageObject","inLanguage":"de-DE","@id":"https:\/\/www.miomiorun.com\/de\/#\/schema\/logo\/image\/","url":"https:\/\/www.miomiorun.com\/app\/uploads\/2019\/12\/logomio.png","contentUrl":"https:\/\/www.miomiorun.com\/app\/uploads\/2019\/12\/logomio.png","width":115,"height":82,"caption":"MioMio Run"},"image":{"@id":"https:\/\/www.miomiorun.com\/de\/#\/schema\/logo\/image\/"},"sameAs":["https:\/\/www.facebook.com\/miomiorun\/","https:\/\/www.instagram.com\/miomiorun\/"]}]}},"_links":{"self":[{"href":"https:\/\/www.miomiorun.com\/de\/wp-json\/wp\/v2\/product\/176532","targetHints":{"allow":["GET"]}}],"collection":[{"href":"https:\/\/www.miomiorun.com\/de\/wp-json\/wp\/v2\/product"}],"about":[{"href":"https:\/\/www.miomiorun.com\/de\/wp-json\/wp\/v2\/types\/product"}],"wp:featuredmedia":[{"embeddable":true,"href":"https:\/\/www.miomiorun.com\/de\/wp-json\/wp\/v2\/media\/67232"}],"wp:attachment":[{"href":"https:\/\/www.miomiorun.com\/de\/wp-json\/wp\/v2\/media?parent=176532"}],"wp:term":[{"taxonomy":"product_brand","embeddable":true,"href":"https:\/\/www.miomiorun.com\/de\/wp-json\/wp\/v2\/product_brand?post=176532"},{"taxonomy":"product_cat","embeddable":true,"href":"https:\/\/www.miomiorun.com\/de\/wp-json\/wp\/v2\/product_cat?post=176532"},{"taxonomy":"product_tag","embeddable":true,"href":"https:\/\/www.miomiorun.com\/de\/wp-json\/wp\/v2\/product_tag?post=176532"}],"curies":[{"name":"wp","href":"https:\/\/api.w.org\/{rel}","templated":true}]}}