{"id":176530,"date":"2022-04-06T11:32:50","date_gmt":"2022-04-06T09:32:50","guid":{"rendered":"https:\/\/miomiorun.com\/prodotto\/cep-calf-sleeves-4-0-donna\/"},"modified":"2024-07-02T14:40:22","modified_gmt":"2024-07-02T12:40:22","slug":"calf-sleeves-4-0-damen","status":"publish","type":"product","link":"https:\/\/www.miomiorun.com\/de\/produkt\/calf-sleeves-4-0-damen\/","title":{"rendered":"Calf Sleeves 4.0 damen"},"content":{"rendered":"<p>Leichtigkeit durch Muskelstimulation: Das ausgekl\u00fcgelte Druckprofil der The<strong> Run Compression Calf Sleeves 4.0<\/strong> f\u00fcr Frauen ist Ihre Geheimwaffe f\u00fcr eine stabile Wadenmuskulatur bei Ihren L\u00e4ufen. Ihre Beine genie\u00dfen einen Energieschub und die optimierte N\u00e4hrstoffversorgung f\u00fchrt zu einem leichteren Gef\u00fchl. Unabh\u00e4ngig von Art und Umfang Ihres Trainings: Mit The Run Compression Calf Sleeves f\u00fcr Waden von CEP Activating Sportswear erhalten Sie den gew\u00fcnschten Komfort und die Unterst\u00fctzung, die Sie verdienen.<\/p>\n<p><strong>Gezielte Impulse f\u00fcr Ihre Waden mit mittlerer Kompression<\/strong><\/p>\n<p>Die Tiefenstimulation der Wadenmuskulatur der The Run Compression Calf Sleeves f\u00fcr M\u00e4nner basiert auf der innovativen Medium Compression, die ihren Ursprung in Deutschland hat. Diese basiert auf einem Kompressionsgarn, das einen optimalen Druck erzeugt.<\/p>\n<p><strong>Weniger Muskelvibration und mehr N\u00e4hrstoffe f\u00fcr mehr Energie<\/strong><\/p>\n<p>Der gezielte Druck stabilisiert die Wadenmuskulatur und reduziert gleichzeitig anstrengende Muskelvibrationen. Dank des Energieschubs sind Ihre Beine bereit f\u00fcr neue Rekorde. Die optimierte Blutzirkulation verbessert die N\u00e4hrstoffversorgung der Beine. Das Ergebnis sind sp\u00fcrbar leichtere und gut gen\u00e4hrte Beine. Der Feel-Good-Effekt steigert somit Ihre Ausdauer.<\/p>\n<p><strong>Der neue Standard f\u00fcr maximalen Komfort<\/strong><\/p>\n<p>Die Men&#8217;s Run Compression Calf Sleeves sind so angenehm zu tragen, dass man ihre Wirksamkeit dank der anatomischen Passform, die sich um die Waden legt, sp\u00fcren kann. Zudem wird das Klima dank des ausgewogenen Materialmixes und der angenehmen Mesh-Struktur optimal reguliert &#8211; egal wie anspruchsvoll Ihr Training ist.<\/p>\n<p><strong>Eigenschaften:<\/strong><\/p>\n<ul>\n<li>Gezielter Druck stimuliert die Waden bis in die Tiefe und erzeugt einen stabilisierenden Effekt.<\/li>\n<li>Die Beine erhalten einen zus\u00e4tzlichen Energieschub, da anstrengende Muskelvibrationen reduziert werden.<\/li>\n<li>Die optimierte N\u00e4hrstoffversorgung f\u00fchrt zu sp\u00fcrbar leichteren Beinen mit Feel-Good-Effekt.<\/li>\n<\/ul>\n<p>Material: 77 % Polyamid, 23 % Elasthan<\/p>\n<p>&nbsp;<\/p>\n","protected":false},"excerpt":{"rendered":"<p>Leichtigkeit durch Muskelstimulation: Das ausgekl\u00fcgelte Druckprofil der The Run Compression Calf Sleeves 4.0 f\u00fcr Frauen ist Ihre Geheimwaffe f\u00fcr eine stabile Wadenmuskulatur bei Ihren L\u00e4ufen. Ihre Beine genie\u00dfen einen Energieschub und die optimierte N\u00e4hrstoffversorgung f\u00fchrt zu einem leichteren Gef\u00fchl. Unabh\u00e4ngig von Art und Umfang Ihres Trainings: Mit The Run Compression Calf Sleeves f\u00fcr Waden von &hellip; <a href=\"https:\/\/www.miomiorun.com\/de\/produkt\/calf-sleeves-4-0-damen\/\">Continued<\/a><\/p>\n","protected":false},"featured_media":67235,"template":"","meta":{"_acf_changed":false,"inline_featured_image":false},"product_brand":[],"product_cat":[6400,6401,6402],"product_tag":[3408,6210],"class_list":{"0":"post-176530","1":"product","2":"type-product","3":"status-publish","4":"has-post-thumbnail","6":"product_cat-damen","7":"product_cat-damenbekleidung","8":"product_cat-damensocken-de","9":"product_tag-cep-de","10":"product_tag-cep-damen-de","11":"pa_attivita-gehen","12":"pa_attivita-running-de","13":"pa_attivita-trail-de","14":"pa_circonferenza-polpaccio-24-31-de","15":"pa_circonferenza-polpaccio-32-38-de","16":"pa_circonferenza-polpaccio-39-44-de","17":"pa_colore-calf-sleeves-v4-w-pink-de","18":"pa_colore-run-calf-sleeves-v4-w-black-de","19":"pa_marca-cep-de","20":"pa_sesso-damen","22":"first","23":"instock","24":"sale","25":"taxable","26":"shipping-taxable","27":"purchasable","28":"product-type-variable","29":"wvs-archive-product-wrapper"},"acf":[],"yoast_head":"<!-- This site is optimized with the Yoast SEO plugin v26.8 - https:\/\/yoast.com\/product\/yoast-seo-wordpress\/ -->\n<title>Cep Calf Sleeves 4.0 damen - Laufsocke - MioMioRun<\/title>\n<meta name=\"description\" content=\"Die tiefe Stimulation der Wadenmuskulatur von The Run Calf Sleeves 4.0 f\u00fcr Frauen basiert auf einer innovativen mittleren Kompression.\" \/>\n<meta name=\"robots\" content=\"index, follow, max-snippet:-1, max-image-preview:large, max-video-preview:-1\" \/>\n<link rel=\"canonical\" href=\"https:\/\/www.miomiorun.com\/de\/produkt\/calf-sleeves-4-0-damen\/\" \/>\n<meta property=\"og:locale\" content=\"de_DE\" \/>\n<meta property=\"og:type\" content=\"article\" \/>\n<meta property=\"og:title\" content=\"Cep Calf Sleeves 4.0 damen - Laufsocke - MioMioRun\" \/>\n<meta property=\"og:description\" content=\"Die tiefe Stimulation der Wadenmuskulatur von The Run Calf Sleeves 4.0 f\u00fcr Frauen basiert auf einer innovativen mittleren Kompression.\" \/>\n<meta property=\"og:url\" content=\"https:\/\/www.miomiorun.com\/de\/produkt\/calf-sleeves-4-0-damen\/\" \/>\n<meta property=\"og:site_name\" content=\"MioMioRun\" \/>\n<meta property=\"article:publisher\" content=\"https:\/\/www.facebook.com\/miomiorun\/\" \/>\n<meta property=\"article:modified_time\" content=\"2024-07-02T12:40:22+00:00\" \/>\n<meta property=\"og:image\" content=\"https:\/\/www.miomiorun.com\/app\/uploads\/2022\/04\/cep-calf-sleeves-v4-W-pink-WS204R.jpg\" \/>\n\t<meta property=\"og:image:width\" content=\"600\" \/>\n\t<meta property=\"og:image:height\" content=\"600\" \/>\n\t<meta property=\"og:image:type\" content=\"image\/jpeg\" \/>\n<meta name=\"twitter:card\" content=\"summary_large_image\" \/>\n<meta name=\"twitter:label1\" content=\"Est. reading time\" \/>\n\t<meta name=\"twitter:data1\" content=\"1 minute\" \/>\n<script type=\"application\/ld+json\" class=\"yoast-schema-graph\">{\"@context\":\"https:\/\/schema.org\",\"@graph\":[{\"@type\":\"WebPage\",\"@id\":\"https:\/\/www.miomiorun.com\/de\/produkt\/calf-sleeves-4-0-damen\/\",\"url\":\"https:\/\/www.miomiorun.com\/de\/produkt\/calf-sleeves-4-0-damen\/\",\"name\":\"Cep Calf Sleeves 4.0 damen - Laufsocke - MioMioRun\",\"isPartOf\":{\"@id\":\"https:\/\/www.miomiorun.com\/de\/#website\"},\"primaryImageOfPage\":{\"@id\":\"https:\/\/www.miomiorun.com\/de\/produkt\/calf-sleeves-4-0-damen\/#primaryimage\"},\"image\":{\"@id\":\"https:\/\/www.miomiorun.com\/de\/produkt\/calf-sleeves-4-0-damen\/#primaryimage\"},\"thumbnailUrl\":\"https:\/\/www.miomiorun.com\/app\/uploads\/2022\/04\/cep-calf-sleeves-v4-W-pink-WS204R.jpg\",\"datePublished\":\"2022-04-06T09:32:50+00:00\",\"dateModified\":\"2024-07-02T12:40:22+00:00\",\"description\":\"Die tiefe Stimulation der Wadenmuskulatur von The Run Calf Sleeves 4.0 f\u00fcr Frauen basiert auf einer innovativen mittleren Kompression.\",\"breadcrumb\":{\"@id\":\"https:\/\/www.miomiorun.com\/de\/produkt\/calf-sleeves-4-0-damen\/#breadcrumb\"},\"inLanguage\":\"de-DE\",\"potentialAction\":[{\"@type\":\"ReadAction\",\"target\":[\"https:\/\/www.miomiorun.com\/de\/produkt\/calf-sleeves-4-0-damen\/\"]}]},{\"@type\":\"ImageObject\",\"inLanguage\":\"de-DE\",\"@id\":\"https:\/\/www.miomiorun.com\/de\/produkt\/calf-sleeves-4-0-damen\/#primaryimage\",\"url\":\"https:\/\/www.miomiorun.com\/app\/uploads\/2022\/04\/cep-calf-sleeves-v4-W-pink-WS204R.jpg\",\"contentUrl\":\"https:\/\/www.miomiorun.com\/app\/uploads\/2022\/04\/cep-calf-sleeves-v4-W-pink-WS204R.jpg\",\"width\":600,\"height\":600,\"caption\":\"cep-calf-sleeves-v4-W-pink-WS204R\"},{\"@type\":\"BreadcrumbList\",\"@id\":\"https:\/\/www.miomiorun.com\/de\/produkt\/calf-sleeves-4-0-damen\/#breadcrumb\",\"itemListElement\":[{\"@type\":\"ListItem\",\"position\":1,\"name\":\"Home\",\"item\":\"https:\/\/www.miomiorun.com\/de\/\"},{\"@type\":\"ListItem\",\"position\":2,\"name\":\"Shop\",\"item\":\"https:\/\/www.miomiorun.com\/shop\/\"},{\"@type\":\"ListItem\",\"position\":3,\"name\":\"Calf Sleeves 4.0 damen\"}]},{\"@type\":\"WebSite\",\"@id\":\"https:\/\/www.miomiorun.com\/de\/#website\",\"url\":\"https:\/\/www.miomiorun.com\/de\/\",\"name\":\"MioMioRun\",\"description\":\"100% Lauf- und Trailshop\",\"publisher\":{\"@id\":\"https:\/\/www.miomiorun.com\/de\/#organization\"},\"potentialAction\":[{\"@type\":\"SearchAction\",\"target\":{\"@type\":\"EntryPoint\",\"urlTemplate\":\"https:\/\/www.miomiorun.com\/de\/?s={search_term_string}\"},\"query-input\":{\"@type\":\"PropertyValueSpecification\",\"valueRequired\":true,\"valueName\":\"search_term_string\"}}],\"inLanguage\":\"de-DE\"},{\"@type\":\"Organization\",\"@id\":\"https:\/\/www.miomiorun.com\/de\/#organization\",\"name\":\"MioMio Run\",\"url\":\"https:\/\/www.miomiorun.com\/de\/\",\"logo\":{\"@type\":\"ImageObject\",\"inLanguage\":\"de-DE\",\"@id\":\"https:\/\/www.miomiorun.com\/de\/#\/schema\/logo\/image\/\",\"url\":\"https:\/\/www.miomiorun.com\/app\/uploads\/2019\/12\/logomio.png\",\"contentUrl\":\"https:\/\/www.miomiorun.com\/app\/uploads\/2019\/12\/logomio.png\",\"width\":115,\"height\":82,\"caption\":\"MioMio Run\"},\"image\":{\"@id\":\"https:\/\/www.miomiorun.com\/de\/#\/schema\/logo\/image\/\"},\"sameAs\":[\"https:\/\/www.facebook.com\/miomiorun\/\",\"https:\/\/www.instagram.com\/miomiorun\/\"]}]}<\/script>\n<!-- \/ Yoast SEO plugin. -->","yoast_head_json":{"title":"Cep Calf Sleeves 4.0 damen - Laufsocke - MioMioRun","description":"Die tiefe Stimulation der Wadenmuskulatur von The Run Calf Sleeves 4.0 f\u00fcr Frauen basiert auf einer innovativen mittleren Kompression.","robots":{"index":"index","follow":"follow","max-snippet":"max-snippet:-1","max-image-preview":"max-image-preview:large","max-video-preview":"max-video-preview:-1"},"canonical":"https:\/\/www.miomiorun.com\/de\/produkt\/calf-sleeves-4-0-damen\/","og_locale":"de_DE","og_type":"article","og_title":"Cep Calf Sleeves 4.0 damen - Laufsocke - MioMioRun","og_description":"Die tiefe Stimulation der Wadenmuskulatur von The Run Calf Sleeves 4.0 f\u00fcr Frauen basiert auf einer innovativen mittleren Kompression.","og_url":"https:\/\/www.miomiorun.com\/de\/produkt\/calf-sleeves-4-0-damen\/","og_site_name":"MioMioRun","article_publisher":"https:\/\/www.facebook.com\/miomiorun\/","article_modified_time":"2024-07-02T12:40:22+00:00","og_image":[{"width":600,"height":600,"url":"https:\/\/www.miomiorun.com\/app\/uploads\/2022\/04\/cep-calf-sleeves-v4-W-pink-WS204R.jpg","type":"image\/jpeg"}],"twitter_card":"summary_large_image","twitter_misc":{"Est. reading time":"1 minute"},"schema":{"@context":"https:\/\/schema.org","@graph":[{"@type":"WebPage","@id":"https:\/\/www.miomiorun.com\/de\/produkt\/calf-sleeves-4-0-damen\/","url":"https:\/\/www.miomiorun.com\/de\/produkt\/calf-sleeves-4-0-damen\/","name":"Cep Calf Sleeves 4.0 damen - Laufsocke - MioMioRun","isPartOf":{"@id":"https:\/\/www.miomiorun.com\/de\/#website"},"primaryImageOfPage":{"@id":"https:\/\/www.miomiorun.com\/de\/produkt\/calf-sleeves-4-0-damen\/#primaryimage"},"image":{"@id":"https:\/\/www.miomiorun.com\/de\/produkt\/calf-sleeves-4-0-damen\/#primaryimage"},"thumbnailUrl":"https:\/\/www.miomiorun.com\/app\/uploads\/2022\/04\/cep-calf-sleeves-v4-W-pink-WS204R.jpg","datePublished":"2022-04-06T09:32:50+00:00","dateModified":"2024-07-02T12:40:22+00:00","description":"Die tiefe Stimulation der Wadenmuskulatur von The Run Calf Sleeves 4.0 f\u00fcr Frauen basiert auf einer innovativen mittleren Kompression.","breadcrumb":{"@id":"https:\/\/www.miomiorun.com\/de\/produkt\/calf-sleeves-4-0-damen\/#breadcrumb"},"inLanguage":"de-DE","potentialAction":[{"@type":"ReadAction","target":["https:\/\/www.miomiorun.com\/de\/produkt\/calf-sleeves-4-0-damen\/"]}]},{"@type":"ImageObject","inLanguage":"de-DE","@id":"https:\/\/www.miomiorun.com\/de\/produkt\/calf-sleeves-4-0-damen\/#primaryimage","url":"https:\/\/www.miomiorun.com\/app\/uploads\/2022\/04\/cep-calf-sleeves-v4-W-pink-WS204R.jpg","contentUrl":"https:\/\/www.miomiorun.com\/app\/uploads\/2022\/04\/cep-calf-sleeves-v4-W-pink-WS204R.jpg","width":600,"height":600,"caption":"cep-calf-sleeves-v4-W-pink-WS204R"},{"@type":"BreadcrumbList","@id":"https:\/\/www.miomiorun.com\/de\/produkt\/calf-sleeves-4-0-damen\/#breadcrumb","itemListElement":[{"@type":"ListItem","position":1,"name":"Home","item":"https:\/\/www.miomiorun.com\/de\/"},{"@type":"ListItem","position":2,"name":"Shop","item":"https:\/\/www.miomiorun.com\/shop\/"},{"@type":"ListItem","position":3,"name":"Calf Sleeves 4.0 damen"}]},{"@type":"WebSite","@id":"https:\/\/www.miomiorun.com\/de\/#website","url":"https:\/\/www.miomiorun.com\/de\/","name":"MioMioRun","description":"100% Lauf- und Trailshop","publisher":{"@id":"https:\/\/www.miomiorun.com\/de\/#organization"},"potentialAction":[{"@type":"SearchAction","target":{"@type":"EntryPoint","urlTemplate":"https:\/\/www.miomiorun.com\/de\/?s={search_term_string}"},"query-input":{"@type":"PropertyValueSpecification","valueRequired":true,"valueName":"search_term_string"}}],"inLanguage":"de-DE"},{"@type":"Organization","@id":"https:\/\/www.miomiorun.com\/de\/#organization","name":"MioMio Run","url":"https:\/\/www.miomiorun.com\/de\/","logo":{"@type":"ImageObject","inLanguage":"de-DE","@id":"https:\/\/www.miomiorun.com\/de\/#\/schema\/logo\/image\/","url":"https:\/\/www.miomiorun.com\/app\/uploads\/2019\/12\/logomio.png","contentUrl":"https:\/\/www.miomiorun.com\/app\/uploads\/2019\/12\/logomio.png","width":115,"height":82,"caption":"MioMio Run"},"image":{"@id":"https:\/\/www.miomiorun.com\/de\/#\/schema\/logo\/image\/"},"sameAs":["https:\/\/www.facebook.com\/miomiorun\/","https:\/\/www.instagram.com\/miomiorun\/"]}]}},"_links":{"self":[{"href":"https:\/\/www.miomiorun.com\/de\/wp-json\/wp\/v2\/product\/176530","targetHints":{"allow":["GET"]}}],"collection":[{"href":"https:\/\/www.miomiorun.com\/de\/wp-json\/wp\/v2\/product"}],"about":[{"href":"https:\/\/www.miomiorun.com\/de\/wp-json\/wp\/v2\/types\/product"}],"wp:featuredmedia":[{"embeddable":true,"href":"https:\/\/www.miomiorun.com\/de\/wp-json\/wp\/v2\/media\/67235"}],"wp:attachment":[{"href":"https:\/\/www.miomiorun.com\/de\/wp-json\/wp\/v2\/media?parent=176530"}],"wp:term":[{"taxonomy":"product_brand","embeddable":true,"href":"https:\/\/www.miomiorun.com\/de\/wp-json\/wp\/v2\/product_brand?post=176530"},{"taxonomy":"product_cat","embeddable":true,"href":"https:\/\/www.miomiorun.com\/de\/wp-json\/wp\/v2\/product_cat?post=176530"},{"taxonomy":"product_tag","embeddable":true,"href":"https:\/\/www.miomiorun.com\/de\/wp-json\/wp\/v2\/product_tag?post=176530"}],"curies":[{"name":"wp","href":"https:\/\/api.w.org\/{rel}","templated":true}]}}