{"id":176507,"date":"2023-04-20T17:18:14","date_gmt":"2023-04-20T15:18:14","guid":{"rendered":"https:\/\/miomiorun.com\/prodotto\/booster-elite-evo-2\/"},"modified":"2024-07-02T15:30:24","modified_gmt":"2024-07-02T13:30:24","slug":"booster-elite-evo-2","status":"publish","type":"product","link":"https:\/\/www.miomiorun.com\/de\/produkt\/booster-elite-evo-2\/","title":{"rendered":"Booster Elite Evo 2"},"content":{"rendered":"<p>Diese <strong>Booster EVO2<\/strong>-Kompressionsmanschette besteht aus verschiedenen Netztypen mit variabler Steifigkeit (ultraleicht\/leicht\/halbstarr\/starr), die einen spezifischen Druck auf die H\u00f6he der Wade, des Schienbeins und des Kn\u00f6chels aus\u00fcben.<\/p>\n<p>DER SHOCKWAVE-EFFEKT, die Hauptinnovation des BOOSTER Elite EVO2, reduziert Vibrationen und Muskelschwingungen, die beim Aufprall der F\u00fc\u00dfe auf den Boden entstehen, um bis zu 42 % und Muskelschmerzen nach Anstrengung um 39 %.<\/p>\n<p>Bei st\u00e4ndigem Tragen wehrt der BOOSTER Elite Evo2 das Schweregef\u00fchl in den Beinen ab, verz\u00f6gert die Erm\u00fcdungsschwelle, lindert Schmerzen, verringert das Risiko von Wunden und Muskelverletzungen erheblich und bereitet den Sportler auf eine optimale Erholung nach dem Sport vor.<\/p>\n<p><strong>Verwendung:<\/strong><\/p>\n<ul>\n<li>BOOSTER ELITE ist asymmetrisch. Achten Sie darauf, das BVSPORT-Logo vorne unter der Kniescheibe und das BOOSTER-Logo auf der Au\u00dfenseite der Wade zu platzieren.<\/li>\n<li>Von Hand oder in der Waschmaschine bei maximal 30\u00b0 waschen. Nat\u00fcrlich trocknen. Nicht auf Heizk\u00f6rpern oder im W\u00e4schetrockner trocknen<\/li>\n<li>Bei Venenerkrankungen konsultieren Sie bitte Ihren Arzt.<\/li>\n<li>Nicht im Liegen verwenden<\/li>\n<\/ul>\n<p><strong>Technologien:<\/strong><\/p>\n<h3>Breakout-Shirt \u201eSHOCKWAVE EFFECT\u201c<\/h3>\n<p>Technik: Der Wechsel von ultraflexiblen und starren Verbindungen f\u00f6rdert die D\u00e4mpfung und Sto\u00dfd\u00e4mpfung.<\/p>\n<p>Aktion: Diese neue Fertigungstechnik ist im BOOSTER vorhanden<\/p>\n<p>Vorteile: Deutliche Reduzierung von Vibrationen und parasit\u00e4ren Schwingungen, die Verletzungen und Muskelsch\u00e4den verursachen (Periostitis, Tibiafrakturen, DOMS).<\/p>\n<h3>Wadenst\u00fctze<\/h3>\n<p>Technik: Spezifischer Druck und starre Verbindungen auf Wadenh\u00f6he.<\/p>\n<p>Wirkung: Verbessert den ven\u00f6sen R\u00fcckfluss und beschleunigt die Ausscheidung von Giftstoffen (freie CO2-Radikale), die sich in der Wade ansammeln.<\/p>\n<p>Vorteile: Verhindert das Ph\u00e4nomen schwerer Beine und verz\u00f6gert die Erm\u00fcdungsschwelle. Reduziert das m\u00f6gliche Auftreten von Periostitis und DOMS.<\/p>\n<p>&nbsp;<\/p>\n","protected":false},"excerpt":{"rendered":"<ul>\n<li>BOOSTER ELITE ist asymmetrisch.<\/li>\n<li>Von Hand oder in der Waschmaschine bei maximal 30\u00b0 waschen.<\/li>\n<li>Bei Venenerkrankungen konsultieren Sie bitte Ihren Arzt.<\/li>\n<\/ul>\n","protected":false},"featured_media":128064,"template":"","meta":{"_acf_changed":false,"inline_featured_image":false},"product_brand":[],"product_cat":[6540,6514,6401,6402],"product_tag":[15504,15510,15507],"class_list":{"0":"post-176507","1":"product","2":"type-product","3":"status-publish","4":"has-post-thumbnail","6":"product_cat-herrenbekleidung","7":"product_cat-socken","8":"product_cat-damenbekleidung","9":"product_cat-damensocken-de","10":"product_tag-bv-sport-de","11":"product_tag-bv-sport-damen","12":"product_tag-bv-sport-herren","13":"pa_attivita-outdoor-de","14":"pa_attivita-running-de","15":"pa_attivita-trail-de","16":"pa_colore-booster-elite-evo-2-nero-de","17":"pa_marca-bv-sport-de","18":"pa_sesso-damen","19":"pa_sesso-herren","20":"pa_size-l-de","21":"pa_size-medium-de","22":"pa_size-large-de","24":"first","25":"instock","26":"sale","27":"taxable","28":"shipping-taxable","29":"purchasable","30":"product-type-variable","31":"wvs-archive-product-wrapper"},"acf":[],"yoast_head":"<!-- This site is optimized with the Yoast SEO plugin v26.8 - https:\/\/yoast.com\/product\/yoast-seo-wordpress\/ -->\n<title>Bv SportBooster Elite Evo 2 - Laufsocken f\u00fcr Herren - MioMioRun<\/title>\n<meta name=\"description\" content=\"Diese Booster EVO2-Kompressionsmanschette ist f\u00fcr den Einsatz mit verschiedenen Arten von Netzen mit variabler Steifigkeit konzipiert, die Druck aus\u00fcben\" \/>\n<meta name=\"robots\" content=\"index, follow, max-snippet:-1, max-image-preview:large, max-video-preview:-1\" \/>\n<link rel=\"canonical\" href=\"https:\/\/www.miomiorun.com\/de\/produkt\/booster-elite-evo-2\/\" \/>\n<meta property=\"og:locale\" content=\"de_DE\" \/>\n<meta property=\"og:type\" content=\"article\" \/>\n<meta property=\"og:title\" content=\"Bv SportBooster Elite Evo 2 - Laufsocken f\u00fcr Herren - MioMioRun\" \/>\n<meta property=\"og:description\" content=\"Diese Booster EVO2-Kompressionsmanschette ist f\u00fcr den Einsatz mit verschiedenen Arten von Netzen mit variabler Steifigkeit konzipiert, die Druck aus\u00fcben\" \/>\n<meta property=\"og:url\" content=\"https:\/\/www.miomiorun.com\/de\/produkt\/booster-elite-evo-2\/\" \/>\n<meta property=\"og:site_name\" content=\"MioMioRun\" \/>\n<meta property=\"article:publisher\" content=\"https:\/\/www.facebook.com\/miomiorun\/\" \/>\n<meta property=\"article:modified_time\" content=\"2024-07-02T13:30:24+00:00\" \/>\n<meta property=\"og:image\" content=\"https:\/\/www.miomiorun.com\/app\/uploads\/2023\/06\/bv-sport-booster-elite-evo-2-nero-114-001.jpg\" \/>\n\t<meta property=\"og:image:width\" content=\"600\" \/>\n\t<meta property=\"og:image:height\" content=\"600\" \/>\n\t<meta property=\"og:image:type\" content=\"image\/jpeg\" \/>\n<meta name=\"twitter:card\" content=\"summary_large_image\" \/>\n<meta name=\"twitter:label1\" content=\"Est. reading time\" \/>\n\t<meta name=\"twitter:data1\" content=\"1 minute\" \/>\n<script type=\"application\/ld+json\" class=\"yoast-schema-graph\">{\"@context\":\"https:\/\/schema.org\",\"@graph\":[{\"@type\":\"WebPage\",\"@id\":\"https:\/\/www.miomiorun.com\/de\/produkt\/booster-elite-evo-2\/\",\"url\":\"https:\/\/www.miomiorun.com\/de\/produkt\/booster-elite-evo-2\/\",\"name\":\"Bv SportBooster Elite Evo 2 - Laufsocken f\u00fcr Herren - MioMioRun\",\"isPartOf\":{\"@id\":\"https:\/\/www.miomiorun.com\/de\/#website\"},\"primaryImageOfPage\":{\"@id\":\"https:\/\/www.miomiorun.com\/de\/produkt\/booster-elite-evo-2\/#primaryimage\"},\"image\":{\"@id\":\"https:\/\/www.miomiorun.com\/de\/produkt\/booster-elite-evo-2\/#primaryimage\"},\"thumbnailUrl\":\"https:\/\/www.miomiorun.com\/app\/uploads\/2023\/06\/bv-sport-booster-elite-evo-2-nero-114-001.jpg\",\"datePublished\":\"2023-04-20T15:18:14+00:00\",\"dateModified\":\"2024-07-02T13:30:24+00:00\",\"description\":\"Diese Booster EVO2-Kompressionsmanschette ist f\u00fcr den Einsatz mit verschiedenen Arten von Netzen mit variabler Steifigkeit konzipiert, die Druck aus\u00fcben\",\"breadcrumb\":{\"@id\":\"https:\/\/www.miomiorun.com\/de\/produkt\/booster-elite-evo-2\/#breadcrumb\"},\"inLanguage\":\"de-DE\",\"potentialAction\":[{\"@type\":\"ReadAction\",\"target\":[\"https:\/\/www.miomiorun.com\/de\/produkt\/booster-elite-evo-2\/\"]}]},{\"@type\":\"ImageObject\",\"inLanguage\":\"de-DE\",\"@id\":\"https:\/\/www.miomiorun.com\/de\/produkt\/booster-elite-evo-2\/#primaryimage\",\"url\":\"https:\/\/www.miomiorun.com\/app\/uploads\/2023\/06\/bv-sport-booster-elite-evo-2-nero-114-001.jpg\",\"contentUrl\":\"https:\/\/www.miomiorun.com\/app\/uploads\/2023\/06\/bv-sport-booster-elite-evo-2-nero-114-001.jpg\",\"width\":600,\"height\":600,\"caption\":\"bv-sport-booster-elite-evo-2-nero-114-001\"},{\"@type\":\"BreadcrumbList\",\"@id\":\"https:\/\/www.miomiorun.com\/de\/produkt\/booster-elite-evo-2\/#breadcrumb\",\"itemListElement\":[{\"@type\":\"ListItem\",\"position\":1,\"name\":\"Home\",\"item\":\"https:\/\/www.miomiorun.com\/de\/\"},{\"@type\":\"ListItem\",\"position\":2,\"name\":\"Shop\",\"item\":\"https:\/\/www.miomiorun.com\/shop\/\"},{\"@type\":\"ListItem\",\"position\":3,\"name\":\"Booster Elite Evo 2\"}]},{\"@type\":\"WebSite\",\"@id\":\"https:\/\/www.miomiorun.com\/de\/#website\",\"url\":\"https:\/\/www.miomiorun.com\/de\/\",\"name\":\"MioMioRun\",\"description\":\"100% Lauf- und Trailshop\",\"publisher\":{\"@id\":\"https:\/\/www.miomiorun.com\/de\/#organization\"},\"potentialAction\":[{\"@type\":\"SearchAction\",\"target\":{\"@type\":\"EntryPoint\",\"urlTemplate\":\"https:\/\/www.miomiorun.com\/de\/?s={search_term_string}\"},\"query-input\":{\"@type\":\"PropertyValueSpecification\",\"valueRequired\":true,\"valueName\":\"search_term_string\"}}],\"inLanguage\":\"de-DE\"},{\"@type\":\"Organization\",\"@id\":\"https:\/\/www.miomiorun.com\/de\/#organization\",\"name\":\"MioMio Run\",\"url\":\"https:\/\/www.miomiorun.com\/de\/\",\"logo\":{\"@type\":\"ImageObject\",\"inLanguage\":\"de-DE\",\"@id\":\"https:\/\/www.miomiorun.com\/de\/#\/schema\/logo\/image\/\",\"url\":\"https:\/\/www.miomiorun.com\/app\/uploads\/2019\/12\/logomio.png\",\"contentUrl\":\"https:\/\/www.miomiorun.com\/app\/uploads\/2019\/12\/logomio.png\",\"width\":115,\"height\":82,\"caption\":\"MioMio Run\"},\"image\":{\"@id\":\"https:\/\/www.miomiorun.com\/de\/#\/schema\/logo\/image\/\"},\"sameAs\":[\"https:\/\/www.facebook.com\/miomiorun\/\",\"https:\/\/www.instagram.com\/miomiorun\/\"]}]}<\/script>\n<!-- \/ Yoast SEO plugin. -->","yoast_head_json":{"title":"Bv SportBooster Elite Evo 2 - Laufsocken f\u00fcr Herren - MioMioRun","description":"Diese Booster EVO2-Kompressionsmanschette ist f\u00fcr den Einsatz mit verschiedenen Arten von Netzen mit variabler Steifigkeit konzipiert, die Druck aus\u00fcben","robots":{"index":"index","follow":"follow","max-snippet":"max-snippet:-1","max-image-preview":"max-image-preview:large","max-video-preview":"max-video-preview:-1"},"canonical":"https:\/\/www.miomiorun.com\/de\/produkt\/booster-elite-evo-2\/","og_locale":"de_DE","og_type":"article","og_title":"Bv SportBooster Elite Evo 2 - Laufsocken f\u00fcr Herren - MioMioRun","og_description":"Diese Booster EVO2-Kompressionsmanschette ist f\u00fcr den Einsatz mit verschiedenen Arten von Netzen mit variabler Steifigkeit konzipiert, die Druck aus\u00fcben","og_url":"https:\/\/www.miomiorun.com\/de\/produkt\/booster-elite-evo-2\/","og_site_name":"MioMioRun","article_publisher":"https:\/\/www.facebook.com\/miomiorun\/","article_modified_time":"2024-07-02T13:30:24+00:00","og_image":[{"width":600,"height":600,"url":"https:\/\/www.miomiorun.com\/app\/uploads\/2023\/06\/bv-sport-booster-elite-evo-2-nero-114-001.jpg","type":"image\/jpeg"}],"twitter_card":"summary_large_image","twitter_misc":{"Est. reading time":"1 minute"},"schema":{"@context":"https:\/\/schema.org","@graph":[{"@type":"WebPage","@id":"https:\/\/www.miomiorun.com\/de\/produkt\/booster-elite-evo-2\/","url":"https:\/\/www.miomiorun.com\/de\/produkt\/booster-elite-evo-2\/","name":"Bv SportBooster Elite Evo 2 - Laufsocken f\u00fcr Herren - MioMioRun","isPartOf":{"@id":"https:\/\/www.miomiorun.com\/de\/#website"},"primaryImageOfPage":{"@id":"https:\/\/www.miomiorun.com\/de\/produkt\/booster-elite-evo-2\/#primaryimage"},"image":{"@id":"https:\/\/www.miomiorun.com\/de\/produkt\/booster-elite-evo-2\/#primaryimage"},"thumbnailUrl":"https:\/\/www.miomiorun.com\/app\/uploads\/2023\/06\/bv-sport-booster-elite-evo-2-nero-114-001.jpg","datePublished":"2023-04-20T15:18:14+00:00","dateModified":"2024-07-02T13:30:24+00:00","description":"Diese Booster EVO2-Kompressionsmanschette ist f\u00fcr den Einsatz mit verschiedenen Arten von Netzen mit variabler Steifigkeit konzipiert, die Druck aus\u00fcben","breadcrumb":{"@id":"https:\/\/www.miomiorun.com\/de\/produkt\/booster-elite-evo-2\/#breadcrumb"},"inLanguage":"de-DE","potentialAction":[{"@type":"ReadAction","target":["https:\/\/www.miomiorun.com\/de\/produkt\/booster-elite-evo-2\/"]}]},{"@type":"ImageObject","inLanguage":"de-DE","@id":"https:\/\/www.miomiorun.com\/de\/produkt\/booster-elite-evo-2\/#primaryimage","url":"https:\/\/www.miomiorun.com\/app\/uploads\/2023\/06\/bv-sport-booster-elite-evo-2-nero-114-001.jpg","contentUrl":"https:\/\/www.miomiorun.com\/app\/uploads\/2023\/06\/bv-sport-booster-elite-evo-2-nero-114-001.jpg","width":600,"height":600,"caption":"bv-sport-booster-elite-evo-2-nero-114-001"},{"@type":"BreadcrumbList","@id":"https:\/\/www.miomiorun.com\/de\/produkt\/booster-elite-evo-2\/#breadcrumb","itemListElement":[{"@type":"ListItem","position":1,"name":"Home","item":"https:\/\/www.miomiorun.com\/de\/"},{"@type":"ListItem","position":2,"name":"Shop","item":"https:\/\/www.miomiorun.com\/shop\/"},{"@type":"ListItem","position":3,"name":"Booster Elite Evo 2"}]},{"@type":"WebSite","@id":"https:\/\/www.miomiorun.com\/de\/#website","url":"https:\/\/www.miomiorun.com\/de\/","name":"MioMioRun","description":"100% Lauf- und Trailshop","publisher":{"@id":"https:\/\/www.miomiorun.com\/de\/#organization"},"potentialAction":[{"@type":"SearchAction","target":{"@type":"EntryPoint","urlTemplate":"https:\/\/www.miomiorun.com\/de\/?s={search_term_string}"},"query-input":{"@type":"PropertyValueSpecification","valueRequired":true,"valueName":"search_term_string"}}],"inLanguage":"de-DE"},{"@type":"Organization","@id":"https:\/\/www.miomiorun.com\/de\/#organization","name":"MioMio Run","url":"https:\/\/www.miomiorun.com\/de\/","logo":{"@type":"ImageObject","inLanguage":"de-DE","@id":"https:\/\/www.miomiorun.com\/de\/#\/schema\/logo\/image\/","url":"https:\/\/www.miomiorun.com\/app\/uploads\/2019\/12\/logomio.png","contentUrl":"https:\/\/www.miomiorun.com\/app\/uploads\/2019\/12\/logomio.png","width":115,"height":82,"caption":"MioMio Run"},"image":{"@id":"https:\/\/www.miomiorun.com\/de\/#\/schema\/logo\/image\/"},"sameAs":["https:\/\/www.facebook.com\/miomiorun\/","https:\/\/www.instagram.com\/miomiorun\/"]}]}},"_links":{"self":[{"href":"https:\/\/www.miomiorun.com\/de\/wp-json\/wp\/v2\/product\/176507","targetHints":{"allow":["GET"]}}],"collection":[{"href":"https:\/\/www.miomiorun.com\/de\/wp-json\/wp\/v2\/product"}],"about":[{"href":"https:\/\/www.miomiorun.com\/de\/wp-json\/wp\/v2\/types\/product"}],"wp:featuredmedia":[{"embeddable":true,"href":"https:\/\/www.miomiorun.com\/de\/wp-json\/wp\/v2\/media\/128064"}],"wp:attachment":[{"href":"https:\/\/www.miomiorun.com\/de\/wp-json\/wp\/v2\/media?parent=176507"}],"wp:term":[{"taxonomy":"product_brand","embeddable":true,"href":"https:\/\/www.miomiorun.com\/de\/wp-json\/wp\/v2\/product_brand?post=176507"},{"taxonomy":"product_cat","embeddable":true,"href":"https:\/\/www.miomiorun.com\/de\/wp-json\/wp\/v2\/product_cat?post=176507"},{"taxonomy":"product_tag","embeddable":true,"href":"https:\/\/www.miomiorun.com\/de\/wp-json\/wp\/v2\/product_tag?post=176507"}],"curies":[{"name":"wp","href":"https:\/\/api.w.org\/{rel}","templated":true}]}}