{"id":176505,"date":"2023-04-20T18:24:14","date_gmt":"2023-04-20T16:24:14","guid":{"rendered":"https:\/\/miomiorun.com\/prodotto\/trail-elite\/"},"modified":"2024-07-02T15:35:03","modified_gmt":"2024-07-02T13:35:03","slug":"trail-elite","status":"publish","type":"product","link":"https:\/\/www.miomiorun.com\/de\/produkt\/trail-elite\/","title":{"rendered":"Trail Elite"},"content":{"rendered":"<p><div class=\"vc-row container\"><div class=\"vc-column\"><div class=\"vc-column-text\"><\/p>\n<p>Die in Frankreich hergestellten kurzen Bv Sport TRAIL ELITE-Socken sind technisch, bequem, widerstandsf\u00e4hig und extrem verst\u00e4rkt. Diese niedrigen Socken eignen sich f\u00fcr Trailfahrten \u00fcber alle Distanzen.<\/p>\n<p>Sie verf\u00fcgen \u00fcber gezielte Verst\u00e4rkungen an strategischen Punkten des Fu\u00dfes und eine stabilisierende Unterst\u00fctzung auf Kn\u00f6chelh\u00f6he, um optimalen Komfort zu gew\u00e4hrleisten. Mit seinem atmungsaktiven Mesh leitet es Schwei\u00df schnell ab, um bei Ausfl\u00fcgen k\u00fchl und trocken zu bleiben.<\/p>\n<p><img loading=\"lazy\" decoding=\"async\" src=\"https:\/\/m1.bvsport.com\/img\/cms\/Fiches_Produits\/Socquettes\/Eco-responsable_2.jpg\" alt=\"Packaging_\u00e9co-responsable\" width=\"30\" height=\"31\" \/> Da es f\u00fcr uns eine Ehrensache ist, eine umweltbewusste Haltung einzunehmen, wurde die Verpackung dieses Produkts vollst\u00e4ndig aus recycelbaren Materialien gestaltet.<\/p>\n<h4>Eigenschaften:<\/h4>\n<p>Die in Frankreich hergestellten schwarz-grauen kurzen Socken TRAIL ELITE wurden f\u00fcr Trailrunning \u00fcber alle Distanzen entwickelt und sind technisch, bequem, langlebig und extrem verst\u00e4rkt.<\/p>\n<ul>\n<li>Sie verf\u00fcgen \u00fcber eine ultraverst\u00e4rkte anatomische 3D-Sohle, die die Stabilit\u00e4t des Fu\u00dfes im Schuh verbessert und ihn vor St\u00f6\u00dfen beim Aufprall auf den Boden sch\u00fctzt.<\/li>\n<li>Durch die 360\u00b0-Unterst\u00fctzung und Stabilisierung von Fu\u00df und Kn\u00f6chel k\u00f6nnen Sie den Kn\u00f6chel st\u00fctzen und den Fu\u00df im Schuh stabilisieren.<\/li>\n<li>Die TRAIL ELITE-Kurzsocken verf\u00fcgen \u00fcber Verst\u00e4rkungen, die auf die Aufw\u00e4rmbereiche oder strategischen Kontaktstellen ausgerichtet sind, die in unebenem Gel\u00e4nde stark beansprucht werden: die Achillessehne, den Schn\u00fcrpunkt, die Ferse und die Zehen.<\/li>\n<li>Das leichte Wabennetz erm\u00f6glicht die Ableitung des Schwei\u00dfes w\u00e4hrend der gesamten Anstrengung, um so lange wie m\u00f6glich trocken zu bleiben.<\/li>\n<li>Der breite Rippenrand verhindert den Tourniquet-Effekt und h\u00e4lt die Socke gleichzeitig effektiv an Ort und Stelle.<\/li>\n<li>Die niedrigen Socken TRAIL ELITE verf\u00fcgen \u00fcber flache N\u00e4hte, um Reibung und Fu\u00dfsohlenreizungen zu begrenzen. Sie sind au\u00dferdem asymmetrisch, um sich perfekt an die Plantaranatomie anzupassen.<\/li>\n<\/ul>\n<p>&nbsp;<\/p>\n<p><\/div><\/div><\/div><div class=\"vc-row container\"><div class=\"vc-column\"><div class=\"vc-column-text\"><a href=\"https:\/\/miomiorun.com\/wp-content\/uploads\/2023\/04\/bv-sport-trail-elite.jpg\"><img loading=\"lazy\" decoding=\"async\" class=\"size-full wp-image-128039 aligncenter\" src=\"https:\/\/miomiorun.com\/wp-content\/uploads\/2023\/04\/bv-sport-trail-elite.jpg\" alt=\"\" width=\"687\" height=\"551\" srcset=\"https:\/\/www.miomiorun.com\/app\/uploads\/2023\/04\/bv-sport-trail-elite.jpg 687w, https:\/\/www.miomiorun.com\/app\/uploads\/2023\/04\/bv-sport-trail-elite-600x481.jpg 600w, https:\/\/www.miomiorun.com\/app\/uploads\/2023\/04\/bv-sport-trail-elite-300x241.jpg 300w, https:\/\/www.miomiorun.com\/app\/uploads\/2023\/04\/bv-sport-trail-elite-640x513.jpg 640w, https:\/\/www.miomiorun.com\/app\/uploads\/2023\/04\/bv-sport-trail-elite-400x321.jpg 400w, https:\/\/www.miomiorun.com\/app\/uploads\/2023\/04\/bv-sport-trail-elite-480x385.jpg 480w\" sizes=\"auto, (max-width: 687px) 100vw, 687px\" \/><\/a><\/div><\/div><div class=\"vc-column\"><div class=\"vc-column-text\"><\/p>\n<h4>Technologien:<\/h4>\n<p><strong>Ultraverst\u00e4rkte anatomische 3D-Sohle<\/strong><\/p>\n<p>Technik: Kombination aus 2 Strickarten (dick und fein) mit integrierter Lockenwebung.<\/p>\n<p>Wirkung: Sch\u00fctzt Kontaktbereiche, optimiert die Propriozeption und verbessert die Fu\u00dfstabilisierung.<\/p>\n<p>Vorteile: Reduzierung von Reibung und W\u00e4rmestau in der Sohle.<\/p>\n<p>360\u00b0-Unterst\u00fctzung und Stabilisierung von Fu\u00df und Kn\u00f6chel<\/p>\n<p>Technik: Rippstrick am Kn\u00f6chelgelenk positioniert.<\/p>\n<p>Wirkung: Pflegt und stabilisiert den Kn\u00f6chel, ohne zu komprimieren.<\/p>\n<p>Vorteile: Optimale Kn\u00f6chelunterst\u00fctzung beim Schritt.<\/p>\n<p><strong>Achillessehnenschutz<\/strong><\/p>\n<p>Technik: Ringnaht an der Achillessehne.<\/p>\n<p>Wirkung: Sch\u00fctzt empfindliche Strukturen und absorbiert St\u00f6\u00dfe.<\/p>\n<p>Vorteile: Bietet gezielten Schutz.<\/p>\n<p><strong>Bel\u00fcftetes Hemd<\/strong><\/p>\n<p>Technik: Leichtes Wabennetz auf der Oberseite des Fu\u00dfes.<\/p>\n<p>Wirkung: Beschleunigt die W\u00e4rmeregulierung. Optimale Bel\u00fcftung.<\/p>\n<p>Vorteile: Leitet Schwei\u00df effektiv ab.<\/p>\n<p><strong>Fersen- und Zehenverst\u00e4rkung<\/strong><\/p>\n<p>Technik: Reibungsfreies Mesh an Zehen und Ferse.<\/p>\n<p>Wirkung: Begrenzt den W\u00e4rmestau und die Reibung an den Fu\u00dfenden.<\/p>\n<p>Vorteile: Verbessert den Komfort und reduziert das Auftreten von Blasen.<\/p>\n<p><strong>Verst\u00e4rkung im Schn\u00fcrbereich<\/strong><\/p>\n<p>Technik: Lockenweben.<\/p>\n<p>Wirkung: Begrenzt den W\u00e4rmestau im oberen Teil des Fu\u00dfes in Kontakt mit dem Schn\u00fcrbereich und der Schuhzunge.<\/p>\n<p>Vorteile: Verbessert den Komfort und begrenzt den Druck durch die Schn\u00fcrung.<\/p>\n<p><strong>Breiter gerippter Rand<\/strong><\/p>\n<p>Technik: Reliefstreifen am oberen Sockenrand.<\/p>\n<p>Wirkung: H\u00e4lt die Socke effektiv fest, ohne einen Stauungseffekt zu verursachen.<\/p>\n<p>Vorteile: Verbessert den Halt des Stiels.<\/p>\n<p>&nbsp;<\/p>\n<p><\/div><\/div><\/div><\/p>\n","protected":false},"excerpt":{"rendered":"<ul>\n<li>Sie verf\u00fcgen \u00fcber eine ultraverst\u00e4rkte anatomische 3D-Sohle<\/li>\n<li>360\u00b0-Unterst\u00fctzung und Stabilisierung von Fu\u00df und Kn\u00f6chel<\/li>\n<li>Die kurzen Socken TRAIL ELITE verf\u00fcgen \u00fcber gezielte Verst\u00e4rkungen an w\u00e4rmenden Stellen<\/li>\n<\/ul>\n","protected":false},"featured_media":128038,"template":"","meta":{"_acf_changed":false,"inline_featured_image":false},"product_brand":[],"product_cat":[6540,6514,6401,6402],"product_tag":[15504,15510,15507],"class_list":{"0":"post-176505","1":"product","2":"type-product","3":"status-publish","4":"has-post-thumbnail","6":"product_cat-herrenbekleidung","7":"product_cat-socken","8":"product_cat-damenbekleidung","9":"product_cat-damensocken-de","10":"product_tag-bv-sport-de","11":"product_tag-bv-sport-damen","12":"product_tag-bv-sport-herren","13":"pa_attivita-gehen","14":"pa_attivita-outdoor-de","15":"pa_attivita-trail-de","16":"pa_colore-trail-elite-blu-nero-de","17":"pa_colore-trail-elite-blu-rosa-de","18":"pa_colore-trail-elite-nero-grigio-de","19":"pa_colore-trail-elite-verde-blu-de","20":"pa_marca-bv-sport-de","21":"pa_sesso-damen","22":"pa_sesso-herren","23":"pa_size-36-38-de","24":"pa_size-39-41-de","25":"pa_size-42-44-de","27":"first","28":"instock","29":"sale","30":"taxable","31":"shipping-taxable","32":"purchasable","33":"product-type-variable","34":"wvs-archive-product-wrapper"},"acf":[],"yoast_head":"<!-- This site is optimized with the Yoast SEO plugin v26.8 - https:\/\/yoast.com\/product\/yoast-seo-wordpress\/ -->\n<title>Bv Sport Trail Elite - Laufsocken f\u00fcr Herren - MioMioRun .com<\/title>\n<meta name=\"description\" content=\"Bv Sport \u201eTRAIL ELITE\u201c sind technisch, bequem, widerstandsf\u00e4hig und besonders verst\u00e4rkt. Diese niedrigen Socken eignen sich f\u00fcr Trailfahrten \u00fcber alle Distanzen.\" \/>\n<meta name=\"robots\" content=\"index, follow, max-snippet:-1, max-image-preview:large, max-video-preview:-1\" \/>\n<link rel=\"canonical\" href=\"https:\/\/www.miomiorun.com\/de\/produkt\/trail-elite\/\" \/>\n<meta property=\"og:locale\" content=\"de_DE\" \/>\n<meta property=\"og:type\" content=\"article\" \/>\n<meta property=\"og:title\" content=\"Bv Sport Trail Elite - Laufsocken f\u00fcr Herren - MioMioRun .com\" \/>\n<meta property=\"og:description\" content=\"Bv Sport \u201eTRAIL ELITE\u201c sind technisch, bequem, widerstandsf\u00e4hig und besonders verst\u00e4rkt. Diese niedrigen Socken eignen sich f\u00fcr Trailfahrten \u00fcber alle Distanzen.\" \/>\n<meta property=\"og:url\" content=\"https:\/\/www.miomiorun.com\/de\/produkt\/trail-elite\/\" \/>\n<meta property=\"og:site_name\" content=\"MioMioRun\" \/>\n<meta property=\"article:publisher\" content=\"https:\/\/www.facebook.com\/miomiorun\/\" \/>\n<meta property=\"article:modified_time\" content=\"2024-07-02T13:35:03+00:00\" \/>\n<meta property=\"og:image\" content=\"https:\/\/www.miomiorun.com\/app\/uploads\/2023\/06\/bv-sport-trail-elite-verde-blu-290-010.jpg\" \/>\n\t<meta property=\"og:image:width\" content=\"600\" \/>\n\t<meta property=\"og:image:height\" content=\"600\" \/>\n\t<meta property=\"og:image:type\" content=\"image\/jpeg\" \/>\n<meta name=\"twitter:card\" content=\"summary_large_image\" \/>\n<meta name=\"twitter:label1\" content=\"Est. reading time\" \/>\n\t<meta name=\"twitter:data1\" content=\"3 minutes\" \/>\n<script type=\"application\/ld+json\" class=\"yoast-schema-graph\">{\"@context\":\"https:\/\/schema.org\",\"@graph\":[{\"@type\":\"WebPage\",\"@id\":\"https:\/\/www.miomiorun.com\/de\/produkt\/trail-elite\/\",\"url\":\"https:\/\/www.miomiorun.com\/de\/produkt\/trail-elite\/\",\"name\":\"Bv Sport Trail Elite - Laufsocken f\u00fcr Herren - MioMioRun .com\",\"isPartOf\":{\"@id\":\"https:\/\/www.miomiorun.com\/de\/#website\"},\"primaryImageOfPage\":{\"@id\":\"https:\/\/www.miomiorun.com\/de\/produkt\/trail-elite\/#primaryimage\"},\"image\":{\"@id\":\"https:\/\/www.miomiorun.com\/de\/produkt\/trail-elite\/#primaryimage\"},\"thumbnailUrl\":\"https:\/\/www.miomiorun.com\/app\/uploads\/2023\/06\/bv-sport-trail-elite-verde-blu-290-010.jpg\",\"datePublished\":\"2023-04-20T16:24:14+00:00\",\"dateModified\":\"2024-07-02T13:35:03+00:00\",\"description\":\"Bv Sport \u201eTRAIL ELITE\u201c sind technisch, bequem, widerstandsf\u00e4hig und besonders verst\u00e4rkt. Diese niedrigen Socken eignen sich f\u00fcr Trailfahrten \u00fcber alle Distanzen.\",\"breadcrumb\":{\"@id\":\"https:\/\/www.miomiorun.com\/de\/produkt\/trail-elite\/#breadcrumb\"},\"inLanguage\":\"de-DE\",\"potentialAction\":[{\"@type\":\"ReadAction\",\"target\":[\"https:\/\/www.miomiorun.com\/de\/produkt\/trail-elite\/\"]}]},{\"@type\":\"ImageObject\",\"inLanguage\":\"de-DE\",\"@id\":\"https:\/\/www.miomiorun.com\/de\/produkt\/trail-elite\/#primaryimage\",\"url\":\"https:\/\/www.miomiorun.com\/app\/uploads\/2023\/06\/bv-sport-trail-elite-verde-blu-290-010.jpg\",\"contentUrl\":\"https:\/\/www.miomiorun.com\/app\/uploads\/2023\/06\/bv-sport-trail-elite-verde-blu-290-010.jpg\",\"width\":600,\"height\":600,\"caption\":\"bv-sport-trail-elite-verde-blu-290-010\"},{\"@type\":\"BreadcrumbList\",\"@id\":\"https:\/\/www.miomiorun.com\/de\/produkt\/trail-elite\/#breadcrumb\",\"itemListElement\":[{\"@type\":\"ListItem\",\"position\":1,\"name\":\"Home\",\"item\":\"https:\/\/www.miomiorun.com\/de\/\"},{\"@type\":\"ListItem\",\"position\":2,\"name\":\"Shop\",\"item\":\"https:\/\/www.miomiorun.com\/shop\/\"},{\"@type\":\"ListItem\",\"position\":3,\"name\":\"Trail Elite\"}]},{\"@type\":\"WebSite\",\"@id\":\"https:\/\/www.miomiorun.com\/de\/#website\",\"url\":\"https:\/\/www.miomiorun.com\/de\/\",\"name\":\"MioMioRun\",\"description\":\"100% Lauf- und Trailshop\",\"publisher\":{\"@id\":\"https:\/\/www.miomiorun.com\/de\/#organization\"},\"potentialAction\":[{\"@type\":\"SearchAction\",\"target\":{\"@type\":\"EntryPoint\",\"urlTemplate\":\"https:\/\/www.miomiorun.com\/de\/?s={search_term_string}\"},\"query-input\":{\"@type\":\"PropertyValueSpecification\",\"valueRequired\":true,\"valueName\":\"search_term_string\"}}],\"inLanguage\":\"de-DE\"},{\"@type\":\"Organization\",\"@id\":\"https:\/\/www.miomiorun.com\/de\/#organization\",\"name\":\"MioMio Run\",\"url\":\"https:\/\/www.miomiorun.com\/de\/\",\"logo\":{\"@type\":\"ImageObject\",\"inLanguage\":\"de-DE\",\"@id\":\"https:\/\/www.miomiorun.com\/de\/#\/schema\/logo\/image\/\",\"url\":\"https:\/\/www.miomiorun.com\/app\/uploads\/2019\/12\/logomio.png\",\"contentUrl\":\"https:\/\/www.miomiorun.com\/app\/uploads\/2019\/12\/logomio.png\",\"width\":115,\"height\":82,\"caption\":\"MioMio Run\"},\"image\":{\"@id\":\"https:\/\/www.miomiorun.com\/de\/#\/schema\/logo\/image\/\"},\"sameAs\":[\"https:\/\/www.facebook.com\/miomiorun\/\",\"https:\/\/www.instagram.com\/miomiorun\/\"]}]}<\/script>\n<!-- \/ Yoast SEO plugin. -->","yoast_head_json":{"title":"Bv Sport Trail Elite - Laufsocken f\u00fcr Herren - MioMioRun .com","description":"Bv Sport \u201eTRAIL ELITE\u201c sind technisch, bequem, widerstandsf\u00e4hig und besonders verst\u00e4rkt. Diese niedrigen Socken eignen sich f\u00fcr Trailfahrten \u00fcber alle Distanzen.","robots":{"index":"index","follow":"follow","max-snippet":"max-snippet:-1","max-image-preview":"max-image-preview:large","max-video-preview":"max-video-preview:-1"},"canonical":"https:\/\/www.miomiorun.com\/de\/produkt\/trail-elite\/","og_locale":"de_DE","og_type":"article","og_title":"Bv Sport Trail Elite - Laufsocken f\u00fcr Herren - MioMioRun .com","og_description":"Bv Sport \u201eTRAIL ELITE\u201c sind technisch, bequem, widerstandsf\u00e4hig und besonders verst\u00e4rkt. Diese niedrigen Socken eignen sich f\u00fcr Trailfahrten \u00fcber alle Distanzen.","og_url":"https:\/\/www.miomiorun.com\/de\/produkt\/trail-elite\/","og_site_name":"MioMioRun","article_publisher":"https:\/\/www.facebook.com\/miomiorun\/","article_modified_time":"2024-07-02T13:35:03+00:00","og_image":[{"width":600,"height":600,"url":"https:\/\/www.miomiorun.com\/app\/uploads\/2023\/06\/bv-sport-trail-elite-verde-blu-290-010.jpg","type":"image\/jpeg"}],"twitter_card":"summary_large_image","twitter_misc":{"Est. reading time":"3 minutes"},"schema":{"@context":"https:\/\/schema.org","@graph":[{"@type":"WebPage","@id":"https:\/\/www.miomiorun.com\/de\/produkt\/trail-elite\/","url":"https:\/\/www.miomiorun.com\/de\/produkt\/trail-elite\/","name":"Bv Sport Trail Elite - Laufsocken f\u00fcr Herren - MioMioRun .com","isPartOf":{"@id":"https:\/\/www.miomiorun.com\/de\/#website"},"primaryImageOfPage":{"@id":"https:\/\/www.miomiorun.com\/de\/produkt\/trail-elite\/#primaryimage"},"image":{"@id":"https:\/\/www.miomiorun.com\/de\/produkt\/trail-elite\/#primaryimage"},"thumbnailUrl":"https:\/\/www.miomiorun.com\/app\/uploads\/2023\/06\/bv-sport-trail-elite-verde-blu-290-010.jpg","datePublished":"2023-04-20T16:24:14+00:00","dateModified":"2024-07-02T13:35:03+00:00","description":"Bv Sport \u201eTRAIL ELITE\u201c sind technisch, bequem, widerstandsf\u00e4hig und besonders verst\u00e4rkt. Diese niedrigen Socken eignen sich f\u00fcr Trailfahrten \u00fcber alle Distanzen.","breadcrumb":{"@id":"https:\/\/www.miomiorun.com\/de\/produkt\/trail-elite\/#breadcrumb"},"inLanguage":"de-DE","potentialAction":[{"@type":"ReadAction","target":["https:\/\/www.miomiorun.com\/de\/produkt\/trail-elite\/"]}]},{"@type":"ImageObject","inLanguage":"de-DE","@id":"https:\/\/www.miomiorun.com\/de\/produkt\/trail-elite\/#primaryimage","url":"https:\/\/www.miomiorun.com\/app\/uploads\/2023\/06\/bv-sport-trail-elite-verde-blu-290-010.jpg","contentUrl":"https:\/\/www.miomiorun.com\/app\/uploads\/2023\/06\/bv-sport-trail-elite-verde-blu-290-010.jpg","width":600,"height":600,"caption":"bv-sport-trail-elite-verde-blu-290-010"},{"@type":"BreadcrumbList","@id":"https:\/\/www.miomiorun.com\/de\/produkt\/trail-elite\/#breadcrumb","itemListElement":[{"@type":"ListItem","position":1,"name":"Home","item":"https:\/\/www.miomiorun.com\/de\/"},{"@type":"ListItem","position":2,"name":"Shop","item":"https:\/\/www.miomiorun.com\/shop\/"},{"@type":"ListItem","position":3,"name":"Trail Elite"}]},{"@type":"WebSite","@id":"https:\/\/www.miomiorun.com\/de\/#website","url":"https:\/\/www.miomiorun.com\/de\/","name":"MioMioRun","description":"100% Lauf- und Trailshop","publisher":{"@id":"https:\/\/www.miomiorun.com\/de\/#organization"},"potentialAction":[{"@type":"SearchAction","target":{"@type":"EntryPoint","urlTemplate":"https:\/\/www.miomiorun.com\/de\/?s={search_term_string}"},"query-input":{"@type":"PropertyValueSpecification","valueRequired":true,"valueName":"search_term_string"}}],"inLanguage":"de-DE"},{"@type":"Organization","@id":"https:\/\/www.miomiorun.com\/de\/#organization","name":"MioMio Run","url":"https:\/\/www.miomiorun.com\/de\/","logo":{"@type":"ImageObject","inLanguage":"de-DE","@id":"https:\/\/www.miomiorun.com\/de\/#\/schema\/logo\/image\/","url":"https:\/\/www.miomiorun.com\/app\/uploads\/2019\/12\/logomio.png","contentUrl":"https:\/\/www.miomiorun.com\/app\/uploads\/2019\/12\/logomio.png","width":115,"height":82,"caption":"MioMio Run"},"image":{"@id":"https:\/\/www.miomiorun.com\/de\/#\/schema\/logo\/image\/"},"sameAs":["https:\/\/www.facebook.com\/miomiorun\/","https:\/\/www.instagram.com\/miomiorun\/"]}]}},"_links":{"self":[{"href":"https:\/\/www.miomiorun.com\/de\/wp-json\/wp\/v2\/product\/176505","targetHints":{"allow":["GET"]}}],"collection":[{"href":"https:\/\/www.miomiorun.com\/de\/wp-json\/wp\/v2\/product"}],"about":[{"href":"https:\/\/www.miomiorun.com\/de\/wp-json\/wp\/v2\/types\/product"}],"wp:featuredmedia":[{"embeddable":true,"href":"https:\/\/www.miomiorun.com\/de\/wp-json\/wp\/v2\/media\/128038"}],"wp:attachment":[{"href":"https:\/\/www.miomiorun.com\/de\/wp-json\/wp\/v2\/media?parent=176505"}],"wp:term":[{"taxonomy":"product_brand","embeddable":true,"href":"https:\/\/www.miomiorun.com\/de\/wp-json\/wp\/v2\/product_brand?post=176505"},{"taxonomy":"product_cat","embeddable":true,"href":"https:\/\/www.miomiorun.com\/de\/wp-json\/wp\/v2\/product_cat?post=176505"},{"taxonomy":"product_tag","embeddable":true,"href":"https:\/\/www.miomiorun.com\/de\/wp-json\/wp\/v2\/product_tag?post=176505"}],"curies":[{"name":"wp","href":"https:\/\/api.w.org\/{rel}","templated":true}]}}