{"id":176497,"date":"2024-05-16T13:03:54","date_gmt":"2024-05-16T11:03:54","guid":{"rendered":"https:\/\/miomiorun.com\/prodotto\/trail-ultra-nutrisocks\/"},"modified":"2024-07-02T15:54:41","modified_gmt":"2024-07-02T13:54:41","slug":"trail-ultra-nutrisocks","status":"publish","type":"product","link":"https:\/\/www.miomiorun.com\/de\/produkt\/trail-ultra-nutrisocks\/","title":{"rendered":"Trail Ultra Nutrisocks"},"content":{"rendered":"<p><div class=\"vc-row container\"><div class=\"vc-column\"><div class=\"vc-column-text\">Realizzate in Francia, questa gamma di calze resistenti e ultra-rinforzate risponde alle esigenze del Trail running su tutte le distanze.<\/p>\n<h3>Trail Ultra Nutrisocks verf\u00fcgen \u00fcber die ANATOMIC 3D ULTRA REINFORCED-Sohle, die die Stabilit\u00e4t des Fu\u00dfes im Schuh verbessert und ihn vor St\u00f6\u00dfen vom Boden sch\u00fctzt.<\/h3>\n<p><strong>Eigenschaften:<\/strong><\/p>\n<ul>\n<li>\u00a0360\u00b0 Fu\u00df- und Kn\u00f6chelunterst\u00fctzung und -stabilisierung bieten Kn\u00f6chelunterst\u00fctzung und stabilisieren den Fu\u00df im Schuh.<\/li>\n<li>Ausgestattet mit VERST\u00c4RKUNGEN an strategischen Stellen zum Schutz der Kn\u00f6chel, Achillessehne, Schn\u00fcrpunkt, Ferse und Zehen.<\/li>\n<li>Die leichte Wabenstruktur erm\u00f6glicht die Ableitung des Schwei\u00dfes bei Anstrengung.<\/li>\n<li>Der WIDE SIDE BORDER h\u00e4lt die Socke effektiv an Ort und Stelle.<\/li>\n<\/ul>\n<p>Die<strong> TRAIL ULTRA NUTRISOCKS<\/strong> haben eine flache Passform, um Scheuern und Fu\u00dfsohlenreizungen zu vermeiden. Au\u00dferdem ist es ASYMMETRISCH, um sich perfekt an die Plantaranatomie anzupassen.<\/p>\n<p>&nbsp;<\/p>\n<div class=\"col-sm-5 col-12\"><\/div>\n<div class=\"col-sm-5 col-12\"><\/div>\n<p>&nbsp;<\/p>\n<p><strong>\u00a0<\/strong><\/div><\/div><\/div><div class=\"vc-row container\"><div class=\"vc-column\"><div class=\"vc-column-text\"><a href=\"https:\/\/miomiorun.com\/wp-content\/uploads\/2024\/05\/bv-sport-Trail-nutri-caratteristiche.webp\"><img loading=\"lazy\" decoding=\"async\" class=\"aligncenter wp-image-170389 size-full\" src=\"https:\/\/miomiorun.com\/wp-content\/uploads\/2024\/05\/bv-sport-Trail-nutri-caratteristiche.webp\" alt=\"\" width=\"600\" height=\"600\" srcset=\"https:\/\/www.miomiorun.com\/app\/uploads\/2024\/05\/bv-sport-Trail-nutri-caratteristiche.webp 600w, https:\/\/www.miomiorun.com\/app\/uploads\/2024\/05\/bv-sport-Trail-nutri-caratteristiche-300x300.webp 300w, https:\/\/www.miomiorun.com\/app\/uploads\/2024\/05\/bv-sport-Trail-nutri-caratteristiche-100x100.webp 100w, https:\/\/www.miomiorun.com\/app\/uploads\/2024\/05\/bv-sport-Trail-nutri-caratteristiche-150x150.webp 150w, https:\/\/www.miomiorun.com\/app\/uploads\/2024\/05\/bv-sport-Trail-nutri-caratteristiche-400x400.webp 400w, https:\/\/www.miomiorun.com\/app\/uploads\/2024\/05\/bv-sport-Trail-nutri-caratteristiche-85x85.webp 85w, https:\/\/www.miomiorun.com\/app\/uploads\/2024\/05\/bv-sport-Trail-nutri-caratteristiche-50x50.webp 50w, https:\/\/www.miomiorun.com\/app\/uploads\/2024\/05\/bv-sport-Trail-nutri-caratteristiche-32x32.webp 32w, https:\/\/www.miomiorun.com\/app\/uploads\/2024\/05\/bv-sport-Trail-nutri-caratteristiche-480x480.webp 480w\" sizes=\"auto, (max-width: 600px) 100vw, 600px\" \/><\/a><\/div><\/div><div class=\"vc-column\"><div class=\"vc-column-text\"><\/p>\n<h2>Technologien:<br \/>\n1)Verst\u00e4rkte anatomische 3D-Sohle<\/h2>\n<p><strong>Technik<\/strong>: Kombination aus 2 Strickarten (dick und fein) mit integrierter Lockenwebung.<\/p>\n<p><strong>Wirkung<\/strong>: Sch\u00fctzt die Kontaktfl\u00e4chen und verbessert die Fu\u00dfstabilisierung.<\/p>\n<p><strong>Vorteile<\/strong>: Reduzierung von Reibung und W\u00e4rmestau in der Sohle.<\/p>\n<h2><\/h2>\n<h2>2)360\u00b0-Unterst\u00fctzung und Stabilisierung von Fu\u00df und Kn\u00f6chel<\/h2>\n<p><strong>Technik<\/strong>: Rippstrick am Kn\u00f6chelgelenk positioniert.<\/p>\n<p><strong>Wirkung<\/strong>: Pflegt und stabilisiert den Kn\u00f6chel, ohne zu komprimieren.<\/p>\n<p><strong>Vorteile<\/strong>: Optimale Kn\u00f6chelunterst\u00fctzung beim Schritt.<\/p>\n<p>&nbsp;<\/p>\n<h2>\n3) Schutz des Kn\u00f6chels und der Achillessehne<\/h2>\n<p><strong>Technik<\/strong>: Ringstich am Kn\u00f6chel und an der Achillessehne.<\/p>\n<p><strong>Wirkung<\/strong>: Sch\u00fctzt empfindliche Strukturen und absorbiert St\u00f6\u00dfe.<\/p>\n<p><strong>Vorteile<\/strong>: Bietet gezielten Schutz.<\/p>\n<p>&nbsp;<\/p>\n<h2>4)Bel\u00fcftetes Hemd<\/h2>\n<p><strong>Technik<\/strong>: Leichtes Wabennetz auf der Oberseite des Fu\u00dfes.<\/p>\n<p><strong>Wirkung<\/strong>: Beschleunigt die W\u00e4rmeregulierung. Optimale Bel\u00fcftung.<\/p>\n<p><strong>Vorteile<\/strong>: Leitet Schwei\u00df effektiv ab.<\/p>\n<p>&nbsp;<\/p>\n<h2>\n5) Fersen- und Zehenverst\u00e4rkung<\/h2>\n<p><strong>Technik<\/strong>: Reibungsfreies Mesh an Zehen und Ferse.<\/p>\n<p><strong>Wirkung<\/strong>: Begrenzt den W\u00e4rmestau und die Reibung an den Fu\u00dfenden.<\/p>\n<p><strong>Vorteile<\/strong>: Verbessert den Komfort und reduziert das Auftreten von Blasen.<\/p>\n<p>&nbsp;<\/p>\n<h2>\n6) Verst\u00e4rkung im Schn\u00fcrbereich<\/h2>\n<p><strong>Technik<\/strong>: Lockenweben.<\/p>\n<p><strong>Wirkung<\/strong>: Begrenzt den W\u00e4rmestau im oberen Teil des Fu\u00dfes in Kontakt mit dem Schn\u00fcrbereich und der Schuhzunge.<\/p>\n<p><strong>Vorteile<\/strong>: Verbessert den Komfort und begrenzt den Druck durch die Schn\u00fcrung.<\/p>\n<p>&nbsp;<\/p>\n<h2>\n7) Breiter gerippter Rand<\/h2>\n<p><strong>Technik<\/strong>: Reliefstreifen am oberen Sockenrand.<\/p>\n<p><strong>Wirkung<\/strong>: H\u00e4lt die Socke effektiv fest, ohne einen Stauungseffekt zu verursachen.<\/p>\n<p><strong>Vorteile<\/strong>: Verbessert die Fu\u00dfzirkulation.<\/p>\n<p>&nbsp;<\/p>\n<p>&nbsp;<\/p>\n<p><\/div><\/div><\/div><\/p>\n","protected":false},"excerpt":{"rendered":"<ul>\n<li>Ideale Socke zum Tragen auf Trails.<\/li>\n<li>Ausgestattet mit Verst\u00e4rkungen an strategischen Punkten, um St\u00f6\u00dfe und Scheuerstellen einzud\u00e4mmen.<\/li>\n<\/ul>\n","protected":false},"featured_media":170385,"template":"","meta":{"_acf_changed":false,"inline_featured_image":false},"product_brand":[],"product_cat":[6540,6514,6401,6402],"product_tag":[15504,15510,15507],"class_list":{"0":"post-176497","1":"product","2":"type-product","3":"status-publish","4":"has-post-thumbnail","6":"product_cat-herrenbekleidung","7":"product_cat-socken","8":"product_cat-damenbekleidung","9":"product_cat-damensocken-de","10":"product_tag-bv-sport-de","11":"product_tag-bv-sport-damen","12":"product_tag-bv-sport-herren","13":"pa_attivita-gehen","14":"pa_attivita-outdoor-de","15":"pa_attivita-running-de","16":"pa_attivita-trail-de","17":"pa_colore-trail-nutri-biere-de","18":"pa_colore-trail-nutri-limoncello-de","19":"pa_colore-trail-nutri-panna-cotta-de","20":"pa_colore-trail-nutri-pizza-de","21":"pa_colore-trail-nutri-spritz-de","22":"pa_colore-trail-ultra-2-collector-nutri-spritz","23":"pa_marca-bv-sport-de","24":"pa_sesso-damen","25":"pa_sesso-herren","26":"pa_size-36-38-de","27":"pa_size-39-41-de","28":"pa_size-42-44-de","29":"pa_size-45-47-de","31":"first","32":"instock","33":"sale","34":"taxable","35":"shipping-taxable","36":"purchasable","37":"product-type-variable","38":"wvs-archive-product-wrapper"},"acf":[],"yoast_head":"<!-- This site is optimized with the Yoast SEO plugin v26.8 - https:\/\/yoast.com\/product\/yoast-seo-wordpress\/ -->\n<title>Bv Sport Trail Ultra Nutrisocks - Laufsocken f\u00fcr Herren - MioMioRun .com<\/title>\n<meta name=\"description\" content=\"Trail Ultra Nutrisocks verf\u00fcgen \u00fcber die ANATOMIC 3D ULTRA REINFORCED-Sohle, die die Stabilit\u00e4t des Fu\u00dfes im Schuh verbessert und ihn\" \/>\n<meta name=\"robots\" content=\"index, follow, max-snippet:-1, max-image-preview:large, max-video-preview:-1\" \/>\n<link rel=\"canonical\" href=\"https:\/\/www.miomiorun.com\/de\/produkt\/trail-ultra-nutrisocks\/\" \/>\n<meta property=\"og:locale\" content=\"de_DE\" \/>\n<meta property=\"og:type\" content=\"article\" \/>\n<meta property=\"og:title\" content=\"Bv Sport Trail Ultra Nutrisocks - Laufsocken f\u00fcr Herren - MioMioRun .com\" \/>\n<meta property=\"og:description\" content=\"Trail Ultra Nutrisocks verf\u00fcgen \u00fcber die ANATOMIC 3D ULTRA REINFORCED-Sohle, die die Stabilit\u00e4t des Fu\u00dfes im Schuh verbessert und ihn\" \/>\n<meta property=\"og:url\" content=\"https:\/\/www.miomiorun.com\/de\/produkt\/trail-ultra-nutrisocks\/\" \/>\n<meta property=\"og:site_name\" content=\"MioMioRun\" \/>\n<meta property=\"article:publisher\" content=\"https:\/\/www.facebook.com\/miomiorun\/\" \/>\n<meta property=\"article:modified_time\" content=\"2024-07-02T13:54:41+00:00\" \/>\n<meta property=\"og:image\" content=\"https:\/\/www.miomiorun.com\/app\/uploads\/2024\/05\/bv-sport-Trail-nutri-pizza-299-001.webp\" \/>\n\t<meta property=\"og:image:width\" content=\"600\" \/>\n\t<meta property=\"og:image:height\" content=\"600\" \/>\n\t<meta property=\"og:image:type\" content=\"image\/webp\" \/>\n<meta name=\"twitter:card\" content=\"summary_large_image\" \/>\n<meta name=\"twitter:label1\" content=\"Est. reading time\" \/>\n\t<meta name=\"twitter:data1\" content=\"2 minutes\" \/>\n<script type=\"application\/ld+json\" class=\"yoast-schema-graph\">{\"@context\":\"https:\/\/schema.org\",\"@graph\":[{\"@type\":\"WebPage\",\"@id\":\"https:\/\/www.miomiorun.com\/de\/produkt\/trail-ultra-nutrisocks\/\",\"url\":\"https:\/\/www.miomiorun.com\/de\/produkt\/trail-ultra-nutrisocks\/\",\"name\":\"Bv Sport Trail Ultra Nutrisocks - Laufsocken f\u00fcr Herren - MioMioRun .com\",\"isPartOf\":{\"@id\":\"https:\/\/www.miomiorun.com\/de\/#website\"},\"primaryImageOfPage\":{\"@id\":\"https:\/\/www.miomiorun.com\/de\/produkt\/trail-ultra-nutrisocks\/#primaryimage\"},\"image\":{\"@id\":\"https:\/\/www.miomiorun.com\/de\/produkt\/trail-ultra-nutrisocks\/#primaryimage\"},\"thumbnailUrl\":\"https:\/\/www.miomiorun.com\/app\/uploads\/2024\/05\/bv-sport-Trail-nutri-pizza-299-001.webp\",\"datePublished\":\"2024-05-16T11:03:54+00:00\",\"dateModified\":\"2024-07-02T13:54:41+00:00\",\"description\":\"Trail Ultra Nutrisocks verf\u00fcgen \u00fcber die ANATOMIC 3D ULTRA REINFORCED-Sohle, die die Stabilit\u00e4t des Fu\u00dfes im Schuh verbessert und ihn\",\"breadcrumb\":{\"@id\":\"https:\/\/www.miomiorun.com\/de\/produkt\/trail-ultra-nutrisocks\/#breadcrumb\"},\"inLanguage\":\"de-DE\",\"potentialAction\":[{\"@type\":\"ReadAction\",\"target\":[\"https:\/\/www.miomiorun.com\/de\/produkt\/trail-ultra-nutrisocks\/\"]}]},{\"@type\":\"ImageObject\",\"inLanguage\":\"de-DE\",\"@id\":\"https:\/\/www.miomiorun.com\/de\/produkt\/trail-ultra-nutrisocks\/#primaryimage\",\"url\":\"https:\/\/www.miomiorun.com\/app\/uploads\/2024\/05\/bv-sport-Trail-nutri-pizza-299-001.webp\",\"contentUrl\":\"https:\/\/www.miomiorun.com\/app\/uploads\/2024\/05\/bv-sport-Trail-nutri-pizza-299-001.webp\",\"width\":600,\"height\":600,\"caption\":\"bv sport Trail nutri pizza 299 001\"},{\"@type\":\"BreadcrumbList\",\"@id\":\"https:\/\/www.miomiorun.com\/de\/produkt\/trail-ultra-nutrisocks\/#breadcrumb\",\"itemListElement\":[{\"@type\":\"ListItem\",\"position\":1,\"name\":\"Home\",\"item\":\"https:\/\/www.miomiorun.com\/de\/\"},{\"@type\":\"ListItem\",\"position\":2,\"name\":\"Shop\",\"item\":\"https:\/\/www.miomiorun.com\/shop\/\"},{\"@type\":\"ListItem\",\"position\":3,\"name\":\"Trail Ultra Nutrisocks\"}]},{\"@type\":\"WebSite\",\"@id\":\"https:\/\/www.miomiorun.com\/de\/#website\",\"url\":\"https:\/\/www.miomiorun.com\/de\/\",\"name\":\"MioMioRun\",\"description\":\"100% Lauf- und Trailshop\",\"publisher\":{\"@id\":\"https:\/\/www.miomiorun.com\/de\/#organization\"},\"potentialAction\":[{\"@type\":\"SearchAction\",\"target\":{\"@type\":\"EntryPoint\",\"urlTemplate\":\"https:\/\/www.miomiorun.com\/de\/?s={search_term_string}\"},\"query-input\":{\"@type\":\"PropertyValueSpecification\",\"valueRequired\":true,\"valueName\":\"search_term_string\"}}],\"inLanguage\":\"de-DE\"},{\"@type\":\"Organization\",\"@id\":\"https:\/\/www.miomiorun.com\/de\/#organization\",\"name\":\"MioMio Run\",\"url\":\"https:\/\/www.miomiorun.com\/de\/\",\"logo\":{\"@type\":\"ImageObject\",\"inLanguage\":\"de-DE\",\"@id\":\"https:\/\/www.miomiorun.com\/de\/#\/schema\/logo\/image\/\",\"url\":\"https:\/\/www.miomiorun.com\/app\/uploads\/2019\/12\/logomio.png\",\"contentUrl\":\"https:\/\/www.miomiorun.com\/app\/uploads\/2019\/12\/logomio.png\",\"width\":115,\"height\":82,\"caption\":\"MioMio Run\"},\"image\":{\"@id\":\"https:\/\/www.miomiorun.com\/de\/#\/schema\/logo\/image\/\"},\"sameAs\":[\"https:\/\/www.facebook.com\/miomiorun\/\",\"https:\/\/www.instagram.com\/miomiorun\/\"]}]}<\/script>\n<!-- \/ Yoast SEO plugin. -->","yoast_head_json":{"title":"Bv Sport Trail Ultra Nutrisocks - Laufsocken f\u00fcr Herren - MioMioRun .com","description":"Trail Ultra Nutrisocks verf\u00fcgen \u00fcber die ANATOMIC 3D ULTRA REINFORCED-Sohle, die die Stabilit\u00e4t des Fu\u00dfes im Schuh verbessert und ihn","robots":{"index":"index","follow":"follow","max-snippet":"max-snippet:-1","max-image-preview":"max-image-preview:large","max-video-preview":"max-video-preview:-1"},"canonical":"https:\/\/www.miomiorun.com\/de\/produkt\/trail-ultra-nutrisocks\/","og_locale":"de_DE","og_type":"article","og_title":"Bv Sport Trail Ultra Nutrisocks - Laufsocken f\u00fcr Herren - MioMioRun .com","og_description":"Trail Ultra Nutrisocks verf\u00fcgen \u00fcber die ANATOMIC 3D ULTRA REINFORCED-Sohle, die die Stabilit\u00e4t des Fu\u00dfes im Schuh verbessert und ihn","og_url":"https:\/\/www.miomiorun.com\/de\/produkt\/trail-ultra-nutrisocks\/","og_site_name":"MioMioRun","article_publisher":"https:\/\/www.facebook.com\/miomiorun\/","article_modified_time":"2024-07-02T13:54:41+00:00","og_image":[{"width":600,"height":600,"url":"https:\/\/www.miomiorun.com\/app\/uploads\/2024\/05\/bv-sport-Trail-nutri-pizza-299-001.webp","type":"image\/webp"}],"twitter_card":"summary_large_image","twitter_misc":{"Est. reading time":"2 minutes"},"schema":{"@context":"https:\/\/schema.org","@graph":[{"@type":"WebPage","@id":"https:\/\/www.miomiorun.com\/de\/produkt\/trail-ultra-nutrisocks\/","url":"https:\/\/www.miomiorun.com\/de\/produkt\/trail-ultra-nutrisocks\/","name":"Bv Sport Trail Ultra Nutrisocks - Laufsocken f\u00fcr Herren - MioMioRun .com","isPartOf":{"@id":"https:\/\/www.miomiorun.com\/de\/#website"},"primaryImageOfPage":{"@id":"https:\/\/www.miomiorun.com\/de\/produkt\/trail-ultra-nutrisocks\/#primaryimage"},"image":{"@id":"https:\/\/www.miomiorun.com\/de\/produkt\/trail-ultra-nutrisocks\/#primaryimage"},"thumbnailUrl":"https:\/\/www.miomiorun.com\/app\/uploads\/2024\/05\/bv-sport-Trail-nutri-pizza-299-001.webp","datePublished":"2024-05-16T11:03:54+00:00","dateModified":"2024-07-02T13:54:41+00:00","description":"Trail Ultra Nutrisocks verf\u00fcgen \u00fcber die ANATOMIC 3D ULTRA REINFORCED-Sohle, die die Stabilit\u00e4t des Fu\u00dfes im Schuh verbessert und ihn","breadcrumb":{"@id":"https:\/\/www.miomiorun.com\/de\/produkt\/trail-ultra-nutrisocks\/#breadcrumb"},"inLanguage":"de-DE","potentialAction":[{"@type":"ReadAction","target":["https:\/\/www.miomiorun.com\/de\/produkt\/trail-ultra-nutrisocks\/"]}]},{"@type":"ImageObject","inLanguage":"de-DE","@id":"https:\/\/www.miomiorun.com\/de\/produkt\/trail-ultra-nutrisocks\/#primaryimage","url":"https:\/\/www.miomiorun.com\/app\/uploads\/2024\/05\/bv-sport-Trail-nutri-pizza-299-001.webp","contentUrl":"https:\/\/www.miomiorun.com\/app\/uploads\/2024\/05\/bv-sport-Trail-nutri-pizza-299-001.webp","width":600,"height":600,"caption":"bv sport Trail nutri pizza 299 001"},{"@type":"BreadcrumbList","@id":"https:\/\/www.miomiorun.com\/de\/produkt\/trail-ultra-nutrisocks\/#breadcrumb","itemListElement":[{"@type":"ListItem","position":1,"name":"Home","item":"https:\/\/www.miomiorun.com\/de\/"},{"@type":"ListItem","position":2,"name":"Shop","item":"https:\/\/www.miomiorun.com\/shop\/"},{"@type":"ListItem","position":3,"name":"Trail Ultra Nutrisocks"}]},{"@type":"WebSite","@id":"https:\/\/www.miomiorun.com\/de\/#website","url":"https:\/\/www.miomiorun.com\/de\/","name":"MioMioRun","description":"100% Lauf- und Trailshop","publisher":{"@id":"https:\/\/www.miomiorun.com\/de\/#organization"},"potentialAction":[{"@type":"SearchAction","target":{"@type":"EntryPoint","urlTemplate":"https:\/\/www.miomiorun.com\/de\/?s={search_term_string}"},"query-input":{"@type":"PropertyValueSpecification","valueRequired":true,"valueName":"search_term_string"}}],"inLanguage":"de-DE"},{"@type":"Organization","@id":"https:\/\/www.miomiorun.com\/de\/#organization","name":"MioMio Run","url":"https:\/\/www.miomiorun.com\/de\/","logo":{"@type":"ImageObject","inLanguage":"de-DE","@id":"https:\/\/www.miomiorun.com\/de\/#\/schema\/logo\/image\/","url":"https:\/\/www.miomiorun.com\/app\/uploads\/2019\/12\/logomio.png","contentUrl":"https:\/\/www.miomiorun.com\/app\/uploads\/2019\/12\/logomio.png","width":115,"height":82,"caption":"MioMio Run"},"image":{"@id":"https:\/\/www.miomiorun.com\/de\/#\/schema\/logo\/image\/"},"sameAs":["https:\/\/www.facebook.com\/miomiorun\/","https:\/\/www.instagram.com\/miomiorun\/"]}]}},"_links":{"self":[{"href":"https:\/\/www.miomiorun.com\/de\/wp-json\/wp\/v2\/product\/176497","targetHints":{"allow":["GET"]}}],"collection":[{"href":"https:\/\/www.miomiorun.com\/de\/wp-json\/wp\/v2\/product"}],"about":[{"href":"https:\/\/www.miomiorun.com\/de\/wp-json\/wp\/v2\/types\/product"}],"wp:featuredmedia":[{"embeddable":true,"href":"https:\/\/www.miomiorun.com\/de\/wp-json\/wp\/v2\/media\/170385"}],"wp:attachment":[{"href":"https:\/\/www.miomiorun.com\/de\/wp-json\/wp\/v2\/media?parent=176497"}],"wp:term":[{"taxonomy":"product_brand","embeddable":true,"href":"https:\/\/www.miomiorun.com\/de\/wp-json\/wp\/v2\/product_brand?post=176497"},{"taxonomy":"product_cat","embeddable":true,"href":"https:\/\/www.miomiorun.com\/de\/wp-json\/wp\/v2\/product_cat?post=176497"},{"taxonomy":"product_tag","embeddable":true,"href":"https:\/\/www.miomiorun.com\/de\/wp-json\/wp\/v2\/product_tag?post=176497"}],"curies":[{"name":"wp","href":"https:\/\/api.w.org\/{rel}","templated":true}]}}