{"id":176481,"date":"2020-10-20T19:02:10","date_gmt":"2020-10-20T17:02:10","guid":{"rendered":"https:\/\/miomiorun.com\/prodotto\/la-sportiva-sky-tank-donna\/"},"modified":"2026-05-08T20:48:12","modified_gmt":"2026-05-08T18:48:12","slug":"sky-tank-damen","status":"publish","type":"product","link":"https:\/\/www.miomiorun.com\/de\/produkt\/sky-tank-damen\/","title":{"rendered":"Sky Tank damen"},"content":{"rendered":"<p>Der neue Sky Tank ist eine Explosion der Energie, dank seines neuen und attraktiven Designs. Das leichte, atmungsaktive Gewebe mit antibakterieller und geruchshemmender Behandlung (Polygiene\u00ae) erm\u00f6glicht maximalen Komfort auch bei intensivsten sportlichen Aktivit\u00e4ten.<\/p>\n<div class=\"data item content\" role=\"tabpanel\" aria-labelledby=\"tab-label-techinfo\" data-role=\"content\" aria-hidden=\"false\">\n<div class=\"techinfo-container\">\n<div class=\"techinfo-icons\">\n<div class=\"techinfo-icon\"><a> <img decoding=\"async\" src=\"https:\/\/www.lasportiva.com\/media\/techinfo_icons\/polygiene.png\" alt=\"La Sportiva\" \/><\/a><\/div>\n<div>Die antibakterielle und geruchshemmende Polygiene\u00ae-Technologie ist eine dauerhafte, wirksame und nachhaltige Behandlung, die Silbersalze verwendet, um die Bildung von geruchsverursachenden Bakterien zu verhindern. Das Ergebnis? <strong>Sie k\u00f6nnen Ihre Kleidungsst\u00fccke l\u00e4nger tragen, ohne sie zu waschen.<\/strong><\/div>\n<div class=\"techinfo-icon\"><strong><a> <img decoding=\"async\" src=\"https:\/\/www.lasportiva.com\/media\/techinfo_icons\/elasticita.png\" alt=\"La Sportiva\" \/><\/a><\/strong><\/div>\n<div><strong>Elastizit\u00e4t:<\/strong> Bequeme und reaktionsschnelle Kleidungsst\u00fccke, die maximale Bewegungsfreiheit garantieren.<\/div>\n<div class=\"techinfo-icon\"><a> <img decoding=\"async\" src=\"https:\/\/www.lasportiva.com\/media\/techinfo_icons\/L1.png\" alt=\"La Sportiva\" \/><\/a><\/div>\n<div><strong>L1 &#8211; BASE LAYER :<\/strong> Schicht in direktem Kontakt mit der Haut. F\u00f6rdert die Schwei\u00dfableitung f\u00fcr einen besseren Klimakomfort bei k\u00f6rperlicher Aktivit\u00e4t.<\/div>\n<div class=\"techinfo-icon\"><a> <img decoding=\"async\" src=\"https:\/\/www.lasportiva.com\/media\/techinfo_icons\/regular-fit.png\" alt=\"La Sportiva\" \/><\/a><\/div>\n<div><strong>Regular Fit:<\/strong> Technischer und bequemer Schnitt.<\/div>\n<div class=\"techinfo-icon\"><a> <img decoding=\"async\" src=\"https:\/\/www.lasportiva.com\/media\/techinfo_icons\/leggerezza.png\" alt=\"La Sportiva\" \/><\/a><\/div>\n<div><strong>Leichtigkeit:<\/strong> Produkte, die das Gewicht auf ein Minimum reduzieren<\/div>\n<div class=\"techinfo-icon\"><a> <img decoding=\"async\" src=\"https:\/\/www.lasportiva.com\/media\/techinfo_icons\/traspirabilita.png\" alt=\"La Sportiva\" \/><\/a><\/div>\n<p><strong>Atmungsaktivit\u00e4t<\/strong> : Hochgradig atmungsaktive Produkte f\u00fcr optimalen Klimakomfort.<\/p>\n<p><strong>Material : Hauptteil<\/strong>: (PN13) 92% Polyester, 8% Elastan Einsatz: (MSH24) 100% PolyesterGewicht : 65 g (S)<\/p>\n<\/div>\n<\/div>\n<\/div>\n","protected":false},"excerpt":{"rendered":"<p>Der neue Sky Tank ist eine Explosion der Energie, dank seines neuen und attraktiven Designs. Das leichte, atmungsaktive Gewebe mit antibakterieller und geruchshemmender Behandlung (Polygiene\u00ae) erm\u00f6glicht maximalen Komfort auch bei intensivsten sportlichen Aktivit\u00e4ten. Die antibakterielle und geruchshemmende Polygiene\u00ae-Technologie ist eine dauerhafte, wirksame und nachhaltige Behandlung, die Silbersalze verwendet, um die Bildung von geruchsverursachenden Bakterien zu &hellip; <a href=\"https:\/\/www.miomiorun.com\/de\/produkt\/sky-tank-damen\/\">Continued<\/a><\/p>\n","protected":false},"featured_media":53334,"template":"","meta":{"_acf_changed":false,"inline_featured_image":false},"product_brand":[],"product_cat":[6400,6401,6403],"product_tag":[6248,6220],"class_list":{"0":"post-176481","1":"product","2":"type-product","3":"status-publish","4":"has-post-thumbnail","6":"product_cat-damen","7":"product_cat-damenbekleidung","8":"product_cat-damentank-tops","9":"product_tag-la-sportiva-de","10":"product_tag-la-sportiva-damen-de","11":"pa_attivita-gehen","12":"pa_attivita-outdoor-de","13":"pa_attivita-trail-de","14":"pa_colore-sky-tank-w-malibu-blue-hibiscus-de","15":"pa_colore-sky-tank-w-malibu-blue-white-de","16":"pa_marca-la-sportiva-de","17":"pa_sesso-damen","18":"pa_size-extra-small-de","19":"pa_size-small-de","20":"pa_size-medium-de","22":"first","23":"instock","24":"sale","25":"taxable","26":"shipping-taxable","27":"purchasable","28":"product-type-variable","29":"wvs-archive-product-wrapper"},"acf":[],"yoast_head":"<!-- This site is optimized with the Yoast SEO plugin v26.8 - https:\/\/yoast.com\/product\/yoast-seo-wordpress\/ -->\n<title>La Sportiva Sky Tank damen - Lauftank-Top - MioMioRun<\/title>\n<meta name=\"description\" content=\"Sky Tank mit neu gestalteter, auff\u00e4lliger Grafik, leichtem, atmungsaktivem Material mit Polygiene\u00ae-Behandlung, maximalem Komfort bei sportlichen Aktivit\u00e4ten\" \/>\n<meta name=\"robots\" content=\"index, follow, max-snippet:-1, max-image-preview:large, max-video-preview:-1\" \/>\n<link rel=\"canonical\" href=\"https:\/\/www.miomiorun.com\/de\/produkt\/sky-tank-damen\/\" \/>\n<meta property=\"og:locale\" content=\"de_DE\" \/>\n<meta property=\"og:type\" content=\"article\" \/>\n<meta property=\"og:title\" content=\"La Sportiva Sky Tank damen - Lauftank-Top - MioMioRun\" \/>\n<meta property=\"og:description\" content=\"Sky Tank mit neu gestalteter, auff\u00e4lliger Grafik, leichtem, atmungsaktivem Material mit Polygiene\u00ae-Behandlung, maximalem Komfort bei sportlichen Aktivit\u00e4ten\" \/>\n<meta property=\"og:url\" content=\"https:\/\/www.miomiorun.com\/de\/produkt\/sky-tank-damen\/\" \/>\n<meta property=\"og:site_name\" content=\"MioMioRun\" \/>\n<meta property=\"article:publisher\" content=\"https:\/\/www.facebook.com\/miomiorun\/\" \/>\n<meta property=\"article:modified_time\" content=\"2026-05-08T18:48:12+00:00\" \/>\n<meta property=\"og:image\" content=\"https:\/\/www.miomiorun.com\/app\/uploads\/2020\/10\/la-sportiva-sky-tank-K95602402.jpg\" \/>\n\t<meta property=\"og:image:width\" content=\"600\" \/>\n\t<meta property=\"og:image:height\" content=\"600\" \/>\n\t<meta property=\"og:image:type\" content=\"image\/jpeg\" \/>\n<meta name=\"twitter:card\" content=\"summary_large_image\" \/>\n<meta name=\"twitter:label1\" content=\"Est. reading time\" \/>\n\t<meta name=\"twitter:data1\" content=\"1 minute\" \/>\n<script type=\"application\/ld+json\" class=\"yoast-schema-graph\">{\"@context\":\"https:\/\/schema.org\",\"@graph\":[{\"@type\":\"WebPage\",\"@id\":\"https:\/\/www.miomiorun.com\/de\/produkt\/sky-tank-damen\/\",\"url\":\"https:\/\/www.miomiorun.com\/de\/produkt\/sky-tank-damen\/\",\"name\":\"La Sportiva Sky Tank damen - Lauftank-Top - MioMioRun\",\"isPartOf\":{\"@id\":\"https:\/\/www.miomiorun.com\/de\/#website\"},\"primaryImageOfPage\":{\"@id\":\"https:\/\/www.miomiorun.com\/de\/produkt\/sky-tank-damen\/#primaryimage\"},\"image\":{\"@id\":\"https:\/\/www.miomiorun.com\/de\/produkt\/sky-tank-damen\/#primaryimage\"},\"thumbnailUrl\":\"https:\/\/www.miomiorun.com\/app\/uploads\/2020\/10\/la-sportiva-sky-tank-K95602402.jpg\",\"datePublished\":\"2020-10-20T17:02:10+00:00\",\"dateModified\":\"2026-05-08T18:48:12+00:00\",\"description\":\"Sky Tank mit neu gestalteter, auff\u00e4lliger Grafik, leichtem, atmungsaktivem Material mit Polygiene\u00ae-Behandlung, maximalem Komfort bei sportlichen Aktivit\u00e4ten\",\"breadcrumb\":{\"@id\":\"https:\/\/www.miomiorun.com\/de\/produkt\/sky-tank-damen\/#breadcrumb\"},\"inLanguage\":\"de-DE\",\"potentialAction\":[{\"@type\":\"ReadAction\",\"target\":[\"https:\/\/www.miomiorun.com\/de\/produkt\/sky-tank-damen\/\"]}]},{\"@type\":\"ImageObject\",\"inLanguage\":\"de-DE\",\"@id\":\"https:\/\/www.miomiorun.com\/de\/produkt\/sky-tank-damen\/#primaryimage\",\"url\":\"https:\/\/www.miomiorun.com\/app\/uploads\/2020\/10\/la-sportiva-sky-tank-K95602402.jpg\",\"contentUrl\":\"https:\/\/www.miomiorun.com\/app\/uploads\/2020\/10\/la-sportiva-sky-tank-K95602402.jpg\",\"width\":600,\"height\":600,\"caption\":\"la-sportiva-sky-tank-K95602402\"},{\"@type\":\"BreadcrumbList\",\"@id\":\"https:\/\/www.miomiorun.com\/de\/produkt\/sky-tank-damen\/#breadcrumb\",\"itemListElement\":[{\"@type\":\"ListItem\",\"position\":1,\"name\":\"Home\",\"item\":\"https:\/\/www.miomiorun.com\/de\/\"},{\"@type\":\"ListItem\",\"position\":2,\"name\":\"Shop\",\"item\":\"https:\/\/www.miomiorun.com\/shop\/\"},{\"@type\":\"ListItem\",\"position\":3,\"name\":\"Sky Tank damen\"}]},{\"@type\":\"WebSite\",\"@id\":\"https:\/\/www.miomiorun.com\/de\/#website\",\"url\":\"https:\/\/www.miomiorun.com\/de\/\",\"name\":\"MioMioRun\",\"description\":\"100% Lauf- und Trailshop\",\"publisher\":{\"@id\":\"https:\/\/www.miomiorun.com\/de\/#organization\"},\"potentialAction\":[{\"@type\":\"SearchAction\",\"target\":{\"@type\":\"EntryPoint\",\"urlTemplate\":\"https:\/\/www.miomiorun.com\/de\/?s={search_term_string}\"},\"query-input\":{\"@type\":\"PropertyValueSpecification\",\"valueRequired\":true,\"valueName\":\"search_term_string\"}}],\"inLanguage\":\"de-DE\"},{\"@type\":\"Organization\",\"@id\":\"https:\/\/www.miomiorun.com\/de\/#organization\",\"name\":\"MioMio Run\",\"url\":\"https:\/\/www.miomiorun.com\/de\/\",\"logo\":{\"@type\":\"ImageObject\",\"inLanguage\":\"de-DE\",\"@id\":\"https:\/\/www.miomiorun.com\/de\/#\/schema\/logo\/image\/\",\"url\":\"https:\/\/www.miomiorun.com\/app\/uploads\/2019\/12\/logomio.png\",\"contentUrl\":\"https:\/\/www.miomiorun.com\/app\/uploads\/2019\/12\/logomio.png\",\"width\":115,\"height\":82,\"caption\":\"MioMio Run\"},\"image\":{\"@id\":\"https:\/\/www.miomiorun.com\/de\/#\/schema\/logo\/image\/\"},\"sameAs\":[\"https:\/\/www.facebook.com\/miomiorun\/\",\"https:\/\/www.instagram.com\/miomiorun\/\"]}]}<\/script>\n<!-- \/ Yoast SEO plugin. -->","yoast_head_json":{"title":"La Sportiva Sky Tank damen - Lauftank-Top - MioMioRun","description":"Sky Tank mit neu gestalteter, auff\u00e4lliger Grafik, leichtem, atmungsaktivem Material mit Polygiene\u00ae-Behandlung, maximalem Komfort bei sportlichen Aktivit\u00e4ten","robots":{"index":"index","follow":"follow","max-snippet":"max-snippet:-1","max-image-preview":"max-image-preview:large","max-video-preview":"max-video-preview:-1"},"canonical":"https:\/\/www.miomiorun.com\/de\/produkt\/sky-tank-damen\/","og_locale":"de_DE","og_type":"article","og_title":"La Sportiva Sky Tank damen - Lauftank-Top - MioMioRun","og_description":"Sky Tank mit neu gestalteter, auff\u00e4lliger Grafik, leichtem, atmungsaktivem Material mit Polygiene\u00ae-Behandlung, maximalem Komfort bei sportlichen Aktivit\u00e4ten","og_url":"https:\/\/www.miomiorun.com\/de\/produkt\/sky-tank-damen\/","og_site_name":"MioMioRun","article_publisher":"https:\/\/www.facebook.com\/miomiorun\/","article_modified_time":"2026-05-08T18:48:12+00:00","og_image":[{"width":600,"height":600,"url":"https:\/\/www.miomiorun.com\/app\/uploads\/2020\/10\/la-sportiva-sky-tank-K95602402.jpg","type":"image\/jpeg"}],"twitter_card":"summary_large_image","twitter_misc":{"Est. reading time":"1 minute"},"schema":{"@context":"https:\/\/schema.org","@graph":[{"@type":"WebPage","@id":"https:\/\/www.miomiorun.com\/de\/produkt\/sky-tank-damen\/","url":"https:\/\/www.miomiorun.com\/de\/produkt\/sky-tank-damen\/","name":"La Sportiva Sky Tank damen - Lauftank-Top - MioMioRun","isPartOf":{"@id":"https:\/\/www.miomiorun.com\/de\/#website"},"primaryImageOfPage":{"@id":"https:\/\/www.miomiorun.com\/de\/produkt\/sky-tank-damen\/#primaryimage"},"image":{"@id":"https:\/\/www.miomiorun.com\/de\/produkt\/sky-tank-damen\/#primaryimage"},"thumbnailUrl":"https:\/\/www.miomiorun.com\/app\/uploads\/2020\/10\/la-sportiva-sky-tank-K95602402.jpg","datePublished":"2020-10-20T17:02:10+00:00","dateModified":"2026-05-08T18:48:12+00:00","description":"Sky Tank mit neu gestalteter, auff\u00e4lliger Grafik, leichtem, atmungsaktivem Material mit Polygiene\u00ae-Behandlung, maximalem Komfort bei sportlichen Aktivit\u00e4ten","breadcrumb":{"@id":"https:\/\/www.miomiorun.com\/de\/produkt\/sky-tank-damen\/#breadcrumb"},"inLanguage":"de-DE","potentialAction":[{"@type":"ReadAction","target":["https:\/\/www.miomiorun.com\/de\/produkt\/sky-tank-damen\/"]}]},{"@type":"ImageObject","inLanguage":"de-DE","@id":"https:\/\/www.miomiorun.com\/de\/produkt\/sky-tank-damen\/#primaryimage","url":"https:\/\/www.miomiorun.com\/app\/uploads\/2020\/10\/la-sportiva-sky-tank-K95602402.jpg","contentUrl":"https:\/\/www.miomiorun.com\/app\/uploads\/2020\/10\/la-sportiva-sky-tank-K95602402.jpg","width":600,"height":600,"caption":"la-sportiva-sky-tank-K95602402"},{"@type":"BreadcrumbList","@id":"https:\/\/www.miomiorun.com\/de\/produkt\/sky-tank-damen\/#breadcrumb","itemListElement":[{"@type":"ListItem","position":1,"name":"Home","item":"https:\/\/www.miomiorun.com\/de\/"},{"@type":"ListItem","position":2,"name":"Shop","item":"https:\/\/www.miomiorun.com\/shop\/"},{"@type":"ListItem","position":3,"name":"Sky Tank damen"}]},{"@type":"WebSite","@id":"https:\/\/www.miomiorun.com\/de\/#website","url":"https:\/\/www.miomiorun.com\/de\/","name":"MioMioRun","description":"100% Lauf- und Trailshop","publisher":{"@id":"https:\/\/www.miomiorun.com\/de\/#organization"},"potentialAction":[{"@type":"SearchAction","target":{"@type":"EntryPoint","urlTemplate":"https:\/\/www.miomiorun.com\/de\/?s={search_term_string}"},"query-input":{"@type":"PropertyValueSpecification","valueRequired":true,"valueName":"search_term_string"}}],"inLanguage":"de-DE"},{"@type":"Organization","@id":"https:\/\/www.miomiorun.com\/de\/#organization","name":"MioMio Run","url":"https:\/\/www.miomiorun.com\/de\/","logo":{"@type":"ImageObject","inLanguage":"de-DE","@id":"https:\/\/www.miomiorun.com\/de\/#\/schema\/logo\/image\/","url":"https:\/\/www.miomiorun.com\/app\/uploads\/2019\/12\/logomio.png","contentUrl":"https:\/\/www.miomiorun.com\/app\/uploads\/2019\/12\/logomio.png","width":115,"height":82,"caption":"MioMio Run"},"image":{"@id":"https:\/\/www.miomiorun.com\/de\/#\/schema\/logo\/image\/"},"sameAs":["https:\/\/www.facebook.com\/miomiorun\/","https:\/\/www.instagram.com\/miomiorun\/"]}]}},"_links":{"self":[{"href":"https:\/\/www.miomiorun.com\/de\/wp-json\/wp\/v2\/product\/176481","targetHints":{"allow":["GET"]}}],"collection":[{"href":"https:\/\/www.miomiorun.com\/de\/wp-json\/wp\/v2\/product"}],"about":[{"href":"https:\/\/www.miomiorun.com\/de\/wp-json\/wp\/v2\/types\/product"}],"wp:featuredmedia":[{"embeddable":true,"href":"https:\/\/www.miomiorun.com\/de\/wp-json\/wp\/v2\/media\/53334"}],"wp:attachment":[{"href":"https:\/\/www.miomiorun.com\/de\/wp-json\/wp\/v2\/media?parent=176481"}],"wp:term":[{"taxonomy":"product_brand","embeddable":true,"href":"https:\/\/www.miomiorun.com\/de\/wp-json\/wp\/v2\/product_brand?post=176481"},{"taxonomy":"product_cat","embeddable":true,"href":"https:\/\/www.miomiorun.com\/de\/wp-json\/wp\/v2\/product_cat?post=176481"},{"taxonomy":"product_tag","embeddable":true,"href":"https:\/\/www.miomiorun.com\/de\/wp-json\/wp\/v2\/product_tag?post=176481"}],"curies":[{"name":"wp","href":"https:\/\/api.w.org\/{rel}","templated":true}]}}