{"id":176466,"date":"2021-05-17T18:43:33","date_gmt":"2021-05-17T16:43:33","guid":{"rendered":"https:\/\/miomiorun.com\/prodotto\/compressport-performance-singlet-donna\/"},"modified":"2026-05-08T20:56:37","modified_gmt":"2026-05-08T18:56:37","slug":"performance-singlet-damen","status":"publish","type":"product","link":"https:\/\/www.miomiorun.com\/de\/produkt\/performance-singlet-damen\/","title":{"rendered":"Performance singlet damen"},"content":{"rendered":"<div class=\"vc-row container\"><div class=\"vc-column\"><div class=\"vc-column-text\"><\/p>\n<div class=\"single-product-description\">\n<div class=\"single-product-description\">\n<p>Bel\u00fcftetes und leistungsorientiertes Lauftank-Top f\u00fcr Frauen mit anatomischem Design um die Schulterbl\u00e4tter f\u00fcr au\u00dfergew\u00f6hnliche Bewegungsfreiheit und Komfort beim Training und Laufen<\/p>\n<p>Inspiriert von den au\u00dfergew\u00f6hnlichen Leistungen, die unsere Profisportlerinnen \u00fcber die Jahre hinweg erbracht haben, bietet unser Sortiment an Laufbekleidung f\u00fcr Frauen die M\u00f6glichkeit, das n\u00e4chste Level zu erreichen. Das neue Women&#8217;s Performance Singlet wurde entwickelt, um extreme Schnelligkeit und Komfort zu vereinen, und wiegt praktisch nichts &#8211; wir garantieren Ihnen, dass Sie kaum merken werden, dass Sie es tragen. Das nahtlose und feminine Singlet ist dein Sommer-Laufoberteil, das sich sowohl f\u00fcr das Training als auch f\u00fcr Rennen eignet. Die integrierte Bel\u00fcftung und die Luftkan\u00e4le auf der Vorderseite und am unteren R\u00fccken leiten Schwei\u00df und Feuchtigkeit schnell ab, damit du k\u00fchl und trocken bleibst. Die regul\u00e4re Passform bietet einen Schnitt ohne Einschn\u00fcrungen, ist aber nicht so locker, dass sie blockiert oder im Weg ist. Der Bund ist leicht komprimiert, um den anatomischen Kurven zu folgen, w\u00e4hrend der tiefe Rundhalsausschnitt flach und angenehm auf der Haut liegt. Der obere R\u00fccken ist so geschnitten, dass die Schulterbl\u00e4tter frei liegen und eine gro\u00dfe Bewegungsfreiheit gegeben ist. Die flache Naht \u00fcber dem Schl\u00fcsselbein und um die Achsel herum bewegt sich nicht, um unangenehme Irritationen zu vermeiden. Unser Mikrofasergewebe f\u00fchlt sich sehr weich an und ist daf\u00fcr bekannt, dass es unangenehme Ger\u00fcche, die durch sportliche Bet\u00e4tigung entstehen, zur\u00fcckh\u00e4lt. Und nicht zuletzt ist die<\/p>\n<p>&nbsp;<\/p>\n<\/div>\n<div>\n<div class=\"offset-lg-7 col-lg-3 offset-md-5 col-md-4 pt-4 pb-3 bg-white\">\n<h2><strong>Wichtigste Vorteile<\/strong><\/h2>\n<p>Ergonomische Passform f\u00fcr Frauen, mit einem leistungsstarken R\u00fcckendesign, das die Schulterbl\u00e4tter entlastet und den Bewegungsspielraum optimiert<\/p>\n<p>Bel\u00fcftung und Atmungsaktivit\u00e4t durch spezielle Bel\u00fcftungseins\u00e4tze und -\u00f6ffnungen auf der Vorder- und R\u00fcckseite<\/p>\n<p>Hervorragende W\u00e4rmeregulierung durch hochfunktionelles Mikrofasergewebe, das Schwei\u00df und Feuchtigkeit schnell abtransportiert<\/p>\n<p>&nbsp;<\/p>\n<div class=\"d-flex mt-5 pt-4 pb-md-4 pb-3 text-center box-additional-info align-items-center flex-wrap\">\n<div class=\"col-lg-3 col-md-6 col-12 data-sheet\">\n<p><strong>Nettogewicht des Produkts<\/strong><\/p>\n<p>37.00 g<\/p>\n<p><strong>Zusammensetzungen<\/strong><br \/>\n92%PA 8%EA<br \/>\n<strong>Wasch- und Pflegehinweise<\/strong><\/p>\n<p><img decoding=\"async\" class=\"img-fluid\" src=\"https:\/\/www.compressport.com\/img\/cms\/icons\/picto_wash.png\" \/><\/p>\n<\/div>\n<div class=\"col-lg-3 col-md-6 col-12 data-sheet data-sheet-developed\"><img decoding=\"async\" class=\"img-fluid\" src=\"https:\/\/www.compressport.com\/img\/cms\/icons\/developed_swiss.png\" \/><\/div>\n<\/div>\n<\/div>\n<div>\n<div id=\"techno_269\" class=\"col-lg-4 col-12 collapse show\" data-parent=\"#feat_table_10\" data-bck-image=\"\">\n<h3><\/h3>\n<h2>Technologien<\/h2>\n<h3>Hydrophobic<\/h3>\n<p>Die wasserabweisende Faser speichert keine Feuchtigkeit und transportiert den Schwei\u00df ab, ohne ihn zu absorbieren, selbst wenn er \u00fcberm\u00e4\u00dfig stark ist. Keine unbequeme, schwere, feuchte Kleidung mehr, die reizt und nicht trocknet.<\/p>\n<div id=\"techno_291\" class=\"col-lg-4 col-12 collapse show\" data-parent=\"#feat_table_10\" data-bck-image=\"\">\n<h3>Seamless<\/h3>\n<p>F\u00fcr optimalen Komfort ist die Mikrofaser 100% nahtlos, leicht und sehr weich.<\/p>\n<div id=\"techno_298\" class=\"col-lg-4 col-12 collapse show\" data-parent=\"#feat_table_10\" data-bck-image=\"\">\n<h3>Thermo-Regulation<\/h3>\n<p>Seine einzigartige Textur f\u00f6rdert die Luftzirkulation und erm\u00f6glicht ein perfektes Gleichgewicht zwischen au\u00dfen und innen. Auf diese Weise bleibt der K\u00f6rper auf der gleichen Temperatur ohne pl\u00f6tzliche Ver\u00e4nderungen. Ein echter Schutz vor der K\u00e4lte im Winter und der Hitze im Sommer.<\/p>\n<div id=\"techno_304\" class=\"col-lg-4 col-12 collapse show\" data-parent=\"#feat_table_10\" data-bck-image=\"\">\n<h3>Ultra-comfort<\/h3>\n<p>Gewebte Fasern, die f\u00fcr ihre Weichheit und ihren Komfort bekannt sind.<\/p>\n<div id=\"techno_303\" class=\"col-lg-4 col-12 collapse show\" data-parent=\"#feat_table_10\" data-bck-image=\"https:\/\/www.compressport.com\/it\/img\/feature_values\/2_303.png\">\n<h3>Ultra Ventilation Mesh<\/h3>\n<p>Mesh-Zonen erleichtern die Atmungsaktivit\u00e4t und den Feuchtigkeitstransport, unabh\u00e4ngig von der Au\u00dfentemperatur, dem Grad und der Dauer der Anstrengung.<\/p>\n<div id=\"techno_309\" class=\"col-lg-4 col-12 collapse show\" data-parent=\"#feat_table_10\" data-bck-image=\"\">\n<h3>Ultralight<\/h3>\n<p>Es speichert kein Wasser und bleibt unter allen Bedingungen leicht.<\/p>\n<\/div>\n<\/div>\n<\/div>\n<\/div>\n<\/div>\n<\/div>\n<\/div>\n<\/div>\n<\/div>\n<p><\/div><\/div><div class=\"vc-column\"><div class=\"vc-column-text\"><\/p>\n<p><div style=\"width: 1024px;\" class=\"wp-video\"><video class=\"wp-video-shortcode\" id=\"video-176466-1\" width=\"1024\" height=\"576\" loop autoplay preload=\"metadata\" controls=\"controls\"><source type=\"video\/mp4\" src=\"https:\/\/miomiorun.com\/wp-content\/uploads\/2021\/05\/compressport-performance-singlet-AW00095B.mp4?_=1\" \/><a href=\"https:\/\/miomiorun.com\/wp-content\/uploads\/2021\/05\/compressport-performance-singlet-AW00095B.mp4\">https:\/\/miomiorun.com\/wp-content\/uploads\/2021\/05\/compressport-performance-singlet-AW00095B.mp4<\/a><\/video><\/div><\/p>\n<p><\/div><\/div><\/div>\n","protected":false},"excerpt":{"rendered":"","protected":false},"featured_media":55679,"template":"","meta":{"_acf_changed":false,"inline_featured_image":false},"product_brand":[],"product_cat":[6400,6401,6403],"product_tag":[3367,6215,3370,6237],"class_list":{"0":"post-176466","1":"product","2":"type-product","3":"status-publish","4":"has-post-thumbnail","6":"product_cat-damen","7":"product_cat-damenbekleidung","8":"product_cat-damentank-tops","9":"product_tag-compressport-de","10":"product_tag-compressport-damen-de","11":"product_tag-crazy-idea-de","12":"product_tag-crazy-idea-damen-de","13":"pa_attivita-fitness-de","14":"pa_attivita-gehen","15":"pa_attivita-running-de","16":"pa_colore-performance-singlet-coral-de-2","17":"pa_colore-performance-singlet-w-orchid-petal-purple-de","18":"pa_marca-compressport-de","19":"pa_sesso-damen","20":"pa_size-small-de","21":"pa_size-medium-de","23":"first","24":"instock","25":"sale","26":"taxable","27":"shipping-taxable","28":"purchasable","29":"product-type-variable","30":"wvs-archive-product-wrapper"},"acf":[],"yoast_head":"<!-- This site is optimized with the Yoast SEO plugin v26.8 - https:\/\/yoast.com\/product\/yoast-seo-wordpress\/ -->\n<title>Compressport Performance singlet damen - Lauftank-Top - MioMioRun<\/title>\n<meta name=\"description\" content=\"Bel\u00fcftetes und leistungsorientiertes Lauftank-Top f\u00fcr Frauen mit anatomischem Design um die Schulterbl\u00e4tter f\u00fcr au\u00dfergew\u00f6hnliche Bewegungsfreiheit und Komfort beim Training und Laufen\" \/>\n<meta name=\"robots\" content=\"index, follow, max-snippet:-1, max-image-preview:large, max-video-preview:-1\" \/>\n<link rel=\"canonical\" href=\"https:\/\/www.miomiorun.com\/de\/produkt\/performance-singlet-damen\/\" \/>\n<meta property=\"og:locale\" content=\"de_DE\" \/>\n<meta property=\"og:type\" content=\"article\" \/>\n<meta property=\"og:title\" content=\"Compressport Performance singlet damen - Lauftank-Top - MioMioRun\" \/>\n<meta property=\"og:description\" content=\"Bel\u00fcftetes und leistungsorientiertes Lauftank-Top f\u00fcr Frauen mit anatomischem Design um die Schulterbl\u00e4tter f\u00fcr au\u00dfergew\u00f6hnliche Bewegungsfreiheit und Komfort beim Training und Laufen\" \/>\n<meta property=\"og:url\" content=\"https:\/\/www.miomiorun.com\/de\/produkt\/performance-singlet-damen\/\" \/>\n<meta property=\"og:site_name\" content=\"MioMioRun\" \/>\n<meta property=\"article:publisher\" content=\"https:\/\/www.facebook.com\/miomiorun\/\" \/>\n<meta property=\"article:modified_time\" content=\"2026-05-08T18:56:37+00:00\" \/>\n<meta property=\"og:image\" content=\"https:\/\/www.miomiorun.com\/app\/uploads\/2021\/05\/compressport-Performance-singlet-AW00095B-Coral.jpg\" \/>\n\t<meta property=\"og:image:width\" content=\"600\" \/>\n\t<meta property=\"og:image:height\" content=\"600\" \/>\n\t<meta property=\"og:image:type\" content=\"image\/jpeg\" \/>\n<meta name=\"twitter:card\" content=\"summary_large_image\" \/>\n<meta name=\"twitter:label1\" content=\"Est. reading time\" \/>\n\t<meta name=\"twitter:data1\" content=\"3 minutes\" \/>\n<script type=\"application\/ld+json\" class=\"yoast-schema-graph\">{\"@context\":\"https:\/\/schema.org\",\"@graph\":[{\"@type\":\"WebPage\",\"@id\":\"https:\/\/www.miomiorun.com\/de\/produkt\/performance-singlet-damen\/\",\"url\":\"https:\/\/www.miomiorun.com\/de\/produkt\/performance-singlet-damen\/\",\"name\":\"Compressport Performance singlet damen - Lauftank-Top - MioMioRun\",\"isPartOf\":{\"@id\":\"https:\/\/www.miomiorun.com\/de\/#website\"},\"primaryImageOfPage\":{\"@id\":\"https:\/\/www.miomiorun.com\/de\/produkt\/performance-singlet-damen\/#primaryimage\"},\"image\":{\"@id\":\"https:\/\/www.miomiorun.com\/de\/produkt\/performance-singlet-damen\/#primaryimage\"},\"thumbnailUrl\":\"https:\/\/www.miomiorun.com\/app\/uploads\/2021\/05\/compressport-Performance-singlet-AW00095B-Coral.jpg\",\"datePublished\":\"2021-05-17T16:43:33+00:00\",\"dateModified\":\"2026-05-08T18:56:37+00:00\",\"description\":\"Bel\u00fcftetes und leistungsorientiertes Lauftank-Top f\u00fcr Frauen mit anatomischem Design um die Schulterbl\u00e4tter f\u00fcr au\u00dfergew\u00f6hnliche Bewegungsfreiheit und Komfort beim Training und Laufen\",\"breadcrumb\":{\"@id\":\"https:\/\/www.miomiorun.com\/de\/produkt\/performance-singlet-damen\/#breadcrumb\"},\"inLanguage\":\"de-DE\",\"potentialAction\":[{\"@type\":\"ReadAction\",\"target\":[\"https:\/\/www.miomiorun.com\/de\/produkt\/performance-singlet-damen\/\"]}]},{\"@type\":\"ImageObject\",\"inLanguage\":\"de-DE\",\"@id\":\"https:\/\/www.miomiorun.com\/de\/produkt\/performance-singlet-damen\/#primaryimage\",\"url\":\"https:\/\/www.miomiorun.com\/app\/uploads\/2021\/05\/compressport-Performance-singlet-AW00095B-Coral.jpg\",\"contentUrl\":\"https:\/\/www.miomiorun.com\/app\/uploads\/2021\/05\/compressport-Performance-singlet-AW00095B-Coral.jpg\",\"width\":600,\"height\":600,\"caption\":\"compressport performance singlet\"},{\"@type\":\"BreadcrumbList\",\"@id\":\"https:\/\/www.miomiorun.com\/de\/produkt\/performance-singlet-damen\/#breadcrumb\",\"itemListElement\":[{\"@type\":\"ListItem\",\"position\":1,\"name\":\"Home\",\"item\":\"https:\/\/www.miomiorun.com\/de\/home-page\/\"},{\"@type\":\"ListItem\",\"position\":2,\"name\":\"Shop\",\"item\":\"https:\/\/www.miomiorun.com\/shop\/\"},{\"@type\":\"ListItem\",\"position\":3,\"name\":\"Performance singlet damen\"}]},{\"@type\":\"WebSite\",\"@id\":\"https:\/\/www.miomiorun.com\/de\/#website\",\"url\":\"https:\/\/www.miomiorun.com\/de\/\",\"name\":\"MioMioRun\",\"description\":\"100% Lauf- und Trailshop\",\"publisher\":{\"@id\":\"https:\/\/www.miomiorun.com\/de\/#organization\"},\"potentialAction\":[{\"@type\":\"SearchAction\",\"target\":{\"@type\":\"EntryPoint\",\"urlTemplate\":\"https:\/\/www.miomiorun.com\/de\/?s={search_term_string}\"},\"query-input\":{\"@type\":\"PropertyValueSpecification\",\"valueRequired\":true,\"valueName\":\"search_term_string\"}}],\"inLanguage\":\"de-DE\"},{\"@type\":\"Organization\",\"@id\":\"https:\/\/www.miomiorun.com\/de\/#organization\",\"name\":\"MioMio Run\",\"url\":\"https:\/\/www.miomiorun.com\/de\/\",\"logo\":{\"@type\":\"ImageObject\",\"inLanguage\":\"de-DE\",\"@id\":\"https:\/\/www.miomiorun.com\/de\/#\/schema\/logo\/image\/\",\"url\":\"https:\/\/www.miomiorun.com\/app\/uploads\/2019\/12\/logomio.png\",\"contentUrl\":\"https:\/\/www.miomiorun.com\/app\/uploads\/2019\/12\/logomio.png\",\"width\":115,\"height\":82,\"caption\":\"MioMio Run\"},\"image\":{\"@id\":\"https:\/\/www.miomiorun.com\/de\/#\/schema\/logo\/image\/\"},\"sameAs\":[\"https:\/\/www.facebook.com\/miomiorun\/\",\"https:\/\/www.instagram.com\/miomiorun\/\"]}]}<\/script>\n<!-- \/ Yoast SEO plugin. -->","yoast_head_json":{"title":"Compressport Performance singlet damen - Lauftank-Top - MioMioRun","description":"Bel\u00fcftetes und leistungsorientiertes Lauftank-Top f\u00fcr Frauen mit anatomischem Design um die Schulterbl\u00e4tter f\u00fcr au\u00dfergew\u00f6hnliche Bewegungsfreiheit und Komfort beim Training und Laufen","robots":{"index":"index","follow":"follow","max-snippet":"max-snippet:-1","max-image-preview":"max-image-preview:large","max-video-preview":"max-video-preview:-1"},"canonical":"https:\/\/www.miomiorun.com\/de\/produkt\/performance-singlet-damen\/","og_locale":"de_DE","og_type":"article","og_title":"Compressport Performance singlet damen - Lauftank-Top - MioMioRun","og_description":"Bel\u00fcftetes und leistungsorientiertes Lauftank-Top f\u00fcr Frauen mit anatomischem Design um die Schulterbl\u00e4tter f\u00fcr au\u00dfergew\u00f6hnliche Bewegungsfreiheit und Komfort beim Training und Laufen","og_url":"https:\/\/www.miomiorun.com\/de\/produkt\/performance-singlet-damen\/","og_site_name":"MioMioRun","article_publisher":"https:\/\/www.facebook.com\/miomiorun\/","article_modified_time":"2026-05-08T18:56:37+00:00","og_image":[{"width":600,"height":600,"url":"https:\/\/www.miomiorun.com\/app\/uploads\/2021\/05\/compressport-Performance-singlet-AW00095B-Coral.jpg","type":"image\/jpeg"}],"twitter_card":"summary_large_image","twitter_misc":{"Est. reading time":"3 minutes"},"schema":{"@context":"https:\/\/schema.org","@graph":[{"@type":"WebPage","@id":"https:\/\/www.miomiorun.com\/de\/produkt\/performance-singlet-damen\/","url":"https:\/\/www.miomiorun.com\/de\/produkt\/performance-singlet-damen\/","name":"Compressport Performance singlet damen - Lauftank-Top - MioMioRun","isPartOf":{"@id":"https:\/\/www.miomiorun.com\/de\/#website"},"primaryImageOfPage":{"@id":"https:\/\/www.miomiorun.com\/de\/produkt\/performance-singlet-damen\/#primaryimage"},"image":{"@id":"https:\/\/www.miomiorun.com\/de\/produkt\/performance-singlet-damen\/#primaryimage"},"thumbnailUrl":"https:\/\/www.miomiorun.com\/app\/uploads\/2021\/05\/compressport-Performance-singlet-AW00095B-Coral.jpg","datePublished":"2021-05-17T16:43:33+00:00","dateModified":"2026-05-08T18:56:37+00:00","description":"Bel\u00fcftetes und leistungsorientiertes Lauftank-Top f\u00fcr Frauen mit anatomischem Design um die Schulterbl\u00e4tter f\u00fcr au\u00dfergew\u00f6hnliche Bewegungsfreiheit und Komfort beim Training und Laufen","breadcrumb":{"@id":"https:\/\/www.miomiorun.com\/de\/produkt\/performance-singlet-damen\/#breadcrumb"},"inLanguage":"de-DE","potentialAction":[{"@type":"ReadAction","target":["https:\/\/www.miomiorun.com\/de\/produkt\/performance-singlet-damen\/"]}]},{"@type":"ImageObject","inLanguage":"de-DE","@id":"https:\/\/www.miomiorun.com\/de\/produkt\/performance-singlet-damen\/#primaryimage","url":"https:\/\/www.miomiorun.com\/app\/uploads\/2021\/05\/compressport-Performance-singlet-AW00095B-Coral.jpg","contentUrl":"https:\/\/www.miomiorun.com\/app\/uploads\/2021\/05\/compressport-Performance-singlet-AW00095B-Coral.jpg","width":600,"height":600,"caption":"compressport performance singlet"},{"@type":"BreadcrumbList","@id":"https:\/\/www.miomiorun.com\/de\/produkt\/performance-singlet-damen\/#breadcrumb","itemListElement":[{"@type":"ListItem","position":1,"name":"Home","item":"https:\/\/www.miomiorun.com\/de\/home-page\/"},{"@type":"ListItem","position":2,"name":"Shop","item":"https:\/\/www.miomiorun.com\/shop\/"},{"@type":"ListItem","position":3,"name":"Performance singlet damen"}]},{"@type":"WebSite","@id":"https:\/\/www.miomiorun.com\/de\/#website","url":"https:\/\/www.miomiorun.com\/de\/","name":"MioMioRun","description":"100% Lauf- und Trailshop","publisher":{"@id":"https:\/\/www.miomiorun.com\/de\/#organization"},"potentialAction":[{"@type":"SearchAction","target":{"@type":"EntryPoint","urlTemplate":"https:\/\/www.miomiorun.com\/de\/?s={search_term_string}"},"query-input":{"@type":"PropertyValueSpecification","valueRequired":true,"valueName":"search_term_string"}}],"inLanguage":"de-DE"},{"@type":"Organization","@id":"https:\/\/www.miomiorun.com\/de\/#organization","name":"MioMio Run","url":"https:\/\/www.miomiorun.com\/de\/","logo":{"@type":"ImageObject","inLanguage":"de-DE","@id":"https:\/\/www.miomiorun.com\/de\/#\/schema\/logo\/image\/","url":"https:\/\/www.miomiorun.com\/app\/uploads\/2019\/12\/logomio.png","contentUrl":"https:\/\/www.miomiorun.com\/app\/uploads\/2019\/12\/logomio.png","width":115,"height":82,"caption":"MioMio Run"},"image":{"@id":"https:\/\/www.miomiorun.com\/de\/#\/schema\/logo\/image\/"},"sameAs":["https:\/\/www.facebook.com\/miomiorun\/","https:\/\/www.instagram.com\/miomiorun\/"]}]}},"_links":{"self":[{"href":"https:\/\/www.miomiorun.com\/de\/wp-json\/wp\/v2\/product\/176466","targetHints":{"allow":["GET"]}}],"collection":[{"href":"https:\/\/www.miomiorun.com\/de\/wp-json\/wp\/v2\/product"}],"about":[{"href":"https:\/\/www.miomiorun.com\/de\/wp-json\/wp\/v2\/types\/product"}],"wp:featuredmedia":[{"embeddable":true,"href":"https:\/\/www.miomiorun.com\/de\/wp-json\/wp\/v2\/media\/55679"}],"wp:attachment":[{"href":"https:\/\/www.miomiorun.com\/de\/wp-json\/wp\/v2\/media?parent=176466"}],"wp:term":[{"taxonomy":"product_brand","embeddable":true,"href":"https:\/\/www.miomiorun.com\/de\/wp-json\/wp\/v2\/product_brand?post=176466"},{"taxonomy":"product_cat","embeddable":true,"href":"https:\/\/www.miomiorun.com\/de\/wp-json\/wp\/v2\/product_cat?post=176466"},{"taxonomy":"product_tag","embeddable":true,"href":"https:\/\/www.miomiorun.com\/de\/wp-json\/wp\/v2\/product_tag?post=176466"}],"curies":[{"name":"wp","href":"https:\/\/api.w.org\/{rel}","templated":true}]}}