{"id":176461,"date":"2023-03-23T14:00:32","date_gmt":"2023-03-23T13:00:32","guid":{"rendered":"https:\/\/miomiorun.com\/prodotto\/pacer-tank-donna\/"},"modified":"2026-05-08T21:39:51","modified_gmt":"2026-05-08T19:39:51","slug":"pacer-tank-damen","status":"publish","type":"product","link":"https:\/\/www.miomiorun.com\/de\/produkt\/pacer-tank-damen\/","title":{"rendered":"Pacer Tank damen"},"content":{"rendered":"<p>Machen Sie sich keine Sorgen, dass Sie bei l\u00e4ngeren Trainingseinheiten und Mitteldistanzl\u00e4ufen das Tempo nicht mitgehen k\u00f6nnen. Das Pacer Tank f\u00fcr Damen ist leicht, liegt weich auf der Haut und das neue Design ist dynamisch und frisch. Behandelt mit Polygiene\u00ae f\u00fcr l\u00e4ngeres Tragen und weniger Waschen.<\/p>\n<div class=\"data item content\" role=\"tabpanel\" aria-labelledby=\"tab-label-techinfo\" data-role=\"content\" aria-hidden=\"false\">\n<div class=\"techinfo-container\">\n<div class=\"techinfo-icons\">\n<div class=\"techinfo-icon\"><a> <img decoding=\"async\" src=\"https:\/\/www.lasportiva.com\/media\/techinfo_icons\/polygiene.png\" alt=\"La Sportiva\" \/><\/a><\/div>\n<div>Die antibakterielle und geruchshemmende Polygiene\u00ae-Technologie ist eine dauerhafte, wirksame und nachhaltige Behandlung, die Silbersalze verwendet, um die Bildung von geruchsverursachenden Bakterien zu verhindern. Das Ergebnis? Sie k\u00f6nnen Ihre Kleidungsst\u00fccke l\u00e4nger tragen, ohne sie zu waschen.<\/div>\n<div><\/div>\n<div class=\"techinfo-icon\"><a> <img decoding=\"async\" src=\"https:\/\/www.lasportiva.com\/media\/techinfo_icons\/leggerezza.png\" alt=\"La Sportiva\" \/><\/a><\/div>\n<div><strong>Leichtigkeit<\/strong>: Produkte, die das Gewicht auf ein Minimum reduzieren<\/div>\n<div class=\"techinfo-icon\"><a> <img decoding=\"async\" src=\"https:\/\/www.lasportiva.com\/media\/techinfo_icons\/traspirabilita.png\" alt=\"La Sportiva\" \/><\/a><\/div>\n<div><img decoding=\"async\" src=\"https:\/\/www.lasportiva.com\/media\/RECYCLEDfabric_Icone_75x75_1.png\" \/><\/div>\n<div>\n<p>La Sportiva stellt seit 1928 am Fu\u00dfe der Dolomiten Produkte f\u00fcr die Berge her und achtet deshalb auf jedes Detail, das einen Unterschied f\u00fcr die Umwelt machen kann. Mit den Logos RECYCLED FABRIC &amp; INSULATIONS haben wir umweltvertr\u00e4gliche Produkte gekennzeichnet, bei denen dank unserer Herstellungs- und Konstruktionsentscheidungen Materialien verwendet werden, die aus der Wiederverwendung von Kunststoffen stammen, so dass der Verbraucher einen umweltbewussten und respektvollen Kauf t\u00e4tigen kann.<\/p>\n<p><strong>RECYCELTER STOFF<\/strong><br \/>\nPolyesterfasern, die aus recycelten Plastikflaschen und in umweltfreundlichen Verfahren hergestellt werden.<br \/>\n&#8211; Kleidungsst\u00fccke aus RECYCLED FABRIC tragen zur Verringerung der Umweltbelastung bei<br \/>\n&#8211; Alle petrochemischen Stoffe wurden durch recycelte Plastikflaschen ersetzt<br \/>\n&#8211; Der Produktionsprozess von recycelten Fasern reduziert die CO2-Emissionen in die Atmosph\u00e4re um ca. 54% &#8211; Langlebigkeit und Qualit\u00e4t garantiert<\/p>\n<p><strong>Eigenschaften:<\/strong><\/p>\n<p>+ Geruchshemmende und antibakterielle Behandlung<\/p>\n<p><strong>Material<\/strong>: Hauptmaterial: KSL06 100% recyceltes Polyester<br \/>\n<strong>Gewicht<\/strong>: 46<br \/>\n<strong>Passform<\/strong>: REGULAR<\/p>\n<\/div>\n<\/div>\n<\/div>\n<\/div>\n","protected":false},"excerpt":{"rendered":"<p>&#8211; Kleidungsst\u00fccke aus RECYCLED FABRIC tragen zur Verringerung der Umweltbelastung bei<br \/>\n&#8211; Alle petrochemischen Stoffe wurden durch recycelte Plastikflaschen ersetzt.<br \/>\n&#8211; Der Produktionsprozess von recycelten Fasern reduziert die CO2-Emissionen in die Atmosph\u00e4re um ca. 54% &#8211; Langlebigkeit und Qualit\u00e4t sind garantiert<\/p>\n","protected":false},"featured_media":119563,"template":"","meta":{"_acf_changed":false,"inline_featured_image":false},"product_brand":[],"product_cat":[6400,6401,6403],"product_tag":[6248,6220],"class_list":{"0":"post-176461","1":"product","2":"type-product","3":"status-publish","4":"has-post-thumbnail","6":"product_cat-damen","7":"product_cat-damenbekleidung","8":"product_cat-damentank-tops","9":"product_tag-la-sportiva-de","10":"product_tag-la-sportiva-damen-de","11":"pa_attivita-gehen","12":"pa_attivita-outdoor-de","13":"pa_attivita-trail-de","14":"pa_colore-pacer-tank-w-rose-springtime-de","15":"pa_colore-pacer-tank-w-stone-blue-deep-sea-de","16":"pa_colore-pacer-tank-w-storm-blue-lagoon-de","17":"pa_marca-la-sportiva-de","18":"pa_sesso-damen","19":"pa_size-extra-small-de","20":"pa_size-small-de","21":"pa_size-medium-de","22":"pa_size-large-de","24":"first","25":"instock","26":"sale","27":"taxable","28":"shipping-taxable","29":"purchasable","30":"product-type-variable","31":"wvs-archive-product-wrapper"},"acf":[],"yoast_head":"<!-- This site is optimized with the Yoast SEO plugin v26.8 - https:\/\/yoast.com\/product\/yoast-seo-wordpress\/ -->\n<title>La Sportiva Pacer Tank damen - Lauftank-Top - MioMioRun<\/title>\n<meta name=\"description\" content=\"Machen Sie sich keine Sorgen, das Tempo bei l\u00e4ngeren Trainingseinheiten und Mittelstreckenl\u00e4ufen zu halten. Das Pacer Tank f\u00fcr Frauen ist leicht\" \/>\n<meta name=\"robots\" content=\"index, follow, max-snippet:-1, max-image-preview:large, max-video-preview:-1\" \/>\n<link rel=\"canonical\" href=\"https:\/\/www.miomiorun.com\/de\/produkt\/pacer-tank-damen\/\" \/>\n<meta property=\"og:locale\" content=\"de_DE\" \/>\n<meta property=\"og:type\" content=\"article\" \/>\n<meta property=\"og:title\" content=\"La Sportiva Pacer Tank damen - Lauftank-Top - MioMioRun\" \/>\n<meta property=\"og:description\" content=\"Machen Sie sich keine Sorgen, das Tempo bei l\u00e4ngeren Trainingseinheiten und Mittelstreckenl\u00e4ufen zu halten. Das Pacer Tank f\u00fcr Frauen ist leicht\" \/>\n<meta property=\"og:url\" content=\"https:\/\/www.miomiorun.com\/de\/produkt\/pacer-tank-damen\/\" \/>\n<meta property=\"og:site_name\" content=\"MioMioRun\" \/>\n<meta property=\"article:publisher\" content=\"https:\/\/www.facebook.com\/miomiorun\/\" \/>\n<meta property=\"article:modified_time\" content=\"2026-05-08T19:39:51+00:00\" \/>\n<meta property=\"og:image\" content=\"https:\/\/www.miomiorun.com\/app\/uploads\/2023\/05\/la-sportiva-pacer-tank-W-cherry-tomato-green-banana-Q54322728.jpg\" \/>\n\t<meta property=\"og:image:width\" content=\"600\" \/>\n\t<meta property=\"og:image:height\" content=\"600\" \/>\n\t<meta property=\"og:image:type\" content=\"image\/jpeg\" \/>\n<meta name=\"twitter:card\" content=\"summary_large_image\" \/>\n<meta name=\"twitter:label1\" content=\"Est. reading time\" \/>\n\t<meta name=\"twitter:data1\" content=\"1 minute\" \/>\n<script type=\"application\/ld+json\" class=\"yoast-schema-graph\">{\"@context\":\"https:\/\/schema.org\",\"@graph\":[{\"@type\":\"WebPage\",\"@id\":\"https:\/\/www.miomiorun.com\/de\/produkt\/pacer-tank-damen\/\",\"url\":\"https:\/\/www.miomiorun.com\/de\/produkt\/pacer-tank-damen\/\",\"name\":\"La Sportiva Pacer Tank damen - Lauftank-Top - MioMioRun\",\"isPartOf\":{\"@id\":\"https:\/\/www.miomiorun.com\/de\/#website\"},\"primaryImageOfPage\":{\"@id\":\"https:\/\/www.miomiorun.com\/de\/produkt\/pacer-tank-damen\/#primaryimage\"},\"image\":{\"@id\":\"https:\/\/www.miomiorun.com\/de\/produkt\/pacer-tank-damen\/#primaryimage\"},\"thumbnailUrl\":\"https:\/\/www.miomiorun.com\/app\/uploads\/2023\/05\/la-sportiva-pacer-tank-W-cherry-tomato-green-banana-Q54322728.jpg\",\"datePublished\":\"2023-03-23T13:00:32+00:00\",\"dateModified\":\"2026-05-08T19:39:51+00:00\",\"description\":\"Machen Sie sich keine Sorgen, das Tempo bei l\u00e4ngeren Trainingseinheiten und Mittelstreckenl\u00e4ufen zu halten. Das Pacer Tank f\u00fcr Frauen ist leicht\",\"breadcrumb\":{\"@id\":\"https:\/\/www.miomiorun.com\/de\/produkt\/pacer-tank-damen\/#breadcrumb\"},\"inLanguage\":\"de-DE\",\"potentialAction\":[{\"@type\":\"ReadAction\",\"target\":[\"https:\/\/www.miomiorun.com\/de\/produkt\/pacer-tank-damen\/\"]}]},{\"@type\":\"ImageObject\",\"inLanguage\":\"de-DE\",\"@id\":\"https:\/\/www.miomiorun.com\/de\/produkt\/pacer-tank-damen\/#primaryimage\",\"url\":\"https:\/\/www.miomiorun.com\/app\/uploads\/2023\/05\/la-sportiva-pacer-tank-W-cherry-tomato-green-banana-Q54322728.jpg\",\"contentUrl\":\"https:\/\/www.miomiorun.com\/app\/uploads\/2023\/05\/la-sportiva-pacer-tank-W-cherry-tomato-green-banana-Q54322728.jpg\",\"width\":600,\"height\":600,\"caption\":\"la-sportiva-pacer-tank-W-cherry-tomato-green-banana-Q54322728\"},{\"@type\":\"BreadcrumbList\",\"@id\":\"https:\/\/www.miomiorun.com\/de\/produkt\/pacer-tank-damen\/#breadcrumb\",\"itemListElement\":[{\"@type\":\"ListItem\",\"position\":1,\"name\":\"Home\",\"item\":\"https:\/\/www.miomiorun.com\/de\/\"},{\"@type\":\"ListItem\",\"position\":2,\"name\":\"Shop\",\"item\":\"https:\/\/www.miomiorun.com\/shop\/\"},{\"@type\":\"ListItem\",\"position\":3,\"name\":\"Pacer Tank damen\"}]},{\"@type\":\"WebSite\",\"@id\":\"https:\/\/www.miomiorun.com\/de\/#website\",\"url\":\"https:\/\/www.miomiorun.com\/de\/\",\"name\":\"MioMioRun\",\"description\":\"100% Lauf- und Trailshop\",\"publisher\":{\"@id\":\"https:\/\/www.miomiorun.com\/de\/#organization\"},\"potentialAction\":[{\"@type\":\"SearchAction\",\"target\":{\"@type\":\"EntryPoint\",\"urlTemplate\":\"https:\/\/www.miomiorun.com\/de\/?s={search_term_string}\"},\"query-input\":{\"@type\":\"PropertyValueSpecification\",\"valueRequired\":true,\"valueName\":\"search_term_string\"}}],\"inLanguage\":\"de-DE\"},{\"@type\":\"Organization\",\"@id\":\"https:\/\/www.miomiorun.com\/de\/#organization\",\"name\":\"MioMio Run\",\"url\":\"https:\/\/www.miomiorun.com\/de\/\",\"logo\":{\"@type\":\"ImageObject\",\"inLanguage\":\"de-DE\",\"@id\":\"https:\/\/www.miomiorun.com\/de\/#\/schema\/logo\/image\/\",\"url\":\"https:\/\/www.miomiorun.com\/app\/uploads\/2019\/12\/logomio.png\",\"contentUrl\":\"https:\/\/www.miomiorun.com\/app\/uploads\/2019\/12\/logomio.png\",\"width\":115,\"height\":82,\"caption\":\"MioMio Run\"},\"image\":{\"@id\":\"https:\/\/www.miomiorun.com\/de\/#\/schema\/logo\/image\/\"},\"sameAs\":[\"https:\/\/www.facebook.com\/miomiorun\/\",\"https:\/\/www.instagram.com\/miomiorun\/\"]}]}<\/script>\n<!-- \/ Yoast SEO plugin. -->","yoast_head_json":{"title":"La Sportiva Pacer Tank damen - Lauftank-Top - MioMioRun","description":"Machen Sie sich keine Sorgen, das Tempo bei l\u00e4ngeren Trainingseinheiten und Mittelstreckenl\u00e4ufen zu halten. Das Pacer Tank f\u00fcr Frauen ist leicht","robots":{"index":"index","follow":"follow","max-snippet":"max-snippet:-1","max-image-preview":"max-image-preview:large","max-video-preview":"max-video-preview:-1"},"canonical":"https:\/\/www.miomiorun.com\/de\/produkt\/pacer-tank-damen\/","og_locale":"de_DE","og_type":"article","og_title":"La Sportiva Pacer Tank damen - Lauftank-Top - MioMioRun","og_description":"Machen Sie sich keine Sorgen, das Tempo bei l\u00e4ngeren Trainingseinheiten und Mittelstreckenl\u00e4ufen zu halten. Das Pacer Tank f\u00fcr Frauen ist leicht","og_url":"https:\/\/www.miomiorun.com\/de\/produkt\/pacer-tank-damen\/","og_site_name":"MioMioRun","article_publisher":"https:\/\/www.facebook.com\/miomiorun\/","article_modified_time":"2026-05-08T19:39:51+00:00","og_image":[{"width":600,"height":600,"url":"https:\/\/www.miomiorun.com\/app\/uploads\/2023\/05\/la-sportiva-pacer-tank-W-cherry-tomato-green-banana-Q54322728.jpg","type":"image\/jpeg"}],"twitter_card":"summary_large_image","twitter_misc":{"Est. reading time":"1 minute"},"schema":{"@context":"https:\/\/schema.org","@graph":[{"@type":"WebPage","@id":"https:\/\/www.miomiorun.com\/de\/produkt\/pacer-tank-damen\/","url":"https:\/\/www.miomiorun.com\/de\/produkt\/pacer-tank-damen\/","name":"La Sportiva Pacer Tank damen - Lauftank-Top - MioMioRun","isPartOf":{"@id":"https:\/\/www.miomiorun.com\/de\/#website"},"primaryImageOfPage":{"@id":"https:\/\/www.miomiorun.com\/de\/produkt\/pacer-tank-damen\/#primaryimage"},"image":{"@id":"https:\/\/www.miomiorun.com\/de\/produkt\/pacer-tank-damen\/#primaryimage"},"thumbnailUrl":"https:\/\/www.miomiorun.com\/app\/uploads\/2023\/05\/la-sportiva-pacer-tank-W-cherry-tomato-green-banana-Q54322728.jpg","datePublished":"2023-03-23T13:00:32+00:00","dateModified":"2026-05-08T19:39:51+00:00","description":"Machen Sie sich keine Sorgen, das Tempo bei l\u00e4ngeren Trainingseinheiten und Mittelstreckenl\u00e4ufen zu halten. Das Pacer Tank f\u00fcr Frauen ist leicht","breadcrumb":{"@id":"https:\/\/www.miomiorun.com\/de\/produkt\/pacer-tank-damen\/#breadcrumb"},"inLanguage":"de-DE","potentialAction":[{"@type":"ReadAction","target":["https:\/\/www.miomiorun.com\/de\/produkt\/pacer-tank-damen\/"]}]},{"@type":"ImageObject","inLanguage":"de-DE","@id":"https:\/\/www.miomiorun.com\/de\/produkt\/pacer-tank-damen\/#primaryimage","url":"https:\/\/www.miomiorun.com\/app\/uploads\/2023\/05\/la-sportiva-pacer-tank-W-cherry-tomato-green-banana-Q54322728.jpg","contentUrl":"https:\/\/www.miomiorun.com\/app\/uploads\/2023\/05\/la-sportiva-pacer-tank-W-cherry-tomato-green-banana-Q54322728.jpg","width":600,"height":600,"caption":"la-sportiva-pacer-tank-W-cherry-tomato-green-banana-Q54322728"},{"@type":"BreadcrumbList","@id":"https:\/\/www.miomiorun.com\/de\/produkt\/pacer-tank-damen\/#breadcrumb","itemListElement":[{"@type":"ListItem","position":1,"name":"Home","item":"https:\/\/www.miomiorun.com\/de\/"},{"@type":"ListItem","position":2,"name":"Shop","item":"https:\/\/www.miomiorun.com\/shop\/"},{"@type":"ListItem","position":3,"name":"Pacer Tank damen"}]},{"@type":"WebSite","@id":"https:\/\/www.miomiorun.com\/de\/#website","url":"https:\/\/www.miomiorun.com\/de\/","name":"MioMioRun","description":"100% Lauf- und Trailshop","publisher":{"@id":"https:\/\/www.miomiorun.com\/de\/#organization"},"potentialAction":[{"@type":"SearchAction","target":{"@type":"EntryPoint","urlTemplate":"https:\/\/www.miomiorun.com\/de\/?s={search_term_string}"},"query-input":{"@type":"PropertyValueSpecification","valueRequired":true,"valueName":"search_term_string"}}],"inLanguage":"de-DE"},{"@type":"Organization","@id":"https:\/\/www.miomiorun.com\/de\/#organization","name":"MioMio Run","url":"https:\/\/www.miomiorun.com\/de\/","logo":{"@type":"ImageObject","inLanguage":"de-DE","@id":"https:\/\/www.miomiorun.com\/de\/#\/schema\/logo\/image\/","url":"https:\/\/www.miomiorun.com\/app\/uploads\/2019\/12\/logomio.png","contentUrl":"https:\/\/www.miomiorun.com\/app\/uploads\/2019\/12\/logomio.png","width":115,"height":82,"caption":"MioMio Run"},"image":{"@id":"https:\/\/www.miomiorun.com\/de\/#\/schema\/logo\/image\/"},"sameAs":["https:\/\/www.facebook.com\/miomiorun\/","https:\/\/www.instagram.com\/miomiorun\/"]}]}},"_links":{"self":[{"href":"https:\/\/www.miomiorun.com\/de\/wp-json\/wp\/v2\/product\/176461","targetHints":{"allow":["GET"]}}],"collection":[{"href":"https:\/\/www.miomiorun.com\/de\/wp-json\/wp\/v2\/product"}],"about":[{"href":"https:\/\/www.miomiorun.com\/de\/wp-json\/wp\/v2\/types\/product"}],"wp:featuredmedia":[{"embeddable":true,"href":"https:\/\/www.miomiorun.com\/de\/wp-json\/wp\/v2\/media\/119563"}],"wp:attachment":[{"href":"https:\/\/www.miomiorun.com\/de\/wp-json\/wp\/v2\/media?parent=176461"}],"wp:term":[{"taxonomy":"product_brand","embeddable":true,"href":"https:\/\/www.miomiorun.com\/de\/wp-json\/wp\/v2\/product_brand?post=176461"},{"taxonomy":"product_cat","embeddable":true,"href":"https:\/\/www.miomiorun.com\/de\/wp-json\/wp\/v2\/product_cat?post=176461"},{"taxonomy":"product_tag","embeddable":true,"href":"https:\/\/www.miomiorun.com\/de\/wp-json\/wp\/v2\/product_tag?post=176461"}],"curies":[{"name":"wp","href":"https:\/\/api.w.org\/{rel}","templated":true}]}}