{"id":176452,"date":"2023-11-09T14:06:20","date_gmt":"2023-11-09T13:06:20","guid":{"rendered":"https:\/\/miomiorun.com\/prodotto\/orchidea-canottiera-donna\/"},"modified":"2026-05-08T21:51:25","modified_gmt":"2026-05-08T19:51:25","slug":"orchidea-tank-tops-damen","status":"publish","type":"product","link":"https:\/\/www.miomiorun.com\/de\/produkt\/orchidea-tank-tops-damen\/","title":{"rendered":"Orchidea Tank-Tops damen"},"content":{"rendered":"<h2>Wir begannen mit einer leeren Leinwand und einigen Orchideenbl\u00e4ttern. Das Ergebnis ist eine Explosion von Farben, die alle Schattierungen dieser Blume in einer magischen Textur enth\u00e4lt, die gleichzeitig Zartheit und Energie ausstrahlt. Unser Logo und ein geometrisches Muster vervollst\u00e4ndigten die Komposition.<\/h2>\n<div class=\"description-product\">\n<div>\n<div class=\"istruzioni\">\n<h3>Eigenschaften<\/h3>\n<ul>\n<li>Technisches, leichtes und atmungsaktives Tank-Top.<\/li>\n<li>Hergestellt aus seidig-weichem Micromesh-Gewebe.<\/li>\n<li>Perfekt f\u00fcr die Berge oder einen Drink mit Freunden.<\/li>\n<li>Sein Gewicht macht es auch ideal f\u00fcr Trail- und Ultra-Trail-Rennen: atmungsaktiv f\u00fcr die hei\u00dfesten Momente, ausreichend bedeckend bei k\u00fchlem Wetter.<\/li>\n<li>Die Grafiken sind durch Sublimation gedruckt: sie nicht verschlechtern oder verblassen.Istruzioni per il lavaggio<\/li>\n<\/ul>\n<div>\n<p>Wild Tee Produkte sind langlebig, die Pflege ist sehr einfach: auf links waschen, in der Waschmaschine, mit einem Programm f\u00fcr Sportbekleidung, ohne Weichsp\u00fcler, max. 40\u00b0C, lufttrocknen.<\/p>\n<p><strong>Zusammensetzung<\/strong><br \/>\n100% PES mit Farbstoff-Sublimationsdruck.<\/p>\n<\/div>\n<\/div>\n<\/div>\n<\/div>\n","protected":false},"excerpt":{"rendered":"<ul>\n<li>Superleichtes Tank-Top<\/li>\n<li>Perfekt f\u00fcr die Berge<\/li>\n<\/ul>\n","protected":false},"featured_media":151527,"template":"","meta":{"_acf_changed":false,"inline_featured_image":false},"product_brand":[],"product_cat":[6400,6401,6403],"product_tag":[3399,6288],"class_list":{"0":"post-176452","1":"product","2":"type-product","3":"status-publish","4":"has-post-thumbnail","6":"product_cat-damen","7":"product_cat-damenbekleidung","8":"product_cat-damentank-tops","9":"product_tag-wild-tee-de","10":"product_tag-wild-tee-damen-de","11":"pa_attivita-gehen","12":"pa_attivita-running-de","13":"pa_attivita-trail-de","14":"pa_marca-wild-tee-de","15":"pa_sesso-damen","16":"pa_size-extra-small-de","17":"pa_size-medium-de","19":"first","20":"instock","21":"sale","22":"taxable","23":"shipping-taxable","24":"purchasable","25":"product-type-variable","26":"wvs-archive-product-wrapper"},"acf":[],"yoast_head":"<!-- This site is optimized with the Yoast SEO plugin v26.8 - https:\/\/yoast.com\/product\/yoast-seo-wordpress\/ -->\n<title>Wild TeeOrchidea Tank-Tops damen - Lauftank-Top - MioMioRun<\/title>\n<meta name=\"description\" content=\"Technisches, leichtes und atmungsaktives Tank-Top aus seidig-weichem Micromesh-Gewebe, perfekt f\u00fcr die Berge oder einen Drink mit Freunden.\" \/>\n<meta name=\"robots\" content=\"index, follow, max-snippet:-1, max-image-preview:large, max-video-preview:-1\" \/>\n<link rel=\"canonical\" href=\"https:\/\/www.miomiorun.com\/de\/produkt\/orchidea-tank-tops-damen\/\" \/>\n<meta property=\"og:locale\" content=\"de_DE\" \/>\n<meta property=\"og:type\" content=\"article\" \/>\n<meta property=\"og:title\" content=\"Wild TeeOrchidea Tank-Tops damen - Lauftank-Top - MioMioRun\" \/>\n<meta property=\"og:description\" content=\"Technisches, leichtes und atmungsaktives Tank-Top aus seidig-weichem Micromesh-Gewebe, perfekt f\u00fcr die Berge oder einen Drink mit Freunden.\" \/>\n<meta property=\"og:url\" content=\"https:\/\/www.miomiorun.com\/de\/produkt\/orchidea-tank-tops-damen\/\" \/>\n<meta property=\"og:site_name\" content=\"MioMioRun\" \/>\n<meta property=\"article:publisher\" content=\"https:\/\/www.facebook.com\/miomiorun\/\" \/>\n<meta property=\"article:modified_time\" content=\"2026-05-08T19:51:25+00:00\" \/>\n<meta property=\"og:image\" content=\"https:\/\/www.miomiorun.com\/app\/uploads\/2023\/11\/wild-tee-orchidea-canotta-donna-WT019WT156.jpg\" \/>\n\t<meta property=\"og:image:width\" content=\"600\" \/>\n\t<meta property=\"og:image:height\" content=\"600\" \/>\n\t<meta property=\"og:image:type\" content=\"image\/jpeg\" \/>\n<meta name=\"twitter:card\" content=\"summary_large_image\" \/>\n<meta name=\"twitter:label1\" content=\"Est. reading time\" \/>\n\t<meta name=\"twitter:data1\" content=\"1 minute\" \/>\n<script type=\"application\/ld+json\" class=\"yoast-schema-graph\">{\"@context\":\"https:\/\/schema.org\",\"@graph\":[{\"@type\":\"WebPage\",\"@id\":\"https:\/\/www.miomiorun.com\/de\/produkt\/orchidea-tank-tops-damen\/\",\"url\":\"https:\/\/www.miomiorun.com\/de\/produkt\/orchidea-tank-tops-damen\/\",\"name\":\"Wild TeeOrchidea Tank-Tops damen - Lauftank-Top - MioMioRun\",\"isPartOf\":{\"@id\":\"https:\/\/www.miomiorun.com\/de\/#website\"},\"primaryImageOfPage\":{\"@id\":\"https:\/\/www.miomiorun.com\/de\/produkt\/orchidea-tank-tops-damen\/#primaryimage\"},\"image\":{\"@id\":\"https:\/\/www.miomiorun.com\/de\/produkt\/orchidea-tank-tops-damen\/#primaryimage\"},\"thumbnailUrl\":\"https:\/\/www.miomiorun.com\/app\/uploads\/2023\/11\/wild-tee-orchidea-canotta-donna-WT019WT156.jpg\",\"datePublished\":\"2023-11-09T13:06:20+00:00\",\"dateModified\":\"2026-05-08T19:51:25+00:00\",\"description\":\"Technisches, leichtes und atmungsaktives Tank-Top aus seidig-weichem Micromesh-Gewebe, perfekt f\u00fcr die Berge oder einen Drink mit Freunden.\",\"breadcrumb\":{\"@id\":\"https:\/\/www.miomiorun.com\/de\/produkt\/orchidea-tank-tops-damen\/#breadcrumb\"},\"inLanguage\":\"de-DE\",\"potentialAction\":[{\"@type\":\"ReadAction\",\"target\":[\"https:\/\/www.miomiorun.com\/de\/produkt\/orchidea-tank-tops-damen\/\"]}]},{\"@type\":\"ImageObject\",\"inLanguage\":\"de-DE\",\"@id\":\"https:\/\/www.miomiorun.com\/de\/produkt\/orchidea-tank-tops-damen\/#primaryimage\",\"url\":\"https:\/\/www.miomiorun.com\/app\/uploads\/2023\/11\/wild-tee-orchidea-canotta-donna-WT019WT156.jpg\",\"contentUrl\":\"https:\/\/www.miomiorun.com\/app\/uploads\/2023\/11\/wild-tee-orchidea-canotta-donna-WT019WT156.jpg\",\"width\":600,\"height\":600,\"caption\":\"wild-tee-orchidea-canotta-donna-WT019WT156\"},{\"@type\":\"BreadcrumbList\",\"@id\":\"https:\/\/www.miomiorun.com\/de\/produkt\/orchidea-tank-tops-damen\/#breadcrumb\",\"itemListElement\":[{\"@type\":\"ListItem\",\"position\":1,\"name\":\"Home\",\"item\":\"https:\/\/www.miomiorun.com\/de\/\"},{\"@type\":\"ListItem\",\"position\":2,\"name\":\"Shop\",\"item\":\"https:\/\/www.miomiorun.com\/shop\/\"},{\"@type\":\"ListItem\",\"position\":3,\"name\":\"Orchidea Tank-Tops damen\"}]},{\"@type\":\"WebSite\",\"@id\":\"https:\/\/www.miomiorun.com\/de\/#website\",\"url\":\"https:\/\/www.miomiorun.com\/de\/\",\"name\":\"MioMioRun\",\"description\":\"100% Lauf- und Trailshop\",\"publisher\":{\"@id\":\"https:\/\/www.miomiorun.com\/de\/#organization\"},\"potentialAction\":[{\"@type\":\"SearchAction\",\"target\":{\"@type\":\"EntryPoint\",\"urlTemplate\":\"https:\/\/www.miomiorun.com\/de\/?s={search_term_string}\"},\"query-input\":{\"@type\":\"PropertyValueSpecification\",\"valueRequired\":true,\"valueName\":\"search_term_string\"}}],\"inLanguage\":\"de-DE\"},{\"@type\":\"Organization\",\"@id\":\"https:\/\/www.miomiorun.com\/de\/#organization\",\"name\":\"MioMio Run\",\"url\":\"https:\/\/www.miomiorun.com\/de\/\",\"logo\":{\"@type\":\"ImageObject\",\"inLanguage\":\"de-DE\",\"@id\":\"https:\/\/www.miomiorun.com\/de\/#\/schema\/logo\/image\/\",\"url\":\"https:\/\/www.miomiorun.com\/app\/uploads\/2019\/12\/logomio.png\",\"contentUrl\":\"https:\/\/www.miomiorun.com\/app\/uploads\/2019\/12\/logomio.png\",\"width\":115,\"height\":82,\"caption\":\"MioMio Run\"},\"image\":{\"@id\":\"https:\/\/www.miomiorun.com\/de\/#\/schema\/logo\/image\/\"},\"sameAs\":[\"https:\/\/www.facebook.com\/miomiorun\/\",\"https:\/\/www.instagram.com\/miomiorun\/\"]}]}<\/script>\n<!-- \/ Yoast SEO plugin. -->","yoast_head_json":{"title":"Wild TeeOrchidea Tank-Tops damen - Lauftank-Top - MioMioRun","description":"Technisches, leichtes und atmungsaktives Tank-Top aus seidig-weichem Micromesh-Gewebe, perfekt f\u00fcr die Berge oder einen Drink mit Freunden.","robots":{"index":"index","follow":"follow","max-snippet":"max-snippet:-1","max-image-preview":"max-image-preview:large","max-video-preview":"max-video-preview:-1"},"canonical":"https:\/\/www.miomiorun.com\/de\/produkt\/orchidea-tank-tops-damen\/","og_locale":"de_DE","og_type":"article","og_title":"Wild TeeOrchidea Tank-Tops damen - Lauftank-Top - MioMioRun","og_description":"Technisches, leichtes und atmungsaktives Tank-Top aus seidig-weichem Micromesh-Gewebe, perfekt f\u00fcr die Berge oder einen Drink mit Freunden.","og_url":"https:\/\/www.miomiorun.com\/de\/produkt\/orchidea-tank-tops-damen\/","og_site_name":"MioMioRun","article_publisher":"https:\/\/www.facebook.com\/miomiorun\/","article_modified_time":"2026-05-08T19:51:25+00:00","og_image":[{"width":600,"height":600,"url":"https:\/\/www.miomiorun.com\/app\/uploads\/2023\/11\/wild-tee-orchidea-canotta-donna-WT019WT156.jpg","type":"image\/jpeg"}],"twitter_card":"summary_large_image","twitter_misc":{"Est. reading time":"1 minute"},"schema":{"@context":"https:\/\/schema.org","@graph":[{"@type":"WebPage","@id":"https:\/\/www.miomiorun.com\/de\/produkt\/orchidea-tank-tops-damen\/","url":"https:\/\/www.miomiorun.com\/de\/produkt\/orchidea-tank-tops-damen\/","name":"Wild TeeOrchidea Tank-Tops damen - Lauftank-Top - MioMioRun","isPartOf":{"@id":"https:\/\/www.miomiorun.com\/de\/#website"},"primaryImageOfPage":{"@id":"https:\/\/www.miomiorun.com\/de\/produkt\/orchidea-tank-tops-damen\/#primaryimage"},"image":{"@id":"https:\/\/www.miomiorun.com\/de\/produkt\/orchidea-tank-tops-damen\/#primaryimage"},"thumbnailUrl":"https:\/\/www.miomiorun.com\/app\/uploads\/2023\/11\/wild-tee-orchidea-canotta-donna-WT019WT156.jpg","datePublished":"2023-11-09T13:06:20+00:00","dateModified":"2026-05-08T19:51:25+00:00","description":"Technisches, leichtes und atmungsaktives Tank-Top aus seidig-weichem Micromesh-Gewebe, perfekt f\u00fcr die Berge oder einen Drink mit Freunden.","breadcrumb":{"@id":"https:\/\/www.miomiorun.com\/de\/produkt\/orchidea-tank-tops-damen\/#breadcrumb"},"inLanguage":"de-DE","potentialAction":[{"@type":"ReadAction","target":["https:\/\/www.miomiorun.com\/de\/produkt\/orchidea-tank-tops-damen\/"]}]},{"@type":"ImageObject","inLanguage":"de-DE","@id":"https:\/\/www.miomiorun.com\/de\/produkt\/orchidea-tank-tops-damen\/#primaryimage","url":"https:\/\/www.miomiorun.com\/app\/uploads\/2023\/11\/wild-tee-orchidea-canotta-donna-WT019WT156.jpg","contentUrl":"https:\/\/www.miomiorun.com\/app\/uploads\/2023\/11\/wild-tee-orchidea-canotta-donna-WT019WT156.jpg","width":600,"height":600,"caption":"wild-tee-orchidea-canotta-donna-WT019WT156"},{"@type":"BreadcrumbList","@id":"https:\/\/www.miomiorun.com\/de\/produkt\/orchidea-tank-tops-damen\/#breadcrumb","itemListElement":[{"@type":"ListItem","position":1,"name":"Home","item":"https:\/\/www.miomiorun.com\/de\/"},{"@type":"ListItem","position":2,"name":"Shop","item":"https:\/\/www.miomiorun.com\/shop\/"},{"@type":"ListItem","position":3,"name":"Orchidea Tank-Tops damen"}]},{"@type":"WebSite","@id":"https:\/\/www.miomiorun.com\/de\/#website","url":"https:\/\/www.miomiorun.com\/de\/","name":"MioMioRun","description":"100% Lauf- und Trailshop","publisher":{"@id":"https:\/\/www.miomiorun.com\/de\/#organization"},"potentialAction":[{"@type":"SearchAction","target":{"@type":"EntryPoint","urlTemplate":"https:\/\/www.miomiorun.com\/de\/?s={search_term_string}"},"query-input":{"@type":"PropertyValueSpecification","valueRequired":true,"valueName":"search_term_string"}}],"inLanguage":"de-DE"},{"@type":"Organization","@id":"https:\/\/www.miomiorun.com\/de\/#organization","name":"MioMio Run","url":"https:\/\/www.miomiorun.com\/de\/","logo":{"@type":"ImageObject","inLanguage":"de-DE","@id":"https:\/\/www.miomiorun.com\/de\/#\/schema\/logo\/image\/","url":"https:\/\/www.miomiorun.com\/app\/uploads\/2019\/12\/logomio.png","contentUrl":"https:\/\/www.miomiorun.com\/app\/uploads\/2019\/12\/logomio.png","width":115,"height":82,"caption":"MioMio Run"},"image":{"@id":"https:\/\/www.miomiorun.com\/de\/#\/schema\/logo\/image\/"},"sameAs":["https:\/\/www.facebook.com\/miomiorun\/","https:\/\/www.instagram.com\/miomiorun\/"]}]}},"_links":{"self":[{"href":"https:\/\/www.miomiorun.com\/de\/wp-json\/wp\/v2\/product\/176452","targetHints":{"allow":["GET"]}}],"collection":[{"href":"https:\/\/www.miomiorun.com\/de\/wp-json\/wp\/v2\/product"}],"about":[{"href":"https:\/\/www.miomiorun.com\/de\/wp-json\/wp\/v2\/types\/product"}],"wp:featuredmedia":[{"embeddable":true,"href":"https:\/\/www.miomiorun.com\/de\/wp-json\/wp\/v2\/media\/151527"}],"wp:attachment":[{"href":"https:\/\/www.miomiorun.com\/de\/wp-json\/wp\/v2\/media?parent=176452"}],"wp:term":[{"taxonomy":"product_brand","embeddable":true,"href":"https:\/\/www.miomiorun.com\/de\/wp-json\/wp\/v2\/product_brand?post=176452"},{"taxonomy":"product_cat","embeddable":true,"href":"https:\/\/www.miomiorun.com\/de\/wp-json\/wp\/v2\/product_cat?post=176452"},{"taxonomy":"product_tag","embeddable":true,"href":"https:\/\/www.miomiorun.com\/de\/wp-json\/wp\/v2\/product_tag?post=176452"}],"curies":[{"name":"wp","href":"https:\/\/api.w.org\/{rel}","templated":true}]}}