{"id":176450,"date":"2023-12-21T10:40:14","date_gmt":"2023-12-21T09:40:14","guid":{"rendered":"https:\/\/miomiorun.com\/prodotto\/race-verde-acqua-canottiera-donna\/"},"modified":"2024-07-09T14:19:50","modified_gmt":"2024-07-09T12:19:50","slug":"race-verde-acqua-tank-tops-damen","status":"publish","type":"product","link":"https:\/\/www.miomiorun.com\/de\/produkt\/race-verde-acqua-tank-tops-damen\/","title":{"rendered":"Race Verde Acqua Tank-Tops damen"},"content":{"rendered":"<h2>Race-Kollektion: um Sie an Ihre Grenzen zu bringen. Hochtechnisches, recyceltes und in Italien hergestelltes Gewebe. 3D-Gewebestruktur f\u00fcr au\u00dfergew\u00f6hnliche Schwei\u00dfableitung. Neue ergonomische Passform.<\/h2>\n<p>Die Race-Kollektion f\u00fcr Frauen ist bei weitem das technisch ausgefeilteste Produkt in unserer Produktion. Sie sind am leichtesten und am atmungsaktivsten. Vollst\u00e4ndig aus recyceltem Material hergestellt Made in Italy. Entwickelt f\u00fcr die h\u00e4rtesten Herausforderungen, egal ob es sich um Ihr erstes oder 100.<\/p>\n<p>&nbsp;<\/p>\n<div class=\"description-product\">\n<div>\n<div class=\"istruzioni\">\n<h3>Eigenschaften<\/h3>\n<ul>\n<li>Technisches, leichtes und atmungsaktives Tank-Top.<\/li>\n<li>Hergestellt aus recyceltem Material Made in Italy.<\/li>\n<li>Entwickelt f\u00fcr die h\u00e4rtesten Herausforderungen.<\/li>\n<li>Die Grafiken werden im Sublimationsverfahren gedruckt: Sie werden nicht besch\u00e4digt und verblassen nicht.Istruzioni per il lavaggio<\/li>\n<\/ul>\n<p>Wild Tee Produkte sind langlebig, die Pflege ist sehr einfach: auf links waschen, in der Waschmaschine, im Programm f\u00fcr Sportbekleidung, ohne Weichsp\u00fcler, max. 40\u00b0C, lufttrocknen.<\/p>\n<h3>Zusammensetzung<\/h3>\n<p>93% Recyceltes Polyester 7% Recyceltes Elastan<\/p>\n<p>Gewicht: nur 40 g.<\/p>\n<\/div>\n<\/div>\n<\/div>\n","protected":false},"excerpt":{"rendered":"<ul>\n<li>Ultraleichtes Tank-Top<\/li>\n<li>Perfekt f\u00fcr jedes Rennen<\/li>\n<\/ul>\n","protected":false},"featured_media":152452,"template":"","meta":{"_acf_changed":false,"inline_featured_image":false},"product_brand":[],"product_cat":[6400,6401,6403],"product_tag":[3399,6288],"class_list":{"0":"post-176450","1":"product","2":"type-product","3":"status-publish","4":"has-post-thumbnail","6":"product_cat-damen","7":"product_cat-damenbekleidung","8":"product_cat-damentank-tops","9":"product_tag-wild-tee-de","10":"product_tag-wild-tee-damen-de","11":"pa_attivita-fitness-de","12":"pa_attivita-gehen","13":"pa_attivita-running-de","14":"pa_attivita-trail-de","15":"pa_marca-wild-tee-de","16":"pa_sesso-damen","17":"pa_size-extra-small-de","18":"pa_size-small-de","19":"pa_size-medium-de","21":"first","22":"instock","23":"taxable","24":"shipping-taxable","25":"purchasable","26":"product-type-variable","27":"wvs-archive-product-wrapper"},"acf":[],"yoast_head":"<!-- This site is optimized with the Yoast SEO plugin v26.8 - https:\/\/yoast.com\/product\/yoast-seo-wordpress\/ -->\n<title>Wild TeeRace Verde Acqua Tank-Tops damen - Lauftank-Top - MioMioRun<\/title>\n<meta name=\"description\" content=\"Die Race-Westen f\u00fcr Frauen sind bei weitem die technisch ausgefeiltesten Produkte in unserer Produktion. Sie sind am leichtesten und am atmungsaktivsten.\" \/>\n<meta name=\"robots\" content=\"index, follow, max-snippet:-1, max-image-preview:large, max-video-preview:-1\" \/>\n<link rel=\"canonical\" href=\"https:\/\/www.miomiorun.com\/de\/produkt\/race-verde-acqua-tank-tops-damen\/\" \/>\n<meta property=\"og:locale\" content=\"de_DE\" \/>\n<meta property=\"og:type\" content=\"article\" \/>\n<meta property=\"og:title\" content=\"Wild TeeRace Verde Acqua Tank-Tops damen - Lauftank-Top - MioMioRun\" \/>\n<meta property=\"og:description\" content=\"Die Race-Westen f\u00fcr Frauen sind bei weitem die technisch ausgefeiltesten Produkte in unserer Produktion. Sie sind am leichtesten und am atmungsaktivsten.\" \/>\n<meta property=\"og:url\" content=\"https:\/\/www.miomiorun.com\/de\/produkt\/race-verde-acqua-tank-tops-damen\/\" \/>\n<meta property=\"og:site_name\" content=\"MioMioRun\" \/>\n<meta property=\"article:publisher\" content=\"https:\/\/www.facebook.com\/miomiorun\/\" \/>\n<meta property=\"article:modified_time\" content=\"2024-07-09T12:19:50+00:00\" \/>\n<meta property=\"og:image\" content=\"https:\/\/www.miomiorun.com\/app\/uploads\/2023\/12\/wild-tee-race-verde-acqua-canotta-donna-WT005WT159.jpg\" \/>\n\t<meta property=\"og:image:width\" content=\"600\" \/>\n\t<meta property=\"og:image:height\" content=\"600\" \/>\n\t<meta property=\"og:image:type\" content=\"image\/jpeg\" \/>\n<meta name=\"twitter:card\" content=\"summary_large_image\" \/>\n<meta name=\"twitter:label1\" content=\"Est. reading time\" \/>\n\t<meta name=\"twitter:data1\" content=\"1 minute\" \/>\n<script type=\"application\/ld+json\" class=\"yoast-schema-graph\">{\"@context\":\"https:\/\/schema.org\",\"@graph\":[{\"@type\":\"WebPage\",\"@id\":\"https:\/\/www.miomiorun.com\/de\/produkt\/race-verde-acqua-tank-tops-damen\/\",\"url\":\"https:\/\/www.miomiorun.com\/de\/produkt\/race-verde-acqua-tank-tops-damen\/\",\"name\":\"Wild TeeRace Verde Acqua Tank-Tops damen - Lauftank-Top - MioMioRun\",\"isPartOf\":{\"@id\":\"https:\/\/www.miomiorun.com\/de\/#website\"},\"primaryImageOfPage\":{\"@id\":\"https:\/\/www.miomiorun.com\/de\/produkt\/race-verde-acqua-tank-tops-damen\/#primaryimage\"},\"image\":{\"@id\":\"https:\/\/www.miomiorun.com\/de\/produkt\/race-verde-acqua-tank-tops-damen\/#primaryimage\"},\"thumbnailUrl\":\"https:\/\/www.miomiorun.com\/app\/uploads\/2023\/12\/wild-tee-race-verde-acqua-canotta-donna-WT005WT159.jpg\",\"datePublished\":\"2023-12-21T09:40:14+00:00\",\"dateModified\":\"2024-07-09T12:19:50+00:00\",\"description\":\"Die Race-Westen f\u00fcr Frauen sind bei weitem die technisch ausgefeiltesten Produkte in unserer Produktion. Sie sind am leichtesten und am atmungsaktivsten.\",\"breadcrumb\":{\"@id\":\"https:\/\/www.miomiorun.com\/de\/produkt\/race-verde-acqua-tank-tops-damen\/#breadcrumb\"},\"inLanguage\":\"de-DE\",\"potentialAction\":[{\"@type\":\"ReadAction\",\"target\":[\"https:\/\/www.miomiorun.com\/de\/produkt\/race-verde-acqua-tank-tops-damen\/\"]}]},{\"@type\":\"ImageObject\",\"inLanguage\":\"de-DE\",\"@id\":\"https:\/\/www.miomiorun.com\/de\/produkt\/race-verde-acqua-tank-tops-damen\/#primaryimage\",\"url\":\"https:\/\/www.miomiorun.com\/app\/uploads\/2023\/12\/wild-tee-race-verde-acqua-canotta-donna-WT005WT159.jpg\",\"contentUrl\":\"https:\/\/www.miomiorun.com\/app\/uploads\/2023\/12\/wild-tee-race-verde-acqua-canotta-donna-WT005WT159.jpg\",\"width\":600,\"height\":600,\"caption\":\"wild-tee-race-verde-acqua-canotta-donna-WT005WT159\"},{\"@type\":\"BreadcrumbList\",\"@id\":\"https:\/\/www.miomiorun.com\/de\/produkt\/race-verde-acqua-tank-tops-damen\/#breadcrumb\",\"itemListElement\":[{\"@type\":\"ListItem\",\"position\":1,\"name\":\"Home\",\"item\":\"https:\/\/www.miomiorun.com\/de\/\"},{\"@type\":\"ListItem\",\"position\":2,\"name\":\"Shop\",\"item\":\"https:\/\/www.miomiorun.com\/shop\/\"},{\"@type\":\"ListItem\",\"position\":3,\"name\":\"Race Verde Acqua Tank-Tops damen\"}]},{\"@type\":\"WebSite\",\"@id\":\"https:\/\/www.miomiorun.com\/de\/#website\",\"url\":\"https:\/\/www.miomiorun.com\/de\/\",\"name\":\"MioMioRun\",\"description\":\"100% Lauf- und Trailshop\",\"publisher\":{\"@id\":\"https:\/\/www.miomiorun.com\/de\/#organization\"},\"potentialAction\":[{\"@type\":\"SearchAction\",\"target\":{\"@type\":\"EntryPoint\",\"urlTemplate\":\"https:\/\/www.miomiorun.com\/de\/?s={search_term_string}\"},\"query-input\":{\"@type\":\"PropertyValueSpecification\",\"valueRequired\":true,\"valueName\":\"search_term_string\"}}],\"inLanguage\":\"de-DE\"},{\"@type\":\"Organization\",\"@id\":\"https:\/\/www.miomiorun.com\/de\/#organization\",\"name\":\"MioMio Run\",\"url\":\"https:\/\/www.miomiorun.com\/de\/\",\"logo\":{\"@type\":\"ImageObject\",\"inLanguage\":\"de-DE\",\"@id\":\"https:\/\/www.miomiorun.com\/de\/#\/schema\/logo\/image\/\",\"url\":\"https:\/\/www.miomiorun.com\/app\/uploads\/2019\/12\/logomio.png\",\"contentUrl\":\"https:\/\/www.miomiorun.com\/app\/uploads\/2019\/12\/logomio.png\",\"width\":115,\"height\":82,\"caption\":\"MioMio Run\"},\"image\":{\"@id\":\"https:\/\/www.miomiorun.com\/de\/#\/schema\/logo\/image\/\"},\"sameAs\":[\"https:\/\/www.facebook.com\/miomiorun\/\",\"https:\/\/www.instagram.com\/miomiorun\/\"]}]}<\/script>\n<!-- \/ Yoast SEO plugin. -->","yoast_head_json":{"title":"Wild TeeRace Verde Acqua Tank-Tops damen - Lauftank-Top - MioMioRun","description":"Die Race-Westen f\u00fcr Frauen sind bei weitem die technisch ausgefeiltesten Produkte in unserer Produktion. Sie sind am leichtesten und am atmungsaktivsten.","robots":{"index":"index","follow":"follow","max-snippet":"max-snippet:-1","max-image-preview":"max-image-preview:large","max-video-preview":"max-video-preview:-1"},"canonical":"https:\/\/www.miomiorun.com\/de\/produkt\/race-verde-acqua-tank-tops-damen\/","og_locale":"de_DE","og_type":"article","og_title":"Wild TeeRace Verde Acqua Tank-Tops damen - Lauftank-Top - MioMioRun","og_description":"Die Race-Westen f\u00fcr Frauen sind bei weitem die technisch ausgefeiltesten Produkte in unserer Produktion. Sie sind am leichtesten und am atmungsaktivsten.","og_url":"https:\/\/www.miomiorun.com\/de\/produkt\/race-verde-acqua-tank-tops-damen\/","og_site_name":"MioMioRun","article_publisher":"https:\/\/www.facebook.com\/miomiorun\/","article_modified_time":"2024-07-09T12:19:50+00:00","og_image":[{"width":600,"height":600,"url":"https:\/\/www.miomiorun.com\/app\/uploads\/2023\/12\/wild-tee-race-verde-acqua-canotta-donna-WT005WT159.jpg","type":"image\/jpeg"}],"twitter_card":"summary_large_image","twitter_misc":{"Est. reading time":"1 minute"},"schema":{"@context":"https:\/\/schema.org","@graph":[{"@type":"WebPage","@id":"https:\/\/www.miomiorun.com\/de\/produkt\/race-verde-acqua-tank-tops-damen\/","url":"https:\/\/www.miomiorun.com\/de\/produkt\/race-verde-acqua-tank-tops-damen\/","name":"Wild TeeRace Verde Acqua Tank-Tops damen - Lauftank-Top - MioMioRun","isPartOf":{"@id":"https:\/\/www.miomiorun.com\/de\/#website"},"primaryImageOfPage":{"@id":"https:\/\/www.miomiorun.com\/de\/produkt\/race-verde-acqua-tank-tops-damen\/#primaryimage"},"image":{"@id":"https:\/\/www.miomiorun.com\/de\/produkt\/race-verde-acqua-tank-tops-damen\/#primaryimage"},"thumbnailUrl":"https:\/\/www.miomiorun.com\/app\/uploads\/2023\/12\/wild-tee-race-verde-acqua-canotta-donna-WT005WT159.jpg","datePublished":"2023-12-21T09:40:14+00:00","dateModified":"2024-07-09T12:19:50+00:00","description":"Die Race-Westen f\u00fcr Frauen sind bei weitem die technisch ausgefeiltesten Produkte in unserer Produktion. Sie sind am leichtesten und am atmungsaktivsten.","breadcrumb":{"@id":"https:\/\/www.miomiorun.com\/de\/produkt\/race-verde-acqua-tank-tops-damen\/#breadcrumb"},"inLanguage":"de-DE","potentialAction":[{"@type":"ReadAction","target":["https:\/\/www.miomiorun.com\/de\/produkt\/race-verde-acqua-tank-tops-damen\/"]}]},{"@type":"ImageObject","inLanguage":"de-DE","@id":"https:\/\/www.miomiorun.com\/de\/produkt\/race-verde-acqua-tank-tops-damen\/#primaryimage","url":"https:\/\/www.miomiorun.com\/app\/uploads\/2023\/12\/wild-tee-race-verde-acqua-canotta-donna-WT005WT159.jpg","contentUrl":"https:\/\/www.miomiorun.com\/app\/uploads\/2023\/12\/wild-tee-race-verde-acqua-canotta-donna-WT005WT159.jpg","width":600,"height":600,"caption":"wild-tee-race-verde-acqua-canotta-donna-WT005WT159"},{"@type":"BreadcrumbList","@id":"https:\/\/www.miomiorun.com\/de\/produkt\/race-verde-acqua-tank-tops-damen\/#breadcrumb","itemListElement":[{"@type":"ListItem","position":1,"name":"Home","item":"https:\/\/www.miomiorun.com\/de\/"},{"@type":"ListItem","position":2,"name":"Shop","item":"https:\/\/www.miomiorun.com\/shop\/"},{"@type":"ListItem","position":3,"name":"Race Verde Acqua Tank-Tops damen"}]},{"@type":"WebSite","@id":"https:\/\/www.miomiorun.com\/de\/#website","url":"https:\/\/www.miomiorun.com\/de\/","name":"MioMioRun","description":"100% Lauf- und Trailshop","publisher":{"@id":"https:\/\/www.miomiorun.com\/de\/#organization"},"potentialAction":[{"@type":"SearchAction","target":{"@type":"EntryPoint","urlTemplate":"https:\/\/www.miomiorun.com\/de\/?s={search_term_string}"},"query-input":{"@type":"PropertyValueSpecification","valueRequired":true,"valueName":"search_term_string"}}],"inLanguage":"de-DE"},{"@type":"Organization","@id":"https:\/\/www.miomiorun.com\/de\/#organization","name":"MioMio Run","url":"https:\/\/www.miomiorun.com\/de\/","logo":{"@type":"ImageObject","inLanguage":"de-DE","@id":"https:\/\/www.miomiorun.com\/de\/#\/schema\/logo\/image\/","url":"https:\/\/www.miomiorun.com\/app\/uploads\/2019\/12\/logomio.png","contentUrl":"https:\/\/www.miomiorun.com\/app\/uploads\/2019\/12\/logomio.png","width":115,"height":82,"caption":"MioMio Run"},"image":{"@id":"https:\/\/www.miomiorun.com\/de\/#\/schema\/logo\/image\/"},"sameAs":["https:\/\/www.facebook.com\/miomiorun\/","https:\/\/www.instagram.com\/miomiorun\/"]}]}},"_links":{"self":[{"href":"https:\/\/www.miomiorun.com\/de\/wp-json\/wp\/v2\/product\/176450","targetHints":{"allow":["GET"]}}],"collection":[{"href":"https:\/\/www.miomiorun.com\/de\/wp-json\/wp\/v2\/product"}],"about":[{"href":"https:\/\/www.miomiorun.com\/de\/wp-json\/wp\/v2\/types\/product"}],"wp:featuredmedia":[{"embeddable":true,"href":"https:\/\/www.miomiorun.com\/de\/wp-json\/wp\/v2\/media\/152452"}],"wp:attachment":[{"href":"https:\/\/www.miomiorun.com\/de\/wp-json\/wp\/v2\/media?parent=176450"}],"wp:term":[{"taxonomy":"product_brand","embeddable":true,"href":"https:\/\/www.miomiorun.com\/de\/wp-json\/wp\/v2\/product_brand?post=176450"},{"taxonomy":"product_cat","embeddable":true,"href":"https:\/\/www.miomiorun.com\/de\/wp-json\/wp\/v2\/product_cat?post=176450"},{"taxonomy":"product_tag","embeddable":true,"href":"https:\/\/www.miomiorun.com\/de\/wp-json\/wp\/v2\/product_tag?post=176450"}],"curies":[{"name":"wp","href":"https:\/\/api.w.org\/{rel}","templated":true}]}}