{"id":176448,"date":"2024-04-03T17:01:49","date_gmt":"2024-04-03T15:01:49","guid":{"rendered":"https:\/\/miomiorun.com\/prodotto\/craft-cool-mesh-superlight-sl-donna\/"},"modified":"2025-06-23T17:46:15","modified_gmt":"2025-06-23T15:46:15","slug":"cool-mesh-superlight-sl-damen","status":"publish","type":"product","link":"https:\/\/www.miomiorun.com\/de\/produkt\/cool-mesh-superlight-sl-damen\/","title":{"rendered":"Cool Mesh Superlight SL damen"},"content":{"rendered":"<p>Trainieren Sie hart, haben aber das Gef\u00fchl, dass Sie nicht die optimale Leistung erbringen, wenn es an der Zeit ist, zu laufen und einen Wettkampf zu bestreiten? Vielleicht sind Sie zu warm angezogen. Das Cool Mesh Superlight Sleeveless besteht aus funktionellem Mesh mit gro\u00dfen L\u00f6chern, das eine hervorragende Bel\u00fcftung und K\u00fchlung bietet, damit Sie auch bei Hitze Ihre beste Leistung bringen k\u00f6nnen. Dar\u00fcber hinaus verf\u00fcgt dieses superleichte Kleidungsst\u00fcck \u00fcber ein ergonomisches 3D-Design, das eine perfekte Passform und optimale Bewegungsfreiheit garantiert. Ein gro\u00dfartiges Teil, das Sie unter Ihrem Radtrikot tragen k\u00f6nnen, um die K\u00fchlung und den Feuchtigkeitstransport zu verbessern.<\/p>\n<p>&#8211; 100% Mesh Superlight-Gewebe<br \/>\n&#8211; \u00c4u\u00dferst leicht<br \/>\n&#8211; Ausgezeichneter Feuchtigkeitstransport und K\u00fchlung<br \/>\n&#8211; Ergonomische 3D-Konstruktion<\/p>\n<p>&nbsp;<\/p>\n<h3>Materialien und Waschung<\/h3>\n<p>95% recyceltes Polyester 5% Elastan<\/p>\n<p>Maschinenw\u00e4sche bei 40 Grad.<\/p>\n<p>&nbsp;<\/p>\n","protected":false},"excerpt":{"rendered":"<p>Trainieren Sie hart, haben aber das Gef\u00fchl, dass Sie nicht die optimale Leistung erbringen, wenn es an der Zeit ist, zu laufen und einen Wettkampf zu bestreiten? Vielleicht sind Sie zu warm angezogen. Das Cool Mesh Superlight Sleeveless besteht aus funktionellem Mesh mit gro\u00dfen L\u00f6chern, das eine hervorragende Bel\u00fcftung und K\u00fchlung bietet, damit Sie auch &hellip; <a href=\"https:\/\/www.miomiorun.com\/de\/produkt\/cool-mesh-superlight-sl-damen\/\">Continued<\/a><\/p>\n","protected":false},"featured_media":163803,"template":"","meta":{"_acf_changed":false,"inline_featured_image":false},"product_brand":[],"product_cat":[6401,6403],"product_tag":[6304,6232],"class_list":{"0":"post-176448","1":"product","2":"type-product","3":"status-publish","4":"has-post-thumbnail","6":"product_cat-damenbekleidung","7":"product_cat-damentank-tops","8":"product_tag-craft-de","9":"product_tag-craft-damen-de","10":"pa_attivita-fitness-de","11":"pa_attivita-gehen","12":"pa_attivita-outdoor-de","13":"pa_attivita-running-de","14":"pa_attivita-trail-de","15":"pa_colore-cool-mesh-superlight-sl-w-black-de","16":"pa_colore-cool-mesh-superlight-sl-w-twig-de","17":"pa_colore-cool-mesh-superlight-sl-w-white-de","18":"pa_marca-craft-de","19":"pa_sesso-damen","20":"pa_size-extra-small-de","21":"pa_size-small-de","22":"pa_size-medium-de","23":"pa_size-large-de","25":"first","26":"instock","27":"sale","28":"taxable","29":"shipping-taxable","30":"purchasable","31":"product-type-variable","32":"wvs-archive-product-wrapper"},"acf":[],"yoast_head":"<!-- This site is optimized with the Yoast SEO plugin v26.8 - https:\/\/yoast.com\/product\/yoast-seo-wordpress\/ -->\n<title>Craft Cool Mesh Superlight SL damen - Thermo-Unterw\u00e4sche - MioMioRun.com<\/title>\n<meta name=\"description\" content=\"Cool Mesh Superlight Sleeveless ist aus funktionellem Mesh mit gro\u00dfen L\u00f6chern gefertigt und bietet hervorragende Bel\u00fcftung und K\u00fchlung\" \/>\n<meta name=\"robots\" content=\"index, follow, max-snippet:-1, max-image-preview:large, max-video-preview:-1\" \/>\n<link rel=\"canonical\" href=\"https:\/\/www.miomiorun.com\/de\/produkt\/cool-mesh-superlight-sl-damen\/\" \/>\n<meta property=\"og:locale\" content=\"de_DE\" \/>\n<meta property=\"og:type\" content=\"article\" \/>\n<meta property=\"og:title\" content=\"Craft Cool Mesh Superlight SL damen - Thermo-Unterw\u00e4sche - MioMioRun.com\" \/>\n<meta property=\"og:description\" content=\"Cool Mesh Superlight Sleeveless ist aus funktionellem Mesh mit gro\u00dfen L\u00f6chern gefertigt und bietet hervorragende Bel\u00fcftung und K\u00fchlung\" \/>\n<meta property=\"og:url\" content=\"https:\/\/www.miomiorun.com\/de\/produkt\/cool-mesh-superlight-sl-damen\/\" \/>\n<meta property=\"og:site_name\" content=\"MioMioRun\" \/>\n<meta property=\"article:publisher\" content=\"https:\/\/www.facebook.com\/miomiorun\/\" \/>\n<meta property=\"article:modified_time\" content=\"2025-06-23T15:46:15+00:00\" \/>\n<meta property=\"og:image\" content=\"https:\/\/www.miomiorun.com\/app\/uploads\/2024\/04\/craft-Cool-mesh-superlight-SL-W-twig-1903404-643000.webp\" \/>\n\t<meta property=\"og:image:width\" content=\"600\" \/>\n\t<meta property=\"og:image:height\" content=\"600\" \/>\n\t<meta property=\"og:image:type\" content=\"image\/webp\" \/>\n<meta name=\"twitter:card\" content=\"summary_large_image\" \/>\n<meta name=\"twitter:label1\" content=\"Est. reading time\" \/>\n\t<meta name=\"twitter:data1\" content=\"1 minute\" \/>\n<script type=\"application\/ld+json\" class=\"yoast-schema-graph\">{\"@context\":\"https:\/\/schema.org\",\"@graph\":[{\"@type\":\"WebPage\",\"@id\":\"https:\/\/www.miomiorun.com\/de\/produkt\/cool-mesh-superlight-sl-damen\/\",\"url\":\"https:\/\/www.miomiorun.com\/de\/produkt\/cool-mesh-superlight-sl-damen\/\",\"name\":\"Craft Cool Mesh Superlight SL damen - Thermo-Unterw\u00e4sche - MioMioRun.com\",\"isPartOf\":{\"@id\":\"https:\/\/www.miomiorun.com\/de\/#website\"},\"primaryImageOfPage\":{\"@id\":\"https:\/\/www.miomiorun.com\/de\/produkt\/cool-mesh-superlight-sl-damen\/#primaryimage\"},\"image\":{\"@id\":\"https:\/\/www.miomiorun.com\/de\/produkt\/cool-mesh-superlight-sl-damen\/#primaryimage\"},\"thumbnailUrl\":\"https:\/\/www.miomiorun.com\/app\/uploads\/2024\/04\/craft-Cool-mesh-superlight-SL-W-twig-1903404-643000.webp\",\"datePublished\":\"2024-04-03T15:01:49+00:00\",\"dateModified\":\"2025-06-23T15:46:15+00:00\",\"description\":\"Cool Mesh Superlight Sleeveless ist aus funktionellem Mesh mit gro\u00dfen L\u00f6chern gefertigt und bietet hervorragende Bel\u00fcftung und K\u00fchlung\",\"breadcrumb\":{\"@id\":\"https:\/\/www.miomiorun.com\/de\/produkt\/cool-mesh-superlight-sl-damen\/#breadcrumb\"},\"inLanguage\":\"de-DE\",\"potentialAction\":[{\"@type\":\"ReadAction\",\"target\":[\"https:\/\/www.miomiorun.com\/de\/produkt\/cool-mesh-superlight-sl-damen\/\"]}]},{\"@type\":\"ImageObject\",\"inLanguage\":\"de-DE\",\"@id\":\"https:\/\/www.miomiorun.com\/de\/produkt\/cool-mesh-superlight-sl-damen\/#primaryimage\",\"url\":\"https:\/\/www.miomiorun.com\/app\/uploads\/2024\/04\/craft-Cool-mesh-superlight-SL-W-twig-1903404-643000.webp\",\"contentUrl\":\"https:\/\/www.miomiorun.com\/app\/uploads\/2024\/04\/craft-Cool-mesh-superlight-SL-W-twig-1903404-643000.webp\",\"width\":600,\"height\":600,\"caption\":\"craft Cool mesh superlight SL W twig 1903404-643000\"},{\"@type\":\"BreadcrumbList\",\"@id\":\"https:\/\/www.miomiorun.com\/de\/produkt\/cool-mesh-superlight-sl-damen\/#breadcrumb\",\"itemListElement\":[{\"@type\":\"ListItem\",\"position\":1,\"name\":\"Home\",\"item\":\"https:\/\/www.miomiorun.com\/de\/\"},{\"@type\":\"ListItem\",\"position\":2,\"name\":\"Shop\",\"item\":\"https:\/\/www.miomiorun.com\/shop\/\"},{\"@type\":\"ListItem\",\"position\":3,\"name\":\"Cool Mesh Superlight SL damen\"}]},{\"@type\":\"WebSite\",\"@id\":\"https:\/\/www.miomiorun.com\/de\/#website\",\"url\":\"https:\/\/www.miomiorun.com\/de\/\",\"name\":\"MioMioRun\",\"description\":\"100% Lauf- und Trailshop\",\"publisher\":{\"@id\":\"https:\/\/www.miomiorun.com\/de\/#organization\"},\"potentialAction\":[{\"@type\":\"SearchAction\",\"target\":{\"@type\":\"EntryPoint\",\"urlTemplate\":\"https:\/\/www.miomiorun.com\/de\/?s={search_term_string}\"},\"query-input\":{\"@type\":\"PropertyValueSpecification\",\"valueRequired\":true,\"valueName\":\"search_term_string\"}}],\"inLanguage\":\"de-DE\"},{\"@type\":\"Organization\",\"@id\":\"https:\/\/www.miomiorun.com\/de\/#organization\",\"name\":\"MioMio Run\",\"url\":\"https:\/\/www.miomiorun.com\/de\/\",\"logo\":{\"@type\":\"ImageObject\",\"inLanguage\":\"de-DE\",\"@id\":\"https:\/\/www.miomiorun.com\/de\/#\/schema\/logo\/image\/\",\"url\":\"https:\/\/www.miomiorun.com\/app\/uploads\/2019\/12\/logomio.png\",\"contentUrl\":\"https:\/\/www.miomiorun.com\/app\/uploads\/2019\/12\/logomio.png\",\"width\":115,\"height\":82,\"caption\":\"MioMio Run\"},\"image\":{\"@id\":\"https:\/\/www.miomiorun.com\/de\/#\/schema\/logo\/image\/\"},\"sameAs\":[\"https:\/\/www.facebook.com\/miomiorun\/\",\"https:\/\/www.instagram.com\/miomiorun\/\"]}]}<\/script>\n<!-- \/ Yoast SEO plugin. -->","yoast_head_json":{"title":"Craft Cool Mesh Superlight SL damen - Thermo-Unterw\u00e4sche - MioMioRun.com","description":"Cool Mesh Superlight Sleeveless ist aus funktionellem Mesh mit gro\u00dfen L\u00f6chern gefertigt und bietet hervorragende Bel\u00fcftung und K\u00fchlung","robots":{"index":"index","follow":"follow","max-snippet":"max-snippet:-1","max-image-preview":"max-image-preview:large","max-video-preview":"max-video-preview:-1"},"canonical":"https:\/\/www.miomiorun.com\/de\/produkt\/cool-mesh-superlight-sl-damen\/","og_locale":"de_DE","og_type":"article","og_title":"Craft Cool Mesh Superlight SL damen - Thermo-Unterw\u00e4sche - MioMioRun.com","og_description":"Cool Mesh Superlight Sleeveless ist aus funktionellem Mesh mit gro\u00dfen L\u00f6chern gefertigt und bietet hervorragende Bel\u00fcftung und K\u00fchlung","og_url":"https:\/\/www.miomiorun.com\/de\/produkt\/cool-mesh-superlight-sl-damen\/","og_site_name":"MioMioRun","article_publisher":"https:\/\/www.facebook.com\/miomiorun\/","article_modified_time":"2025-06-23T15:46:15+00:00","og_image":[{"width":600,"height":600,"url":"https:\/\/www.miomiorun.com\/app\/uploads\/2024\/04\/craft-Cool-mesh-superlight-SL-W-twig-1903404-643000.webp","type":"image\/webp"}],"twitter_card":"summary_large_image","twitter_misc":{"Est. reading time":"1 minute"},"schema":{"@context":"https:\/\/schema.org","@graph":[{"@type":"WebPage","@id":"https:\/\/www.miomiorun.com\/de\/produkt\/cool-mesh-superlight-sl-damen\/","url":"https:\/\/www.miomiorun.com\/de\/produkt\/cool-mesh-superlight-sl-damen\/","name":"Craft Cool Mesh Superlight SL damen - Thermo-Unterw\u00e4sche - MioMioRun.com","isPartOf":{"@id":"https:\/\/www.miomiorun.com\/de\/#website"},"primaryImageOfPage":{"@id":"https:\/\/www.miomiorun.com\/de\/produkt\/cool-mesh-superlight-sl-damen\/#primaryimage"},"image":{"@id":"https:\/\/www.miomiorun.com\/de\/produkt\/cool-mesh-superlight-sl-damen\/#primaryimage"},"thumbnailUrl":"https:\/\/www.miomiorun.com\/app\/uploads\/2024\/04\/craft-Cool-mesh-superlight-SL-W-twig-1903404-643000.webp","datePublished":"2024-04-03T15:01:49+00:00","dateModified":"2025-06-23T15:46:15+00:00","description":"Cool Mesh Superlight Sleeveless ist aus funktionellem Mesh mit gro\u00dfen L\u00f6chern gefertigt und bietet hervorragende Bel\u00fcftung und K\u00fchlung","breadcrumb":{"@id":"https:\/\/www.miomiorun.com\/de\/produkt\/cool-mesh-superlight-sl-damen\/#breadcrumb"},"inLanguage":"de-DE","potentialAction":[{"@type":"ReadAction","target":["https:\/\/www.miomiorun.com\/de\/produkt\/cool-mesh-superlight-sl-damen\/"]}]},{"@type":"ImageObject","inLanguage":"de-DE","@id":"https:\/\/www.miomiorun.com\/de\/produkt\/cool-mesh-superlight-sl-damen\/#primaryimage","url":"https:\/\/www.miomiorun.com\/app\/uploads\/2024\/04\/craft-Cool-mesh-superlight-SL-W-twig-1903404-643000.webp","contentUrl":"https:\/\/www.miomiorun.com\/app\/uploads\/2024\/04\/craft-Cool-mesh-superlight-SL-W-twig-1903404-643000.webp","width":600,"height":600,"caption":"craft Cool mesh superlight SL W twig 1903404-643000"},{"@type":"BreadcrumbList","@id":"https:\/\/www.miomiorun.com\/de\/produkt\/cool-mesh-superlight-sl-damen\/#breadcrumb","itemListElement":[{"@type":"ListItem","position":1,"name":"Home","item":"https:\/\/www.miomiorun.com\/de\/"},{"@type":"ListItem","position":2,"name":"Shop","item":"https:\/\/www.miomiorun.com\/shop\/"},{"@type":"ListItem","position":3,"name":"Cool Mesh Superlight SL damen"}]},{"@type":"WebSite","@id":"https:\/\/www.miomiorun.com\/de\/#website","url":"https:\/\/www.miomiorun.com\/de\/","name":"MioMioRun","description":"100% Lauf- und Trailshop","publisher":{"@id":"https:\/\/www.miomiorun.com\/de\/#organization"},"potentialAction":[{"@type":"SearchAction","target":{"@type":"EntryPoint","urlTemplate":"https:\/\/www.miomiorun.com\/de\/?s={search_term_string}"},"query-input":{"@type":"PropertyValueSpecification","valueRequired":true,"valueName":"search_term_string"}}],"inLanguage":"de-DE"},{"@type":"Organization","@id":"https:\/\/www.miomiorun.com\/de\/#organization","name":"MioMio Run","url":"https:\/\/www.miomiorun.com\/de\/","logo":{"@type":"ImageObject","inLanguage":"de-DE","@id":"https:\/\/www.miomiorun.com\/de\/#\/schema\/logo\/image\/","url":"https:\/\/www.miomiorun.com\/app\/uploads\/2019\/12\/logomio.png","contentUrl":"https:\/\/www.miomiorun.com\/app\/uploads\/2019\/12\/logomio.png","width":115,"height":82,"caption":"MioMio Run"},"image":{"@id":"https:\/\/www.miomiorun.com\/de\/#\/schema\/logo\/image\/"},"sameAs":["https:\/\/www.facebook.com\/miomiorun\/","https:\/\/www.instagram.com\/miomiorun\/"]}]}},"_links":{"self":[{"href":"https:\/\/www.miomiorun.com\/de\/wp-json\/wp\/v2\/product\/176448","targetHints":{"allow":["GET"]}}],"collection":[{"href":"https:\/\/www.miomiorun.com\/de\/wp-json\/wp\/v2\/product"}],"about":[{"href":"https:\/\/www.miomiorun.com\/de\/wp-json\/wp\/v2\/types\/product"}],"wp:featuredmedia":[{"embeddable":true,"href":"https:\/\/www.miomiorun.com\/de\/wp-json\/wp\/v2\/media\/163803"}],"wp:attachment":[{"href":"https:\/\/www.miomiorun.com\/de\/wp-json\/wp\/v2\/media?parent=176448"}],"wp:term":[{"taxonomy":"product_brand","embeddable":true,"href":"https:\/\/www.miomiorun.com\/de\/wp-json\/wp\/v2\/product_brand?post=176448"},{"taxonomy":"product_cat","embeddable":true,"href":"https:\/\/www.miomiorun.com\/de\/wp-json\/wp\/v2\/product_cat?post=176448"},{"taxonomy":"product_tag","embeddable":true,"href":"https:\/\/www.miomiorun.com\/de\/wp-json\/wp\/v2\/product_tag?post=176448"}],"curies":[{"name":"wp","href":"https:\/\/api.w.org\/{rel}","templated":true}]}}