{"id":176444,"date":"2024-05-07T16:35:11","date_gmt":"2024-05-07T14:35:11","guid":{"rendered":"https:\/\/miomiorun.com\/prodotto\/top-break-donna\/"},"modified":"2024-07-09T14:44:54","modified_gmt":"2024-07-09T12:44:54","slug":"top-break-damen","status":"publish","type":"product","link":"https:\/\/www.miomiorun.com\/de\/produkt\/top-break-damen\/","title":{"rendered":"Top Break damen"},"content":{"rendered":"<p>Das &#8216;Women&#8217;s Top Break&#8217; von Crazy Idea ist ein stylisches und technisches Kleidungsst\u00fcck, perfekt f\u00fcr jede Gelegenheit, vom Alltag bis zu Outdoor-Aktivit\u00e4ten. Das Tank-Top aus hochwertigem technischem Material hat ein modernes Design mit einer \u00d6ffnung auf der R\u00fcckseite, die es einzigartig und trendy macht. Der leichte, weiche Stoff sorgt f\u00fcr au\u00dfergew\u00f6hnlichen Komfort, ideal f\u00fcr Trekking und andere Outdoor-Aktivit\u00e4ten. Mit einer doppelten Lage \u00fcberlappenden Gewebes und einem Innen-BH bietet es optimalen Sitz und Halt. Das atmungsaktive Au\u00dfenmaterial mit Rapiddry-Behandlung sorgt f\u00fcr eine schnelle Trocknung, w\u00e4hrend das dezente Streifendesign die feminine Silhouette unterstreicht. Erh\u00e4ltlich in verschiedenen Gr\u00f6\u00dfen und leuchtenden, bedruckten Farben ist das Women&#8217;s Top Break eine vielseitige und stilvolle Wahl f\u00fcr Ihren Kleiderschrank. Es l\u00e4sst sich perfekt mit Hosen und R\u00f6cken kombinieren und erm\u00f6glicht es Ihnen, unverwechselbare und modische Looks zu kreieren. Entdecken Sie die Kombination aus Qualit\u00e4t, Leidenschaft und zukunftsweisendem italienischen Stil. Jedes Kleidungsst\u00fcck wurde mit der Beratung von Top-Sportlern und Bergprofis entwickelt.<\/p>\n<p>&nbsp;<\/p>\n<p><strong>EIGENSCHAFTEN:<\/strong><\/p>\n<ul>\n<li>Material: 88% Polyester 12% Elastan.<\/li>\n<li>Hoch atmungsaktives, doppellagiges Gewebe.<\/li>\n<li>Weiche Schultergurte<\/li>\n<li>Innerer BH.<\/li>\n<\/ul>\n<p>&nbsp;<\/p>\n","protected":false},"excerpt":{"rendered":"<div class=\"flex flex-grow flex-col max-w-full\">\n<div class=\"min-h-[20px] text-message flex flex-col items-start whitespace-pre-wrap break-words [.text-message+&amp;]:mt-5 overflow-x-auto gap-3\" dir=\"auto\" data-message-author-role=\"assistant\" data-message-id=\"5c194ca5-da90-4871-9d49-f5f33601269a\">\n<div class=\"markdown prose w-full break-words dark:prose-invert light\">\n<ul>\n<li>Atmungsaktives technisches Gewebe mit schnell trocknenden Eigenschaften.<\/li>\n<li>Elegantes Design mit Innen-BH f\u00fcr optimalen Halt.<\/li>\n<li>Vielseitig einsetzbar f\u00fcr Sport und Alltag, in verschiedenen Farben.<\/li>\n<\/ul>\n<\/div>\n<\/div>\n<\/div>\n","protected":false},"featured_media":168842,"template":"","meta":{"_acf_changed":false,"inline_featured_image":false},"product_brand":[],"product_cat":[6400,6401,6403],"product_tag":[3370,6237],"class_list":{"0":"post-176444","1":"product","2":"type-product","3":"status-publish","4":"has-post-thumbnail","6":"product_cat-damen","7":"product_cat-damenbekleidung","8":"product_cat-damentank-tops","9":"product_tag-crazy-idea-de","10":"product_tag-crazy-idea-damen-de","11":"pa_attivita-gehen","12":"pa_attivita-trail-de","13":"pa_colore-top-break-mountain-flower-w-de","14":"pa_colore-top-break-w-falling-flower-de","15":"pa_marca-crazy-idea-de","16":"pa_sesso-damen","17":"pa_size-extra-small-de","18":"pa_size-small-de","19":"pa_size-medium-de","21":"first","22":"instock","23":"sale","24":"taxable","25":"shipping-taxable","26":"purchasable","27":"product-type-variable","28":"wvs-archive-product-wrapper"},"acf":[],"yoast_head":"<!-- This site is optimized with the Yoast SEO plugin v26.8 - https:\/\/yoast.com\/product\/yoast-seo-wordpress\/ -->\n<title>Crazy Idea Top Break damen - Lauftank-Top - MioMioRun<\/title>\n<meta name=\"description\" content=\"Entdecken Sie das &#039;Women&#039;s Top Break&#039; von Crazy Idea: elegant, technisch, perfekt f\u00fcr jede Gelegenheit und Outdoor-Aktivit\u00e4t. Italienischer Komfort und Stil.\" \/>\n<meta name=\"robots\" content=\"index, follow, max-snippet:-1, max-image-preview:large, max-video-preview:-1\" \/>\n<link rel=\"canonical\" href=\"https:\/\/www.miomiorun.com\/de\/produkt\/top-break-damen\/\" \/>\n<meta property=\"og:locale\" content=\"de_DE\" \/>\n<meta property=\"og:type\" content=\"article\" \/>\n<meta property=\"og:title\" content=\"Crazy Idea Top Break damen - Lauftank-Top - MioMioRun\" \/>\n<meta property=\"og:description\" content=\"Entdecken Sie das &#039;Women&#039;s Top Break&#039; von Crazy Idea: elegant, technisch, perfekt f\u00fcr jede Gelegenheit und Outdoor-Aktivit\u00e4t. Italienischer Komfort und Stil.\" \/>\n<meta property=\"og:url\" content=\"https:\/\/www.miomiorun.com\/de\/produkt\/top-break-damen\/\" \/>\n<meta property=\"og:site_name\" content=\"MioMioRun\" \/>\n<meta property=\"article:publisher\" content=\"https:\/\/www.facebook.com\/miomiorun\/\" \/>\n<meta property=\"article:modified_time\" content=\"2024-07-09T12:44:54+00:00\" \/>\n<meta property=\"og:image\" content=\"https:\/\/www.miomiorun.com\/app\/uploads\/2024\/05\/crazy-Top-break-mountain-flower-W-S24196105D-00X191.webp\" \/>\n\t<meta property=\"og:image:width\" content=\"600\" \/>\n\t<meta property=\"og:image:height\" content=\"600\" \/>\n\t<meta property=\"og:image:type\" content=\"image\/webp\" \/>\n<meta name=\"twitter:card\" content=\"summary_large_image\" \/>\n<meta name=\"twitter:label1\" content=\"Est. reading time\" \/>\n\t<meta name=\"twitter:data1\" content=\"1 minute\" \/>\n<script type=\"application\/ld+json\" class=\"yoast-schema-graph\">{\"@context\":\"https:\/\/schema.org\",\"@graph\":[{\"@type\":\"WebPage\",\"@id\":\"https:\/\/www.miomiorun.com\/de\/produkt\/top-break-damen\/\",\"url\":\"https:\/\/www.miomiorun.com\/de\/produkt\/top-break-damen\/\",\"name\":\"Crazy Idea Top Break damen - Lauftank-Top - MioMioRun\",\"isPartOf\":{\"@id\":\"https:\/\/www.miomiorun.com\/de\/#website\"},\"primaryImageOfPage\":{\"@id\":\"https:\/\/www.miomiorun.com\/de\/produkt\/top-break-damen\/#primaryimage\"},\"image\":{\"@id\":\"https:\/\/www.miomiorun.com\/de\/produkt\/top-break-damen\/#primaryimage\"},\"thumbnailUrl\":\"https:\/\/www.miomiorun.com\/app\/uploads\/2024\/05\/crazy-Top-break-mountain-flower-W-S24196105D-00X191.webp\",\"datePublished\":\"2024-05-07T14:35:11+00:00\",\"dateModified\":\"2024-07-09T12:44:54+00:00\",\"description\":\"Entdecken Sie das 'Women's Top Break' von Crazy Idea: elegant, technisch, perfekt f\u00fcr jede Gelegenheit und Outdoor-Aktivit\u00e4t. Italienischer Komfort und Stil.\",\"breadcrumb\":{\"@id\":\"https:\/\/www.miomiorun.com\/de\/produkt\/top-break-damen\/#breadcrumb\"},\"inLanguage\":\"de-DE\",\"potentialAction\":[{\"@type\":\"ReadAction\",\"target\":[\"https:\/\/www.miomiorun.com\/de\/produkt\/top-break-damen\/\"]}]},{\"@type\":\"ImageObject\",\"inLanguage\":\"de-DE\",\"@id\":\"https:\/\/www.miomiorun.com\/de\/produkt\/top-break-damen\/#primaryimage\",\"url\":\"https:\/\/www.miomiorun.com\/app\/uploads\/2024\/05\/crazy-Top-break-mountain-flower-W-S24196105D-00X191.webp\",\"contentUrl\":\"https:\/\/www.miomiorun.com\/app\/uploads\/2024\/05\/crazy-Top-break-mountain-flower-W-S24196105D-00X191.webp\",\"width\":600,\"height\":600,\"caption\":\"crazy Top break mountain flower W S24196105D-00X191\"},{\"@type\":\"BreadcrumbList\",\"@id\":\"https:\/\/www.miomiorun.com\/de\/produkt\/top-break-damen\/#breadcrumb\",\"itemListElement\":[{\"@type\":\"ListItem\",\"position\":1,\"name\":\"Home\",\"item\":\"https:\/\/www.miomiorun.com\/de\/\"},{\"@type\":\"ListItem\",\"position\":2,\"name\":\"Shop\",\"item\":\"https:\/\/www.miomiorun.com\/shop\/\"},{\"@type\":\"ListItem\",\"position\":3,\"name\":\"Top Break damen\"}]},{\"@type\":\"WebSite\",\"@id\":\"https:\/\/www.miomiorun.com\/de\/#website\",\"url\":\"https:\/\/www.miomiorun.com\/de\/\",\"name\":\"MioMioRun\",\"description\":\"100% Lauf- und Trailshop\",\"publisher\":{\"@id\":\"https:\/\/www.miomiorun.com\/de\/#organization\"},\"potentialAction\":[{\"@type\":\"SearchAction\",\"target\":{\"@type\":\"EntryPoint\",\"urlTemplate\":\"https:\/\/www.miomiorun.com\/de\/?s={search_term_string}\"},\"query-input\":{\"@type\":\"PropertyValueSpecification\",\"valueRequired\":true,\"valueName\":\"search_term_string\"}}],\"inLanguage\":\"de-DE\"},{\"@type\":\"Organization\",\"@id\":\"https:\/\/www.miomiorun.com\/de\/#organization\",\"name\":\"MioMio Run\",\"url\":\"https:\/\/www.miomiorun.com\/de\/\",\"logo\":{\"@type\":\"ImageObject\",\"inLanguage\":\"de-DE\",\"@id\":\"https:\/\/www.miomiorun.com\/de\/#\/schema\/logo\/image\/\",\"url\":\"https:\/\/www.miomiorun.com\/app\/uploads\/2019\/12\/logomio.png\",\"contentUrl\":\"https:\/\/www.miomiorun.com\/app\/uploads\/2019\/12\/logomio.png\",\"width\":115,\"height\":82,\"caption\":\"MioMio Run\"},\"image\":{\"@id\":\"https:\/\/www.miomiorun.com\/de\/#\/schema\/logo\/image\/\"},\"sameAs\":[\"https:\/\/www.facebook.com\/miomiorun\/\",\"https:\/\/www.instagram.com\/miomiorun\/\"]}]}<\/script>\n<!-- \/ Yoast SEO plugin. -->","yoast_head_json":{"title":"Crazy Idea Top Break damen - Lauftank-Top - MioMioRun","description":"Entdecken Sie das 'Women's Top Break' von Crazy Idea: elegant, technisch, perfekt f\u00fcr jede Gelegenheit und Outdoor-Aktivit\u00e4t. Italienischer Komfort und Stil.","robots":{"index":"index","follow":"follow","max-snippet":"max-snippet:-1","max-image-preview":"max-image-preview:large","max-video-preview":"max-video-preview:-1"},"canonical":"https:\/\/www.miomiorun.com\/de\/produkt\/top-break-damen\/","og_locale":"de_DE","og_type":"article","og_title":"Crazy Idea Top Break damen - Lauftank-Top - MioMioRun","og_description":"Entdecken Sie das 'Women's Top Break' von Crazy Idea: elegant, technisch, perfekt f\u00fcr jede Gelegenheit und Outdoor-Aktivit\u00e4t. Italienischer Komfort und Stil.","og_url":"https:\/\/www.miomiorun.com\/de\/produkt\/top-break-damen\/","og_site_name":"MioMioRun","article_publisher":"https:\/\/www.facebook.com\/miomiorun\/","article_modified_time":"2024-07-09T12:44:54+00:00","og_image":[{"width":600,"height":600,"url":"https:\/\/www.miomiorun.com\/app\/uploads\/2024\/05\/crazy-Top-break-mountain-flower-W-S24196105D-00X191.webp","type":"image\/webp"}],"twitter_card":"summary_large_image","twitter_misc":{"Est. reading time":"1 minute"},"schema":{"@context":"https:\/\/schema.org","@graph":[{"@type":"WebPage","@id":"https:\/\/www.miomiorun.com\/de\/produkt\/top-break-damen\/","url":"https:\/\/www.miomiorun.com\/de\/produkt\/top-break-damen\/","name":"Crazy Idea Top Break damen - Lauftank-Top - MioMioRun","isPartOf":{"@id":"https:\/\/www.miomiorun.com\/de\/#website"},"primaryImageOfPage":{"@id":"https:\/\/www.miomiorun.com\/de\/produkt\/top-break-damen\/#primaryimage"},"image":{"@id":"https:\/\/www.miomiorun.com\/de\/produkt\/top-break-damen\/#primaryimage"},"thumbnailUrl":"https:\/\/www.miomiorun.com\/app\/uploads\/2024\/05\/crazy-Top-break-mountain-flower-W-S24196105D-00X191.webp","datePublished":"2024-05-07T14:35:11+00:00","dateModified":"2024-07-09T12:44:54+00:00","description":"Entdecken Sie das 'Women's Top Break' von Crazy Idea: elegant, technisch, perfekt f\u00fcr jede Gelegenheit und Outdoor-Aktivit\u00e4t. Italienischer Komfort und Stil.","breadcrumb":{"@id":"https:\/\/www.miomiorun.com\/de\/produkt\/top-break-damen\/#breadcrumb"},"inLanguage":"de-DE","potentialAction":[{"@type":"ReadAction","target":["https:\/\/www.miomiorun.com\/de\/produkt\/top-break-damen\/"]}]},{"@type":"ImageObject","inLanguage":"de-DE","@id":"https:\/\/www.miomiorun.com\/de\/produkt\/top-break-damen\/#primaryimage","url":"https:\/\/www.miomiorun.com\/app\/uploads\/2024\/05\/crazy-Top-break-mountain-flower-W-S24196105D-00X191.webp","contentUrl":"https:\/\/www.miomiorun.com\/app\/uploads\/2024\/05\/crazy-Top-break-mountain-flower-W-S24196105D-00X191.webp","width":600,"height":600,"caption":"crazy Top break mountain flower W S24196105D-00X191"},{"@type":"BreadcrumbList","@id":"https:\/\/www.miomiorun.com\/de\/produkt\/top-break-damen\/#breadcrumb","itemListElement":[{"@type":"ListItem","position":1,"name":"Home","item":"https:\/\/www.miomiorun.com\/de\/"},{"@type":"ListItem","position":2,"name":"Shop","item":"https:\/\/www.miomiorun.com\/shop\/"},{"@type":"ListItem","position":3,"name":"Top Break damen"}]},{"@type":"WebSite","@id":"https:\/\/www.miomiorun.com\/de\/#website","url":"https:\/\/www.miomiorun.com\/de\/","name":"MioMioRun","description":"100% Lauf- und Trailshop","publisher":{"@id":"https:\/\/www.miomiorun.com\/de\/#organization"},"potentialAction":[{"@type":"SearchAction","target":{"@type":"EntryPoint","urlTemplate":"https:\/\/www.miomiorun.com\/de\/?s={search_term_string}"},"query-input":{"@type":"PropertyValueSpecification","valueRequired":true,"valueName":"search_term_string"}}],"inLanguage":"de-DE"},{"@type":"Organization","@id":"https:\/\/www.miomiorun.com\/de\/#organization","name":"MioMio Run","url":"https:\/\/www.miomiorun.com\/de\/","logo":{"@type":"ImageObject","inLanguage":"de-DE","@id":"https:\/\/www.miomiorun.com\/de\/#\/schema\/logo\/image\/","url":"https:\/\/www.miomiorun.com\/app\/uploads\/2019\/12\/logomio.png","contentUrl":"https:\/\/www.miomiorun.com\/app\/uploads\/2019\/12\/logomio.png","width":115,"height":82,"caption":"MioMio Run"},"image":{"@id":"https:\/\/www.miomiorun.com\/de\/#\/schema\/logo\/image\/"},"sameAs":["https:\/\/www.facebook.com\/miomiorun\/","https:\/\/www.instagram.com\/miomiorun\/"]}]}},"_links":{"self":[{"href":"https:\/\/www.miomiorun.com\/de\/wp-json\/wp\/v2\/product\/176444","targetHints":{"allow":["GET"]}}],"collection":[{"href":"https:\/\/www.miomiorun.com\/de\/wp-json\/wp\/v2\/product"}],"about":[{"href":"https:\/\/www.miomiorun.com\/de\/wp-json\/wp\/v2\/types\/product"}],"wp:featuredmedia":[{"embeddable":true,"href":"https:\/\/www.miomiorun.com\/de\/wp-json\/wp\/v2\/media\/168842"}],"wp:attachment":[{"href":"https:\/\/www.miomiorun.com\/de\/wp-json\/wp\/v2\/media?parent=176444"}],"wp:term":[{"taxonomy":"product_brand","embeddable":true,"href":"https:\/\/www.miomiorun.com\/de\/wp-json\/wp\/v2\/product_brand?post=176444"},{"taxonomy":"product_cat","embeddable":true,"href":"https:\/\/www.miomiorun.com\/de\/wp-json\/wp\/v2\/product_cat?post=176444"},{"taxonomy":"product_tag","embeddable":true,"href":"https:\/\/www.miomiorun.com\/de\/wp-json\/wp\/v2\/product_tag?post=176444"}],"curies":[{"name":"wp","href":"https:\/\/api.w.org\/{rel}","templated":true}]}}