{"id":176396,"date":"2021-09-03T19:07:00","date_gmt":"2021-09-03T17:07:00","guid":{"rendered":"https:\/\/miomiorun.com\/prodotto\/brooks-carbonite-vest-donna\/"},"modified":"2024-07-26T18:37:09","modified_gmt":"2024-07-26T16:37:09","slug":"carbonite-vest-damen","status":"publish","type":"product","link":"https:\/\/www.miomiorun.com\/de\/produkt\/carbonite-vest-damen\/","title":{"rendered":"Carbonite Vest damen"},"content":{"rendered":"<p>Die <strong>Carbonit<\/strong> Vest f\u00fcr Damen ist eine Weste f\u00fcr k\u00fchlere und windigere Tage.<\/p>\n<p>Sie eignet sich auch hervorragend f\u00fcr den Einsatz in den dunklen Abendstunden dank ihrer reflektierenden Details, mit denen Sie auch nachts sichtbar sind.<\/p>\n<h4 id=\"tw-target-text\" class=\"tw-data-text tw-text-large XcVN5d tw-ta\" dir=\"ltr\" data-placeholder=\"Traduzione\"><span class=\"Y2IQFc\" lang=\"it\">Sichtbar in der Dunkelheit <\/span><\/h4>\n<p class=\"tw-data-text tw-text-large XcVN5d tw-ta\" dir=\"ltr\" data-placeholder=\"Traduzione\"><span class=\"Y2IQFc\" lang=\"it\">Die 3M\u2122 Scotchlite\u2122 Carbon Black Stretch-Reflektivit\u00e4t in kritischen Bewegungszonen hilft Autofahrern, Sie bis zu 600 Meter weit als L\u00e4ufer zu erkennen.<\/span><\/p>\n<h4 id=\"tw-target-text\" class=\"tw-data-text tw-text-large XcVN5d tw-ta\" dir=\"ltr\" data-placeholder=\"Traduzione\"><span class=\"Y2IQFc\" lang=\"it\">Schutz vor Wind und Wasser <\/span><\/h4>\n<p class=\"tw-data-text tw-text-large XcVN5d tw-ta\" dir=\"ltr\" data-placeholder=\"Traduzione\"><span class=\"Y2IQFc\" lang=\"it\">Das atmungsaktive DriLayer\u00ae Seal-Gewebe ist noch dehnbarer als zuvor und l\u00e4sst \u00fcbersch\u00fcssige W\u00e4rme entweichen, ohne die Elemente hereinzulassen.<\/span><\/p>\n<ul>\n<li class=\"tw-data-text tw-text-large XcVN5d tw-ta\" dir=\"ltr\" data-placeholder=\"Traduzione\"><span class=\"Y2IQFc\" lang=\"it\">Druckkn\u00f6pfe halten die Jacke an ihrem Platz, wenn der Rei\u00dfverschluss zur Bel\u00fcftung ge\u00f6ffnet wird.<\/span><\/li>\n<\/ul>\n<h4 id=\"tw-target-text\" class=\"tw-data-text tw-text-large XcVN5d tw-ta\" dir=\"ltr\" data-placeholder=\"Traduzione\"><span class=\"Y2IQFc\" lang=\"it\">Sicherer Stauraum<\/span><\/h4>\n<p class=\"tw-data-text tw-text-large XcVN5d tw-ta\" dir=\"ltr\" data-placeholder=\"Traduzione\"><span class=\"Y2IQFc\" lang=\"it\">In den beiden Rei\u00dfverschlusstaschen an den H\u00e4nden und der neuen Brusttasche mit Rei\u00dfverschluss k\u00f6nnen Sie alles, was Sie brauchen, sicher verstauen.<\/span><\/p>\n<p dir=\"ltr\" data-placeholder=\"Traduzione\">\n","protected":false},"excerpt":{"rendered":"<p>Die Carbonit Vest f\u00fcr Damen ist eine Weste f\u00fcr k\u00fchlere und windigere Tage. Sie eignet sich auch hervorragend f\u00fcr den Einsatz in den dunklen Abendstunden dank ihrer reflektierenden Details, mit denen Sie auch nachts sichtbar sind. Sichtbar in der Dunkelheit Die 3M\u2122 Scotchlite\u2122 Carbon Black Stretch-Reflektivit\u00e4t in kritischen Bewegungszonen hilft Autofahrern, Sie bis zu 600 &hellip; <a href=\"https:\/\/www.miomiorun.com\/de\/produkt\/carbonite-vest-damen\/\">Continued<\/a><\/p>\n","protected":false},"featured_media":57672,"template":"","meta":{"_acf_changed":false,"inline_featured_image":false},"product_brand":[],"product_cat":[6400,6401,6404],"product_tag":[3362,6205],"class_list":{"0":"post-176396","1":"product","2":"type-product","3":"status-publish","4":"has-post-thumbnail","6":"product_cat-damen","7":"product_cat-damenbekleidung","8":"product_cat-damenjacken","9":"product_tag-brooks-de","10":"product_tag-brooks-damen-de","11":"pa_attivita-gehen","12":"pa_attivita-running-de","13":"pa_marca-brooks-de","14":"pa_sesso-damen","15":"pa_size-extra-small-de","17":"first","18":"instock","19":"taxable","20":"shipping-taxable","21":"purchasable","22":"product-type-variable","23":"wvs-archive-product-wrapper"},"acf":[],"yoast_head":"<!-- This site is optimized with the Yoast SEO plugin v26.8 - https:\/\/yoast.com\/product\/yoast-seo-wordpress\/ -->\n<title>BrooksCarbonite Vest damen - Weste l\u00e4uft - MioMioRun<\/title>\n<meta name=\"description\" content=\"Die Carbonit Vest f\u00fcr Damen ist eine Weste, die an k\u00fchleren und windigen Tagen getragen werden kann und sich auch f\u00fcr die dunklen Stunden eignet.\" \/>\n<meta name=\"robots\" content=\"index, follow, max-snippet:-1, max-image-preview:large, max-video-preview:-1\" \/>\n<link rel=\"canonical\" href=\"https:\/\/www.miomiorun.com\/de\/produkt\/carbonite-vest-damen\/\" \/>\n<meta property=\"og:locale\" content=\"de_DE\" \/>\n<meta property=\"og:type\" content=\"article\" \/>\n<meta property=\"og:title\" content=\"BrooksCarbonite Vest damen - Weste l\u00e4uft - MioMioRun\" \/>\n<meta property=\"og:description\" content=\"Die Carbonit Vest f\u00fcr Damen ist eine Weste, die an k\u00fchleren und windigen Tagen getragen werden kann und sich auch f\u00fcr die dunklen Stunden eignet.\" \/>\n<meta property=\"og:url\" content=\"https:\/\/www.miomiorun.com\/de\/produkt\/carbonite-vest-damen\/\" \/>\n<meta property=\"og:site_name\" content=\"MioMioRun\" \/>\n<meta property=\"article:publisher\" content=\"https:\/\/www.facebook.com\/miomiorun\/\" \/>\n<meta property=\"article:modified_time\" content=\"2024-07-26T16:37:09+00:00\" \/>\n<meta property=\"og:image\" content=\"https:\/\/www.miomiorun.com\/app\/uploads\/2021\/09\/brooks-carbonite-vest-221498-030.jpg\" \/>\n\t<meta property=\"og:image:width\" content=\"600\" \/>\n\t<meta property=\"og:image:height\" content=\"600\" \/>\n\t<meta property=\"og:image:type\" content=\"image\/jpeg\" \/>\n<meta name=\"twitter:card\" content=\"summary_large_image\" \/>\n<meta name=\"twitter:label1\" content=\"Est. reading time\" \/>\n\t<meta name=\"twitter:data1\" content=\"1 minute\" \/>\n<script type=\"application\/ld+json\" class=\"yoast-schema-graph\">{\"@context\":\"https:\/\/schema.org\",\"@graph\":[{\"@type\":\"WebPage\",\"@id\":\"https:\/\/www.miomiorun.com\/de\/produkt\/carbonite-vest-damen\/\",\"url\":\"https:\/\/www.miomiorun.com\/de\/produkt\/carbonite-vest-damen\/\",\"name\":\"BrooksCarbonite Vest damen - Weste l\u00e4uft - MioMioRun\",\"isPartOf\":{\"@id\":\"https:\/\/www.miomiorun.com\/de\/#website\"},\"primaryImageOfPage\":{\"@id\":\"https:\/\/www.miomiorun.com\/de\/produkt\/carbonite-vest-damen\/#primaryimage\"},\"image\":{\"@id\":\"https:\/\/www.miomiorun.com\/de\/produkt\/carbonite-vest-damen\/#primaryimage\"},\"thumbnailUrl\":\"https:\/\/www.miomiorun.com\/app\/uploads\/2021\/09\/brooks-carbonite-vest-221498-030.jpg\",\"datePublished\":\"2021-09-03T17:07:00+00:00\",\"dateModified\":\"2024-07-26T16:37:09+00:00\",\"description\":\"Die Carbonit Vest f\u00fcr Damen ist eine Weste, die an k\u00fchleren und windigen Tagen getragen werden kann und sich auch f\u00fcr die dunklen Stunden eignet.\",\"breadcrumb\":{\"@id\":\"https:\/\/www.miomiorun.com\/de\/produkt\/carbonite-vest-damen\/#breadcrumb\"},\"inLanguage\":\"de-DE\",\"potentialAction\":[{\"@type\":\"ReadAction\",\"target\":[\"https:\/\/www.miomiorun.com\/de\/produkt\/carbonite-vest-damen\/\"]}]},{\"@type\":\"ImageObject\",\"inLanguage\":\"de-DE\",\"@id\":\"https:\/\/www.miomiorun.com\/de\/produkt\/carbonite-vest-damen\/#primaryimage\",\"url\":\"https:\/\/www.miomiorun.com\/app\/uploads\/2021\/09\/brooks-carbonite-vest-221498-030.jpg\",\"contentUrl\":\"https:\/\/www.miomiorun.com\/app\/uploads\/2021\/09\/brooks-carbonite-vest-221498-030.jpg\",\"width\":600,\"height\":600,\"caption\":\"brooks carbonite vest fronte\"},{\"@type\":\"BreadcrumbList\",\"@id\":\"https:\/\/www.miomiorun.com\/de\/produkt\/carbonite-vest-damen\/#breadcrumb\",\"itemListElement\":[{\"@type\":\"ListItem\",\"position\":1,\"name\":\"Home\",\"item\":\"https:\/\/www.miomiorun.com\/de\/\"},{\"@type\":\"ListItem\",\"position\":2,\"name\":\"Shop\",\"item\":\"https:\/\/www.miomiorun.com\/shop\/\"},{\"@type\":\"ListItem\",\"position\":3,\"name\":\"Carbonite Vest damen\"}]},{\"@type\":\"WebSite\",\"@id\":\"https:\/\/www.miomiorun.com\/de\/#website\",\"url\":\"https:\/\/www.miomiorun.com\/de\/\",\"name\":\"MioMioRun\",\"description\":\"100% Lauf- und Trailshop\",\"publisher\":{\"@id\":\"https:\/\/www.miomiorun.com\/de\/#organization\"},\"potentialAction\":[{\"@type\":\"SearchAction\",\"target\":{\"@type\":\"EntryPoint\",\"urlTemplate\":\"https:\/\/www.miomiorun.com\/de\/?s={search_term_string}\"},\"query-input\":{\"@type\":\"PropertyValueSpecification\",\"valueRequired\":true,\"valueName\":\"search_term_string\"}}],\"inLanguage\":\"de-DE\"},{\"@type\":\"Organization\",\"@id\":\"https:\/\/www.miomiorun.com\/de\/#organization\",\"name\":\"MioMio Run\",\"url\":\"https:\/\/www.miomiorun.com\/de\/\",\"logo\":{\"@type\":\"ImageObject\",\"inLanguage\":\"de-DE\",\"@id\":\"https:\/\/www.miomiorun.com\/de\/#\/schema\/logo\/image\/\",\"url\":\"https:\/\/www.miomiorun.com\/app\/uploads\/2019\/12\/logomio.png\",\"contentUrl\":\"https:\/\/www.miomiorun.com\/app\/uploads\/2019\/12\/logomio.png\",\"width\":115,\"height\":82,\"caption\":\"MioMio Run\"},\"image\":{\"@id\":\"https:\/\/www.miomiorun.com\/de\/#\/schema\/logo\/image\/\"},\"sameAs\":[\"https:\/\/www.facebook.com\/miomiorun\/\",\"https:\/\/www.instagram.com\/miomiorun\/\"]}]}<\/script>\n<!-- \/ Yoast SEO plugin. -->","yoast_head_json":{"title":"BrooksCarbonite Vest damen - Weste l\u00e4uft - MioMioRun","description":"Die Carbonit Vest f\u00fcr Damen ist eine Weste, die an k\u00fchleren und windigen Tagen getragen werden kann und sich auch f\u00fcr die dunklen Stunden eignet.","robots":{"index":"index","follow":"follow","max-snippet":"max-snippet:-1","max-image-preview":"max-image-preview:large","max-video-preview":"max-video-preview:-1"},"canonical":"https:\/\/www.miomiorun.com\/de\/produkt\/carbonite-vest-damen\/","og_locale":"de_DE","og_type":"article","og_title":"BrooksCarbonite Vest damen - Weste l\u00e4uft - MioMioRun","og_description":"Die Carbonit Vest f\u00fcr Damen ist eine Weste, die an k\u00fchleren und windigen Tagen getragen werden kann und sich auch f\u00fcr die dunklen Stunden eignet.","og_url":"https:\/\/www.miomiorun.com\/de\/produkt\/carbonite-vest-damen\/","og_site_name":"MioMioRun","article_publisher":"https:\/\/www.facebook.com\/miomiorun\/","article_modified_time":"2024-07-26T16:37:09+00:00","og_image":[{"width":600,"height":600,"url":"https:\/\/www.miomiorun.com\/app\/uploads\/2021\/09\/brooks-carbonite-vest-221498-030.jpg","type":"image\/jpeg"}],"twitter_card":"summary_large_image","twitter_misc":{"Est. reading time":"1 minute"},"schema":{"@context":"https:\/\/schema.org","@graph":[{"@type":"WebPage","@id":"https:\/\/www.miomiorun.com\/de\/produkt\/carbonite-vest-damen\/","url":"https:\/\/www.miomiorun.com\/de\/produkt\/carbonite-vest-damen\/","name":"BrooksCarbonite Vest damen - Weste l\u00e4uft - MioMioRun","isPartOf":{"@id":"https:\/\/www.miomiorun.com\/de\/#website"},"primaryImageOfPage":{"@id":"https:\/\/www.miomiorun.com\/de\/produkt\/carbonite-vest-damen\/#primaryimage"},"image":{"@id":"https:\/\/www.miomiorun.com\/de\/produkt\/carbonite-vest-damen\/#primaryimage"},"thumbnailUrl":"https:\/\/www.miomiorun.com\/app\/uploads\/2021\/09\/brooks-carbonite-vest-221498-030.jpg","datePublished":"2021-09-03T17:07:00+00:00","dateModified":"2024-07-26T16:37:09+00:00","description":"Die Carbonit Vest f\u00fcr Damen ist eine Weste, die an k\u00fchleren und windigen Tagen getragen werden kann und sich auch f\u00fcr die dunklen Stunden eignet.","breadcrumb":{"@id":"https:\/\/www.miomiorun.com\/de\/produkt\/carbonite-vest-damen\/#breadcrumb"},"inLanguage":"de-DE","potentialAction":[{"@type":"ReadAction","target":["https:\/\/www.miomiorun.com\/de\/produkt\/carbonite-vest-damen\/"]}]},{"@type":"ImageObject","inLanguage":"de-DE","@id":"https:\/\/www.miomiorun.com\/de\/produkt\/carbonite-vest-damen\/#primaryimage","url":"https:\/\/www.miomiorun.com\/app\/uploads\/2021\/09\/brooks-carbonite-vest-221498-030.jpg","contentUrl":"https:\/\/www.miomiorun.com\/app\/uploads\/2021\/09\/brooks-carbonite-vest-221498-030.jpg","width":600,"height":600,"caption":"brooks carbonite vest fronte"},{"@type":"BreadcrumbList","@id":"https:\/\/www.miomiorun.com\/de\/produkt\/carbonite-vest-damen\/#breadcrumb","itemListElement":[{"@type":"ListItem","position":1,"name":"Home","item":"https:\/\/www.miomiorun.com\/de\/"},{"@type":"ListItem","position":2,"name":"Shop","item":"https:\/\/www.miomiorun.com\/shop\/"},{"@type":"ListItem","position":3,"name":"Carbonite Vest damen"}]},{"@type":"WebSite","@id":"https:\/\/www.miomiorun.com\/de\/#website","url":"https:\/\/www.miomiorun.com\/de\/","name":"MioMioRun","description":"100% Lauf- und Trailshop","publisher":{"@id":"https:\/\/www.miomiorun.com\/de\/#organization"},"potentialAction":[{"@type":"SearchAction","target":{"@type":"EntryPoint","urlTemplate":"https:\/\/www.miomiorun.com\/de\/?s={search_term_string}"},"query-input":{"@type":"PropertyValueSpecification","valueRequired":true,"valueName":"search_term_string"}}],"inLanguage":"de-DE"},{"@type":"Organization","@id":"https:\/\/www.miomiorun.com\/de\/#organization","name":"MioMio Run","url":"https:\/\/www.miomiorun.com\/de\/","logo":{"@type":"ImageObject","inLanguage":"de-DE","@id":"https:\/\/www.miomiorun.com\/de\/#\/schema\/logo\/image\/","url":"https:\/\/www.miomiorun.com\/app\/uploads\/2019\/12\/logomio.png","contentUrl":"https:\/\/www.miomiorun.com\/app\/uploads\/2019\/12\/logomio.png","width":115,"height":82,"caption":"MioMio Run"},"image":{"@id":"https:\/\/www.miomiorun.com\/de\/#\/schema\/logo\/image\/"},"sameAs":["https:\/\/www.facebook.com\/miomiorun\/","https:\/\/www.instagram.com\/miomiorun\/"]}]}},"_links":{"self":[{"href":"https:\/\/www.miomiorun.com\/de\/wp-json\/wp\/v2\/product\/176396","targetHints":{"allow":["GET"]}}],"collection":[{"href":"https:\/\/www.miomiorun.com\/de\/wp-json\/wp\/v2\/product"}],"about":[{"href":"https:\/\/www.miomiorun.com\/de\/wp-json\/wp\/v2\/types\/product"}],"wp:featuredmedia":[{"embeddable":true,"href":"https:\/\/www.miomiorun.com\/de\/wp-json\/wp\/v2\/media\/57672"}],"wp:attachment":[{"href":"https:\/\/www.miomiorun.com\/de\/wp-json\/wp\/v2\/media?parent=176396"}],"wp:term":[{"taxonomy":"product_brand","embeddable":true,"href":"https:\/\/www.miomiorun.com\/de\/wp-json\/wp\/v2\/product_brand?post=176396"},{"taxonomy":"product_cat","embeddable":true,"href":"https:\/\/www.miomiorun.com\/de\/wp-json\/wp\/v2\/product_cat?post=176396"},{"taxonomy":"product_tag","embeddable":true,"href":"https:\/\/www.miomiorun.com\/de\/wp-json\/wp\/v2\/product_tag?post=176396"}],"curies":[{"name":"wp","href":"https:\/\/api.w.org\/{rel}","templated":true}]}}