{"id":176393,"date":"2021-05-07T12:21:43","date_gmt":"2021-05-07T10:21:43","guid":{"rendered":"https:\/\/miomiorun.com\/prodotto\/brooks-canopy-jacket-donna\/"},"modified":"2025-11-02T09:08:43","modified_gmt":"2025-11-02T08:08:43","slug":"canopy-jacket-damen","status":"publish","type":"product","link":"https:\/\/www.miomiorun.com\/de\/produkt\/canopy-jacket-damen\/","title":{"rendered":"Canopy Jacket damen"},"content":{"rendered":"<div class=\"single-product-description\">\n<div class=\"single-product-description\">Die leichte und vielseitige Canopy-Jacke f\u00fcr Damen bietet Wind- und Wasserschutz und eine bequeme Passform, die es Ihnen erm\u00f6glicht, sich auf das Laufen zu konzentrieren, ohne sich Gedanken \u00fcber die Kleidung zu machen.<\/div>\n<div>\n<p>F<b>EATURES<\/b> Passform: locker<\/p>\n<p>Material: DriLayer Seal 100% Ripstop-Polyester<\/p>\n<p>UPF : 30<\/p>\n<div class=\"m-feature__description m-feature__description col-lg-6 col-md-3 col-sm-2 show\">\n<div class=\"vertical__wrap\">\n<h5 class=\"medium\" tabindex=\"0\">Widerstandsf\u00e4hig gegen Wind und Regen<\/h5>\n<p class=\"type\" tabindex=\"0\">Bei pl\u00f6tzlichem Regen k\u00f6nnen Sie sich mit dem atmungsaktiven und wetterfesten DriLayer\u00ae Seal-Gewebe bedecken. Die reflektierenden Elemente auf der Vorder- und R\u00fcckseite machen Sie bei schlechten Lichtverh\u00e4ltnissen sichtbar.<\/p>\n<div class=\"m-feature__description m-feature__description col-lg-6 col-md-3 col-sm-2 show\">\n<div class=\"vertical__wrap\">\n<h5 class=\"medium\" tabindex=\"0\">Atmungsaktiv<\/h5>\n<p class=\"type\" tabindex=\"0\">Du kannst rennen, aber du kannst dich nicht vor dem Wetter verstecken. Aber Sie k\u00f6nnen eine atmungsaktive Jacke verwenden, die Sie trocken und warm h\u00e4lt, indem sie den Schwei\u00df ableitet.<\/p>\n<div class=\"m-feature__description m-feature__description col-lg-6 col-md-3 col-sm-2 show\">\n<div class=\"vertical__wrap\">\n<h5 class=\"medium\" tabindex=\"0\">Zusammenfaltbar und tragbar<\/h5>\n<p class=\"type\" tabindex=\"0\">Diese wetterfeste Laufjacke wurde entwickelt, um unschlagbar gegen die Elemente zu sein. Sie l\u00e4sst sich einfach in eine Brusttasche mit Rei\u00dfverschluss zusammenfalten, die ein tragbares Gummiband zum schnellen und einfachen Verstauen enth\u00e4lt.<\/p>\n<\/div>\n<\/div>\n<\/div>\n<\/div>\n<\/div>\n<\/div>\n<p>&nbsp;<\/p>\n<\/div>\n<\/div>\n","protected":false},"excerpt":{"rendered":"<p><span style=\"font-weight: 400;\">Begr\u00fc\u00dfen Sie schlechtes Wetter mit dieser preisgekr\u00f6nten Laufjacke f\u00fcr M\u00e4nner. Das DriLayer\u00ae-Gewebe h\u00e4lt Wind und Regen stand und l\u00e4sst sich zum einfachen Transport in eine Rei\u00dfverschlusstasche falten.<\/span><\/p>\n","protected":false},"featured_media":55549,"template":"","meta":{"_acf_changed":false,"inline_featured_image":false},"product_brand":[],"product_cat":[6400,6401,6404],"product_tag":[3362,6205],"class_list":{"0":"post-176393","1":"product","2":"type-product","3":"status-publish","4":"has-post-thumbnail","6":"product_cat-damen","7":"product_cat-damenbekleidung","8":"product_cat-damenjacken","9":"product_tag-brooks-de","10":"product_tag-brooks-damen-de","11":"pa_attivita-gehen","12":"pa_attivita-running-de","13":"pa_colore-canopy-jacket-w-frosted-mauve-mauve-de","14":"pa_colore-canopy-jacket-w-lt-lime-de","15":"pa_colore-canopy-jacket-w-razzmatt-quartz-hyper-pink-de","16":"pa_colore-canopy-jacket-w-fluoro-pink-de","17":"pa_colore-canopy-jacket-w-golden-hour-violet-dash-de","18":"pa_marca-brooks-de","19":"pa_sesso-damen","20":"pa_size-extra-small-de","21":"pa_size-small-de","22":"pa_size-medium-de","24":"first","25":"instock","26":"sale","27":"taxable","28":"shipping-taxable","29":"purchasable","30":"product-type-variable","31":"wvs-archive-product-wrapper"},"acf":[],"yoast_head":"<!-- This site is optimized with the Yoast SEO plugin v26.8 - https:\/\/yoast.com\/product\/yoast-seo-wordpress\/ -->\n<title>Brooks Canopy Jacket damen - Jacke l\u00e4uft- MioMioRun.com<\/title>\n<meta name=\"description\" content=\"Die leichte und vielseitige Canopy-Jacke f\u00fcr Damen bietet Wind- und Wasserschutz und eine bequeme Passform\" \/>\n<meta name=\"robots\" content=\"index, follow, max-snippet:-1, max-image-preview:large, max-video-preview:-1\" \/>\n<link rel=\"canonical\" href=\"https:\/\/www.miomiorun.com\/de\/produkt\/canopy-jacket-damen\/\" \/>\n<meta property=\"og:locale\" content=\"de_DE\" \/>\n<meta property=\"og:type\" content=\"article\" \/>\n<meta property=\"og:title\" content=\"Brooks Canopy Jacket damen - Jacke l\u00e4uft- MioMioRun.com\" \/>\n<meta property=\"og:description\" content=\"Die leichte und vielseitige Canopy-Jacke f\u00fcr Damen bietet Wind- und Wasserschutz und eine bequeme Passform\" \/>\n<meta property=\"og:url\" content=\"https:\/\/www.miomiorun.com\/de\/produkt\/canopy-jacket-damen\/\" \/>\n<meta property=\"og:site_name\" content=\"MioMioRun\" \/>\n<meta property=\"article:publisher\" content=\"https:\/\/www.facebook.com\/miomiorun\/\" \/>\n<meta property=\"article:modified_time\" content=\"2025-11-02T08:08:43+00:00\" \/>\n<meta property=\"og:image\" content=\"https:\/\/www.miomiorun.com\/app\/uploads\/2021\/05\/brooks-Canopy-Jacket-W-221427-679.jpg\" \/>\n\t<meta property=\"og:image:width\" content=\"600\" \/>\n\t<meta property=\"og:image:height\" content=\"600\" \/>\n\t<meta property=\"og:image:type\" content=\"image\/jpeg\" \/>\n<meta name=\"twitter:card\" content=\"summary_large_image\" \/>\n<meta name=\"twitter:label1\" content=\"Est. reading time\" \/>\n\t<meta name=\"twitter:data1\" content=\"1 minute\" \/>\n<script type=\"application\/ld+json\" class=\"yoast-schema-graph\">{\"@context\":\"https:\/\/schema.org\",\"@graph\":[{\"@type\":\"WebPage\",\"@id\":\"https:\/\/www.miomiorun.com\/de\/produkt\/canopy-jacket-damen\/\",\"url\":\"https:\/\/www.miomiorun.com\/de\/produkt\/canopy-jacket-damen\/\",\"name\":\"Brooks Canopy Jacket damen - Jacke l\u00e4uft- MioMioRun.com\",\"isPartOf\":{\"@id\":\"https:\/\/www.miomiorun.com\/de\/#website\"},\"primaryImageOfPage\":{\"@id\":\"https:\/\/www.miomiorun.com\/de\/produkt\/canopy-jacket-damen\/#primaryimage\"},\"image\":{\"@id\":\"https:\/\/www.miomiorun.com\/de\/produkt\/canopy-jacket-damen\/#primaryimage\"},\"thumbnailUrl\":\"https:\/\/www.miomiorun.com\/app\/uploads\/2021\/05\/brooks-Canopy-Jacket-W-221427-679.jpg\",\"datePublished\":\"2021-05-07T10:21:43+00:00\",\"dateModified\":\"2025-11-02T08:08:43+00:00\",\"description\":\"Die leichte und vielseitige Canopy-Jacke f\u00fcr Damen bietet Wind- und Wasserschutz und eine bequeme Passform\",\"breadcrumb\":{\"@id\":\"https:\/\/www.miomiorun.com\/de\/produkt\/canopy-jacket-damen\/#breadcrumb\"},\"inLanguage\":\"de-DE\",\"potentialAction\":[{\"@type\":\"ReadAction\",\"target\":[\"https:\/\/www.miomiorun.com\/de\/produkt\/canopy-jacket-damen\/\"]}]},{\"@type\":\"ImageObject\",\"inLanguage\":\"de-DE\",\"@id\":\"https:\/\/www.miomiorun.com\/de\/produkt\/canopy-jacket-damen\/#primaryimage\",\"url\":\"https:\/\/www.miomiorun.com\/app\/uploads\/2021\/05\/brooks-Canopy-Jacket-W-221427-679.jpg\",\"contentUrl\":\"https:\/\/www.miomiorun.com\/app\/uploads\/2021\/05\/brooks-Canopy-Jacket-W-221427-679.jpg\",\"width\":600,\"height\":600,\"caption\":\"brooks canopy jacket donna\"},{\"@type\":\"BreadcrumbList\",\"@id\":\"https:\/\/www.miomiorun.com\/de\/produkt\/canopy-jacket-damen\/#breadcrumb\",\"itemListElement\":[{\"@type\":\"ListItem\",\"position\":1,\"name\":\"Home\",\"item\":\"https:\/\/www.miomiorun.com\/de\/\"},{\"@type\":\"ListItem\",\"position\":2,\"name\":\"Shop\",\"item\":\"https:\/\/www.miomiorun.com\/shop\/\"},{\"@type\":\"ListItem\",\"position\":3,\"name\":\"Canopy Jacket damen\"}]},{\"@type\":\"WebSite\",\"@id\":\"https:\/\/www.miomiorun.com\/de\/#website\",\"url\":\"https:\/\/www.miomiorun.com\/de\/\",\"name\":\"MioMioRun\",\"description\":\"100% Lauf- und Trailshop\",\"publisher\":{\"@id\":\"https:\/\/www.miomiorun.com\/de\/#organization\"},\"potentialAction\":[{\"@type\":\"SearchAction\",\"target\":{\"@type\":\"EntryPoint\",\"urlTemplate\":\"https:\/\/www.miomiorun.com\/de\/?s={search_term_string}\"},\"query-input\":{\"@type\":\"PropertyValueSpecification\",\"valueRequired\":true,\"valueName\":\"search_term_string\"}}],\"inLanguage\":\"de-DE\"},{\"@type\":\"Organization\",\"@id\":\"https:\/\/www.miomiorun.com\/de\/#organization\",\"name\":\"MioMio Run\",\"url\":\"https:\/\/www.miomiorun.com\/de\/\",\"logo\":{\"@type\":\"ImageObject\",\"inLanguage\":\"de-DE\",\"@id\":\"https:\/\/www.miomiorun.com\/de\/#\/schema\/logo\/image\/\",\"url\":\"https:\/\/www.miomiorun.com\/app\/uploads\/2019\/12\/logomio.png\",\"contentUrl\":\"https:\/\/www.miomiorun.com\/app\/uploads\/2019\/12\/logomio.png\",\"width\":115,\"height\":82,\"caption\":\"MioMio Run\"},\"image\":{\"@id\":\"https:\/\/www.miomiorun.com\/de\/#\/schema\/logo\/image\/\"},\"sameAs\":[\"https:\/\/www.facebook.com\/miomiorun\/\",\"https:\/\/www.instagram.com\/miomiorun\/\"]}]}<\/script>\n<!-- \/ Yoast SEO plugin. -->","yoast_head_json":{"title":"Brooks Canopy Jacket damen - Jacke l\u00e4uft- MioMioRun.com","description":"Die leichte und vielseitige Canopy-Jacke f\u00fcr Damen bietet Wind- und Wasserschutz und eine bequeme Passform","robots":{"index":"index","follow":"follow","max-snippet":"max-snippet:-1","max-image-preview":"max-image-preview:large","max-video-preview":"max-video-preview:-1"},"canonical":"https:\/\/www.miomiorun.com\/de\/produkt\/canopy-jacket-damen\/","og_locale":"de_DE","og_type":"article","og_title":"Brooks Canopy Jacket damen - Jacke l\u00e4uft- MioMioRun.com","og_description":"Die leichte und vielseitige Canopy-Jacke f\u00fcr Damen bietet Wind- und Wasserschutz und eine bequeme Passform","og_url":"https:\/\/www.miomiorun.com\/de\/produkt\/canopy-jacket-damen\/","og_site_name":"MioMioRun","article_publisher":"https:\/\/www.facebook.com\/miomiorun\/","article_modified_time":"2025-11-02T08:08:43+00:00","og_image":[{"width":600,"height":600,"url":"https:\/\/www.miomiorun.com\/app\/uploads\/2021\/05\/brooks-Canopy-Jacket-W-221427-679.jpg","type":"image\/jpeg"}],"twitter_card":"summary_large_image","twitter_misc":{"Est. reading time":"1 minute"},"schema":{"@context":"https:\/\/schema.org","@graph":[{"@type":"WebPage","@id":"https:\/\/www.miomiorun.com\/de\/produkt\/canopy-jacket-damen\/","url":"https:\/\/www.miomiorun.com\/de\/produkt\/canopy-jacket-damen\/","name":"Brooks Canopy Jacket damen - Jacke l\u00e4uft- MioMioRun.com","isPartOf":{"@id":"https:\/\/www.miomiorun.com\/de\/#website"},"primaryImageOfPage":{"@id":"https:\/\/www.miomiorun.com\/de\/produkt\/canopy-jacket-damen\/#primaryimage"},"image":{"@id":"https:\/\/www.miomiorun.com\/de\/produkt\/canopy-jacket-damen\/#primaryimage"},"thumbnailUrl":"https:\/\/www.miomiorun.com\/app\/uploads\/2021\/05\/brooks-Canopy-Jacket-W-221427-679.jpg","datePublished":"2021-05-07T10:21:43+00:00","dateModified":"2025-11-02T08:08:43+00:00","description":"Die leichte und vielseitige Canopy-Jacke f\u00fcr Damen bietet Wind- und Wasserschutz und eine bequeme Passform","breadcrumb":{"@id":"https:\/\/www.miomiorun.com\/de\/produkt\/canopy-jacket-damen\/#breadcrumb"},"inLanguage":"de-DE","potentialAction":[{"@type":"ReadAction","target":["https:\/\/www.miomiorun.com\/de\/produkt\/canopy-jacket-damen\/"]}]},{"@type":"ImageObject","inLanguage":"de-DE","@id":"https:\/\/www.miomiorun.com\/de\/produkt\/canopy-jacket-damen\/#primaryimage","url":"https:\/\/www.miomiorun.com\/app\/uploads\/2021\/05\/brooks-Canopy-Jacket-W-221427-679.jpg","contentUrl":"https:\/\/www.miomiorun.com\/app\/uploads\/2021\/05\/brooks-Canopy-Jacket-W-221427-679.jpg","width":600,"height":600,"caption":"brooks canopy jacket donna"},{"@type":"BreadcrumbList","@id":"https:\/\/www.miomiorun.com\/de\/produkt\/canopy-jacket-damen\/#breadcrumb","itemListElement":[{"@type":"ListItem","position":1,"name":"Home","item":"https:\/\/www.miomiorun.com\/de\/"},{"@type":"ListItem","position":2,"name":"Shop","item":"https:\/\/www.miomiorun.com\/shop\/"},{"@type":"ListItem","position":3,"name":"Canopy Jacket damen"}]},{"@type":"WebSite","@id":"https:\/\/www.miomiorun.com\/de\/#website","url":"https:\/\/www.miomiorun.com\/de\/","name":"MioMioRun","description":"100% Lauf- und Trailshop","publisher":{"@id":"https:\/\/www.miomiorun.com\/de\/#organization"},"potentialAction":[{"@type":"SearchAction","target":{"@type":"EntryPoint","urlTemplate":"https:\/\/www.miomiorun.com\/de\/?s={search_term_string}"},"query-input":{"@type":"PropertyValueSpecification","valueRequired":true,"valueName":"search_term_string"}}],"inLanguage":"de-DE"},{"@type":"Organization","@id":"https:\/\/www.miomiorun.com\/de\/#organization","name":"MioMio Run","url":"https:\/\/www.miomiorun.com\/de\/","logo":{"@type":"ImageObject","inLanguage":"de-DE","@id":"https:\/\/www.miomiorun.com\/de\/#\/schema\/logo\/image\/","url":"https:\/\/www.miomiorun.com\/app\/uploads\/2019\/12\/logomio.png","contentUrl":"https:\/\/www.miomiorun.com\/app\/uploads\/2019\/12\/logomio.png","width":115,"height":82,"caption":"MioMio Run"},"image":{"@id":"https:\/\/www.miomiorun.com\/de\/#\/schema\/logo\/image\/"},"sameAs":["https:\/\/www.facebook.com\/miomiorun\/","https:\/\/www.instagram.com\/miomiorun\/"]}]}},"_links":{"self":[{"href":"https:\/\/www.miomiorun.com\/de\/wp-json\/wp\/v2\/product\/176393","targetHints":{"allow":["GET"]}}],"collection":[{"href":"https:\/\/www.miomiorun.com\/de\/wp-json\/wp\/v2\/product"}],"about":[{"href":"https:\/\/www.miomiorun.com\/de\/wp-json\/wp\/v2\/types\/product"}],"wp:featuredmedia":[{"embeddable":true,"href":"https:\/\/www.miomiorun.com\/de\/wp-json\/wp\/v2\/media\/55549"}],"wp:attachment":[{"href":"https:\/\/www.miomiorun.com\/de\/wp-json\/wp\/v2\/media?parent=176393"}],"wp:term":[{"taxonomy":"product_brand","embeddable":true,"href":"https:\/\/www.miomiorun.com\/de\/wp-json\/wp\/v2\/product_brand?post=176393"},{"taxonomy":"product_cat","embeddable":true,"href":"https:\/\/www.miomiorun.com\/de\/wp-json\/wp\/v2\/product_cat?post=176393"},{"taxonomy":"product_tag","embeddable":true,"href":"https:\/\/www.miomiorun.com\/de\/wp-json\/wp\/v2\/product_tag?post=176393"}],"curies":[{"name":"wp","href":"https:\/\/api.w.org\/{rel}","templated":true}]}}