{"id":176391,"date":"2021-05-15T19:10:44","date_gmt":"2021-05-15T17:10:44","guid":{"rendered":"https:\/\/miomiorun.com\/prodotto\/pro-hypervent-jacket-donna\/"},"modified":"2024-07-26T16:57:23","modified_gmt":"2024-07-26T14:57:23","slug":"pro-hypervent-jacket-damen","status":"publish","type":"product","link":"https:\/\/www.miomiorun.com\/de\/produkt\/pro-hypervent-jacket-damen\/","title":{"rendered":"Pro Hypervent Jacket damen"},"content":{"rendered":"<p id=\"tw-target-text\" class=\"tw-data-text tw-text-large XcVN5d tw-ta\" dir=\"ltr\" data-placeholder=\"Traduzione\"><span class=\"Y2IQFc\" lang=\"it\">Die Pro Hypervent Jacket ist eine hoch bel\u00fcftete, professionelle Laufjacke f\u00fcr L\u00e4ufer, die zielgerichtet trainieren.<\/span><\/p>\n<p id=\"tw-target-text\" class=\"tw-data-text tw-text-large XcVN5d tw-ta\" dir=\"ltr\" data-placeholder=\"Traduzione\"><span class=\"Y2IQFc\" lang=\"it\">Diese technisch fortschrittliche Laufjacke ist aus superweichem, leichtem Ripstop-Gewebe gefertigt, das bei hochintensivem Training unter windigen Bedingungen ein hervorragendes K\u00f6rpertemperaturmanagement bietet. Dar\u00fcber hinaus ist die Jacke mit Mesh an den Seiten und Bel\u00fcftungsbereichen im R\u00fccken und auf der Vorderseite ausgestattet, um die Atmungsaktivit\u00e4t zu erh\u00f6hen. Die Jacke kann mit ihrer Tasche und dem Rei\u00dfverschluss verpackt werden.<\/span><\/p>\n<p dir=\"ltr\" data-placeholder=\"Traduzione\">Die <span class=\"Y2IQFc\" lang=\"it\">Stoffe sind d\u00fcnn, superweich und au\u00dfergew\u00f6hnlich leicht und atmungsaktiv, um h\u00f6chste Funktionalit\u00e4t, Bel\u00fcftung und Komfort bei hohen Geschwindigkeiten und Langstreckenl\u00e4ufen unter hei\u00dfen Bedingungen zu gew\u00e4hrleisten<\/span>.<\/p>\n<h2 dir=\"ltr\" data-placeholder=\"Traduzione\">Produktmerkmale:<\/h2>\n<p id=\"tw-target-text\" class=\"tw-data-text tw-text-large XcVN5d tw-ta\" dir=\"ltr\" data-placeholder=\"Traduzione\"><span class=\"Y2IQFc\" lang=\"it\">&#8211; Superweiches, leichtes Ripstop-Gewebe<\/span><\/p>\n<p class=\"tw-data-text tw-text-large XcVN5d tw-ta\" dir=\"ltr\" data-placeholder=\"Traduzione\"><span class=\"Y2IQFc\" lang=\"it\">&#8211; Netzgewebe an den Seiten zur Bel\u00fcftung<\/span><\/p>\n<p class=\"tw-data-text tw-text-large XcVN5d tw-ta\" dir=\"ltr\" data-placeholder=\"Traduzione\"><span class=\"Y2IQFc\" lang=\"it\">&#8211; Packbar in eigener Rei\u00dfverschlusstasche<\/span><\/p>\n<p class=\"tw-data-text tw-text-large XcVN5d tw-ta\" dir=\"ltr\" data-placeholder=\"Traduzione\"><span class=\"Y2IQFc\" lang=\"it\">&#8211; Bel\u00fcftungsrei\u00dfverschluss an der oberen Vorderseite<\/span><\/p>\n<p class=\"tw-data-text tw-text-large XcVN5d tw-ta\" dir=\"ltr\" data-placeholder=\"Traduzione\"><span class=\"Y2IQFc\" lang=\"it\">&#8211; Verstellbarer Riemen oben am Kragen f\u00fcr eine gute Passform<\/span><\/p>\n<p class=\"tw-data-text tw-text-large XcVN5d tw-ta\" dir=\"ltr\" data-placeholder=\"Traduzione\"><span class=\"Y2IQFc\" lang=\"it\">&#8211; Reflektierende Details<\/span><\/p>\n<p dir=\"ltr\" data-placeholder=\"Traduzione\">\n<p dir=\"ltr\" data-placeholder=\"Traduzione\"><strong>Packbar<\/strong><\/p>\n<p dir=\"ltr\" data-placeholder=\"Traduzione\">\n<p dir=\"ltr\" data-placeholder=\"Traduzione\"><strong>Winddicht<\/strong><\/p>\n<p dir=\"ltr\" data-placeholder=\"Traduzione\">\n<p dir=\"ltr\" data-placeholder=\"Traduzione\"><strong>Leichtes Gewicht<\/strong><\/p>\n<p dir=\"ltr\" data-placeholder=\"Traduzione\"><strong>Material<\/strong>: 100% Polyester<\/p>\n<p dir=\"ltr\" data-placeholder=\"Traduzione\">Maschinenwaschbar bei 40 Grad<\/p>\n<p dir=\"ltr\" data-placeholder=\"Traduzione\">\n","protected":false},"excerpt":{"rendered":"<p>Die Pro Hypervent Jacket ist eine hoch bel\u00fcftete, professionelle Laufjacke f\u00fcr L\u00e4ufer, die zielgerichtet trainieren. Diese technisch fortschrittliche Laufjacke ist aus superweichem, leichtem Ripstop-Gewebe gefertigt, das bei hochintensivem Training unter windigen Bedingungen ein hervorragendes K\u00f6rpertemperaturmanagement bietet. Dar\u00fcber hinaus ist die Jacke mit Mesh an den Seiten und Bel\u00fcftungsbereichen im R\u00fccken und auf der Vorderseite ausgestattet, &hellip; <a href=\"https:\/\/www.miomiorun.com\/de\/produkt\/pro-hypervent-jacket-damen\/\">Continued<\/a><\/p>\n","protected":false},"featured_media":55757,"template":"","meta":{"_acf_changed":false,"inline_featured_image":false},"product_brand":[],"product_cat":[6400,6401,6404],"product_tag":[6304,6232],"class_list":{"0":"post-176391","1":"product","2":"type-product","3":"status-publish","4":"has-post-thumbnail","6":"product_cat-damen","7":"product_cat-damenbekleidung","8":"product_cat-damenjacken","9":"product_tag-craft-de","10":"product_tag-craft-damen-de","11":"pa_attivita-gehen","12":"pa_attivita-running-de","13":"pa_colore-pro-hypervent-jacket-w-dawn-multi-de","14":"pa_colore-pro-hypervent-jacket-w-black-roxo-de","15":"pa_colore-pro-hypervent-jacket-w-whisper-de","16":"pa_colore-pro-hypervent-jacket-w-white-de","17":"pa_marca-craft-de","18":"pa_sesso-damen","19":"pa_size-extra-small-de","20":"pa_size-small-de","21":"pa_size-medium-de","23":"first","24":"instock","25":"sale","26":"taxable","27":"shipping-taxable","28":"purchasable","29":"product-type-variable","30":"wvs-archive-product-wrapper"},"acf":[],"yoast_head":"<!-- This site is optimized with the Yoast SEO plugin v26.8 - https:\/\/yoast.com\/product\/yoast-seo-wordpress\/ -->\n<title>CraftPro Hypervent Jacket damen - Laufjacke - MioMioRun<\/title>\n<meta name=\"description\" content=\"Diese technisch fortschrittliche Laufjacke ist aus superweichem, leichtem und atmungsaktivem Ripstop-Gewebe gefertigt.\" \/>\n<meta name=\"robots\" content=\"index, follow, max-snippet:-1, max-image-preview:large, max-video-preview:-1\" \/>\n<link rel=\"canonical\" href=\"https:\/\/www.miomiorun.com\/de\/produkt\/pro-hypervent-jacket-damen\/\" \/>\n<meta property=\"og:locale\" content=\"de_DE\" \/>\n<meta property=\"og:type\" content=\"article\" \/>\n<meta property=\"og:title\" content=\"CraftPro Hypervent Jacket damen - Laufjacke - MioMioRun\" \/>\n<meta property=\"og:description\" content=\"Diese technisch fortschrittliche Laufjacke ist aus superweichem, leichtem und atmungsaktivem Ripstop-Gewebe gefertigt.\" \/>\n<meta property=\"og:url\" content=\"https:\/\/www.miomiorun.com\/de\/produkt\/pro-hypervent-jacket-damen\/\" \/>\n<meta property=\"og:site_name\" content=\"MioMioRun\" \/>\n<meta property=\"article:publisher\" content=\"https:\/\/www.facebook.com\/miomiorun\/\" \/>\n<meta property=\"article:modified_time\" content=\"2024-07-26T14:57:23+00:00\" \/>\n<meta property=\"og:image\" content=\"https:\/\/www.miomiorun.com\/app\/uploads\/2021\/05\/craft-pro-hypervent-jacket-1910427-904000.jpg\" \/>\n\t<meta property=\"og:image:width\" content=\"600\" \/>\n\t<meta property=\"og:image:height\" content=\"600\" \/>\n\t<meta property=\"og:image:type\" content=\"image\/jpeg\" \/>\n<meta name=\"twitter:card\" content=\"summary_large_image\" \/>\n<meta name=\"twitter:label1\" content=\"Est. reading time\" \/>\n\t<meta name=\"twitter:data1\" content=\"1 minute\" \/>\n<script type=\"application\/ld+json\" class=\"yoast-schema-graph\">{\"@context\":\"https:\/\/schema.org\",\"@graph\":[{\"@type\":\"WebPage\",\"@id\":\"https:\/\/www.miomiorun.com\/de\/produkt\/pro-hypervent-jacket-damen\/\",\"url\":\"https:\/\/www.miomiorun.com\/de\/produkt\/pro-hypervent-jacket-damen\/\",\"name\":\"CraftPro Hypervent Jacket damen - Laufjacke - MioMioRun\",\"isPartOf\":{\"@id\":\"https:\/\/www.miomiorun.com\/de\/#website\"},\"primaryImageOfPage\":{\"@id\":\"https:\/\/www.miomiorun.com\/de\/produkt\/pro-hypervent-jacket-damen\/#primaryimage\"},\"image\":{\"@id\":\"https:\/\/www.miomiorun.com\/de\/produkt\/pro-hypervent-jacket-damen\/#primaryimage\"},\"thumbnailUrl\":\"https:\/\/www.miomiorun.com\/app\/uploads\/2021\/05\/craft-pro-hypervent-jacket-1910427-904000.jpg\",\"datePublished\":\"2021-05-15T17:10:44+00:00\",\"dateModified\":\"2024-07-26T14:57:23+00:00\",\"description\":\"Diese technisch fortschrittliche Laufjacke ist aus superweichem, leichtem und atmungsaktivem Ripstop-Gewebe gefertigt.\",\"breadcrumb\":{\"@id\":\"https:\/\/www.miomiorun.com\/de\/produkt\/pro-hypervent-jacket-damen\/#breadcrumb\"},\"inLanguage\":\"de-DE\",\"potentialAction\":[{\"@type\":\"ReadAction\",\"target\":[\"https:\/\/www.miomiorun.com\/de\/produkt\/pro-hypervent-jacket-damen\/\"]}]},{\"@type\":\"ImageObject\",\"inLanguage\":\"de-DE\",\"@id\":\"https:\/\/www.miomiorun.com\/de\/produkt\/pro-hypervent-jacket-damen\/#primaryimage\",\"url\":\"https:\/\/www.miomiorun.com\/app\/uploads\/2021\/05\/craft-pro-hypervent-jacket-1910427-904000.jpg\",\"contentUrl\":\"https:\/\/www.miomiorun.com\/app\/uploads\/2021\/05\/craft-pro-hypervent-jacket-1910427-904000.jpg\",\"width\":600,\"height\":600,\"caption\":\"craft-pro-hypervent-jacket-1910427-904000\"},{\"@type\":\"BreadcrumbList\",\"@id\":\"https:\/\/www.miomiorun.com\/de\/produkt\/pro-hypervent-jacket-damen\/#breadcrumb\",\"itemListElement\":[{\"@type\":\"ListItem\",\"position\":1,\"name\":\"Home\",\"item\":\"https:\/\/www.miomiorun.com\/de\/\"},{\"@type\":\"ListItem\",\"position\":2,\"name\":\"Shop\",\"item\":\"https:\/\/www.miomiorun.com\/shop\/\"},{\"@type\":\"ListItem\",\"position\":3,\"name\":\"Pro Hypervent Jacket damen\"}]},{\"@type\":\"WebSite\",\"@id\":\"https:\/\/www.miomiorun.com\/de\/#website\",\"url\":\"https:\/\/www.miomiorun.com\/de\/\",\"name\":\"MioMioRun\",\"description\":\"100% Lauf- und Trailshop\",\"publisher\":{\"@id\":\"https:\/\/www.miomiorun.com\/de\/#organization\"},\"potentialAction\":[{\"@type\":\"SearchAction\",\"target\":{\"@type\":\"EntryPoint\",\"urlTemplate\":\"https:\/\/www.miomiorun.com\/de\/?s={search_term_string}\"},\"query-input\":{\"@type\":\"PropertyValueSpecification\",\"valueRequired\":true,\"valueName\":\"search_term_string\"}}],\"inLanguage\":\"de-DE\"},{\"@type\":\"Organization\",\"@id\":\"https:\/\/www.miomiorun.com\/de\/#organization\",\"name\":\"MioMio Run\",\"url\":\"https:\/\/www.miomiorun.com\/de\/\",\"logo\":{\"@type\":\"ImageObject\",\"inLanguage\":\"de-DE\",\"@id\":\"https:\/\/www.miomiorun.com\/de\/#\/schema\/logo\/image\/\",\"url\":\"https:\/\/www.miomiorun.com\/app\/uploads\/2019\/12\/logomio.png\",\"contentUrl\":\"https:\/\/www.miomiorun.com\/app\/uploads\/2019\/12\/logomio.png\",\"width\":115,\"height\":82,\"caption\":\"MioMio Run\"},\"image\":{\"@id\":\"https:\/\/www.miomiorun.com\/de\/#\/schema\/logo\/image\/\"},\"sameAs\":[\"https:\/\/www.facebook.com\/miomiorun\/\",\"https:\/\/www.instagram.com\/miomiorun\/\"]}]}<\/script>\n<!-- \/ Yoast SEO plugin. -->","yoast_head_json":{"title":"CraftPro Hypervent Jacket damen - Laufjacke - MioMioRun","description":"Diese technisch fortschrittliche Laufjacke ist aus superweichem, leichtem und atmungsaktivem Ripstop-Gewebe gefertigt.","robots":{"index":"index","follow":"follow","max-snippet":"max-snippet:-1","max-image-preview":"max-image-preview:large","max-video-preview":"max-video-preview:-1"},"canonical":"https:\/\/www.miomiorun.com\/de\/produkt\/pro-hypervent-jacket-damen\/","og_locale":"de_DE","og_type":"article","og_title":"CraftPro Hypervent Jacket damen - Laufjacke - MioMioRun","og_description":"Diese technisch fortschrittliche Laufjacke ist aus superweichem, leichtem und atmungsaktivem Ripstop-Gewebe gefertigt.","og_url":"https:\/\/www.miomiorun.com\/de\/produkt\/pro-hypervent-jacket-damen\/","og_site_name":"MioMioRun","article_publisher":"https:\/\/www.facebook.com\/miomiorun\/","article_modified_time":"2024-07-26T14:57:23+00:00","og_image":[{"width":600,"height":600,"url":"https:\/\/www.miomiorun.com\/app\/uploads\/2021\/05\/craft-pro-hypervent-jacket-1910427-904000.jpg","type":"image\/jpeg"}],"twitter_card":"summary_large_image","twitter_misc":{"Est. reading time":"1 minute"},"schema":{"@context":"https:\/\/schema.org","@graph":[{"@type":"WebPage","@id":"https:\/\/www.miomiorun.com\/de\/produkt\/pro-hypervent-jacket-damen\/","url":"https:\/\/www.miomiorun.com\/de\/produkt\/pro-hypervent-jacket-damen\/","name":"CraftPro Hypervent Jacket damen - Laufjacke - MioMioRun","isPartOf":{"@id":"https:\/\/www.miomiorun.com\/de\/#website"},"primaryImageOfPage":{"@id":"https:\/\/www.miomiorun.com\/de\/produkt\/pro-hypervent-jacket-damen\/#primaryimage"},"image":{"@id":"https:\/\/www.miomiorun.com\/de\/produkt\/pro-hypervent-jacket-damen\/#primaryimage"},"thumbnailUrl":"https:\/\/www.miomiorun.com\/app\/uploads\/2021\/05\/craft-pro-hypervent-jacket-1910427-904000.jpg","datePublished":"2021-05-15T17:10:44+00:00","dateModified":"2024-07-26T14:57:23+00:00","description":"Diese technisch fortschrittliche Laufjacke ist aus superweichem, leichtem und atmungsaktivem Ripstop-Gewebe gefertigt.","breadcrumb":{"@id":"https:\/\/www.miomiorun.com\/de\/produkt\/pro-hypervent-jacket-damen\/#breadcrumb"},"inLanguage":"de-DE","potentialAction":[{"@type":"ReadAction","target":["https:\/\/www.miomiorun.com\/de\/produkt\/pro-hypervent-jacket-damen\/"]}]},{"@type":"ImageObject","inLanguage":"de-DE","@id":"https:\/\/www.miomiorun.com\/de\/produkt\/pro-hypervent-jacket-damen\/#primaryimage","url":"https:\/\/www.miomiorun.com\/app\/uploads\/2021\/05\/craft-pro-hypervent-jacket-1910427-904000.jpg","contentUrl":"https:\/\/www.miomiorun.com\/app\/uploads\/2021\/05\/craft-pro-hypervent-jacket-1910427-904000.jpg","width":600,"height":600,"caption":"craft-pro-hypervent-jacket-1910427-904000"},{"@type":"BreadcrumbList","@id":"https:\/\/www.miomiorun.com\/de\/produkt\/pro-hypervent-jacket-damen\/#breadcrumb","itemListElement":[{"@type":"ListItem","position":1,"name":"Home","item":"https:\/\/www.miomiorun.com\/de\/"},{"@type":"ListItem","position":2,"name":"Shop","item":"https:\/\/www.miomiorun.com\/shop\/"},{"@type":"ListItem","position":3,"name":"Pro Hypervent Jacket damen"}]},{"@type":"WebSite","@id":"https:\/\/www.miomiorun.com\/de\/#website","url":"https:\/\/www.miomiorun.com\/de\/","name":"MioMioRun","description":"100% Lauf- und Trailshop","publisher":{"@id":"https:\/\/www.miomiorun.com\/de\/#organization"},"potentialAction":[{"@type":"SearchAction","target":{"@type":"EntryPoint","urlTemplate":"https:\/\/www.miomiorun.com\/de\/?s={search_term_string}"},"query-input":{"@type":"PropertyValueSpecification","valueRequired":true,"valueName":"search_term_string"}}],"inLanguage":"de-DE"},{"@type":"Organization","@id":"https:\/\/www.miomiorun.com\/de\/#organization","name":"MioMio Run","url":"https:\/\/www.miomiorun.com\/de\/","logo":{"@type":"ImageObject","inLanguage":"de-DE","@id":"https:\/\/www.miomiorun.com\/de\/#\/schema\/logo\/image\/","url":"https:\/\/www.miomiorun.com\/app\/uploads\/2019\/12\/logomio.png","contentUrl":"https:\/\/www.miomiorun.com\/app\/uploads\/2019\/12\/logomio.png","width":115,"height":82,"caption":"MioMio Run"},"image":{"@id":"https:\/\/www.miomiorun.com\/de\/#\/schema\/logo\/image\/"},"sameAs":["https:\/\/www.facebook.com\/miomiorun\/","https:\/\/www.instagram.com\/miomiorun\/"]}]}},"_links":{"self":[{"href":"https:\/\/www.miomiorun.com\/de\/wp-json\/wp\/v2\/product\/176391","targetHints":{"allow":["GET"]}}],"collection":[{"href":"https:\/\/www.miomiorun.com\/de\/wp-json\/wp\/v2\/product"}],"about":[{"href":"https:\/\/www.miomiorun.com\/de\/wp-json\/wp\/v2\/types\/product"}],"wp:featuredmedia":[{"embeddable":true,"href":"https:\/\/www.miomiorun.com\/de\/wp-json\/wp\/v2\/media\/55757"}],"wp:attachment":[{"href":"https:\/\/www.miomiorun.com\/de\/wp-json\/wp\/v2\/media?parent=176391"}],"wp:term":[{"taxonomy":"product_brand","embeddable":true,"href":"https:\/\/www.miomiorun.com\/de\/wp-json\/wp\/v2\/product_brand?post=176391"},{"taxonomy":"product_cat","embeddable":true,"href":"https:\/\/www.miomiorun.com\/de\/wp-json\/wp\/v2\/product_cat?post=176391"},{"taxonomy":"product_tag","embeddable":true,"href":"https:\/\/www.miomiorun.com\/de\/wp-json\/wp\/v2\/product_tag?post=176391"}],"curies":[{"name":"wp","href":"https:\/\/api.w.org\/{rel}","templated":true}]}}