{"id":176385,"date":"2021-09-18T12:14:10","date_gmt":"2021-09-18T10:14:10","guid":{"rendered":"https:\/\/miomiorun.com\/prodotto\/brooks-carbonite-jacket-donna\/"},"modified":"2024-07-11T16:14:02","modified_gmt":"2024-07-11T14:14:02","slug":"carbonite-jacket-damen","status":"publish","type":"product","link":"https:\/\/www.miomiorun.com\/de\/produkt\/carbonite-jacket-damen\/","title":{"rendered":"Carbonite jacket damen"},"content":{"rendered":"<p>Die <strong>Carbonite<\/strong> Jacke f\u00fcr Damen ist ideal f\u00fcr n\u00e4chtliche Ausfl\u00fcge bei k\u00fchlem Wetter. Sie ist auch ideal bei windigen Bedingungen oder zum Schutz vor leichtem Regen.<\/p>\n<p>Dank der 360-Grad-Sichtbarkeit kann sie zu jeder Tageszeit getragen werden.<\/p>\n<h3>Merkmale:<\/h3>\n<h4 id=\"tw-target-text\" class=\"tw-data-text tw-text-large XcVN5d tw-ta\" dir=\"ltr\" data-placeholder=\"Traduzione\"><span class=\"Y2IQFc\" lang=\"it\">Sichtbar in der Dunkelheit<\/span><\/h4>\n<p class=\"tw-data-text tw-text-large XcVN5d tw-ta\" dir=\"ltr\" data-placeholder=\"Traduzione\"><span class=\"Y2IQFc\" lang=\"it\">Die 3M\u2122 Scotchlite\u2122 Carbon Black Stretch-Reflexion in kritischen Bewegungszonen hilft Autofahrern, Sie bis zu einer Entfernung von 600 Metern als L\u00e4ufer zu erkennen.<\/span><\/p>\n<h4 id=\"tw-target-text\" class=\"tw-data-text tw-text-large XcVN5d tw-ta\" dir=\"ltr\" data-placeholder=\"Traduzione\"><span class=\"Y2IQFc\" lang=\"it\">Sichere Lagerung<\/span><\/h4>\n<p class=\"tw-data-text tw-text-large XcVN5d tw-ta\" dir=\"ltr\" data-placeholder=\"Traduzione\"><span class=\"Y2IQFc\" lang=\"it\">Zwei Rei\u00dfverschlusstaschen f\u00fcr die H\u00e4nde und eine Brusttasche halten Ihre Sachen an Ort und Stelle und dicht. Die Taschen sind so bemessen, dass sie Platz f\u00fcr Schl\u00fcssel, Bargeld, Karten oder Energiegels bieten. Einige Handys k\u00f6nnen passen, aber nicht alle.<\/span><\/p>\n<h4><span class=\"Y2IQFc\" lang=\"it\">Schutz vor Wind und Wasser<\/span><\/h4>\n<p><span class=\"Y2IQFc\" lang=\"it\">Das atmungsaktive DriLayer\u00ae Seal-Gewebe l\u00e4sst \u00fcbersch\u00fcssige W\u00e4rme entweichen, ohne die Elemente ins Innere zu lassen.<\/span><\/p>\n<ul>\n<li><span class=\"Y2IQFc\" lang=\"it\">\u00a0Wiederverwendbare, prellsichere Haube<\/span><\/li>\n<li><span class=\"Y2IQFc\" lang=\"it\">Druckkn\u00f6pfe halten die Jacke in Position, wenn sie zur Bel\u00fcftung ge\u00f6ffnet ist<\/span><\/li>\n<\/ul>\n<p>&nbsp;<\/p>\n<p>&nbsp;<\/p>\n","protected":false},"excerpt":{"rendered":"<p>Die Carbonite Jacke f\u00fcr Damen ist ideal f\u00fcr n\u00e4chtliche Ausfl\u00fcge bei k\u00fchlem Wetter. Sie ist auch ideal bei windigen Bedingungen oder zum Schutz vor leichtem Regen. Dank der 360-Grad-Sichtbarkeit kann sie zu jeder Tageszeit getragen werden. Merkmale: Sichtbar in der Dunkelheit Die 3M\u2122 Scotchlite\u2122 Carbon Black Stretch-Reflexion in kritischen Bewegungszonen hilft Autofahrern, Sie bis zu &hellip; <a href=\"https:\/\/www.miomiorun.com\/de\/produkt\/carbonite-jacket-damen\/\">Continued<\/a><\/p>\n","protected":false},"featured_media":58130,"template":"","meta":{"_acf_changed":false,"inline_featured_image":false},"product_brand":[],"product_cat":[6401,6404],"product_tag":[3362,6205],"class_list":{"0":"post-176385","1":"product","2":"type-product","3":"status-publish","4":"has-post-thumbnail","6":"product_cat-damenbekleidung","7":"product_cat-damenjacken","8":"product_tag-brooks-de","9":"product_tag-brooks-damen-de","10":"pa_attivita-gehen","11":"pa_attivita-running-de","12":"pa_marca-brooks-de","13":"pa_sesso-damen","14":"pa_size-extra-small-de","15":"pa_size-small-de","16":"pa_size-medium-de","18":"first","19":"instock","20":"taxable","21":"shipping-taxable","22":"purchasable","23":"product-type-variable","24":"wvs-archive-product-wrapper"},"acf":[],"yoast_head":"<!-- This site is optimized with the Yoast SEO plugin v26.8 - https:\/\/yoast.com\/product\/yoast-seo-wordpress\/ -->\n<title>Carbonite jacket damen - Laufjacke - MioMioRun<\/title>\n<meta name=\"description\" content=\"Die Damenjacke Carbonite ist ideal f\u00fcr n\u00e4chtliche Ausfl\u00fcge bei k\u00fchlem Wetter. Sie ist auch ideal bei windigen Bedingungen oder zum Schutz\" \/>\n<meta name=\"robots\" content=\"index, follow, max-snippet:-1, max-image-preview:large, max-video-preview:-1\" \/>\n<link rel=\"canonical\" href=\"https:\/\/www.miomiorun.com\/de\/produkt\/carbonite-jacket-damen\/\" \/>\n<meta property=\"og:locale\" content=\"de_DE\" \/>\n<meta property=\"og:type\" content=\"article\" \/>\n<meta property=\"og:title\" content=\"Carbonite jacket damen - Laufjacke - MioMioRun\" \/>\n<meta property=\"og:description\" content=\"Die Damenjacke Carbonite ist ideal f\u00fcr n\u00e4chtliche Ausfl\u00fcge bei k\u00fchlem Wetter. Sie ist auch ideal bei windigen Bedingungen oder zum Schutz\" \/>\n<meta property=\"og:url\" content=\"https:\/\/www.miomiorun.com\/de\/produkt\/carbonite-jacket-damen\/\" \/>\n<meta property=\"og:site_name\" content=\"MioMioRun\" \/>\n<meta property=\"article:publisher\" content=\"https:\/\/www.facebook.com\/miomiorun\/\" \/>\n<meta property=\"article:modified_time\" content=\"2024-07-11T14:14:02+00:00\" \/>\n<meta property=\"og:image\" content=\"https:\/\/www.miomiorun.com\/app\/uploads\/2021\/09\/brooks-carbonite-jacket-221493-030.jpg\" \/>\n\t<meta property=\"og:image:width\" content=\"600\" \/>\n\t<meta property=\"og:image:height\" content=\"600\" \/>\n\t<meta property=\"og:image:type\" content=\"image\/jpeg\" \/>\n<meta name=\"twitter:card\" content=\"summary_large_image\" \/>\n<meta name=\"twitter:label1\" content=\"Est. reading time\" \/>\n\t<meta name=\"twitter:data1\" content=\"1 minute\" \/>\n<script type=\"application\/ld+json\" class=\"yoast-schema-graph\">{\"@context\":\"https:\/\/schema.org\",\"@graph\":[{\"@type\":\"WebPage\",\"@id\":\"https:\/\/www.miomiorun.com\/de\/produkt\/carbonite-jacket-damen\/\",\"url\":\"https:\/\/www.miomiorun.com\/de\/produkt\/carbonite-jacket-damen\/\",\"name\":\"Carbonite jacket damen - Laufjacke - MioMioRun\",\"isPartOf\":{\"@id\":\"https:\/\/www.miomiorun.com\/de\/#website\"},\"primaryImageOfPage\":{\"@id\":\"https:\/\/www.miomiorun.com\/de\/produkt\/carbonite-jacket-damen\/#primaryimage\"},\"image\":{\"@id\":\"https:\/\/www.miomiorun.com\/de\/produkt\/carbonite-jacket-damen\/#primaryimage\"},\"thumbnailUrl\":\"https:\/\/www.miomiorun.com\/app\/uploads\/2021\/09\/brooks-carbonite-jacket-221493-030.jpg\",\"datePublished\":\"2021-09-18T10:14:10+00:00\",\"dateModified\":\"2024-07-11T14:14:02+00:00\",\"description\":\"Die Damenjacke Carbonite ist ideal f\u00fcr n\u00e4chtliche Ausfl\u00fcge bei k\u00fchlem Wetter. Sie ist auch ideal bei windigen Bedingungen oder zum Schutz\",\"breadcrumb\":{\"@id\":\"https:\/\/www.miomiorun.com\/de\/produkt\/carbonite-jacket-damen\/#breadcrumb\"},\"inLanguage\":\"de-DE\",\"potentialAction\":[{\"@type\":\"ReadAction\",\"target\":[\"https:\/\/www.miomiorun.com\/de\/produkt\/carbonite-jacket-damen\/\"]}]},{\"@type\":\"ImageObject\",\"inLanguage\":\"de-DE\",\"@id\":\"https:\/\/www.miomiorun.com\/de\/produkt\/carbonite-jacket-damen\/#primaryimage\",\"url\":\"https:\/\/www.miomiorun.com\/app\/uploads\/2021\/09\/brooks-carbonite-jacket-221493-030.jpg\",\"contentUrl\":\"https:\/\/www.miomiorun.com\/app\/uploads\/2021\/09\/brooks-carbonite-jacket-221493-030.jpg\",\"width\":600,\"height\":600,\"caption\":\"brooks-carbonite-jacket-221493-030\"},{\"@type\":\"BreadcrumbList\",\"@id\":\"https:\/\/www.miomiorun.com\/de\/produkt\/carbonite-jacket-damen\/#breadcrumb\",\"itemListElement\":[{\"@type\":\"ListItem\",\"position\":1,\"name\":\"Home\",\"item\":\"https:\/\/www.miomiorun.com\/de\/\"},{\"@type\":\"ListItem\",\"position\":2,\"name\":\"Shop\",\"item\":\"https:\/\/www.miomiorun.com\/shop\/\"},{\"@type\":\"ListItem\",\"position\":3,\"name\":\"Carbonite jacket damen\"}]},{\"@type\":\"WebSite\",\"@id\":\"https:\/\/www.miomiorun.com\/de\/#website\",\"url\":\"https:\/\/www.miomiorun.com\/de\/\",\"name\":\"MioMioRun\",\"description\":\"100% Lauf- und Trailshop\",\"publisher\":{\"@id\":\"https:\/\/www.miomiorun.com\/de\/#organization\"},\"potentialAction\":[{\"@type\":\"SearchAction\",\"target\":{\"@type\":\"EntryPoint\",\"urlTemplate\":\"https:\/\/www.miomiorun.com\/de\/?s={search_term_string}\"},\"query-input\":{\"@type\":\"PropertyValueSpecification\",\"valueRequired\":true,\"valueName\":\"search_term_string\"}}],\"inLanguage\":\"de-DE\"},{\"@type\":\"Organization\",\"@id\":\"https:\/\/www.miomiorun.com\/de\/#organization\",\"name\":\"MioMio Run\",\"url\":\"https:\/\/www.miomiorun.com\/de\/\",\"logo\":{\"@type\":\"ImageObject\",\"inLanguage\":\"de-DE\",\"@id\":\"https:\/\/www.miomiorun.com\/de\/#\/schema\/logo\/image\/\",\"url\":\"https:\/\/www.miomiorun.com\/app\/uploads\/2019\/12\/logomio.png\",\"contentUrl\":\"https:\/\/www.miomiorun.com\/app\/uploads\/2019\/12\/logomio.png\",\"width\":115,\"height\":82,\"caption\":\"MioMio Run\"},\"image\":{\"@id\":\"https:\/\/www.miomiorun.com\/de\/#\/schema\/logo\/image\/\"},\"sameAs\":[\"https:\/\/www.facebook.com\/miomiorun\/\",\"https:\/\/www.instagram.com\/miomiorun\/\"]}]}<\/script>\n<!-- \/ Yoast SEO plugin. -->","yoast_head_json":{"title":"Carbonite jacket damen - Laufjacke - MioMioRun","description":"Die Damenjacke Carbonite ist ideal f\u00fcr n\u00e4chtliche Ausfl\u00fcge bei k\u00fchlem Wetter. Sie ist auch ideal bei windigen Bedingungen oder zum Schutz","robots":{"index":"index","follow":"follow","max-snippet":"max-snippet:-1","max-image-preview":"max-image-preview:large","max-video-preview":"max-video-preview:-1"},"canonical":"https:\/\/www.miomiorun.com\/de\/produkt\/carbonite-jacket-damen\/","og_locale":"de_DE","og_type":"article","og_title":"Carbonite jacket damen - Laufjacke - MioMioRun","og_description":"Die Damenjacke Carbonite ist ideal f\u00fcr n\u00e4chtliche Ausfl\u00fcge bei k\u00fchlem Wetter. Sie ist auch ideal bei windigen Bedingungen oder zum Schutz","og_url":"https:\/\/www.miomiorun.com\/de\/produkt\/carbonite-jacket-damen\/","og_site_name":"MioMioRun","article_publisher":"https:\/\/www.facebook.com\/miomiorun\/","article_modified_time":"2024-07-11T14:14:02+00:00","og_image":[{"width":600,"height":600,"url":"https:\/\/www.miomiorun.com\/app\/uploads\/2021\/09\/brooks-carbonite-jacket-221493-030.jpg","type":"image\/jpeg"}],"twitter_card":"summary_large_image","twitter_misc":{"Est. reading time":"1 minute"},"schema":{"@context":"https:\/\/schema.org","@graph":[{"@type":"WebPage","@id":"https:\/\/www.miomiorun.com\/de\/produkt\/carbonite-jacket-damen\/","url":"https:\/\/www.miomiorun.com\/de\/produkt\/carbonite-jacket-damen\/","name":"Carbonite jacket damen - Laufjacke - MioMioRun","isPartOf":{"@id":"https:\/\/www.miomiorun.com\/de\/#website"},"primaryImageOfPage":{"@id":"https:\/\/www.miomiorun.com\/de\/produkt\/carbonite-jacket-damen\/#primaryimage"},"image":{"@id":"https:\/\/www.miomiorun.com\/de\/produkt\/carbonite-jacket-damen\/#primaryimage"},"thumbnailUrl":"https:\/\/www.miomiorun.com\/app\/uploads\/2021\/09\/brooks-carbonite-jacket-221493-030.jpg","datePublished":"2021-09-18T10:14:10+00:00","dateModified":"2024-07-11T14:14:02+00:00","description":"Die Damenjacke Carbonite ist ideal f\u00fcr n\u00e4chtliche Ausfl\u00fcge bei k\u00fchlem Wetter. Sie ist auch ideal bei windigen Bedingungen oder zum Schutz","breadcrumb":{"@id":"https:\/\/www.miomiorun.com\/de\/produkt\/carbonite-jacket-damen\/#breadcrumb"},"inLanguage":"de-DE","potentialAction":[{"@type":"ReadAction","target":["https:\/\/www.miomiorun.com\/de\/produkt\/carbonite-jacket-damen\/"]}]},{"@type":"ImageObject","inLanguage":"de-DE","@id":"https:\/\/www.miomiorun.com\/de\/produkt\/carbonite-jacket-damen\/#primaryimage","url":"https:\/\/www.miomiorun.com\/app\/uploads\/2021\/09\/brooks-carbonite-jacket-221493-030.jpg","contentUrl":"https:\/\/www.miomiorun.com\/app\/uploads\/2021\/09\/brooks-carbonite-jacket-221493-030.jpg","width":600,"height":600,"caption":"brooks-carbonite-jacket-221493-030"},{"@type":"BreadcrumbList","@id":"https:\/\/www.miomiorun.com\/de\/produkt\/carbonite-jacket-damen\/#breadcrumb","itemListElement":[{"@type":"ListItem","position":1,"name":"Home","item":"https:\/\/www.miomiorun.com\/de\/"},{"@type":"ListItem","position":2,"name":"Shop","item":"https:\/\/www.miomiorun.com\/shop\/"},{"@type":"ListItem","position":3,"name":"Carbonite jacket damen"}]},{"@type":"WebSite","@id":"https:\/\/www.miomiorun.com\/de\/#website","url":"https:\/\/www.miomiorun.com\/de\/","name":"MioMioRun","description":"100% Lauf- und Trailshop","publisher":{"@id":"https:\/\/www.miomiorun.com\/de\/#organization"},"potentialAction":[{"@type":"SearchAction","target":{"@type":"EntryPoint","urlTemplate":"https:\/\/www.miomiorun.com\/de\/?s={search_term_string}"},"query-input":{"@type":"PropertyValueSpecification","valueRequired":true,"valueName":"search_term_string"}}],"inLanguage":"de-DE"},{"@type":"Organization","@id":"https:\/\/www.miomiorun.com\/de\/#organization","name":"MioMio Run","url":"https:\/\/www.miomiorun.com\/de\/","logo":{"@type":"ImageObject","inLanguage":"de-DE","@id":"https:\/\/www.miomiorun.com\/de\/#\/schema\/logo\/image\/","url":"https:\/\/www.miomiorun.com\/app\/uploads\/2019\/12\/logomio.png","contentUrl":"https:\/\/www.miomiorun.com\/app\/uploads\/2019\/12\/logomio.png","width":115,"height":82,"caption":"MioMio Run"},"image":{"@id":"https:\/\/www.miomiorun.com\/de\/#\/schema\/logo\/image\/"},"sameAs":["https:\/\/www.facebook.com\/miomiorun\/","https:\/\/www.instagram.com\/miomiorun\/"]}]}},"_links":{"self":[{"href":"https:\/\/www.miomiorun.com\/de\/wp-json\/wp\/v2\/product\/176385","targetHints":{"allow":["GET"]}}],"collection":[{"href":"https:\/\/www.miomiorun.com\/de\/wp-json\/wp\/v2\/product"}],"about":[{"href":"https:\/\/www.miomiorun.com\/de\/wp-json\/wp\/v2\/types\/product"}],"wp:featuredmedia":[{"embeddable":true,"href":"https:\/\/www.miomiorun.com\/de\/wp-json\/wp\/v2\/media\/58130"}],"wp:attachment":[{"href":"https:\/\/www.miomiorun.com\/de\/wp-json\/wp\/v2\/media?parent=176385"}],"wp:term":[{"taxonomy":"product_brand","embeddable":true,"href":"https:\/\/www.miomiorun.com\/de\/wp-json\/wp\/v2\/product_brand?post=176385"},{"taxonomy":"product_cat","embeddable":true,"href":"https:\/\/www.miomiorun.com\/de\/wp-json\/wp\/v2\/product_cat?post=176385"},{"taxonomy":"product_tag","embeddable":true,"href":"https:\/\/www.miomiorun.com\/de\/wp-json\/wp\/v2\/product_tag?post=176385"}],"curies":[{"name":"wp","href":"https:\/\/api.w.org\/{rel}","templated":true}]}}