{"id":176324,"date":"2021-08-14T10:34:45","date_gmt":"2021-08-14T08:34:45","guid":{"rendered":"https:\/\/miomiorun.com\/prodotto\/craft-ctm-cn-ls-donna\/"},"modified":"2026-05-08T21:02:35","modified_gmt":"2026-05-08T19:02:35","slug":"ctm-cn-ls-damen","status":"publish","type":"product","link":"https:\/\/www.miomiorun.com\/de\/produkt\/ctm-cn-ls-damen\/","title":{"rendered":"CTM CN LS damen"},"content":{"rendered":"<p id=\"tw-target-text\" class=\"tw-data-text tw-text-large XcVN5d tw-ta\" dir=\"ltr\" data-placeholder=\"Traduzione\"><span class=\"Y2IQFc\" lang=\"it\">Das <strong>CTM CN LS<\/strong> f\u00fcr Damen ist auf die Bed\u00fcrfnisse von Weltmeisterinnen abgestimmt und wird von Profisportlerinnen getragen, die bei hochkar\u00e4tigen Veranstaltungen auf der ganzen Welt dominieren. Hervorragender Feuchtigkeitstransport, Bel\u00fcftung und Passform sowie ein au\u00dfergew\u00f6hnlich geringes Gewicht machen dieses Trikot zur perfekten Wahl f\u00fcr Athleten, die in jedem Aspekt ihres Trainings und Rennens nach Perfektion streben. <\/span><\/p>\n<p class=\"tw-data-text tw-text-large XcVN5d tw-ta\" dir=\"ltr\" data-placeholder=\"Traduzione\"><span class=\"Y2IQFc\" lang=\"it\">Dank der innovativen <strong>Warp Knit Seamless-Technologie<\/strong> verf\u00fcgt das <strong>CTM<\/strong> Base Layer \u00fcber ein einzigartiges 3D-Gestrick, das unvergleichliche Bewegungsfreiheit, Passform und Komfort bietet. Dieses technische Gestrick umfasst auch kreative, hochpr\u00e4zise K\u00f6rperabbildungen f\u00fcr ein au\u00dfergew\u00f6hnliches K\u00f6rpertemperaturmanagement. <\/span><\/p>\n<p class=\"tw-data-text tw-text-large XcVN5d tw-ta\" dir=\"ltr\" data-placeholder=\"Traduzione\"><span class=\"Y2IQFc\" lang=\"it\">Warp Knit Seamless ist eine revolution\u00e4re Stricktechnologie, die ein nahtloses Design von Sportbekleidung erm\u00f6glicht. Diese innovative Technologie, bei der die Kleidungsst\u00fccke in einem St\u00fcck gestrickt werden, garantiert einen effizienten Produktionsprozess mit minimalem Abfall. Au\u00dferdem k\u00f6nnen die Kleidungsst\u00fccke durch K\u00fcrzen von \u00c4rmeln, Beinen usw. individuell angepasst werden. Dank der einzigartigen Warp Knit Seamless-Technologie beh\u00e4lt das Kleidungsst\u00fcck seine Form, auch wenn Teile abgeschnitten werden.<\/span><\/p>\n<p dir=\"ltr\" data-placeholder=\"Traduzione\"><strong>Merkmale:<\/strong><\/p>\n<ul>\n<li dir=\"ltr\" data-placeholder=\"Traduzione\"><span class=\"Y2IQFc\" lang=\"it\">Authentisches professionelles Design<\/span><\/li>\n<li dir=\"ltr\" data-placeholder=\"Traduzione\"><span class=\"Y2IQFc\" lang=\"it\">Kettwirkung f\u00fcr optimale Bewegungsfreiheit<\/span><\/li>\n<\/ul>\n","protected":false},"excerpt":{"rendered":"<p>Das CTM CN LS f\u00fcr Damen ist auf die Bed\u00fcrfnisse von Weltmeisterinnen abgestimmt und wird von Profisportlerinnen getragen, die bei hochkar\u00e4tigen Veranstaltungen auf der ganzen Welt dominieren. Hervorragender Feuchtigkeitstransport, Bel\u00fcftung und Passform sowie ein au\u00dfergew\u00f6hnlich geringes Gewicht machen dieses Trikot zur perfekten Wahl f\u00fcr Athleten, die in jedem Aspekt ihres Trainings und Rennens nach Perfektion &hellip; <a href=\"https:\/\/www.miomiorun.com\/de\/produkt\/ctm-cn-ls-damen\/\">Continued<\/a><\/p>\n","protected":false},"featured_media":57758,"template":"","meta":{"_acf_changed":false,"inline_featured_image":false},"product_brand":[],"product_cat":[6401,6485],"product_tag":[6304,6232],"class_list":{"0":"post-176324","1":"product","2":"type-product","3":"status-publish","4":"has-post-thumbnail","6":"product_cat-damenbekleidung","7":"product_cat-damenwaesche-de","8":"product_tag-craft-de","9":"product_tag-craft-damen-de","10":"pa_attivita-gehen","11":"pa_attivita-outdoor-de","12":"pa_attivita-running-de","13":"pa_attivita-trail-de","14":"pa_marca-craft-de","15":"pa_sesso-damen","16":"pa_size-small-de","18":"first","19":"instock","20":"sale","21":"taxable","22":"shipping-taxable","23":"purchasable","24":"product-type-variable","25":"wvs-archive-product-wrapper"},"acf":[],"yoast_head":"<!-- This site is optimized with the Yoast SEO plugin v26.8 - https:\/\/yoast.com\/product\/yoast-seo-wordpress\/ -->\n<title>CraftCTM CN LS damen -Thermo-Unterw\u00e4sche - MioMioRun<\/title>\n<meta name=\"description\" content=\"Die CTM CN LS f\u00fcr Damen wird mit der innovativen Warp Knit Seamless-Technologie hergestellt und die CTM-Basisschicht verf\u00fcgt \u00fcber einen 3D-Strick.\" \/>\n<meta name=\"robots\" content=\"index, follow, max-snippet:-1, max-image-preview:large, max-video-preview:-1\" \/>\n<link rel=\"canonical\" href=\"https:\/\/www.miomiorun.com\/de\/produkt\/ctm-cn-ls-damen\/\" \/>\n<meta property=\"og:locale\" content=\"de_DE\" \/>\n<meta property=\"og:type\" content=\"article\" \/>\n<meta property=\"og:title\" content=\"CraftCTM CN LS damen -Thermo-Unterw\u00e4sche - MioMioRun\" \/>\n<meta property=\"og:description\" content=\"Die CTM CN LS f\u00fcr Damen wird mit der innovativen Warp Knit Seamless-Technologie hergestellt und die CTM-Basisschicht verf\u00fcgt \u00fcber einen 3D-Strick.\" \/>\n<meta property=\"og:url\" content=\"https:\/\/www.miomiorun.com\/de\/produkt\/ctm-cn-ls-damen\/\" \/>\n<meta property=\"og:site_name\" content=\"MioMioRun\" \/>\n<meta property=\"article:publisher\" content=\"https:\/\/www.facebook.com\/miomiorun\/\" \/>\n<meta property=\"article:modified_time\" content=\"2026-05-08T19:02:35+00:00\" \/>\n<meta property=\"og:image\" content=\"https:\/\/www.miomiorun.com\/app\/uploads\/2021\/08\/craft-CTM-RN-LS-1907861-999000.jpg\" \/>\n\t<meta property=\"og:image:width\" content=\"600\" \/>\n\t<meta property=\"og:image:height\" content=\"600\" \/>\n\t<meta property=\"og:image:type\" content=\"image\/jpeg\" \/>\n<meta name=\"twitter:card\" content=\"summary_large_image\" \/>\n<meta name=\"twitter:label1\" content=\"Est. reading time\" \/>\n\t<meta name=\"twitter:data1\" content=\"1 minute\" \/>\n<script type=\"application\/ld+json\" class=\"yoast-schema-graph\">{\"@context\":\"https:\/\/schema.org\",\"@graph\":[{\"@type\":\"WebPage\",\"@id\":\"https:\/\/www.miomiorun.com\/de\/produkt\/ctm-cn-ls-damen\/\",\"url\":\"https:\/\/www.miomiorun.com\/de\/produkt\/ctm-cn-ls-damen\/\",\"name\":\"CraftCTM CN LS damen -Thermo-Unterw\u00e4sche - MioMioRun\",\"isPartOf\":{\"@id\":\"https:\/\/www.miomiorun.com\/de\/#website\"},\"primaryImageOfPage\":{\"@id\":\"https:\/\/www.miomiorun.com\/de\/produkt\/ctm-cn-ls-damen\/#primaryimage\"},\"image\":{\"@id\":\"https:\/\/www.miomiorun.com\/de\/produkt\/ctm-cn-ls-damen\/#primaryimage\"},\"thumbnailUrl\":\"https:\/\/www.miomiorun.com\/app\/uploads\/2021\/08\/craft-CTM-RN-LS-1907861-999000.jpg\",\"datePublished\":\"2021-08-14T08:34:45+00:00\",\"dateModified\":\"2026-05-08T19:02:35+00:00\",\"description\":\"Die CTM CN LS f\u00fcr Damen wird mit der innovativen Warp Knit Seamless-Technologie hergestellt und die CTM-Basisschicht verf\u00fcgt \u00fcber einen 3D-Strick.\",\"breadcrumb\":{\"@id\":\"https:\/\/www.miomiorun.com\/de\/produkt\/ctm-cn-ls-damen\/#breadcrumb\"},\"inLanguage\":\"de-DE\",\"potentialAction\":[{\"@type\":\"ReadAction\",\"target\":[\"https:\/\/www.miomiorun.com\/de\/produkt\/ctm-cn-ls-damen\/\"]}]},{\"@type\":\"ImageObject\",\"inLanguage\":\"de-DE\",\"@id\":\"https:\/\/www.miomiorun.com\/de\/produkt\/ctm-cn-ls-damen\/#primaryimage\",\"url\":\"https:\/\/www.miomiorun.com\/app\/uploads\/2021\/08\/craft-CTM-RN-LS-1907861-999000.jpg\",\"contentUrl\":\"https:\/\/www.miomiorun.com\/app\/uploads\/2021\/08\/craft-CTM-RN-LS-1907861-999000.jpg\",\"width\":600,\"height\":600,\"caption\":\"craft ctm cn ls\"},{\"@type\":\"BreadcrumbList\",\"@id\":\"https:\/\/www.miomiorun.com\/de\/produkt\/ctm-cn-ls-damen\/#breadcrumb\",\"itemListElement\":[{\"@type\":\"ListItem\",\"position\":1,\"name\":\"Home\",\"item\":\"https:\/\/www.miomiorun.com\/de\/\"},{\"@type\":\"ListItem\",\"position\":2,\"name\":\"Shop\",\"item\":\"https:\/\/www.miomiorun.com\/shop\/\"},{\"@type\":\"ListItem\",\"position\":3,\"name\":\"CTM CN LS damen\"}]},{\"@type\":\"WebSite\",\"@id\":\"https:\/\/www.miomiorun.com\/de\/#website\",\"url\":\"https:\/\/www.miomiorun.com\/de\/\",\"name\":\"MioMioRun\",\"description\":\"100% Lauf- und Trailshop\",\"publisher\":{\"@id\":\"https:\/\/www.miomiorun.com\/de\/#organization\"},\"potentialAction\":[{\"@type\":\"SearchAction\",\"target\":{\"@type\":\"EntryPoint\",\"urlTemplate\":\"https:\/\/www.miomiorun.com\/de\/?s={search_term_string}\"},\"query-input\":{\"@type\":\"PropertyValueSpecification\",\"valueRequired\":true,\"valueName\":\"search_term_string\"}}],\"inLanguage\":\"de-DE\"},{\"@type\":\"Organization\",\"@id\":\"https:\/\/www.miomiorun.com\/de\/#organization\",\"name\":\"MioMio Run\",\"url\":\"https:\/\/www.miomiorun.com\/de\/\",\"logo\":{\"@type\":\"ImageObject\",\"inLanguage\":\"de-DE\",\"@id\":\"https:\/\/www.miomiorun.com\/de\/#\/schema\/logo\/image\/\",\"url\":\"https:\/\/www.miomiorun.com\/app\/uploads\/2019\/12\/logomio.png\",\"contentUrl\":\"https:\/\/www.miomiorun.com\/app\/uploads\/2019\/12\/logomio.png\",\"width\":115,\"height\":82,\"caption\":\"MioMio Run\"},\"image\":{\"@id\":\"https:\/\/www.miomiorun.com\/de\/#\/schema\/logo\/image\/\"},\"sameAs\":[\"https:\/\/www.facebook.com\/miomiorun\/\",\"https:\/\/www.instagram.com\/miomiorun\/\"]}]}<\/script>\n<!-- \/ Yoast SEO plugin. -->","yoast_head_json":{"title":"CraftCTM CN LS damen -Thermo-Unterw\u00e4sche - MioMioRun","description":"Die CTM CN LS f\u00fcr Damen wird mit der innovativen Warp Knit Seamless-Technologie hergestellt und die CTM-Basisschicht verf\u00fcgt \u00fcber einen 3D-Strick.","robots":{"index":"index","follow":"follow","max-snippet":"max-snippet:-1","max-image-preview":"max-image-preview:large","max-video-preview":"max-video-preview:-1"},"canonical":"https:\/\/www.miomiorun.com\/de\/produkt\/ctm-cn-ls-damen\/","og_locale":"de_DE","og_type":"article","og_title":"CraftCTM CN LS damen -Thermo-Unterw\u00e4sche - MioMioRun","og_description":"Die CTM CN LS f\u00fcr Damen wird mit der innovativen Warp Knit Seamless-Technologie hergestellt und die CTM-Basisschicht verf\u00fcgt \u00fcber einen 3D-Strick.","og_url":"https:\/\/www.miomiorun.com\/de\/produkt\/ctm-cn-ls-damen\/","og_site_name":"MioMioRun","article_publisher":"https:\/\/www.facebook.com\/miomiorun\/","article_modified_time":"2026-05-08T19:02:35+00:00","og_image":[{"width":600,"height":600,"url":"https:\/\/www.miomiorun.com\/app\/uploads\/2021\/08\/craft-CTM-RN-LS-1907861-999000.jpg","type":"image\/jpeg"}],"twitter_card":"summary_large_image","twitter_misc":{"Est. reading time":"1 minute"},"schema":{"@context":"https:\/\/schema.org","@graph":[{"@type":"WebPage","@id":"https:\/\/www.miomiorun.com\/de\/produkt\/ctm-cn-ls-damen\/","url":"https:\/\/www.miomiorun.com\/de\/produkt\/ctm-cn-ls-damen\/","name":"CraftCTM CN LS damen -Thermo-Unterw\u00e4sche - MioMioRun","isPartOf":{"@id":"https:\/\/www.miomiorun.com\/de\/#website"},"primaryImageOfPage":{"@id":"https:\/\/www.miomiorun.com\/de\/produkt\/ctm-cn-ls-damen\/#primaryimage"},"image":{"@id":"https:\/\/www.miomiorun.com\/de\/produkt\/ctm-cn-ls-damen\/#primaryimage"},"thumbnailUrl":"https:\/\/www.miomiorun.com\/app\/uploads\/2021\/08\/craft-CTM-RN-LS-1907861-999000.jpg","datePublished":"2021-08-14T08:34:45+00:00","dateModified":"2026-05-08T19:02:35+00:00","description":"Die CTM CN LS f\u00fcr Damen wird mit der innovativen Warp Knit Seamless-Technologie hergestellt und die CTM-Basisschicht verf\u00fcgt \u00fcber einen 3D-Strick.","breadcrumb":{"@id":"https:\/\/www.miomiorun.com\/de\/produkt\/ctm-cn-ls-damen\/#breadcrumb"},"inLanguage":"de-DE","potentialAction":[{"@type":"ReadAction","target":["https:\/\/www.miomiorun.com\/de\/produkt\/ctm-cn-ls-damen\/"]}]},{"@type":"ImageObject","inLanguage":"de-DE","@id":"https:\/\/www.miomiorun.com\/de\/produkt\/ctm-cn-ls-damen\/#primaryimage","url":"https:\/\/www.miomiorun.com\/app\/uploads\/2021\/08\/craft-CTM-RN-LS-1907861-999000.jpg","contentUrl":"https:\/\/www.miomiorun.com\/app\/uploads\/2021\/08\/craft-CTM-RN-LS-1907861-999000.jpg","width":600,"height":600,"caption":"craft ctm cn ls"},{"@type":"BreadcrumbList","@id":"https:\/\/www.miomiorun.com\/de\/produkt\/ctm-cn-ls-damen\/#breadcrumb","itemListElement":[{"@type":"ListItem","position":1,"name":"Home","item":"https:\/\/www.miomiorun.com\/de\/"},{"@type":"ListItem","position":2,"name":"Shop","item":"https:\/\/www.miomiorun.com\/shop\/"},{"@type":"ListItem","position":3,"name":"CTM CN LS damen"}]},{"@type":"WebSite","@id":"https:\/\/www.miomiorun.com\/de\/#website","url":"https:\/\/www.miomiorun.com\/de\/","name":"MioMioRun","description":"100% Lauf- und Trailshop","publisher":{"@id":"https:\/\/www.miomiorun.com\/de\/#organization"},"potentialAction":[{"@type":"SearchAction","target":{"@type":"EntryPoint","urlTemplate":"https:\/\/www.miomiorun.com\/de\/?s={search_term_string}"},"query-input":{"@type":"PropertyValueSpecification","valueRequired":true,"valueName":"search_term_string"}}],"inLanguage":"de-DE"},{"@type":"Organization","@id":"https:\/\/www.miomiorun.com\/de\/#organization","name":"MioMio Run","url":"https:\/\/www.miomiorun.com\/de\/","logo":{"@type":"ImageObject","inLanguage":"de-DE","@id":"https:\/\/www.miomiorun.com\/de\/#\/schema\/logo\/image\/","url":"https:\/\/www.miomiorun.com\/app\/uploads\/2019\/12\/logomio.png","contentUrl":"https:\/\/www.miomiorun.com\/app\/uploads\/2019\/12\/logomio.png","width":115,"height":82,"caption":"MioMio Run"},"image":{"@id":"https:\/\/www.miomiorun.com\/de\/#\/schema\/logo\/image\/"},"sameAs":["https:\/\/www.facebook.com\/miomiorun\/","https:\/\/www.instagram.com\/miomiorun\/"]}]}},"_links":{"self":[{"href":"https:\/\/www.miomiorun.com\/de\/wp-json\/wp\/v2\/product\/176324","targetHints":{"allow":["GET"]}}],"collection":[{"href":"https:\/\/www.miomiorun.com\/de\/wp-json\/wp\/v2\/product"}],"about":[{"href":"https:\/\/www.miomiorun.com\/de\/wp-json\/wp\/v2\/types\/product"}],"wp:featuredmedia":[{"embeddable":true,"href":"https:\/\/www.miomiorun.com\/de\/wp-json\/wp\/v2\/media\/57758"}],"wp:attachment":[{"href":"https:\/\/www.miomiorun.com\/de\/wp-json\/wp\/v2\/media?parent=176324"}],"wp:term":[{"taxonomy":"product_brand","embeddable":true,"href":"https:\/\/www.miomiorun.com\/de\/wp-json\/wp\/v2\/product_brand?post=176324"},{"taxonomy":"product_cat","embeddable":true,"href":"https:\/\/www.miomiorun.com\/de\/wp-json\/wp\/v2\/product_cat?post=176324"},{"taxonomy":"product_tag","embeddable":true,"href":"https:\/\/www.miomiorun.com\/de\/wp-json\/wp\/v2\/product_tag?post=176324"}],"curies":[{"name":"wp","href":"https:\/\/api.w.org\/{rel}","templated":true}]}}