{"id":176322,"date":"2020-06-06T15:59:46","date_gmt":"2020-06-06T13:59:46","guid":{"rendered":"https:\/\/miomiorun.com\/prodotto\/craft-fuseknit-light-rn-ss-donna\/"},"modified":"2024-07-26T17:07:11","modified_gmt":"2024-07-26T15:07:11","slug":"fuseknit-light-rn-ss-damen","status":"publish","type":"product","link":"https:\/\/www.miomiorun.com\/de\/produkt\/fuseknit-light-rn-ss-damen\/","title":{"rendered":"Fuseknit Light RN SS damen"},"content":{"rendered":"<p>D\u00fcnnes und leichtes T-Shirt f\u00fcr Training und Outdoor-Aktivit\u00e4ten.<\/p>\n<p>Das Fuseknit Light RN SS ist ein d\u00fcnnes und leichtes Lagen-T-Shirt, das beim Training und bei Outdoor-Aktivit\u00e4ten wie Wandern, Kanufahren und Reiten f\u00fcr hervorragende Bel\u00fcftung und Feuchtigkeitstransport sorgt. Das recycelte Polyester und das zeitlose Design reduzieren die Umweltbelastung, w\u00e4hrend die innovative Fuseknit-Technologie nahtloses Stricken mit strategischen N\u00e4hten kombiniert, um eine weiche und dehnbare Konstruktion zu schaffen.<\/p>\n<p>&#8211; D\u00fcnnes und leichtes Material (130 g\/m\u00b2) &#8211; Recyceltes Polyester &#8211; Effizienter Feuchtigkeitstransport &#8211; Nahtloses Fuseknit-Design f\u00fcr optimalen Komfort &#8211; Rundhalsausschnitt &#8211; Normale Passform<\/p>\n<h4>Stoff<\/h4>\n<p>70% Polyester, recycelt, 30% Polyester<\/p>\n<h4>Eigenschaften des Produkts<\/h4>\n<h5>Feuchtigkeitstransport<\/h5>\n<p>Transportiert die Feuchtigkeit von der Haut zur Au\u00dfenseite des Kleidungsst\u00fccks und h\u00e4lt Sie bei intensiven Trainingseinheiten k\u00fchl und trocken.<\/p>\n<h5>Nahtlos<\/h5>\n<p>Nahtloses Design, das Reibung verhindert und einen weichen Griff bietet.<\/p>\n<h4>Be Active<\/h4>\n<p>Be Active bietet ein optimales Temperaturmanagement beim Training in mittelkalten bis kalten Umgebungen.<\/p>\n","protected":false},"excerpt":{"rendered":"<p>D\u00fcnnes und leichtes T-Shirt f\u00fcr Training und Outdoor-Aktivit\u00e4ten. Das Fuseknit Light RN SS ist ein d\u00fcnnes und leichtes Lagen-T-Shirt, das beim Training und bei Outdoor-Aktivit\u00e4ten wie Wandern, Kanufahren und Reiten f\u00fcr hervorragende Bel\u00fcftung und Feuchtigkeitstransport sorgt. Das recycelte Polyester und das zeitlose Design reduzieren die Umweltbelastung, w\u00e4hrend die innovative Fuseknit-Technologie nahtloses Stricken mit strategischen N\u00e4hten &hellip; <a href=\"https:\/\/www.miomiorun.com\/de\/produkt\/fuseknit-light-rn-ss-damen\/\">Continued<\/a><\/p>\n","protected":false},"featured_media":52204,"template":"","meta":{"_acf_changed":false,"inline_featured_image":false},"product_brand":[],"product_cat":[6400,6401,6485],"product_tag":[6304,6232],"class_list":{"0":"post-176322","1":"product","2":"type-product","3":"status-publish","4":"has-post-thumbnail","6":"product_cat-damen","7":"product_cat-damenbekleidung","8":"product_cat-damenwaesche-de","9":"product_tag-craft-de","10":"product_tag-craft-damen-de","11":"pa_attivita-gehen","12":"pa_attivita-outdoor-de","13":"pa_attivita-running-de","14":"pa_attivita-trail-de","15":"pa_marca-craft-de","16":"pa_sesso-damen","17":"pa_size-medium-de","19":"first","20":"instock","21":"sale","22":"taxable","23":"shipping-taxable","24":"purchasable","25":"product-type-variable","26":"wvs-archive-product-wrapper"},"acf":[],"yoast_head":"<!-- This site is optimized with the Yoast SEO plugin v26.8 - https:\/\/yoast.com\/product\/yoast-seo-wordpress\/ -->\n<title>CraftFuseknit Light RN SS damen -Thermo-Unterw\u00e4sche- MioMioRun.com<\/title>\n<meta name=\"description\" content=\"Fuseknit Light RN SS ist ein d\u00fcnnes, leichtes Lagen-Shirt, das w\u00e4hrend des Trainings f\u00fcr hervorragende Bel\u00fcftung und Feuchtigkeitstransport sorgt\" \/>\n<meta name=\"robots\" content=\"index, follow, max-snippet:-1, max-image-preview:large, max-video-preview:-1\" \/>\n<link rel=\"canonical\" href=\"https:\/\/www.miomiorun.com\/de\/produkt\/fuseknit-light-rn-ss-damen\/\" \/>\n<meta property=\"og:locale\" content=\"de_DE\" \/>\n<meta property=\"og:type\" content=\"article\" \/>\n<meta property=\"og:title\" content=\"CraftFuseknit Light RN SS damen -Thermo-Unterw\u00e4sche- MioMioRun.com\" \/>\n<meta property=\"og:description\" content=\"Fuseknit Light RN SS ist ein d\u00fcnnes, leichtes Lagen-Shirt, das w\u00e4hrend des Trainings f\u00fcr hervorragende Bel\u00fcftung und Feuchtigkeitstransport sorgt\" \/>\n<meta property=\"og:url\" content=\"https:\/\/www.miomiorun.com\/de\/produkt\/fuseknit-light-rn-ss-damen\/\" \/>\n<meta property=\"og:site_name\" content=\"MioMioRun\" \/>\n<meta property=\"article:publisher\" content=\"https:\/\/www.facebook.com\/miomiorun\/\" \/>\n<meta property=\"article:modified_time\" content=\"2024-07-26T15:07:11+00:00\" \/>\n<meta property=\"og:image\" content=\"https:\/\/www.miomiorun.com\/app\/uploads\/2020\/06\/Fuseknit-Light-RN-SS-1908846-738000.jpg\" \/>\n\t<meta property=\"og:image:width\" content=\"600\" \/>\n\t<meta property=\"og:image:height\" content=\"600\" \/>\n\t<meta property=\"og:image:type\" content=\"image\/jpeg\" \/>\n<meta name=\"twitter:card\" content=\"summary_large_image\" \/>\n<meta name=\"twitter:label1\" content=\"Est. reading time\" \/>\n\t<meta name=\"twitter:data1\" content=\"1 minute\" \/>\n<script type=\"application\/ld+json\" class=\"yoast-schema-graph\">{\"@context\":\"https:\/\/schema.org\",\"@graph\":[{\"@type\":\"WebPage\",\"@id\":\"https:\/\/www.miomiorun.com\/de\/produkt\/fuseknit-light-rn-ss-damen\/\",\"url\":\"https:\/\/www.miomiorun.com\/de\/produkt\/fuseknit-light-rn-ss-damen\/\",\"name\":\"CraftFuseknit Light RN SS damen -Thermo-Unterw\u00e4sche- MioMioRun.com\",\"isPartOf\":{\"@id\":\"https:\/\/www.miomiorun.com\/de\/#website\"},\"primaryImageOfPage\":{\"@id\":\"https:\/\/www.miomiorun.com\/de\/produkt\/fuseknit-light-rn-ss-damen\/#primaryimage\"},\"image\":{\"@id\":\"https:\/\/www.miomiorun.com\/de\/produkt\/fuseknit-light-rn-ss-damen\/#primaryimage\"},\"thumbnailUrl\":\"https:\/\/www.miomiorun.com\/app\/uploads\/2020\/06\/Fuseknit-Light-RN-SS-1908846-738000.jpg\",\"datePublished\":\"2020-06-06T13:59:46+00:00\",\"dateModified\":\"2024-07-26T15:07:11+00:00\",\"description\":\"Fuseknit Light RN SS ist ein d\u00fcnnes, leichtes Lagen-Shirt, das w\u00e4hrend des Trainings f\u00fcr hervorragende Bel\u00fcftung und Feuchtigkeitstransport sorgt\",\"breadcrumb\":{\"@id\":\"https:\/\/www.miomiorun.com\/de\/produkt\/fuseknit-light-rn-ss-damen\/#breadcrumb\"},\"inLanguage\":\"de-DE\",\"potentialAction\":[{\"@type\":\"ReadAction\",\"target\":[\"https:\/\/www.miomiorun.com\/de\/produkt\/fuseknit-light-rn-ss-damen\/\"]}]},{\"@type\":\"ImageObject\",\"inLanguage\":\"de-DE\",\"@id\":\"https:\/\/www.miomiorun.com\/de\/produkt\/fuseknit-light-rn-ss-damen\/#primaryimage\",\"url\":\"https:\/\/www.miomiorun.com\/app\/uploads\/2020\/06\/Fuseknit-Light-RN-SS-1908846-738000.jpg\",\"contentUrl\":\"https:\/\/www.miomiorun.com\/app\/uploads\/2020\/06\/Fuseknit-Light-RN-SS-1908846-738000.jpg\",\"width\":600,\"height\":600,\"caption\":\"Fuseknit-Light-RN-SS-1908846-738000\"},{\"@type\":\"BreadcrumbList\",\"@id\":\"https:\/\/www.miomiorun.com\/de\/produkt\/fuseknit-light-rn-ss-damen\/#breadcrumb\",\"itemListElement\":[{\"@type\":\"ListItem\",\"position\":1,\"name\":\"Home\",\"item\":\"https:\/\/www.miomiorun.com\/de\/\"},{\"@type\":\"ListItem\",\"position\":2,\"name\":\"Shop\",\"item\":\"https:\/\/www.miomiorun.com\/shop\/\"},{\"@type\":\"ListItem\",\"position\":3,\"name\":\"Fuseknit Light RN SS damen\"}]},{\"@type\":\"WebSite\",\"@id\":\"https:\/\/www.miomiorun.com\/de\/#website\",\"url\":\"https:\/\/www.miomiorun.com\/de\/\",\"name\":\"MioMioRun\",\"description\":\"100% Lauf- und Trailshop\",\"publisher\":{\"@id\":\"https:\/\/www.miomiorun.com\/de\/#organization\"},\"potentialAction\":[{\"@type\":\"SearchAction\",\"target\":{\"@type\":\"EntryPoint\",\"urlTemplate\":\"https:\/\/www.miomiorun.com\/de\/?s={search_term_string}\"},\"query-input\":{\"@type\":\"PropertyValueSpecification\",\"valueRequired\":true,\"valueName\":\"search_term_string\"}}],\"inLanguage\":\"de-DE\"},{\"@type\":\"Organization\",\"@id\":\"https:\/\/www.miomiorun.com\/de\/#organization\",\"name\":\"MioMio Run\",\"url\":\"https:\/\/www.miomiorun.com\/de\/\",\"logo\":{\"@type\":\"ImageObject\",\"inLanguage\":\"de-DE\",\"@id\":\"https:\/\/www.miomiorun.com\/de\/#\/schema\/logo\/image\/\",\"url\":\"https:\/\/www.miomiorun.com\/app\/uploads\/2019\/12\/logomio.png\",\"contentUrl\":\"https:\/\/www.miomiorun.com\/app\/uploads\/2019\/12\/logomio.png\",\"width\":115,\"height\":82,\"caption\":\"MioMio Run\"},\"image\":{\"@id\":\"https:\/\/www.miomiorun.com\/de\/#\/schema\/logo\/image\/\"},\"sameAs\":[\"https:\/\/www.facebook.com\/miomiorun\/\",\"https:\/\/www.instagram.com\/miomiorun\/\"]}]}<\/script>\n<!-- \/ Yoast SEO plugin. -->","yoast_head_json":{"title":"CraftFuseknit Light RN SS damen -Thermo-Unterw\u00e4sche- MioMioRun.com","description":"Fuseknit Light RN SS ist ein d\u00fcnnes, leichtes Lagen-Shirt, das w\u00e4hrend des Trainings f\u00fcr hervorragende Bel\u00fcftung und Feuchtigkeitstransport sorgt","robots":{"index":"index","follow":"follow","max-snippet":"max-snippet:-1","max-image-preview":"max-image-preview:large","max-video-preview":"max-video-preview:-1"},"canonical":"https:\/\/www.miomiorun.com\/de\/produkt\/fuseknit-light-rn-ss-damen\/","og_locale":"de_DE","og_type":"article","og_title":"CraftFuseknit Light RN SS damen -Thermo-Unterw\u00e4sche- MioMioRun.com","og_description":"Fuseknit Light RN SS ist ein d\u00fcnnes, leichtes Lagen-Shirt, das w\u00e4hrend des Trainings f\u00fcr hervorragende Bel\u00fcftung und Feuchtigkeitstransport sorgt","og_url":"https:\/\/www.miomiorun.com\/de\/produkt\/fuseknit-light-rn-ss-damen\/","og_site_name":"MioMioRun","article_publisher":"https:\/\/www.facebook.com\/miomiorun\/","article_modified_time":"2024-07-26T15:07:11+00:00","og_image":[{"width":600,"height":600,"url":"https:\/\/www.miomiorun.com\/app\/uploads\/2020\/06\/Fuseknit-Light-RN-SS-1908846-738000.jpg","type":"image\/jpeg"}],"twitter_card":"summary_large_image","twitter_misc":{"Est. reading time":"1 minute"},"schema":{"@context":"https:\/\/schema.org","@graph":[{"@type":"WebPage","@id":"https:\/\/www.miomiorun.com\/de\/produkt\/fuseknit-light-rn-ss-damen\/","url":"https:\/\/www.miomiorun.com\/de\/produkt\/fuseknit-light-rn-ss-damen\/","name":"CraftFuseknit Light RN SS damen -Thermo-Unterw\u00e4sche- MioMioRun.com","isPartOf":{"@id":"https:\/\/www.miomiorun.com\/de\/#website"},"primaryImageOfPage":{"@id":"https:\/\/www.miomiorun.com\/de\/produkt\/fuseknit-light-rn-ss-damen\/#primaryimage"},"image":{"@id":"https:\/\/www.miomiorun.com\/de\/produkt\/fuseknit-light-rn-ss-damen\/#primaryimage"},"thumbnailUrl":"https:\/\/www.miomiorun.com\/app\/uploads\/2020\/06\/Fuseknit-Light-RN-SS-1908846-738000.jpg","datePublished":"2020-06-06T13:59:46+00:00","dateModified":"2024-07-26T15:07:11+00:00","description":"Fuseknit Light RN SS ist ein d\u00fcnnes, leichtes Lagen-Shirt, das w\u00e4hrend des Trainings f\u00fcr hervorragende Bel\u00fcftung und Feuchtigkeitstransport sorgt","breadcrumb":{"@id":"https:\/\/www.miomiorun.com\/de\/produkt\/fuseknit-light-rn-ss-damen\/#breadcrumb"},"inLanguage":"de-DE","potentialAction":[{"@type":"ReadAction","target":["https:\/\/www.miomiorun.com\/de\/produkt\/fuseknit-light-rn-ss-damen\/"]}]},{"@type":"ImageObject","inLanguage":"de-DE","@id":"https:\/\/www.miomiorun.com\/de\/produkt\/fuseknit-light-rn-ss-damen\/#primaryimage","url":"https:\/\/www.miomiorun.com\/app\/uploads\/2020\/06\/Fuseknit-Light-RN-SS-1908846-738000.jpg","contentUrl":"https:\/\/www.miomiorun.com\/app\/uploads\/2020\/06\/Fuseknit-Light-RN-SS-1908846-738000.jpg","width":600,"height":600,"caption":"Fuseknit-Light-RN-SS-1908846-738000"},{"@type":"BreadcrumbList","@id":"https:\/\/www.miomiorun.com\/de\/produkt\/fuseknit-light-rn-ss-damen\/#breadcrumb","itemListElement":[{"@type":"ListItem","position":1,"name":"Home","item":"https:\/\/www.miomiorun.com\/de\/"},{"@type":"ListItem","position":2,"name":"Shop","item":"https:\/\/www.miomiorun.com\/shop\/"},{"@type":"ListItem","position":3,"name":"Fuseknit Light RN SS damen"}]},{"@type":"WebSite","@id":"https:\/\/www.miomiorun.com\/de\/#website","url":"https:\/\/www.miomiorun.com\/de\/","name":"MioMioRun","description":"100% Lauf- und Trailshop","publisher":{"@id":"https:\/\/www.miomiorun.com\/de\/#organization"},"potentialAction":[{"@type":"SearchAction","target":{"@type":"EntryPoint","urlTemplate":"https:\/\/www.miomiorun.com\/de\/?s={search_term_string}"},"query-input":{"@type":"PropertyValueSpecification","valueRequired":true,"valueName":"search_term_string"}}],"inLanguage":"de-DE"},{"@type":"Organization","@id":"https:\/\/www.miomiorun.com\/de\/#organization","name":"MioMio Run","url":"https:\/\/www.miomiorun.com\/de\/","logo":{"@type":"ImageObject","inLanguage":"de-DE","@id":"https:\/\/www.miomiorun.com\/de\/#\/schema\/logo\/image\/","url":"https:\/\/www.miomiorun.com\/app\/uploads\/2019\/12\/logomio.png","contentUrl":"https:\/\/www.miomiorun.com\/app\/uploads\/2019\/12\/logomio.png","width":115,"height":82,"caption":"MioMio Run"},"image":{"@id":"https:\/\/www.miomiorun.com\/de\/#\/schema\/logo\/image\/"},"sameAs":["https:\/\/www.facebook.com\/miomiorun\/","https:\/\/www.instagram.com\/miomiorun\/"]}]}},"_links":{"self":[{"href":"https:\/\/www.miomiorun.com\/de\/wp-json\/wp\/v2\/product\/176322","targetHints":{"allow":["GET"]}}],"collection":[{"href":"https:\/\/www.miomiorun.com\/de\/wp-json\/wp\/v2\/product"}],"about":[{"href":"https:\/\/www.miomiorun.com\/de\/wp-json\/wp\/v2\/types\/product"}],"wp:featuredmedia":[{"embeddable":true,"href":"https:\/\/www.miomiorun.com\/de\/wp-json\/wp\/v2\/media\/52204"}],"wp:attachment":[{"href":"https:\/\/www.miomiorun.com\/de\/wp-json\/wp\/v2\/media?parent=176322"}],"wp:term":[{"taxonomy":"product_brand","embeddable":true,"href":"https:\/\/www.miomiorun.com\/de\/wp-json\/wp\/v2\/product_brand?post=176322"},{"taxonomy":"product_cat","embeddable":true,"href":"https:\/\/www.miomiorun.com\/de\/wp-json\/wp\/v2\/product_cat?post=176322"},{"taxonomy":"product_tag","embeddable":true,"href":"https:\/\/www.miomiorun.com\/de\/wp-json\/wp\/v2\/product_tag?post=176322"}],"curies":[{"name":"wp","href":"https:\/\/api.w.org\/{rel}","templated":true}]}}