{"id":176305,"date":"2020-10-09T10:12:12","date_gmt":"2020-10-09T08:12:12","guid":{"rendered":"https:\/\/miomiorun.com\/prodotto\/uyn-energyon-uw-shirt-donna\/"},"modified":"2024-07-26T17:10:46","modified_gmt":"2024-07-26T15:10:46","slug":"energyon-uw-shirt-damen","status":"publish","type":"product","link":"https:\/\/www.miomiorun.com\/de\/produkt\/energyon-uw-shirt-damen\/","title":{"rendered":"Energyon UW shirt damen"},"content":{"rendered":"<div id=\"tab-description\" class=\"tab-pane active\" role=\"tabpanel\">\n<div class=\"tab-custom\">\n<div class=\"tab-custom-inner-max content-wysiwyg\">\n<div class=\"tab-custom-inner-max content-wysiwyg\">\n<p>Das leichteste Unterw\u00e4sche-Trikot, das wir je hergestellt haben, entwickelt f\u00fcr sehr intensive sportliche Aktivit\u00e4ten mit starker Transpiration. Die h\u00f6chsten Atmungsaktivit\u00e4t Technologien sind in nur 80 Gramm konzentriert. L\u00f6cher mit unterschiedlichen Durchmessern, die in bestimmten Bereichen des Trikots platziert sind, dreidimensionale Mikrorippen und die kombinierte Verwendung von Polypropylen erzeugen einen au\u00dfergew\u00f6hnlichen Luftstrom \u00fcber der Haut. \u00dcbersch\u00fcssige K\u00f6rperw\u00e4rme wird sofort abgeleitet, ohne dass die Leistung des Sportlers beeintr\u00e4chtigt wird.<\/p>\n<ul>\n<li>Einwandfreie Logos<\/li>\n<li>Runder Halsausschnitt<\/li>\n<li>Elastische \u00c4rmelabschl\u00fcsse und Saum<\/li>\n<\/ul>\n<\/div>\n<div class=\"tab-custom-inner\">\n<div class=\"tab-custom-flex\">\n<div class=\"tab-custom-items\">\n<div class=\"tab-custom-item\">\n<div class=\"tab-custom-img\"><img loading=\"lazy\" decoding=\"async\" class=\"\" title=\"Low\" src=\"https:\/\/www.uynsports.com\/skin\/frontend\/uyn\/default\/images\/technologies\/insulations\/compressed\/low-insulation.png\" alt=\"Low\" width=\"121\" height=\"101\" \/> \u00a0\u00a0\u00a0\u00a0\u00a0\u00a0 <img loading=\"lazy\" decoding=\"async\" class=\"\" src=\"https:\/\/www.uynsports.com\/skin\/frontend\/uyn\/default\/images\/technologies\/fabric-properties\/compressed\/weight-72.jpg\" alt=\"Peso\" width=\"121\" height=\"121\" \/> \u00a0\u00a0\u00a0\u00a0\u00a0 <img loading=\"lazy\" decoding=\"async\" class=\"\" title=\"Garanzia di due anni\" src=\"https:\/\/www.uynsports.com\/skin\/frontend\/uyn\/default\/images\/compressed\/guarantee.png\" alt=\"Garanzia di due anni\" width=\"120\" height=\"120\" \/><\/div>\n<\/div>\n<\/div>\n<div class=\"tab-custom-items\">\n<div class=\"tab-custom-item\">\n<div class=\"tab-custom-item\">GewichtZwei Jahre Garantie<\/div>\n<\/div>\n<div><\/div>\n<\/div>\n<\/div>\n<\/div>\n<div class=\"tab-custom-inner-max content-wysiwyg\">\n<div class=\"product-line\">\n<p><img decoding=\"async\" class=\"line-image\" src=\"https:\/\/www.uynsports.com\/media\/wysiwyg\/lines\/resized-height-35\/logo-energyon.jpg\" alt=\"PI\u00d9 TI MUOVI, PI\u00d9 TI RINFRESCA\" \/><\/p>\n<h3>JE MEHR SIE SICH BEWEGEN, DESTO MEHR ERFRISCHT ES SIE<\/h3>\n<p>Setzen Sie Energie frei. Bringen Sie Ihren K\u00f6rper zu H\u00f6chstleistungen. Nehmen Sie an den intensivsten sportlichen Anstrengungen teil. Jetzt gibt es Energyon, die Unterw\u00e4sche, die so leicht ist, dass sie zu Luft wird. Dank Flowtunnels fortschrittlichem Thermoregulationssystem erzeugen Mikrol\u00f6cher und dreidimensionale Kan\u00e4le einen au\u00dfergew\u00f6hnlichen Luftstrom \u00fcber der Haut, der den K\u00f6rper k\u00fchlt und \u00fcbersch\u00fcssigen Schwei\u00df ableitet. Wir waren die Ersten, die es entwickelt haben: Mit uns geht Ihre Leistung in die Zukunft.<\/p>\n<div id=\"tab-technology\" class=\"tab-pane active\" role=\"tabpanel\">\n<div class=\"tab-custom\">\n<div class=\"tab-items\">\n<div class=\"row\">\n<div class=\"col-xs-12 col-sm-4\">\n<div class=\"tab-item\">\n<div class=\"media media-md\">\n<div class=\"media-left\"><img loading=\"lazy\" decoding=\"async\" class=\"\" src=\"https:\/\/images.prismic.io\/uynsports\/9d7cd200-90ae-403d-8db7-af365cf0be2b_Flowtunnels.png?auto=compress,format&amp;rect=0,0,473,473&amp;w=180&amp;h=180\" alt=\"Flowtunnels\" width=\"120\" height=\"120\" \/><\/div>\n<div class=\"media-body\">\n<div class=\"title\">Flowtunnels<\/div>\n<p>EIN NEUES BEL\u00dcFTUNGSKONZEPT<\/p>\n<p>Es reicht nicht aus, einfach L\u00f6cher in den Stoff zu stanzen, um eine bessere Bel\u00fcftung zu erreichen. Dank der innovativen Flowtunnels-Technologie werden die L\u00f6cher mit unterschiedlichen Durchmessern wissenschaftlich in den Bereichen mit hoher K\u00f6rperw\u00e4rmeproduktion verteilt. Die Perforation ist so konzipiert, dass das Gewebe leichter wird, ohne seine Festigkeits- und Elastizit\u00e4tseigenschaften zu beeintr\u00e4chtigen. Der Effekt ist zweifach: Die bei k\u00f6rperlicher Anstrengung entstehende Feuchtigkeit entweicht, w\u00e4hrend die Luft durch ein System dreidimensionaler Kan\u00e4le frei zwischen Haut und Gewebe zirkulieren kann, um zu k\u00fchlen und gleichzeitig zu isolieren.<\/p>\n<\/div>\n<\/div>\n<\/div>\n<\/div>\n<div class=\"col-xs-12 col-sm-4\">\n<div class=\"tab-item\">\n<div class=\"media media-md\">\n<div class=\"media-left\"><img loading=\"lazy\" decoding=\"async\" class=\"\" src=\"https:\/\/images.prismic.io\/uynsports\/9c2a8fa4936837a29a8c10868558177f06f4be86_hypermotion.jpg?auto=compress,format\" alt=\"Hypermotion\" width=\"120\" height=\"120\" \/><\/div>\n<div class=\"media-body\">\n<div class=\"title\">Hypermotion<\/div>\n<p>Ein einziger Stoffschlauch unterst\u00fctzt die richtige K\u00f6rperhaltung und bietet uneingeschr\u00e4nkte Bewegungsfreiheit.<\/p>\n<div id=\"tab-materials\" class=\"tab-pane active\" role=\"tabpanel\">\n<div class=\"tab-custom\">\n<div class=\"tab-custom-inner\">\n<div class=\"tab-custom-inner-max\">\n<div class=\"tab-items\">\n<div class=\"row\">\n<div class=\"col-xs-12\">\n<div class=\"tab-item\">\n<div class=\"media media-md\">\n<div class=\"media-left\"><img loading=\"lazy\" decoding=\"async\" class=\"\" src=\"https:\/\/images.prismic.io\/uynsports\/0798b590316646c1ed24fbe5b9f69ee455b740df_natex.jpg?auto=compress,format\" alt=\"NATEX\" width=\"120\" height=\"120\" \/><\/div>\n<div class=\"media-body\">\n<div class=\"title\">NATEX<\/div>\n<p>100 % NATURAL DERIVATION 100 % FUNKTIONAL Mit dem Spezialgarn NATEX stellt UYN die Natur in den Dienst Ihres Wohlbefindens. NATEX ist besonders leicht und reduziert das Gewicht des Kleidungsst\u00fccks um 25%. Kleidungsst\u00fccke aus NATEX trocknen bis zu 50 % schneller als Kleidungsst\u00fccke desselben Typs aus Nylon. Die 100% nat\u00fcrliche Bio-Faser ist elastischer und die bakteriostatische Wirkung minimiert die Geruchsbildung.<\/p>\n<\/div>\n<\/div>\n<\/div>\n<\/div>\n<\/div>\n<\/div>\n<\/div>\n<\/div>\n<\/div>\n<\/div>\n<\/div>\n<\/div>\n<\/div>\n<\/div>\n<\/div>\n<\/div>\n<\/div>\n<\/div>\n<\/div>\n<\/div>\n<\/div>\n<\/div>\n<\/div>\n","protected":false},"excerpt":{"rendered":"<p>Das leichteste Unterw\u00e4sche-Trikot, das wir je hergestellt haben, entwickelt f\u00fcr sehr intensive sportliche Aktivit\u00e4ten mit starker Transpiration. Die h\u00f6chsten Atmungsaktivit\u00e4t Technologien sind in nur 80 Gramm konzentriert. L\u00f6cher mit unterschiedlichen Durchmessern, die in bestimmten Bereichen des Trikots platziert sind, dreidimensionale Mikrorippen und die kombinierte Verwendung von Polypropylen erzeugen einen au\u00dfergew\u00f6hnlichen Luftstrom \u00fcber der Haut. \u00dcbersch\u00fcssige &hellip; <a href=\"https:\/\/www.miomiorun.com\/de\/produkt\/energyon-uw-shirt-damen\/\">Continued<\/a><\/p>\n","protected":false},"featured_media":53234,"template":"","meta":{"_acf_changed":false,"inline_featured_image":false},"product_brand":[],"product_cat":[6400,6401,6485],"product_tag":[6315,6291],"class_list":{"0":"post-176305","1":"product","2":"type-product","3":"status-publish","4":"has-post-thumbnail","6":"product_cat-damen","7":"product_cat-damenbekleidung","8":"product_cat-damenwaesche-de","9":"product_tag-uyn-de","10":"product_tag-uyn-damen-de","11":"pa_attivita-gehen","12":"pa_attivita-running-de","13":"pa_marca-uyn-de","14":"pa_sesso-damen","15":"pa_size-extra-small-de","17":"first","18":"instock","19":"sale","20":"taxable","21":"shipping-taxable","22":"purchasable","23":"product-type-variable","24":"wvs-archive-product-wrapper"},"acf":[],"yoast_head":"<!-- This site is optimized with the Yoast SEO plugin v26.8 - https:\/\/yoast.com\/product\/yoast-seo-wordpress\/ -->\n<title>Uyn Energyon UW shirt damen - Thermo-Unterw\u00e4sche - MioMioRun.com<\/title>\n<meta name=\"description\" content=\"Die leichteste Unterw\u00e4sche, entwickelt f\u00fcr sehr intensive sportliche Aktivit\u00e4ten mit starker Schwei\u00dfbildung. \u00dcbersch\u00fcssige K\u00f6rperw\u00e4rme wird sofort abgeleitet\" \/>\n<meta name=\"robots\" content=\"index, follow, max-snippet:-1, max-image-preview:large, max-video-preview:-1\" \/>\n<link rel=\"canonical\" href=\"https:\/\/www.miomiorun.com\/de\/produkt\/energyon-uw-shirt-damen\/\" \/>\n<meta property=\"og:locale\" content=\"de_DE\" \/>\n<meta property=\"og:type\" content=\"article\" \/>\n<meta property=\"og:title\" content=\"Uyn Energyon UW shirt damen - Thermo-Unterw\u00e4sche - MioMioRun.com\" \/>\n<meta property=\"og:description\" content=\"Die leichteste Unterw\u00e4sche, entwickelt f\u00fcr sehr intensive sportliche Aktivit\u00e4ten mit starker Schwei\u00dfbildung. \u00dcbersch\u00fcssige K\u00f6rperw\u00e4rme wird sofort abgeleitet\" \/>\n<meta property=\"og:url\" content=\"https:\/\/www.miomiorun.com\/de\/produkt\/energyon-uw-shirt-damen\/\" \/>\n<meta property=\"og:site_name\" content=\"MioMioRun\" \/>\n<meta property=\"article:publisher\" content=\"https:\/\/www.facebook.com\/miomiorun\/\" \/>\n<meta property=\"article:modified_time\" content=\"2024-07-26T15:10:46+00:00\" \/>\n<meta property=\"og:image\" content=\"https:\/\/www.miomiorun.com\/app\/uploads\/2020\/10\/Uyn-Lady-Energyon-UW-shirt-U100157-BLACK.jpg\" \/>\n\t<meta property=\"og:image:width\" content=\"600\" \/>\n\t<meta property=\"og:image:height\" content=\"600\" \/>\n\t<meta property=\"og:image:type\" content=\"image\/jpeg\" \/>\n<meta name=\"twitter:card\" content=\"summary_large_image\" \/>\n<meta name=\"twitter:label1\" content=\"Est. reading time\" \/>\n\t<meta name=\"twitter:data1\" content=\"2 minutes\" \/>\n<script type=\"application\/ld+json\" class=\"yoast-schema-graph\">{\"@context\":\"https:\/\/schema.org\",\"@graph\":[{\"@type\":\"WebPage\",\"@id\":\"https:\/\/www.miomiorun.com\/de\/produkt\/energyon-uw-shirt-damen\/\",\"url\":\"https:\/\/www.miomiorun.com\/de\/produkt\/energyon-uw-shirt-damen\/\",\"name\":\"Uyn Energyon UW shirt damen - Thermo-Unterw\u00e4sche - MioMioRun.com\",\"isPartOf\":{\"@id\":\"https:\/\/www.miomiorun.com\/de\/#website\"},\"primaryImageOfPage\":{\"@id\":\"https:\/\/www.miomiorun.com\/de\/produkt\/energyon-uw-shirt-damen\/#primaryimage\"},\"image\":{\"@id\":\"https:\/\/www.miomiorun.com\/de\/produkt\/energyon-uw-shirt-damen\/#primaryimage\"},\"thumbnailUrl\":\"https:\/\/www.miomiorun.com\/app\/uploads\/2020\/10\/Uyn-Lady-Energyon-UW-shirt-U100157-BLACK.jpg\",\"datePublished\":\"2020-10-09T08:12:12+00:00\",\"dateModified\":\"2024-07-26T15:10:46+00:00\",\"description\":\"Die leichteste Unterw\u00e4sche, entwickelt f\u00fcr sehr intensive sportliche Aktivit\u00e4ten mit starker Schwei\u00dfbildung. \u00dcbersch\u00fcssige K\u00f6rperw\u00e4rme wird sofort abgeleitet\",\"breadcrumb\":{\"@id\":\"https:\/\/www.miomiorun.com\/de\/produkt\/energyon-uw-shirt-damen\/#breadcrumb\"},\"inLanguage\":\"de-DE\",\"potentialAction\":[{\"@type\":\"ReadAction\",\"target\":[\"https:\/\/www.miomiorun.com\/de\/produkt\/energyon-uw-shirt-damen\/\"]}]},{\"@type\":\"ImageObject\",\"inLanguage\":\"de-DE\",\"@id\":\"https:\/\/www.miomiorun.com\/de\/produkt\/energyon-uw-shirt-damen\/#primaryimage\",\"url\":\"https:\/\/www.miomiorun.com\/app\/uploads\/2020\/10\/Uyn-Lady-Energyon-UW-shirt-U100157-BLACK.jpg\",\"contentUrl\":\"https:\/\/www.miomiorun.com\/app\/uploads\/2020\/10\/Uyn-Lady-Energyon-UW-shirt-U100157-BLACK.jpg\",\"width\":600,\"height\":600,\"caption\":\"Uyn-Lady-Energyon-UW-shirt-U100157-BLACK\"},{\"@type\":\"BreadcrumbList\",\"@id\":\"https:\/\/www.miomiorun.com\/de\/produkt\/energyon-uw-shirt-damen\/#breadcrumb\",\"itemListElement\":[{\"@type\":\"ListItem\",\"position\":1,\"name\":\"Home\",\"item\":\"https:\/\/www.miomiorun.com\/de\/\"},{\"@type\":\"ListItem\",\"position\":2,\"name\":\"Shop\",\"item\":\"https:\/\/www.miomiorun.com\/shop\/\"},{\"@type\":\"ListItem\",\"position\":3,\"name\":\"Energyon UW shirt damen\"}]},{\"@type\":\"WebSite\",\"@id\":\"https:\/\/www.miomiorun.com\/de\/#website\",\"url\":\"https:\/\/www.miomiorun.com\/de\/\",\"name\":\"MioMioRun\",\"description\":\"100% Lauf- und Trailshop\",\"publisher\":{\"@id\":\"https:\/\/www.miomiorun.com\/de\/#organization\"},\"potentialAction\":[{\"@type\":\"SearchAction\",\"target\":{\"@type\":\"EntryPoint\",\"urlTemplate\":\"https:\/\/www.miomiorun.com\/de\/?s={search_term_string}\"},\"query-input\":{\"@type\":\"PropertyValueSpecification\",\"valueRequired\":true,\"valueName\":\"search_term_string\"}}],\"inLanguage\":\"de-DE\"},{\"@type\":\"Organization\",\"@id\":\"https:\/\/www.miomiorun.com\/de\/#organization\",\"name\":\"MioMio Run\",\"url\":\"https:\/\/www.miomiorun.com\/de\/\",\"logo\":{\"@type\":\"ImageObject\",\"inLanguage\":\"de-DE\",\"@id\":\"https:\/\/www.miomiorun.com\/de\/#\/schema\/logo\/image\/\",\"url\":\"https:\/\/www.miomiorun.com\/app\/uploads\/2019\/12\/logomio.png\",\"contentUrl\":\"https:\/\/www.miomiorun.com\/app\/uploads\/2019\/12\/logomio.png\",\"width\":115,\"height\":82,\"caption\":\"MioMio Run\"},\"image\":{\"@id\":\"https:\/\/www.miomiorun.com\/de\/#\/schema\/logo\/image\/\"},\"sameAs\":[\"https:\/\/www.facebook.com\/miomiorun\/\",\"https:\/\/www.instagram.com\/miomiorun\/\"]}]}<\/script>\n<!-- \/ Yoast SEO plugin. -->","yoast_head_json":{"title":"Uyn Energyon UW shirt damen - Thermo-Unterw\u00e4sche - MioMioRun.com","description":"Die leichteste Unterw\u00e4sche, entwickelt f\u00fcr sehr intensive sportliche Aktivit\u00e4ten mit starker Schwei\u00dfbildung. \u00dcbersch\u00fcssige K\u00f6rperw\u00e4rme wird sofort abgeleitet","robots":{"index":"index","follow":"follow","max-snippet":"max-snippet:-1","max-image-preview":"max-image-preview:large","max-video-preview":"max-video-preview:-1"},"canonical":"https:\/\/www.miomiorun.com\/de\/produkt\/energyon-uw-shirt-damen\/","og_locale":"de_DE","og_type":"article","og_title":"Uyn Energyon UW shirt damen - Thermo-Unterw\u00e4sche - MioMioRun.com","og_description":"Die leichteste Unterw\u00e4sche, entwickelt f\u00fcr sehr intensive sportliche Aktivit\u00e4ten mit starker Schwei\u00dfbildung. \u00dcbersch\u00fcssige K\u00f6rperw\u00e4rme wird sofort abgeleitet","og_url":"https:\/\/www.miomiorun.com\/de\/produkt\/energyon-uw-shirt-damen\/","og_site_name":"MioMioRun","article_publisher":"https:\/\/www.facebook.com\/miomiorun\/","article_modified_time":"2024-07-26T15:10:46+00:00","og_image":[{"width":600,"height":600,"url":"https:\/\/www.miomiorun.com\/app\/uploads\/2020\/10\/Uyn-Lady-Energyon-UW-shirt-U100157-BLACK.jpg","type":"image\/jpeg"}],"twitter_card":"summary_large_image","twitter_misc":{"Est. reading time":"2 minutes"},"schema":{"@context":"https:\/\/schema.org","@graph":[{"@type":"WebPage","@id":"https:\/\/www.miomiorun.com\/de\/produkt\/energyon-uw-shirt-damen\/","url":"https:\/\/www.miomiorun.com\/de\/produkt\/energyon-uw-shirt-damen\/","name":"Uyn Energyon UW shirt damen - Thermo-Unterw\u00e4sche - MioMioRun.com","isPartOf":{"@id":"https:\/\/www.miomiorun.com\/de\/#website"},"primaryImageOfPage":{"@id":"https:\/\/www.miomiorun.com\/de\/produkt\/energyon-uw-shirt-damen\/#primaryimage"},"image":{"@id":"https:\/\/www.miomiorun.com\/de\/produkt\/energyon-uw-shirt-damen\/#primaryimage"},"thumbnailUrl":"https:\/\/www.miomiorun.com\/app\/uploads\/2020\/10\/Uyn-Lady-Energyon-UW-shirt-U100157-BLACK.jpg","datePublished":"2020-10-09T08:12:12+00:00","dateModified":"2024-07-26T15:10:46+00:00","description":"Die leichteste Unterw\u00e4sche, entwickelt f\u00fcr sehr intensive sportliche Aktivit\u00e4ten mit starker Schwei\u00dfbildung. \u00dcbersch\u00fcssige K\u00f6rperw\u00e4rme wird sofort abgeleitet","breadcrumb":{"@id":"https:\/\/www.miomiorun.com\/de\/produkt\/energyon-uw-shirt-damen\/#breadcrumb"},"inLanguage":"de-DE","potentialAction":[{"@type":"ReadAction","target":["https:\/\/www.miomiorun.com\/de\/produkt\/energyon-uw-shirt-damen\/"]}]},{"@type":"ImageObject","inLanguage":"de-DE","@id":"https:\/\/www.miomiorun.com\/de\/produkt\/energyon-uw-shirt-damen\/#primaryimage","url":"https:\/\/www.miomiorun.com\/app\/uploads\/2020\/10\/Uyn-Lady-Energyon-UW-shirt-U100157-BLACK.jpg","contentUrl":"https:\/\/www.miomiorun.com\/app\/uploads\/2020\/10\/Uyn-Lady-Energyon-UW-shirt-U100157-BLACK.jpg","width":600,"height":600,"caption":"Uyn-Lady-Energyon-UW-shirt-U100157-BLACK"},{"@type":"BreadcrumbList","@id":"https:\/\/www.miomiorun.com\/de\/produkt\/energyon-uw-shirt-damen\/#breadcrumb","itemListElement":[{"@type":"ListItem","position":1,"name":"Home","item":"https:\/\/www.miomiorun.com\/de\/"},{"@type":"ListItem","position":2,"name":"Shop","item":"https:\/\/www.miomiorun.com\/shop\/"},{"@type":"ListItem","position":3,"name":"Energyon UW shirt damen"}]},{"@type":"WebSite","@id":"https:\/\/www.miomiorun.com\/de\/#website","url":"https:\/\/www.miomiorun.com\/de\/","name":"MioMioRun","description":"100% Lauf- und Trailshop","publisher":{"@id":"https:\/\/www.miomiorun.com\/de\/#organization"},"potentialAction":[{"@type":"SearchAction","target":{"@type":"EntryPoint","urlTemplate":"https:\/\/www.miomiorun.com\/de\/?s={search_term_string}"},"query-input":{"@type":"PropertyValueSpecification","valueRequired":true,"valueName":"search_term_string"}}],"inLanguage":"de-DE"},{"@type":"Organization","@id":"https:\/\/www.miomiorun.com\/de\/#organization","name":"MioMio Run","url":"https:\/\/www.miomiorun.com\/de\/","logo":{"@type":"ImageObject","inLanguage":"de-DE","@id":"https:\/\/www.miomiorun.com\/de\/#\/schema\/logo\/image\/","url":"https:\/\/www.miomiorun.com\/app\/uploads\/2019\/12\/logomio.png","contentUrl":"https:\/\/www.miomiorun.com\/app\/uploads\/2019\/12\/logomio.png","width":115,"height":82,"caption":"MioMio Run"},"image":{"@id":"https:\/\/www.miomiorun.com\/de\/#\/schema\/logo\/image\/"},"sameAs":["https:\/\/www.facebook.com\/miomiorun\/","https:\/\/www.instagram.com\/miomiorun\/"]}]}},"_links":{"self":[{"href":"https:\/\/www.miomiorun.com\/de\/wp-json\/wp\/v2\/product\/176305","targetHints":{"allow":["GET"]}}],"collection":[{"href":"https:\/\/www.miomiorun.com\/de\/wp-json\/wp\/v2\/product"}],"about":[{"href":"https:\/\/www.miomiorun.com\/de\/wp-json\/wp\/v2\/types\/product"}],"wp:featuredmedia":[{"embeddable":true,"href":"https:\/\/www.miomiorun.com\/de\/wp-json\/wp\/v2\/media\/53234"}],"wp:attachment":[{"href":"https:\/\/www.miomiorun.com\/de\/wp-json\/wp\/v2\/media?parent=176305"}],"wp:term":[{"taxonomy":"product_brand","embeddable":true,"href":"https:\/\/www.miomiorun.com\/de\/wp-json\/wp\/v2\/product_brand?post=176305"},{"taxonomy":"product_cat","embeddable":true,"href":"https:\/\/www.miomiorun.com\/de\/wp-json\/wp\/v2\/product_cat?post=176305"},{"taxonomy":"product_tag","embeddable":true,"href":"https:\/\/www.miomiorun.com\/de\/wp-json\/wp\/v2\/product_tag?post=176305"}],"curies":[{"name":"wp","href":"https:\/\/api.w.org\/{rel}","templated":true}]}}