{"id":176303,"date":"2020-10-09T10:22:28","date_gmt":"2020-10-09T08:22:28","guid":{"rendered":"https:\/\/miomiorun.com\/prodotto\/uyn-energyon-uw-sleeveless-donna\/"},"modified":"2026-05-08T20:48:59","modified_gmt":"2026-05-08T18:48:59","slug":"energyon-uw-sleeveless-damen","status":"publish","type":"product","link":"https:\/\/www.miomiorun.com\/de\/produkt\/energyon-uw-sleeveless-damen\/","title":{"rendered":"Energyon UW sleeveless damen"},"content":{"rendered":"<div id=\"tab-description\" class=\"tab-pane active\" role=\"tabpanel\">\n<div class=\"tab-custom\">\n<div class=\"tab-custom-inner-max content-wysiwyg\">\n<div class=\"tab-custom-inner-max content-wysiwyg\">\n<p>Absoluter Komfort auch an sehr hei\u00dfen Tagen und bei energieintensiven Aktivit\u00e4ten? Jetzt ist es m\u00f6glich, dank dieser \u00e4rmellosen Trikot, das Flowtunnels Technologie enth\u00e4lt: die Verteilung der L\u00f6cher in den Bereichen der intensiven Schwei\u00df und die Kombination mit dreidimensionalen Kan\u00e4len erm\u00f6glicht eine unvergleichliche Bel\u00fcftung. Die anatomische Passform garantiert eine hervorragende Passform bei allen Bewegungen.<\/p>\n<p>&#8211; Logodruck &#8211; Rundhalsausschnitt &#8211; Elastischer Strick am Saum<\/p>\n<\/div>\n<div class=\"tab-custom-inner\">\n<div class=\"tab-custom-flex\">\n<div class=\"tab-custom-items\">\n<div class=\"tab-custom-item\">\n<div class=\"tab-custom-img\"><\/div>\n<\/div>\n<\/div>\n<div class=\"tab-custom-items\">\n<div class=\"tab-custom-item\">\n<div class=\"tab-custom-item\">JE MEHR DU DICH BEWEGST, DESTO MEHR ERFRISCHT ES DICH<\/div>\n<\/div>\n<\/div>\n<\/div>\n<\/div>\n<div class=\"tab-custom-inner-max content-wysiwyg\">\n<div class=\"product-line\">\n<p>Setzen Sie Energie frei. Bringen Sie Ihren K\u00f6rper zu H\u00f6chstleistungen. Nehmen Sie an den intensivsten sportlichen Anstrengungen teil. Jetzt gibt es Energyon, die Unterw\u00e4sche, die so leicht ist, dass sie zu Luft wird. Dank des fortschrittlichen Thermoregulierungssystems Flowtunnels erzeugen Mikrol\u00f6cher und dreidimensionale Kan\u00e4le einen au\u00dfergew\u00f6hnlichen Luftstrom \u00fcber der Haut, der den K\u00f6rper k\u00fchlt und \u00fcbersch\u00fcssigen Schwei\u00df ableitet. Wir waren die Ersten, die es entwickelt haben: Mit uns geht Ihre Leistung in die Zukunft.<\/p>\n<div id=\"tab-technology\" class=\"tab-pane active\" role=\"tabpanel\">\n<div class=\"tab-custom\">\n<div class=\"tab-items\">\n<div class=\"row\">\n<div class=\"col-xs-12 col-sm-4\">\n<div class=\"tab-item\">\n<div class=\"media media-md\">\n<div class=\"media-left\"><img loading=\"lazy\" decoding=\"async\" class=\"\" src=\"https:\/\/images.prismic.io\/uynsports\/9d7cd200-90ae-403d-8db7-af365cf0be2b_Flowtunnels.png?auto=compress,format&amp;rect=0,0,473,473&amp;w=180&amp;h=180\" alt=\"Flowtunnels\" width=\"120\" height=\"120\" \/><\/div>\n<div class=\"media-body\">\n<div class=\"title\">Flowtunnels<\/div>\n<p>EIN NEUES BEL\u00dcFTUNGSKONZEPT<\/p>\n<p>Es reicht nicht aus, einfach L\u00f6cher in den Stoff zu stanzen, um eine bessere Bel\u00fcftung zu erreichen. Dank der innovativen Flowtunnels-Technologie werden die L\u00f6cher mit unterschiedlichen Durchmessern wissenschaftlich in den Bereichen mit hoher K\u00f6rperw\u00e4rmeproduktion verteilt. Die Perforation ist so konzipiert, dass das Gewebe leichter wird, ohne seine Festigkeit und Elastizit\u00e4t zu beeintr\u00e4chtigen. Der Effekt ist doppelt: Die bei k\u00f6rperlicher Anstrengung entstehende Feuchtigkeit entweicht, w\u00e4hrend die Luft durch ein System dreidimensionaler Kan\u00e4le frei zwischen der Haut und dem Gewebe zirkulieren kann, um zu k\u00fchlen und gleichzeitig zu isolieren.<\/p>\n<div id=\"tab-materials\" class=\"tab-pane active\" role=\"tabpanel\">\n<div class=\"tab-custom\">\n<div class=\"tab-custom-inner\">\n<div class=\"tab-custom-inner-max\">\n<div class=\"tab-items\">\n<div class=\"row\">\n<div class=\"col-xs-12\">\n<div class=\"tab-item\">\n<div class=\"media media-md\">\n<div class=\"media-left\"><img loading=\"lazy\" decoding=\"async\" class=\"\" src=\"https:\/\/images.prismic.io\/uynsports\/0798b590316646c1ed24fbe5b9f69ee455b740df_natex.jpg?auto=compress,format\" alt=\"NATEX\" width=\"120\" height=\"120\" \/><\/div>\n<div class=\"media-body\">\n<div class=\"title\">NATEX<\/div>\n<p>100 % NATURAL DERIVATION 100 % FUNKTIONAL Mit dem Spezialgarn NATEX stellt UYN die Natur in den Dienst Ihres Wohlbefindens. NATEX ist besonders leicht und reduziert das Gewicht des Kleidungsst\u00fccks um 25%. Kleidungsst\u00fccke aus NATEX trocknen bis zu 50 % schneller als Kleidungsst\u00fccke desselben Typs aus Nylon. Die 100% nat\u00fcrliche Bio-Faser ist elastischer und die bakteriostatische Wirkung minimiert die Geruchsbildung.<\/p>\n<\/div>\n<\/div>\n<\/div>\n<\/div>\n<\/div>\n<\/div>\n<\/div>\n<\/div>\n<\/div>\n<\/div>\n<\/div>\n<\/div>\n<\/div>\n<\/div>\n<\/div>\n<\/div>\n<\/div>\n<\/div>\n<\/div>\n<\/div>\n<\/div>\n<\/div>\n<\/div>\n","protected":false},"excerpt":{"rendered":"<p>Absoluter Komfort auch an sehr hei\u00dfen Tagen und bei energieintensiven Aktivit\u00e4ten? Jetzt ist es m\u00f6glich, dank dieser \u00e4rmellosen Trikot, das Flowtunnels Technologie enth\u00e4lt: die Verteilung der L\u00f6cher in den Bereichen der intensiven Schwei\u00df und die Kombination mit dreidimensionalen Kan\u00e4len erm\u00f6glicht eine unvergleichliche Bel\u00fcftung. Die anatomische Passform garantiert eine hervorragende Passform bei allen Bewegungen. &#8211; Logodruck &hellip; <a href=\"https:\/\/www.miomiorun.com\/de\/produkt\/energyon-uw-sleeveless-damen\/\">Continued<\/a><\/p>\n","protected":false},"featured_media":53236,"template":"","meta":{"_acf_changed":false,"inline_featured_image":false},"product_brand":[],"product_cat":[6400,6401,6485],"product_tag":[6315,6291],"class_list":{"0":"post-176303","1":"product","2":"type-product","3":"status-publish","4":"has-post-thumbnail","6":"product_cat-damen","7":"product_cat-damenbekleidung","8":"product_cat-damenwaesche-de","9":"product_tag-uyn-de","10":"product_tag-uyn-damen-de","11":"pa_attivita-gehen","12":"pa_attivita-running-de","13":"pa_marca-uyn-de","14":"pa_sesso-damen","15":"pa_size-extra-small-de","17":"first","18":"instock","19":"sale","20":"taxable","21":"shipping-taxable","22":"purchasable","23":"product-type-variable","24":"wvs-archive-product-wrapper"},"acf":[],"yoast_head":"<!-- This site is optimized with the Yoast SEO plugin v26.8 - https:\/\/yoast.com\/product\/yoast-seo-wordpress\/ -->\n<title>Uyn Energyon UW sleeveless damen -Thermo-Unterw\u00e4sche - MioMioRun.com<\/title>\n<meta name=\"description\" content=\"\u00c4rmelloses Trikot mit Flowtunnels-Technologie: erm\u00f6glicht eine unvergleichliche Bel\u00fcftung. Anatomische Passform bietet hervorragende Haftung\" \/>\n<meta name=\"robots\" content=\"index, follow, max-snippet:-1, max-image-preview:large, max-video-preview:-1\" \/>\n<link rel=\"canonical\" href=\"https:\/\/www.miomiorun.com\/de\/produkt\/energyon-uw-sleeveless-damen\/\" \/>\n<meta property=\"og:locale\" content=\"de_DE\" \/>\n<meta property=\"og:type\" content=\"article\" \/>\n<meta property=\"og:title\" content=\"Uyn Energyon UW sleeveless damen -Thermo-Unterw\u00e4sche - MioMioRun.com\" \/>\n<meta property=\"og:description\" content=\"\u00c4rmelloses Trikot mit Flowtunnels-Technologie: erm\u00f6glicht eine unvergleichliche Bel\u00fcftung. Anatomische Passform bietet hervorragende Haftung\" \/>\n<meta property=\"og:url\" content=\"https:\/\/www.miomiorun.com\/de\/produkt\/energyon-uw-sleeveless-damen\/\" \/>\n<meta property=\"og:site_name\" content=\"MioMioRun\" \/>\n<meta property=\"article:publisher\" content=\"https:\/\/www.facebook.com\/miomiorun\/\" \/>\n<meta property=\"article:modified_time\" content=\"2026-05-08T18:48:59+00:00\" \/>\n<meta property=\"og:image\" content=\"https:\/\/www.miomiorun.com\/app\/uploads\/2020\/10\/Uyn-Lady-Energyon-UW-sleeveless-U100158-BLACK.jpg\" \/>\n\t<meta property=\"og:image:width\" content=\"600\" \/>\n\t<meta property=\"og:image:height\" content=\"600\" \/>\n\t<meta property=\"og:image:type\" content=\"image\/jpeg\" \/>\n<meta name=\"twitter:card\" content=\"summary_large_image\" \/>\n<meta name=\"twitter:label1\" content=\"Est. reading time\" \/>\n\t<meta name=\"twitter:data1\" content=\"2 minutes\" \/>\n<script type=\"application\/ld+json\" class=\"yoast-schema-graph\">{\"@context\":\"https:\/\/schema.org\",\"@graph\":[{\"@type\":\"WebPage\",\"@id\":\"https:\/\/www.miomiorun.com\/de\/produkt\/energyon-uw-sleeveless-damen\/\",\"url\":\"https:\/\/www.miomiorun.com\/de\/produkt\/energyon-uw-sleeveless-damen\/\",\"name\":\"Uyn Energyon UW sleeveless damen -Thermo-Unterw\u00e4sche - MioMioRun.com\",\"isPartOf\":{\"@id\":\"https:\/\/www.miomiorun.com\/de\/#website\"},\"primaryImageOfPage\":{\"@id\":\"https:\/\/www.miomiorun.com\/de\/produkt\/energyon-uw-sleeveless-damen\/#primaryimage\"},\"image\":{\"@id\":\"https:\/\/www.miomiorun.com\/de\/produkt\/energyon-uw-sleeveless-damen\/#primaryimage\"},\"thumbnailUrl\":\"https:\/\/www.miomiorun.com\/app\/uploads\/2020\/10\/Uyn-Lady-Energyon-UW-sleeveless-U100158-BLACK.jpg\",\"datePublished\":\"2020-10-09T08:22:28+00:00\",\"dateModified\":\"2026-05-08T18:48:59+00:00\",\"description\":\"\u00c4rmelloses Trikot mit Flowtunnels-Technologie: erm\u00f6glicht eine unvergleichliche Bel\u00fcftung. Anatomische Passform bietet hervorragende Haftung\",\"breadcrumb\":{\"@id\":\"https:\/\/www.miomiorun.com\/de\/produkt\/energyon-uw-sleeveless-damen\/#breadcrumb\"},\"inLanguage\":\"de-DE\",\"potentialAction\":[{\"@type\":\"ReadAction\",\"target\":[\"https:\/\/www.miomiorun.com\/de\/produkt\/energyon-uw-sleeveless-damen\/\"]}]},{\"@type\":\"ImageObject\",\"inLanguage\":\"de-DE\",\"@id\":\"https:\/\/www.miomiorun.com\/de\/produkt\/energyon-uw-sleeveless-damen\/#primaryimage\",\"url\":\"https:\/\/www.miomiorun.com\/app\/uploads\/2020\/10\/Uyn-Lady-Energyon-UW-sleeveless-U100158-BLACK.jpg\",\"contentUrl\":\"https:\/\/www.miomiorun.com\/app\/uploads\/2020\/10\/Uyn-Lady-Energyon-UW-sleeveless-U100158-BLACK.jpg\",\"width\":600,\"height\":600,\"caption\":\"Uyn-Lady-Energyon-UW-sleeveless-U100158-BLACK\"},{\"@type\":\"BreadcrumbList\",\"@id\":\"https:\/\/www.miomiorun.com\/de\/produkt\/energyon-uw-sleeveless-damen\/#breadcrumb\",\"itemListElement\":[{\"@type\":\"ListItem\",\"position\":1,\"name\":\"Home\",\"item\":\"https:\/\/www.miomiorun.com\/de\/\"},{\"@type\":\"ListItem\",\"position\":2,\"name\":\"Shop\",\"item\":\"https:\/\/www.miomiorun.com\/shop\/\"},{\"@type\":\"ListItem\",\"position\":3,\"name\":\"Energyon UW sleeveless damen\"}]},{\"@type\":\"WebSite\",\"@id\":\"https:\/\/www.miomiorun.com\/de\/#website\",\"url\":\"https:\/\/www.miomiorun.com\/de\/\",\"name\":\"MioMioRun\",\"description\":\"100% Lauf- und Trailshop\",\"publisher\":{\"@id\":\"https:\/\/www.miomiorun.com\/de\/#organization\"},\"potentialAction\":[{\"@type\":\"SearchAction\",\"target\":{\"@type\":\"EntryPoint\",\"urlTemplate\":\"https:\/\/www.miomiorun.com\/de\/?s={search_term_string}\"},\"query-input\":{\"@type\":\"PropertyValueSpecification\",\"valueRequired\":true,\"valueName\":\"search_term_string\"}}],\"inLanguage\":\"de-DE\"},{\"@type\":\"Organization\",\"@id\":\"https:\/\/www.miomiorun.com\/de\/#organization\",\"name\":\"MioMio Run\",\"url\":\"https:\/\/www.miomiorun.com\/de\/\",\"logo\":{\"@type\":\"ImageObject\",\"inLanguage\":\"de-DE\",\"@id\":\"https:\/\/www.miomiorun.com\/de\/#\/schema\/logo\/image\/\",\"url\":\"https:\/\/www.miomiorun.com\/app\/uploads\/2019\/12\/logomio.png\",\"contentUrl\":\"https:\/\/www.miomiorun.com\/app\/uploads\/2019\/12\/logomio.png\",\"width\":115,\"height\":82,\"caption\":\"MioMio Run\"},\"image\":{\"@id\":\"https:\/\/www.miomiorun.com\/de\/#\/schema\/logo\/image\/\"},\"sameAs\":[\"https:\/\/www.facebook.com\/miomiorun\/\",\"https:\/\/www.instagram.com\/miomiorun\/\"]}]}<\/script>\n<!-- \/ Yoast SEO plugin. -->","yoast_head_json":{"title":"Uyn Energyon UW sleeveless damen -Thermo-Unterw\u00e4sche - MioMioRun.com","description":"\u00c4rmelloses Trikot mit Flowtunnels-Technologie: erm\u00f6glicht eine unvergleichliche Bel\u00fcftung. Anatomische Passform bietet hervorragende Haftung","robots":{"index":"index","follow":"follow","max-snippet":"max-snippet:-1","max-image-preview":"max-image-preview:large","max-video-preview":"max-video-preview:-1"},"canonical":"https:\/\/www.miomiorun.com\/de\/produkt\/energyon-uw-sleeveless-damen\/","og_locale":"de_DE","og_type":"article","og_title":"Uyn Energyon UW sleeveless damen -Thermo-Unterw\u00e4sche - MioMioRun.com","og_description":"\u00c4rmelloses Trikot mit Flowtunnels-Technologie: erm\u00f6glicht eine unvergleichliche Bel\u00fcftung. Anatomische Passform bietet hervorragende Haftung","og_url":"https:\/\/www.miomiorun.com\/de\/produkt\/energyon-uw-sleeveless-damen\/","og_site_name":"MioMioRun","article_publisher":"https:\/\/www.facebook.com\/miomiorun\/","article_modified_time":"2026-05-08T18:48:59+00:00","og_image":[{"width":600,"height":600,"url":"https:\/\/www.miomiorun.com\/app\/uploads\/2020\/10\/Uyn-Lady-Energyon-UW-sleeveless-U100158-BLACK.jpg","type":"image\/jpeg"}],"twitter_card":"summary_large_image","twitter_misc":{"Est. reading time":"2 minutes"},"schema":{"@context":"https:\/\/schema.org","@graph":[{"@type":"WebPage","@id":"https:\/\/www.miomiorun.com\/de\/produkt\/energyon-uw-sleeveless-damen\/","url":"https:\/\/www.miomiorun.com\/de\/produkt\/energyon-uw-sleeveless-damen\/","name":"Uyn Energyon UW sleeveless damen -Thermo-Unterw\u00e4sche - MioMioRun.com","isPartOf":{"@id":"https:\/\/www.miomiorun.com\/de\/#website"},"primaryImageOfPage":{"@id":"https:\/\/www.miomiorun.com\/de\/produkt\/energyon-uw-sleeveless-damen\/#primaryimage"},"image":{"@id":"https:\/\/www.miomiorun.com\/de\/produkt\/energyon-uw-sleeveless-damen\/#primaryimage"},"thumbnailUrl":"https:\/\/www.miomiorun.com\/app\/uploads\/2020\/10\/Uyn-Lady-Energyon-UW-sleeveless-U100158-BLACK.jpg","datePublished":"2020-10-09T08:22:28+00:00","dateModified":"2026-05-08T18:48:59+00:00","description":"\u00c4rmelloses Trikot mit Flowtunnels-Technologie: erm\u00f6glicht eine unvergleichliche Bel\u00fcftung. Anatomische Passform bietet hervorragende Haftung","breadcrumb":{"@id":"https:\/\/www.miomiorun.com\/de\/produkt\/energyon-uw-sleeveless-damen\/#breadcrumb"},"inLanguage":"de-DE","potentialAction":[{"@type":"ReadAction","target":["https:\/\/www.miomiorun.com\/de\/produkt\/energyon-uw-sleeveless-damen\/"]}]},{"@type":"ImageObject","inLanguage":"de-DE","@id":"https:\/\/www.miomiorun.com\/de\/produkt\/energyon-uw-sleeveless-damen\/#primaryimage","url":"https:\/\/www.miomiorun.com\/app\/uploads\/2020\/10\/Uyn-Lady-Energyon-UW-sleeveless-U100158-BLACK.jpg","contentUrl":"https:\/\/www.miomiorun.com\/app\/uploads\/2020\/10\/Uyn-Lady-Energyon-UW-sleeveless-U100158-BLACK.jpg","width":600,"height":600,"caption":"Uyn-Lady-Energyon-UW-sleeveless-U100158-BLACK"},{"@type":"BreadcrumbList","@id":"https:\/\/www.miomiorun.com\/de\/produkt\/energyon-uw-sleeveless-damen\/#breadcrumb","itemListElement":[{"@type":"ListItem","position":1,"name":"Home","item":"https:\/\/www.miomiorun.com\/de\/"},{"@type":"ListItem","position":2,"name":"Shop","item":"https:\/\/www.miomiorun.com\/shop\/"},{"@type":"ListItem","position":3,"name":"Energyon UW sleeveless damen"}]},{"@type":"WebSite","@id":"https:\/\/www.miomiorun.com\/de\/#website","url":"https:\/\/www.miomiorun.com\/de\/","name":"MioMioRun","description":"100% Lauf- und Trailshop","publisher":{"@id":"https:\/\/www.miomiorun.com\/de\/#organization"},"potentialAction":[{"@type":"SearchAction","target":{"@type":"EntryPoint","urlTemplate":"https:\/\/www.miomiorun.com\/de\/?s={search_term_string}"},"query-input":{"@type":"PropertyValueSpecification","valueRequired":true,"valueName":"search_term_string"}}],"inLanguage":"de-DE"},{"@type":"Organization","@id":"https:\/\/www.miomiorun.com\/de\/#organization","name":"MioMio Run","url":"https:\/\/www.miomiorun.com\/de\/","logo":{"@type":"ImageObject","inLanguage":"de-DE","@id":"https:\/\/www.miomiorun.com\/de\/#\/schema\/logo\/image\/","url":"https:\/\/www.miomiorun.com\/app\/uploads\/2019\/12\/logomio.png","contentUrl":"https:\/\/www.miomiorun.com\/app\/uploads\/2019\/12\/logomio.png","width":115,"height":82,"caption":"MioMio Run"},"image":{"@id":"https:\/\/www.miomiorun.com\/de\/#\/schema\/logo\/image\/"},"sameAs":["https:\/\/www.facebook.com\/miomiorun\/","https:\/\/www.instagram.com\/miomiorun\/"]}]}},"_links":{"self":[{"href":"https:\/\/www.miomiorun.com\/de\/wp-json\/wp\/v2\/product\/176303","targetHints":{"allow":["GET"]}}],"collection":[{"href":"https:\/\/www.miomiorun.com\/de\/wp-json\/wp\/v2\/product"}],"about":[{"href":"https:\/\/www.miomiorun.com\/de\/wp-json\/wp\/v2\/types\/product"}],"wp:featuredmedia":[{"embeddable":true,"href":"https:\/\/www.miomiorun.com\/de\/wp-json\/wp\/v2\/media\/53236"}],"wp:attachment":[{"href":"https:\/\/www.miomiorun.com\/de\/wp-json\/wp\/v2\/media?parent=176303"}],"wp:term":[{"taxonomy":"product_brand","embeddable":true,"href":"https:\/\/www.miomiorun.com\/de\/wp-json\/wp\/v2\/product_brand?post=176303"},{"taxonomy":"product_cat","embeddable":true,"href":"https:\/\/www.miomiorun.com\/de\/wp-json\/wp\/v2\/product_cat?post=176303"},{"taxonomy":"product_tag","embeddable":true,"href":"https:\/\/www.miomiorun.com\/de\/wp-json\/wp\/v2\/product_tag?post=176303"}],"curies":[{"name":"wp","href":"https:\/\/api.w.org\/{rel}","templated":true}]}}