{"id":176301,"date":"2021-01-14T11:39:17","date_gmt":"2021-01-14T10:39:17","guid":{"rendered":"https:\/\/miomiorun.com\/prodotto\/craft-active-extreme-rn-ss-donna\/"},"modified":"2026-05-08T20:50:17","modified_gmt":"2026-05-08T18:50:17","slug":"active-extreme-rn-ss-damen","status":"publish","type":"product","link":"https:\/\/www.miomiorun.com\/de\/produkt\/active-extreme-rn-ss-damen\/","title":{"rendered":"Active Extreme RN SS damen"},"content":{"rendered":"<p>Das Active Extreme X RN SS ist ein hochfunktionelles Baselayer-Shirt, das f\u00fcr hochintensive Wettk\u00e4mpfe und Training bei milden bis kalten Winterbedingungen entwickelt wurde.<\/p>\n<p>Dieses leistungsstarke Kleidungsst\u00fcck kombiniert leichtes SEAQUAL-Polyester, Coolmax Air-Technologie und recyceltes Polyester, um ein au\u00dfergew\u00f6hnliches K\u00f6rpertemperaturmanagement bei hochintensiven Aktivit\u00e4ten zu gew\u00e4hrleisten. Dar\u00fcber hinaus verf\u00fcgt das Kleidungsst\u00fcck \u00fcber ein Waffelstrick-Design f\u00fcr verbesserten Feuchtigkeitstransport und Komfort. Gro\u00dfer Stretchanteil und eine ergonomische Passform sorgen f\u00fcr optimale Bewegungsfreiheit, w\u00e4hrend k\u00f6rpernahe Mesh-Eins\u00e4tze f\u00fcr zus\u00e4tzliche Bel\u00fcftung sorgen, wo sie am meisten ben\u00f6tigt wird. Ein bew\u00e4hrter Favorit bei Spitzensportlern und Alltagshelden.<\/p>\n<h3>\u00d6kologischer SEAQUAL-Stoff<\/h3>\n<p>Die SEAQUAL-Initiative k\u00e4mpft gegen die Plastikverschmutzung und tr\u00e4gt dazu bei, unsere Ozeane von Meeresm\u00fcll zu befreien und die Gesellschaft in Richtung Kreislaufwirtschaft zu f\u00fchren. Das Active Extreme X RN SS ist das Ergebnis unseres Bestrebens, die volle Verantwortung f\u00fcr die gesamte Wertsch\u00f6pfungskette zu \u00fcbernehmen. Es wird aus recyceltem Meereskunststoff hergestellt, einem zu 100 % recycelten Material. Das recycelte SEAQUAL-Gewebe ist nicht nur umweltfreundlich, sondern bietet auch einen hervorragenden Feuchtigkeitstransport und eine hervorragende Bel\u00fcftung.<\/p>\n<h3>Coolmax Air-Technologie<\/h3>\n<p>Coolmax Air Technology-Gewebe wurden entwickelt, um das nat\u00fcrliche Temperaturmanagement des K\u00f6rpers sowohl bei K\u00e4lte als auch bei Hitze zu optimieren. Das Gewebe besteht aus Polyesterfasern mit einem einzigartigen spiralf\u00f6rmigen Querschnitt und bietet eine hervorragende W\u00e4rmeregulierung f\u00fcr optimale Leistung. Tests haben gezeigt, dass Kleidungsst\u00fccke mit Coolmax Air-Technologie ein hervorragendes K\u00f6rpertemperaturmanagement, hohen Tragekomfort und einen ausgezeichneten Schnelltrocknungseffekt bieten.<\/p>\n<p>&#8211; D\u00fcnnes, leichtes und dehnbares Material &#8211; SEAQUAL-Polyester aus recyceltem Kunststoff &#8211; Coolmax Air-Technologie &#8211; Wabenf\u00f6rmiges Design f\u00fcr maximalen Feuchtigkeitstransport und Komfort &#8211; Mesh-Eins\u00e4tze an den Achseln f\u00fcr bessere Bel\u00fcftung &#8211; Flatlock-N\u00e4hte, die den K\u00f6rperbewegungen folgen &#8211; Eng anliegend &#8211; Feuchtigkeitstransport:<\/p>\n<p>5 von 5 &#8211; Aktivit\u00e4tsgrad: 5 von 5 &#8211; Temperatur: -5 \u00baC bis +10 \u00baC<\/p>\n<h3>Material:<\/h3>\n<p>40% SeaQual-Polyester 39% &#8220;Coolmax&#8221;-Polyester 21% recyceltes Polyester<\/p>\n<p>Maschinenw\u00e4sche bei 40 Grad.<\/p>\n","protected":false},"excerpt":{"rendered":"<p>Das Active Extreme X RN SS ist ein hochfunktionelles Baselayer-Shirt, das f\u00fcr hochintensive Wettk\u00e4mpfe und Training bei milden bis kalten Winterbedingungen entwickelt wurde. Dieses leistungsstarke Kleidungsst\u00fcck kombiniert leichtes SEAQUAL-Polyester, Coolmax Air-Technologie und recyceltes Polyester, um ein au\u00dfergew\u00f6hnliches K\u00f6rpertemperaturmanagement bei hochintensiven Aktivit\u00e4ten zu gew\u00e4hrleisten. Dar\u00fcber hinaus verf\u00fcgt das Kleidungsst\u00fcck \u00fcber ein Waffelstrick-Design f\u00fcr verbesserten Feuchtigkeitstransport und &hellip; <a href=\"https:\/\/www.miomiorun.com\/de\/produkt\/active-extreme-rn-ss-damen\/\">Continued<\/a><\/p>\n","protected":false},"featured_media":54096,"template":"","meta":{"_acf_changed":false,"inline_featured_image":false},"product_brand":[],"product_cat":[6400,6401,6485],"product_tag":[6304,6232],"class_list":{"0":"post-176301","1":"product","2":"type-product","3":"status-publish","4":"has-post-thumbnail","6":"product_cat-damen","7":"product_cat-damenbekleidung","8":"product_cat-damenwaesche-de","9":"product_tag-craft-de","10":"product_tag-craft-damen-de","11":"pa_attivita-gehen","12":"pa_attivita-outdoor-de","13":"pa_attivita-running-de","14":"pa_attivita-trail-de","15":"pa_colore-active-extreme-x-rn-ss-w-black-de","16":"pa_colore-active-extreme-x-rn-ss-w-white-de","17":"pa_marca-craft-de","18":"pa_sesso-damen","19":"pa_size-extra-small-de","20":"pa_size-small-de","21":"pa_size-medium-de","22":"pa_size-large-de","24":"first","25":"instock","26":"sale","27":"taxable","28":"shipping-taxable","29":"purchasable","30":"product-type-variable","31":"wvs-archive-product-wrapper"},"acf":[],"yoast_head":"<!-- This site is optimized with the Yoast SEO plugin v26.8 - https:\/\/yoast.com\/product\/yoast-seo-wordpress\/ -->\n<title>CraftActive Extreme RN SS damen - Thermo-Unterw\u00e4sche - MioMioRun.com<\/title>\n<meta name=\"description\" content=\"Active Extreme RN SS ist ein funktionelles Baselayer-Shirt, das f\u00fcr intensive Aktivit\u00e4ten bei milden bis kalten Temperaturen entwickelt wurde.\" \/>\n<meta name=\"robots\" content=\"index, follow, max-snippet:-1, max-image-preview:large, max-video-preview:-1\" \/>\n<link rel=\"canonical\" href=\"https:\/\/www.miomiorun.com\/de\/produkt\/active-extreme-rn-ss-damen\/\" \/>\n<meta property=\"og:locale\" content=\"de_DE\" \/>\n<meta property=\"og:type\" content=\"article\" \/>\n<meta property=\"og:title\" content=\"CraftActive Extreme RN SS damen - Thermo-Unterw\u00e4sche - MioMioRun.com\" \/>\n<meta property=\"og:description\" content=\"Active Extreme RN SS ist ein funktionelles Baselayer-Shirt, das f\u00fcr intensive Aktivit\u00e4ten bei milden bis kalten Temperaturen entwickelt wurde.\" \/>\n<meta property=\"og:url\" content=\"https:\/\/www.miomiorun.com\/de\/produkt\/active-extreme-rn-ss-damen\/\" \/>\n<meta property=\"og:site_name\" content=\"MioMioRun\" \/>\n<meta property=\"article:publisher\" content=\"https:\/\/www.facebook.com\/miomiorun\/\" \/>\n<meta property=\"article:modified_time\" content=\"2026-05-08T18:50:17+00:00\" \/>\n<meta property=\"og:image\" content=\"https:\/\/www.miomiorun.com\/app\/uploads\/2021\/01\/craft-Active-Extreme-X-RN-SS-1909672-999000.jpg\" \/>\n\t<meta property=\"og:image:width\" content=\"600\" \/>\n\t<meta property=\"og:image:height\" content=\"600\" \/>\n\t<meta property=\"og:image:type\" content=\"image\/jpeg\" \/>\n<meta name=\"twitter:card\" content=\"summary_large_image\" \/>\n<meta name=\"twitter:label1\" content=\"Est. reading time\" \/>\n\t<meta name=\"twitter:data1\" content=\"2 minutes\" \/>\n<script type=\"application\/ld+json\" class=\"yoast-schema-graph\">{\"@context\":\"https:\/\/schema.org\",\"@graph\":[{\"@type\":\"WebPage\",\"@id\":\"https:\/\/www.miomiorun.com\/de\/produkt\/active-extreme-rn-ss-damen\/\",\"url\":\"https:\/\/www.miomiorun.com\/de\/produkt\/active-extreme-rn-ss-damen\/\",\"name\":\"CraftActive Extreme RN SS damen - Thermo-Unterw\u00e4sche - MioMioRun.com\",\"isPartOf\":{\"@id\":\"https:\/\/www.miomiorun.com\/de\/#website\"},\"primaryImageOfPage\":{\"@id\":\"https:\/\/www.miomiorun.com\/de\/produkt\/active-extreme-rn-ss-damen\/#primaryimage\"},\"image\":{\"@id\":\"https:\/\/www.miomiorun.com\/de\/produkt\/active-extreme-rn-ss-damen\/#primaryimage\"},\"thumbnailUrl\":\"https:\/\/www.miomiorun.com\/app\/uploads\/2021\/01\/craft-Active-Extreme-X-RN-SS-1909672-999000.jpg\",\"datePublished\":\"2021-01-14T10:39:17+00:00\",\"dateModified\":\"2026-05-08T18:50:17+00:00\",\"description\":\"Active Extreme RN SS ist ein funktionelles Baselayer-Shirt, das f\u00fcr intensive Aktivit\u00e4ten bei milden bis kalten Temperaturen entwickelt wurde.\",\"breadcrumb\":{\"@id\":\"https:\/\/www.miomiorun.com\/de\/produkt\/active-extreme-rn-ss-damen\/#breadcrumb\"},\"inLanguage\":\"de-DE\",\"potentialAction\":[{\"@type\":\"ReadAction\",\"target\":[\"https:\/\/www.miomiorun.com\/de\/produkt\/active-extreme-rn-ss-damen\/\"]}]},{\"@type\":\"ImageObject\",\"inLanguage\":\"de-DE\",\"@id\":\"https:\/\/www.miomiorun.com\/de\/produkt\/active-extreme-rn-ss-damen\/#primaryimage\",\"url\":\"https:\/\/www.miomiorun.com\/app\/uploads\/2021\/01\/craft-Active-Extreme-X-RN-SS-1909672-999000.jpg\",\"contentUrl\":\"https:\/\/www.miomiorun.com\/app\/uploads\/2021\/01\/craft-Active-Extreme-X-RN-SS-1909672-999000.jpg\",\"width\":600,\"height\":600,\"caption\":\"craft active extreme x rn ss donna\"},{\"@type\":\"BreadcrumbList\",\"@id\":\"https:\/\/www.miomiorun.com\/de\/produkt\/active-extreme-rn-ss-damen\/#breadcrumb\",\"itemListElement\":[{\"@type\":\"ListItem\",\"position\":1,\"name\":\"Home\",\"item\":\"https:\/\/www.miomiorun.com\/de\/home-page\/\"},{\"@type\":\"ListItem\",\"position\":2,\"name\":\"Shop\",\"item\":\"https:\/\/www.miomiorun.com\/shop\/\"},{\"@type\":\"ListItem\",\"position\":3,\"name\":\"Active Extreme RN SS damen\"}]},{\"@type\":\"WebSite\",\"@id\":\"https:\/\/www.miomiorun.com\/de\/#website\",\"url\":\"https:\/\/www.miomiorun.com\/de\/\",\"name\":\"MioMioRun\",\"description\":\"100% Lauf- und Trailshop\",\"publisher\":{\"@id\":\"https:\/\/www.miomiorun.com\/de\/#organization\"},\"potentialAction\":[{\"@type\":\"SearchAction\",\"target\":{\"@type\":\"EntryPoint\",\"urlTemplate\":\"https:\/\/www.miomiorun.com\/de\/?s={search_term_string}\"},\"query-input\":{\"@type\":\"PropertyValueSpecification\",\"valueRequired\":true,\"valueName\":\"search_term_string\"}}],\"inLanguage\":\"de-DE\"},{\"@type\":\"Organization\",\"@id\":\"https:\/\/www.miomiorun.com\/de\/#organization\",\"name\":\"MioMio Run\",\"url\":\"https:\/\/www.miomiorun.com\/de\/\",\"logo\":{\"@type\":\"ImageObject\",\"inLanguage\":\"de-DE\",\"@id\":\"https:\/\/www.miomiorun.com\/de\/#\/schema\/logo\/image\/\",\"url\":\"https:\/\/www.miomiorun.com\/app\/uploads\/2019\/12\/logomio.png\",\"contentUrl\":\"https:\/\/www.miomiorun.com\/app\/uploads\/2019\/12\/logomio.png\",\"width\":115,\"height\":82,\"caption\":\"MioMio Run\"},\"image\":{\"@id\":\"https:\/\/www.miomiorun.com\/de\/#\/schema\/logo\/image\/\"},\"sameAs\":[\"https:\/\/www.facebook.com\/miomiorun\/\",\"https:\/\/www.instagram.com\/miomiorun\/\"]}]}<\/script>\n<!-- \/ Yoast SEO plugin. -->","yoast_head_json":{"title":"CraftActive Extreme RN SS damen - Thermo-Unterw\u00e4sche - MioMioRun.com","description":"Active Extreme RN SS ist ein funktionelles Baselayer-Shirt, das f\u00fcr intensive Aktivit\u00e4ten bei milden bis kalten Temperaturen entwickelt wurde.","robots":{"index":"index","follow":"follow","max-snippet":"max-snippet:-1","max-image-preview":"max-image-preview:large","max-video-preview":"max-video-preview:-1"},"canonical":"https:\/\/www.miomiorun.com\/de\/produkt\/active-extreme-rn-ss-damen\/","og_locale":"de_DE","og_type":"article","og_title":"CraftActive Extreme RN SS damen - Thermo-Unterw\u00e4sche - MioMioRun.com","og_description":"Active Extreme RN SS ist ein funktionelles Baselayer-Shirt, das f\u00fcr intensive Aktivit\u00e4ten bei milden bis kalten Temperaturen entwickelt wurde.","og_url":"https:\/\/www.miomiorun.com\/de\/produkt\/active-extreme-rn-ss-damen\/","og_site_name":"MioMioRun","article_publisher":"https:\/\/www.facebook.com\/miomiorun\/","article_modified_time":"2026-05-08T18:50:17+00:00","og_image":[{"width":600,"height":600,"url":"https:\/\/www.miomiorun.com\/app\/uploads\/2021\/01\/craft-Active-Extreme-X-RN-SS-1909672-999000.jpg","type":"image\/jpeg"}],"twitter_card":"summary_large_image","twitter_misc":{"Est. reading time":"2 minutes"},"schema":{"@context":"https:\/\/schema.org","@graph":[{"@type":"WebPage","@id":"https:\/\/www.miomiorun.com\/de\/produkt\/active-extreme-rn-ss-damen\/","url":"https:\/\/www.miomiorun.com\/de\/produkt\/active-extreme-rn-ss-damen\/","name":"CraftActive Extreme RN SS damen - Thermo-Unterw\u00e4sche - MioMioRun.com","isPartOf":{"@id":"https:\/\/www.miomiorun.com\/de\/#website"},"primaryImageOfPage":{"@id":"https:\/\/www.miomiorun.com\/de\/produkt\/active-extreme-rn-ss-damen\/#primaryimage"},"image":{"@id":"https:\/\/www.miomiorun.com\/de\/produkt\/active-extreme-rn-ss-damen\/#primaryimage"},"thumbnailUrl":"https:\/\/www.miomiorun.com\/app\/uploads\/2021\/01\/craft-Active-Extreme-X-RN-SS-1909672-999000.jpg","datePublished":"2021-01-14T10:39:17+00:00","dateModified":"2026-05-08T18:50:17+00:00","description":"Active Extreme RN SS ist ein funktionelles Baselayer-Shirt, das f\u00fcr intensive Aktivit\u00e4ten bei milden bis kalten Temperaturen entwickelt wurde.","breadcrumb":{"@id":"https:\/\/www.miomiorun.com\/de\/produkt\/active-extreme-rn-ss-damen\/#breadcrumb"},"inLanguage":"de-DE","potentialAction":[{"@type":"ReadAction","target":["https:\/\/www.miomiorun.com\/de\/produkt\/active-extreme-rn-ss-damen\/"]}]},{"@type":"ImageObject","inLanguage":"de-DE","@id":"https:\/\/www.miomiorun.com\/de\/produkt\/active-extreme-rn-ss-damen\/#primaryimage","url":"https:\/\/www.miomiorun.com\/app\/uploads\/2021\/01\/craft-Active-Extreme-X-RN-SS-1909672-999000.jpg","contentUrl":"https:\/\/www.miomiorun.com\/app\/uploads\/2021\/01\/craft-Active-Extreme-X-RN-SS-1909672-999000.jpg","width":600,"height":600,"caption":"craft active extreme x rn ss donna"},{"@type":"BreadcrumbList","@id":"https:\/\/www.miomiorun.com\/de\/produkt\/active-extreme-rn-ss-damen\/#breadcrumb","itemListElement":[{"@type":"ListItem","position":1,"name":"Home","item":"https:\/\/www.miomiorun.com\/de\/home-page\/"},{"@type":"ListItem","position":2,"name":"Shop","item":"https:\/\/www.miomiorun.com\/shop\/"},{"@type":"ListItem","position":3,"name":"Active Extreme RN SS damen"}]},{"@type":"WebSite","@id":"https:\/\/www.miomiorun.com\/de\/#website","url":"https:\/\/www.miomiorun.com\/de\/","name":"MioMioRun","description":"100% Lauf- und Trailshop","publisher":{"@id":"https:\/\/www.miomiorun.com\/de\/#organization"},"potentialAction":[{"@type":"SearchAction","target":{"@type":"EntryPoint","urlTemplate":"https:\/\/www.miomiorun.com\/de\/?s={search_term_string}"},"query-input":{"@type":"PropertyValueSpecification","valueRequired":true,"valueName":"search_term_string"}}],"inLanguage":"de-DE"},{"@type":"Organization","@id":"https:\/\/www.miomiorun.com\/de\/#organization","name":"MioMio Run","url":"https:\/\/www.miomiorun.com\/de\/","logo":{"@type":"ImageObject","inLanguage":"de-DE","@id":"https:\/\/www.miomiorun.com\/de\/#\/schema\/logo\/image\/","url":"https:\/\/www.miomiorun.com\/app\/uploads\/2019\/12\/logomio.png","contentUrl":"https:\/\/www.miomiorun.com\/app\/uploads\/2019\/12\/logomio.png","width":115,"height":82,"caption":"MioMio Run"},"image":{"@id":"https:\/\/www.miomiorun.com\/de\/#\/schema\/logo\/image\/"},"sameAs":["https:\/\/www.facebook.com\/miomiorun\/","https:\/\/www.instagram.com\/miomiorun\/"]}]}},"_links":{"self":[{"href":"https:\/\/www.miomiorun.com\/de\/wp-json\/wp\/v2\/product\/176301","targetHints":{"allow":["GET"]}}],"collection":[{"href":"https:\/\/www.miomiorun.com\/de\/wp-json\/wp\/v2\/product"}],"about":[{"href":"https:\/\/www.miomiorun.com\/de\/wp-json\/wp\/v2\/types\/product"}],"wp:featuredmedia":[{"embeddable":true,"href":"https:\/\/www.miomiorun.com\/de\/wp-json\/wp\/v2\/media\/54096"}],"wp:attachment":[{"href":"https:\/\/www.miomiorun.com\/de\/wp-json\/wp\/v2\/media?parent=176301"}],"wp:term":[{"taxonomy":"product_brand","embeddable":true,"href":"https:\/\/www.miomiorun.com\/de\/wp-json\/wp\/v2\/product_brand?post=176301"},{"taxonomy":"product_cat","embeddable":true,"href":"https:\/\/www.miomiorun.com\/de\/wp-json\/wp\/v2\/product_cat?post=176301"},{"taxonomy":"product_tag","embeddable":true,"href":"https:\/\/www.miomiorun.com\/de\/wp-json\/wp\/v2\/product_tag?post=176301"}],"curies":[{"name":"wp","href":"https:\/\/api.w.org\/{rel}","templated":true}]}}