{"id":176299,"date":"2021-01-15T18:33:21","date_gmt":"2021-01-15T17:33:21","guid":{"rendered":"https:\/\/miomiorun.com\/prodotto\/craft-active-intensity-cn-ls-donna\/"},"modified":"2024-07-26T17:17:39","modified_gmt":"2024-07-26T15:17:39","slug":"active-intensity-cn-ls-damen","status":"publish","type":"product","link":"https:\/\/www.miomiorun.com\/de\/produkt\/active-intensity-cn-ls-damen\/","title":{"rendered":"Active Intensity CN LS damen"},"content":{"rendered":"<p>Active Intensity ist ein innovativer Baselayer, der bei intensiven Aktivit\u00e4ten unter milden bis kalten Bedingungen hervorragende Funktionalit\u00e4t bietet. Das funktionelle und dehnbare Material in Kombination mit dem nahtlosen Design, den Bodymap-Strukturen und der athletischen Passform garantieren ein hervorragendes K\u00f6rpertemperaturmanagement und Komfort. Das Active Intensity Crew Neck ist die perfekte Wahl f\u00fcr engagierte Sportler und eignet sich hervorragend f\u00fcr hochintensives Training wie Skilanglauf, Laufen und Radfahren. Es eignet sich auch perfekt als einzelne Schicht und kann mit den meisten unserer Tights kombiniert werden.<\/p>\n<p>&#8211; Hocheffizienter Feuchtigkeitstransport &#8211; Bodymapped Design &#8211; Nahtlose Konstruktion<\/p>\n<h3>Material<\/h3>\n<p>57% recyceltes Polyester 43% Polyamid<\/p>\n<p>&nbsp;<\/p>\n","protected":false},"excerpt":{"rendered":"<p>Active Intensity ist ein innovativer Baselayer, der bei intensiven Aktivit\u00e4ten unter milden bis kalten Bedingungen hervorragende Funktionalit\u00e4t bietet. Das funktionelle und dehnbare Material in Kombination mit dem nahtlosen Design, den Bodymap-Strukturen und der athletischen Passform garantieren ein hervorragendes K\u00f6rpertemperaturmanagement und Komfort. Das Active Intensity Crew Neck ist die perfekte Wahl f\u00fcr engagierte Sportler und eignet &hellip; <a href=\"https:\/\/www.miomiorun.com\/de\/produkt\/active-intensity-cn-ls-damen\/\">Continued<\/a><\/p>\n","protected":false},"featured_media":54108,"template":"","meta":{"_acf_changed":false,"inline_featured_image":false},"product_brand":[],"product_cat":[6400,6401,6485],"product_tag":[6304,6232],"class_list":{"0":"post-176299","1":"product","2":"type-product","3":"status-publish","4":"has-post-thumbnail","6":"product_cat-damen","7":"product_cat-damenbekleidung","8":"product_cat-damenwaesche-de","9":"product_tag-craft-de","10":"product_tag-craft-damen-de","11":"pa_attivita-gehen","12":"pa_attivita-outdoor-de","13":"pa_attivita-running-de","14":"pa_attivita-trail-de","15":"pa_colore-active-intensity-cn-ls-w-black-de","16":"pa_colore-active-intensity-cn-ls-w-black-granit-de","17":"pa_colore-active-intensity-cn-ls-w-poppy-print-de","18":"pa_marca-craft-de","19":"pa_sesso-damen","20":"pa_size-extra-small-de","21":"pa_size-small-de","22":"pa_size-medium-de","23":"pa_size-large-de","25":"first","26":"instock","27":"sale","28":"taxable","29":"shipping-taxable","30":"purchasable","31":"product-type-variable","32":"wvs-archive-product-wrapper"},"acf":[],"yoast_head":"<!-- This site is optimized with the Yoast SEO plugin v26.8 - https:\/\/yoast.com\/product\/yoast-seo-wordpress\/ -->\n<title>CraftActive Intensity CN LS damen -Thermo-Unterw\u00e4sche - MioMioRun.com<\/title>\n<meta name=\"description\" content=\"Active Intensity ist ein innovativer Baselayer, der bei intensiver Aktivit\u00e4t unter milden bis kalten Bedingungen hervorragende Funktionalit\u00e4t bietet.\" \/>\n<meta name=\"robots\" content=\"index, follow, max-snippet:-1, max-image-preview:large, max-video-preview:-1\" \/>\n<link rel=\"canonical\" href=\"https:\/\/www.miomiorun.com\/de\/produkt\/active-intensity-cn-ls-damen\/\" \/>\n<meta property=\"og:locale\" content=\"de_DE\" \/>\n<meta property=\"og:type\" content=\"article\" \/>\n<meta property=\"og:title\" content=\"CraftActive Intensity CN LS damen -Thermo-Unterw\u00e4sche - MioMioRun.com\" \/>\n<meta property=\"og:description\" content=\"Active Intensity ist ein innovativer Baselayer, der bei intensiver Aktivit\u00e4t unter milden bis kalten Bedingungen hervorragende Funktionalit\u00e4t bietet.\" \/>\n<meta property=\"og:url\" content=\"https:\/\/www.miomiorun.com\/de\/produkt\/active-intensity-cn-ls-damen\/\" \/>\n<meta property=\"og:site_name\" content=\"MioMioRun\" \/>\n<meta property=\"article:publisher\" content=\"https:\/\/www.facebook.com\/miomiorun\/\" \/>\n<meta property=\"article:modified_time\" content=\"2024-07-26T15:17:39+00:00\" \/>\n<meta property=\"og:image\" content=\"https:\/\/www.miomiorun.com\/app\/uploads\/2021\/01\/craft-Active-Intensity-CN-LS-1907937-999995.jpg\" \/>\n\t<meta property=\"og:image:width\" content=\"600\" \/>\n\t<meta property=\"og:image:height\" content=\"600\" \/>\n\t<meta property=\"og:image:type\" content=\"image\/jpeg\" \/>\n<meta name=\"twitter:card\" content=\"summary_large_image\" \/>\n<meta name=\"twitter:label1\" content=\"Est. reading time\" \/>\n\t<meta name=\"twitter:data1\" content=\"1 minute\" \/>\n<script type=\"application\/ld+json\" class=\"yoast-schema-graph\">{\"@context\":\"https:\/\/schema.org\",\"@graph\":[{\"@type\":\"WebPage\",\"@id\":\"https:\/\/www.miomiorun.com\/de\/produkt\/active-intensity-cn-ls-damen\/\",\"url\":\"https:\/\/www.miomiorun.com\/de\/produkt\/active-intensity-cn-ls-damen\/\",\"name\":\"CraftActive Intensity CN LS damen -Thermo-Unterw\u00e4sche - MioMioRun.com\",\"isPartOf\":{\"@id\":\"https:\/\/www.miomiorun.com\/de\/#website\"},\"primaryImageOfPage\":{\"@id\":\"https:\/\/www.miomiorun.com\/de\/produkt\/active-intensity-cn-ls-damen\/#primaryimage\"},\"image\":{\"@id\":\"https:\/\/www.miomiorun.com\/de\/produkt\/active-intensity-cn-ls-damen\/#primaryimage\"},\"thumbnailUrl\":\"https:\/\/www.miomiorun.com\/app\/uploads\/2021\/01\/craft-Active-Intensity-CN-LS-1907937-999995.jpg\",\"datePublished\":\"2021-01-15T17:33:21+00:00\",\"dateModified\":\"2024-07-26T15:17:39+00:00\",\"description\":\"Active Intensity ist ein innovativer Baselayer, der bei intensiver Aktivit\u00e4t unter milden bis kalten Bedingungen hervorragende Funktionalit\u00e4t bietet.\",\"breadcrumb\":{\"@id\":\"https:\/\/www.miomiorun.com\/de\/produkt\/active-intensity-cn-ls-damen\/#breadcrumb\"},\"inLanguage\":\"de-DE\",\"potentialAction\":[{\"@type\":\"ReadAction\",\"target\":[\"https:\/\/www.miomiorun.com\/de\/produkt\/active-intensity-cn-ls-damen\/\"]}]},{\"@type\":\"ImageObject\",\"inLanguage\":\"de-DE\",\"@id\":\"https:\/\/www.miomiorun.com\/de\/produkt\/active-intensity-cn-ls-damen\/#primaryimage\",\"url\":\"https:\/\/www.miomiorun.com\/app\/uploads\/2021\/01\/craft-Active-Intensity-CN-LS-1907937-999995.jpg\",\"contentUrl\":\"https:\/\/www.miomiorun.com\/app\/uploads\/2021\/01\/craft-Active-Intensity-CN-LS-1907937-999995.jpg\",\"width\":600,\"height\":600,\"caption\":\"craft active intensity cn\"},{\"@type\":\"BreadcrumbList\",\"@id\":\"https:\/\/www.miomiorun.com\/de\/produkt\/active-intensity-cn-ls-damen\/#breadcrumb\",\"itemListElement\":[{\"@type\":\"ListItem\",\"position\":1,\"name\":\"Home\",\"item\":\"https:\/\/www.miomiorun.com\/de\/\"},{\"@type\":\"ListItem\",\"position\":2,\"name\":\"Shop\",\"item\":\"https:\/\/www.miomiorun.com\/shop\/\"},{\"@type\":\"ListItem\",\"position\":3,\"name\":\"Active Intensity CN LS damen\"}]},{\"@type\":\"WebSite\",\"@id\":\"https:\/\/www.miomiorun.com\/de\/#website\",\"url\":\"https:\/\/www.miomiorun.com\/de\/\",\"name\":\"MioMioRun\",\"description\":\"100% Lauf- und Trailshop\",\"publisher\":{\"@id\":\"https:\/\/www.miomiorun.com\/de\/#organization\"},\"potentialAction\":[{\"@type\":\"SearchAction\",\"target\":{\"@type\":\"EntryPoint\",\"urlTemplate\":\"https:\/\/www.miomiorun.com\/de\/?s={search_term_string}\"},\"query-input\":{\"@type\":\"PropertyValueSpecification\",\"valueRequired\":true,\"valueName\":\"search_term_string\"}}],\"inLanguage\":\"de-DE\"},{\"@type\":\"Organization\",\"@id\":\"https:\/\/www.miomiorun.com\/de\/#organization\",\"name\":\"MioMio Run\",\"url\":\"https:\/\/www.miomiorun.com\/de\/\",\"logo\":{\"@type\":\"ImageObject\",\"inLanguage\":\"de-DE\",\"@id\":\"https:\/\/www.miomiorun.com\/de\/#\/schema\/logo\/image\/\",\"url\":\"https:\/\/www.miomiorun.com\/app\/uploads\/2019\/12\/logomio.png\",\"contentUrl\":\"https:\/\/www.miomiorun.com\/app\/uploads\/2019\/12\/logomio.png\",\"width\":115,\"height\":82,\"caption\":\"MioMio Run\"},\"image\":{\"@id\":\"https:\/\/www.miomiorun.com\/de\/#\/schema\/logo\/image\/\"},\"sameAs\":[\"https:\/\/www.facebook.com\/miomiorun\/\",\"https:\/\/www.instagram.com\/miomiorun\/\"]}]}<\/script>\n<!-- \/ Yoast SEO plugin. -->","yoast_head_json":{"title":"CraftActive Intensity CN LS damen -Thermo-Unterw\u00e4sche - MioMioRun.com","description":"Active Intensity ist ein innovativer Baselayer, der bei intensiver Aktivit\u00e4t unter milden bis kalten Bedingungen hervorragende Funktionalit\u00e4t bietet.","robots":{"index":"index","follow":"follow","max-snippet":"max-snippet:-1","max-image-preview":"max-image-preview:large","max-video-preview":"max-video-preview:-1"},"canonical":"https:\/\/www.miomiorun.com\/de\/produkt\/active-intensity-cn-ls-damen\/","og_locale":"de_DE","og_type":"article","og_title":"CraftActive Intensity CN LS damen -Thermo-Unterw\u00e4sche - MioMioRun.com","og_description":"Active Intensity ist ein innovativer Baselayer, der bei intensiver Aktivit\u00e4t unter milden bis kalten Bedingungen hervorragende Funktionalit\u00e4t bietet.","og_url":"https:\/\/www.miomiorun.com\/de\/produkt\/active-intensity-cn-ls-damen\/","og_site_name":"MioMioRun","article_publisher":"https:\/\/www.facebook.com\/miomiorun\/","article_modified_time":"2024-07-26T15:17:39+00:00","og_image":[{"width":600,"height":600,"url":"https:\/\/www.miomiorun.com\/app\/uploads\/2021\/01\/craft-Active-Intensity-CN-LS-1907937-999995.jpg","type":"image\/jpeg"}],"twitter_card":"summary_large_image","twitter_misc":{"Est. reading time":"1 minute"},"schema":{"@context":"https:\/\/schema.org","@graph":[{"@type":"WebPage","@id":"https:\/\/www.miomiorun.com\/de\/produkt\/active-intensity-cn-ls-damen\/","url":"https:\/\/www.miomiorun.com\/de\/produkt\/active-intensity-cn-ls-damen\/","name":"CraftActive Intensity CN LS damen -Thermo-Unterw\u00e4sche - MioMioRun.com","isPartOf":{"@id":"https:\/\/www.miomiorun.com\/de\/#website"},"primaryImageOfPage":{"@id":"https:\/\/www.miomiorun.com\/de\/produkt\/active-intensity-cn-ls-damen\/#primaryimage"},"image":{"@id":"https:\/\/www.miomiorun.com\/de\/produkt\/active-intensity-cn-ls-damen\/#primaryimage"},"thumbnailUrl":"https:\/\/www.miomiorun.com\/app\/uploads\/2021\/01\/craft-Active-Intensity-CN-LS-1907937-999995.jpg","datePublished":"2021-01-15T17:33:21+00:00","dateModified":"2024-07-26T15:17:39+00:00","description":"Active Intensity ist ein innovativer Baselayer, der bei intensiver Aktivit\u00e4t unter milden bis kalten Bedingungen hervorragende Funktionalit\u00e4t bietet.","breadcrumb":{"@id":"https:\/\/www.miomiorun.com\/de\/produkt\/active-intensity-cn-ls-damen\/#breadcrumb"},"inLanguage":"de-DE","potentialAction":[{"@type":"ReadAction","target":["https:\/\/www.miomiorun.com\/de\/produkt\/active-intensity-cn-ls-damen\/"]}]},{"@type":"ImageObject","inLanguage":"de-DE","@id":"https:\/\/www.miomiorun.com\/de\/produkt\/active-intensity-cn-ls-damen\/#primaryimage","url":"https:\/\/www.miomiorun.com\/app\/uploads\/2021\/01\/craft-Active-Intensity-CN-LS-1907937-999995.jpg","contentUrl":"https:\/\/www.miomiorun.com\/app\/uploads\/2021\/01\/craft-Active-Intensity-CN-LS-1907937-999995.jpg","width":600,"height":600,"caption":"craft active intensity cn"},{"@type":"BreadcrumbList","@id":"https:\/\/www.miomiorun.com\/de\/produkt\/active-intensity-cn-ls-damen\/#breadcrumb","itemListElement":[{"@type":"ListItem","position":1,"name":"Home","item":"https:\/\/www.miomiorun.com\/de\/"},{"@type":"ListItem","position":2,"name":"Shop","item":"https:\/\/www.miomiorun.com\/shop\/"},{"@type":"ListItem","position":3,"name":"Active Intensity CN LS damen"}]},{"@type":"WebSite","@id":"https:\/\/www.miomiorun.com\/de\/#website","url":"https:\/\/www.miomiorun.com\/de\/","name":"MioMioRun","description":"100% Lauf- und Trailshop","publisher":{"@id":"https:\/\/www.miomiorun.com\/de\/#organization"},"potentialAction":[{"@type":"SearchAction","target":{"@type":"EntryPoint","urlTemplate":"https:\/\/www.miomiorun.com\/de\/?s={search_term_string}"},"query-input":{"@type":"PropertyValueSpecification","valueRequired":true,"valueName":"search_term_string"}}],"inLanguage":"de-DE"},{"@type":"Organization","@id":"https:\/\/www.miomiorun.com\/de\/#organization","name":"MioMio Run","url":"https:\/\/www.miomiorun.com\/de\/","logo":{"@type":"ImageObject","inLanguage":"de-DE","@id":"https:\/\/www.miomiorun.com\/de\/#\/schema\/logo\/image\/","url":"https:\/\/www.miomiorun.com\/app\/uploads\/2019\/12\/logomio.png","contentUrl":"https:\/\/www.miomiorun.com\/app\/uploads\/2019\/12\/logomio.png","width":115,"height":82,"caption":"MioMio Run"},"image":{"@id":"https:\/\/www.miomiorun.com\/de\/#\/schema\/logo\/image\/"},"sameAs":["https:\/\/www.facebook.com\/miomiorun\/","https:\/\/www.instagram.com\/miomiorun\/"]}]}},"_links":{"self":[{"href":"https:\/\/www.miomiorun.com\/de\/wp-json\/wp\/v2\/product\/176299","targetHints":{"allow":["GET"]}}],"collection":[{"href":"https:\/\/www.miomiorun.com\/de\/wp-json\/wp\/v2\/product"}],"about":[{"href":"https:\/\/www.miomiorun.com\/de\/wp-json\/wp\/v2\/types\/product"}],"wp:featuredmedia":[{"embeddable":true,"href":"https:\/\/www.miomiorun.com\/de\/wp-json\/wp\/v2\/media\/54108"}],"wp:attachment":[{"href":"https:\/\/www.miomiorun.com\/de\/wp-json\/wp\/v2\/media?parent=176299"}],"wp:term":[{"taxonomy":"product_brand","embeddable":true,"href":"https:\/\/www.miomiorun.com\/de\/wp-json\/wp\/v2\/product_brand?post=176299"},{"taxonomy":"product_cat","embeddable":true,"href":"https:\/\/www.miomiorun.com\/de\/wp-json\/wp\/v2\/product_cat?post=176299"},{"taxonomy":"product_tag","embeddable":true,"href":"https:\/\/www.miomiorun.com\/de\/wp-json\/wp\/v2\/product_tag?post=176299"}],"curies":[{"name":"wp","href":"https:\/\/api.w.org\/{rel}","templated":true}]}}