{"id":176295,"date":"2021-01-30T11:51:54","date_gmt":"2021-01-30T10:51:54","guid":{"rendered":"https:\/\/miomiorun.com\/prodotto\/craft-adv-warm-fuseknit-intensity-ls-donna\/"},"modified":"2026-05-08T20:49:46","modified_gmt":"2026-05-08T18:49:46","slug":"adv-warm-fuseknit-intensity-ls-damen","status":"publish","type":"product","link":"https:\/\/www.miomiorun.com\/de\/produkt\/adv-warm-fuseknit-intensity-ls-damen\/","title":{"rendered":"ADV Warm Fuseknit Intensity LS damen"},"content":{"rendered":"<p>ADV Warm Fuseknit Intensity LS ist ein weiches und funktionelles Baselayer-Trikot, das f\u00fcr intensives Training bei kalten Bedingungen entwickelt wurde.<\/p>\n<p>Das lang\u00e4rmelige Baselayer-Trikot ist aus leichtem Thermogarn gefertigt und verf\u00fcgt \u00fcber Hohlfasern und k\u00f6rpernahe Klimazonen, die zusammen f\u00fcr eine hervorragende W\u00e4rmeregulierung sorgen. Dar\u00fcber hinaus verf\u00fcgt das Kleidungsst\u00fcck \u00fcber die innovative Fuseknit-Technologie, die nahtlos gestrickte Teile mit ergonomischen und strategischen N\u00e4hten kombiniert, um weiche und dehnbare Kleidungsst\u00fccke zu schaffen. Das Ergebnis sind weniger N\u00e4hte und ein glattes, scheuerfreies und \u00e4u\u00dferst komfortables Tragegef\u00fchl. Eine ausgezeichnete Wahl f\u00fcr den alpinen Skisport und \u00e4hnliche Aktivit\u00e4ten.<\/p>\n<p>&#8211; Leichtes Thermogarn f\u00fcr exzellente W\u00e4rmeregulierung &#8211; Hohlfasern f\u00fcr bessere Isolierung &#8211; Bodymap-Klimazonen sorgen f\u00fcr W\u00e4rme dort, wo man sie am meisten braucht &#8211; Fuseknit-Konstruktion f\u00fcr optimalen Komfort &#8211; Nahtloser Torso &#8211; 3D-Strick, ergonomische Passform &#8211; Eng anliegend &#8211; Feuchtigkeitstransport:<\/p>\n<p>4 von 5 &#8211; Aktivit\u00e4tsgrad: 4 von 5 &#8211; Temperatur: -15 \u00baC bis -5 \u00baC<\/p>\n","protected":false},"excerpt":{"rendered":"<p>ADV Warm Fuseknit Intensity LS ist ein weiches und funktionelles Baselayer-Trikot, das f\u00fcr intensives Training bei kalten Bedingungen entwickelt wurde. Das lang\u00e4rmelige Baselayer-Trikot ist aus leichtem Thermogarn gefertigt und verf\u00fcgt \u00fcber Hohlfasern und k\u00f6rpernahe Klimazonen, die zusammen f\u00fcr eine hervorragende W\u00e4rmeregulierung sorgen. Dar\u00fcber hinaus verf\u00fcgt das Kleidungsst\u00fcck \u00fcber die innovative Fuseknit-Technologie, die nahtlos gestrickte Teile &hellip; <a href=\"https:\/\/www.miomiorun.com\/de\/produkt\/adv-warm-fuseknit-intensity-ls-damen\/\">Continued<\/a><\/p>\n","protected":false},"featured_media":54176,"template":"","meta":{"_acf_changed":false,"inline_featured_image":false},"product_brand":[],"product_cat":[6400,6401,6485],"product_tag":[6304,6232],"class_list":{"0":"post-176295","1":"product","2":"type-product","3":"status-publish","4":"has-post-thumbnail","6":"product_cat-damen","7":"product_cat-damenbekleidung","8":"product_cat-damenwaesche-de","9":"product_tag-craft-de","10":"product_tag-craft-damen-de","11":"pa_attivita-gehen","12":"pa_attivita-outdoor-de","13":"pa_attivita-running-de","14":"pa_attivita-trail-de","15":"pa_colore-adv-warm-fuseknit-intensity-ls-black-de","16":"pa_colore-adv-warm-fuseknit-intensity-ls-universe-de","17":"pa_marca-craft-de","18":"pa_sesso-damen","19":"pa_size-extra-small-de","20":"pa_size-small-de","21":"pa_size-medium-de","22":"pa_size-large-de","24":"first","25":"instock","26":"sale","27":"taxable","28":"shipping-taxable","29":"purchasable","30":"product-type-variable","31":"wvs-archive-product-wrapper"},"acf":[],"yoast_head":"<!-- This site is optimized with the Yoast SEO plugin v26.8 - https:\/\/yoast.com\/product\/yoast-seo-wordpress\/ -->\n<title>ADV Warm Fuseknit Intensity LS damen - Thermo-Unterw\u00e4sche - MioMioRun<\/title>\n<meta name=\"description\" content=\"Das ADV Warm Fuseknit Intensity LS ist ein weiches und funktionelles Baselayer-Trikot, das f\u00fcr intensives Training bei kalten Bedingungen entwickelt wurde.\" \/>\n<meta name=\"robots\" content=\"index, follow, max-snippet:-1, max-image-preview:large, max-video-preview:-1\" \/>\n<link rel=\"canonical\" href=\"https:\/\/www.miomiorun.com\/de\/produkt\/adv-warm-fuseknit-intensity-ls-damen\/\" \/>\n<meta property=\"og:locale\" content=\"de_DE\" \/>\n<meta property=\"og:type\" content=\"article\" \/>\n<meta property=\"og:title\" content=\"ADV Warm Fuseknit Intensity LS damen - Thermo-Unterw\u00e4sche - MioMioRun\" \/>\n<meta property=\"og:description\" content=\"Das ADV Warm Fuseknit Intensity LS ist ein weiches und funktionelles Baselayer-Trikot, das f\u00fcr intensives Training bei kalten Bedingungen entwickelt wurde.\" \/>\n<meta property=\"og:url\" content=\"https:\/\/www.miomiorun.com\/de\/produkt\/adv-warm-fuseknit-intensity-ls-damen\/\" \/>\n<meta property=\"og:site_name\" content=\"MioMioRun\" \/>\n<meta property=\"article:publisher\" content=\"https:\/\/www.facebook.com\/miomiorun\/\" \/>\n<meta property=\"article:modified_time\" content=\"2026-05-08T18:49:46+00:00\" \/>\n<meta property=\"og:image\" content=\"https:\/\/www.miomiorun.com\/app\/uploads\/2021\/01\/craft-ADV-Warm-Fuseknit-Intensity-LS-1909735-999000.jpg\" \/>\n\t<meta property=\"og:image:width\" content=\"600\" \/>\n\t<meta property=\"og:image:height\" content=\"600\" \/>\n\t<meta property=\"og:image:type\" content=\"image\/jpeg\" \/>\n<meta name=\"twitter:card\" content=\"summary_large_image\" \/>\n<meta name=\"twitter:label1\" content=\"Est. reading time\" \/>\n\t<meta name=\"twitter:data1\" content=\"1 minute\" \/>\n<script type=\"application\/ld+json\" class=\"yoast-schema-graph\">{\"@context\":\"https:\/\/schema.org\",\"@graph\":[{\"@type\":\"WebPage\",\"@id\":\"https:\/\/www.miomiorun.com\/de\/produkt\/adv-warm-fuseknit-intensity-ls-damen\/\",\"url\":\"https:\/\/www.miomiorun.com\/de\/produkt\/adv-warm-fuseknit-intensity-ls-damen\/\",\"name\":\"ADV Warm Fuseknit Intensity LS damen - Thermo-Unterw\u00e4sche - MioMioRun\",\"isPartOf\":{\"@id\":\"https:\/\/www.miomiorun.com\/de\/#website\"},\"primaryImageOfPage\":{\"@id\":\"https:\/\/www.miomiorun.com\/de\/produkt\/adv-warm-fuseknit-intensity-ls-damen\/#primaryimage\"},\"image\":{\"@id\":\"https:\/\/www.miomiorun.com\/de\/produkt\/adv-warm-fuseknit-intensity-ls-damen\/#primaryimage\"},\"thumbnailUrl\":\"https:\/\/www.miomiorun.com\/app\/uploads\/2021\/01\/craft-ADV-Warm-Fuseknit-Intensity-LS-1909735-999000.jpg\",\"datePublished\":\"2021-01-30T10:51:54+00:00\",\"dateModified\":\"2026-05-08T18:49:46+00:00\",\"description\":\"Das ADV Warm Fuseknit Intensity LS ist ein weiches und funktionelles Baselayer-Trikot, das f\u00fcr intensives Training bei kalten Bedingungen entwickelt wurde.\",\"breadcrumb\":{\"@id\":\"https:\/\/www.miomiorun.com\/de\/produkt\/adv-warm-fuseknit-intensity-ls-damen\/#breadcrumb\"},\"inLanguage\":\"de-DE\",\"potentialAction\":[{\"@type\":\"ReadAction\",\"target\":[\"https:\/\/www.miomiorun.com\/de\/produkt\/adv-warm-fuseknit-intensity-ls-damen\/\"]}]},{\"@type\":\"ImageObject\",\"inLanguage\":\"de-DE\",\"@id\":\"https:\/\/www.miomiorun.com\/de\/produkt\/adv-warm-fuseknit-intensity-ls-damen\/#primaryimage\",\"url\":\"https:\/\/www.miomiorun.com\/app\/uploads\/2021\/01\/craft-ADV-Warm-Fuseknit-Intensity-LS-1909735-999000.jpg\",\"contentUrl\":\"https:\/\/www.miomiorun.com\/app\/uploads\/2021\/01\/craft-ADV-Warm-Fuseknit-Intensity-LS-1909735-999000.jpg\",\"width\":600,\"height\":600,\"caption\":\"craft ADV Warm fuseknit intensity\"},{\"@type\":\"BreadcrumbList\",\"@id\":\"https:\/\/www.miomiorun.com\/de\/produkt\/adv-warm-fuseknit-intensity-ls-damen\/#breadcrumb\",\"itemListElement\":[{\"@type\":\"ListItem\",\"position\":1,\"name\":\"Home\",\"item\":\"https:\/\/www.miomiorun.com\/de\/\"},{\"@type\":\"ListItem\",\"position\":2,\"name\":\"Shop\",\"item\":\"https:\/\/www.miomiorun.com\/shop\/\"},{\"@type\":\"ListItem\",\"position\":3,\"name\":\"ADV Warm Fuseknit Intensity LS damen\"}]},{\"@type\":\"WebSite\",\"@id\":\"https:\/\/www.miomiorun.com\/de\/#website\",\"url\":\"https:\/\/www.miomiorun.com\/de\/\",\"name\":\"MioMioRun\",\"description\":\"100% Lauf- und Trailshop\",\"publisher\":{\"@id\":\"https:\/\/www.miomiorun.com\/de\/#organization\"},\"potentialAction\":[{\"@type\":\"SearchAction\",\"target\":{\"@type\":\"EntryPoint\",\"urlTemplate\":\"https:\/\/www.miomiorun.com\/de\/?s={search_term_string}\"},\"query-input\":{\"@type\":\"PropertyValueSpecification\",\"valueRequired\":true,\"valueName\":\"search_term_string\"}}],\"inLanguage\":\"de-DE\"},{\"@type\":\"Organization\",\"@id\":\"https:\/\/www.miomiorun.com\/de\/#organization\",\"name\":\"MioMio Run\",\"url\":\"https:\/\/www.miomiorun.com\/de\/\",\"logo\":{\"@type\":\"ImageObject\",\"inLanguage\":\"de-DE\",\"@id\":\"https:\/\/www.miomiorun.com\/de\/#\/schema\/logo\/image\/\",\"url\":\"https:\/\/www.miomiorun.com\/app\/uploads\/2019\/12\/logomio.png\",\"contentUrl\":\"https:\/\/www.miomiorun.com\/app\/uploads\/2019\/12\/logomio.png\",\"width\":115,\"height\":82,\"caption\":\"MioMio Run\"},\"image\":{\"@id\":\"https:\/\/www.miomiorun.com\/de\/#\/schema\/logo\/image\/\"},\"sameAs\":[\"https:\/\/www.facebook.com\/miomiorun\/\",\"https:\/\/www.instagram.com\/miomiorun\/\"]}]}<\/script>\n<!-- \/ Yoast SEO plugin. -->","yoast_head_json":{"title":"ADV Warm Fuseknit Intensity LS damen - Thermo-Unterw\u00e4sche - MioMioRun","description":"Das ADV Warm Fuseknit Intensity LS ist ein weiches und funktionelles Baselayer-Trikot, das f\u00fcr intensives Training bei kalten Bedingungen entwickelt wurde.","robots":{"index":"index","follow":"follow","max-snippet":"max-snippet:-1","max-image-preview":"max-image-preview:large","max-video-preview":"max-video-preview:-1"},"canonical":"https:\/\/www.miomiorun.com\/de\/produkt\/adv-warm-fuseknit-intensity-ls-damen\/","og_locale":"de_DE","og_type":"article","og_title":"ADV Warm Fuseknit Intensity LS damen - Thermo-Unterw\u00e4sche - MioMioRun","og_description":"Das ADV Warm Fuseknit Intensity LS ist ein weiches und funktionelles Baselayer-Trikot, das f\u00fcr intensives Training bei kalten Bedingungen entwickelt wurde.","og_url":"https:\/\/www.miomiorun.com\/de\/produkt\/adv-warm-fuseknit-intensity-ls-damen\/","og_site_name":"MioMioRun","article_publisher":"https:\/\/www.facebook.com\/miomiorun\/","article_modified_time":"2026-05-08T18:49:46+00:00","og_image":[{"width":600,"height":600,"url":"https:\/\/www.miomiorun.com\/app\/uploads\/2021\/01\/craft-ADV-Warm-Fuseknit-Intensity-LS-1909735-999000.jpg","type":"image\/jpeg"}],"twitter_card":"summary_large_image","twitter_misc":{"Est. reading time":"1 minute"},"schema":{"@context":"https:\/\/schema.org","@graph":[{"@type":"WebPage","@id":"https:\/\/www.miomiorun.com\/de\/produkt\/adv-warm-fuseknit-intensity-ls-damen\/","url":"https:\/\/www.miomiorun.com\/de\/produkt\/adv-warm-fuseknit-intensity-ls-damen\/","name":"ADV Warm Fuseknit Intensity LS damen - Thermo-Unterw\u00e4sche - MioMioRun","isPartOf":{"@id":"https:\/\/www.miomiorun.com\/de\/#website"},"primaryImageOfPage":{"@id":"https:\/\/www.miomiorun.com\/de\/produkt\/adv-warm-fuseknit-intensity-ls-damen\/#primaryimage"},"image":{"@id":"https:\/\/www.miomiorun.com\/de\/produkt\/adv-warm-fuseknit-intensity-ls-damen\/#primaryimage"},"thumbnailUrl":"https:\/\/www.miomiorun.com\/app\/uploads\/2021\/01\/craft-ADV-Warm-Fuseknit-Intensity-LS-1909735-999000.jpg","datePublished":"2021-01-30T10:51:54+00:00","dateModified":"2026-05-08T18:49:46+00:00","description":"Das ADV Warm Fuseknit Intensity LS ist ein weiches und funktionelles Baselayer-Trikot, das f\u00fcr intensives Training bei kalten Bedingungen entwickelt wurde.","breadcrumb":{"@id":"https:\/\/www.miomiorun.com\/de\/produkt\/adv-warm-fuseknit-intensity-ls-damen\/#breadcrumb"},"inLanguage":"de-DE","potentialAction":[{"@type":"ReadAction","target":["https:\/\/www.miomiorun.com\/de\/produkt\/adv-warm-fuseknit-intensity-ls-damen\/"]}]},{"@type":"ImageObject","inLanguage":"de-DE","@id":"https:\/\/www.miomiorun.com\/de\/produkt\/adv-warm-fuseknit-intensity-ls-damen\/#primaryimage","url":"https:\/\/www.miomiorun.com\/app\/uploads\/2021\/01\/craft-ADV-Warm-Fuseknit-Intensity-LS-1909735-999000.jpg","contentUrl":"https:\/\/www.miomiorun.com\/app\/uploads\/2021\/01\/craft-ADV-Warm-Fuseknit-Intensity-LS-1909735-999000.jpg","width":600,"height":600,"caption":"craft ADV Warm fuseknit intensity"},{"@type":"BreadcrumbList","@id":"https:\/\/www.miomiorun.com\/de\/produkt\/adv-warm-fuseknit-intensity-ls-damen\/#breadcrumb","itemListElement":[{"@type":"ListItem","position":1,"name":"Home","item":"https:\/\/www.miomiorun.com\/de\/"},{"@type":"ListItem","position":2,"name":"Shop","item":"https:\/\/www.miomiorun.com\/shop\/"},{"@type":"ListItem","position":3,"name":"ADV Warm Fuseknit Intensity LS damen"}]},{"@type":"WebSite","@id":"https:\/\/www.miomiorun.com\/de\/#website","url":"https:\/\/www.miomiorun.com\/de\/","name":"MioMioRun","description":"100% Lauf- und Trailshop","publisher":{"@id":"https:\/\/www.miomiorun.com\/de\/#organization"},"potentialAction":[{"@type":"SearchAction","target":{"@type":"EntryPoint","urlTemplate":"https:\/\/www.miomiorun.com\/de\/?s={search_term_string}"},"query-input":{"@type":"PropertyValueSpecification","valueRequired":true,"valueName":"search_term_string"}}],"inLanguage":"de-DE"},{"@type":"Organization","@id":"https:\/\/www.miomiorun.com\/de\/#organization","name":"MioMio Run","url":"https:\/\/www.miomiorun.com\/de\/","logo":{"@type":"ImageObject","inLanguage":"de-DE","@id":"https:\/\/www.miomiorun.com\/de\/#\/schema\/logo\/image\/","url":"https:\/\/www.miomiorun.com\/app\/uploads\/2019\/12\/logomio.png","contentUrl":"https:\/\/www.miomiorun.com\/app\/uploads\/2019\/12\/logomio.png","width":115,"height":82,"caption":"MioMio Run"},"image":{"@id":"https:\/\/www.miomiorun.com\/de\/#\/schema\/logo\/image\/"},"sameAs":["https:\/\/www.facebook.com\/miomiorun\/","https:\/\/www.instagram.com\/miomiorun\/"]}]}},"_links":{"self":[{"href":"https:\/\/www.miomiorun.com\/de\/wp-json\/wp\/v2\/product\/176295","targetHints":{"allow":["GET"]}}],"collection":[{"href":"https:\/\/www.miomiorun.com\/de\/wp-json\/wp\/v2\/product"}],"about":[{"href":"https:\/\/www.miomiorun.com\/de\/wp-json\/wp\/v2\/types\/product"}],"wp:featuredmedia":[{"embeddable":true,"href":"https:\/\/www.miomiorun.com\/de\/wp-json\/wp\/v2\/media\/54176"}],"wp:attachment":[{"href":"https:\/\/www.miomiorun.com\/de\/wp-json\/wp\/v2\/media?parent=176295"}],"wp:term":[{"taxonomy":"product_brand","embeddable":true,"href":"https:\/\/www.miomiorun.com\/de\/wp-json\/wp\/v2\/product_brand?post=176295"},{"taxonomy":"product_cat","embeddable":true,"href":"https:\/\/www.miomiorun.com\/de\/wp-json\/wp\/v2\/product_cat?post=176295"},{"taxonomy":"product_tag","embeddable":true,"href":"https:\/\/www.miomiorun.com\/de\/wp-json\/wp\/v2\/product_tag?post=176295"}],"curies":[{"name":"wp","href":"https:\/\/api.w.org\/{rel}","templated":true}]}}