{"id":176288,"date":"2021-04-29T16:30:48","date_gmt":"2021-04-29T14:30:48","guid":{"rendered":"https:\/\/miomiorun.com\/prodotto\/craft-pro-dry-nanoweight-ls-donna\/"},"modified":"2024-07-26T17:28:57","modified_gmt":"2024-07-26T15:28:57","slug":"pro-dry-nanoweight-ls-damen","status":"publish","type":"product","link":"https:\/\/www.miomiorun.com\/de\/produkt\/pro-dry-nanoweight-ls-damen\/","title":{"rendered":"Pro Dry Nanoweight LS damen"},"content":{"rendered":"<p>Superleichtes Netz-Langarmtrikot f\u00fcr Weltklasseleistungen.<\/p>\n<p>Das Pro Dry Nanoweight LS ist ein superleichtes, lang\u00e4rmeliges Mesh-Baselayer-Trikot mit hervorragendem Feuchtigkeitsmanagement f\u00fcr Hochleistungssportler. Das Kleidungsst\u00fcck ist aus besonders d\u00fcnnem Mesh-Gewebe gefertigt und verf\u00fcgt \u00fcber verschwei\u00dfte Details f\u00fcr eine angenehme, leichte Konstruktion. Die perfekte Wahl, wenn Sie den bestm\u00f6glichen Feuchtigkeitstransport von Ihrer Haut zur n\u00e4chsten Schicht ben\u00f6tigen.<\/p>\n<p>&#8211; Superleichtes, k\u00fchlendes Netz (80 g\/m2) &#8211; Recyceltes Polyester &#8211; Verschwei\u00dfte Details &#8211; Eng anliegend &#8211; Raglan\u00e4rmel<\/p>\n<h2>Materialien und Waschung<\/h2>\n<p>48% Polyester 39% recyceltes Polyester 13% Elastan<\/p>\n<p>Maschinenw\u00e4sche bei 40 Grad.<\/p>\n","protected":false},"excerpt":{"rendered":"<p>Superleichtes Netz-Langarmtrikot f\u00fcr Weltklasseleistungen. Das Pro Dry Nanoweight LS ist ein superleichtes, lang\u00e4rmeliges Mesh-Baselayer-Trikot mit hervorragendem Feuchtigkeitsmanagement f\u00fcr Hochleistungssportler. Das Kleidungsst\u00fcck ist aus besonders d\u00fcnnem Mesh-Gewebe gefertigt und verf\u00fcgt \u00fcber verschwei\u00dfte Details f\u00fcr eine angenehme, leichte Konstruktion. Die perfekte Wahl, wenn Sie den bestm\u00f6glichen Feuchtigkeitstransport von Ihrer Haut zur n\u00e4chsten Schicht ben\u00f6tigen. &#8211; Superleichtes, k\u00fchlendes &hellip; <a href=\"https:\/\/www.miomiorun.com\/de\/produkt\/pro-dry-nanoweight-ls-damen\/\">Continued<\/a><\/p>\n","protected":false},"featured_media":55491,"template":"","meta":{"_acf_changed":false,"inline_featured_image":false},"product_brand":[],"product_cat":[6400,6401,6485],"product_tag":[6304,6232],"class_list":{"0":"post-176288","1":"product","2":"type-product","3":"status-publish","4":"has-post-thumbnail","6":"product_cat-damen","7":"product_cat-damenbekleidung","8":"product_cat-damenwaesche-de","9":"product_tag-craft-de","10":"product_tag-craft-damen-de","11":"pa_attivita-gehen","12":"pa_attivita-outdoor-de","13":"pa_attivita-running-de","14":"pa_attivita-trail-de","15":"pa_marca-craft-de","16":"pa_sesso-damen","17":"pa_size-medium-de","19":"first","20":"instock","21":"sale","22":"taxable","23":"shipping-taxable","24":"purchasable","25":"product-type-variable","26":"wvs-archive-product-wrapper"},"acf":[],"yoast_head":"<!-- This site is optimized with the Yoast SEO plugin v26.8 - https:\/\/yoast.com\/product\/yoast-seo-wordpress\/ -->\n<title>CraftPro Dry Nanoweight LS damen - Thermo-Unterw\u00e4sche - MioMioRun<\/title>\n<meta name=\"description\" content=\"Pro Dry Nanoweight LS ist ein superleichtes lang\u00e4rmeliges Mesh-Baselayer mit hervorragendem Feuchtigkeitsmanagement\" \/>\n<meta name=\"robots\" content=\"index, follow, max-snippet:-1, max-image-preview:large, max-video-preview:-1\" \/>\n<link rel=\"canonical\" href=\"https:\/\/www.miomiorun.com\/de\/produkt\/pro-dry-nanoweight-ls-damen\/\" \/>\n<meta property=\"og:locale\" content=\"de_DE\" \/>\n<meta property=\"og:type\" content=\"article\" \/>\n<meta property=\"og:title\" content=\"CraftPro Dry Nanoweight LS damen - Thermo-Unterw\u00e4sche - MioMioRun\" \/>\n<meta property=\"og:description\" content=\"Pro Dry Nanoweight LS ist ein superleichtes lang\u00e4rmeliges Mesh-Baselayer mit hervorragendem Feuchtigkeitsmanagement\" \/>\n<meta property=\"og:url\" content=\"https:\/\/www.miomiorun.com\/de\/produkt\/pro-dry-nanoweight-ls-damen\/\" \/>\n<meta property=\"og:site_name\" content=\"MioMioRun\" \/>\n<meta property=\"article:publisher\" content=\"https:\/\/www.facebook.com\/miomiorun\/\" \/>\n<meta property=\"article:modified_time\" content=\"2024-07-26T15:28:57+00:00\" \/>\n<meta property=\"og:image\" content=\"https:\/\/www.miomiorun.com\/app\/uploads\/2021\/04\/craft-Nanoweight-LS-1908855-999000.jpg\" \/>\n\t<meta property=\"og:image:width\" content=\"600\" \/>\n\t<meta property=\"og:image:height\" content=\"600\" \/>\n\t<meta property=\"og:image:type\" content=\"image\/jpeg\" \/>\n<meta name=\"twitter:card\" content=\"summary_large_image\" \/>\n<script type=\"application\/ld+json\" class=\"yoast-schema-graph\">{\"@context\":\"https:\/\/schema.org\",\"@graph\":[{\"@type\":\"WebPage\",\"@id\":\"https:\/\/www.miomiorun.com\/de\/produkt\/pro-dry-nanoweight-ls-damen\/\",\"url\":\"https:\/\/www.miomiorun.com\/de\/produkt\/pro-dry-nanoweight-ls-damen\/\",\"name\":\"CraftPro Dry Nanoweight LS damen - Thermo-Unterw\u00e4sche - MioMioRun\",\"isPartOf\":{\"@id\":\"https:\/\/www.miomiorun.com\/de\/#website\"},\"primaryImageOfPage\":{\"@id\":\"https:\/\/www.miomiorun.com\/de\/produkt\/pro-dry-nanoweight-ls-damen\/#primaryimage\"},\"image\":{\"@id\":\"https:\/\/www.miomiorun.com\/de\/produkt\/pro-dry-nanoweight-ls-damen\/#primaryimage\"},\"thumbnailUrl\":\"https:\/\/www.miomiorun.com\/app\/uploads\/2021\/04\/craft-Nanoweight-LS-1908855-999000.jpg\",\"datePublished\":\"2021-04-29T14:30:48+00:00\",\"dateModified\":\"2024-07-26T15:28:57+00:00\",\"description\":\"Pro Dry Nanoweight LS ist ein superleichtes lang\u00e4rmeliges Mesh-Baselayer mit hervorragendem Feuchtigkeitsmanagement\",\"breadcrumb\":{\"@id\":\"https:\/\/www.miomiorun.com\/de\/produkt\/pro-dry-nanoweight-ls-damen\/#breadcrumb\"},\"inLanguage\":\"de-DE\",\"potentialAction\":[{\"@type\":\"ReadAction\",\"target\":[\"https:\/\/www.miomiorun.com\/de\/produkt\/pro-dry-nanoweight-ls-damen\/\"]}]},{\"@type\":\"ImageObject\",\"inLanguage\":\"de-DE\",\"@id\":\"https:\/\/www.miomiorun.com\/de\/produkt\/pro-dry-nanoweight-ls-damen\/#primaryimage\",\"url\":\"https:\/\/www.miomiorun.com\/app\/uploads\/2021\/04\/craft-Nanoweight-LS-1908855-999000.jpg\",\"contentUrl\":\"https:\/\/www.miomiorun.com\/app\/uploads\/2021\/04\/craft-Nanoweight-LS-1908855-999000.jpg\",\"width\":600,\"height\":600,\"caption\":\"craft pro dry nanoweight ls fronte\"},{\"@type\":\"BreadcrumbList\",\"@id\":\"https:\/\/www.miomiorun.com\/de\/produkt\/pro-dry-nanoweight-ls-damen\/#breadcrumb\",\"itemListElement\":[{\"@type\":\"ListItem\",\"position\":1,\"name\":\"Home\",\"item\":\"https:\/\/www.miomiorun.com\/de\/\"},{\"@type\":\"ListItem\",\"position\":2,\"name\":\"Shop\",\"item\":\"https:\/\/www.miomiorun.com\/shop\/\"},{\"@type\":\"ListItem\",\"position\":3,\"name\":\"Pro Dry Nanoweight LS damen\"}]},{\"@type\":\"WebSite\",\"@id\":\"https:\/\/www.miomiorun.com\/de\/#website\",\"url\":\"https:\/\/www.miomiorun.com\/de\/\",\"name\":\"MioMioRun\",\"description\":\"100% Lauf- und Trailshop\",\"publisher\":{\"@id\":\"https:\/\/www.miomiorun.com\/de\/#organization\"},\"potentialAction\":[{\"@type\":\"SearchAction\",\"target\":{\"@type\":\"EntryPoint\",\"urlTemplate\":\"https:\/\/www.miomiorun.com\/de\/?s={search_term_string}\"},\"query-input\":{\"@type\":\"PropertyValueSpecification\",\"valueRequired\":true,\"valueName\":\"search_term_string\"}}],\"inLanguage\":\"de-DE\"},{\"@type\":\"Organization\",\"@id\":\"https:\/\/www.miomiorun.com\/de\/#organization\",\"name\":\"MioMio Run\",\"url\":\"https:\/\/www.miomiorun.com\/de\/\",\"logo\":{\"@type\":\"ImageObject\",\"inLanguage\":\"de-DE\",\"@id\":\"https:\/\/www.miomiorun.com\/de\/#\/schema\/logo\/image\/\",\"url\":\"https:\/\/www.miomiorun.com\/app\/uploads\/2019\/12\/logomio.png\",\"contentUrl\":\"https:\/\/www.miomiorun.com\/app\/uploads\/2019\/12\/logomio.png\",\"width\":115,\"height\":82,\"caption\":\"MioMio Run\"},\"image\":{\"@id\":\"https:\/\/www.miomiorun.com\/de\/#\/schema\/logo\/image\/\"},\"sameAs\":[\"https:\/\/www.facebook.com\/miomiorun\/\",\"https:\/\/www.instagram.com\/miomiorun\/\"]}]}<\/script>\n<!-- \/ Yoast SEO plugin. -->","yoast_head_json":{"title":"CraftPro Dry Nanoweight LS damen - Thermo-Unterw\u00e4sche - MioMioRun","description":"Pro Dry Nanoweight LS ist ein superleichtes lang\u00e4rmeliges Mesh-Baselayer mit hervorragendem Feuchtigkeitsmanagement","robots":{"index":"index","follow":"follow","max-snippet":"max-snippet:-1","max-image-preview":"max-image-preview:large","max-video-preview":"max-video-preview:-1"},"canonical":"https:\/\/www.miomiorun.com\/de\/produkt\/pro-dry-nanoweight-ls-damen\/","og_locale":"de_DE","og_type":"article","og_title":"CraftPro Dry Nanoweight LS damen - Thermo-Unterw\u00e4sche - MioMioRun","og_description":"Pro Dry Nanoweight LS ist ein superleichtes lang\u00e4rmeliges Mesh-Baselayer mit hervorragendem Feuchtigkeitsmanagement","og_url":"https:\/\/www.miomiorun.com\/de\/produkt\/pro-dry-nanoweight-ls-damen\/","og_site_name":"MioMioRun","article_publisher":"https:\/\/www.facebook.com\/miomiorun\/","article_modified_time":"2024-07-26T15:28:57+00:00","og_image":[{"width":600,"height":600,"url":"https:\/\/www.miomiorun.com\/app\/uploads\/2021\/04\/craft-Nanoweight-LS-1908855-999000.jpg","type":"image\/jpeg"}],"twitter_card":"summary_large_image","schema":{"@context":"https:\/\/schema.org","@graph":[{"@type":"WebPage","@id":"https:\/\/www.miomiorun.com\/de\/produkt\/pro-dry-nanoweight-ls-damen\/","url":"https:\/\/www.miomiorun.com\/de\/produkt\/pro-dry-nanoweight-ls-damen\/","name":"CraftPro Dry Nanoweight LS damen - Thermo-Unterw\u00e4sche - MioMioRun","isPartOf":{"@id":"https:\/\/www.miomiorun.com\/de\/#website"},"primaryImageOfPage":{"@id":"https:\/\/www.miomiorun.com\/de\/produkt\/pro-dry-nanoweight-ls-damen\/#primaryimage"},"image":{"@id":"https:\/\/www.miomiorun.com\/de\/produkt\/pro-dry-nanoweight-ls-damen\/#primaryimage"},"thumbnailUrl":"https:\/\/www.miomiorun.com\/app\/uploads\/2021\/04\/craft-Nanoweight-LS-1908855-999000.jpg","datePublished":"2021-04-29T14:30:48+00:00","dateModified":"2024-07-26T15:28:57+00:00","description":"Pro Dry Nanoweight LS ist ein superleichtes lang\u00e4rmeliges Mesh-Baselayer mit hervorragendem Feuchtigkeitsmanagement","breadcrumb":{"@id":"https:\/\/www.miomiorun.com\/de\/produkt\/pro-dry-nanoweight-ls-damen\/#breadcrumb"},"inLanguage":"de-DE","potentialAction":[{"@type":"ReadAction","target":["https:\/\/www.miomiorun.com\/de\/produkt\/pro-dry-nanoweight-ls-damen\/"]}]},{"@type":"ImageObject","inLanguage":"de-DE","@id":"https:\/\/www.miomiorun.com\/de\/produkt\/pro-dry-nanoweight-ls-damen\/#primaryimage","url":"https:\/\/www.miomiorun.com\/app\/uploads\/2021\/04\/craft-Nanoweight-LS-1908855-999000.jpg","contentUrl":"https:\/\/www.miomiorun.com\/app\/uploads\/2021\/04\/craft-Nanoweight-LS-1908855-999000.jpg","width":600,"height":600,"caption":"craft pro dry nanoweight ls fronte"},{"@type":"BreadcrumbList","@id":"https:\/\/www.miomiorun.com\/de\/produkt\/pro-dry-nanoweight-ls-damen\/#breadcrumb","itemListElement":[{"@type":"ListItem","position":1,"name":"Home","item":"https:\/\/www.miomiorun.com\/de\/"},{"@type":"ListItem","position":2,"name":"Shop","item":"https:\/\/www.miomiorun.com\/shop\/"},{"@type":"ListItem","position":3,"name":"Pro Dry Nanoweight LS damen"}]},{"@type":"WebSite","@id":"https:\/\/www.miomiorun.com\/de\/#website","url":"https:\/\/www.miomiorun.com\/de\/","name":"MioMioRun","description":"100% Lauf- und Trailshop","publisher":{"@id":"https:\/\/www.miomiorun.com\/de\/#organization"},"potentialAction":[{"@type":"SearchAction","target":{"@type":"EntryPoint","urlTemplate":"https:\/\/www.miomiorun.com\/de\/?s={search_term_string}"},"query-input":{"@type":"PropertyValueSpecification","valueRequired":true,"valueName":"search_term_string"}}],"inLanguage":"de-DE"},{"@type":"Organization","@id":"https:\/\/www.miomiorun.com\/de\/#organization","name":"MioMio Run","url":"https:\/\/www.miomiorun.com\/de\/","logo":{"@type":"ImageObject","inLanguage":"de-DE","@id":"https:\/\/www.miomiorun.com\/de\/#\/schema\/logo\/image\/","url":"https:\/\/www.miomiorun.com\/app\/uploads\/2019\/12\/logomio.png","contentUrl":"https:\/\/www.miomiorun.com\/app\/uploads\/2019\/12\/logomio.png","width":115,"height":82,"caption":"MioMio Run"},"image":{"@id":"https:\/\/www.miomiorun.com\/de\/#\/schema\/logo\/image\/"},"sameAs":["https:\/\/www.facebook.com\/miomiorun\/","https:\/\/www.instagram.com\/miomiorun\/"]}]}},"_links":{"self":[{"href":"https:\/\/www.miomiorun.com\/de\/wp-json\/wp\/v2\/product\/176288","targetHints":{"allow":["GET"]}}],"collection":[{"href":"https:\/\/www.miomiorun.com\/de\/wp-json\/wp\/v2\/product"}],"about":[{"href":"https:\/\/www.miomiorun.com\/de\/wp-json\/wp\/v2\/types\/product"}],"wp:featuredmedia":[{"embeddable":true,"href":"https:\/\/www.miomiorun.com\/de\/wp-json\/wp\/v2\/media\/55491"}],"wp:attachment":[{"href":"https:\/\/www.miomiorun.com\/de\/wp-json\/wp\/v2\/media?parent=176288"}],"wp:term":[{"taxonomy":"product_brand","embeddable":true,"href":"https:\/\/www.miomiorun.com\/de\/wp-json\/wp\/v2\/product_brand?post=176288"},{"taxonomy":"product_cat","embeddable":true,"href":"https:\/\/www.miomiorun.com\/de\/wp-json\/wp\/v2\/product_cat?post=176288"},{"taxonomy":"product_tag","embeddable":true,"href":"https:\/\/www.miomiorun.com\/de\/wp-json\/wp\/v2\/product_tag?post=176288"}],"curies":[{"name":"wp","href":"https:\/\/api.w.org\/{rel}","templated":true}]}}