{"id":176284,"date":"2021-04-30T18:17:24","date_gmt":"2021-04-30T16:17:24","guid":{"rendered":"https:\/\/miomiorun.com\/prodotto\/brooks-drive-interlace-run-bra-donna\/"},"modified":"2024-07-26T17:33:53","modified_gmt":"2024-07-26T15:33:53","slug":"drive-interlace-run-bra-damen","status":"publish","type":"product","link":"https:\/\/www.miomiorun.com\/de\/produkt\/drive-interlace-run-bra-damen\/","title":{"rendered":"Drive Interlace Run bra damen"},"content":{"rendered":"<div class=\"single-product-description\">\n<div class=\"single-product-description\">Sie suchen nach maximaler Atmungsaktivit\u00e4t, aber auch nach einem originellen Stil? Der Drive Interlace Lauf-BH mit Webung im R\u00fccken bietet Ihnen die ideale Unterst\u00fctzung und Kompression beim Laufen.<\/div>\n<div><\/div>\n<div><\/div>\n<table class=\"shoe__specs\">\n<tbody>\n<tr class=\"specs__row\">\n<td class=\"label label--bold\" tabindex=\"0\">Passform<\/td>\n<td tabindex=\"0\">\n<p class=\"small\">Eng anliegend<\/p>\n<\/td>\n<\/tr>\n<tr class=\"specs__row\">\n<td class=\"label label--bold\" tabindex=\"0\">Material<\/td>\n<td tabindex=\"0\">\n<p class=\"small\">DriLayer\u00ae HorsePower 72% Polyester, 28% Elasthan<\/p>\n<\/td>\n<\/tr>\n<tr class=\"specs__row\">\n<td class=\"label label--bold\" tabindex=\"0\">Art des Verschlusses<\/td>\n<td tabindex=\"0\">\n<p class=\"small\">Riemen, Haken- und \u00d6senverschluss im R\u00fccken<\/p>\n<\/td>\n<\/tr>\n<tr class=\"specs__row\">\n<td class=\"label label--bold\" tabindex=\"0\">bluesign\u00ae<\/td>\n<td tabindex=\"0\">\n<p class=\"small\">Ja<\/p>\n<\/td>\n<\/tr>\n<\/tbody>\n<\/table>\n<h2>Unterst\u00fctzung und Kompression beim Laufen<\/h2>\n<p>Dieser BH bewegt sich mit Ihrem K\u00f6rper und bietet die richtige Kompression, um Bewegungen zu reduzieren und Komfort und Unterst\u00fctzung beim Laufen in verschiedenen Gr\u00f6\u00dfen zu bieten.<\/p>\n<h2>Extreme Atmungsaktivit\u00e4t<\/h2>\n<p>Das schnelltrocknende DriLayer\u00ae-Gewebe, das Netzgewebe in den Bereichen mit hoher Transpiration und der k\u00f6rperbetonte Schnitt sorgen f\u00fcr eine optimale Bel\u00fcftung.<\/p>\n<h2>Diskrete Abdeckung<\/h2>\n<p>Polsterungstechnologie, die Sicherheit und einen formenden Effekt ohne eingebaute Cups bietet.<\/p>\n<h3>Weitere Vorteile<\/h3>\n<h4>Komfort ohne Ablenkung<\/h4>\n<p>W\u00e4rmeversiegelte N\u00e4hte reduzieren Hautreizungen<\/p>\n<h4>Ma\u00dfgeschneiderte Passform<\/h4>\n<p>Verstellbarer R\u00fcckenverschluss mit Riemen<\/p>\n<\/div>\n","protected":false},"excerpt":{"rendered":"<p>Sie suchen nach maximaler Atmungsaktivit\u00e4t, aber auch nach einem originellen Stil? Der Drive Interlace Lauf-BH mit Webung im R\u00fccken bietet Ihnen die ideale Unterst\u00fctzung und Kompression beim Laufen. Passform Eng anliegend Material DriLayer\u00ae HorsePower 72% Polyester, 28% Elasthan Art des Verschlusses Riemen, Haken- und \u00d6senverschluss im R\u00fccken bluesign\u00ae Ja Unterst\u00fctzung und Kompression beim Laufen Dieser &hellip; <a href=\"https:\/\/www.miomiorun.com\/de\/produkt\/drive-interlace-run-bra-damen\/\">Continued<\/a><\/p>\n","protected":false},"featured_media":55501,"template":"","meta":{"_acf_changed":false,"inline_featured_image":false},"product_brand":[],"product_cat":[6400,6401,6485],"product_tag":[3362,6205],"class_list":{"0":"post-176284","1":"product","2":"type-product","3":"status-publish","4":"has-post-thumbnail","6":"product_cat-damen","7":"product_cat-damenbekleidung","8":"product_cat-damenwaesche-de","9":"product_tag-brooks-de","10":"product_tag-brooks-damen-de","11":"pa_attivita-fitness-de","12":"pa_attivita-gehen","13":"pa_attivita-running-de","14":"pa_marca-brooks-de","15":"pa_sesso-damen","16":"pa_size-32c-de","17":"pa_size-34c-de","18":"pa_size-36c-de","19":"pa_size-38c-de","21":"first","22":"instock","23":"sale","24":"taxable","25":"shipping-taxable","26":"purchasable","27":"product-type-variable","28":"wvs-archive-product-wrapper"},"acf":[],"yoast_head":"<!-- This site is optimized with the Yoast SEO plugin v26.8 - https:\/\/yoast.com\/product\/yoast-seo-wordpress\/ -->\n<title>Brooks Drive Interlace Run bra damen - Sport-BH - MioMioRun<\/title>\n<meta name=\"description\" content=\"Der Drive Interlace Lauf-BH mit Webung im R\u00fccken gibt Ihnen die ideale Unterst\u00fctzung und Kompression beim Laufen.\" \/>\n<meta name=\"robots\" content=\"index, follow, max-snippet:-1, max-image-preview:large, max-video-preview:-1\" \/>\n<link rel=\"canonical\" href=\"https:\/\/www.miomiorun.com\/de\/produkt\/drive-interlace-run-bra-damen\/\" \/>\n<meta property=\"og:locale\" content=\"de_DE\" \/>\n<meta property=\"og:type\" content=\"article\" \/>\n<meta property=\"og:title\" content=\"Brooks Drive Interlace Run bra damen - Sport-BH - MioMioRun\" \/>\n<meta property=\"og:description\" content=\"Der Drive Interlace Lauf-BH mit Webung im R\u00fccken gibt Ihnen die ideale Unterst\u00fctzung und Kompression beim Laufen.\" \/>\n<meta property=\"og:url\" content=\"https:\/\/www.miomiorun.com\/de\/produkt\/drive-interlace-run-bra-damen\/\" \/>\n<meta property=\"og:site_name\" content=\"MioMioRun\" \/>\n<meta property=\"article:publisher\" content=\"https:\/\/www.facebook.com\/miomiorun\/\" \/>\n<meta property=\"article:modified_time\" content=\"2024-07-26T15:33:53+00:00\" \/>\n<meta property=\"og:image\" content=\"https:\/\/www.miomiorun.com\/app\/uploads\/2021\/04\/brooks-Drive-Interlace-Run-bra-350082-001.jpg\" \/>\n\t<meta property=\"og:image:width\" content=\"600\" \/>\n\t<meta property=\"og:image:height\" content=\"600\" \/>\n\t<meta property=\"og:image:type\" content=\"image\/jpeg\" \/>\n<meta name=\"twitter:card\" content=\"summary_large_image\" \/>\n<meta name=\"twitter:label1\" content=\"Est. reading time\" \/>\n\t<meta name=\"twitter:data1\" content=\"1 minute\" \/>\n<script type=\"application\/ld+json\" class=\"yoast-schema-graph\">{\"@context\":\"https:\/\/schema.org\",\"@graph\":[{\"@type\":\"WebPage\",\"@id\":\"https:\/\/www.miomiorun.com\/de\/produkt\/drive-interlace-run-bra-damen\/\",\"url\":\"https:\/\/www.miomiorun.com\/de\/produkt\/drive-interlace-run-bra-damen\/\",\"name\":\"Brooks Drive Interlace Run bra damen - Sport-BH - MioMioRun\",\"isPartOf\":{\"@id\":\"https:\/\/www.miomiorun.com\/de\/#website\"},\"primaryImageOfPage\":{\"@id\":\"https:\/\/www.miomiorun.com\/de\/produkt\/drive-interlace-run-bra-damen\/#primaryimage\"},\"image\":{\"@id\":\"https:\/\/www.miomiorun.com\/de\/produkt\/drive-interlace-run-bra-damen\/#primaryimage\"},\"thumbnailUrl\":\"https:\/\/www.miomiorun.com\/app\/uploads\/2021\/04\/brooks-Drive-Interlace-Run-bra-350082-001.jpg\",\"datePublished\":\"2021-04-30T16:17:24+00:00\",\"dateModified\":\"2024-07-26T15:33:53+00:00\",\"description\":\"Der Drive Interlace Lauf-BH mit Webung im R\u00fccken gibt Ihnen die ideale Unterst\u00fctzung und Kompression beim Laufen.\",\"breadcrumb\":{\"@id\":\"https:\/\/www.miomiorun.com\/de\/produkt\/drive-interlace-run-bra-damen\/#breadcrumb\"},\"inLanguage\":\"de-DE\",\"potentialAction\":[{\"@type\":\"ReadAction\",\"target\":[\"https:\/\/www.miomiorun.com\/de\/produkt\/drive-interlace-run-bra-damen\/\"]}]},{\"@type\":\"ImageObject\",\"inLanguage\":\"de-DE\",\"@id\":\"https:\/\/www.miomiorun.com\/de\/produkt\/drive-interlace-run-bra-damen\/#primaryimage\",\"url\":\"https:\/\/www.miomiorun.com\/app\/uploads\/2021\/04\/brooks-Drive-Interlace-Run-bra-350082-001.jpg\",\"contentUrl\":\"https:\/\/www.miomiorun.com\/app\/uploads\/2021\/04\/brooks-Drive-Interlace-Run-bra-350082-001.jpg\",\"width\":600,\"height\":600,\"caption\":\"brooks drive interlace run bra\"},{\"@type\":\"BreadcrumbList\",\"@id\":\"https:\/\/www.miomiorun.com\/de\/produkt\/drive-interlace-run-bra-damen\/#breadcrumb\",\"itemListElement\":[{\"@type\":\"ListItem\",\"position\":1,\"name\":\"Home\",\"item\":\"https:\/\/www.miomiorun.com\/de\/\"},{\"@type\":\"ListItem\",\"position\":2,\"name\":\"Shop\",\"item\":\"https:\/\/www.miomiorun.com\/shop\/\"},{\"@type\":\"ListItem\",\"position\":3,\"name\":\"Drive Interlace Run bra damen\"}]},{\"@type\":\"WebSite\",\"@id\":\"https:\/\/www.miomiorun.com\/de\/#website\",\"url\":\"https:\/\/www.miomiorun.com\/de\/\",\"name\":\"MioMioRun\",\"description\":\"100% Lauf- und Trailshop\",\"publisher\":{\"@id\":\"https:\/\/www.miomiorun.com\/de\/#organization\"},\"potentialAction\":[{\"@type\":\"SearchAction\",\"target\":{\"@type\":\"EntryPoint\",\"urlTemplate\":\"https:\/\/www.miomiorun.com\/de\/?s={search_term_string}\"},\"query-input\":{\"@type\":\"PropertyValueSpecification\",\"valueRequired\":true,\"valueName\":\"search_term_string\"}}],\"inLanguage\":\"de-DE\"},{\"@type\":\"Organization\",\"@id\":\"https:\/\/www.miomiorun.com\/de\/#organization\",\"name\":\"MioMio Run\",\"url\":\"https:\/\/www.miomiorun.com\/de\/\",\"logo\":{\"@type\":\"ImageObject\",\"inLanguage\":\"de-DE\",\"@id\":\"https:\/\/www.miomiorun.com\/de\/#\/schema\/logo\/image\/\",\"url\":\"https:\/\/www.miomiorun.com\/app\/uploads\/2019\/12\/logomio.png\",\"contentUrl\":\"https:\/\/www.miomiorun.com\/app\/uploads\/2019\/12\/logomio.png\",\"width\":115,\"height\":82,\"caption\":\"MioMio Run\"},\"image\":{\"@id\":\"https:\/\/www.miomiorun.com\/de\/#\/schema\/logo\/image\/\"},\"sameAs\":[\"https:\/\/www.facebook.com\/miomiorun\/\",\"https:\/\/www.instagram.com\/miomiorun\/\"]}]}<\/script>\n<!-- \/ Yoast SEO plugin. -->","yoast_head_json":{"title":"Brooks Drive Interlace Run bra damen - Sport-BH - MioMioRun","description":"Der Drive Interlace Lauf-BH mit Webung im R\u00fccken gibt Ihnen die ideale Unterst\u00fctzung und Kompression beim Laufen.","robots":{"index":"index","follow":"follow","max-snippet":"max-snippet:-1","max-image-preview":"max-image-preview:large","max-video-preview":"max-video-preview:-1"},"canonical":"https:\/\/www.miomiorun.com\/de\/produkt\/drive-interlace-run-bra-damen\/","og_locale":"de_DE","og_type":"article","og_title":"Brooks Drive Interlace Run bra damen - Sport-BH - MioMioRun","og_description":"Der Drive Interlace Lauf-BH mit Webung im R\u00fccken gibt Ihnen die ideale Unterst\u00fctzung und Kompression beim Laufen.","og_url":"https:\/\/www.miomiorun.com\/de\/produkt\/drive-interlace-run-bra-damen\/","og_site_name":"MioMioRun","article_publisher":"https:\/\/www.facebook.com\/miomiorun\/","article_modified_time":"2024-07-26T15:33:53+00:00","og_image":[{"width":600,"height":600,"url":"https:\/\/www.miomiorun.com\/app\/uploads\/2021\/04\/brooks-Drive-Interlace-Run-bra-350082-001.jpg","type":"image\/jpeg"}],"twitter_card":"summary_large_image","twitter_misc":{"Est. reading time":"1 minute"},"schema":{"@context":"https:\/\/schema.org","@graph":[{"@type":"WebPage","@id":"https:\/\/www.miomiorun.com\/de\/produkt\/drive-interlace-run-bra-damen\/","url":"https:\/\/www.miomiorun.com\/de\/produkt\/drive-interlace-run-bra-damen\/","name":"Brooks Drive Interlace Run bra damen - Sport-BH - MioMioRun","isPartOf":{"@id":"https:\/\/www.miomiorun.com\/de\/#website"},"primaryImageOfPage":{"@id":"https:\/\/www.miomiorun.com\/de\/produkt\/drive-interlace-run-bra-damen\/#primaryimage"},"image":{"@id":"https:\/\/www.miomiorun.com\/de\/produkt\/drive-interlace-run-bra-damen\/#primaryimage"},"thumbnailUrl":"https:\/\/www.miomiorun.com\/app\/uploads\/2021\/04\/brooks-Drive-Interlace-Run-bra-350082-001.jpg","datePublished":"2021-04-30T16:17:24+00:00","dateModified":"2024-07-26T15:33:53+00:00","description":"Der Drive Interlace Lauf-BH mit Webung im R\u00fccken gibt Ihnen die ideale Unterst\u00fctzung und Kompression beim Laufen.","breadcrumb":{"@id":"https:\/\/www.miomiorun.com\/de\/produkt\/drive-interlace-run-bra-damen\/#breadcrumb"},"inLanguage":"de-DE","potentialAction":[{"@type":"ReadAction","target":["https:\/\/www.miomiorun.com\/de\/produkt\/drive-interlace-run-bra-damen\/"]}]},{"@type":"ImageObject","inLanguage":"de-DE","@id":"https:\/\/www.miomiorun.com\/de\/produkt\/drive-interlace-run-bra-damen\/#primaryimage","url":"https:\/\/www.miomiorun.com\/app\/uploads\/2021\/04\/brooks-Drive-Interlace-Run-bra-350082-001.jpg","contentUrl":"https:\/\/www.miomiorun.com\/app\/uploads\/2021\/04\/brooks-Drive-Interlace-Run-bra-350082-001.jpg","width":600,"height":600,"caption":"brooks drive interlace run bra"},{"@type":"BreadcrumbList","@id":"https:\/\/www.miomiorun.com\/de\/produkt\/drive-interlace-run-bra-damen\/#breadcrumb","itemListElement":[{"@type":"ListItem","position":1,"name":"Home","item":"https:\/\/www.miomiorun.com\/de\/"},{"@type":"ListItem","position":2,"name":"Shop","item":"https:\/\/www.miomiorun.com\/shop\/"},{"@type":"ListItem","position":3,"name":"Drive Interlace Run bra damen"}]},{"@type":"WebSite","@id":"https:\/\/www.miomiorun.com\/de\/#website","url":"https:\/\/www.miomiorun.com\/de\/","name":"MioMioRun","description":"100% Lauf- und Trailshop","publisher":{"@id":"https:\/\/www.miomiorun.com\/de\/#organization"},"potentialAction":[{"@type":"SearchAction","target":{"@type":"EntryPoint","urlTemplate":"https:\/\/www.miomiorun.com\/de\/?s={search_term_string}"},"query-input":{"@type":"PropertyValueSpecification","valueRequired":true,"valueName":"search_term_string"}}],"inLanguage":"de-DE"},{"@type":"Organization","@id":"https:\/\/www.miomiorun.com\/de\/#organization","name":"MioMio Run","url":"https:\/\/www.miomiorun.com\/de\/","logo":{"@type":"ImageObject","inLanguage":"de-DE","@id":"https:\/\/www.miomiorun.com\/de\/#\/schema\/logo\/image\/","url":"https:\/\/www.miomiorun.com\/app\/uploads\/2019\/12\/logomio.png","contentUrl":"https:\/\/www.miomiorun.com\/app\/uploads\/2019\/12\/logomio.png","width":115,"height":82,"caption":"MioMio Run"},"image":{"@id":"https:\/\/www.miomiorun.com\/de\/#\/schema\/logo\/image\/"},"sameAs":["https:\/\/www.facebook.com\/miomiorun\/","https:\/\/www.instagram.com\/miomiorun\/"]}]}},"_links":{"self":[{"href":"https:\/\/www.miomiorun.com\/de\/wp-json\/wp\/v2\/product\/176284","targetHints":{"allow":["GET"]}}],"collection":[{"href":"https:\/\/www.miomiorun.com\/de\/wp-json\/wp\/v2\/product"}],"about":[{"href":"https:\/\/www.miomiorun.com\/de\/wp-json\/wp\/v2\/types\/product"}],"wp:featuredmedia":[{"embeddable":true,"href":"https:\/\/www.miomiorun.com\/de\/wp-json\/wp\/v2\/media\/55501"}],"wp:attachment":[{"href":"https:\/\/www.miomiorun.com\/de\/wp-json\/wp\/v2\/media?parent=176284"}],"wp:term":[{"taxonomy":"product_brand","embeddable":true,"href":"https:\/\/www.miomiorun.com\/de\/wp-json\/wp\/v2\/product_brand?post=176284"},{"taxonomy":"product_cat","embeddable":true,"href":"https:\/\/www.miomiorun.com\/de\/wp-json\/wp\/v2\/product_cat?post=176284"},{"taxonomy":"product_tag","embeddable":true,"href":"https:\/\/www.miomiorun.com\/de\/wp-json\/wp\/v2\/product_tag?post=176284"}],"curies":[{"name":"wp","href":"https:\/\/api.w.org\/{rel}","templated":true}]}}