{"id":176280,"date":"2021-08-12T19:03:51","date_gmt":"2021-08-12T17:03:51","guid":{"rendered":"https:\/\/miomiorun.com\/prodotto\/craft-warm-comfort-ls-donna\/"},"modified":"2024-07-26T17:35:51","modified_gmt":"2024-07-26T15:35:51","slug":"warm-comfort-ls-damen","status":"publish","type":"product","link":"https:\/\/www.miomiorun.com\/de\/produkt\/warm-comfort-ls-damen\/","title":{"rendered":"Warm Comfort LS damen"},"content":{"rendered":"<p>Das Women&#8217;s <strong>Warm Comfort LS<\/strong> von Craft ist ein weiches und funktionelles Trikot, das f\u00fcr intensives Training bei kalten Bedingungen entwickelt wurde.<\/p>\n<p>Das lang\u00e4rmelige Trikot besteht aus leichtem Thermogarn und verf\u00fcgt \u00fcber Hohlfasern und k\u00f6rpereigene Klimazonen, die zusammen f\u00fcr eine hervorragende W\u00e4rmeregulierung sorgen. Dar\u00fcber hinaus verf\u00fcgt das Kleidungsst\u00fcck \u00fcber die innovative Fuseknit-Technologie, die nahtlos gestrickte Teile mit ergonomischen und strategischen N\u00e4hten kombiniert, um weiche und dehnbare Kleidungsst\u00fccke zu schaffen. Das Ergebnis sind weniger N\u00e4hte und ein glattes, scheuerfreies und \u00e4u\u00dferst komfortables Tragegef\u00fchl. Eine ausgezeichnete Wahl f\u00fcr den alpinen Skisport und \u00e4hnliche Aktivit\u00e4ten.<\/p>\n<p><strong>Eigenschaften:<\/strong><\/p>\n<ul>\n<li>Leichtes Thermogarn f\u00fcr hervorragende W\u00e4rmeregulierung.<\/li>\n<li>Hohlfasern f\u00fcr bessere Isolierung.<\/li>\n<li>Nahtloser Torso.<\/li>\n<li>3D-Strick, ergonomische Passform.<\/li>\n<li>Eng anliegend.<\/li>\n<li>Temperatur: -15 \u00baC bis -5 \u00baC.<\/li>\n<\/ul>\n","protected":false},"excerpt":{"rendered":"<p>Das Women&#8217;s Warm Comfort LS von Craft ist ein weiches und funktionelles Trikot, das f\u00fcr intensives Training bei kalten Bedingungen entwickelt wurde. Das lang\u00e4rmelige Trikot besteht aus leichtem Thermogarn und verf\u00fcgt \u00fcber Hohlfasern und k\u00f6rpereigene Klimazonen, die zusammen f\u00fcr eine hervorragende W\u00e4rmeregulierung sorgen. Dar\u00fcber hinaus verf\u00fcgt das Kleidungsst\u00fcck \u00fcber die innovative Fuseknit-Technologie, die nahtlos gestrickte &hellip; <a href=\"https:\/\/www.miomiorun.com\/de\/produkt\/warm-comfort-ls-damen\/\">Continued<\/a><\/p>\n","protected":false},"featured_media":57750,"template":"","meta":{"_acf_changed":false,"inline_featured_image":false},"product_brand":[],"product_cat":[6400,6401,6485],"product_tag":[6304,6232],"class_list":{"0":"post-176280","1":"product","2":"type-product","3":"status-publish","4":"has-post-thumbnail","6":"product_cat-damen","7":"product_cat-damenbekleidung","8":"product_cat-damenwaesche-de","9":"product_tag-craft-de","10":"product_tag-craft-damen-de","11":"pa_attivita-gehen","12":"pa_attivita-outdoor-de","13":"pa_attivita-running-de","14":"pa_attivita-trail-de","15":"pa_marca-craft-de","16":"pa_sesso-damen","17":"pa_size-extra-small-de","18":"pa_size-small-de","19":"pa_size-large-de","20":"pa_size-extra-large-de","22":"first","23":"instock","24":"sale","25":"taxable","26":"shipping-taxable","27":"purchasable","28":"product-type-variable","29":"wvs-archive-product-wrapper"},"acf":[],"yoast_head":"<!-- This site is optimized with the Yoast SEO plugin v26.8 - https:\/\/yoast.com\/product\/yoast-seo-wordpress\/ -->\n<title>Warm Comfort LS damen - Thermo-Unterw\u00e4sche - MioMioRun<\/title>\n<meta name=\"description\" content=\"Das Women&#039;s Warm Comfort LS von Craft ist ein weiches und funktionelles Trikot, das f\u00fcr intensives Training bei kalten Bedingungen entwickelt wurde.\" \/>\n<meta name=\"robots\" content=\"index, follow, max-snippet:-1, max-image-preview:large, max-video-preview:-1\" \/>\n<link rel=\"canonical\" href=\"https:\/\/www.miomiorun.com\/de\/produkt\/warm-comfort-ls-damen\/\" \/>\n<meta property=\"og:locale\" content=\"de_DE\" \/>\n<meta property=\"og:type\" content=\"article\" \/>\n<meta property=\"og:title\" content=\"Warm Comfort LS damen - Thermo-Unterw\u00e4sche - MioMioRun\" \/>\n<meta property=\"og:description\" content=\"Das Women&#039;s Warm Comfort LS von Craft ist ein weiches und funktionelles Trikot, das f\u00fcr intensives Training bei kalten Bedingungen entwickelt wurde.\" \/>\n<meta property=\"og:url\" content=\"https:\/\/www.miomiorun.com\/de\/produkt\/warm-comfort-ls-damen\/\" \/>\n<meta property=\"og:site_name\" content=\"MioMioRun\" \/>\n<meta property=\"article:publisher\" content=\"https:\/\/www.facebook.com\/miomiorun\/\" \/>\n<meta property=\"article:modified_time\" content=\"2024-07-26T15:35:51+00:00\" \/>\n<meta property=\"og:image\" content=\"https:\/\/www.miomiorun.com\/app\/uploads\/2021\/08\/craft-Warm-comfort-LS-1906606-999000.jpg\" \/>\n\t<meta property=\"og:image:width\" content=\"600\" \/>\n\t<meta property=\"og:image:height\" content=\"600\" \/>\n\t<meta property=\"og:image:type\" content=\"image\/jpeg\" \/>\n<meta name=\"twitter:card\" content=\"summary_large_image\" \/>\n<meta name=\"twitter:label1\" content=\"Est. reading time\" \/>\n\t<meta name=\"twitter:data1\" content=\"1 minute\" \/>\n<script type=\"application\/ld+json\" class=\"yoast-schema-graph\">{\"@context\":\"https:\/\/schema.org\",\"@graph\":[{\"@type\":\"WebPage\",\"@id\":\"https:\/\/www.miomiorun.com\/de\/produkt\/warm-comfort-ls-damen\/\",\"url\":\"https:\/\/www.miomiorun.com\/de\/produkt\/warm-comfort-ls-damen\/\",\"name\":\"Warm Comfort LS damen - Thermo-Unterw\u00e4sche - MioMioRun\",\"isPartOf\":{\"@id\":\"https:\/\/www.miomiorun.com\/de\/#website\"},\"primaryImageOfPage\":{\"@id\":\"https:\/\/www.miomiorun.com\/de\/produkt\/warm-comfort-ls-damen\/#primaryimage\"},\"image\":{\"@id\":\"https:\/\/www.miomiorun.com\/de\/produkt\/warm-comfort-ls-damen\/#primaryimage\"},\"thumbnailUrl\":\"https:\/\/www.miomiorun.com\/app\/uploads\/2021\/08\/craft-Warm-comfort-LS-1906606-999000.jpg\",\"datePublished\":\"2021-08-12T17:03:51+00:00\",\"dateModified\":\"2024-07-26T15:35:51+00:00\",\"description\":\"Das Women's Warm Comfort LS von Craft ist ein weiches und funktionelles Trikot, das f\u00fcr intensives Training bei kalten Bedingungen entwickelt wurde.\",\"breadcrumb\":{\"@id\":\"https:\/\/www.miomiorun.com\/de\/produkt\/warm-comfort-ls-damen\/#breadcrumb\"},\"inLanguage\":\"de-DE\",\"potentialAction\":[{\"@type\":\"ReadAction\",\"target\":[\"https:\/\/www.miomiorun.com\/de\/produkt\/warm-comfort-ls-damen\/\"]}]},{\"@type\":\"ImageObject\",\"inLanguage\":\"de-DE\",\"@id\":\"https:\/\/www.miomiorun.com\/de\/produkt\/warm-comfort-ls-damen\/#primaryimage\",\"url\":\"https:\/\/www.miomiorun.com\/app\/uploads\/2021\/08\/craft-Warm-comfort-LS-1906606-999000.jpg\",\"contentUrl\":\"https:\/\/www.miomiorun.com\/app\/uploads\/2021\/08\/craft-Warm-comfort-LS-1906606-999000.jpg\",\"width\":600,\"height\":600,\"caption\":\"craft warm comfort ls\"},{\"@type\":\"BreadcrumbList\",\"@id\":\"https:\/\/www.miomiorun.com\/de\/produkt\/warm-comfort-ls-damen\/#breadcrumb\",\"itemListElement\":[{\"@type\":\"ListItem\",\"position\":1,\"name\":\"Home\",\"item\":\"https:\/\/www.miomiorun.com\/de\/\"},{\"@type\":\"ListItem\",\"position\":2,\"name\":\"Shop\",\"item\":\"https:\/\/www.miomiorun.com\/shop\/\"},{\"@type\":\"ListItem\",\"position\":3,\"name\":\"Warm Comfort LS damen\"}]},{\"@type\":\"WebSite\",\"@id\":\"https:\/\/www.miomiorun.com\/de\/#website\",\"url\":\"https:\/\/www.miomiorun.com\/de\/\",\"name\":\"MioMioRun\",\"description\":\"100% Lauf- und Trailshop\",\"publisher\":{\"@id\":\"https:\/\/www.miomiorun.com\/de\/#organization\"},\"potentialAction\":[{\"@type\":\"SearchAction\",\"target\":{\"@type\":\"EntryPoint\",\"urlTemplate\":\"https:\/\/www.miomiorun.com\/de\/?s={search_term_string}\"},\"query-input\":{\"@type\":\"PropertyValueSpecification\",\"valueRequired\":true,\"valueName\":\"search_term_string\"}}],\"inLanguage\":\"de-DE\"},{\"@type\":\"Organization\",\"@id\":\"https:\/\/www.miomiorun.com\/de\/#organization\",\"name\":\"MioMio Run\",\"url\":\"https:\/\/www.miomiorun.com\/de\/\",\"logo\":{\"@type\":\"ImageObject\",\"inLanguage\":\"de-DE\",\"@id\":\"https:\/\/www.miomiorun.com\/de\/#\/schema\/logo\/image\/\",\"url\":\"https:\/\/www.miomiorun.com\/app\/uploads\/2019\/12\/logomio.png\",\"contentUrl\":\"https:\/\/www.miomiorun.com\/app\/uploads\/2019\/12\/logomio.png\",\"width\":115,\"height\":82,\"caption\":\"MioMio Run\"},\"image\":{\"@id\":\"https:\/\/www.miomiorun.com\/de\/#\/schema\/logo\/image\/\"},\"sameAs\":[\"https:\/\/www.facebook.com\/miomiorun\/\",\"https:\/\/www.instagram.com\/miomiorun\/\"]}]}<\/script>\n<!-- \/ Yoast SEO plugin. -->","yoast_head_json":{"title":"Warm Comfort LS damen - Thermo-Unterw\u00e4sche - MioMioRun","description":"Das Women's Warm Comfort LS von Craft ist ein weiches und funktionelles Trikot, das f\u00fcr intensives Training bei kalten Bedingungen entwickelt wurde.","robots":{"index":"index","follow":"follow","max-snippet":"max-snippet:-1","max-image-preview":"max-image-preview:large","max-video-preview":"max-video-preview:-1"},"canonical":"https:\/\/www.miomiorun.com\/de\/produkt\/warm-comfort-ls-damen\/","og_locale":"de_DE","og_type":"article","og_title":"Warm Comfort LS damen - Thermo-Unterw\u00e4sche - MioMioRun","og_description":"Das Women's Warm Comfort LS von Craft ist ein weiches und funktionelles Trikot, das f\u00fcr intensives Training bei kalten Bedingungen entwickelt wurde.","og_url":"https:\/\/www.miomiorun.com\/de\/produkt\/warm-comfort-ls-damen\/","og_site_name":"MioMioRun","article_publisher":"https:\/\/www.facebook.com\/miomiorun\/","article_modified_time":"2024-07-26T15:35:51+00:00","og_image":[{"width":600,"height":600,"url":"https:\/\/www.miomiorun.com\/app\/uploads\/2021\/08\/craft-Warm-comfort-LS-1906606-999000.jpg","type":"image\/jpeg"}],"twitter_card":"summary_large_image","twitter_misc":{"Est. reading time":"1 minute"},"schema":{"@context":"https:\/\/schema.org","@graph":[{"@type":"WebPage","@id":"https:\/\/www.miomiorun.com\/de\/produkt\/warm-comfort-ls-damen\/","url":"https:\/\/www.miomiorun.com\/de\/produkt\/warm-comfort-ls-damen\/","name":"Warm Comfort LS damen - Thermo-Unterw\u00e4sche - MioMioRun","isPartOf":{"@id":"https:\/\/www.miomiorun.com\/de\/#website"},"primaryImageOfPage":{"@id":"https:\/\/www.miomiorun.com\/de\/produkt\/warm-comfort-ls-damen\/#primaryimage"},"image":{"@id":"https:\/\/www.miomiorun.com\/de\/produkt\/warm-comfort-ls-damen\/#primaryimage"},"thumbnailUrl":"https:\/\/www.miomiorun.com\/app\/uploads\/2021\/08\/craft-Warm-comfort-LS-1906606-999000.jpg","datePublished":"2021-08-12T17:03:51+00:00","dateModified":"2024-07-26T15:35:51+00:00","description":"Das Women's Warm Comfort LS von Craft ist ein weiches und funktionelles Trikot, das f\u00fcr intensives Training bei kalten Bedingungen entwickelt wurde.","breadcrumb":{"@id":"https:\/\/www.miomiorun.com\/de\/produkt\/warm-comfort-ls-damen\/#breadcrumb"},"inLanguage":"de-DE","potentialAction":[{"@type":"ReadAction","target":["https:\/\/www.miomiorun.com\/de\/produkt\/warm-comfort-ls-damen\/"]}]},{"@type":"ImageObject","inLanguage":"de-DE","@id":"https:\/\/www.miomiorun.com\/de\/produkt\/warm-comfort-ls-damen\/#primaryimage","url":"https:\/\/www.miomiorun.com\/app\/uploads\/2021\/08\/craft-Warm-comfort-LS-1906606-999000.jpg","contentUrl":"https:\/\/www.miomiorun.com\/app\/uploads\/2021\/08\/craft-Warm-comfort-LS-1906606-999000.jpg","width":600,"height":600,"caption":"craft warm comfort ls"},{"@type":"BreadcrumbList","@id":"https:\/\/www.miomiorun.com\/de\/produkt\/warm-comfort-ls-damen\/#breadcrumb","itemListElement":[{"@type":"ListItem","position":1,"name":"Home","item":"https:\/\/www.miomiorun.com\/de\/"},{"@type":"ListItem","position":2,"name":"Shop","item":"https:\/\/www.miomiorun.com\/shop\/"},{"@type":"ListItem","position":3,"name":"Warm Comfort LS damen"}]},{"@type":"WebSite","@id":"https:\/\/www.miomiorun.com\/de\/#website","url":"https:\/\/www.miomiorun.com\/de\/","name":"MioMioRun","description":"100% Lauf- und Trailshop","publisher":{"@id":"https:\/\/www.miomiorun.com\/de\/#organization"},"potentialAction":[{"@type":"SearchAction","target":{"@type":"EntryPoint","urlTemplate":"https:\/\/www.miomiorun.com\/de\/?s={search_term_string}"},"query-input":{"@type":"PropertyValueSpecification","valueRequired":true,"valueName":"search_term_string"}}],"inLanguage":"de-DE"},{"@type":"Organization","@id":"https:\/\/www.miomiorun.com\/de\/#organization","name":"MioMio Run","url":"https:\/\/www.miomiorun.com\/de\/","logo":{"@type":"ImageObject","inLanguage":"de-DE","@id":"https:\/\/www.miomiorun.com\/de\/#\/schema\/logo\/image\/","url":"https:\/\/www.miomiorun.com\/app\/uploads\/2019\/12\/logomio.png","contentUrl":"https:\/\/www.miomiorun.com\/app\/uploads\/2019\/12\/logomio.png","width":115,"height":82,"caption":"MioMio Run"},"image":{"@id":"https:\/\/www.miomiorun.com\/de\/#\/schema\/logo\/image\/"},"sameAs":["https:\/\/www.facebook.com\/miomiorun\/","https:\/\/www.instagram.com\/miomiorun\/"]}]}},"_links":{"self":[{"href":"https:\/\/www.miomiorun.com\/de\/wp-json\/wp\/v2\/product\/176280","targetHints":{"allow":["GET"]}}],"collection":[{"href":"https:\/\/www.miomiorun.com\/de\/wp-json\/wp\/v2\/product"}],"about":[{"href":"https:\/\/www.miomiorun.com\/de\/wp-json\/wp\/v2\/types\/product"}],"wp:featuredmedia":[{"embeddable":true,"href":"https:\/\/www.miomiorun.com\/de\/wp-json\/wp\/v2\/media\/57750"}],"wp:attachment":[{"href":"https:\/\/www.miomiorun.com\/de\/wp-json\/wp\/v2\/media?parent=176280"}],"wp:term":[{"taxonomy":"product_brand","embeddable":true,"href":"https:\/\/www.miomiorun.com\/de\/wp-json\/wp\/v2\/product_brand?post=176280"},{"taxonomy":"product_cat","embeddable":true,"href":"https:\/\/www.miomiorun.com\/de\/wp-json\/wp\/v2\/product_cat?post=176280"},{"taxonomy":"product_tag","embeddable":true,"href":"https:\/\/www.miomiorun.com\/de\/wp-json\/wp\/v2\/product_tag?post=176280"}],"curies":[{"name":"wp","href":"https:\/\/api.w.org\/{rel}","templated":true}]}}