{"id":176272,"date":"2021-08-24T11:50:06","date_gmt":"2021-08-24T09:50:06","guid":{"rendered":"https:\/\/miomiorun.com\/prodotto\/craft-fuseknit-comfort-wrap-ls-donna\/"},"modified":"2024-07-26T18:52:19","modified_gmt":"2024-07-26T16:52:19","slug":"fuseknit-comfort-wrap-ls-damen","status":"publish","type":"product","link":"https:\/\/www.miomiorun.com\/de\/produkt\/fuseknit-comfort-wrap-ls-damen\/","title":{"rendered":"Fuseknit Comfort Wrap LS damen"},"content":{"rendered":"<p>Das <strong>Fusekit Comnfort Wrap<\/strong> Trikot f\u00fcr Damen <span class=\"Y2IQFc\" lang=\"it\">zeichnet sich durch ein modernes Halsdesign aus, das dem klassischen Kragen einen zeitgem\u00e4\u00dfen Touch verleiht<\/span>.<\/p>\n<p><span class=\"Y2IQFc\" lang=\"it\">Das Kleidungsst\u00fcck besteht aus leichtem, warmem Garn f\u00fcr eine optimale W\u00e4rmeregulierung und bietet einen hervorragenden Feuchtigkeitstransport, um dich trocken und komfortabel zu halten. Dar\u00fcber hinaus verf\u00fcgt das Trikot \u00fcber die innovative<strong> Fuseknit-Technologie<\/strong>, die nahtlose Teile mit ergonomischen und strategischen N\u00e4hten kombiniert, um weiche und dehnbare Kleidungsst\u00fccke zu schaffen. Das Ergebnis sind weniger N\u00e4hte und ein glattes, scheuerfreies und sehr komfortables Erlebnis. Eine perfekte Wahl f\u00fcr alle Arten von Winteraktivit\u00e4ten.<\/span><\/p>\n<p><strong>Eigenschaften:<\/strong><\/p>\n<ul>\n<li>Leichtes, w\u00e4rmeregulierendes Gewebe<\/li>\n<li>Strategisch positionierte BODYMAPPING-Eins\u00e4tze leiten Feuchtigkeit zuverl\u00e4ssig ab und sorgen f\u00fcr optimale Bel\u00fcftung<\/li>\n<li>Hoher STRETCH-Anteil f\u00fcr mehr Bewegungsfreiheit<\/li>\n<li>Ausgezeichnetes Feuchtigkeitsmanagement<\/li>\n<li>Flatlock-N\u00e4hte<\/li>\n<li>Rundhalsausschnitt<\/li>\n<li>Torso OHNE JUNCTIONS<\/li>\n<li>Reduzierte Anzahl von N\u00e4hten<\/li>\n<li>Normale Passform<\/li>\n<\/ul>\n<p>&nbsp;<\/p>\n<p>&nbsp;<\/p>\n<p>&nbsp;<\/p>\n","protected":false},"excerpt":{"rendered":"<p>Das Fusekit Comnfort Wrap Trikot f\u00fcr Damen zeichnet sich durch ein modernes Halsdesign aus, das dem klassischen Kragen einen zeitgem\u00e4\u00dfen Touch verleiht. Das Kleidungsst\u00fcck besteht aus leichtem, warmem Garn f\u00fcr eine optimale W\u00e4rmeregulierung und bietet einen hervorragenden Feuchtigkeitstransport, um dich trocken und komfortabel zu halten. Dar\u00fcber hinaus verf\u00fcgt das Trikot \u00fcber die innovative Fuseknit-Technologie, die &hellip; <a href=\"https:\/\/www.miomiorun.com\/de\/produkt\/fuseknit-comfort-wrap-ls-damen\/\">Continued<\/a><\/p>\n","protected":false},"featured_media":57800,"template":"","meta":{"_acf_changed":false,"inline_featured_image":false},"product_brand":[],"product_cat":[6400,6401,6485],"product_tag":[6304,6232],"class_list":{"0":"post-176272","1":"product","2":"type-product","3":"status-publish","4":"has-post-thumbnail","6":"product_cat-damen","7":"product_cat-damenbekleidung","8":"product_cat-damenwaesche-de","9":"product_tag-craft-de","10":"product_tag-craft-damen-de","11":"pa_attivita-gehen","12":"pa_attivita-outdoor-de","13":"pa_attivita-running-de","14":"pa_marca-craft-de","15":"pa_sesso-damen","16":"pa_size-extra-small-de","17":"pa_size-medium-de","18":"pa_size-large-de","19":"pa_size-extra-large-de","21":"first","22":"instock","23":"sale","24":"taxable","25":"shipping-taxable","26":"purchasable","27":"product-type-variable","28":"wvs-archive-product-wrapper"},"acf":[],"yoast_head":"<!-- This site is optimized with the Yoast SEO plugin v26.8 - https:\/\/yoast.com\/product\/yoast-seo-wordpress\/ -->\n<title>CraftFuseknit Comfort Wrap LS damen - Intimate thermisch - MioMioRun.com<\/title>\n<meta name=\"description\" content=\"Das Fusekit Comnfort Wrap Trikot f\u00fcr Damen zeichnet sich durch ein modernes Halsdesign aus, das dem klassischen Kragen einen zeitgem\u00e4\u00dfen Touch verleiht.\" \/>\n<meta name=\"robots\" content=\"index, follow, max-snippet:-1, max-image-preview:large, max-video-preview:-1\" \/>\n<link rel=\"canonical\" href=\"https:\/\/www.miomiorun.com\/de\/produkt\/fuseknit-comfort-wrap-ls-damen\/\" \/>\n<meta property=\"og:locale\" content=\"de_DE\" \/>\n<meta property=\"og:type\" content=\"article\" \/>\n<meta property=\"og:title\" content=\"CraftFuseknit Comfort Wrap LS damen - Intimate thermisch - MioMioRun.com\" \/>\n<meta property=\"og:description\" content=\"Das Fusekit Comnfort Wrap Trikot f\u00fcr Damen zeichnet sich durch ein modernes Halsdesign aus, das dem klassischen Kragen einen zeitgem\u00e4\u00dfen Touch verleiht.\" \/>\n<meta property=\"og:url\" content=\"https:\/\/www.miomiorun.com\/de\/produkt\/fuseknit-comfort-wrap-ls-damen\/\" \/>\n<meta property=\"og:site_name\" content=\"MioMioRun\" \/>\n<meta property=\"article:publisher\" content=\"https:\/\/www.facebook.com\/miomiorun\/\" \/>\n<meta property=\"article:modified_time\" content=\"2024-07-26T16:52:19+00:00\" \/>\n<meta property=\"og:image\" content=\"https:\/\/www.miomiorun.com\/app\/uploads\/2021\/08\/craft-Fuseknit-comfort-wrap-LS-1906591-B99000.jpg\" \/>\n\t<meta property=\"og:image:width\" content=\"600\" \/>\n\t<meta property=\"og:image:height\" content=\"600\" \/>\n\t<meta property=\"og:image:type\" content=\"image\/jpeg\" \/>\n<meta name=\"twitter:card\" content=\"summary_large_image\" \/>\n<meta name=\"twitter:label1\" content=\"Est. reading time\" \/>\n\t<meta name=\"twitter:data1\" content=\"1 minute\" \/>\n<script type=\"application\/ld+json\" class=\"yoast-schema-graph\">{\"@context\":\"https:\/\/schema.org\",\"@graph\":[{\"@type\":\"WebPage\",\"@id\":\"https:\/\/www.miomiorun.com\/de\/produkt\/fuseknit-comfort-wrap-ls-damen\/\",\"url\":\"https:\/\/www.miomiorun.com\/de\/produkt\/fuseknit-comfort-wrap-ls-damen\/\",\"name\":\"CraftFuseknit Comfort Wrap LS damen - Intimate thermisch - MioMioRun.com\",\"isPartOf\":{\"@id\":\"https:\/\/www.miomiorun.com\/de\/#website\"},\"primaryImageOfPage\":{\"@id\":\"https:\/\/www.miomiorun.com\/de\/produkt\/fuseknit-comfort-wrap-ls-damen\/#primaryimage\"},\"image\":{\"@id\":\"https:\/\/www.miomiorun.com\/de\/produkt\/fuseknit-comfort-wrap-ls-damen\/#primaryimage\"},\"thumbnailUrl\":\"https:\/\/www.miomiorun.com\/app\/uploads\/2021\/08\/craft-Fuseknit-comfort-wrap-LS-1906591-B99000.jpg\",\"datePublished\":\"2021-08-24T09:50:06+00:00\",\"dateModified\":\"2024-07-26T16:52:19+00:00\",\"description\":\"Das Fusekit Comnfort Wrap Trikot f\u00fcr Damen zeichnet sich durch ein modernes Halsdesign aus, das dem klassischen Kragen einen zeitgem\u00e4\u00dfen Touch verleiht.\",\"breadcrumb\":{\"@id\":\"https:\/\/www.miomiorun.com\/de\/produkt\/fuseknit-comfort-wrap-ls-damen\/#breadcrumb\"},\"inLanguage\":\"de-DE\",\"potentialAction\":[{\"@type\":\"ReadAction\",\"target\":[\"https:\/\/www.miomiorun.com\/de\/produkt\/fuseknit-comfort-wrap-ls-damen\/\"]}]},{\"@type\":\"ImageObject\",\"inLanguage\":\"de-DE\",\"@id\":\"https:\/\/www.miomiorun.com\/de\/produkt\/fuseknit-comfort-wrap-ls-damen\/#primaryimage\",\"url\":\"https:\/\/www.miomiorun.com\/app\/uploads\/2021\/08\/craft-Fuseknit-comfort-wrap-LS-1906591-B99000.jpg\",\"contentUrl\":\"https:\/\/www.miomiorun.com\/app\/uploads\/2021\/08\/craft-Fuseknit-comfort-wrap-LS-1906591-B99000.jpg\",\"width\":600,\"height\":600,\"caption\":\"craft fuseknit comfort wrap ls\"},{\"@type\":\"BreadcrumbList\",\"@id\":\"https:\/\/www.miomiorun.com\/de\/produkt\/fuseknit-comfort-wrap-ls-damen\/#breadcrumb\",\"itemListElement\":[{\"@type\":\"ListItem\",\"position\":1,\"name\":\"Home\",\"item\":\"https:\/\/www.miomiorun.com\/de\/\"},{\"@type\":\"ListItem\",\"position\":2,\"name\":\"Shop\",\"item\":\"https:\/\/www.miomiorun.com\/shop\/\"},{\"@type\":\"ListItem\",\"position\":3,\"name\":\"Fuseknit Comfort Wrap LS damen\"}]},{\"@type\":\"WebSite\",\"@id\":\"https:\/\/www.miomiorun.com\/de\/#website\",\"url\":\"https:\/\/www.miomiorun.com\/de\/\",\"name\":\"MioMioRun\",\"description\":\"100% Lauf- und Trailshop\",\"publisher\":{\"@id\":\"https:\/\/www.miomiorun.com\/de\/#organization\"},\"potentialAction\":[{\"@type\":\"SearchAction\",\"target\":{\"@type\":\"EntryPoint\",\"urlTemplate\":\"https:\/\/www.miomiorun.com\/de\/?s={search_term_string}\"},\"query-input\":{\"@type\":\"PropertyValueSpecification\",\"valueRequired\":true,\"valueName\":\"search_term_string\"}}],\"inLanguage\":\"de-DE\"},{\"@type\":\"Organization\",\"@id\":\"https:\/\/www.miomiorun.com\/de\/#organization\",\"name\":\"MioMio Run\",\"url\":\"https:\/\/www.miomiorun.com\/de\/\",\"logo\":{\"@type\":\"ImageObject\",\"inLanguage\":\"de-DE\",\"@id\":\"https:\/\/www.miomiorun.com\/de\/#\/schema\/logo\/image\/\",\"url\":\"https:\/\/www.miomiorun.com\/app\/uploads\/2019\/12\/logomio.png\",\"contentUrl\":\"https:\/\/www.miomiorun.com\/app\/uploads\/2019\/12\/logomio.png\",\"width\":115,\"height\":82,\"caption\":\"MioMio Run\"},\"image\":{\"@id\":\"https:\/\/www.miomiorun.com\/de\/#\/schema\/logo\/image\/\"},\"sameAs\":[\"https:\/\/www.facebook.com\/miomiorun\/\",\"https:\/\/www.instagram.com\/miomiorun\/\"]}]}<\/script>\n<!-- \/ Yoast SEO plugin. -->","yoast_head_json":{"title":"CraftFuseknit Comfort Wrap LS damen - Intimate thermisch - MioMioRun.com","description":"Das Fusekit Comnfort Wrap Trikot f\u00fcr Damen zeichnet sich durch ein modernes Halsdesign aus, das dem klassischen Kragen einen zeitgem\u00e4\u00dfen Touch verleiht.","robots":{"index":"index","follow":"follow","max-snippet":"max-snippet:-1","max-image-preview":"max-image-preview:large","max-video-preview":"max-video-preview:-1"},"canonical":"https:\/\/www.miomiorun.com\/de\/produkt\/fuseknit-comfort-wrap-ls-damen\/","og_locale":"de_DE","og_type":"article","og_title":"CraftFuseknit Comfort Wrap LS damen - Intimate thermisch - MioMioRun.com","og_description":"Das Fusekit Comnfort Wrap Trikot f\u00fcr Damen zeichnet sich durch ein modernes Halsdesign aus, das dem klassischen Kragen einen zeitgem\u00e4\u00dfen Touch verleiht.","og_url":"https:\/\/www.miomiorun.com\/de\/produkt\/fuseknit-comfort-wrap-ls-damen\/","og_site_name":"MioMioRun","article_publisher":"https:\/\/www.facebook.com\/miomiorun\/","article_modified_time":"2024-07-26T16:52:19+00:00","og_image":[{"width":600,"height":600,"url":"https:\/\/www.miomiorun.com\/app\/uploads\/2021\/08\/craft-Fuseknit-comfort-wrap-LS-1906591-B99000.jpg","type":"image\/jpeg"}],"twitter_card":"summary_large_image","twitter_misc":{"Est. reading time":"1 minute"},"schema":{"@context":"https:\/\/schema.org","@graph":[{"@type":"WebPage","@id":"https:\/\/www.miomiorun.com\/de\/produkt\/fuseknit-comfort-wrap-ls-damen\/","url":"https:\/\/www.miomiorun.com\/de\/produkt\/fuseknit-comfort-wrap-ls-damen\/","name":"CraftFuseknit Comfort Wrap LS damen - Intimate thermisch - MioMioRun.com","isPartOf":{"@id":"https:\/\/www.miomiorun.com\/de\/#website"},"primaryImageOfPage":{"@id":"https:\/\/www.miomiorun.com\/de\/produkt\/fuseknit-comfort-wrap-ls-damen\/#primaryimage"},"image":{"@id":"https:\/\/www.miomiorun.com\/de\/produkt\/fuseknit-comfort-wrap-ls-damen\/#primaryimage"},"thumbnailUrl":"https:\/\/www.miomiorun.com\/app\/uploads\/2021\/08\/craft-Fuseknit-comfort-wrap-LS-1906591-B99000.jpg","datePublished":"2021-08-24T09:50:06+00:00","dateModified":"2024-07-26T16:52:19+00:00","description":"Das Fusekit Comnfort Wrap Trikot f\u00fcr Damen zeichnet sich durch ein modernes Halsdesign aus, das dem klassischen Kragen einen zeitgem\u00e4\u00dfen Touch verleiht.","breadcrumb":{"@id":"https:\/\/www.miomiorun.com\/de\/produkt\/fuseknit-comfort-wrap-ls-damen\/#breadcrumb"},"inLanguage":"de-DE","potentialAction":[{"@type":"ReadAction","target":["https:\/\/www.miomiorun.com\/de\/produkt\/fuseknit-comfort-wrap-ls-damen\/"]}]},{"@type":"ImageObject","inLanguage":"de-DE","@id":"https:\/\/www.miomiorun.com\/de\/produkt\/fuseknit-comfort-wrap-ls-damen\/#primaryimage","url":"https:\/\/www.miomiorun.com\/app\/uploads\/2021\/08\/craft-Fuseknit-comfort-wrap-LS-1906591-B99000.jpg","contentUrl":"https:\/\/www.miomiorun.com\/app\/uploads\/2021\/08\/craft-Fuseknit-comfort-wrap-LS-1906591-B99000.jpg","width":600,"height":600,"caption":"craft fuseknit comfort wrap ls"},{"@type":"BreadcrumbList","@id":"https:\/\/www.miomiorun.com\/de\/produkt\/fuseknit-comfort-wrap-ls-damen\/#breadcrumb","itemListElement":[{"@type":"ListItem","position":1,"name":"Home","item":"https:\/\/www.miomiorun.com\/de\/"},{"@type":"ListItem","position":2,"name":"Shop","item":"https:\/\/www.miomiorun.com\/shop\/"},{"@type":"ListItem","position":3,"name":"Fuseknit Comfort Wrap LS damen"}]},{"@type":"WebSite","@id":"https:\/\/www.miomiorun.com\/de\/#website","url":"https:\/\/www.miomiorun.com\/de\/","name":"MioMioRun","description":"100% Lauf- und Trailshop","publisher":{"@id":"https:\/\/www.miomiorun.com\/de\/#organization"},"potentialAction":[{"@type":"SearchAction","target":{"@type":"EntryPoint","urlTemplate":"https:\/\/www.miomiorun.com\/de\/?s={search_term_string}"},"query-input":{"@type":"PropertyValueSpecification","valueRequired":true,"valueName":"search_term_string"}}],"inLanguage":"de-DE"},{"@type":"Organization","@id":"https:\/\/www.miomiorun.com\/de\/#organization","name":"MioMio Run","url":"https:\/\/www.miomiorun.com\/de\/","logo":{"@type":"ImageObject","inLanguage":"de-DE","@id":"https:\/\/www.miomiorun.com\/de\/#\/schema\/logo\/image\/","url":"https:\/\/www.miomiorun.com\/app\/uploads\/2019\/12\/logomio.png","contentUrl":"https:\/\/www.miomiorun.com\/app\/uploads\/2019\/12\/logomio.png","width":115,"height":82,"caption":"MioMio Run"},"image":{"@id":"https:\/\/www.miomiorun.com\/de\/#\/schema\/logo\/image\/"},"sameAs":["https:\/\/www.facebook.com\/miomiorun\/","https:\/\/www.instagram.com\/miomiorun\/"]}]}},"_links":{"self":[{"href":"https:\/\/www.miomiorun.com\/de\/wp-json\/wp\/v2\/product\/176272","targetHints":{"allow":["GET"]}}],"collection":[{"href":"https:\/\/www.miomiorun.com\/de\/wp-json\/wp\/v2\/product"}],"about":[{"href":"https:\/\/www.miomiorun.com\/de\/wp-json\/wp\/v2\/types\/product"}],"wp:featuredmedia":[{"embeddable":true,"href":"https:\/\/www.miomiorun.com\/de\/wp-json\/wp\/v2\/media\/57800"}],"wp:attachment":[{"href":"https:\/\/www.miomiorun.com\/de\/wp-json\/wp\/v2\/media?parent=176272"}],"wp:term":[{"taxonomy":"product_brand","embeddable":true,"href":"https:\/\/www.miomiorun.com\/de\/wp-json\/wp\/v2\/product_brand?post=176272"},{"taxonomy":"product_cat","embeddable":true,"href":"https:\/\/www.miomiorun.com\/de\/wp-json\/wp\/v2\/product_cat?post=176272"},{"taxonomy":"product_tag","embeddable":true,"href":"https:\/\/www.miomiorun.com\/de\/wp-json\/wp\/v2\/product_tag?post=176272"}],"curies":[{"name":"wp","href":"https:\/\/api.w.org\/{rel}","templated":true}]}}