{"id":176270,"date":"2021-08-26T11:14:04","date_gmt":"2021-08-26T09:14:04","guid":{"rendered":"https:\/\/miomiorun.com\/prodotto\/craft-cool-intensity-rn-ss-donna\/"},"modified":"2026-05-08T21:02:09","modified_gmt":"2026-05-08T19:02:09","slug":"cool-intensity-rn-ss-damen","status":"publish","type":"product","link":"https:\/\/www.miomiorun.com\/de\/produkt\/cool-intensity-rn-ss-damen\/","title":{"rendered":"Cool Intensity RN SS damen"},"content":{"rendered":"<p>Das <strong>Craft Cool Intensity<\/strong> Unterw\u00e4sche-Trikot f\u00fcr Frauen besteht aus d\u00fcnnem, leichtem und funktionellem Polyester mit der einzigartigen <strong>Cool Max Air-Technologie<\/strong>. Die Hochleistungsfasern bieten eine hervorragende Bel\u00fcftung und Feuchtigkeitsregulierung bei hochintensivem Training und bei gro\u00dfer Hitze.<\/p>\n<p>Das Cool Intensity Trikot hat ein k\u00f6rpernahes Design, eine Netzstruktur und ist nahtlos, um dem Tr\u00e4ger Komfort und Funktionalit\u00e4t w\u00e4hrend des Trainings zu bieten.<\/p>\n<p>Die Mesh-Eins\u00e4tze an den entscheidenden Stellen sorgen f\u00fcr eine hervorragende Bel\u00fcftung, damit Sie bei intensiven Anstrengungen nicht \u00fcberhitzen. Es ist die perfekte Wahl f\u00fcr Intervalltraining, Schwellenanstrengungen und Hochgeschwindigkeits\u00fcbungen bei k\u00fchlen bis milden Bedingungen.<\/p>\n<p><strong>Eigenschaften:<\/strong><\/p>\n<ul>\n<li>Aus d\u00fcnnem, leichtem Polyester und funktionell dank der Cool Max Air-Technologie<\/li>\n<li>Konstruiert aus Hochleistungsfasern<\/li>\n<li>Mesh-Eins\u00e4tze f\u00fcr optimale Bel\u00fcftung in den wichtigsten Bereichen<\/li>\n<\/ul>\n<p>&nbsp;<\/p>\n","protected":false},"excerpt":{"rendered":"<p>Das Craft Cool Intensity Unterw\u00e4sche-Trikot f\u00fcr Frauen besteht aus d\u00fcnnem, leichtem und funktionellem Polyester mit der einzigartigen Cool Max Air-Technologie. Die Hochleistungsfasern bieten eine hervorragende Bel\u00fcftung und Feuchtigkeitsregulierung bei hochintensivem Training und bei gro\u00dfer Hitze. Das Cool Intensity Trikot hat ein k\u00f6rpernahes Design, eine Netzstruktur und ist nahtlos, um dem Tr\u00e4ger Komfort und Funktionalit\u00e4t w\u00e4hrend &hellip; <a href=\"https:\/\/www.miomiorun.com\/de\/produkt\/cool-intensity-rn-ss-damen\/\">Continued<\/a><\/p>\n","protected":false},"featured_media":57810,"template":"","meta":{"_acf_changed":false,"inline_featured_image":false},"product_brand":[],"product_cat":[6400,6401,6485],"product_tag":[6304,6232],"class_list":{"0":"post-176270","1":"product","2":"type-product","3":"status-publish","4":"has-post-thumbnail","6":"product_cat-damen","7":"product_cat-damenbekleidung","8":"product_cat-damenwaesche-de","9":"product_tag-craft-de","10":"product_tag-craft-damen-de","11":"pa_attivita-fitness-de","12":"pa_attivita-gehen","13":"pa_attivita-outdoor-de","14":"pa_attivita-running-de","15":"pa_attivita-trail-de","16":"pa_colore-cool-intensity-rn-ss-dahlia-w-de","17":"pa_colore-cool-intensity-rn-ss-w-black-de","18":"pa_marca-craft-de","19":"pa_sesso-damen","20":"pa_size-extra-small-de","21":"pa_size-medium-de","22":"pa_size-large-de","24":"first","25":"instock","26":"sale","27":"taxable","28":"shipping-taxable","29":"purchasable","30":"product-type-variable","31":"wvs-archive-product-wrapper"},"acf":[],"yoast_head":"<!-- This site is optimized with the Yoast SEO plugin v26.8 - https:\/\/yoast.com\/product\/yoast-seo-wordpress\/ -->\n<title>Craft Cool Intensity RN SS damen -Unterw\u00e4sche - MioMioRun.com<\/title>\n<meta name=\"description\" content=\"Das Craft Cool Intensity Unterw\u00e4sche-Trikot f\u00fcr Frauen besteht aus funktionellem, d\u00fcnnem Polyester mit der einzigartigen Cool Max Air-Technologie.\" \/>\n<meta name=\"robots\" content=\"index, follow, max-snippet:-1, max-image-preview:large, max-video-preview:-1\" \/>\n<link rel=\"canonical\" href=\"https:\/\/www.miomiorun.com\/de\/produkt\/cool-intensity-rn-ss-damen\/\" \/>\n<meta property=\"og:locale\" content=\"de_DE\" \/>\n<meta property=\"og:type\" content=\"article\" \/>\n<meta property=\"og:title\" content=\"Craft Cool Intensity RN SS damen -Unterw\u00e4sche - MioMioRun.com\" \/>\n<meta property=\"og:description\" content=\"Das Craft Cool Intensity Unterw\u00e4sche-Trikot f\u00fcr Frauen besteht aus funktionellem, d\u00fcnnem Polyester mit der einzigartigen Cool Max Air-Technologie.\" \/>\n<meta property=\"og:url\" content=\"https:\/\/www.miomiorun.com\/de\/produkt\/cool-intensity-rn-ss-damen\/\" \/>\n<meta property=\"og:site_name\" content=\"MioMioRun\" \/>\n<meta property=\"article:publisher\" content=\"https:\/\/www.facebook.com\/miomiorun\/\" \/>\n<meta property=\"article:modified_time\" content=\"2026-05-08T19:02:09+00:00\" \/>\n<meta property=\"og:image\" content=\"https:\/\/www.miomiorun.com\/app\/uploads\/2021\/09\/craft-cool-intensity-RN-SS-1904919-9999.jpg\" \/>\n\t<meta property=\"og:image:width\" content=\"600\" \/>\n\t<meta property=\"og:image:height\" content=\"600\" \/>\n\t<meta property=\"og:image:type\" content=\"image\/jpeg\" \/>\n<meta name=\"twitter:card\" content=\"summary_large_image\" \/>\n<meta name=\"twitter:label1\" content=\"Est. reading time\" \/>\n\t<meta name=\"twitter:data1\" content=\"1 minute\" \/>\n<script type=\"application\/ld+json\" class=\"yoast-schema-graph\">{\"@context\":\"https:\/\/schema.org\",\"@graph\":[{\"@type\":\"WebPage\",\"@id\":\"https:\/\/www.miomiorun.com\/de\/produkt\/cool-intensity-rn-ss-damen\/\",\"url\":\"https:\/\/www.miomiorun.com\/de\/produkt\/cool-intensity-rn-ss-damen\/\",\"name\":\"Craft Cool Intensity RN SS damen -Unterw\u00e4sche - MioMioRun.com\",\"isPartOf\":{\"@id\":\"https:\/\/www.miomiorun.com\/de\/#website\"},\"primaryImageOfPage\":{\"@id\":\"https:\/\/www.miomiorun.com\/de\/produkt\/cool-intensity-rn-ss-damen\/#primaryimage\"},\"image\":{\"@id\":\"https:\/\/www.miomiorun.com\/de\/produkt\/cool-intensity-rn-ss-damen\/#primaryimage\"},\"thumbnailUrl\":\"https:\/\/www.miomiorun.com\/app\/uploads\/2021\/09\/craft-cool-intensity-RN-SS-1904919-9999.jpg\",\"datePublished\":\"2021-08-26T09:14:04+00:00\",\"dateModified\":\"2026-05-08T19:02:09+00:00\",\"description\":\"Das Craft Cool Intensity Unterw\u00e4sche-Trikot f\u00fcr Frauen besteht aus funktionellem, d\u00fcnnem Polyester mit der einzigartigen Cool Max Air-Technologie.\",\"breadcrumb\":{\"@id\":\"https:\/\/www.miomiorun.com\/de\/produkt\/cool-intensity-rn-ss-damen\/#breadcrumb\"},\"inLanguage\":\"de-DE\",\"potentialAction\":[{\"@type\":\"ReadAction\",\"target\":[\"https:\/\/www.miomiorun.com\/de\/produkt\/cool-intensity-rn-ss-damen\/\"]}]},{\"@type\":\"ImageObject\",\"inLanguage\":\"de-DE\",\"@id\":\"https:\/\/www.miomiorun.com\/de\/produkt\/cool-intensity-rn-ss-damen\/#primaryimage\",\"url\":\"https:\/\/www.miomiorun.com\/app\/uploads\/2021\/09\/craft-cool-intensity-RN-SS-1904919-9999.jpg\",\"contentUrl\":\"https:\/\/www.miomiorun.com\/app\/uploads\/2021\/09\/craft-cool-intensity-RN-SS-1904919-9999.jpg\",\"width\":600,\"height\":600,\"caption\":\"craft cool intensity rn ss\"},{\"@type\":\"BreadcrumbList\",\"@id\":\"https:\/\/www.miomiorun.com\/de\/produkt\/cool-intensity-rn-ss-damen\/#breadcrumb\",\"itemListElement\":[{\"@type\":\"ListItem\",\"position\":1,\"name\":\"Home\",\"item\":\"https:\/\/www.miomiorun.com\/de\/home-page\/\"},{\"@type\":\"ListItem\",\"position\":2,\"name\":\"Shop\",\"item\":\"https:\/\/www.miomiorun.com\/shop\/\"},{\"@type\":\"ListItem\",\"position\":3,\"name\":\"Cool Intensity RN SS damen\"}]},{\"@type\":\"WebSite\",\"@id\":\"https:\/\/www.miomiorun.com\/de\/#website\",\"url\":\"https:\/\/www.miomiorun.com\/de\/\",\"name\":\"MioMioRun\",\"description\":\"100% Lauf- und Trailshop\",\"publisher\":{\"@id\":\"https:\/\/www.miomiorun.com\/de\/#organization\"},\"potentialAction\":[{\"@type\":\"SearchAction\",\"target\":{\"@type\":\"EntryPoint\",\"urlTemplate\":\"https:\/\/www.miomiorun.com\/de\/?s={search_term_string}\"},\"query-input\":{\"@type\":\"PropertyValueSpecification\",\"valueRequired\":true,\"valueName\":\"search_term_string\"}}],\"inLanguage\":\"de-DE\"},{\"@type\":\"Organization\",\"@id\":\"https:\/\/www.miomiorun.com\/de\/#organization\",\"name\":\"MioMio Run\",\"url\":\"https:\/\/www.miomiorun.com\/de\/\",\"logo\":{\"@type\":\"ImageObject\",\"inLanguage\":\"de-DE\",\"@id\":\"https:\/\/www.miomiorun.com\/de\/#\/schema\/logo\/image\/\",\"url\":\"https:\/\/www.miomiorun.com\/app\/uploads\/2019\/12\/logomio.png\",\"contentUrl\":\"https:\/\/www.miomiorun.com\/app\/uploads\/2019\/12\/logomio.png\",\"width\":115,\"height\":82,\"caption\":\"MioMio Run\"},\"image\":{\"@id\":\"https:\/\/www.miomiorun.com\/de\/#\/schema\/logo\/image\/\"},\"sameAs\":[\"https:\/\/www.facebook.com\/miomiorun\/\",\"https:\/\/www.instagram.com\/miomiorun\/\"]}]}<\/script>\n<!-- \/ Yoast SEO plugin. -->","yoast_head_json":{"title":"Craft Cool Intensity RN SS damen -Unterw\u00e4sche - MioMioRun.com","description":"Das Craft Cool Intensity Unterw\u00e4sche-Trikot f\u00fcr Frauen besteht aus funktionellem, d\u00fcnnem Polyester mit der einzigartigen Cool Max Air-Technologie.","robots":{"index":"index","follow":"follow","max-snippet":"max-snippet:-1","max-image-preview":"max-image-preview:large","max-video-preview":"max-video-preview:-1"},"canonical":"https:\/\/www.miomiorun.com\/de\/produkt\/cool-intensity-rn-ss-damen\/","og_locale":"de_DE","og_type":"article","og_title":"Craft Cool Intensity RN SS damen -Unterw\u00e4sche - MioMioRun.com","og_description":"Das Craft Cool Intensity Unterw\u00e4sche-Trikot f\u00fcr Frauen besteht aus funktionellem, d\u00fcnnem Polyester mit der einzigartigen Cool Max Air-Technologie.","og_url":"https:\/\/www.miomiorun.com\/de\/produkt\/cool-intensity-rn-ss-damen\/","og_site_name":"MioMioRun","article_publisher":"https:\/\/www.facebook.com\/miomiorun\/","article_modified_time":"2026-05-08T19:02:09+00:00","og_image":[{"width":600,"height":600,"url":"https:\/\/www.miomiorun.com\/app\/uploads\/2021\/09\/craft-cool-intensity-RN-SS-1904919-9999.jpg","type":"image\/jpeg"}],"twitter_card":"summary_large_image","twitter_misc":{"Est. reading time":"1 minute"},"schema":{"@context":"https:\/\/schema.org","@graph":[{"@type":"WebPage","@id":"https:\/\/www.miomiorun.com\/de\/produkt\/cool-intensity-rn-ss-damen\/","url":"https:\/\/www.miomiorun.com\/de\/produkt\/cool-intensity-rn-ss-damen\/","name":"Craft Cool Intensity RN SS damen -Unterw\u00e4sche - MioMioRun.com","isPartOf":{"@id":"https:\/\/www.miomiorun.com\/de\/#website"},"primaryImageOfPage":{"@id":"https:\/\/www.miomiorun.com\/de\/produkt\/cool-intensity-rn-ss-damen\/#primaryimage"},"image":{"@id":"https:\/\/www.miomiorun.com\/de\/produkt\/cool-intensity-rn-ss-damen\/#primaryimage"},"thumbnailUrl":"https:\/\/www.miomiorun.com\/app\/uploads\/2021\/09\/craft-cool-intensity-RN-SS-1904919-9999.jpg","datePublished":"2021-08-26T09:14:04+00:00","dateModified":"2026-05-08T19:02:09+00:00","description":"Das Craft Cool Intensity Unterw\u00e4sche-Trikot f\u00fcr Frauen besteht aus funktionellem, d\u00fcnnem Polyester mit der einzigartigen Cool Max Air-Technologie.","breadcrumb":{"@id":"https:\/\/www.miomiorun.com\/de\/produkt\/cool-intensity-rn-ss-damen\/#breadcrumb"},"inLanguage":"de-DE","potentialAction":[{"@type":"ReadAction","target":["https:\/\/www.miomiorun.com\/de\/produkt\/cool-intensity-rn-ss-damen\/"]}]},{"@type":"ImageObject","inLanguage":"de-DE","@id":"https:\/\/www.miomiorun.com\/de\/produkt\/cool-intensity-rn-ss-damen\/#primaryimage","url":"https:\/\/www.miomiorun.com\/app\/uploads\/2021\/09\/craft-cool-intensity-RN-SS-1904919-9999.jpg","contentUrl":"https:\/\/www.miomiorun.com\/app\/uploads\/2021\/09\/craft-cool-intensity-RN-SS-1904919-9999.jpg","width":600,"height":600,"caption":"craft cool intensity rn ss"},{"@type":"BreadcrumbList","@id":"https:\/\/www.miomiorun.com\/de\/produkt\/cool-intensity-rn-ss-damen\/#breadcrumb","itemListElement":[{"@type":"ListItem","position":1,"name":"Home","item":"https:\/\/www.miomiorun.com\/de\/home-page\/"},{"@type":"ListItem","position":2,"name":"Shop","item":"https:\/\/www.miomiorun.com\/shop\/"},{"@type":"ListItem","position":3,"name":"Cool Intensity RN SS damen"}]},{"@type":"WebSite","@id":"https:\/\/www.miomiorun.com\/de\/#website","url":"https:\/\/www.miomiorun.com\/de\/","name":"MioMioRun","description":"100% Lauf- und Trailshop","publisher":{"@id":"https:\/\/www.miomiorun.com\/de\/#organization"},"potentialAction":[{"@type":"SearchAction","target":{"@type":"EntryPoint","urlTemplate":"https:\/\/www.miomiorun.com\/de\/?s={search_term_string}"},"query-input":{"@type":"PropertyValueSpecification","valueRequired":true,"valueName":"search_term_string"}}],"inLanguage":"de-DE"},{"@type":"Organization","@id":"https:\/\/www.miomiorun.com\/de\/#organization","name":"MioMio Run","url":"https:\/\/www.miomiorun.com\/de\/","logo":{"@type":"ImageObject","inLanguage":"de-DE","@id":"https:\/\/www.miomiorun.com\/de\/#\/schema\/logo\/image\/","url":"https:\/\/www.miomiorun.com\/app\/uploads\/2019\/12\/logomio.png","contentUrl":"https:\/\/www.miomiorun.com\/app\/uploads\/2019\/12\/logomio.png","width":115,"height":82,"caption":"MioMio Run"},"image":{"@id":"https:\/\/www.miomiorun.com\/de\/#\/schema\/logo\/image\/"},"sameAs":["https:\/\/www.facebook.com\/miomiorun\/","https:\/\/www.instagram.com\/miomiorun\/"]}]}},"_links":{"self":[{"href":"https:\/\/www.miomiorun.com\/de\/wp-json\/wp\/v2\/product\/176270","targetHints":{"allow":["GET"]}}],"collection":[{"href":"https:\/\/www.miomiorun.com\/de\/wp-json\/wp\/v2\/product"}],"about":[{"href":"https:\/\/www.miomiorun.com\/de\/wp-json\/wp\/v2\/types\/product"}],"wp:featuredmedia":[{"embeddable":true,"href":"https:\/\/www.miomiorun.com\/de\/wp-json\/wp\/v2\/media\/57810"}],"wp:attachment":[{"href":"https:\/\/www.miomiorun.com\/de\/wp-json\/wp\/v2\/media?parent=176270"}],"wp:term":[{"taxonomy":"product_brand","embeddable":true,"href":"https:\/\/www.miomiorun.com\/de\/wp-json\/wp\/v2\/product_brand?post=176270"},{"taxonomy":"product_cat","embeddable":true,"href":"https:\/\/www.miomiorun.com\/de\/wp-json\/wp\/v2\/product_cat?post=176270"},{"taxonomy":"product_tag","embeddable":true,"href":"https:\/\/www.miomiorun.com\/de\/wp-json\/wp\/v2\/product_tag?post=176270"}],"curies":[{"name":"wp","href":"https:\/\/api.w.org\/{rel}","templated":true}]}}