{"id":176264,"date":"2021-09-04T12:10:23","date_gmt":"2021-09-04T10:10:23","guid":{"rendered":"https:\/\/miomiorun.com\/prodotto\/brooks-drive-3-pocket-run-bra\/"},"modified":"2024-07-26T18:26:19","modified_gmt":"2024-07-26T16:26:19","slug":"brooks-drive-3-pocket-run-bra","status":"publish","type":"product","link":"https:\/\/www.miomiorun.com\/de\/produkt\/brooks-drive-3-pocket-run-bra\/","title":{"rendered":"Drive 3 Pocket Run Bra"},"content":{"rendered":"<p id=\"tw-target-text\" class=\"tw-data-text tw-text-large XcVN5d tw-ta\" dir=\"ltr\" data-placeholder=\"Traduzione\"><span class=\"Y2IQFc\" lang=\"it\">Nimm das Wichtigste mit. Der <strong>Drive 3 Pocket Run-BH<\/strong> bietet lauftaugliche Kompressionsunterst\u00fctzung und drei Taschen, eine davon nur f\u00fcr dein Handy.<\/span><\/p>\n<h4 id=\"tw-target-text\" class=\"tw-data-text tw-text-large XcVN5d tw-ta\" dir=\"ltr\" data-placeholder=\"Traduzione\"><span class=\"Y2IQFc\" lang=\"it\">Laufbereite Unterst\u00fctzung<\/span><\/h4>\n<p class=\"tw-data-text tw-text-large XcVN5d tw-ta\" dir=\"ltr\" data-placeholder=\"Traduzione\"><span class=\"Y2IQFc\" lang=\"it\">Die lauffertige Kompressionsunterst\u00fctzung schr\u00e4nkt die Bewegung ein, ohne zu sehr einzuengen, und bietet so Sicherheit und Schutz beim Laufen. Das im Labor getestete Design bietet lauftaugliche Unterst\u00fctzung f\u00fcr eine breite Palette von Gr\u00f6\u00dfen.<\/span><\/p>\n<p class=\"tw-data-text tw-text-large XcVN5d tw-ta\" dir=\"ltr\" data-placeholder=\"Traduzione\"><span class=\"Y2IQFc\" lang=\"it\">Die Tests stellen sicher, dass unsere BHs rennspezifische Unterst\u00fctzung bieten. Wir testen die BHs auch mit Frauen wie Ihnen, denn Labordaten sind nur so gut wie ihre Anwendung in der Praxis.<\/span><\/p>\n<h4 id=\"tw-target-text\" class=\"tw-data-text tw-text-large XcVN5d tw-ta\" dir=\"ltr\" data-placeholder=\"Traduzione\"><span class=\"Y2IQFc\" lang=\"it\">Einfache Aufbewahrung <\/span><\/h4>\n<p class=\"tw-data-text tw-text-large XcVN5d tw-ta\" dir=\"ltr\" data-placeholder=\"Traduzione\"><span class=\"Y2IQFc\" lang=\"it\">In den beiden seitlichen Netztaschen und der verschwei\u00dften Handytasche k\u00f6nnen Sie Ihre wichtigsten Utensilien verstauen und so eine sorgenfreie Fahrt genie\u00dfen. Die verschwei\u00dften, frei geschnittenen N\u00e4hte bieten ablenkungsfreien Komfort.<\/span><\/p>\n<h4 id=\"tw-target-text\" class=\"tw-data-text tw-text-large XcVN5d tw-ta\" dir=\"ltr\" data-placeholder=\"Traduzione\"><span class=\"Y2IQFc\" lang=\"it\">Herausnehmbare Cups <\/span><\/h4>\n<p class=\"tw-data-text tw-text-large XcVN5d tw-ta\" dir=\"ltr\" data-placeholder=\"Traduzione\"><span class=\"Y2IQFc\" lang=\"it\">Die herausnehmbaren K\u00f6rbchen sind in Umschlagtaschen untergebracht und k\u00f6nnen w\u00e4hrend des Rennens individuell angepasst werden.<\/span><\/p>\n","protected":false},"excerpt":{"rendered":"<p>Nimm das Wichtigste mit. Der Drive 3 Pocket Run-BH bietet lauftaugliche Kompressionsunterst\u00fctzung und drei Taschen, eine davon nur f\u00fcr dein Handy. Laufbereite Unterst\u00fctzung Die lauffertige Kompressionsunterst\u00fctzung schr\u00e4nkt die Bewegung ein, ohne zu sehr einzuengen, und bietet so Sicherheit und Schutz beim Laufen. Das im Labor getestete Design bietet lauftaugliche Unterst\u00fctzung f\u00fcr eine breite Palette von &hellip; <a href=\"https:\/\/www.miomiorun.com\/de\/produkt\/brooks-drive-3-pocket-run-bra\/\">Continued<\/a><\/p>\n","protected":false},"featured_media":57654,"template":"","meta":{"_acf_changed":false,"inline_featured_image":false},"product_brand":[],"product_cat":[6400,6401,6485],"product_tag":[3362,6205],"class_list":{"0":"post-176264","1":"product","2":"type-product","3":"status-publish","4":"has-post-thumbnail","6":"product_cat-damen","7":"product_cat-damenbekleidung","8":"product_cat-damenwaesche-de","9":"product_tag-brooks-de","10":"product_tag-brooks-damen-de","11":"pa_attivita-fitness-de","12":"pa_attivita-gehen","13":"pa_attivita-running-de","14":"pa_marca-brooks-de","15":"pa_sesso-damen","16":"pa_size-32c-de","17":"pa_size-34c-de","18":"pa_size-36c-de","20":"first","21":"instock","22":"sale","23":"taxable","24":"shipping-taxable","25":"purchasable","26":"product-type-variable","27":"wvs-archive-product-wrapper"},"acf":[],"yoast_head":"<!-- This site is optimized with the Yoast SEO plugin v26.8 - https:\/\/yoast.com\/product\/yoast-seo-wordpress\/ -->\n<title>Brooks Drive 3 Pocket Run Bra -Sport-BH - MioMioRun<\/title>\n<meta name=\"description\" content=\"Nimm das Wichtigste mit. Der Drive 3 Pocket Run-BH bietet renntaugliche Kompressionsunterst\u00fctzung und drei Taschen.\" \/>\n<meta name=\"robots\" content=\"index, follow, max-snippet:-1, max-image-preview:large, max-video-preview:-1\" \/>\n<link rel=\"canonical\" href=\"https:\/\/www.miomiorun.com\/de\/produkt\/brooks-drive-3-pocket-run-bra\/\" \/>\n<meta property=\"og:locale\" content=\"de_DE\" \/>\n<meta property=\"og:type\" content=\"article\" \/>\n<meta property=\"og:title\" content=\"Brooks Drive 3 Pocket Run Bra -Sport-BH - MioMioRun\" \/>\n<meta property=\"og:description\" content=\"Nimm das Wichtigste mit. Der Drive 3 Pocket Run-BH bietet renntaugliche Kompressionsunterst\u00fctzung und drei Taschen.\" \/>\n<meta property=\"og:url\" content=\"https:\/\/www.miomiorun.com\/de\/produkt\/brooks-drive-3-pocket-run-bra\/\" \/>\n<meta property=\"og:site_name\" content=\"MioMioRun\" \/>\n<meta property=\"article:publisher\" content=\"https:\/\/www.facebook.com\/miomiorun\/\" \/>\n<meta property=\"article:modified_time\" content=\"2024-07-26T16:26:19+00:00\" \/>\n<meta property=\"og:image\" content=\"https:\/\/www.miomiorun.com\/app\/uploads\/2021\/09\/brooks-drive-3-pocket-run-bra-350080-305.jpg\" \/>\n\t<meta property=\"og:image:width\" content=\"600\" \/>\n\t<meta property=\"og:image:height\" content=\"600\" \/>\n\t<meta property=\"og:image:type\" content=\"image\/jpeg\" \/>\n<meta name=\"twitter:card\" content=\"summary_large_image\" \/>\n<meta name=\"twitter:label1\" content=\"Est. reading time\" \/>\n\t<meta name=\"twitter:data1\" content=\"1 minute\" \/>\n<script type=\"application\/ld+json\" class=\"yoast-schema-graph\">{\"@context\":\"https:\/\/schema.org\",\"@graph\":[{\"@type\":\"WebPage\",\"@id\":\"https:\/\/www.miomiorun.com\/de\/produkt\/brooks-drive-3-pocket-run-bra\/\",\"url\":\"https:\/\/www.miomiorun.com\/de\/produkt\/brooks-drive-3-pocket-run-bra\/\",\"name\":\"Brooks Drive 3 Pocket Run Bra -Sport-BH - MioMioRun\",\"isPartOf\":{\"@id\":\"https:\/\/www.miomiorun.com\/de\/#website\"},\"primaryImageOfPage\":{\"@id\":\"https:\/\/www.miomiorun.com\/de\/produkt\/brooks-drive-3-pocket-run-bra\/#primaryimage\"},\"image\":{\"@id\":\"https:\/\/www.miomiorun.com\/de\/produkt\/brooks-drive-3-pocket-run-bra\/#primaryimage\"},\"thumbnailUrl\":\"https:\/\/www.miomiorun.com\/app\/uploads\/2021\/09\/brooks-drive-3-pocket-run-bra-350080-305.jpg\",\"datePublished\":\"2021-09-04T10:10:23+00:00\",\"dateModified\":\"2024-07-26T16:26:19+00:00\",\"description\":\"Nimm das Wichtigste mit. Der Drive 3 Pocket Run-BH bietet renntaugliche Kompressionsunterst\u00fctzung und drei Taschen.\",\"breadcrumb\":{\"@id\":\"https:\/\/www.miomiorun.com\/de\/produkt\/brooks-drive-3-pocket-run-bra\/#breadcrumb\"},\"inLanguage\":\"de-DE\",\"potentialAction\":[{\"@type\":\"ReadAction\",\"target\":[\"https:\/\/www.miomiorun.com\/de\/produkt\/brooks-drive-3-pocket-run-bra\/\"]}]},{\"@type\":\"ImageObject\",\"inLanguage\":\"de-DE\",\"@id\":\"https:\/\/www.miomiorun.com\/de\/produkt\/brooks-drive-3-pocket-run-bra\/#primaryimage\",\"url\":\"https:\/\/www.miomiorun.com\/app\/uploads\/2021\/09\/brooks-drive-3-pocket-run-bra-350080-305.jpg\",\"contentUrl\":\"https:\/\/www.miomiorun.com\/app\/uploads\/2021\/09\/brooks-drive-3-pocket-run-bra-350080-305.jpg\",\"width\":600,\"height\":600,\"caption\":\"Brooks Drive 3 Pocket Run Bra\"},{\"@type\":\"BreadcrumbList\",\"@id\":\"https:\/\/www.miomiorun.com\/de\/produkt\/brooks-drive-3-pocket-run-bra\/#breadcrumb\",\"itemListElement\":[{\"@type\":\"ListItem\",\"position\":1,\"name\":\"Home\",\"item\":\"https:\/\/www.miomiorun.com\/de\/\"},{\"@type\":\"ListItem\",\"position\":2,\"name\":\"Shop\",\"item\":\"https:\/\/www.miomiorun.com\/shop\/\"},{\"@type\":\"ListItem\",\"position\":3,\"name\":\"Drive 3 Pocket Run Bra\"}]},{\"@type\":\"WebSite\",\"@id\":\"https:\/\/www.miomiorun.com\/de\/#website\",\"url\":\"https:\/\/www.miomiorun.com\/de\/\",\"name\":\"MioMioRun\",\"description\":\"100% Lauf- und Trailshop\",\"publisher\":{\"@id\":\"https:\/\/www.miomiorun.com\/de\/#organization\"},\"potentialAction\":[{\"@type\":\"SearchAction\",\"target\":{\"@type\":\"EntryPoint\",\"urlTemplate\":\"https:\/\/www.miomiorun.com\/de\/?s={search_term_string}\"},\"query-input\":{\"@type\":\"PropertyValueSpecification\",\"valueRequired\":true,\"valueName\":\"search_term_string\"}}],\"inLanguage\":\"de-DE\"},{\"@type\":\"Organization\",\"@id\":\"https:\/\/www.miomiorun.com\/de\/#organization\",\"name\":\"MioMio Run\",\"url\":\"https:\/\/www.miomiorun.com\/de\/\",\"logo\":{\"@type\":\"ImageObject\",\"inLanguage\":\"de-DE\",\"@id\":\"https:\/\/www.miomiorun.com\/de\/#\/schema\/logo\/image\/\",\"url\":\"https:\/\/www.miomiorun.com\/app\/uploads\/2019\/12\/logomio.png\",\"contentUrl\":\"https:\/\/www.miomiorun.com\/app\/uploads\/2019\/12\/logomio.png\",\"width\":115,\"height\":82,\"caption\":\"MioMio Run\"},\"image\":{\"@id\":\"https:\/\/www.miomiorun.com\/de\/#\/schema\/logo\/image\/\"},\"sameAs\":[\"https:\/\/www.facebook.com\/miomiorun\/\",\"https:\/\/www.instagram.com\/miomiorun\/\"]}]}<\/script>\n<!-- \/ Yoast SEO plugin. -->","yoast_head_json":{"title":"Brooks Drive 3 Pocket Run Bra -Sport-BH - MioMioRun","description":"Nimm das Wichtigste mit. Der Drive 3 Pocket Run-BH bietet renntaugliche Kompressionsunterst\u00fctzung und drei Taschen.","robots":{"index":"index","follow":"follow","max-snippet":"max-snippet:-1","max-image-preview":"max-image-preview:large","max-video-preview":"max-video-preview:-1"},"canonical":"https:\/\/www.miomiorun.com\/de\/produkt\/brooks-drive-3-pocket-run-bra\/","og_locale":"de_DE","og_type":"article","og_title":"Brooks Drive 3 Pocket Run Bra -Sport-BH - MioMioRun","og_description":"Nimm das Wichtigste mit. Der Drive 3 Pocket Run-BH bietet renntaugliche Kompressionsunterst\u00fctzung und drei Taschen.","og_url":"https:\/\/www.miomiorun.com\/de\/produkt\/brooks-drive-3-pocket-run-bra\/","og_site_name":"MioMioRun","article_publisher":"https:\/\/www.facebook.com\/miomiorun\/","article_modified_time":"2024-07-26T16:26:19+00:00","og_image":[{"width":600,"height":600,"url":"https:\/\/www.miomiorun.com\/app\/uploads\/2021\/09\/brooks-drive-3-pocket-run-bra-350080-305.jpg","type":"image\/jpeg"}],"twitter_card":"summary_large_image","twitter_misc":{"Est. reading time":"1 minute"},"schema":{"@context":"https:\/\/schema.org","@graph":[{"@type":"WebPage","@id":"https:\/\/www.miomiorun.com\/de\/produkt\/brooks-drive-3-pocket-run-bra\/","url":"https:\/\/www.miomiorun.com\/de\/produkt\/brooks-drive-3-pocket-run-bra\/","name":"Brooks Drive 3 Pocket Run Bra -Sport-BH - MioMioRun","isPartOf":{"@id":"https:\/\/www.miomiorun.com\/de\/#website"},"primaryImageOfPage":{"@id":"https:\/\/www.miomiorun.com\/de\/produkt\/brooks-drive-3-pocket-run-bra\/#primaryimage"},"image":{"@id":"https:\/\/www.miomiorun.com\/de\/produkt\/brooks-drive-3-pocket-run-bra\/#primaryimage"},"thumbnailUrl":"https:\/\/www.miomiorun.com\/app\/uploads\/2021\/09\/brooks-drive-3-pocket-run-bra-350080-305.jpg","datePublished":"2021-09-04T10:10:23+00:00","dateModified":"2024-07-26T16:26:19+00:00","description":"Nimm das Wichtigste mit. Der Drive 3 Pocket Run-BH bietet renntaugliche Kompressionsunterst\u00fctzung und drei Taschen.","breadcrumb":{"@id":"https:\/\/www.miomiorun.com\/de\/produkt\/brooks-drive-3-pocket-run-bra\/#breadcrumb"},"inLanguage":"de-DE","potentialAction":[{"@type":"ReadAction","target":["https:\/\/www.miomiorun.com\/de\/produkt\/brooks-drive-3-pocket-run-bra\/"]}]},{"@type":"ImageObject","inLanguage":"de-DE","@id":"https:\/\/www.miomiorun.com\/de\/produkt\/brooks-drive-3-pocket-run-bra\/#primaryimage","url":"https:\/\/www.miomiorun.com\/app\/uploads\/2021\/09\/brooks-drive-3-pocket-run-bra-350080-305.jpg","contentUrl":"https:\/\/www.miomiorun.com\/app\/uploads\/2021\/09\/brooks-drive-3-pocket-run-bra-350080-305.jpg","width":600,"height":600,"caption":"Brooks Drive 3 Pocket Run Bra"},{"@type":"BreadcrumbList","@id":"https:\/\/www.miomiorun.com\/de\/produkt\/brooks-drive-3-pocket-run-bra\/#breadcrumb","itemListElement":[{"@type":"ListItem","position":1,"name":"Home","item":"https:\/\/www.miomiorun.com\/de\/"},{"@type":"ListItem","position":2,"name":"Shop","item":"https:\/\/www.miomiorun.com\/shop\/"},{"@type":"ListItem","position":3,"name":"Drive 3 Pocket Run Bra"}]},{"@type":"WebSite","@id":"https:\/\/www.miomiorun.com\/de\/#website","url":"https:\/\/www.miomiorun.com\/de\/","name":"MioMioRun","description":"100% Lauf- und Trailshop","publisher":{"@id":"https:\/\/www.miomiorun.com\/de\/#organization"},"potentialAction":[{"@type":"SearchAction","target":{"@type":"EntryPoint","urlTemplate":"https:\/\/www.miomiorun.com\/de\/?s={search_term_string}"},"query-input":{"@type":"PropertyValueSpecification","valueRequired":true,"valueName":"search_term_string"}}],"inLanguage":"de-DE"},{"@type":"Organization","@id":"https:\/\/www.miomiorun.com\/de\/#organization","name":"MioMio Run","url":"https:\/\/www.miomiorun.com\/de\/","logo":{"@type":"ImageObject","inLanguage":"de-DE","@id":"https:\/\/www.miomiorun.com\/de\/#\/schema\/logo\/image\/","url":"https:\/\/www.miomiorun.com\/app\/uploads\/2019\/12\/logomio.png","contentUrl":"https:\/\/www.miomiorun.com\/app\/uploads\/2019\/12\/logomio.png","width":115,"height":82,"caption":"MioMio Run"},"image":{"@id":"https:\/\/www.miomiorun.com\/de\/#\/schema\/logo\/image\/"},"sameAs":["https:\/\/www.facebook.com\/miomiorun\/","https:\/\/www.instagram.com\/miomiorun\/"]}]}},"_links":{"self":[{"href":"https:\/\/www.miomiorun.com\/de\/wp-json\/wp\/v2\/product\/176264","targetHints":{"allow":["GET"]}}],"collection":[{"href":"https:\/\/www.miomiorun.com\/de\/wp-json\/wp\/v2\/product"}],"about":[{"href":"https:\/\/www.miomiorun.com\/de\/wp-json\/wp\/v2\/types\/product"}],"wp:featuredmedia":[{"embeddable":true,"href":"https:\/\/www.miomiorun.com\/de\/wp-json\/wp\/v2\/media\/57654"}],"wp:attachment":[{"href":"https:\/\/www.miomiorun.com\/de\/wp-json\/wp\/v2\/media?parent=176264"}],"wp:term":[{"taxonomy":"product_brand","embeddable":true,"href":"https:\/\/www.miomiorun.com\/de\/wp-json\/wp\/v2\/product_brand?post=176264"},{"taxonomy":"product_cat","embeddable":true,"href":"https:\/\/www.miomiorun.com\/de\/wp-json\/wp\/v2\/product_cat?post=176264"},{"taxonomy":"product_tag","embeddable":true,"href":"https:\/\/www.miomiorun.com\/de\/wp-json\/wp\/v2\/product_tag?post=176264"}],"curies":[{"name":"wp","href":"https:\/\/api.w.org\/{rel}","templated":true}]}}