{"id":176262,"date":"2021-09-04T12:16:28","date_gmt":"2021-09-04T10:16:28","guid":{"rendered":"https:\/\/miomiorun.com\/prodotto\/brooks-drive-convertible-run-bra-donna\/"},"modified":"2024-07-26T18:27:06","modified_gmt":"2024-07-26T16:27:06","slug":"drive-convertible-run-bra-damen","status":"publish","type":"product","link":"https:\/\/www.miomiorun.com\/de\/produkt\/drive-convertible-run-bra-damen\/","title":{"rendered":"Drive Convertible Run Bra damen"},"content":{"rendered":"<p id=\"tw-target-text\" class=\"tw-data-text tw-text-large XcVN5d tw-ta\" dir=\"ltr\" data-placeholder=\"Traduzione\"><span class=\"Y2IQFc\" lang=\"it\">Mit verstellbaren und wandelbaren Tr\u00e4gern, damit Sie die Passform anpassen und Ihren Stil w\u00e4hlen k\u00f6nnen, bietet dieser BH Komfort mit renntauglicher Kompressionsunterst\u00fctzung.<\/span><\/p>\n<h4 id=\"tw-target-text\" class=\"tw-data-text tw-text-large XcVN5d tw-ta\" dir=\"ltr\" data-placeholder=\"Traduzione\"><span class=\"Y2IQFc\" lang=\"it\">Rennsporttaugliche Unterst\u00fctzung<\/span><\/h4>\n<p class=\"tw-data-text tw-text-large XcVN5d tw-ta\" dir=\"ltr\" data-placeholder=\"Traduzione\"><span class=\"Y2IQFc\" lang=\"it\">Die renntaugliche Kompressionsunterst\u00fctzung reduziert die Bewegungsfreiheit, ohne zu sehr einzuengen, und bietet Sicherheit beim Laufen. Das im Labor getestete Design bietet lauftaugliche Unterst\u00fctzung f\u00fcr eine breite Palette von Gr\u00f6\u00dfen.<\/span><\/p>\n<p class=\"tw-data-text tw-text-large XcVN5d tw-ta\" dir=\"ltr\" data-placeholder=\"Traduzione\"><span class=\"Y2IQFc\" lang=\"it\">Die Tests stellen sicher, dass unsere BHs rennspezifische Unterst\u00fctzung bieten. Wir testen die BHs auch mit Frauen wie Ihnen, denn Labordaten sind nur so gut wie ihre Anwendung in der Praxis.<\/span><\/p>\n<h4 id=\"tw-target-text\" class=\"tw-data-text tw-text-large XcVN5d tw-ta\" dir=\"ltr\" data-placeholder=\"Traduzione\"><span class=\"Y2IQFc\" lang=\"it\">Ma\u00dfgeschneiderte Passform <\/span><\/h4>\n<p class=\"tw-data-text tw-text-large XcVN5d tw-ta\" dir=\"ltr\" data-placeholder=\"Traduzione\"><span class=\"Y2IQFc\" lang=\"it\">Dieser vielseitige BH kann auf zwei Arten getragen werden: als Scoopback oder Racerback. Au\u00dferdem bieten die verstellbaren R\u00fcckentr\u00e4ger eine individuellere Passform. Weiches, flexibles unteres Band f\u00fcr flexible Bewegungen beim Laufen. Verschluss hinten f\u00fcr stressfreies An- und Ausziehen.<\/span><\/p>\n<h4 id=\"tw-target-text\" class=\"tw-data-text tw-text-large XcVN5d tw-ta\" dir=\"ltr\" data-placeholder=\"Traduzione\"><span class=\"Y2IQFc\" lang=\"it\">Dezente Bescheidenheit<\/span><\/h4>\n<p class=\"tw-data-text tw-text-large XcVN5d tw-ta\" dir=\"ltr\" data-placeholder=\"Traduzione\"><span class=\"Y2IQFc\" lang=\"it\">Kein eingebauter Cup erforderlich. Die sto\u00dfd\u00e4mpfende Technologie bietet Halt, minimale Form und Komfort.<\/span><\/p>\n","protected":false},"excerpt":{"rendered":"<p>Mit verstellbaren und wandelbaren Tr\u00e4gern, damit Sie die Passform anpassen und Ihren Stil w\u00e4hlen k\u00f6nnen, bietet dieser BH Komfort mit renntauglicher Kompressionsunterst\u00fctzung. Rennsporttaugliche Unterst\u00fctzung Die renntaugliche Kompressionsunterst\u00fctzung reduziert die Bewegungsfreiheit, ohne zu sehr einzuengen, und bietet Sicherheit beim Laufen. Das im Labor getestete Design bietet lauftaugliche Unterst\u00fctzung f\u00fcr eine breite Palette von Gr\u00f6\u00dfen. Die Tests &hellip; <a href=\"https:\/\/www.miomiorun.com\/de\/produkt\/drive-convertible-run-bra-damen\/\">Continued<\/a><\/p>\n","protected":false},"featured_media":57650,"template":"","meta":{"_acf_changed":false,"inline_featured_image":false},"product_brand":[],"product_cat":[6400,6401,6485],"product_tag":[3362,6205],"class_list":{"0":"post-176262","1":"product","2":"type-product","3":"status-publish","4":"has-post-thumbnail","6":"product_cat-damen","7":"product_cat-damenbekleidung","8":"product_cat-damenwaesche-de","9":"product_tag-brooks-de","10":"product_tag-brooks-damen-de","11":"pa_attivita-fitness-de","12":"pa_attivita-gehen","13":"pa_attivita-running-de","14":"pa_colore-drive-convertible-run-bra-black-de","15":"pa_colore-drive-convertible-run-bra-bluetiful-alti-de","16":"pa_colore-drive-convertible-run-bra-motion-print-de","17":"pa_marca-brooks-de","18":"pa_sesso-damen","19":"pa_size-32c-de","20":"pa_size-34c-de","21":"pa_size-34d-de","22":"pa_size-36c-de","23":"pa_size-36d-de","24":"pa_size-38d-de","26":"first","27":"instock","28":"sale","29":"taxable","30":"shipping-taxable","31":"purchasable","32":"product-type-variable","33":"wvs-archive-product-wrapper"},"acf":[],"yoast_head":"<!-- This site is optimized with the Yoast SEO plugin v26.8 - https:\/\/yoast.com\/product\/yoast-seo-wordpress\/ -->\n<title>Brooks Drive Convertible Run Bra damen - Lauf-BH- MioMioRun<\/title>\n<meta name=\"description\" content=\"Mit seinen verstellbaren und wandelbaren Tr\u00e4gern, mit denen Sie die Passform anpassen und Ihren Stil w\u00e4hlen k\u00f6nnen, garantiert dieser BH Komfort.\" \/>\n<meta name=\"robots\" content=\"index, follow, max-snippet:-1, max-image-preview:large, max-video-preview:-1\" \/>\n<link rel=\"canonical\" href=\"https:\/\/www.miomiorun.com\/de\/produkt\/drive-convertible-run-bra-damen\/\" \/>\n<meta property=\"og:locale\" content=\"de_DE\" \/>\n<meta property=\"og:type\" content=\"article\" \/>\n<meta property=\"og:title\" content=\"Brooks Drive Convertible Run Bra damen - Lauf-BH- MioMioRun\" \/>\n<meta property=\"og:description\" content=\"Mit seinen verstellbaren und wandelbaren Tr\u00e4gern, mit denen Sie die Passform anpassen und Ihren Stil w\u00e4hlen k\u00f6nnen, garantiert dieser BH Komfort.\" \/>\n<meta property=\"og:url\" content=\"https:\/\/www.miomiorun.com\/de\/produkt\/drive-convertible-run-bra-damen\/\" \/>\n<meta property=\"og:site_name\" content=\"MioMioRun\" \/>\n<meta property=\"article:publisher\" content=\"https:\/\/www.facebook.com\/miomiorun\/\" \/>\n<meta property=\"article:modified_time\" content=\"2024-07-26T16:27:06+00:00\" \/>\n<meta property=\"og:image\" content=\"https:\/\/www.miomiorun.com\/app\/uploads\/2021\/09\/brooks-drive-convertible-run-bra-350081001.jpg\" \/>\n\t<meta property=\"og:image:width\" content=\"600\" \/>\n\t<meta property=\"og:image:height\" content=\"600\" \/>\n\t<meta property=\"og:image:type\" content=\"image\/jpeg\" \/>\n<meta name=\"twitter:card\" content=\"summary_large_image\" \/>\n<meta name=\"twitter:label1\" content=\"Est. reading time\" \/>\n\t<meta name=\"twitter:data1\" content=\"1 minute\" \/>\n<script type=\"application\/ld+json\" class=\"yoast-schema-graph\">{\"@context\":\"https:\/\/schema.org\",\"@graph\":[{\"@type\":\"WebPage\",\"@id\":\"https:\/\/www.miomiorun.com\/de\/produkt\/drive-convertible-run-bra-damen\/\",\"url\":\"https:\/\/www.miomiorun.com\/de\/produkt\/drive-convertible-run-bra-damen\/\",\"name\":\"Brooks Drive Convertible Run Bra damen - Lauf-BH- MioMioRun\",\"isPartOf\":{\"@id\":\"https:\/\/www.miomiorun.com\/de\/#website\"},\"primaryImageOfPage\":{\"@id\":\"https:\/\/www.miomiorun.com\/de\/produkt\/drive-convertible-run-bra-damen\/#primaryimage\"},\"image\":{\"@id\":\"https:\/\/www.miomiorun.com\/de\/produkt\/drive-convertible-run-bra-damen\/#primaryimage\"},\"thumbnailUrl\":\"https:\/\/www.miomiorun.com\/app\/uploads\/2021\/09\/brooks-drive-convertible-run-bra-350081001.jpg\",\"datePublished\":\"2021-09-04T10:16:28+00:00\",\"dateModified\":\"2024-07-26T16:27:06+00:00\",\"description\":\"Mit seinen verstellbaren und wandelbaren Tr\u00e4gern, mit denen Sie die Passform anpassen und Ihren Stil w\u00e4hlen k\u00f6nnen, garantiert dieser BH Komfort.\",\"breadcrumb\":{\"@id\":\"https:\/\/www.miomiorun.com\/de\/produkt\/drive-convertible-run-bra-damen\/#breadcrumb\"},\"inLanguage\":\"de-DE\",\"potentialAction\":[{\"@type\":\"ReadAction\",\"target\":[\"https:\/\/www.miomiorun.com\/de\/produkt\/drive-convertible-run-bra-damen\/\"]}]},{\"@type\":\"ImageObject\",\"inLanguage\":\"de-DE\",\"@id\":\"https:\/\/www.miomiorun.com\/de\/produkt\/drive-convertible-run-bra-damen\/#primaryimage\",\"url\":\"https:\/\/www.miomiorun.com\/app\/uploads\/2021\/09\/brooks-drive-convertible-run-bra-350081001.jpg\",\"contentUrl\":\"https:\/\/www.miomiorun.com\/app\/uploads\/2021\/09\/brooks-drive-convertible-run-bra-350081001.jpg\",\"width\":600,\"height\":600,\"caption\":\"Brooks Drive Convertible Run Bra donna\"},{\"@type\":\"BreadcrumbList\",\"@id\":\"https:\/\/www.miomiorun.com\/de\/produkt\/drive-convertible-run-bra-damen\/#breadcrumb\",\"itemListElement\":[{\"@type\":\"ListItem\",\"position\":1,\"name\":\"Home\",\"item\":\"https:\/\/www.miomiorun.com\/de\/\"},{\"@type\":\"ListItem\",\"position\":2,\"name\":\"Shop\",\"item\":\"https:\/\/www.miomiorun.com\/shop\/\"},{\"@type\":\"ListItem\",\"position\":3,\"name\":\"Drive Convertible Run Bra damen\"}]},{\"@type\":\"WebSite\",\"@id\":\"https:\/\/www.miomiorun.com\/de\/#website\",\"url\":\"https:\/\/www.miomiorun.com\/de\/\",\"name\":\"MioMioRun\",\"description\":\"100% Lauf- und Trailshop\",\"publisher\":{\"@id\":\"https:\/\/www.miomiorun.com\/de\/#organization\"},\"potentialAction\":[{\"@type\":\"SearchAction\",\"target\":{\"@type\":\"EntryPoint\",\"urlTemplate\":\"https:\/\/www.miomiorun.com\/de\/?s={search_term_string}\"},\"query-input\":{\"@type\":\"PropertyValueSpecification\",\"valueRequired\":true,\"valueName\":\"search_term_string\"}}],\"inLanguage\":\"de-DE\"},{\"@type\":\"Organization\",\"@id\":\"https:\/\/www.miomiorun.com\/de\/#organization\",\"name\":\"MioMio Run\",\"url\":\"https:\/\/www.miomiorun.com\/de\/\",\"logo\":{\"@type\":\"ImageObject\",\"inLanguage\":\"de-DE\",\"@id\":\"https:\/\/www.miomiorun.com\/de\/#\/schema\/logo\/image\/\",\"url\":\"https:\/\/www.miomiorun.com\/app\/uploads\/2019\/12\/logomio.png\",\"contentUrl\":\"https:\/\/www.miomiorun.com\/app\/uploads\/2019\/12\/logomio.png\",\"width\":115,\"height\":82,\"caption\":\"MioMio Run\"},\"image\":{\"@id\":\"https:\/\/www.miomiorun.com\/de\/#\/schema\/logo\/image\/\"},\"sameAs\":[\"https:\/\/www.facebook.com\/miomiorun\/\",\"https:\/\/www.instagram.com\/miomiorun\/\"]}]}<\/script>\n<!-- \/ Yoast SEO plugin. -->","yoast_head_json":{"title":"Brooks Drive Convertible Run Bra damen - Lauf-BH- MioMioRun","description":"Mit seinen verstellbaren und wandelbaren Tr\u00e4gern, mit denen Sie die Passform anpassen und Ihren Stil w\u00e4hlen k\u00f6nnen, garantiert dieser BH Komfort.","robots":{"index":"index","follow":"follow","max-snippet":"max-snippet:-1","max-image-preview":"max-image-preview:large","max-video-preview":"max-video-preview:-1"},"canonical":"https:\/\/www.miomiorun.com\/de\/produkt\/drive-convertible-run-bra-damen\/","og_locale":"de_DE","og_type":"article","og_title":"Brooks Drive Convertible Run Bra damen - Lauf-BH- MioMioRun","og_description":"Mit seinen verstellbaren und wandelbaren Tr\u00e4gern, mit denen Sie die Passform anpassen und Ihren Stil w\u00e4hlen k\u00f6nnen, garantiert dieser BH Komfort.","og_url":"https:\/\/www.miomiorun.com\/de\/produkt\/drive-convertible-run-bra-damen\/","og_site_name":"MioMioRun","article_publisher":"https:\/\/www.facebook.com\/miomiorun\/","article_modified_time":"2024-07-26T16:27:06+00:00","og_image":[{"width":600,"height":600,"url":"https:\/\/www.miomiorun.com\/app\/uploads\/2021\/09\/brooks-drive-convertible-run-bra-350081001.jpg","type":"image\/jpeg"}],"twitter_card":"summary_large_image","twitter_misc":{"Est. reading time":"1 minute"},"schema":{"@context":"https:\/\/schema.org","@graph":[{"@type":"WebPage","@id":"https:\/\/www.miomiorun.com\/de\/produkt\/drive-convertible-run-bra-damen\/","url":"https:\/\/www.miomiorun.com\/de\/produkt\/drive-convertible-run-bra-damen\/","name":"Brooks Drive Convertible Run Bra damen - Lauf-BH- MioMioRun","isPartOf":{"@id":"https:\/\/www.miomiorun.com\/de\/#website"},"primaryImageOfPage":{"@id":"https:\/\/www.miomiorun.com\/de\/produkt\/drive-convertible-run-bra-damen\/#primaryimage"},"image":{"@id":"https:\/\/www.miomiorun.com\/de\/produkt\/drive-convertible-run-bra-damen\/#primaryimage"},"thumbnailUrl":"https:\/\/www.miomiorun.com\/app\/uploads\/2021\/09\/brooks-drive-convertible-run-bra-350081001.jpg","datePublished":"2021-09-04T10:16:28+00:00","dateModified":"2024-07-26T16:27:06+00:00","description":"Mit seinen verstellbaren und wandelbaren Tr\u00e4gern, mit denen Sie die Passform anpassen und Ihren Stil w\u00e4hlen k\u00f6nnen, garantiert dieser BH Komfort.","breadcrumb":{"@id":"https:\/\/www.miomiorun.com\/de\/produkt\/drive-convertible-run-bra-damen\/#breadcrumb"},"inLanguage":"de-DE","potentialAction":[{"@type":"ReadAction","target":["https:\/\/www.miomiorun.com\/de\/produkt\/drive-convertible-run-bra-damen\/"]}]},{"@type":"ImageObject","inLanguage":"de-DE","@id":"https:\/\/www.miomiorun.com\/de\/produkt\/drive-convertible-run-bra-damen\/#primaryimage","url":"https:\/\/www.miomiorun.com\/app\/uploads\/2021\/09\/brooks-drive-convertible-run-bra-350081001.jpg","contentUrl":"https:\/\/www.miomiorun.com\/app\/uploads\/2021\/09\/brooks-drive-convertible-run-bra-350081001.jpg","width":600,"height":600,"caption":"Brooks Drive Convertible Run Bra donna"},{"@type":"BreadcrumbList","@id":"https:\/\/www.miomiorun.com\/de\/produkt\/drive-convertible-run-bra-damen\/#breadcrumb","itemListElement":[{"@type":"ListItem","position":1,"name":"Home","item":"https:\/\/www.miomiorun.com\/de\/"},{"@type":"ListItem","position":2,"name":"Shop","item":"https:\/\/www.miomiorun.com\/shop\/"},{"@type":"ListItem","position":3,"name":"Drive Convertible Run Bra damen"}]},{"@type":"WebSite","@id":"https:\/\/www.miomiorun.com\/de\/#website","url":"https:\/\/www.miomiorun.com\/de\/","name":"MioMioRun","description":"100% Lauf- und Trailshop","publisher":{"@id":"https:\/\/www.miomiorun.com\/de\/#organization"},"potentialAction":[{"@type":"SearchAction","target":{"@type":"EntryPoint","urlTemplate":"https:\/\/www.miomiorun.com\/de\/?s={search_term_string}"},"query-input":{"@type":"PropertyValueSpecification","valueRequired":true,"valueName":"search_term_string"}}],"inLanguage":"de-DE"},{"@type":"Organization","@id":"https:\/\/www.miomiorun.com\/de\/#organization","name":"MioMio Run","url":"https:\/\/www.miomiorun.com\/de\/","logo":{"@type":"ImageObject","inLanguage":"de-DE","@id":"https:\/\/www.miomiorun.com\/de\/#\/schema\/logo\/image\/","url":"https:\/\/www.miomiorun.com\/app\/uploads\/2019\/12\/logomio.png","contentUrl":"https:\/\/www.miomiorun.com\/app\/uploads\/2019\/12\/logomio.png","width":115,"height":82,"caption":"MioMio Run"},"image":{"@id":"https:\/\/www.miomiorun.com\/de\/#\/schema\/logo\/image\/"},"sameAs":["https:\/\/www.facebook.com\/miomiorun\/","https:\/\/www.instagram.com\/miomiorun\/"]}]}},"_links":{"self":[{"href":"https:\/\/www.miomiorun.com\/de\/wp-json\/wp\/v2\/product\/176262","targetHints":{"allow":["GET"]}}],"collection":[{"href":"https:\/\/www.miomiorun.com\/de\/wp-json\/wp\/v2\/product"}],"about":[{"href":"https:\/\/www.miomiorun.com\/de\/wp-json\/wp\/v2\/types\/product"}],"wp:featuredmedia":[{"embeddable":true,"href":"https:\/\/www.miomiorun.com\/de\/wp-json\/wp\/v2\/media\/57650"}],"wp:attachment":[{"href":"https:\/\/www.miomiorun.com\/de\/wp-json\/wp\/v2\/media?parent=176262"}],"wp:term":[{"taxonomy":"product_brand","embeddable":true,"href":"https:\/\/www.miomiorun.com\/de\/wp-json\/wp\/v2\/product_brand?post=176262"},{"taxonomy":"product_cat","embeddable":true,"href":"https:\/\/www.miomiorun.com\/de\/wp-json\/wp\/v2\/product_cat?post=176262"},{"taxonomy":"product_tag","embeddable":true,"href":"https:\/\/www.miomiorun.com\/de\/wp-json\/wp\/v2\/product_tag?post=176262"}],"curies":[{"name":"wp","href":"https:\/\/api.w.org\/{rel}","templated":true}]}}