{"id":176248,"date":"2021-10-12T18:51:57","date_gmt":"2021-10-12T16:51:57","guid":{"rendered":"https:\/\/miomiorun.com\/prodotto\/uyn-marathon-ow-shirt-donna\/"},"modified":"2024-07-26T18:36:05","modified_gmt":"2024-07-26T16:36:05","slug":"marathon-ow-shirt-damen","status":"publish","type":"product","link":"https:\/\/www.miomiorun.com\/de\/produkt\/marathon-ow-shirt-damen\/","title":{"rendered":"Marathon OW shirt damen"},"content":{"rendered":"<div class=\"tab-custom-inner-max content-wysiwyg\">\n<div class=\"tab-custom-inner-max content-wysiwyg\"><\/div>\n<div class=\"tab-custom-inner-max content-wysiwyg\">\n<div class=\"product-line\">\n<p><strong>Marathon von Uyn<\/strong> f\u00fcr Frauen ist ein leichtes und dehnbares Lauftrikot mit optimaler Bel\u00fcftung, das den Schwei\u00df schnell nach au\u00dfen leitet und gleichzeitig die K\u00f6rpertemperatur effektiv reguliert, um optimalen Komfort zu bieten.<\/p>\n<p><strong>Eigenschaften:<\/strong><\/p>\n<ul>\n<li>Coolvent-Technologie f\u00fcr gute Luftzirkulation<\/li>\n<li>Drylight-Technologie, die Feuchtigkeit nach au\u00dfen transportiert<\/li>\n<li>Hypermotion-Konstruktion, die die K\u00f6rperhaltung unterst\u00fctzt<\/li>\n<li>Rundhalsausschnitt<\/li>\n<li>Raglan\u00e4rmel f\u00fcr optimale Bewegungsfreiheit<\/li>\n<li>elastische Abschl\u00fcsse<\/li>\n<li>\u00fcbergro\u00dfes Uyn-Logo vorne und hinten<\/li>\n<\/ul>\n<h3>Technologien<\/h3>\n<div id=\"tab-technology\" class=\"tab-pane active\" role=\"tabpanel\">\n<div class=\"tab-custom\">\n<div class=\"tab-items\">\n<div class=\"row\">\n<div class=\"col-xs-12 col-sm-4\">\n<div class=\"tab-item\">\n<div class=\"media media-md\">\n<div class=\"media-left\"><img loading=\"lazy\" decoding=\"async\" class=\"\" src=\"https:\/\/images.prismic.io\/uynsports\/558d27668629dc0d13a92787903add7452ef943d_coolvent.jpg?auto=compress,format\" alt=\"Coolvent\" width=\"88\" height=\"88\" \/><\/div>\n<div class=\"media-body\">\n<div class=\"title\"><strong>Coolvent<\/strong><\/div>\n<p>Das Coolvent-Konzept steht f\u00fcr absoluten Komfort. Es basiert auf der offenen Struktur des Gewebes: Die innere Oberfl\u00e4che ist von Kan\u00e4len durchzogen, die einen konstanten Luftstrom f\u00f6rdern. Es absorbiert schnell den Schwei\u00df, k\u00fchlt den K\u00f6rper bei k\u00f6rperlicher Aktivit\u00e4t und h\u00e4lt die Haut stets trocken.<\/p>\n<\/div>\n<\/div>\n<\/div>\n<\/div>\n<div class=\"col-xs-12 col-sm-4\">\n<div class=\"tab-item\">\n<div class=\"media media-md\">\n<div class=\"media-left\"><img loading=\"lazy\" decoding=\"async\" class=\"\" src=\"https:\/\/images.prismic.io\/uynsports\/527a70652da805d4a951d23b1d682161e9f97dcf_drylight.jpg?auto=compress,format\" alt=\"Drylight\" width=\"88\" height=\"88\" \/><\/div>\n<div class=\"media-body\">\n<div class=\"title\"><strong>Drylight<\/strong><\/div>\n<p>Die Drylight-Technologie von UYN\u00ae sorgt f\u00fcr Komfort an allen Stellen des K\u00f6rpers, an denen sich Schwei\u00df ansammelt. Dank eines durchl\u00e4ssigeren und hochabsorbierenden Gestricks wird die Feuchtigkeit schnell nach au\u00dfen transportiert.<\/p>\n<\/div>\n<\/div>\n<\/div>\n<\/div>\n<div class=\"col-xs-12 col-sm-4\">\n<div class=\"tab-item\">\n<div class=\"media media-md\">\n<div class=\"media-left\"><img loading=\"lazy\" decoding=\"async\" class=\"\" src=\"https:\/\/images.prismic.io\/uynsports\/89800456c6e9adddef3efa4e70bf25dcbd6b6aab_hypermotion2.jpg?auto=compress,format\" alt=\"Hypermotion\u00b2\" width=\"88\" height=\"88\" \/><\/div>\n<div class=\"media-body\">\n<div class=\"title\"><strong>Hypermotion\u00b2<\/strong><\/div>\n<p>Hypermotion\u00b2 bietet noch mehr Bewegungsfreiheit. Es gibt keine vertikalen N\u00e4hte, weder an den Schultern noch an der Brust. Nichts schr\u00e4nkt die Bewegung der Arme ein.<\/p>\n<\/div>\n<\/div>\n<\/div>\n<\/div>\n<div class=\"col-xs-12 col-sm-4\">\n<div class=\"tab-item\">\n<div class=\"media media-md\">\n<div class=\"media-left\"><strong><img loading=\"lazy\" decoding=\"async\" class=\"\" src=\"https:\/\/images.prismic.io\/uynsports\/1304e00edf5a78c715bdc0f15cac1cece3921fad_meta-ribs-top.jpg?auto=compress,format\" alt=\"Meta-Ribs\" width=\"88\" height=\"88\" \/><\/strong><\/div>\n<div class=\"media-body\">\n<div class=\"title\"><strong>Meta-Ribs<\/strong><\/div>\n<p>Dank der integrierten und stabilisierenden Meta-Ribs erm\u00f6glicht das Hypermotion\u00b2-System eine ideale K\u00f6rperhaltung, die eine Ausdehnung des Brustkorbs erm\u00f6glicht und somit die Atmung erleichtert.<\/p>\n<\/div>\n<\/div>\n<\/div>\n<\/div>\n<div class=\"col-xs-12 col-sm-4\">\n<div class=\"tab-item\">\n<div class=\"media media-md\">\n<div class=\"media-left\"><strong><img loading=\"lazy\" decoding=\"async\" class=\"\" src=\"https:\/\/images.prismic.io\/uynsports\/4aa9ee299293b2a0a42d8c38f2dd934260f726b5_t-hexagon.png?auto=compress,format\" alt=\"T-Hexagon\" width=\"88\" height=\"88\" \/><\/strong><\/div>\n<div class=\"media-body\">\n<div class=\"title\"><strong>T-Hexagon<\/strong><\/div>\n<p>Die hexagonale 3D-Struktur des Gewebes erm\u00f6glicht eine perfekte Regulierung des K\u00f6rperklimas. Im Bauchbereich ist die Struktur dicker f\u00fcr eine bessere Isolierung und Stabilit\u00e4t, w\u00e4hrend sie im Brustbereich d\u00fcnner wird, um die Transpiration und Schwei\u00dfverdunstung zu f\u00f6rdern.<\/p>\n<\/div>\n<\/div>\n<\/div>\n<\/div>\n<\/div>\n<\/div>\n<\/div>\n<\/div>\n<\/div>\n<\/div>\n<\/div>\n","protected":false},"excerpt":{"rendered":"<p>Marathon von Uyn f\u00fcr Frauen ist ein leichtes und dehnbares Lauftrikot mit optimaler Bel\u00fcftung, das den Schwei\u00df schnell nach au\u00dfen leitet und gleichzeitig die K\u00f6rpertemperatur effektiv reguliert, um optimalen Komfort zu bieten. Eigenschaften: Coolvent-Technologie f\u00fcr gute Luftzirkulation Drylight-Technologie, die Feuchtigkeit nach au\u00dfen transportiert Hypermotion-Konstruktion, die die K\u00f6rperhaltung unterst\u00fctzt Rundhalsausschnitt Raglan\u00e4rmel f\u00fcr optimale Bewegungsfreiheit elastische Abschl\u00fcsse &hellip; <a href=\"https:\/\/www.miomiorun.com\/de\/produkt\/marathon-ow-shirt-damen\/\">Continued<\/a><\/p>\n","protected":false},"featured_media":58940,"template":"","meta":{"_acf_changed":false,"inline_featured_image":false},"product_brand":[],"product_cat":[6400,6401,6485],"product_tag":[6315,6291],"class_list":{"0":"post-176248","1":"product","2":"type-product","3":"status-publish","4":"has-post-thumbnail","6":"product_cat-damen","7":"product_cat-damenbekleidung","8":"product_cat-damenwaesche-de","9":"product_tag-uyn-de","10":"product_tag-uyn-damen-de","11":"pa_attivita-gehen","12":"pa_attivita-running-de","13":"pa_colore-lady-marathon-ow-shirt-blackboard-charcoal-white-de","14":"pa_colore-lady-marathon-ow-shirt-flamingo-flamingo-light-white-de","15":"pa_marca-uyn-de","16":"pa_sesso-damen","17":"pa_size-s-m-de","18":"pa_size-l-xl-de","20":"first","21":"instock","22":"sale","23":"taxable","24":"shipping-taxable","25":"purchasable","26":"product-type-variable","27":"wvs-archive-product-wrapper"},"acf":[],"yoast_head":"<!-- This site is optimized with the Yoast SEO plugin v26.8 - https:\/\/yoast.com\/product\/yoast-seo-wordpress\/ -->\n<title>UynMarathon OW shirt damen - Thermo-Unterw\u00e4sche - MioMioRun.com<\/title>\n<meta name=\"description\" content=\"Marathon von Uyn f\u00fcr Frauen ist ein leichtes und dehnbares Lauftrikot mit optimaler Bel\u00fcftung, um den Schwei\u00df nach au\u00dfen zu transportieren.\" \/>\n<meta name=\"robots\" content=\"index, follow, max-snippet:-1, max-image-preview:large, max-video-preview:-1\" \/>\n<link rel=\"canonical\" href=\"https:\/\/www.miomiorun.com\/de\/produkt\/marathon-ow-shirt-damen\/\" \/>\n<meta property=\"og:locale\" content=\"de_DE\" \/>\n<meta property=\"og:type\" content=\"article\" \/>\n<meta property=\"og:title\" content=\"UynMarathon OW shirt damen - Thermo-Unterw\u00e4sche - MioMioRun.com\" \/>\n<meta property=\"og:description\" content=\"Marathon von Uyn f\u00fcr Frauen ist ein leichtes und dehnbares Lauftrikot mit optimaler Bel\u00fcftung, um den Schwei\u00df nach au\u00dfen zu transportieren.\" \/>\n<meta property=\"og:url\" content=\"https:\/\/www.miomiorun.com\/de\/produkt\/marathon-ow-shirt-damen\/\" \/>\n<meta property=\"og:site_name\" content=\"MioMioRun\" \/>\n<meta property=\"article:publisher\" content=\"https:\/\/www.facebook.com\/miomiorun\/\" \/>\n<meta property=\"article:modified_time\" content=\"2024-07-26T16:36:05+00:00\" \/>\n<meta property=\"og:image\" content=\"https:\/\/www.miomiorun.com\/app\/uploads\/2021\/10\/uyn-Lady-marathon-OW-shirt-O101950-93P370.jpg\" \/>\n\t<meta property=\"og:image:width\" content=\"600\" \/>\n\t<meta property=\"og:image:height\" content=\"600\" \/>\n\t<meta property=\"og:image:type\" content=\"image\/jpeg\" \/>\n<meta name=\"twitter:card\" content=\"summary_large_image\" \/>\n<meta name=\"twitter:label1\" content=\"Est. reading time\" \/>\n\t<meta name=\"twitter:data1\" content=\"1 minute\" \/>\n<script type=\"application\/ld+json\" class=\"yoast-schema-graph\">{\"@context\":\"https:\/\/schema.org\",\"@graph\":[{\"@type\":\"WebPage\",\"@id\":\"https:\/\/www.miomiorun.com\/de\/produkt\/marathon-ow-shirt-damen\/\",\"url\":\"https:\/\/www.miomiorun.com\/de\/produkt\/marathon-ow-shirt-damen\/\",\"name\":\"UynMarathon OW shirt damen - Thermo-Unterw\u00e4sche - MioMioRun.com\",\"isPartOf\":{\"@id\":\"https:\/\/www.miomiorun.com\/de\/#website\"},\"primaryImageOfPage\":{\"@id\":\"https:\/\/www.miomiorun.com\/de\/produkt\/marathon-ow-shirt-damen\/#primaryimage\"},\"image\":{\"@id\":\"https:\/\/www.miomiorun.com\/de\/produkt\/marathon-ow-shirt-damen\/#primaryimage\"},\"thumbnailUrl\":\"https:\/\/www.miomiorun.com\/app\/uploads\/2021\/10\/uyn-Lady-marathon-OW-shirt-O101950-93P370.jpg\",\"datePublished\":\"2021-10-12T16:51:57+00:00\",\"dateModified\":\"2024-07-26T16:36:05+00:00\",\"description\":\"Marathon von Uyn f\u00fcr Frauen ist ein leichtes und dehnbares Lauftrikot mit optimaler Bel\u00fcftung, um den Schwei\u00df nach au\u00dfen zu transportieren.\",\"breadcrumb\":{\"@id\":\"https:\/\/www.miomiorun.com\/de\/produkt\/marathon-ow-shirt-damen\/#breadcrumb\"},\"inLanguage\":\"de-DE\",\"potentialAction\":[{\"@type\":\"ReadAction\",\"target\":[\"https:\/\/www.miomiorun.com\/de\/produkt\/marathon-ow-shirt-damen\/\"]}]},{\"@type\":\"ImageObject\",\"inLanguage\":\"de-DE\",\"@id\":\"https:\/\/www.miomiorun.com\/de\/produkt\/marathon-ow-shirt-damen\/#primaryimage\",\"url\":\"https:\/\/www.miomiorun.com\/app\/uploads\/2021\/10\/uyn-Lady-marathon-OW-shirt-O101950-93P370.jpg\",\"contentUrl\":\"https:\/\/www.miomiorun.com\/app\/uploads\/2021\/10\/uyn-Lady-marathon-OW-shirt-O101950-93P370.jpg\",\"width\":600,\"height\":600,\"caption\":\"uyn lady marathon ow shirt\"},{\"@type\":\"BreadcrumbList\",\"@id\":\"https:\/\/www.miomiorun.com\/de\/produkt\/marathon-ow-shirt-damen\/#breadcrumb\",\"itemListElement\":[{\"@type\":\"ListItem\",\"position\":1,\"name\":\"Home\",\"item\":\"https:\/\/www.miomiorun.com\/de\/\"},{\"@type\":\"ListItem\",\"position\":2,\"name\":\"Shop\",\"item\":\"https:\/\/www.miomiorun.com\/shop\/\"},{\"@type\":\"ListItem\",\"position\":3,\"name\":\"Marathon OW shirt damen\"}]},{\"@type\":\"WebSite\",\"@id\":\"https:\/\/www.miomiorun.com\/de\/#website\",\"url\":\"https:\/\/www.miomiorun.com\/de\/\",\"name\":\"MioMioRun\",\"description\":\"100% Lauf- und Trailshop\",\"publisher\":{\"@id\":\"https:\/\/www.miomiorun.com\/de\/#organization\"},\"potentialAction\":[{\"@type\":\"SearchAction\",\"target\":{\"@type\":\"EntryPoint\",\"urlTemplate\":\"https:\/\/www.miomiorun.com\/de\/?s={search_term_string}\"},\"query-input\":{\"@type\":\"PropertyValueSpecification\",\"valueRequired\":true,\"valueName\":\"search_term_string\"}}],\"inLanguage\":\"de-DE\"},{\"@type\":\"Organization\",\"@id\":\"https:\/\/www.miomiorun.com\/de\/#organization\",\"name\":\"MioMio Run\",\"url\":\"https:\/\/www.miomiorun.com\/de\/\",\"logo\":{\"@type\":\"ImageObject\",\"inLanguage\":\"de-DE\",\"@id\":\"https:\/\/www.miomiorun.com\/de\/#\/schema\/logo\/image\/\",\"url\":\"https:\/\/www.miomiorun.com\/app\/uploads\/2019\/12\/logomio.png\",\"contentUrl\":\"https:\/\/www.miomiorun.com\/app\/uploads\/2019\/12\/logomio.png\",\"width\":115,\"height\":82,\"caption\":\"MioMio Run\"},\"image\":{\"@id\":\"https:\/\/www.miomiorun.com\/de\/#\/schema\/logo\/image\/\"},\"sameAs\":[\"https:\/\/www.facebook.com\/miomiorun\/\",\"https:\/\/www.instagram.com\/miomiorun\/\"]}]}<\/script>\n<!-- \/ Yoast SEO plugin. -->","yoast_head_json":{"title":"UynMarathon OW shirt damen - Thermo-Unterw\u00e4sche - MioMioRun.com","description":"Marathon von Uyn f\u00fcr Frauen ist ein leichtes und dehnbares Lauftrikot mit optimaler Bel\u00fcftung, um den Schwei\u00df nach au\u00dfen zu transportieren.","robots":{"index":"index","follow":"follow","max-snippet":"max-snippet:-1","max-image-preview":"max-image-preview:large","max-video-preview":"max-video-preview:-1"},"canonical":"https:\/\/www.miomiorun.com\/de\/produkt\/marathon-ow-shirt-damen\/","og_locale":"de_DE","og_type":"article","og_title":"UynMarathon OW shirt damen - Thermo-Unterw\u00e4sche - MioMioRun.com","og_description":"Marathon von Uyn f\u00fcr Frauen ist ein leichtes und dehnbares Lauftrikot mit optimaler Bel\u00fcftung, um den Schwei\u00df nach au\u00dfen zu transportieren.","og_url":"https:\/\/www.miomiorun.com\/de\/produkt\/marathon-ow-shirt-damen\/","og_site_name":"MioMioRun","article_publisher":"https:\/\/www.facebook.com\/miomiorun\/","article_modified_time":"2024-07-26T16:36:05+00:00","og_image":[{"width":600,"height":600,"url":"https:\/\/www.miomiorun.com\/app\/uploads\/2021\/10\/uyn-Lady-marathon-OW-shirt-O101950-93P370.jpg","type":"image\/jpeg"}],"twitter_card":"summary_large_image","twitter_misc":{"Est. reading time":"1 minute"},"schema":{"@context":"https:\/\/schema.org","@graph":[{"@type":"WebPage","@id":"https:\/\/www.miomiorun.com\/de\/produkt\/marathon-ow-shirt-damen\/","url":"https:\/\/www.miomiorun.com\/de\/produkt\/marathon-ow-shirt-damen\/","name":"UynMarathon OW shirt damen - Thermo-Unterw\u00e4sche - MioMioRun.com","isPartOf":{"@id":"https:\/\/www.miomiorun.com\/de\/#website"},"primaryImageOfPage":{"@id":"https:\/\/www.miomiorun.com\/de\/produkt\/marathon-ow-shirt-damen\/#primaryimage"},"image":{"@id":"https:\/\/www.miomiorun.com\/de\/produkt\/marathon-ow-shirt-damen\/#primaryimage"},"thumbnailUrl":"https:\/\/www.miomiorun.com\/app\/uploads\/2021\/10\/uyn-Lady-marathon-OW-shirt-O101950-93P370.jpg","datePublished":"2021-10-12T16:51:57+00:00","dateModified":"2024-07-26T16:36:05+00:00","description":"Marathon von Uyn f\u00fcr Frauen ist ein leichtes und dehnbares Lauftrikot mit optimaler Bel\u00fcftung, um den Schwei\u00df nach au\u00dfen zu transportieren.","breadcrumb":{"@id":"https:\/\/www.miomiorun.com\/de\/produkt\/marathon-ow-shirt-damen\/#breadcrumb"},"inLanguage":"de-DE","potentialAction":[{"@type":"ReadAction","target":["https:\/\/www.miomiorun.com\/de\/produkt\/marathon-ow-shirt-damen\/"]}]},{"@type":"ImageObject","inLanguage":"de-DE","@id":"https:\/\/www.miomiorun.com\/de\/produkt\/marathon-ow-shirt-damen\/#primaryimage","url":"https:\/\/www.miomiorun.com\/app\/uploads\/2021\/10\/uyn-Lady-marathon-OW-shirt-O101950-93P370.jpg","contentUrl":"https:\/\/www.miomiorun.com\/app\/uploads\/2021\/10\/uyn-Lady-marathon-OW-shirt-O101950-93P370.jpg","width":600,"height":600,"caption":"uyn lady marathon ow shirt"},{"@type":"BreadcrumbList","@id":"https:\/\/www.miomiorun.com\/de\/produkt\/marathon-ow-shirt-damen\/#breadcrumb","itemListElement":[{"@type":"ListItem","position":1,"name":"Home","item":"https:\/\/www.miomiorun.com\/de\/"},{"@type":"ListItem","position":2,"name":"Shop","item":"https:\/\/www.miomiorun.com\/shop\/"},{"@type":"ListItem","position":3,"name":"Marathon OW shirt damen"}]},{"@type":"WebSite","@id":"https:\/\/www.miomiorun.com\/de\/#website","url":"https:\/\/www.miomiorun.com\/de\/","name":"MioMioRun","description":"100% Lauf- und Trailshop","publisher":{"@id":"https:\/\/www.miomiorun.com\/de\/#organization"},"potentialAction":[{"@type":"SearchAction","target":{"@type":"EntryPoint","urlTemplate":"https:\/\/www.miomiorun.com\/de\/?s={search_term_string}"},"query-input":{"@type":"PropertyValueSpecification","valueRequired":true,"valueName":"search_term_string"}}],"inLanguage":"de-DE"},{"@type":"Organization","@id":"https:\/\/www.miomiorun.com\/de\/#organization","name":"MioMio Run","url":"https:\/\/www.miomiorun.com\/de\/","logo":{"@type":"ImageObject","inLanguage":"de-DE","@id":"https:\/\/www.miomiorun.com\/de\/#\/schema\/logo\/image\/","url":"https:\/\/www.miomiorun.com\/app\/uploads\/2019\/12\/logomio.png","contentUrl":"https:\/\/www.miomiorun.com\/app\/uploads\/2019\/12\/logomio.png","width":115,"height":82,"caption":"MioMio Run"},"image":{"@id":"https:\/\/www.miomiorun.com\/de\/#\/schema\/logo\/image\/"},"sameAs":["https:\/\/www.facebook.com\/miomiorun\/","https:\/\/www.instagram.com\/miomiorun\/"]}]}},"_links":{"self":[{"href":"https:\/\/www.miomiorun.com\/de\/wp-json\/wp\/v2\/product\/176248","targetHints":{"allow":["GET"]}}],"collection":[{"href":"https:\/\/www.miomiorun.com\/de\/wp-json\/wp\/v2\/product"}],"about":[{"href":"https:\/\/www.miomiorun.com\/de\/wp-json\/wp\/v2\/types\/product"}],"wp:featuredmedia":[{"embeddable":true,"href":"https:\/\/www.miomiorun.com\/de\/wp-json\/wp\/v2\/media\/58940"}],"wp:attachment":[{"href":"https:\/\/www.miomiorun.com\/de\/wp-json\/wp\/v2\/media?parent=176248"}],"wp:term":[{"taxonomy":"product_brand","embeddable":true,"href":"https:\/\/www.miomiorun.com\/de\/wp-json\/wp\/v2\/product_brand?post=176248"},{"taxonomy":"product_cat","embeddable":true,"href":"https:\/\/www.miomiorun.com\/de\/wp-json\/wp\/v2\/product_cat?post=176248"},{"taxonomy":"product_tag","embeddable":true,"href":"https:\/\/www.miomiorun.com\/de\/wp-json\/wp\/v2\/product_tag?post=176248"}],"curies":[{"name":"wp","href":"https:\/\/api.w.org\/{rel}","templated":true}]}}