{"id":176246,"date":"2021-10-13T12:04:32","date_gmt":"2021-10-13T10:04:32","guid":{"rendered":"https:\/\/miomiorun.com\/prodotto\/falke-bra-madison-low-donna\/"},"modified":"2025-06-13T10:12:14","modified_gmt":"2025-06-13T08:12:14","slug":"bra-madison-low-damen","status":"publish","type":"product","link":"https:\/\/www.miomiorun.com\/de\/produkt\/bra-madison-low-damen\/","title":{"rendered":"Bra Madison low damen"},"content":{"rendered":"<p>Der Top <strong>Madison Low-BH<\/strong> f\u00fcr Frauen mit herausnehmbaren Pads ist ideal f\u00fcr kleine und mittlere Cups und f\u00fcr Sportarten mit geringer Aktivit\u00e4t.<\/p>\n<p>Dank seiner nahtlosen Konstruktion hat der Top-BH keine st\u00f6renden Seitenn\u00e4hte und ist hochelastisch. Die doppellagige Materialstruktur garantiert eine schnelle Trocknung. Kompressionszonen sorgen f\u00fcr optimalen Halt.<\/p>\n<h3>Eigenschaften:<\/h3>\n<ul>\n<li>Geeignet f\u00fcr kleine und mittlere Cups und Sportarten mit reduziertem Aktivit\u00e4tsniveau.<\/li>\n<li>Hochelastisch und ohne unangenehme N\u00e4hte an den Seiten dank der Seamless-Technologie.<\/li>\n<li>Doppellagige Materialstruktur f\u00fcr schnellste Trocknung.<\/li>\n<li>Optimaler Halt dank der Kompressionspassform.<\/li>\n<li>Mit herausnehmbaren Pads.<\/li>\n<\/ul>\n<p><strong><img decoding=\"async\" class=\"product-functional-symbols__image\" src=\"https:\/\/www.falke.com\/it_it\/c5c163f4c436a6d5cac26cfd6ed02ad465473f2a\/assets\/base\/staticImages\/functionalsymbols\/icon_feuchtigkeitsregulierend.svg\" \/><\/strong><\/p>\n<p><strong>Feuchtigkeitsregulierend <\/strong>: einzigartiges, trockenes Gef\u00fchl auf der Haut dank der feuchtigkeitsabsorbierenden Kapazit\u00e4t.<\/p>\n<p><img decoding=\"async\" class=\"product-functional-symbols__image\" src=\"https:\/\/www.falke.com\/it_it\/c5c163f4c436a6d5cac26cfd6ed02ad465473f2a\/assets\/base\/staticImages\/functionalsymbols\/icon_schnellste_ruecktrocknung.svg\" \/><\/p>\n<p><strong>Schnelleres <\/strong>Trocknen: schnelltrocknendes Material.<\/p>\n","protected":false},"excerpt":{"rendered":"<p>Der Top Madison Low-BH f\u00fcr Frauen mit herausnehmbaren Pads ist ideal f\u00fcr kleine und mittlere Cups und f\u00fcr Sportarten mit geringer Aktivit\u00e4t. Dank seiner nahtlosen Konstruktion hat der Top-BH keine st\u00f6renden Seitenn\u00e4hte und ist hochelastisch. Die doppellagige Materialstruktur garantiert eine schnelle Trocknung. Kompressionszonen sorgen f\u00fcr optimalen Halt. Eigenschaften: Geeignet f\u00fcr kleine und mittlere Cups und &hellip; <a href=\"https:\/\/www.miomiorun.com\/de\/produkt\/bra-madison-low-damen\/\">Continued<\/a><\/p>\n","protected":false},"featured_media":69618,"template":"","meta":{"_acf_changed":false,"inline_featured_image":false},"product_brand":[],"product_cat":[6400,6401,6485],"product_tag":[6245,6246],"class_list":{"0":"post-176246","1":"product","2":"type-product","3":"status-publish","4":"has-post-thumbnail","6":"product_cat-damen","7":"product_cat-damenbekleidung","8":"product_cat-damenwaesche-de","9":"product_tag-falke-de","10":"product_tag-falke-damen-de","11":"pa_attivita-fitness-de","12":"pa_attivita-gehen","13":"pa_attivita-running-de","14":"pa_colore-bra-madison-low-berry-de","15":"pa_colore-bra-madison-low-dark-blue-de","16":"pa_colore-bra-madison-low-red-de","17":"pa_colore-madison-low-support-bra-black-de","18":"pa_colore-madison-low-support-bra-cherry-pink-de","19":"pa_marca-craft-de","20":"pa_sesso-damen","21":"pa_size-extra-small-de","22":"pa_size-small-de","23":"pa_size-medium-de","24":"pa_size-large-de","26":"first","27":"instock","28":"sale","29":"taxable","30":"shipping-taxable","31":"purchasable","32":"product-type-variable","33":"wvs-archive-product-wrapper"},"acf":[],"yoast_head":"<!-- This site is optimized with the Yoast SEO plugin v26.8 - https:\/\/yoast.com\/product\/yoast-seo-wordpress\/ -->\n<title>Falke Bra Madison low damen -Sport-BH - MioMioRun<\/title>\n<meta name=\"description\" content=\"Der Top Madison Low BH f\u00fcr Frauen mit herausnehmbaren Pads ist ideal f\u00fcr kleine und mittlere Cups.\" \/>\n<meta name=\"robots\" content=\"index, follow, max-snippet:-1, max-image-preview:large, max-video-preview:-1\" \/>\n<link rel=\"canonical\" href=\"https:\/\/www.miomiorun.com\/de\/produkt\/bra-madison-low-damen\/\" \/>\n<meta property=\"og:locale\" content=\"de_DE\" \/>\n<meta property=\"og:type\" content=\"article\" \/>\n<meta property=\"og:title\" content=\"Falke Bra Madison low damen -Sport-BH - MioMioRun\" \/>\n<meta property=\"og:description\" content=\"Der Top Madison Low BH f\u00fcr Frauen mit herausnehmbaren Pads ist ideal f\u00fcr kleine und mittlere Cups.\" \/>\n<meta property=\"og:url\" content=\"https:\/\/www.miomiorun.com\/de\/produkt\/bra-madison-low-damen\/\" \/>\n<meta property=\"og:site_name\" content=\"MioMioRun\" \/>\n<meta property=\"article:publisher\" content=\"https:\/\/www.facebook.com\/miomiorun\/\" \/>\n<meta property=\"article:modified_time\" content=\"2025-06-13T08:12:14+00:00\" \/>\n<meta property=\"og:image\" content=\"https:\/\/www.miomiorun.com\/app\/uploads\/2022\/05\/falke-madison-low-support-bra-cherry-pink-38462-8536.jpg\" \/>\n\t<meta property=\"og:image:width\" content=\"600\" \/>\n\t<meta property=\"og:image:height\" content=\"600\" \/>\n\t<meta property=\"og:image:type\" content=\"image\/jpeg\" \/>\n<meta name=\"twitter:card\" content=\"summary_large_image\" \/>\n<meta name=\"twitter:label1\" content=\"Est. reading time\" \/>\n\t<meta name=\"twitter:data1\" content=\"1 minute\" \/>\n<script type=\"application\/ld+json\" class=\"yoast-schema-graph\">{\"@context\":\"https:\/\/schema.org\",\"@graph\":[{\"@type\":\"WebPage\",\"@id\":\"https:\/\/www.miomiorun.com\/de\/produkt\/bra-madison-low-damen\/\",\"url\":\"https:\/\/www.miomiorun.com\/de\/produkt\/bra-madison-low-damen\/\",\"name\":\"Falke Bra Madison low damen -Sport-BH - MioMioRun\",\"isPartOf\":{\"@id\":\"https:\/\/www.miomiorun.com\/de\/#website\"},\"primaryImageOfPage\":{\"@id\":\"https:\/\/www.miomiorun.com\/de\/produkt\/bra-madison-low-damen\/#primaryimage\"},\"image\":{\"@id\":\"https:\/\/www.miomiorun.com\/de\/produkt\/bra-madison-low-damen\/#primaryimage\"},\"thumbnailUrl\":\"https:\/\/www.miomiorun.com\/app\/uploads\/2022\/05\/falke-madison-low-support-bra-cherry-pink-38462-8536.jpg\",\"datePublished\":\"2021-10-13T10:04:32+00:00\",\"dateModified\":\"2025-06-13T08:12:14+00:00\",\"description\":\"Der Top Madison Low BH f\u00fcr Frauen mit herausnehmbaren Pads ist ideal f\u00fcr kleine und mittlere Cups.\",\"breadcrumb\":{\"@id\":\"https:\/\/www.miomiorun.com\/de\/produkt\/bra-madison-low-damen\/#breadcrumb\"},\"inLanguage\":\"de-DE\",\"potentialAction\":[{\"@type\":\"ReadAction\",\"target\":[\"https:\/\/www.miomiorun.com\/de\/produkt\/bra-madison-low-damen\/\"]}]},{\"@type\":\"ImageObject\",\"inLanguage\":\"de-DE\",\"@id\":\"https:\/\/www.miomiorun.com\/de\/produkt\/bra-madison-low-damen\/#primaryimage\",\"url\":\"https:\/\/www.miomiorun.com\/app\/uploads\/2022\/05\/falke-madison-low-support-bra-cherry-pink-38462-8536.jpg\",\"contentUrl\":\"https:\/\/www.miomiorun.com\/app\/uploads\/2022\/05\/falke-madison-low-support-bra-cherry-pink-38462-8536.jpg\",\"width\":600,\"height\":600,\"caption\":\"falke-madison-low-support-bra-cherry-pink-38462-8536\"},{\"@type\":\"BreadcrumbList\",\"@id\":\"https:\/\/www.miomiorun.com\/de\/produkt\/bra-madison-low-damen\/#breadcrumb\",\"itemListElement\":[{\"@type\":\"ListItem\",\"position\":1,\"name\":\"Home\",\"item\":\"https:\/\/www.miomiorun.com\/de\/\"},{\"@type\":\"ListItem\",\"position\":2,\"name\":\"Shop\",\"item\":\"https:\/\/www.miomiorun.com\/shop\/\"},{\"@type\":\"ListItem\",\"position\":3,\"name\":\"Bra Madison low damen\"}]},{\"@type\":\"WebSite\",\"@id\":\"https:\/\/www.miomiorun.com\/de\/#website\",\"url\":\"https:\/\/www.miomiorun.com\/de\/\",\"name\":\"MioMioRun\",\"description\":\"100% Lauf- und Trailshop\",\"publisher\":{\"@id\":\"https:\/\/www.miomiorun.com\/de\/#organization\"},\"potentialAction\":[{\"@type\":\"SearchAction\",\"target\":{\"@type\":\"EntryPoint\",\"urlTemplate\":\"https:\/\/www.miomiorun.com\/de\/?s={search_term_string}\"},\"query-input\":{\"@type\":\"PropertyValueSpecification\",\"valueRequired\":true,\"valueName\":\"search_term_string\"}}],\"inLanguage\":\"de-DE\"},{\"@type\":\"Organization\",\"@id\":\"https:\/\/www.miomiorun.com\/de\/#organization\",\"name\":\"MioMio Run\",\"url\":\"https:\/\/www.miomiorun.com\/de\/\",\"logo\":{\"@type\":\"ImageObject\",\"inLanguage\":\"de-DE\",\"@id\":\"https:\/\/www.miomiorun.com\/de\/#\/schema\/logo\/image\/\",\"url\":\"https:\/\/www.miomiorun.com\/app\/uploads\/2019\/12\/logomio.png\",\"contentUrl\":\"https:\/\/www.miomiorun.com\/app\/uploads\/2019\/12\/logomio.png\",\"width\":115,\"height\":82,\"caption\":\"MioMio Run\"},\"image\":{\"@id\":\"https:\/\/www.miomiorun.com\/de\/#\/schema\/logo\/image\/\"},\"sameAs\":[\"https:\/\/www.facebook.com\/miomiorun\/\",\"https:\/\/www.instagram.com\/miomiorun\/\"]}]}<\/script>\n<!-- \/ Yoast SEO plugin. -->","yoast_head_json":{"title":"Falke Bra Madison low damen -Sport-BH - MioMioRun","description":"Der Top Madison Low BH f\u00fcr Frauen mit herausnehmbaren Pads ist ideal f\u00fcr kleine und mittlere Cups.","robots":{"index":"index","follow":"follow","max-snippet":"max-snippet:-1","max-image-preview":"max-image-preview:large","max-video-preview":"max-video-preview:-1"},"canonical":"https:\/\/www.miomiorun.com\/de\/produkt\/bra-madison-low-damen\/","og_locale":"de_DE","og_type":"article","og_title":"Falke Bra Madison low damen -Sport-BH - MioMioRun","og_description":"Der Top Madison Low BH f\u00fcr Frauen mit herausnehmbaren Pads ist ideal f\u00fcr kleine und mittlere Cups.","og_url":"https:\/\/www.miomiorun.com\/de\/produkt\/bra-madison-low-damen\/","og_site_name":"MioMioRun","article_publisher":"https:\/\/www.facebook.com\/miomiorun\/","article_modified_time":"2025-06-13T08:12:14+00:00","og_image":[{"width":600,"height":600,"url":"https:\/\/www.miomiorun.com\/app\/uploads\/2022\/05\/falke-madison-low-support-bra-cherry-pink-38462-8536.jpg","type":"image\/jpeg"}],"twitter_card":"summary_large_image","twitter_misc":{"Est. reading time":"1 minute"},"schema":{"@context":"https:\/\/schema.org","@graph":[{"@type":"WebPage","@id":"https:\/\/www.miomiorun.com\/de\/produkt\/bra-madison-low-damen\/","url":"https:\/\/www.miomiorun.com\/de\/produkt\/bra-madison-low-damen\/","name":"Falke Bra Madison low damen -Sport-BH - MioMioRun","isPartOf":{"@id":"https:\/\/www.miomiorun.com\/de\/#website"},"primaryImageOfPage":{"@id":"https:\/\/www.miomiorun.com\/de\/produkt\/bra-madison-low-damen\/#primaryimage"},"image":{"@id":"https:\/\/www.miomiorun.com\/de\/produkt\/bra-madison-low-damen\/#primaryimage"},"thumbnailUrl":"https:\/\/www.miomiorun.com\/app\/uploads\/2022\/05\/falke-madison-low-support-bra-cherry-pink-38462-8536.jpg","datePublished":"2021-10-13T10:04:32+00:00","dateModified":"2025-06-13T08:12:14+00:00","description":"Der Top Madison Low BH f\u00fcr Frauen mit herausnehmbaren Pads ist ideal f\u00fcr kleine und mittlere Cups.","breadcrumb":{"@id":"https:\/\/www.miomiorun.com\/de\/produkt\/bra-madison-low-damen\/#breadcrumb"},"inLanguage":"de-DE","potentialAction":[{"@type":"ReadAction","target":["https:\/\/www.miomiorun.com\/de\/produkt\/bra-madison-low-damen\/"]}]},{"@type":"ImageObject","inLanguage":"de-DE","@id":"https:\/\/www.miomiorun.com\/de\/produkt\/bra-madison-low-damen\/#primaryimage","url":"https:\/\/www.miomiorun.com\/app\/uploads\/2022\/05\/falke-madison-low-support-bra-cherry-pink-38462-8536.jpg","contentUrl":"https:\/\/www.miomiorun.com\/app\/uploads\/2022\/05\/falke-madison-low-support-bra-cherry-pink-38462-8536.jpg","width":600,"height":600,"caption":"falke-madison-low-support-bra-cherry-pink-38462-8536"},{"@type":"BreadcrumbList","@id":"https:\/\/www.miomiorun.com\/de\/produkt\/bra-madison-low-damen\/#breadcrumb","itemListElement":[{"@type":"ListItem","position":1,"name":"Home","item":"https:\/\/www.miomiorun.com\/de\/"},{"@type":"ListItem","position":2,"name":"Shop","item":"https:\/\/www.miomiorun.com\/shop\/"},{"@type":"ListItem","position":3,"name":"Bra Madison low damen"}]},{"@type":"WebSite","@id":"https:\/\/www.miomiorun.com\/de\/#website","url":"https:\/\/www.miomiorun.com\/de\/","name":"MioMioRun","description":"100% Lauf- und Trailshop","publisher":{"@id":"https:\/\/www.miomiorun.com\/de\/#organization"},"potentialAction":[{"@type":"SearchAction","target":{"@type":"EntryPoint","urlTemplate":"https:\/\/www.miomiorun.com\/de\/?s={search_term_string}"},"query-input":{"@type":"PropertyValueSpecification","valueRequired":true,"valueName":"search_term_string"}}],"inLanguage":"de-DE"},{"@type":"Organization","@id":"https:\/\/www.miomiorun.com\/de\/#organization","name":"MioMio Run","url":"https:\/\/www.miomiorun.com\/de\/","logo":{"@type":"ImageObject","inLanguage":"de-DE","@id":"https:\/\/www.miomiorun.com\/de\/#\/schema\/logo\/image\/","url":"https:\/\/www.miomiorun.com\/app\/uploads\/2019\/12\/logomio.png","contentUrl":"https:\/\/www.miomiorun.com\/app\/uploads\/2019\/12\/logomio.png","width":115,"height":82,"caption":"MioMio Run"},"image":{"@id":"https:\/\/www.miomiorun.com\/de\/#\/schema\/logo\/image\/"},"sameAs":["https:\/\/www.facebook.com\/miomiorun\/","https:\/\/www.instagram.com\/miomiorun\/"]}]}},"_links":{"self":[{"href":"https:\/\/www.miomiorun.com\/de\/wp-json\/wp\/v2\/product\/176246","targetHints":{"allow":["GET"]}}],"collection":[{"href":"https:\/\/www.miomiorun.com\/de\/wp-json\/wp\/v2\/product"}],"about":[{"href":"https:\/\/www.miomiorun.com\/de\/wp-json\/wp\/v2\/types\/product"}],"wp:featuredmedia":[{"embeddable":true,"href":"https:\/\/www.miomiorun.com\/de\/wp-json\/wp\/v2\/media\/69618"}],"wp:attachment":[{"href":"https:\/\/www.miomiorun.com\/de\/wp-json\/wp\/v2\/media?parent=176246"}],"wp:term":[{"taxonomy":"product_brand","embeddable":true,"href":"https:\/\/www.miomiorun.com\/de\/wp-json\/wp\/v2\/product_brand?post=176246"},{"taxonomy":"product_cat","embeddable":true,"href":"https:\/\/www.miomiorun.com\/de\/wp-json\/wp\/v2\/product_cat?post=176246"},{"taxonomy":"product_tag","embeddable":true,"href":"https:\/\/www.miomiorun.com\/de\/wp-json\/wp\/v2\/product_tag?post=176246"}],"curies":[{"name":"wp","href":"https:\/\/api.w.org\/{rel}","templated":true}]}}