{"id":176242,"date":"2021-12-17T10:26:14","date_gmt":"2021-12-17T09:26:14","guid":{"rendered":"https:\/\/miomiorun.com\/prodotto\/craft-active-extreme-x-cn-ls-donna\/"},"modified":"2026-05-08T21:18:35","modified_gmt":"2026-05-08T19:18:35","slug":"active-extreme-x-cn-ls-damen","status":"publish","type":"product","link":"https:\/\/www.miomiorun.com\/de\/produkt\/active-extreme-x-cn-ls-damen\/","title":{"rendered":"Active Extreme X CN LS damen"},"content":{"rendered":"<p id=\"tw-target-text\" class=\"tw-data-text tw-text-large tw-ta\" dir=\"ltr\" data-placeholder=\"Traduzione\"><span class=\"Y2IQFc\" lang=\"it\">Das <strong>Active Extreme X CN LS<\/strong> f\u00fcr Damen ist ein lang\u00e4rmeliges Baselayer-Trikot, das f\u00fcr hochintensive Rennen und Trainingseinheiten bei milden bis kalten Winterbedingungen entwickelt wurde. <\/span><\/p>\n<p class=\"tw-data-text tw-text-large tw-ta\" dir=\"ltr\" data-placeholder=\"Traduzione\"><span class=\"Y2IQFc\" lang=\"it\">Dieses leistungsstarke Kleidungsst\u00fcck kombiniert leichtes SEAQUAL-Polyester, Coolmax Air-Technologie und recyceltes Polyester, um ein au\u00dfergew\u00f6hnliches K\u00f6rpertemperaturmanagement bei hochintensiven Aktivit\u00e4ten zu gew\u00e4hrleisten. Dar\u00fcber hinaus verf\u00fcgt das Kleidungsst\u00fcck \u00fcber ein Waffelstrick-Design f\u00fcr verbesserten Feuchtigkeitstransport und Komfort.<\/span><\/p>\n<p class=\"tw-data-text tw-text-large tw-ta\" dir=\"ltr\" data-placeholder=\"Traduzione\"><span class=\"Y2IQFc\" lang=\"it\">Der gro\u00dfartige Stretch und die ergonomische Passform sorgen f\u00fcr optimale Bewegungsfreiheit, w\u00e4hrend die kartierten Mesh-Eins\u00e4tze f\u00fcr zus\u00e4tzliche Bel\u00fcftung sorgen, wo sie am meisten ben\u00f6tigt wird. Ein bew\u00e4hrter Favorit bei Spitzensportlern und Alltagshelden.<\/span><\/p>\n<h3 class=\"tw-data-text tw-text-large tw-ta\" dir=\"ltr\" data-placeholder=\"Traduzione\"><span class=\"Y2IQFc\" lang=\"it\"><strong>\u00d6kologischer SEAQUAL-Stoff<\/strong><\/span><\/h3>\n<p class=\"tw-data-text tw-text-large tw-ta\" dir=\"ltr\" data-placeholder=\"Traduzione\"><span class=\"Y2IQFc\" lang=\"it\">Die SEAQUAL-Initiative k\u00e4mpft gegen die Plastikverschmutzung und tr\u00e4gt dazu bei, unsere Ozeane von Meeresm\u00fcll zu befreien und die Gesellschaft in Richtung Kreislaufwirtschaft zu f\u00fchren. Als Ergebnis unseres Bestrebens, die volle Verantwortung f\u00fcr die gesamte Wertsch\u00f6pfungskette zu \u00fcbernehmen, wird Active Extreme X CN LS aus recyceltem Meereskunststoff hergestellt, einem zu 100 % recycelten Material. Das recycelte SEAQUAL-Gewebe ist nicht nur umweltfreundlich, sondern bietet auch einen hervorragenden Feuchtigkeitstransport und eine hervorragende Bel\u00fcftung. <\/span><\/p>\n<h3 class=\"tw-data-text tw-text-large tw-ta\" dir=\"ltr\" data-placeholder=\"Traduzione\"><span class=\"Y2IQFc\" lang=\"it\">Coolmax Air-Technologie<\/span><\/h3>\n<p class=\"tw-data-text tw-text-large tw-ta\" dir=\"ltr\" data-placeholder=\"Traduzione\"><span class=\"Y2IQFc\" lang=\"it\">Coolmax Air Technology-Gewebe wurden entwickelt, um das nat\u00fcrliche Temperaturmanagement des K\u00f6rpers sowohl bei kalten als auch bei warmen Bedingungen zu optimieren. Das Gewebe besteht aus Polyesterfasern mit einem einzigartigen spiralf\u00f6rmigen Querschnitt und bietet eine hervorragende W\u00e4rmeregulierung f\u00fcr optimale Leistung. Tests haben gezeigt, dass Kleidungsst\u00fccke mit Coolmax Air Technology ein hervorragendes K\u00f6rpertemperaturmanagement, hohen Komfort und einen ausgezeichneten Schnelltrocknungseffekt bieten.<\/span><\/p>\n<p dir=\"ltr\" data-placeholder=\"Traduzione\"><strong>Eigenschaften:<\/strong><\/p>\n<ul>\n<li id=\"tw-target-text\" class=\"tw-data-text tw-text-large tw-ta\" dir=\"ltr\" data-placeholder=\"Traduzione\"><span class=\"Y2IQFc\" lang=\"it\">D\u00fcnner, leichter und elastischer Stoff.<\/span><\/li>\n<li class=\"tw-data-text tw-text-large tw-ta\" dir=\"ltr\" data-placeholder=\"Traduzione\"><span class=\"Y2IQFc\" lang=\"it\">SEAQUAL-Polyester, hergestellt aus recyceltem Kunststoff.<\/span><\/li>\n<li class=\"tw-data-text tw-text-large tw-ta\" dir=\"ltr\" data-placeholder=\"Traduzione\"><span class=\"Y2IQFc\" lang=\"it\">Coolmax Air-Technologie.<\/span><\/li>\n<li class=\"tw-data-text tw-text-large tw-ta\" dir=\"ltr\" data-placeholder=\"Traduzione\"><span class=\"Y2IQFc\" lang=\"it\">Waffelstrick-Design f\u00fcr maximalen Feuchtigkeitstransport und Komfort.<\/span><\/li>\n<li class=\"tw-data-text tw-text-large tw-ta\" dir=\"ltr\" data-placeholder=\"Traduzione\"><span class=\"Y2IQFc\" lang=\"it\">Mesh-Eins\u00e4tze unter den Achseln f\u00fcr bessere Bel\u00fcftung.<\/span><\/li>\n<li class=\"tw-data-text tw-text-large tw-ta\" dir=\"ltr\" data-placeholder=\"Traduzione\"><span class=\"Y2IQFc\" lang=\"it\">Flatlock-N\u00e4hte, die den Bewegungen des K\u00f6rpers folgen.<\/span><\/li>\n<li class=\"tw-data-text tw-text-large tw-ta\" dir=\"ltr\" data-placeholder=\"Traduzione\"><span class=\"Y2IQFc\" lang=\"it\">Eng anliegend.<\/span><\/li>\n<li class=\"tw-data-text tw-text-large tw-ta\" dir=\"ltr\" data-placeholder=\"Traduzione\"><span class=\"Y2IQFc\" lang=\"it\">Feuchtigkeitstransport: 5 von 5 Punkten.<\/span><\/li>\n<li class=\"tw-data-text tw-text-large tw-ta\" dir=\"ltr\" data-placeholder=\"Traduzione\"><span class=\"Y2IQFc\" lang=\"it\">Aktivit\u00e4tsgrad: 5 von 5.<\/span><\/li>\n<li class=\"tw-data-text tw-text-large tw-ta\" dir=\"ltr\" data-placeholder=\"Traduzione\"><span class=\"Y2IQFc\" lang=\"it\">Temperatur: -5\u00baC bis +10\u00baC<\/span><\/li>\n<\/ul>\n<p>Materialien: 40% Polyester SeaQual 39% Polyester &#8216;Coolmax&#8217; 21% Polyester-recycelt.<\/p>\n<p>&nbsp;<\/p>\n<p>&nbsp;<\/p>\n","protected":false},"excerpt":{"rendered":"<p>Das Active Extreme X CN LS f\u00fcr Damen ist ein lang\u00e4rmeliges Baselayer-Trikot, das f\u00fcr hochintensive Rennen und Trainingseinheiten bei milden bis kalten Winterbedingungen entwickelt wurde. Dieses leistungsstarke Kleidungsst\u00fcck kombiniert leichtes SEAQUAL-Polyester, Coolmax Air-Technologie und recyceltes Polyester, um ein au\u00dfergew\u00f6hnliches K\u00f6rpertemperaturmanagement bei hochintensiven Aktivit\u00e4ten zu gew\u00e4hrleisten. Dar\u00fcber hinaus verf\u00fcgt das Kleidungsst\u00fcck \u00fcber ein Waffelstrick-Design f\u00fcr verbesserten &hellip; <a href=\"https:\/\/www.miomiorun.com\/de\/produkt\/active-extreme-x-cn-ls-damen\/\">Continued<\/a><\/p>\n","protected":false},"featured_media":59602,"template":"","meta":{"_acf_changed":false,"inline_featured_image":false},"product_brand":[],"product_cat":[6400,6401,6485],"product_tag":[6304,6232],"class_list":{"0":"post-176242","1":"product","2":"type-product","3":"status-publish","4":"has-post-thumbnail","6":"product_cat-damen","7":"product_cat-damenbekleidung","8":"product_cat-damenwaesche-de","9":"product_tag-craft-de","10":"product_tag-craft-damen-de","11":"pa_attivita-gehen","12":"pa_attivita-outdoor-de","13":"pa_attivita-running-de","14":"pa_attivita-trail-de","15":"pa_colore-active-extreme-x-cn-ls-w-black-de","16":"pa_colore-active-extreme-x-cn-ls-w-cosmo-de","17":"pa_colore-active-extreme-x-cn-ls-w-white-de","18":"pa_colore-pro-active-extreme-x-cn-ls-w-pink-de","19":"pa_marca-craft-de","20":"pa_sesso-damen","21":"pa_size-extra-small-de","22":"pa_size-small-de","23":"pa_size-medium-de","24":"pa_size-large-de","26":"first","27":"instock","28":"sale","29":"taxable","30":"shipping-taxable","31":"purchasable","32":"product-type-variable","33":"wvs-archive-product-wrapper"},"acf":[],"yoast_head":"<!-- This site is optimized with the Yoast SEO plugin v26.8 - https:\/\/yoast.com\/product\/yoast-seo-wordpress\/ -->\n<title>Craft Active Extreme X CN LS damen - Thermisches Trikot - MioMioRun.com<\/title>\n<meta name=\"description\" content=\"Das Active Extreme X CN LS f\u00fcr Damen ist ein lang\u00e4rmeliges Baselayer-Trikot, das f\u00fcr Rennen und hochintensives Training entwickelt wurde.\" \/>\n<meta name=\"robots\" content=\"index, follow, max-snippet:-1, max-image-preview:large, max-video-preview:-1\" \/>\n<link rel=\"canonical\" href=\"https:\/\/www.miomiorun.com\/de\/produkt\/active-extreme-x-cn-ls-damen\/\" \/>\n<meta property=\"og:locale\" content=\"de_DE\" \/>\n<meta property=\"og:type\" content=\"article\" \/>\n<meta property=\"og:title\" content=\"Craft Active Extreme X CN LS damen - Thermisches Trikot - MioMioRun.com\" \/>\n<meta property=\"og:description\" content=\"Das Active Extreme X CN LS f\u00fcr Damen ist ein lang\u00e4rmeliges Baselayer-Trikot, das f\u00fcr Rennen und hochintensives Training entwickelt wurde.\" \/>\n<meta property=\"og:url\" content=\"https:\/\/www.miomiorun.com\/de\/produkt\/active-extreme-x-cn-ls-damen\/\" \/>\n<meta property=\"og:site_name\" content=\"MioMioRun\" \/>\n<meta property=\"article:publisher\" content=\"https:\/\/www.facebook.com\/miomiorun\/\" \/>\n<meta property=\"article:modified_time\" content=\"2026-05-08T19:18:35+00:00\" \/>\n<meta property=\"og:image\" content=\"https:\/\/www.miomiorun.com\/app\/uploads\/2021\/12\/craft-Active-Extreme-X-CN-LS-1909673-999000.jpg\" \/>\n\t<meta property=\"og:image:width\" content=\"600\" \/>\n\t<meta property=\"og:image:height\" content=\"600\" \/>\n\t<meta property=\"og:image:type\" content=\"image\/jpeg\" \/>\n<meta name=\"twitter:card\" content=\"summary_large_image\" \/>\n<meta name=\"twitter:label1\" content=\"Est. reading time\" \/>\n\t<meta name=\"twitter:data1\" content=\"2 minutes\" \/>\n<script type=\"application\/ld+json\" class=\"yoast-schema-graph\">{\"@context\":\"https:\/\/schema.org\",\"@graph\":[{\"@type\":\"WebPage\",\"@id\":\"https:\/\/www.miomiorun.com\/de\/produkt\/active-extreme-x-cn-ls-damen\/\",\"url\":\"https:\/\/www.miomiorun.com\/de\/produkt\/active-extreme-x-cn-ls-damen\/\",\"name\":\"Craft Active Extreme X CN LS damen - Thermisches Trikot - MioMioRun.com\",\"isPartOf\":{\"@id\":\"https:\/\/www.miomiorun.com\/de\/#website\"},\"primaryImageOfPage\":{\"@id\":\"https:\/\/www.miomiorun.com\/de\/produkt\/active-extreme-x-cn-ls-damen\/#primaryimage\"},\"image\":{\"@id\":\"https:\/\/www.miomiorun.com\/de\/produkt\/active-extreme-x-cn-ls-damen\/#primaryimage\"},\"thumbnailUrl\":\"https:\/\/www.miomiorun.com\/app\/uploads\/2021\/12\/craft-Active-Extreme-X-CN-LS-1909673-999000.jpg\",\"datePublished\":\"2021-12-17T09:26:14+00:00\",\"dateModified\":\"2026-05-08T19:18:35+00:00\",\"description\":\"Das Active Extreme X CN LS f\u00fcr Damen ist ein lang\u00e4rmeliges Baselayer-Trikot, das f\u00fcr Rennen und hochintensives Training entwickelt wurde.\",\"breadcrumb\":{\"@id\":\"https:\/\/www.miomiorun.com\/de\/produkt\/active-extreme-x-cn-ls-damen\/#breadcrumb\"},\"inLanguage\":\"de-DE\",\"potentialAction\":[{\"@type\":\"ReadAction\",\"target\":[\"https:\/\/www.miomiorun.com\/de\/produkt\/active-extreme-x-cn-ls-damen\/\"]}]},{\"@type\":\"ImageObject\",\"inLanguage\":\"de-DE\",\"@id\":\"https:\/\/www.miomiorun.com\/de\/produkt\/active-extreme-x-cn-ls-damen\/#primaryimage\",\"url\":\"https:\/\/www.miomiorun.com\/app\/uploads\/2021\/12\/craft-Active-Extreme-X-CN-LS-1909673-999000.jpg\",\"contentUrl\":\"https:\/\/www.miomiorun.com\/app\/uploads\/2021\/12\/craft-Active-Extreme-X-CN-LS-1909673-999000.jpg\",\"width\":600,\"height\":600,\"caption\":\"craft-Active-Extreme-X-CN-LS-1909673-999000\"},{\"@type\":\"BreadcrumbList\",\"@id\":\"https:\/\/www.miomiorun.com\/de\/produkt\/active-extreme-x-cn-ls-damen\/#breadcrumb\",\"itemListElement\":[{\"@type\":\"ListItem\",\"position\":1,\"name\":\"Home\",\"item\":\"https:\/\/www.miomiorun.com\/de\/\"},{\"@type\":\"ListItem\",\"position\":2,\"name\":\"Shop\",\"item\":\"https:\/\/www.miomiorun.com\/shop\/\"},{\"@type\":\"ListItem\",\"position\":3,\"name\":\"Active Extreme X CN LS damen\"}]},{\"@type\":\"WebSite\",\"@id\":\"https:\/\/www.miomiorun.com\/de\/#website\",\"url\":\"https:\/\/www.miomiorun.com\/de\/\",\"name\":\"MioMioRun\",\"description\":\"100% Lauf- und Trailshop\",\"publisher\":{\"@id\":\"https:\/\/www.miomiorun.com\/de\/#organization\"},\"potentialAction\":[{\"@type\":\"SearchAction\",\"target\":{\"@type\":\"EntryPoint\",\"urlTemplate\":\"https:\/\/www.miomiorun.com\/de\/?s={search_term_string}\"},\"query-input\":{\"@type\":\"PropertyValueSpecification\",\"valueRequired\":true,\"valueName\":\"search_term_string\"}}],\"inLanguage\":\"de-DE\"},{\"@type\":\"Organization\",\"@id\":\"https:\/\/www.miomiorun.com\/de\/#organization\",\"name\":\"MioMio Run\",\"url\":\"https:\/\/www.miomiorun.com\/de\/\",\"logo\":{\"@type\":\"ImageObject\",\"inLanguage\":\"de-DE\",\"@id\":\"https:\/\/www.miomiorun.com\/de\/#\/schema\/logo\/image\/\",\"url\":\"https:\/\/www.miomiorun.com\/app\/uploads\/2019\/12\/logomio.png\",\"contentUrl\":\"https:\/\/www.miomiorun.com\/app\/uploads\/2019\/12\/logomio.png\",\"width\":115,\"height\":82,\"caption\":\"MioMio Run\"},\"image\":{\"@id\":\"https:\/\/www.miomiorun.com\/de\/#\/schema\/logo\/image\/\"},\"sameAs\":[\"https:\/\/www.facebook.com\/miomiorun\/\",\"https:\/\/www.instagram.com\/miomiorun\/\"]}]}<\/script>\n<!-- \/ Yoast SEO plugin. -->","yoast_head_json":{"title":"Craft Active Extreme X CN LS damen - Thermisches Trikot - MioMioRun.com","description":"Das Active Extreme X CN LS f\u00fcr Damen ist ein lang\u00e4rmeliges Baselayer-Trikot, das f\u00fcr Rennen und hochintensives Training entwickelt wurde.","robots":{"index":"index","follow":"follow","max-snippet":"max-snippet:-1","max-image-preview":"max-image-preview:large","max-video-preview":"max-video-preview:-1"},"canonical":"https:\/\/www.miomiorun.com\/de\/produkt\/active-extreme-x-cn-ls-damen\/","og_locale":"de_DE","og_type":"article","og_title":"Craft Active Extreme X CN LS damen - Thermisches Trikot - MioMioRun.com","og_description":"Das Active Extreme X CN LS f\u00fcr Damen ist ein lang\u00e4rmeliges Baselayer-Trikot, das f\u00fcr Rennen und hochintensives Training entwickelt wurde.","og_url":"https:\/\/www.miomiorun.com\/de\/produkt\/active-extreme-x-cn-ls-damen\/","og_site_name":"MioMioRun","article_publisher":"https:\/\/www.facebook.com\/miomiorun\/","article_modified_time":"2026-05-08T19:18:35+00:00","og_image":[{"width":600,"height":600,"url":"https:\/\/www.miomiorun.com\/app\/uploads\/2021\/12\/craft-Active-Extreme-X-CN-LS-1909673-999000.jpg","type":"image\/jpeg"}],"twitter_card":"summary_large_image","twitter_misc":{"Est. reading time":"2 minutes"},"schema":{"@context":"https:\/\/schema.org","@graph":[{"@type":"WebPage","@id":"https:\/\/www.miomiorun.com\/de\/produkt\/active-extreme-x-cn-ls-damen\/","url":"https:\/\/www.miomiorun.com\/de\/produkt\/active-extreme-x-cn-ls-damen\/","name":"Craft Active Extreme X CN LS damen - Thermisches Trikot - MioMioRun.com","isPartOf":{"@id":"https:\/\/www.miomiorun.com\/de\/#website"},"primaryImageOfPage":{"@id":"https:\/\/www.miomiorun.com\/de\/produkt\/active-extreme-x-cn-ls-damen\/#primaryimage"},"image":{"@id":"https:\/\/www.miomiorun.com\/de\/produkt\/active-extreme-x-cn-ls-damen\/#primaryimage"},"thumbnailUrl":"https:\/\/www.miomiorun.com\/app\/uploads\/2021\/12\/craft-Active-Extreme-X-CN-LS-1909673-999000.jpg","datePublished":"2021-12-17T09:26:14+00:00","dateModified":"2026-05-08T19:18:35+00:00","description":"Das Active Extreme X CN LS f\u00fcr Damen ist ein lang\u00e4rmeliges Baselayer-Trikot, das f\u00fcr Rennen und hochintensives Training entwickelt wurde.","breadcrumb":{"@id":"https:\/\/www.miomiorun.com\/de\/produkt\/active-extreme-x-cn-ls-damen\/#breadcrumb"},"inLanguage":"de-DE","potentialAction":[{"@type":"ReadAction","target":["https:\/\/www.miomiorun.com\/de\/produkt\/active-extreme-x-cn-ls-damen\/"]}]},{"@type":"ImageObject","inLanguage":"de-DE","@id":"https:\/\/www.miomiorun.com\/de\/produkt\/active-extreme-x-cn-ls-damen\/#primaryimage","url":"https:\/\/www.miomiorun.com\/app\/uploads\/2021\/12\/craft-Active-Extreme-X-CN-LS-1909673-999000.jpg","contentUrl":"https:\/\/www.miomiorun.com\/app\/uploads\/2021\/12\/craft-Active-Extreme-X-CN-LS-1909673-999000.jpg","width":600,"height":600,"caption":"craft-Active-Extreme-X-CN-LS-1909673-999000"},{"@type":"BreadcrumbList","@id":"https:\/\/www.miomiorun.com\/de\/produkt\/active-extreme-x-cn-ls-damen\/#breadcrumb","itemListElement":[{"@type":"ListItem","position":1,"name":"Home","item":"https:\/\/www.miomiorun.com\/de\/"},{"@type":"ListItem","position":2,"name":"Shop","item":"https:\/\/www.miomiorun.com\/shop\/"},{"@type":"ListItem","position":3,"name":"Active Extreme X CN LS damen"}]},{"@type":"WebSite","@id":"https:\/\/www.miomiorun.com\/de\/#website","url":"https:\/\/www.miomiorun.com\/de\/","name":"MioMioRun","description":"100% Lauf- und Trailshop","publisher":{"@id":"https:\/\/www.miomiorun.com\/de\/#organization"},"potentialAction":[{"@type":"SearchAction","target":{"@type":"EntryPoint","urlTemplate":"https:\/\/www.miomiorun.com\/de\/?s={search_term_string}"},"query-input":{"@type":"PropertyValueSpecification","valueRequired":true,"valueName":"search_term_string"}}],"inLanguage":"de-DE"},{"@type":"Organization","@id":"https:\/\/www.miomiorun.com\/de\/#organization","name":"MioMio Run","url":"https:\/\/www.miomiorun.com\/de\/","logo":{"@type":"ImageObject","inLanguage":"de-DE","@id":"https:\/\/www.miomiorun.com\/de\/#\/schema\/logo\/image\/","url":"https:\/\/www.miomiorun.com\/app\/uploads\/2019\/12\/logomio.png","contentUrl":"https:\/\/www.miomiorun.com\/app\/uploads\/2019\/12\/logomio.png","width":115,"height":82,"caption":"MioMio Run"},"image":{"@id":"https:\/\/www.miomiorun.com\/de\/#\/schema\/logo\/image\/"},"sameAs":["https:\/\/www.facebook.com\/miomiorun\/","https:\/\/www.instagram.com\/miomiorun\/"]}]}},"_links":{"self":[{"href":"https:\/\/www.miomiorun.com\/de\/wp-json\/wp\/v2\/product\/176242","targetHints":{"allow":["GET"]}}],"collection":[{"href":"https:\/\/www.miomiorun.com\/de\/wp-json\/wp\/v2\/product"}],"about":[{"href":"https:\/\/www.miomiorun.com\/de\/wp-json\/wp\/v2\/types\/product"}],"wp:featuredmedia":[{"embeddable":true,"href":"https:\/\/www.miomiorun.com\/de\/wp-json\/wp\/v2\/media\/59602"}],"wp:attachment":[{"href":"https:\/\/www.miomiorun.com\/de\/wp-json\/wp\/v2\/media?parent=176242"}],"wp:term":[{"taxonomy":"product_brand","embeddable":true,"href":"https:\/\/www.miomiorun.com\/de\/wp-json\/wp\/v2\/product_brand?post=176242"},{"taxonomy":"product_cat","embeddable":true,"href":"https:\/\/www.miomiorun.com\/de\/wp-json\/wp\/v2\/product_cat?post=176242"},{"taxonomy":"product_tag","embeddable":true,"href":"https:\/\/www.miomiorun.com\/de\/wp-json\/wp\/v2\/product_tag?post=176242"}],"curies":[{"name":"wp","href":"https:\/\/api.w.org\/{rel}","templated":true}]}}