{"id":176240,"date":"2021-12-17T10:59:47","date_gmt":"2021-12-17T09:59:47","guid":{"rendered":"https:\/\/miomiorun.com\/prodotto\/craft-pro-wool-extreme-x-ls-donna\/"},"modified":"2026-05-08T21:17:31","modified_gmt":"2026-05-08T19:17:31","slug":"pro-wool-extreme-x-ls-damen","status":"publish","type":"product","link":"https:\/\/www.miomiorun.com\/de\/produkt\/pro-wool-extreme-x-ls-damen\/","title":{"rendered":"Pro Wool Extreme X LS damen"},"content":{"rendered":"<p id=\"tw-target-text\" class=\"tw-data-text tw-text-large tw-ta\" dir=\"ltr\" data-placeholder=\"Traduzione\"><span class=\"Y2IQFc\" lang=\"it\">Das Women&#8217;s <strong>PRO Wool Extreme X LS<\/strong> ist ein eng anliegendes Langarmshirt in Profiqualit\u00e4t mit 20 % Wollanteil, das Sie bei hochintensivem Training unter kalten Bedingungen trocken und warm h\u00e4lt.<\/span><\/p>\n<p class=\"tw-data-text tw-text-large tw-ta\" dir=\"ltr\" data-placeholder=\"Traduzione\"><span class=\"Y2IQFc\" lang=\"it\">Diese technisch fortschrittliche Basisschicht besteht aus einer weichen Mischung aus Polyamid und Merinowolle, die einen ausgezeichneten Feuchtigkeitstransport bietet und gleichzeitig genau das richtige Ma\u00df an W\u00e4rme f\u00fcr optimalen Komfort an kalten Wintertagen auf Langlaufloipen und \u00e4hnlichen Orten bereitstellt. Dar\u00fcber hinaus eignet sich das d\u00fcnne, funktionelle Gewebe des Kleidungsst\u00fccks auch hervorragend f\u00fcr Wanderungen oder Trekkingtouren bei kalten Fr\u00fchlings- und Herbsttouren. <\/span><\/p>\n<h3 dir=\"ltr\" data-placeholder=\"Traduzione\">Eigenschaften:<\/h3>\n<ul>\n<li><span class=\"Y2IQFc\" lang=\"it\">D\u00fcnnes, hochfunktionelles Polyamid-Wollgewebe.<\/span><\/li>\n<li><span class=\"Y2IQFc\" lang=\"it\">20% Merinowolle.<\/span><\/li>\n<li><span class=\"Y2IQFc\" lang=\"it\">Ohne Pantoletten.<\/span><\/li>\n<li><span class=\"Y2IQFc\" lang=\"it\">H\u00e4lt Sie auch bei N\u00e4sse warm und trocken.<\/span><\/li>\n<li><span class=\"Y2IQFc\" lang=\"it\">Von Natur aus geruchsneutral.<\/span><\/li>\n<li><span class=\"Y2IQFc\" lang=\"it\">Anhaftend.<\/span><\/li>\n<\/ul>\n<p>&nbsp;<\/p>\n<p>&nbsp;<\/p>\n<p>&nbsp;<\/p>\n","protected":false},"excerpt":{"rendered":"<p>Das Women&#8217;s PRO Wool Extreme X LS ist ein eng anliegendes Langarmshirt in Profiqualit\u00e4t mit 20 % Wollanteil, das Sie bei hochintensivem Training unter kalten Bedingungen trocken und warm h\u00e4lt. Diese technisch fortschrittliche Basisschicht besteht aus einer weichen Mischung aus Polyamid und Merinowolle, die einen ausgezeichneten Feuchtigkeitstransport bietet und gleichzeitig genau das richtige Ma\u00df an &hellip; <a href=\"https:\/\/www.miomiorun.com\/de\/produkt\/pro-wool-extreme-x-ls-damen\/\">Continued<\/a><\/p>\n","protected":false},"featured_media":59604,"template":"","meta":{"_acf_changed":false,"inline_featured_image":false},"product_brand":[],"product_cat":[6400,6401,6485],"product_tag":[6304,6232],"class_list":{"0":"post-176240","1":"product","2":"type-product","3":"status-publish","4":"has-post-thumbnail","6":"product_cat-damen","7":"product_cat-damenbekleidung","8":"product_cat-damenwaesche-de","9":"product_tag-craft-de","10":"product_tag-craft-damen-de","11":"pa_attivita-gehen","12":"pa_attivita-outdoor-de","13":"pa_attivita-running-de","14":"pa_attivita-trail-de","15":"pa_marca-craft-de","16":"pa_sesso-damen","17":"pa_size-extra-small-de","18":"pa_size-small-de","19":"pa_size-medium-de","20":"pa_size-large-de","22":"first","23":"instock","24":"sale","25":"taxable","26":"shipping-taxable","27":"purchasable","28":"product-type-variable","29":"wvs-archive-product-wrapper"},"acf":[],"yoast_head":"<!-- This site is optimized with the Yoast SEO plugin v26.8 - https:\/\/yoast.com\/product\/yoast-seo-wordpress\/ -->\n<title>Pro Wool Extreme X LS damen - Thermisches Trikot- MioMioRun.com<\/title>\n<meta name=\"description\" content=\"PRO Wolle Extreme X LS f\u00fcr Damen ist ein eng anliegendes Langarmshirt in Profiqualit\u00e4t mit 20% Wollanteil.\" \/>\n<meta name=\"robots\" content=\"index, follow, max-snippet:-1, max-image-preview:large, max-video-preview:-1\" \/>\n<link rel=\"canonical\" href=\"https:\/\/www.miomiorun.com\/de\/produkt\/pro-wool-extreme-x-ls-damen\/\" \/>\n<meta property=\"og:locale\" content=\"de_DE\" \/>\n<meta property=\"og:type\" content=\"article\" \/>\n<meta property=\"og:title\" content=\"Pro Wool Extreme X LS damen - Thermisches Trikot- MioMioRun.com\" \/>\n<meta property=\"og:description\" content=\"PRO Wolle Extreme X LS f\u00fcr Damen ist ein eng anliegendes Langarmshirt in Profiqualit\u00e4t mit 20% Wollanteil.\" \/>\n<meta property=\"og:url\" content=\"https:\/\/www.miomiorun.com\/de\/produkt\/pro-wool-extreme-x-ls-damen\/\" \/>\n<meta property=\"og:site_name\" content=\"MioMioRun\" \/>\n<meta property=\"article:publisher\" content=\"https:\/\/www.facebook.com\/miomiorun\/\" \/>\n<meta property=\"article:modified_time\" content=\"2026-05-08T19:17:31+00:00\" \/>\n<meta property=\"og:image\" content=\"https:\/\/www.miomiorun.com\/app\/uploads\/2021\/12\/craft-PRO-wool-extreme-X-LS-1911154-999000.jpg\" \/>\n\t<meta property=\"og:image:width\" content=\"600\" \/>\n\t<meta property=\"og:image:height\" content=\"600\" \/>\n\t<meta property=\"og:image:type\" content=\"image\/jpeg\" \/>\n<meta name=\"twitter:card\" content=\"summary_large_image\" \/>\n<meta name=\"twitter:label1\" content=\"Est. reading time\" \/>\n\t<meta name=\"twitter:data1\" content=\"1 minute\" \/>\n<script type=\"application\/ld+json\" class=\"yoast-schema-graph\">{\"@context\":\"https:\/\/schema.org\",\"@graph\":[{\"@type\":\"WebPage\",\"@id\":\"https:\/\/www.miomiorun.com\/de\/produkt\/pro-wool-extreme-x-ls-damen\/\",\"url\":\"https:\/\/www.miomiorun.com\/de\/produkt\/pro-wool-extreme-x-ls-damen\/\",\"name\":\"Pro Wool Extreme X LS damen - Thermisches Trikot- MioMioRun.com\",\"isPartOf\":{\"@id\":\"https:\/\/www.miomiorun.com\/de\/#website\"},\"primaryImageOfPage\":{\"@id\":\"https:\/\/www.miomiorun.com\/de\/produkt\/pro-wool-extreme-x-ls-damen\/#primaryimage\"},\"image\":{\"@id\":\"https:\/\/www.miomiorun.com\/de\/produkt\/pro-wool-extreme-x-ls-damen\/#primaryimage\"},\"thumbnailUrl\":\"https:\/\/www.miomiorun.com\/app\/uploads\/2021\/12\/craft-PRO-wool-extreme-X-LS-1911154-999000.jpg\",\"datePublished\":\"2021-12-17T09:59:47+00:00\",\"dateModified\":\"2026-05-08T19:17:31+00:00\",\"description\":\"PRO Wolle Extreme X LS f\u00fcr Damen ist ein eng anliegendes Langarmshirt in Profiqualit\u00e4t mit 20% Wollanteil.\",\"breadcrumb\":{\"@id\":\"https:\/\/www.miomiorun.com\/de\/produkt\/pro-wool-extreme-x-ls-damen\/#breadcrumb\"},\"inLanguage\":\"de-DE\",\"potentialAction\":[{\"@type\":\"ReadAction\",\"target\":[\"https:\/\/www.miomiorun.com\/de\/produkt\/pro-wool-extreme-x-ls-damen\/\"]}]},{\"@type\":\"ImageObject\",\"inLanguage\":\"de-DE\",\"@id\":\"https:\/\/www.miomiorun.com\/de\/produkt\/pro-wool-extreme-x-ls-damen\/#primaryimage\",\"url\":\"https:\/\/www.miomiorun.com\/app\/uploads\/2021\/12\/craft-PRO-wool-extreme-X-LS-1911154-999000.jpg\",\"contentUrl\":\"https:\/\/www.miomiorun.com\/app\/uploads\/2021\/12\/craft-PRO-wool-extreme-X-LS-1911154-999000.jpg\",\"width\":600,\"height\":600,\"caption\":\"craft-PRO-wool-extreme-X-LS-1911154-999000\"},{\"@type\":\"BreadcrumbList\",\"@id\":\"https:\/\/www.miomiorun.com\/de\/produkt\/pro-wool-extreme-x-ls-damen\/#breadcrumb\",\"itemListElement\":[{\"@type\":\"ListItem\",\"position\":1,\"name\":\"Home\",\"item\":\"https:\/\/www.miomiorun.com\/de\/\"},{\"@type\":\"ListItem\",\"position\":2,\"name\":\"Shop\",\"item\":\"https:\/\/www.miomiorun.com\/shop\/\"},{\"@type\":\"ListItem\",\"position\":3,\"name\":\"Pro Wool Extreme X LS damen\"}]},{\"@type\":\"WebSite\",\"@id\":\"https:\/\/www.miomiorun.com\/de\/#website\",\"url\":\"https:\/\/www.miomiorun.com\/de\/\",\"name\":\"MioMioRun\",\"description\":\"100% Lauf- und Trailshop\",\"publisher\":{\"@id\":\"https:\/\/www.miomiorun.com\/de\/#organization\"},\"potentialAction\":[{\"@type\":\"SearchAction\",\"target\":{\"@type\":\"EntryPoint\",\"urlTemplate\":\"https:\/\/www.miomiorun.com\/de\/?s={search_term_string}\"},\"query-input\":{\"@type\":\"PropertyValueSpecification\",\"valueRequired\":true,\"valueName\":\"search_term_string\"}}],\"inLanguage\":\"de-DE\"},{\"@type\":\"Organization\",\"@id\":\"https:\/\/www.miomiorun.com\/de\/#organization\",\"name\":\"MioMio Run\",\"url\":\"https:\/\/www.miomiorun.com\/de\/\",\"logo\":{\"@type\":\"ImageObject\",\"inLanguage\":\"de-DE\",\"@id\":\"https:\/\/www.miomiorun.com\/de\/#\/schema\/logo\/image\/\",\"url\":\"https:\/\/www.miomiorun.com\/app\/uploads\/2019\/12\/logomio.png\",\"contentUrl\":\"https:\/\/www.miomiorun.com\/app\/uploads\/2019\/12\/logomio.png\",\"width\":115,\"height\":82,\"caption\":\"MioMio Run\"},\"image\":{\"@id\":\"https:\/\/www.miomiorun.com\/de\/#\/schema\/logo\/image\/\"},\"sameAs\":[\"https:\/\/www.facebook.com\/miomiorun\/\",\"https:\/\/www.instagram.com\/miomiorun\/\"]}]}<\/script>\n<!-- \/ Yoast SEO plugin. -->","yoast_head_json":{"title":"Pro Wool Extreme X LS damen - Thermisches Trikot- MioMioRun.com","description":"PRO Wolle Extreme X LS f\u00fcr Damen ist ein eng anliegendes Langarmshirt in Profiqualit\u00e4t mit 20% Wollanteil.","robots":{"index":"index","follow":"follow","max-snippet":"max-snippet:-1","max-image-preview":"max-image-preview:large","max-video-preview":"max-video-preview:-1"},"canonical":"https:\/\/www.miomiorun.com\/de\/produkt\/pro-wool-extreme-x-ls-damen\/","og_locale":"de_DE","og_type":"article","og_title":"Pro Wool Extreme X LS damen - Thermisches Trikot- MioMioRun.com","og_description":"PRO Wolle Extreme X LS f\u00fcr Damen ist ein eng anliegendes Langarmshirt in Profiqualit\u00e4t mit 20% Wollanteil.","og_url":"https:\/\/www.miomiorun.com\/de\/produkt\/pro-wool-extreme-x-ls-damen\/","og_site_name":"MioMioRun","article_publisher":"https:\/\/www.facebook.com\/miomiorun\/","article_modified_time":"2026-05-08T19:17:31+00:00","og_image":[{"width":600,"height":600,"url":"https:\/\/www.miomiorun.com\/app\/uploads\/2021\/12\/craft-PRO-wool-extreme-X-LS-1911154-999000.jpg","type":"image\/jpeg"}],"twitter_card":"summary_large_image","twitter_misc":{"Est. reading time":"1 minute"},"schema":{"@context":"https:\/\/schema.org","@graph":[{"@type":"WebPage","@id":"https:\/\/www.miomiorun.com\/de\/produkt\/pro-wool-extreme-x-ls-damen\/","url":"https:\/\/www.miomiorun.com\/de\/produkt\/pro-wool-extreme-x-ls-damen\/","name":"Pro Wool Extreme X LS damen - Thermisches Trikot- MioMioRun.com","isPartOf":{"@id":"https:\/\/www.miomiorun.com\/de\/#website"},"primaryImageOfPage":{"@id":"https:\/\/www.miomiorun.com\/de\/produkt\/pro-wool-extreme-x-ls-damen\/#primaryimage"},"image":{"@id":"https:\/\/www.miomiorun.com\/de\/produkt\/pro-wool-extreme-x-ls-damen\/#primaryimage"},"thumbnailUrl":"https:\/\/www.miomiorun.com\/app\/uploads\/2021\/12\/craft-PRO-wool-extreme-X-LS-1911154-999000.jpg","datePublished":"2021-12-17T09:59:47+00:00","dateModified":"2026-05-08T19:17:31+00:00","description":"PRO Wolle Extreme X LS f\u00fcr Damen ist ein eng anliegendes Langarmshirt in Profiqualit\u00e4t mit 20% Wollanteil.","breadcrumb":{"@id":"https:\/\/www.miomiorun.com\/de\/produkt\/pro-wool-extreme-x-ls-damen\/#breadcrumb"},"inLanguage":"de-DE","potentialAction":[{"@type":"ReadAction","target":["https:\/\/www.miomiorun.com\/de\/produkt\/pro-wool-extreme-x-ls-damen\/"]}]},{"@type":"ImageObject","inLanguage":"de-DE","@id":"https:\/\/www.miomiorun.com\/de\/produkt\/pro-wool-extreme-x-ls-damen\/#primaryimage","url":"https:\/\/www.miomiorun.com\/app\/uploads\/2021\/12\/craft-PRO-wool-extreme-X-LS-1911154-999000.jpg","contentUrl":"https:\/\/www.miomiorun.com\/app\/uploads\/2021\/12\/craft-PRO-wool-extreme-X-LS-1911154-999000.jpg","width":600,"height":600,"caption":"craft-PRO-wool-extreme-X-LS-1911154-999000"},{"@type":"BreadcrumbList","@id":"https:\/\/www.miomiorun.com\/de\/produkt\/pro-wool-extreme-x-ls-damen\/#breadcrumb","itemListElement":[{"@type":"ListItem","position":1,"name":"Home","item":"https:\/\/www.miomiorun.com\/de\/"},{"@type":"ListItem","position":2,"name":"Shop","item":"https:\/\/www.miomiorun.com\/shop\/"},{"@type":"ListItem","position":3,"name":"Pro Wool Extreme X LS damen"}]},{"@type":"WebSite","@id":"https:\/\/www.miomiorun.com\/de\/#website","url":"https:\/\/www.miomiorun.com\/de\/","name":"MioMioRun","description":"100% Lauf- und Trailshop","publisher":{"@id":"https:\/\/www.miomiorun.com\/de\/#organization"},"potentialAction":[{"@type":"SearchAction","target":{"@type":"EntryPoint","urlTemplate":"https:\/\/www.miomiorun.com\/de\/?s={search_term_string}"},"query-input":{"@type":"PropertyValueSpecification","valueRequired":true,"valueName":"search_term_string"}}],"inLanguage":"de-DE"},{"@type":"Organization","@id":"https:\/\/www.miomiorun.com\/de\/#organization","name":"MioMio Run","url":"https:\/\/www.miomiorun.com\/de\/","logo":{"@type":"ImageObject","inLanguage":"de-DE","@id":"https:\/\/www.miomiorun.com\/de\/#\/schema\/logo\/image\/","url":"https:\/\/www.miomiorun.com\/app\/uploads\/2019\/12\/logomio.png","contentUrl":"https:\/\/www.miomiorun.com\/app\/uploads\/2019\/12\/logomio.png","width":115,"height":82,"caption":"MioMio Run"},"image":{"@id":"https:\/\/www.miomiorun.com\/de\/#\/schema\/logo\/image\/"},"sameAs":["https:\/\/www.facebook.com\/miomiorun\/","https:\/\/www.instagram.com\/miomiorun\/"]}]}},"_links":{"self":[{"href":"https:\/\/www.miomiorun.com\/de\/wp-json\/wp\/v2\/product\/176240","targetHints":{"allow":["GET"]}}],"collection":[{"href":"https:\/\/www.miomiorun.com\/de\/wp-json\/wp\/v2\/product"}],"about":[{"href":"https:\/\/www.miomiorun.com\/de\/wp-json\/wp\/v2\/types\/product"}],"wp:featuredmedia":[{"embeddable":true,"href":"https:\/\/www.miomiorun.com\/de\/wp-json\/wp\/v2\/media\/59604"}],"wp:attachment":[{"href":"https:\/\/www.miomiorun.com\/de\/wp-json\/wp\/v2\/media?parent=176240"}],"wp:term":[{"taxonomy":"product_brand","embeddable":true,"href":"https:\/\/www.miomiorun.com\/de\/wp-json\/wp\/v2\/product_brand?post=176240"},{"taxonomy":"product_cat","embeddable":true,"href":"https:\/\/www.miomiorun.com\/de\/wp-json\/wp\/v2\/product_cat?post=176240"},{"taxonomy":"product_tag","embeddable":true,"href":"https:\/\/www.miomiorun.com\/de\/wp-json\/wp\/v2\/product_tag?post=176240"}],"curies":[{"name":"wp","href":"https:\/\/api.w.org\/{rel}","templated":true}]}}