{"id":176238,"date":"2021-12-17T11:14:27","date_gmt":"2021-12-17T10:14:27","guid":{"rendered":"https:\/\/miomiorun.com\/prodotto\/craft-core-dry-active-comfort-ls-donna\/"},"modified":"2026-05-08T21:18:28","modified_gmt":"2026-05-08T19:18:28","slug":"core-dry-active-comfort-ls-damen","status":"publish","type":"product","link":"https:\/\/www.miomiorun.com\/de\/produkt\/core-dry-active-comfort-ls-damen\/","title":{"rendered":"Core Dry Active Comfort LS damen"},"content":{"rendered":"<p id=\"tw-target-text\" class=\"tw-data-text tw-text-large tw-ta\" dir=\"ltr\" data-placeholder=\"Traduzione\"><span class=\"Y2IQFc\" lang=\"it\">Das <strong>CORE Dry Active Comfort LS<\/strong> f\u00fcr Damen ist ein weiches und funktionelles Langarmtrikot, das sich f\u00fcr fast alle Aktivit\u00e4ten eignet, vom t\u00e4glichen Training bis zum alpinen Skifahren, Wandern und entspannten Apr\u00e8s-Ski. <\/span><\/p>\n<p class=\"tw-data-text tw-text-large tw-ta\" dir=\"ltr\" data-placeholder=\"Traduzione\"><span class=\"Y2IQFc\" lang=\"it\">Dieses vielseitige und \u00e4u\u00dferst komfortable Baselayer besteht aus Polyester, recyceltem Polyamid und Polyamid, einer weichen und funktionellen Mischung, die W\u00e4rme und effizienten Feuchtigkeitstransport bietet. Au\u00dferdem hat das Kleidungsst\u00fcck nur wenige N\u00e4hte und eine Bodymap-Struktur f\u00fcr eine bessere Thermoregulierung. Wenn du eine einzige Basisschicht f\u00fcr all deine Workouts und k\u00f6rperlichen Aktivit\u00e4ten brauchst, dann ist dies die richtige. <\/span><\/p>\n<h3 class=\"tw-data-text tw-text-large tw-ta\" dir=\"ltr\" data-placeholder=\"Traduzione\"><span class=\"Y2IQFc\" lang=\"it\">Eigenschaften:<\/span><\/h3>\n<ul>\n<li class=\"tw-data-text tw-text-large tw-ta\" dir=\"ltr\" data-placeholder=\"Traduzione\"><span class=\"Y2IQFc\" lang=\"it\">Weiches und funktionelles Gewebe, das teilweise aus recyceltem Polyamid besteht.<\/span><\/li>\n<li class=\"tw-data-text tw-text-large tw-ta\" dir=\"ltr\" data-placeholder=\"Traduzione\"><span class=\"Y2IQFc\" lang=\"it\">Bodymapped-Struktur f\u00fcr bessere W\u00e4rmeregulierung.<\/span><\/li>\n<li class=\"tw-data-text tw-text-large tw-ta\" dir=\"ltr\" data-placeholder=\"Traduzione\"><span class=\"Y2IQFc\" lang=\"it\">Wenige N\u00e4hte f\u00fcr optimalen Komfort.<\/span><\/li>\n<li class=\"tw-data-text tw-text-large tw-ta\" dir=\"ltr\" data-placeholder=\"Traduzione\"><span class=\"Y2IQFc\" lang=\"it\">Flatlock-N\u00e4hte, die den Bewegungen des K\u00f6rpers folgen.<\/span><\/li>\n<\/ul>\n<p>Materialien: 30% recyceltes Polyamid 40% Polyester.<\/p>\n<p>&nbsp;<\/p>\n<p>&nbsp;<\/p>\n<p>&nbsp;<\/p>\n<p>&nbsp;<\/p>\n<p>&nbsp;<\/p>\n","protected":false},"excerpt":{"rendered":"<p>Das CORE Dry Active Comfort LS f\u00fcr Damen ist ein weiches und funktionelles Langarmtrikot, das sich f\u00fcr fast alle Aktivit\u00e4ten eignet, vom t\u00e4glichen Training bis zum alpinen Skifahren, Wandern und entspannten Apr\u00e8s-Ski. Dieses vielseitige und \u00e4u\u00dferst komfortable Baselayer besteht aus Polyester, recyceltem Polyamid und Polyamid, einer weichen und funktionellen Mischung, die W\u00e4rme und effizienten Feuchtigkeitstransport &hellip; <a href=\"https:\/\/www.miomiorun.com\/de\/produkt\/core-dry-active-comfort-ls-damen\/\">Continued<\/a><\/p>\n","protected":false},"featured_media":59616,"template":"","meta":{"_acf_changed":false,"inline_featured_image":false},"product_brand":[],"product_cat":[6401,6485],"product_tag":[6304,6232],"class_list":{"0":"post-176238","1":"product","2":"type-product","3":"status-publish","4":"has-post-thumbnail","6":"product_cat-damenbekleidung","7":"product_cat-damenwaesche-de","8":"product_tag-craft-de","9":"product_tag-craft-damen-de","10":"pa_attivita-gehen","11":"pa_attivita-outdoor-de","12":"pa_attivita-running-de","13":"pa_attivita-trail-de","14":"pa_colore-core-dry-active-comfort-ls-w-blaze-de","15":"pa_colore-core-dry-active-comfort-ls-w-area-de","16":"pa_colore-core-dry-active-comfort-ls-w-fame-de","17":"pa_marca-craft-de","18":"pa_sesso-damen","19":"pa_size-extra-small-de","20":"pa_size-small-de","21":"pa_size-medium-de","22":"pa_size-large-de","24":"first","25":"instock","26":"sale","27":"taxable","28":"shipping-taxable","29":"purchasable","30":"product-type-variable","31":"wvs-archive-product-wrapper"},"acf":[],"yoast_head":"<!-- This site is optimized with the Yoast SEO plugin v26.8 - https:\/\/yoast.com\/product\/yoast-seo-wordpress\/ -->\n<title>Craft Core Dry Active Comfort LS damen - Thermisches Trikot - MioMioRun<\/title>\n<meta name=\"description\" content=\"Das CORE Dry Active Comfort LS f\u00fcr Damen ist ein weiches und funktionelles Langarmtrikot, das sich hervorragend f\u00fcr fast alle Aktivit\u00e4ten eignet.\" \/>\n<meta name=\"robots\" content=\"index, follow, max-snippet:-1, max-image-preview:large, max-video-preview:-1\" \/>\n<link rel=\"canonical\" href=\"https:\/\/www.miomiorun.com\/de\/produkt\/core-dry-active-comfort-ls-damen\/\" \/>\n<meta property=\"og:locale\" content=\"de_DE\" \/>\n<meta property=\"og:type\" content=\"article\" \/>\n<meta property=\"og:title\" content=\"Craft Core Dry Active Comfort LS damen - Thermisches Trikot - MioMioRun\" \/>\n<meta property=\"og:description\" content=\"Das CORE Dry Active Comfort LS f\u00fcr Damen ist ein weiches und funktionelles Langarmtrikot, das sich hervorragend f\u00fcr fast alle Aktivit\u00e4ten eignet.\" \/>\n<meta property=\"og:url\" content=\"https:\/\/www.miomiorun.com\/de\/produkt\/core-dry-active-comfort-ls-damen\/\" \/>\n<meta property=\"og:site_name\" content=\"MioMioRun\" \/>\n<meta property=\"article:publisher\" content=\"https:\/\/www.facebook.com\/miomiorun\/\" \/>\n<meta property=\"article:modified_time\" content=\"2026-05-08T19:18:28+00:00\" \/>\n<meta property=\"og:image\" content=\"https:\/\/www.miomiorun.com\/app\/uploads\/2021\/12\/craft-core-dry-active-comfort-LS-1911168-B738000.jpg\" \/>\n\t<meta property=\"og:image:width\" content=\"600\" \/>\n\t<meta property=\"og:image:height\" content=\"600\" \/>\n\t<meta property=\"og:image:type\" content=\"image\/jpeg\" \/>\n<meta name=\"twitter:card\" content=\"summary_large_image\" \/>\n<meta name=\"twitter:label1\" content=\"Est. reading time\" \/>\n\t<meta name=\"twitter:data1\" content=\"1 minute\" \/>\n<script type=\"application\/ld+json\" class=\"yoast-schema-graph\">{\"@context\":\"https:\/\/schema.org\",\"@graph\":[{\"@type\":\"WebPage\",\"@id\":\"https:\/\/www.miomiorun.com\/de\/produkt\/core-dry-active-comfort-ls-damen\/\",\"url\":\"https:\/\/www.miomiorun.com\/de\/produkt\/core-dry-active-comfort-ls-damen\/\",\"name\":\"Craft Core Dry Active Comfort LS damen - Thermisches Trikot - MioMioRun\",\"isPartOf\":{\"@id\":\"https:\/\/www.miomiorun.com\/de\/#website\"},\"primaryImageOfPage\":{\"@id\":\"https:\/\/www.miomiorun.com\/de\/produkt\/core-dry-active-comfort-ls-damen\/#primaryimage\"},\"image\":{\"@id\":\"https:\/\/www.miomiorun.com\/de\/produkt\/core-dry-active-comfort-ls-damen\/#primaryimage\"},\"thumbnailUrl\":\"https:\/\/www.miomiorun.com\/app\/uploads\/2021\/12\/craft-core-dry-active-comfort-LS-1911168-B738000.jpg\",\"datePublished\":\"2021-12-17T10:14:27+00:00\",\"dateModified\":\"2026-05-08T19:18:28+00:00\",\"description\":\"Das CORE Dry Active Comfort LS f\u00fcr Damen ist ein weiches und funktionelles Langarmtrikot, das sich hervorragend f\u00fcr fast alle Aktivit\u00e4ten eignet.\",\"breadcrumb\":{\"@id\":\"https:\/\/www.miomiorun.com\/de\/produkt\/core-dry-active-comfort-ls-damen\/#breadcrumb\"},\"inLanguage\":\"de-DE\",\"potentialAction\":[{\"@type\":\"ReadAction\",\"target\":[\"https:\/\/www.miomiorun.com\/de\/produkt\/core-dry-active-comfort-ls-damen\/\"]}]},{\"@type\":\"ImageObject\",\"inLanguage\":\"de-DE\",\"@id\":\"https:\/\/www.miomiorun.com\/de\/produkt\/core-dry-active-comfort-ls-damen\/#primaryimage\",\"url\":\"https:\/\/www.miomiorun.com\/app\/uploads\/2021\/12\/craft-core-dry-active-comfort-LS-1911168-B738000.jpg\",\"contentUrl\":\"https:\/\/www.miomiorun.com\/app\/uploads\/2021\/12\/craft-core-dry-active-comfort-LS-1911168-B738000.jpg\",\"width\":600,\"height\":600,\"caption\":\"craft-core-dry-active-comfort-LS-1911168-B738000\"},{\"@type\":\"BreadcrumbList\",\"@id\":\"https:\/\/www.miomiorun.com\/de\/produkt\/core-dry-active-comfort-ls-damen\/#breadcrumb\",\"itemListElement\":[{\"@type\":\"ListItem\",\"position\":1,\"name\":\"Home\",\"item\":\"https:\/\/www.miomiorun.com\/de\/\"},{\"@type\":\"ListItem\",\"position\":2,\"name\":\"Shop\",\"item\":\"https:\/\/www.miomiorun.com\/shop\/\"},{\"@type\":\"ListItem\",\"position\":3,\"name\":\"Core Dry Active Comfort LS damen\"}]},{\"@type\":\"WebSite\",\"@id\":\"https:\/\/www.miomiorun.com\/de\/#website\",\"url\":\"https:\/\/www.miomiorun.com\/de\/\",\"name\":\"MioMioRun\",\"description\":\"100% Lauf- und Trailshop\",\"publisher\":{\"@id\":\"https:\/\/www.miomiorun.com\/de\/#organization\"},\"potentialAction\":[{\"@type\":\"SearchAction\",\"target\":{\"@type\":\"EntryPoint\",\"urlTemplate\":\"https:\/\/www.miomiorun.com\/de\/?s={search_term_string}\"},\"query-input\":{\"@type\":\"PropertyValueSpecification\",\"valueRequired\":true,\"valueName\":\"search_term_string\"}}],\"inLanguage\":\"de-DE\"},{\"@type\":\"Organization\",\"@id\":\"https:\/\/www.miomiorun.com\/de\/#organization\",\"name\":\"MioMio Run\",\"url\":\"https:\/\/www.miomiorun.com\/de\/\",\"logo\":{\"@type\":\"ImageObject\",\"inLanguage\":\"de-DE\",\"@id\":\"https:\/\/www.miomiorun.com\/de\/#\/schema\/logo\/image\/\",\"url\":\"https:\/\/www.miomiorun.com\/app\/uploads\/2019\/12\/logomio.png\",\"contentUrl\":\"https:\/\/www.miomiorun.com\/app\/uploads\/2019\/12\/logomio.png\",\"width\":115,\"height\":82,\"caption\":\"MioMio Run\"},\"image\":{\"@id\":\"https:\/\/www.miomiorun.com\/de\/#\/schema\/logo\/image\/\"},\"sameAs\":[\"https:\/\/www.facebook.com\/miomiorun\/\",\"https:\/\/www.instagram.com\/miomiorun\/\"]}]}<\/script>\n<!-- \/ Yoast SEO plugin. -->","yoast_head_json":{"title":"Craft Core Dry Active Comfort LS damen - Thermisches Trikot - MioMioRun","description":"Das CORE Dry Active Comfort LS f\u00fcr Damen ist ein weiches und funktionelles Langarmtrikot, das sich hervorragend f\u00fcr fast alle Aktivit\u00e4ten eignet.","robots":{"index":"index","follow":"follow","max-snippet":"max-snippet:-1","max-image-preview":"max-image-preview:large","max-video-preview":"max-video-preview:-1"},"canonical":"https:\/\/www.miomiorun.com\/de\/produkt\/core-dry-active-comfort-ls-damen\/","og_locale":"de_DE","og_type":"article","og_title":"Craft Core Dry Active Comfort LS damen - Thermisches Trikot - MioMioRun","og_description":"Das CORE Dry Active Comfort LS f\u00fcr Damen ist ein weiches und funktionelles Langarmtrikot, das sich hervorragend f\u00fcr fast alle Aktivit\u00e4ten eignet.","og_url":"https:\/\/www.miomiorun.com\/de\/produkt\/core-dry-active-comfort-ls-damen\/","og_site_name":"MioMioRun","article_publisher":"https:\/\/www.facebook.com\/miomiorun\/","article_modified_time":"2026-05-08T19:18:28+00:00","og_image":[{"width":600,"height":600,"url":"https:\/\/www.miomiorun.com\/app\/uploads\/2021\/12\/craft-core-dry-active-comfort-LS-1911168-B738000.jpg","type":"image\/jpeg"}],"twitter_card":"summary_large_image","twitter_misc":{"Est. reading time":"1 minute"},"schema":{"@context":"https:\/\/schema.org","@graph":[{"@type":"WebPage","@id":"https:\/\/www.miomiorun.com\/de\/produkt\/core-dry-active-comfort-ls-damen\/","url":"https:\/\/www.miomiorun.com\/de\/produkt\/core-dry-active-comfort-ls-damen\/","name":"Craft Core Dry Active Comfort LS damen - Thermisches Trikot - MioMioRun","isPartOf":{"@id":"https:\/\/www.miomiorun.com\/de\/#website"},"primaryImageOfPage":{"@id":"https:\/\/www.miomiorun.com\/de\/produkt\/core-dry-active-comfort-ls-damen\/#primaryimage"},"image":{"@id":"https:\/\/www.miomiorun.com\/de\/produkt\/core-dry-active-comfort-ls-damen\/#primaryimage"},"thumbnailUrl":"https:\/\/www.miomiorun.com\/app\/uploads\/2021\/12\/craft-core-dry-active-comfort-LS-1911168-B738000.jpg","datePublished":"2021-12-17T10:14:27+00:00","dateModified":"2026-05-08T19:18:28+00:00","description":"Das CORE Dry Active Comfort LS f\u00fcr Damen ist ein weiches und funktionelles Langarmtrikot, das sich hervorragend f\u00fcr fast alle Aktivit\u00e4ten eignet.","breadcrumb":{"@id":"https:\/\/www.miomiorun.com\/de\/produkt\/core-dry-active-comfort-ls-damen\/#breadcrumb"},"inLanguage":"de-DE","potentialAction":[{"@type":"ReadAction","target":["https:\/\/www.miomiorun.com\/de\/produkt\/core-dry-active-comfort-ls-damen\/"]}]},{"@type":"ImageObject","inLanguage":"de-DE","@id":"https:\/\/www.miomiorun.com\/de\/produkt\/core-dry-active-comfort-ls-damen\/#primaryimage","url":"https:\/\/www.miomiorun.com\/app\/uploads\/2021\/12\/craft-core-dry-active-comfort-LS-1911168-B738000.jpg","contentUrl":"https:\/\/www.miomiorun.com\/app\/uploads\/2021\/12\/craft-core-dry-active-comfort-LS-1911168-B738000.jpg","width":600,"height":600,"caption":"craft-core-dry-active-comfort-LS-1911168-B738000"},{"@type":"BreadcrumbList","@id":"https:\/\/www.miomiorun.com\/de\/produkt\/core-dry-active-comfort-ls-damen\/#breadcrumb","itemListElement":[{"@type":"ListItem","position":1,"name":"Home","item":"https:\/\/www.miomiorun.com\/de\/"},{"@type":"ListItem","position":2,"name":"Shop","item":"https:\/\/www.miomiorun.com\/shop\/"},{"@type":"ListItem","position":3,"name":"Core Dry Active Comfort LS damen"}]},{"@type":"WebSite","@id":"https:\/\/www.miomiorun.com\/de\/#website","url":"https:\/\/www.miomiorun.com\/de\/","name":"MioMioRun","description":"100% Lauf- und Trailshop","publisher":{"@id":"https:\/\/www.miomiorun.com\/de\/#organization"},"potentialAction":[{"@type":"SearchAction","target":{"@type":"EntryPoint","urlTemplate":"https:\/\/www.miomiorun.com\/de\/?s={search_term_string}"},"query-input":{"@type":"PropertyValueSpecification","valueRequired":true,"valueName":"search_term_string"}}],"inLanguage":"de-DE"},{"@type":"Organization","@id":"https:\/\/www.miomiorun.com\/de\/#organization","name":"MioMio Run","url":"https:\/\/www.miomiorun.com\/de\/","logo":{"@type":"ImageObject","inLanguage":"de-DE","@id":"https:\/\/www.miomiorun.com\/de\/#\/schema\/logo\/image\/","url":"https:\/\/www.miomiorun.com\/app\/uploads\/2019\/12\/logomio.png","contentUrl":"https:\/\/www.miomiorun.com\/app\/uploads\/2019\/12\/logomio.png","width":115,"height":82,"caption":"MioMio Run"},"image":{"@id":"https:\/\/www.miomiorun.com\/de\/#\/schema\/logo\/image\/"},"sameAs":["https:\/\/www.facebook.com\/miomiorun\/","https:\/\/www.instagram.com\/miomiorun\/"]}]}},"_links":{"self":[{"href":"https:\/\/www.miomiorun.com\/de\/wp-json\/wp\/v2\/product\/176238","targetHints":{"allow":["GET"]}}],"collection":[{"href":"https:\/\/www.miomiorun.com\/de\/wp-json\/wp\/v2\/product"}],"about":[{"href":"https:\/\/www.miomiorun.com\/de\/wp-json\/wp\/v2\/types\/product"}],"wp:featuredmedia":[{"embeddable":true,"href":"https:\/\/www.miomiorun.com\/de\/wp-json\/wp\/v2\/media\/59616"}],"wp:attachment":[{"href":"https:\/\/www.miomiorun.com\/de\/wp-json\/wp\/v2\/media?parent=176238"}],"wp:term":[{"taxonomy":"product_brand","embeddable":true,"href":"https:\/\/www.miomiorun.com\/de\/wp-json\/wp\/v2\/product_brand?post=176238"},{"taxonomy":"product_cat","embeddable":true,"href":"https:\/\/www.miomiorun.com\/de\/wp-json\/wp\/v2\/product_cat?post=176238"},{"taxonomy":"product_tag","embeddable":true,"href":"https:\/\/www.miomiorun.com\/de\/wp-json\/wp\/v2\/product_tag?post=176238"}],"curies":[{"name":"wp","href":"https:\/\/api.w.org\/{rel}","templated":true}]}}