{"id":176233,"date":"2022-10-18T17:07:37","date_gmt":"2022-10-18T15:07:37","guid":{"rendered":"https:\/\/miomiorun.com\/prodotto\/adv-warm-intensity-ls-donna\/"},"modified":"2026-05-08T21:35:47","modified_gmt":"2026-05-08T19:35:47","slug":"adv-warm-intensity-ls-damen","status":"publish","type":"product","link":"https:\/\/www.miomiorun.com\/de\/produkt\/adv-warm-intensity-ls-damen\/","title":{"rendered":"ADV Warm Intensity LS damen"},"content":{"rendered":"<p><strong>ADV Warm Intensity LS<\/strong> in der Damenversion ist ein weiches und funktionelles Unterw\u00e4sche-Trikot, das f\u00fcr intensives Training bei kalten Bedingungen entwickelt wurde.<\/p>\n<p>Das lang\u00e4rmelige Unterw\u00e4sche-Trikot besteht aus einem leichten, recycelten Material, das in Kombination mit klimatisierten Zonen am K\u00f6rper f\u00fcr eine hervorragende Thermoregulation sorgt. Dar\u00fcber hinaus ist das Kleidungsst\u00fcck mit minimalen N\u00e4hten ausgestattet, die f\u00fcr ein reibungsloses, scheuerfreies und \u00e4u\u00dferst komfortables Erlebnis sorgen. Eine gute Wahl f\u00fcr den alpinen Skisport und \u00e4hnliche Aktivit\u00e4ten.<\/p>\n<p><strong>EIGENSCHAFTEN:<\/strong><\/p>\n<ul>\n<li>Leichtes, dehnbares Thermogarn aus recyceltem Polyester<\/li>\n<li>Zus\u00e4tzliche Isolierung dort, wo Sie zus\u00e4tzliche W\u00e4rme ben\u00f6tigen<\/li>\n<li>Minimale N\u00e4hte f\u00fcr optimalen Komfort<\/li>\n<li>Gro\u00dfe Elastizit\u00e4t f\u00fcr Bewegungsfreiheit<\/li>\n<li>3D-Strick, ergonomische Passform<\/li>\n<li>Eng anliegend &#8211;<\/li>\n<li>Feuchtigkeitstransport: 4 von 5<\/li>\n<li>Aktivit\u00e4tsgrad: 4 von 5<\/li>\n<li>Temperatur: -15 \u00baC bis -5 \u00baC<\/li>\n<\/ul>\n<p class=\"css-8rgusf\">65% Polyester-recycelt 30% Polyamid 5% Elastan<\/p>\n<p class=\"css-8rgusf\">Maschinenw\u00e4sche bei 40 Grad.<\/p>\n","protected":false},"excerpt":{"rendered":"<p>Das <strong>ADV Warm Intensity LS<\/strong> in der Damenversion ist ein weiches und funktionelles Unterw\u00e4sche-Trikot, das f\u00fcr intensives Training bei kalten Bedingungen entwickelt wurde.<\/p>\n<p>Das lang\u00e4rmelige Unterw\u00e4sche-Trikot besteht aus einem leichten, recycelten Material, das in Kombination mit den auf dem K\u00f6rper abgebildeten Klimazonen f\u00fcr eine hervorragende Thermoregulation sorgt.<\/p>\n","protected":false},"featured_media":92656,"template":"","meta":{"_acf_changed":false,"inline_featured_image":false},"product_brand":[],"product_cat":[6400,6401,6485],"product_tag":[6304,6232],"class_list":{"0":"post-176233","1":"product","2":"type-product","3":"status-publish","4":"has-post-thumbnail","6":"product_cat-damen","7":"product_cat-damenbekleidung","8":"product_cat-damenwaesche-de","9":"product_tag-craft-de","10":"product_tag-craft-damen-de","11":"pa_attivita-gehen","12":"pa_attivita-outdoor-de","13":"pa_attivita-running-de","14":"pa_attivita-trail-de","15":"pa_colore-adv-warm-intensity-ls-w-black-de","16":"pa_colore-adv-warm-intensity-ls-w-jade-opal-de","17":"pa_marca-craft-de","18":"pa_sesso-damen","19":"pa_size-extra-small-de","20":"pa_size-medium-de","21":"pa_size-large-de","23":"first","24":"instock","25":"sale","26":"taxable","27":"shipping-taxable","28":"purchasable","29":"product-type-variable","30":"wvs-archive-product-wrapper"},"acf":[],"yoast_head":"<!-- This site is optimized with the Yoast SEO plugin v26.8 - https:\/\/yoast.com\/product\/yoast-seo-wordpress\/ -->\n<title>Craft ADV Warm Intensity LS damen - Thermo-Unterw\u00e4sche - MioMioRun<\/title>\n<meta name=\"description\" content=\"ADV Warm Intensity LS in der Damenversion ist eine weiche und funktionelle Unterw\u00e4sche, die f\u00fcr intensives Training bei kalten Bedingungen entwickelt wurde.\" \/>\n<meta name=\"robots\" content=\"index, follow, max-snippet:-1, max-image-preview:large, max-video-preview:-1\" \/>\n<link rel=\"canonical\" href=\"https:\/\/www.miomiorun.com\/de\/produkt\/adv-warm-intensity-ls-damen\/\" \/>\n<meta property=\"og:locale\" content=\"de_DE\" \/>\n<meta property=\"og:type\" content=\"article\" \/>\n<meta property=\"og:title\" content=\"Craft ADV Warm Intensity LS damen - Thermo-Unterw\u00e4sche - MioMioRun\" \/>\n<meta property=\"og:description\" content=\"ADV Warm Intensity LS in der Damenversion ist eine weiche und funktionelle Unterw\u00e4sche, die f\u00fcr intensives Training bei kalten Bedingungen entwickelt wurde.\" \/>\n<meta property=\"og:url\" content=\"https:\/\/www.miomiorun.com\/de\/produkt\/adv-warm-intensity-ls-damen\/\" \/>\n<meta property=\"og:site_name\" content=\"MioMioRun\" \/>\n<meta property=\"article:publisher\" content=\"https:\/\/www.facebook.com\/miomiorun\/\" \/>\n<meta property=\"article:modified_time\" content=\"2026-05-08T19:35:47+00:00\" \/>\n<meta property=\"og:image\" content=\"https:\/\/www.miomiorun.com\/app\/uploads\/2022\/10\/craft-ADV-warm-intensity-ls-W-black-1912644-999000.jpg\" \/>\n\t<meta property=\"og:image:width\" content=\"600\" \/>\n\t<meta property=\"og:image:height\" content=\"600\" \/>\n\t<meta property=\"og:image:type\" content=\"image\/jpeg\" \/>\n<meta name=\"twitter:card\" content=\"summary_large_image\" \/>\n<meta name=\"twitter:label1\" content=\"Est. reading time\" \/>\n\t<meta name=\"twitter:data1\" content=\"1 minute\" \/>\n<script type=\"application\/ld+json\" class=\"yoast-schema-graph\">{\"@context\":\"https:\/\/schema.org\",\"@graph\":[{\"@type\":\"WebPage\",\"@id\":\"https:\/\/www.miomiorun.com\/de\/produkt\/adv-warm-intensity-ls-damen\/\",\"url\":\"https:\/\/www.miomiorun.com\/de\/produkt\/adv-warm-intensity-ls-damen\/\",\"name\":\"Craft ADV Warm Intensity LS damen - Thermo-Unterw\u00e4sche - MioMioRun\",\"isPartOf\":{\"@id\":\"https:\/\/www.miomiorun.com\/de\/#website\"},\"primaryImageOfPage\":{\"@id\":\"https:\/\/www.miomiorun.com\/de\/produkt\/adv-warm-intensity-ls-damen\/#primaryimage\"},\"image\":{\"@id\":\"https:\/\/www.miomiorun.com\/de\/produkt\/adv-warm-intensity-ls-damen\/#primaryimage\"},\"thumbnailUrl\":\"https:\/\/www.miomiorun.com\/app\/uploads\/2022\/10\/craft-ADV-warm-intensity-ls-W-black-1912644-999000.jpg\",\"datePublished\":\"2022-10-18T15:07:37+00:00\",\"dateModified\":\"2026-05-08T19:35:47+00:00\",\"description\":\"ADV Warm Intensity LS in der Damenversion ist eine weiche und funktionelle Unterw\u00e4sche, die f\u00fcr intensives Training bei kalten Bedingungen entwickelt wurde.\",\"breadcrumb\":{\"@id\":\"https:\/\/www.miomiorun.com\/de\/produkt\/adv-warm-intensity-ls-damen\/#breadcrumb\"},\"inLanguage\":\"de-DE\",\"potentialAction\":[{\"@type\":\"ReadAction\",\"target\":[\"https:\/\/www.miomiorun.com\/de\/produkt\/adv-warm-intensity-ls-damen\/\"]}]},{\"@type\":\"ImageObject\",\"inLanguage\":\"de-DE\",\"@id\":\"https:\/\/www.miomiorun.com\/de\/produkt\/adv-warm-intensity-ls-damen\/#primaryimage\",\"url\":\"https:\/\/www.miomiorun.com\/app\/uploads\/2022\/10\/craft-ADV-warm-intensity-ls-W-black-1912644-999000.jpg\",\"contentUrl\":\"https:\/\/www.miomiorun.com\/app\/uploads\/2022\/10\/craft-ADV-warm-intensity-ls-W-black-1912644-999000.jpg\",\"width\":600,\"height\":600,\"caption\":\"craft-ADV-warm-intensity-ls-W-black-1912644-999000\"},{\"@type\":\"BreadcrumbList\",\"@id\":\"https:\/\/www.miomiorun.com\/de\/produkt\/adv-warm-intensity-ls-damen\/#breadcrumb\",\"itemListElement\":[{\"@type\":\"ListItem\",\"position\":1,\"name\":\"Home\",\"item\":\"https:\/\/www.miomiorun.com\/de\/\"},{\"@type\":\"ListItem\",\"position\":2,\"name\":\"Shop\",\"item\":\"https:\/\/www.miomiorun.com\/shop\/\"},{\"@type\":\"ListItem\",\"position\":3,\"name\":\"ADV Warm Intensity LS damen\"}]},{\"@type\":\"WebSite\",\"@id\":\"https:\/\/www.miomiorun.com\/de\/#website\",\"url\":\"https:\/\/www.miomiorun.com\/de\/\",\"name\":\"MioMioRun\",\"description\":\"100% Lauf- und Trailshop\",\"publisher\":{\"@id\":\"https:\/\/www.miomiorun.com\/de\/#organization\"},\"potentialAction\":[{\"@type\":\"SearchAction\",\"target\":{\"@type\":\"EntryPoint\",\"urlTemplate\":\"https:\/\/www.miomiorun.com\/de\/?s={search_term_string}\"},\"query-input\":{\"@type\":\"PropertyValueSpecification\",\"valueRequired\":true,\"valueName\":\"search_term_string\"}}],\"inLanguage\":\"de-DE\"},{\"@type\":\"Organization\",\"@id\":\"https:\/\/www.miomiorun.com\/de\/#organization\",\"name\":\"MioMio Run\",\"url\":\"https:\/\/www.miomiorun.com\/de\/\",\"logo\":{\"@type\":\"ImageObject\",\"inLanguage\":\"de-DE\",\"@id\":\"https:\/\/www.miomiorun.com\/de\/#\/schema\/logo\/image\/\",\"url\":\"https:\/\/www.miomiorun.com\/app\/uploads\/2019\/12\/logomio.png\",\"contentUrl\":\"https:\/\/www.miomiorun.com\/app\/uploads\/2019\/12\/logomio.png\",\"width\":115,\"height\":82,\"caption\":\"MioMio Run\"},\"image\":{\"@id\":\"https:\/\/www.miomiorun.com\/de\/#\/schema\/logo\/image\/\"},\"sameAs\":[\"https:\/\/www.facebook.com\/miomiorun\/\",\"https:\/\/www.instagram.com\/miomiorun\/\"]}]}<\/script>\n<!-- \/ Yoast SEO plugin. -->","yoast_head_json":{"title":"Craft ADV Warm Intensity LS damen - Thermo-Unterw\u00e4sche - MioMioRun","description":"ADV Warm Intensity LS in der Damenversion ist eine weiche und funktionelle Unterw\u00e4sche, die f\u00fcr intensives Training bei kalten Bedingungen entwickelt wurde.","robots":{"index":"index","follow":"follow","max-snippet":"max-snippet:-1","max-image-preview":"max-image-preview:large","max-video-preview":"max-video-preview:-1"},"canonical":"https:\/\/www.miomiorun.com\/de\/produkt\/adv-warm-intensity-ls-damen\/","og_locale":"de_DE","og_type":"article","og_title":"Craft ADV Warm Intensity LS damen - Thermo-Unterw\u00e4sche - MioMioRun","og_description":"ADV Warm Intensity LS in der Damenversion ist eine weiche und funktionelle Unterw\u00e4sche, die f\u00fcr intensives Training bei kalten Bedingungen entwickelt wurde.","og_url":"https:\/\/www.miomiorun.com\/de\/produkt\/adv-warm-intensity-ls-damen\/","og_site_name":"MioMioRun","article_publisher":"https:\/\/www.facebook.com\/miomiorun\/","article_modified_time":"2026-05-08T19:35:47+00:00","og_image":[{"width":600,"height":600,"url":"https:\/\/www.miomiorun.com\/app\/uploads\/2022\/10\/craft-ADV-warm-intensity-ls-W-black-1912644-999000.jpg","type":"image\/jpeg"}],"twitter_card":"summary_large_image","twitter_misc":{"Est. reading time":"1 minute"},"schema":{"@context":"https:\/\/schema.org","@graph":[{"@type":"WebPage","@id":"https:\/\/www.miomiorun.com\/de\/produkt\/adv-warm-intensity-ls-damen\/","url":"https:\/\/www.miomiorun.com\/de\/produkt\/adv-warm-intensity-ls-damen\/","name":"Craft ADV Warm Intensity LS damen - Thermo-Unterw\u00e4sche - MioMioRun","isPartOf":{"@id":"https:\/\/www.miomiorun.com\/de\/#website"},"primaryImageOfPage":{"@id":"https:\/\/www.miomiorun.com\/de\/produkt\/adv-warm-intensity-ls-damen\/#primaryimage"},"image":{"@id":"https:\/\/www.miomiorun.com\/de\/produkt\/adv-warm-intensity-ls-damen\/#primaryimage"},"thumbnailUrl":"https:\/\/www.miomiorun.com\/app\/uploads\/2022\/10\/craft-ADV-warm-intensity-ls-W-black-1912644-999000.jpg","datePublished":"2022-10-18T15:07:37+00:00","dateModified":"2026-05-08T19:35:47+00:00","description":"ADV Warm Intensity LS in der Damenversion ist eine weiche und funktionelle Unterw\u00e4sche, die f\u00fcr intensives Training bei kalten Bedingungen entwickelt wurde.","breadcrumb":{"@id":"https:\/\/www.miomiorun.com\/de\/produkt\/adv-warm-intensity-ls-damen\/#breadcrumb"},"inLanguage":"de-DE","potentialAction":[{"@type":"ReadAction","target":["https:\/\/www.miomiorun.com\/de\/produkt\/adv-warm-intensity-ls-damen\/"]}]},{"@type":"ImageObject","inLanguage":"de-DE","@id":"https:\/\/www.miomiorun.com\/de\/produkt\/adv-warm-intensity-ls-damen\/#primaryimage","url":"https:\/\/www.miomiorun.com\/app\/uploads\/2022\/10\/craft-ADV-warm-intensity-ls-W-black-1912644-999000.jpg","contentUrl":"https:\/\/www.miomiorun.com\/app\/uploads\/2022\/10\/craft-ADV-warm-intensity-ls-W-black-1912644-999000.jpg","width":600,"height":600,"caption":"craft-ADV-warm-intensity-ls-W-black-1912644-999000"},{"@type":"BreadcrumbList","@id":"https:\/\/www.miomiorun.com\/de\/produkt\/adv-warm-intensity-ls-damen\/#breadcrumb","itemListElement":[{"@type":"ListItem","position":1,"name":"Home","item":"https:\/\/www.miomiorun.com\/de\/"},{"@type":"ListItem","position":2,"name":"Shop","item":"https:\/\/www.miomiorun.com\/shop\/"},{"@type":"ListItem","position":3,"name":"ADV Warm Intensity LS damen"}]},{"@type":"WebSite","@id":"https:\/\/www.miomiorun.com\/de\/#website","url":"https:\/\/www.miomiorun.com\/de\/","name":"MioMioRun","description":"100% Lauf- und Trailshop","publisher":{"@id":"https:\/\/www.miomiorun.com\/de\/#organization"},"potentialAction":[{"@type":"SearchAction","target":{"@type":"EntryPoint","urlTemplate":"https:\/\/www.miomiorun.com\/de\/?s={search_term_string}"},"query-input":{"@type":"PropertyValueSpecification","valueRequired":true,"valueName":"search_term_string"}}],"inLanguage":"de-DE"},{"@type":"Organization","@id":"https:\/\/www.miomiorun.com\/de\/#organization","name":"MioMio Run","url":"https:\/\/www.miomiorun.com\/de\/","logo":{"@type":"ImageObject","inLanguage":"de-DE","@id":"https:\/\/www.miomiorun.com\/de\/#\/schema\/logo\/image\/","url":"https:\/\/www.miomiorun.com\/app\/uploads\/2019\/12\/logomio.png","contentUrl":"https:\/\/www.miomiorun.com\/app\/uploads\/2019\/12\/logomio.png","width":115,"height":82,"caption":"MioMio Run"},"image":{"@id":"https:\/\/www.miomiorun.com\/de\/#\/schema\/logo\/image\/"},"sameAs":["https:\/\/www.facebook.com\/miomiorun\/","https:\/\/www.instagram.com\/miomiorun\/"]}]}},"_links":{"self":[{"href":"https:\/\/www.miomiorun.com\/de\/wp-json\/wp\/v2\/product\/176233","targetHints":{"allow":["GET"]}}],"collection":[{"href":"https:\/\/www.miomiorun.com\/de\/wp-json\/wp\/v2\/product"}],"about":[{"href":"https:\/\/www.miomiorun.com\/de\/wp-json\/wp\/v2\/types\/product"}],"wp:featuredmedia":[{"embeddable":true,"href":"https:\/\/www.miomiorun.com\/de\/wp-json\/wp\/v2\/media\/92656"}],"wp:attachment":[{"href":"https:\/\/www.miomiorun.com\/de\/wp-json\/wp\/v2\/media?parent=176233"}],"wp:term":[{"taxonomy":"product_brand","embeddable":true,"href":"https:\/\/www.miomiorun.com\/de\/wp-json\/wp\/v2\/product_brand?post=176233"},{"taxonomy":"product_cat","embeddable":true,"href":"https:\/\/www.miomiorun.com\/de\/wp-json\/wp\/v2\/product_cat?post=176233"},{"taxonomy":"product_tag","embeddable":true,"href":"https:\/\/www.miomiorun.com\/de\/wp-json\/wp\/v2\/product_tag?post=176233"}],"curies":[{"name":"wp","href":"https:\/\/api.w.org\/{rel}","templated":true}]}}