{"id":176230,"date":"2023-10-26T14:38:38","date_gmt":"2023-10-26T12:38:38","guid":{"rendered":"https:\/\/miomiorun.com\/prodotto\/core-dry-active-comfort-ss-donna\/"},"modified":"2026-05-08T21:49:13","modified_gmt":"2026-05-08T19:49:13","slug":"core-dry-active-comfort-ss-damen","status":"publish","type":"product","link":"https:\/\/www.miomiorun.com\/de\/produkt\/core-dry-active-comfort-ss-damen\/","title":{"rendered":"CORE Dry Active Comfort SS damen"},"content":{"rendered":"<p>Das <strong>CORE Dry Active Comfort SS<\/strong> f\u00fcr Damen ist ein weiches und funktionelles Baselayer-Shirt, ideal f\u00fcr fast alle Aktivit\u00e4ten, vom t\u00e4glichen Training bis zum alpinen Skifahren, vom Wandern bis zum entspannten Skifahren. Dieses vielseitige und sehr komfortable Baselayer-Shirt besteht aus Polyester, recyceltem Polyamid und Polyamid, einer weichen und funktionellen Mischung, die W\u00e4rme und effizienten Feuchtigkeitstransport bietet. Au\u00dferdem hat das Kleidungsst\u00fcck nur wenige N\u00e4hte und eine k\u00f6rpernahe Struktur f\u00fcr eine verbesserte Thermoregulierung. Wenn du einen Baselayer f\u00fcr all deine Workouts und k\u00f6rperlichen Aktivit\u00e4ten brauchst, ist dies der richtige.<\/p>\n<p><strong>Eigenschaften:<\/strong><\/p>\n<ul>\n<li>Weiches und funktionelles Gewebe, teilweise aus recyceltem Polyamid<\/li>\n<li>Bodymapped-Struktur f\u00fcr verbesserte Thermoregulation<\/li>\n<li>Weniger N\u00e4hte f\u00fcr optimalen Komfort<\/li>\n<li>Flatlock-N\u00e4hte, die den Bewegungen des K\u00f6rpers folgen<\/li>\n<\/ul>\n<p>&nbsp;<\/p>\n<p>&nbsp;<\/p>\n","protected":false},"excerpt":{"rendered":"<ul>\n<li>ideal zum Tragen bei k\u00f6rperlicher Aktivit\u00e4t<\/li>\n<li>leicht und bequem<\/li>\n<li>nahtlos<\/li>\n<\/ul>\n","protected":false},"featured_media":148287,"template":"","meta":{"_acf_changed":false,"inline_featured_image":false},"product_brand":[],"product_cat":[6401,6485],"product_tag":[6304,6232],"class_list":{"0":"post-176230","1":"product","2":"type-product","3":"status-publish","4":"has-post-thumbnail","6":"product_cat-damenbekleidung","7":"product_cat-damenwaesche-de","8":"product_tag-craft-de","9":"product_tag-craft-damen-de","10":"pa_attivita-gehen","11":"pa_attivita-outdoor-de","12":"pa_attivita-running-de","13":"pa_attivita-trail-de","14":"pa_colore-core-dry-active-comfort-ss-w-fame-de","15":"pa_marca-craft-de","16":"pa_sesso-damen","17":"pa_size-extra-small-de","18":"pa_size-small-de","19":"pa_size-medium-de","21":"first","22":"instock","23":"sale","24":"taxable","25":"shipping-taxable","26":"purchasable","27":"product-type-variable","28":"wvs-archive-product-wrapper"},"acf":[],"yoast_head":"<!-- This site is optimized with the Yoast SEO plugin v26.8 - https:\/\/yoast.com\/product\/yoast-seo-wordpress\/ -->\n<title>Craft CORE Dry Active Comfort SS damen - Unterw\u00e4sche - MioMioRun.com<\/title>\n<meta name=\"description\" content=\"Das Women&#039;s CORE Dry Active Comfort SS ist ein weiches und funktionelles Baselayer-Shirt, ideal f\u00fcr fast alle Aktivit\u00e4ten, vom t\u00e4glichen Training\" \/>\n<meta name=\"robots\" content=\"index, follow, max-snippet:-1, max-image-preview:large, max-video-preview:-1\" \/>\n<link rel=\"canonical\" href=\"https:\/\/www.miomiorun.com\/de\/produkt\/core-dry-active-comfort-ss-damen\/\" \/>\n<meta property=\"og:locale\" content=\"de_DE\" \/>\n<meta property=\"og:type\" content=\"article\" \/>\n<meta property=\"og:title\" content=\"Craft CORE Dry Active Comfort SS damen - Unterw\u00e4sche - MioMioRun.com\" \/>\n<meta property=\"og:description\" content=\"Das Women&#039;s CORE Dry Active Comfort SS ist ein weiches und funktionelles Baselayer-Shirt, ideal f\u00fcr fast alle Aktivit\u00e4ten, vom t\u00e4glichen Training\" \/>\n<meta property=\"og:url\" content=\"https:\/\/www.miomiorun.com\/de\/produkt\/core-dry-active-comfort-ss-damen\/\" \/>\n<meta property=\"og:site_name\" content=\"MioMioRun\" \/>\n<meta property=\"article:publisher\" content=\"https:\/\/www.facebook.com\/miomiorun\/\" \/>\n<meta property=\"article:modified_time\" content=\"2026-05-08T19:49:13+00:00\" \/>\n<meta property=\"og:image\" content=\"https:\/\/www.miomiorun.com\/app\/uploads\/2023\/11\/craft-Core-dry-active-comfort-SS-W-fame-1911667-B738000.jpg\" \/>\n\t<meta property=\"og:image:width\" content=\"600\" \/>\n\t<meta property=\"og:image:height\" content=\"600\" \/>\n\t<meta property=\"og:image:type\" content=\"image\/jpeg\" \/>\n<meta name=\"twitter:card\" content=\"summary_large_image\" \/>\n<meta name=\"twitter:label1\" content=\"Est. reading time\" \/>\n\t<meta name=\"twitter:data1\" content=\"1 minute\" \/>\n<script type=\"application\/ld+json\" class=\"yoast-schema-graph\">{\"@context\":\"https:\/\/schema.org\",\"@graph\":[{\"@type\":\"WebPage\",\"@id\":\"https:\/\/www.miomiorun.com\/de\/produkt\/core-dry-active-comfort-ss-damen\/\",\"url\":\"https:\/\/www.miomiorun.com\/de\/produkt\/core-dry-active-comfort-ss-damen\/\",\"name\":\"Craft CORE Dry Active Comfort SS damen - Unterw\u00e4sche - MioMioRun.com\",\"isPartOf\":{\"@id\":\"https:\/\/www.miomiorun.com\/de\/#website\"},\"primaryImageOfPage\":{\"@id\":\"https:\/\/www.miomiorun.com\/de\/produkt\/core-dry-active-comfort-ss-damen\/#primaryimage\"},\"image\":{\"@id\":\"https:\/\/www.miomiorun.com\/de\/produkt\/core-dry-active-comfort-ss-damen\/#primaryimage\"},\"thumbnailUrl\":\"https:\/\/www.miomiorun.com\/app\/uploads\/2023\/11\/craft-Core-dry-active-comfort-SS-W-fame-1911667-B738000.jpg\",\"datePublished\":\"2023-10-26T12:38:38+00:00\",\"dateModified\":\"2026-05-08T19:49:13+00:00\",\"description\":\"Das Women's CORE Dry Active Comfort SS ist ein weiches und funktionelles Baselayer-Shirt, ideal f\u00fcr fast alle Aktivit\u00e4ten, vom t\u00e4glichen Training\",\"breadcrumb\":{\"@id\":\"https:\/\/www.miomiorun.com\/de\/produkt\/core-dry-active-comfort-ss-damen\/#breadcrumb\"},\"inLanguage\":\"de-DE\",\"potentialAction\":[{\"@type\":\"ReadAction\",\"target\":[\"https:\/\/www.miomiorun.com\/de\/produkt\/core-dry-active-comfort-ss-damen\/\"]}]},{\"@type\":\"ImageObject\",\"inLanguage\":\"de-DE\",\"@id\":\"https:\/\/www.miomiorun.com\/de\/produkt\/core-dry-active-comfort-ss-damen\/#primaryimage\",\"url\":\"https:\/\/www.miomiorun.com\/app\/uploads\/2023\/11\/craft-Core-dry-active-comfort-SS-W-fame-1911667-B738000.jpg\",\"contentUrl\":\"https:\/\/www.miomiorun.com\/app\/uploads\/2023\/11\/craft-Core-dry-active-comfort-SS-W-fame-1911667-B738000.jpg\",\"width\":600,\"height\":600,\"caption\":\"craft-Core-dry-active-comfort-SS-W-fame-1911667-B738000\"},{\"@type\":\"BreadcrumbList\",\"@id\":\"https:\/\/www.miomiorun.com\/de\/produkt\/core-dry-active-comfort-ss-damen\/#breadcrumb\",\"itemListElement\":[{\"@type\":\"ListItem\",\"position\":1,\"name\":\"Home\",\"item\":\"https:\/\/www.miomiorun.com\/de\/\"},{\"@type\":\"ListItem\",\"position\":2,\"name\":\"Shop\",\"item\":\"https:\/\/www.miomiorun.com\/shop\/\"},{\"@type\":\"ListItem\",\"position\":3,\"name\":\"CORE Dry Active Comfort SS damen\"}]},{\"@type\":\"WebSite\",\"@id\":\"https:\/\/www.miomiorun.com\/de\/#website\",\"url\":\"https:\/\/www.miomiorun.com\/de\/\",\"name\":\"MioMioRun\",\"description\":\"100% Lauf- und Trailshop\",\"publisher\":{\"@id\":\"https:\/\/www.miomiorun.com\/de\/#organization\"},\"potentialAction\":[{\"@type\":\"SearchAction\",\"target\":{\"@type\":\"EntryPoint\",\"urlTemplate\":\"https:\/\/www.miomiorun.com\/de\/?s={search_term_string}\"},\"query-input\":{\"@type\":\"PropertyValueSpecification\",\"valueRequired\":true,\"valueName\":\"search_term_string\"}}],\"inLanguage\":\"de-DE\"},{\"@type\":\"Organization\",\"@id\":\"https:\/\/www.miomiorun.com\/de\/#organization\",\"name\":\"MioMio Run\",\"url\":\"https:\/\/www.miomiorun.com\/de\/\",\"logo\":{\"@type\":\"ImageObject\",\"inLanguage\":\"de-DE\",\"@id\":\"https:\/\/www.miomiorun.com\/de\/#\/schema\/logo\/image\/\",\"url\":\"https:\/\/www.miomiorun.com\/app\/uploads\/2019\/12\/logomio.png\",\"contentUrl\":\"https:\/\/www.miomiorun.com\/app\/uploads\/2019\/12\/logomio.png\",\"width\":115,\"height\":82,\"caption\":\"MioMio Run\"},\"image\":{\"@id\":\"https:\/\/www.miomiorun.com\/de\/#\/schema\/logo\/image\/\"},\"sameAs\":[\"https:\/\/www.facebook.com\/miomiorun\/\",\"https:\/\/www.instagram.com\/miomiorun\/\"]}]}<\/script>\n<!-- \/ Yoast SEO plugin. -->","yoast_head_json":{"title":"Craft CORE Dry Active Comfort SS damen - Unterw\u00e4sche - MioMioRun.com","description":"Das Women's CORE Dry Active Comfort SS ist ein weiches und funktionelles Baselayer-Shirt, ideal f\u00fcr fast alle Aktivit\u00e4ten, vom t\u00e4glichen Training","robots":{"index":"index","follow":"follow","max-snippet":"max-snippet:-1","max-image-preview":"max-image-preview:large","max-video-preview":"max-video-preview:-1"},"canonical":"https:\/\/www.miomiorun.com\/de\/produkt\/core-dry-active-comfort-ss-damen\/","og_locale":"de_DE","og_type":"article","og_title":"Craft CORE Dry Active Comfort SS damen - Unterw\u00e4sche - MioMioRun.com","og_description":"Das Women's CORE Dry Active Comfort SS ist ein weiches und funktionelles Baselayer-Shirt, ideal f\u00fcr fast alle Aktivit\u00e4ten, vom t\u00e4glichen Training","og_url":"https:\/\/www.miomiorun.com\/de\/produkt\/core-dry-active-comfort-ss-damen\/","og_site_name":"MioMioRun","article_publisher":"https:\/\/www.facebook.com\/miomiorun\/","article_modified_time":"2026-05-08T19:49:13+00:00","og_image":[{"width":600,"height":600,"url":"https:\/\/www.miomiorun.com\/app\/uploads\/2023\/11\/craft-Core-dry-active-comfort-SS-W-fame-1911667-B738000.jpg","type":"image\/jpeg"}],"twitter_card":"summary_large_image","twitter_misc":{"Est. reading time":"1 minute"},"schema":{"@context":"https:\/\/schema.org","@graph":[{"@type":"WebPage","@id":"https:\/\/www.miomiorun.com\/de\/produkt\/core-dry-active-comfort-ss-damen\/","url":"https:\/\/www.miomiorun.com\/de\/produkt\/core-dry-active-comfort-ss-damen\/","name":"Craft CORE Dry Active Comfort SS damen - Unterw\u00e4sche - MioMioRun.com","isPartOf":{"@id":"https:\/\/www.miomiorun.com\/de\/#website"},"primaryImageOfPage":{"@id":"https:\/\/www.miomiorun.com\/de\/produkt\/core-dry-active-comfort-ss-damen\/#primaryimage"},"image":{"@id":"https:\/\/www.miomiorun.com\/de\/produkt\/core-dry-active-comfort-ss-damen\/#primaryimage"},"thumbnailUrl":"https:\/\/www.miomiorun.com\/app\/uploads\/2023\/11\/craft-Core-dry-active-comfort-SS-W-fame-1911667-B738000.jpg","datePublished":"2023-10-26T12:38:38+00:00","dateModified":"2026-05-08T19:49:13+00:00","description":"Das Women's CORE Dry Active Comfort SS ist ein weiches und funktionelles Baselayer-Shirt, ideal f\u00fcr fast alle Aktivit\u00e4ten, vom t\u00e4glichen Training","breadcrumb":{"@id":"https:\/\/www.miomiorun.com\/de\/produkt\/core-dry-active-comfort-ss-damen\/#breadcrumb"},"inLanguage":"de-DE","potentialAction":[{"@type":"ReadAction","target":["https:\/\/www.miomiorun.com\/de\/produkt\/core-dry-active-comfort-ss-damen\/"]}]},{"@type":"ImageObject","inLanguage":"de-DE","@id":"https:\/\/www.miomiorun.com\/de\/produkt\/core-dry-active-comfort-ss-damen\/#primaryimage","url":"https:\/\/www.miomiorun.com\/app\/uploads\/2023\/11\/craft-Core-dry-active-comfort-SS-W-fame-1911667-B738000.jpg","contentUrl":"https:\/\/www.miomiorun.com\/app\/uploads\/2023\/11\/craft-Core-dry-active-comfort-SS-W-fame-1911667-B738000.jpg","width":600,"height":600,"caption":"craft-Core-dry-active-comfort-SS-W-fame-1911667-B738000"},{"@type":"BreadcrumbList","@id":"https:\/\/www.miomiorun.com\/de\/produkt\/core-dry-active-comfort-ss-damen\/#breadcrumb","itemListElement":[{"@type":"ListItem","position":1,"name":"Home","item":"https:\/\/www.miomiorun.com\/de\/"},{"@type":"ListItem","position":2,"name":"Shop","item":"https:\/\/www.miomiorun.com\/shop\/"},{"@type":"ListItem","position":3,"name":"CORE Dry Active Comfort SS damen"}]},{"@type":"WebSite","@id":"https:\/\/www.miomiorun.com\/de\/#website","url":"https:\/\/www.miomiorun.com\/de\/","name":"MioMioRun","description":"100% Lauf- und Trailshop","publisher":{"@id":"https:\/\/www.miomiorun.com\/de\/#organization"},"potentialAction":[{"@type":"SearchAction","target":{"@type":"EntryPoint","urlTemplate":"https:\/\/www.miomiorun.com\/de\/?s={search_term_string}"},"query-input":{"@type":"PropertyValueSpecification","valueRequired":true,"valueName":"search_term_string"}}],"inLanguage":"de-DE"},{"@type":"Organization","@id":"https:\/\/www.miomiorun.com\/de\/#organization","name":"MioMio Run","url":"https:\/\/www.miomiorun.com\/de\/","logo":{"@type":"ImageObject","inLanguage":"de-DE","@id":"https:\/\/www.miomiorun.com\/de\/#\/schema\/logo\/image\/","url":"https:\/\/www.miomiorun.com\/app\/uploads\/2019\/12\/logomio.png","contentUrl":"https:\/\/www.miomiorun.com\/app\/uploads\/2019\/12\/logomio.png","width":115,"height":82,"caption":"MioMio Run"},"image":{"@id":"https:\/\/www.miomiorun.com\/de\/#\/schema\/logo\/image\/"},"sameAs":["https:\/\/www.facebook.com\/miomiorun\/","https:\/\/www.instagram.com\/miomiorun\/"]}]}},"_links":{"self":[{"href":"https:\/\/www.miomiorun.com\/de\/wp-json\/wp\/v2\/product\/176230","targetHints":{"allow":["GET"]}}],"collection":[{"href":"https:\/\/www.miomiorun.com\/de\/wp-json\/wp\/v2\/product"}],"about":[{"href":"https:\/\/www.miomiorun.com\/de\/wp-json\/wp\/v2\/types\/product"}],"wp:featuredmedia":[{"embeddable":true,"href":"https:\/\/www.miomiorun.com\/de\/wp-json\/wp\/v2\/media\/148287"}],"wp:attachment":[{"href":"https:\/\/www.miomiorun.com\/de\/wp-json\/wp\/v2\/media?parent=176230"}],"wp:term":[{"taxonomy":"product_brand","embeddable":true,"href":"https:\/\/www.miomiorun.com\/de\/wp-json\/wp\/v2\/product_brand?post=176230"},{"taxonomy":"product_cat","embeddable":true,"href":"https:\/\/www.miomiorun.com\/de\/wp-json\/wp\/v2\/product_cat?post=176230"},{"taxonomy":"product_tag","embeddable":true,"href":"https:\/\/www.miomiorun.com\/de\/wp-json\/wp\/v2\/product_tag?post=176230"}],"curies":[{"name":"wp","href":"https:\/\/api.w.org\/{rel}","templated":true}]}}