{"id":176228,"date":"2023-11-16T14:07:46","date_gmt":"2023-11-16T13:07:46","guid":{"rendered":"https:\/\/miomiorun.com\/prodotto\/camisole-ultralight-cool-donna-2\/"},"modified":"2024-07-26T19:19:08","modified_gmt":"2024-07-26T17:19:08","slug":"camisole-ultralight-cool-damen","status":"publish","type":"product","link":"https:\/\/www.miomiorun.com\/de\/produkt\/camisole-ultralight-cool-damen\/","title":{"rendered":"Camisole Ultralight Cool damen"},"content":{"rendered":"<p><strong>Camisole Ultralight Cool<\/strong> f\u00fcr Frauen ist eine Funktionsunterw\u00e4sche, die entwickelt wurde, um Ihnen bei den h\u00e4rtesten Trainingseinheiten Energie zu sparen. Die Ultralight Cool Funktionsunterw\u00e4sche hilft dem K\u00f6rper, seine Temperatur niedrig zu halten, so dass Sie Ihre ganze Energie f\u00fcr den Sport nutzen k\u00f6nnen. Das recycelte Polyamid leitet die Feuchtigkeit vom K\u00f6rper weg und trocknet schnell, so dass Sie sich jederzeit k\u00fchl, trocken und komfortabel f\u00fchlen. Dank der anatomischen Passform und der nahtlosen Stricktechnik passt sich die Unterw\u00e4sche perfekt an den K\u00f6rper an und bietet optimalen Halt beim Sport.<\/p>\n<h3>Eigenschaften:<\/h3>\n<ul>\n<li class=\"product-specification__symbol\">Geeignet f\u00fcr hei\u00dfe bis sehr hei\u00dfe Temperaturen<\/li>\n<li class=\"product-specification__symbol\">Extrem leicht: Gewicht weniger als 50 Gramm<\/li>\n<li class=\"product-specification__symbol\">100% recyceltes Polyamid &#8211; eine bewusste Entscheidung ohne Kompromisse bei Leichtigkeit, St\u00e4rke und Haltbarkeit<\/li>\n<li class=\"product-specification__symbol\">Atmungsaktive, schnell trocknende Konstruktion aus recyceltem Polyamid f\u00fcr ein jederzeit frisches, trockenes und angenehmes Tragegef\u00fchl<\/li>\n<li class=\"product-specification__symbol\">Anatomisch gestrickt f\u00fcr maximale Bewegungsfreiheit beim Sport<\/li>\n<li class=\"product-specification__symbol\">Geeignet f\u00fcr hochintensive Aktivit\u00e4ten<\/li>\n<li>Enge Passform<\/li>\n<\/ul>\n<div>\n<div class=\"product-features\"><\/div>\n<\/div>\n<p><strong><img decoding=\"async\" class=\"product-functional-symbols__image\" src=\"https:\/\/www.falke.com\/it_it\/c5c163f4c436a6d5cac26cfd6ed02ad465473f2a\/assets\/base\/staticImages\/functionalsymbols\/icon_feuchtigkeitsregulierend.svg\" \/><\/strong><\/p>\n<p><strong>Feuchtigkeitsregulierend <\/strong>: Einzigartiges, trockenes Gef\u00fchl auf der Haut dank der feuchtigkeitsabsorbierenden Eigenschaft.<\/p>\n<p><img loading=\"lazy\" decoding=\"async\" class=\"product-functional-symbols__image\" src=\"https:\/\/www.falke.com\/it_it\/c5c163f4c436a6d5cac26cfd6ed02ad465473f2a\/assets\/base\/staticImages\/functionalsymbols\/icon_schnellste_ruecktrocknung.svg\" width=\"99\" height=\"99\" \/><\/p>\n<p><strong>Schnelleres <\/strong>Trocknen: schnelltrocknendes Material.<\/p>\n<p>&nbsp;<\/p>\n<p><img loading=\"lazy\" decoding=\"async\" class=\"product-functional-symbols__image\" src=\"https:\/\/www.falke.com\/it_it\/10300ba30d2fee935faacdb4a1d756485b8d4223\/assets\/base\/staticImages\/functionalsymbols\/icon_cooling-effect.svg\" alt=\"\" width=\"100\" height=\"100\" \/><\/p>\n<div class=\"product-functional-symbols__content\">\n<p class=\"product-functional-symbols__content-name\"><strong>K\u00fchleffekt: <\/strong>sorgt f\u00fcr eine optimale Temperatur.<\/p>\n<\/div>\n<p>&nbsp;<\/p>\n<p><img loading=\"lazy\" decoding=\"async\" class=\"product-functional-symbols__image\" src=\"https:\/\/www.falke.com\/it_it\/10300ba30d2fee935faacdb4a1d756485b8d4223\/assets\/base\/staticImages\/functionalsymbols\/icon_cool.svg\" alt=\"\" width=\"101\" height=\"101\" \/><\/p>\n<div class=\"product-functional-symbols__content\">\n<p class=\"product-functional-symbols__content-name\"><strong>Schutz vor milden\/warmen Au\u00dfentemperaturen: <\/strong>optimaler Feuchtigkeitstransport und K\u00fchleffekt.<\/p>\n<p>&nbsp;<\/p>\n<\/div>\n","protected":false},"excerpt":{"rendered":"<ul>\n<li>Tank-Top ideal f\u00fcr warme Temperaturen.<\/li>\n<li>Enge Passform.<\/li>\n<\/ul>\n","protected":false},"featured_media":150384,"template":"","meta":{"_acf_changed":false,"inline_featured_image":false},"product_brand":[],"product_cat":[6400,6401,6485],"product_tag":[6245,6246],"class_list":{"0":"post-176228","1":"product","2":"type-product","3":"status-publish","4":"has-post-thumbnail","6":"product_cat-damen","7":"product_cat-damenbekleidung","8":"product_cat-damenwaesche-de","9":"product_tag-falke-de","10":"product_tag-falke-damen-de","11":"pa_attivita-fitness-de","12":"pa_attivita-gehen","13":"pa_attivita-running-de","14":"pa_colore-camise-cool-w-rose-de","15":"pa_colore-camise-cool-w-white-de","16":"pa_marca-craft-de","17":"pa_sesso-damen","18":"pa_size-extra-small-de","19":"pa_size-small-de","20":"pa_size-medium-de","21":"pa_size-large-de","23":"first","24":"instock","25":"sale","26":"taxable","27":"shipping-taxable","28":"purchasable","29":"product-type-variable","30":"wvs-archive-product-wrapper"},"acf":[],"yoast_head":"<!-- This site is optimized with the Yoast SEO plugin v26.8 - https:\/\/yoast.com\/product\/yoast-seo-wordpress\/ -->\n<title>FalkeCamisole Ultralight Cool damen - Sportunterw\u00e4sche- MioMioRun<\/title>\n<meta name=\"description\" content=\"Das Ultralight Cool Unterhemd f\u00fcr Frauen ist eine Funktionsunterw\u00e4sche, die Ihnen bei den h\u00e4rtesten Trainingseinheiten Energie spart. Es trocknet schnell.\" \/>\n<meta name=\"robots\" content=\"index, follow, max-snippet:-1, max-image-preview:large, max-video-preview:-1\" \/>\n<link rel=\"canonical\" href=\"https:\/\/www.miomiorun.com\/de\/produkt\/camisole-ultralight-cool-damen\/\" \/>\n<meta property=\"og:locale\" content=\"de_DE\" \/>\n<meta property=\"og:type\" content=\"article\" \/>\n<meta property=\"og:title\" content=\"FalkeCamisole Ultralight Cool damen - Sportunterw\u00e4sche- MioMioRun\" \/>\n<meta property=\"og:description\" content=\"Das Ultralight Cool Unterhemd f\u00fcr Frauen ist eine Funktionsunterw\u00e4sche, die Ihnen bei den h\u00e4rtesten Trainingseinheiten Energie spart. Es trocknet schnell.\" \/>\n<meta property=\"og:url\" content=\"https:\/\/www.miomiorun.com\/de\/produkt\/camisole-ultralight-cool-damen\/\" \/>\n<meta property=\"og:site_name\" content=\"MioMioRun\" \/>\n<meta property=\"article:publisher\" content=\"https:\/\/www.facebook.com\/miomiorun\/\" \/>\n<meta property=\"article:modified_time\" content=\"2024-07-26T17:19:08+00:00\" \/>\n<meta property=\"og:image\" content=\"https:\/\/www.miomiorun.com\/app\/uploads\/2023\/12\/falke-camise-cool-W-white-33272-2860.jpg\" \/>\n\t<meta property=\"og:image:width\" content=\"600\" \/>\n\t<meta property=\"og:image:height\" content=\"600\" \/>\n\t<meta property=\"og:image:type\" content=\"image\/jpeg\" \/>\n<meta name=\"twitter:card\" content=\"summary_large_image\" \/>\n<meta name=\"twitter:label1\" content=\"Est. reading time\" \/>\n\t<meta name=\"twitter:data1\" content=\"1 minute\" \/>\n<script type=\"application\/ld+json\" class=\"yoast-schema-graph\">{\"@context\":\"https:\/\/schema.org\",\"@graph\":[{\"@type\":\"WebPage\",\"@id\":\"https:\/\/www.miomiorun.com\/de\/produkt\/camisole-ultralight-cool-damen\/\",\"url\":\"https:\/\/www.miomiorun.com\/de\/produkt\/camisole-ultralight-cool-damen\/\",\"name\":\"FalkeCamisole Ultralight Cool damen - Sportunterw\u00e4sche- MioMioRun\",\"isPartOf\":{\"@id\":\"https:\/\/www.miomiorun.com\/de\/#website\"},\"primaryImageOfPage\":{\"@id\":\"https:\/\/www.miomiorun.com\/de\/produkt\/camisole-ultralight-cool-damen\/#primaryimage\"},\"image\":{\"@id\":\"https:\/\/www.miomiorun.com\/de\/produkt\/camisole-ultralight-cool-damen\/#primaryimage\"},\"thumbnailUrl\":\"https:\/\/www.miomiorun.com\/app\/uploads\/2023\/12\/falke-camise-cool-W-white-33272-2860.jpg\",\"datePublished\":\"2023-11-16T13:07:46+00:00\",\"dateModified\":\"2024-07-26T17:19:08+00:00\",\"description\":\"Das Ultralight Cool Unterhemd f\u00fcr Frauen ist eine Funktionsunterw\u00e4sche, die Ihnen bei den h\u00e4rtesten Trainingseinheiten Energie spart. Es trocknet schnell.\",\"breadcrumb\":{\"@id\":\"https:\/\/www.miomiorun.com\/de\/produkt\/camisole-ultralight-cool-damen\/#breadcrumb\"},\"inLanguage\":\"de-DE\",\"potentialAction\":[{\"@type\":\"ReadAction\",\"target\":[\"https:\/\/www.miomiorun.com\/de\/produkt\/camisole-ultralight-cool-damen\/\"]}]},{\"@type\":\"ImageObject\",\"inLanguage\":\"de-DE\",\"@id\":\"https:\/\/www.miomiorun.com\/de\/produkt\/camisole-ultralight-cool-damen\/#primaryimage\",\"url\":\"https:\/\/www.miomiorun.com\/app\/uploads\/2023\/12\/falke-camise-cool-W-white-33272-2860.jpg\",\"contentUrl\":\"https:\/\/www.miomiorun.com\/app\/uploads\/2023\/12\/falke-camise-cool-W-white-33272-2860.jpg\",\"width\":600,\"height\":600,\"caption\":\"falke-camise-cool-W-white-33272-2860\"},{\"@type\":\"BreadcrumbList\",\"@id\":\"https:\/\/www.miomiorun.com\/de\/produkt\/camisole-ultralight-cool-damen\/#breadcrumb\",\"itemListElement\":[{\"@type\":\"ListItem\",\"position\":1,\"name\":\"Home\",\"item\":\"https:\/\/www.miomiorun.com\/de\/\"},{\"@type\":\"ListItem\",\"position\":2,\"name\":\"Shop\",\"item\":\"https:\/\/www.miomiorun.com\/shop\/\"},{\"@type\":\"ListItem\",\"position\":3,\"name\":\"Camisole Ultralight Cool damen\"}]},{\"@type\":\"WebSite\",\"@id\":\"https:\/\/www.miomiorun.com\/de\/#website\",\"url\":\"https:\/\/www.miomiorun.com\/de\/\",\"name\":\"MioMioRun\",\"description\":\"100% Lauf- und Trailshop\",\"publisher\":{\"@id\":\"https:\/\/www.miomiorun.com\/de\/#organization\"},\"potentialAction\":[{\"@type\":\"SearchAction\",\"target\":{\"@type\":\"EntryPoint\",\"urlTemplate\":\"https:\/\/www.miomiorun.com\/de\/?s={search_term_string}\"},\"query-input\":{\"@type\":\"PropertyValueSpecification\",\"valueRequired\":true,\"valueName\":\"search_term_string\"}}],\"inLanguage\":\"de-DE\"},{\"@type\":\"Organization\",\"@id\":\"https:\/\/www.miomiorun.com\/de\/#organization\",\"name\":\"MioMio Run\",\"url\":\"https:\/\/www.miomiorun.com\/de\/\",\"logo\":{\"@type\":\"ImageObject\",\"inLanguage\":\"de-DE\",\"@id\":\"https:\/\/www.miomiorun.com\/de\/#\/schema\/logo\/image\/\",\"url\":\"https:\/\/www.miomiorun.com\/app\/uploads\/2019\/12\/logomio.png\",\"contentUrl\":\"https:\/\/www.miomiorun.com\/app\/uploads\/2019\/12\/logomio.png\",\"width\":115,\"height\":82,\"caption\":\"MioMio Run\"},\"image\":{\"@id\":\"https:\/\/www.miomiorun.com\/de\/#\/schema\/logo\/image\/\"},\"sameAs\":[\"https:\/\/www.facebook.com\/miomiorun\/\",\"https:\/\/www.instagram.com\/miomiorun\/\"]}]}<\/script>\n<!-- \/ Yoast SEO plugin. -->","yoast_head_json":{"title":"FalkeCamisole Ultralight Cool damen - Sportunterw\u00e4sche- MioMioRun","description":"Das Ultralight Cool Unterhemd f\u00fcr Frauen ist eine Funktionsunterw\u00e4sche, die Ihnen bei den h\u00e4rtesten Trainingseinheiten Energie spart. Es trocknet schnell.","robots":{"index":"index","follow":"follow","max-snippet":"max-snippet:-1","max-image-preview":"max-image-preview:large","max-video-preview":"max-video-preview:-1"},"canonical":"https:\/\/www.miomiorun.com\/de\/produkt\/camisole-ultralight-cool-damen\/","og_locale":"de_DE","og_type":"article","og_title":"FalkeCamisole Ultralight Cool damen - Sportunterw\u00e4sche- MioMioRun","og_description":"Das Ultralight Cool Unterhemd f\u00fcr Frauen ist eine Funktionsunterw\u00e4sche, die Ihnen bei den h\u00e4rtesten Trainingseinheiten Energie spart. Es trocknet schnell.","og_url":"https:\/\/www.miomiorun.com\/de\/produkt\/camisole-ultralight-cool-damen\/","og_site_name":"MioMioRun","article_publisher":"https:\/\/www.facebook.com\/miomiorun\/","article_modified_time":"2024-07-26T17:19:08+00:00","og_image":[{"width":600,"height":600,"url":"https:\/\/www.miomiorun.com\/app\/uploads\/2023\/12\/falke-camise-cool-W-white-33272-2860.jpg","type":"image\/jpeg"}],"twitter_card":"summary_large_image","twitter_misc":{"Est. reading time":"1 minute"},"schema":{"@context":"https:\/\/schema.org","@graph":[{"@type":"WebPage","@id":"https:\/\/www.miomiorun.com\/de\/produkt\/camisole-ultralight-cool-damen\/","url":"https:\/\/www.miomiorun.com\/de\/produkt\/camisole-ultralight-cool-damen\/","name":"FalkeCamisole Ultralight Cool damen - Sportunterw\u00e4sche- MioMioRun","isPartOf":{"@id":"https:\/\/www.miomiorun.com\/de\/#website"},"primaryImageOfPage":{"@id":"https:\/\/www.miomiorun.com\/de\/produkt\/camisole-ultralight-cool-damen\/#primaryimage"},"image":{"@id":"https:\/\/www.miomiorun.com\/de\/produkt\/camisole-ultralight-cool-damen\/#primaryimage"},"thumbnailUrl":"https:\/\/www.miomiorun.com\/app\/uploads\/2023\/12\/falke-camise-cool-W-white-33272-2860.jpg","datePublished":"2023-11-16T13:07:46+00:00","dateModified":"2024-07-26T17:19:08+00:00","description":"Das Ultralight Cool Unterhemd f\u00fcr Frauen ist eine Funktionsunterw\u00e4sche, die Ihnen bei den h\u00e4rtesten Trainingseinheiten Energie spart. Es trocknet schnell.","breadcrumb":{"@id":"https:\/\/www.miomiorun.com\/de\/produkt\/camisole-ultralight-cool-damen\/#breadcrumb"},"inLanguage":"de-DE","potentialAction":[{"@type":"ReadAction","target":["https:\/\/www.miomiorun.com\/de\/produkt\/camisole-ultralight-cool-damen\/"]}]},{"@type":"ImageObject","inLanguage":"de-DE","@id":"https:\/\/www.miomiorun.com\/de\/produkt\/camisole-ultralight-cool-damen\/#primaryimage","url":"https:\/\/www.miomiorun.com\/app\/uploads\/2023\/12\/falke-camise-cool-W-white-33272-2860.jpg","contentUrl":"https:\/\/www.miomiorun.com\/app\/uploads\/2023\/12\/falke-camise-cool-W-white-33272-2860.jpg","width":600,"height":600,"caption":"falke-camise-cool-W-white-33272-2860"},{"@type":"BreadcrumbList","@id":"https:\/\/www.miomiorun.com\/de\/produkt\/camisole-ultralight-cool-damen\/#breadcrumb","itemListElement":[{"@type":"ListItem","position":1,"name":"Home","item":"https:\/\/www.miomiorun.com\/de\/"},{"@type":"ListItem","position":2,"name":"Shop","item":"https:\/\/www.miomiorun.com\/shop\/"},{"@type":"ListItem","position":3,"name":"Camisole Ultralight Cool damen"}]},{"@type":"WebSite","@id":"https:\/\/www.miomiorun.com\/de\/#website","url":"https:\/\/www.miomiorun.com\/de\/","name":"MioMioRun","description":"100% Lauf- und Trailshop","publisher":{"@id":"https:\/\/www.miomiorun.com\/de\/#organization"},"potentialAction":[{"@type":"SearchAction","target":{"@type":"EntryPoint","urlTemplate":"https:\/\/www.miomiorun.com\/de\/?s={search_term_string}"},"query-input":{"@type":"PropertyValueSpecification","valueRequired":true,"valueName":"search_term_string"}}],"inLanguage":"de-DE"},{"@type":"Organization","@id":"https:\/\/www.miomiorun.com\/de\/#organization","name":"MioMio Run","url":"https:\/\/www.miomiorun.com\/de\/","logo":{"@type":"ImageObject","inLanguage":"de-DE","@id":"https:\/\/www.miomiorun.com\/de\/#\/schema\/logo\/image\/","url":"https:\/\/www.miomiorun.com\/app\/uploads\/2019\/12\/logomio.png","contentUrl":"https:\/\/www.miomiorun.com\/app\/uploads\/2019\/12\/logomio.png","width":115,"height":82,"caption":"MioMio Run"},"image":{"@id":"https:\/\/www.miomiorun.com\/de\/#\/schema\/logo\/image\/"},"sameAs":["https:\/\/www.facebook.com\/miomiorun\/","https:\/\/www.instagram.com\/miomiorun\/"]}]}},"_links":{"self":[{"href":"https:\/\/www.miomiorun.com\/de\/wp-json\/wp\/v2\/product\/176228","targetHints":{"allow":["GET"]}}],"collection":[{"href":"https:\/\/www.miomiorun.com\/de\/wp-json\/wp\/v2\/product"}],"about":[{"href":"https:\/\/www.miomiorun.com\/de\/wp-json\/wp\/v2\/types\/product"}],"wp:featuredmedia":[{"embeddable":true,"href":"https:\/\/www.miomiorun.com\/de\/wp-json\/wp\/v2\/media\/150384"}],"wp:attachment":[{"href":"https:\/\/www.miomiorun.com\/de\/wp-json\/wp\/v2\/media?parent=176228"}],"wp:term":[{"taxonomy":"product_brand","embeddable":true,"href":"https:\/\/www.miomiorun.com\/de\/wp-json\/wp\/v2\/product_brand?post=176228"},{"taxonomy":"product_cat","embeddable":true,"href":"https:\/\/www.miomiorun.com\/de\/wp-json\/wp\/v2\/product_cat?post=176228"},{"taxonomy":"product_tag","embeddable":true,"href":"https:\/\/www.miomiorun.com\/de\/wp-json\/wp\/v2\/product_tag?post=176228"}],"curies":[{"name":"wp","href":"https:\/\/api.w.org\/{rel}","templated":true}]}}