{"id":176226,"date":"2024-03-19T14:03:40","date_gmt":"2024-03-19T13:03:40","guid":{"rendered":"https:\/\/miomiorun.com\/prodotto\/scoopback-2-0-bra-donna\/"},"modified":"2026-05-08T21:57:02","modified_gmt":"2026-05-08T19:57:02","slug":"scoopback-2-0-bra-damen","status":"publish","type":"product","link":"https:\/\/www.miomiorun.com\/de\/produkt\/scoopback-2-0-bra-damen\/","title":{"rendered":"Scoopback 2.0 Bra damen"},"content":{"rendered":"<h2>Sie suchen einen vielseitigen Sport-BH, der gleichzeitig guten Halt beim Laufen bietet?<\/h2>\n<h3>Dann sind Sie hier genau richtig.<\/h3>\n<p>Der Women&#8217;s <strong>Scoopback 2.0 <\/strong>Bra verf\u00fcgt \u00fcber weiche, integrierte Cups, die die Bewegungen reduzieren und so f\u00fcr ein angenehmes Tragegef\u00fchl sorgen. Der offene, tiefe R\u00fcckenausschnitt, die verstellbaren Tr\u00e4ger und der R\u00fcckenverschluss erm\u00f6glichen eine individuelle Anpassung der Passform.<\/p>\n<h3>Ideal f\u00fcr:<\/h3>\n<div class=\"m-long-description__best-for-icon\" aria-hidden=\"true\"><img loading=\"lazy\" decoding=\"async\" class=\"a-responsive-image__img\" src=\"https:\/\/www.brooksrunning.com\/on\/demandware.static\/-\/Sites-brooks-master-catalog\/default\/dw3b544e99\/specs\/PDP-BestFor-BRA-Run-Ready-Molded-Support.svg\" alt=\"\" width=\"50\" height=\"50\" \/> Stillende M\u00fctter<\/div>\n<div aria-hidden=\"true\"><\/div>\n<div aria-hidden=\"true\">\n<div class=\"m-long-description__best-for-icon\" aria-hidden=\"true\"><img loading=\"lazy\" decoding=\"async\" class=\"a-responsive-image__img\" src=\"https:\/\/www.brooksrunning.com\/on\/demandware.static\/-\/Sites-brooks-master-catalog\/default\/dw5b5ea622\/specs\/PDP-BestFor-BRA-Adjustable.svg\" alt=\"\" width=\"49\" height=\"49\" \/> Den ganzen Tag \u00fcber<\/div>\n<\/div>\n<div aria-hidden=\"true\"><\/div>\n<div aria-hidden=\"true\">\n<div class=\"m-long-description__best-for-icon\" aria-hidden=\"true\"><img loading=\"lazy\" decoding=\"async\" class=\"a-responsive-image__img\" src=\"https:\/\/www.brooksrunning.com\/on\/demandware.static\/-\/Sites-brooks-master-catalog\/default\/dwa8ae3057\/specs\/PDP-BestFor-FTW-Outdoor-Training.svg\" alt=\"\" width=\"49\" height=\"58\" \/> Vielseitigkeit<\/div>\n<\/div>\n<div aria-hidden=\"true\"><\/div>\n<div aria-hidden=\"true\">\n<div class=\"m-long-description__best-for-icon\" aria-hidden=\"true\"><img loading=\"lazy\" decoding=\"async\" class=\"a-responsive-image__img\" src=\"https:\/\/www.brooksrunning.com\/on\/demandware.static\/-\/Sites-brooks-master-catalog\/default\/dw90e0d184\/specs\/PDP-BestFor-APP-BRA-New-Fit.svg\" alt=\"\" width=\"50\" height=\"50\" \/> Leicht zu tragen<\/div>\n<\/div>\n<div aria-hidden=\"true\"><\/div>\n<h3 aria-hidden=\"true\">Merkmale:<\/h3>\n<ul>\n<li class=\"m-long-description__feature\">Hohe Unterst\u00fctzung<\/li>\n<li class=\"m-long-description__feature\">\n<div class=\"m-long-description__feature--bullets\" aria-hidden=\"true\">Verbesserter Aufprallschutz<\/div>\n<\/li>\n<li class=\"m-long-description__feature\">\n<div class=\"m-long-description__feature--bullets\" aria-hidden=\"true\">Einstellbar f\u00fcr eine perfekte Passform<\/div>\n<\/li>\n<\/ul>\n<p>&nbsp;<\/p>\n","protected":false},"excerpt":{"rendered":"<ul>\n<li>Idealer Sport-BH<\/li>\n<li>Kann den ganzen Tag getragen werden<\/li>\n<\/ul>\n","protected":false},"featured_media":162260,"template":"","meta":{"_acf_changed":false,"inline_featured_image":false},"product_brand":[],"product_cat":[6400,6401,6485],"product_tag":[3362,6205],"class_list":{"0":"post-176226","1":"product","2":"type-product","3":"status-publish","4":"has-post-thumbnail","6":"product_cat-damen","7":"product_cat-damenbekleidung","8":"product_cat-damenwaesche-de","9":"product_tag-brooks-de","10":"product_tag-brooks-damen-de","11":"pa_attivita-fitness-de","12":"pa_attivita-gehen","13":"pa_attivita-running-de","14":"pa_colore-scoopback-2-0-sport-bra-black-de","15":"pa_marca-brooks-de","16":"pa_sesso-damen","17":"pa_size-32c-de","18":"pa_size-34c-de","20":"first","21":"instock","22":"sale","23":"taxable","24":"shipping-taxable","25":"purchasable","26":"product-type-variable","27":"wvs-archive-product-wrapper"},"acf":[],"yoast_head":"<!-- This site is optimized with the Yoast SEO plugin v26.8 - https:\/\/yoast.com\/product\/yoast-seo-wordpress\/ -->\n<title>Brooks Scoopback 2.0 Bra damen - Lauf-BH - MioMioRun<\/title>\n<meta name=\"description\" content=\"Der Women&#039;s Scoopback 2.0 Bra verf\u00fcgt \u00fcber weiche, integrierte Cups, die die Bewegungen reduzieren und so f\u00fcr ein angenehmes Tragegef\u00fchl sorgen.\" \/>\n<meta name=\"robots\" content=\"index, follow, max-snippet:-1, max-image-preview:large, max-video-preview:-1\" \/>\n<link rel=\"canonical\" href=\"https:\/\/www.miomiorun.com\/de\/produkt\/scoopback-2-0-bra-damen\/\" \/>\n<meta property=\"og:locale\" content=\"de_DE\" \/>\n<meta property=\"og:type\" content=\"article\" \/>\n<meta property=\"og:title\" content=\"Brooks Scoopback 2.0 Bra damen - Lauf-BH - MioMioRun\" \/>\n<meta property=\"og:description\" content=\"Der Women&#039;s Scoopback 2.0 Bra verf\u00fcgt \u00fcber weiche, integrierte Cups, die die Bewegungen reduzieren und so f\u00fcr ein angenehmes Tragegef\u00fchl sorgen.\" \/>\n<meta property=\"og:url\" content=\"https:\/\/www.miomiorun.com\/de\/produkt\/scoopback-2-0-bra-damen\/\" \/>\n<meta property=\"og:site_name\" content=\"MioMioRun\" \/>\n<meta property=\"article:publisher\" content=\"https:\/\/www.facebook.com\/miomiorun\/\" \/>\n<meta property=\"article:modified_time\" content=\"2026-05-08T19:57:02+00:00\" \/>\n<meta property=\"og:image\" content=\"https:\/\/www.miomiorun.com\/app\/uploads\/2024\/03\/Brooks-scoopback-2.0-sport-bra-black-350086001.jpg\" \/>\n\t<meta property=\"og:image:width\" content=\"600\" \/>\n\t<meta property=\"og:image:height\" content=\"600\" \/>\n\t<meta property=\"og:image:type\" content=\"image\/jpeg\" \/>\n<meta name=\"twitter:card\" content=\"summary_large_image\" \/>\n<script type=\"application\/ld+json\" class=\"yoast-schema-graph\">{\"@context\":\"https:\/\/schema.org\",\"@graph\":[{\"@type\":\"WebPage\",\"@id\":\"https:\/\/www.miomiorun.com\/de\/produkt\/scoopback-2-0-bra-damen\/\",\"url\":\"https:\/\/www.miomiorun.com\/de\/produkt\/scoopback-2-0-bra-damen\/\",\"name\":\"Brooks Scoopback 2.0 Bra damen - Lauf-BH - MioMioRun\",\"isPartOf\":{\"@id\":\"https:\/\/www.miomiorun.com\/de\/#website\"},\"primaryImageOfPage\":{\"@id\":\"https:\/\/www.miomiorun.com\/de\/produkt\/scoopback-2-0-bra-damen\/#primaryimage\"},\"image\":{\"@id\":\"https:\/\/www.miomiorun.com\/de\/produkt\/scoopback-2-0-bra-damen\/#primaryimage\"},\"thumbnailUrl\":\"https:\/\/www.miomiorun.com\/app\/uploads\/2024\/03\/Brooks-scoopback-2.0-sport-bra-black-350086001.jpg\",\"datePublished\":\"2024-03-19T13:03:40+00:00\",\"dateModified\":\"2026-05-08T19:57:02+00:00\",\"description\":\"Der Women's Scoopback 2.0 Bra verf\u00fcgt \u00fcber weiche, integrierte Cups, die die Bewegungen reduzieren und so f\u00fcr ein angenehmes Tragegef\u00fchl sorgen.\",\"breadcrumb\":{\"@id\":\"https:\/\/www.miomiorun.com\/de\/produkt\/scoopback-2-0-bra-damen\/#breadcrumb\"},\"inLanguage\":\"de-DE\",\"potentialAction\":[{\"@type\":\"ReadAction\",\"target\":[\"https:\/\/www.miomiorun.com\/de\/produkt\/scoopback-2-0-bra-damen\/\"]}]},{\"@type\":\"ImageObject\",\"inLanguage\":\"de-DE\",\"@id\":\"https:\/\/www.miomiorun.com\/de\/produkt\/scoopback-2-0-bra-damen\/#primaryimage\",\"url\":\"https:\/\/www.miomiorun.com\/app\/uploads\/2024\/03\/Brooks-scoopback-2.0-sport-bra-black-350086001.jpg\",\"contentUrl\":\"https:\/\/www.miomiorun.com\/app\/uploads\/2024\/03\/Brooks-scoopback-2.0-sport-bra-black-350086001.jpg\",\"width\":600,\"height\":600,\"caption\":\"Brooks-scoopback-2.0-sport-bra-black-350086001\"},{\"@type\":\"BreadcrumbList\",\"@id\":\"https:\/\/www.miomiorun.com\/de\/produkt\/scoopback-2-0-bra-damen\/#breadcrumb\",\"itemListElement\":[{\"@type\":\"ListItem\",\"position\":1,\"name\":\"Home\",\"item\":\"https:\/\/www.miomiorun.com\/de\/\"},{\"@type\":\"ListItem\",\"position\":2,\"name\":\"Shop\",\"item\":\"https:\/\/www.miomiorun.com\/shop\/\"},{\"@type\":\"ListItem\",\"position\":3,\"name\":\"Scoopback 2.0 Bra damen\"}]},{\"@type\":\"WebSite\",\"@id\":\"https:\/\/www.miomiorun.com\/de\/#website\",\"url\":\"https:\/\/www.miomiorun.com\/de\/\",\"name\":\"MioMioRun\",\"description\":\"100% Lauf- und Trailshop\",\"publisher\":{\"@id\":\"https:\/\/www.miomiorun.com\/de\/#organization\"},\"potentialAction\":[{\"@type\":\"SearchAction\",\"target\":{\"@type\":\"EntryPoint\",\"urlTemplate\":\"https:\/\/www.miomiorun.com\/de\/?s={search_term_string}\"},\"query-input\":{\"@type\":\"PropertyValueSpecification\",\"valueRequired\":true,\"valueName\":\"search_term_string\"}}],\"inLanguage\":\"de-DE\"},{\"@type\":\"Organization\",\"@id\":\"https:\/\/www.miomiorun.com\/de\/#organization\",\"name\":\"MioMio Run\",\"url\":\"https:\/\/www.miomiorun.com\/de\/\",\"logo\":{\"@type\":\"ImageObject\",\"inLanguage\":\"de-DE\",\"@id\":\"https:\/\/www.miomiorun.com\/de\/#\/schema\/logo\/image\/\",\"url\":\"https:\/\/www.miomiorun.com\/app\/uploads\/2019\/12\/logomio.png\",\"contentUrl\":\"https:\/\/www.miomiorun.com\/app\/uploads\/2019\/12\/logomio.png\",\"width\":115,\"height\":82,\"caption\":\"MioMio Run\"},\"image\":{\"@id\":\"https:\/\/www.miomiorun.com\/de\/#\/schema\/logo\/image\/\"},\"sameAs\":[\"https:\/\/www.facebook.com\/miomiorun\/\",\"https:\/\/www.instagram.com\/miomiorun\/\"]}]}<\/script>\n<!-- \/ Yoast SEO plugin. -->","yoast_head_json":{"title":"Brooks Scoopback 2.0 Bra damen - Lauf-BH - MioMioRun","description":"Der Women's Scoopback 2.0 Bra verf\u00fcgt \u00fcber weiche, integrierte Cups, die die Bewegungen reduzieren und so f\u00fcr ein angenehmes Tragegef\u00fchl sorgen.","robots":{"index":"index","follow":"follow","max-snippet":"max-snippet:-1","max-image-preview":"max-image-preview:large","max-video-preview":"max-video-preview:-1"},"canonical":"https:\/\/www.miomiorun.com\/de\/produkt\/scoopback-2-0-bra-damen\/","og_locale":"de_DE","og_type":"article","og_title":"Brooks Scoopback 2.0 Bra damen - Lauf-BH - MioMioRun","og_description":"Der Women's Scoopback 2.0 Bra verf\u00fcgt \u00fcber weiche, integrierte Cups, die die Bewegungen reduzieren und so f\u00fcr ein angenehmes Tragegef\u00fchl sorgen.","og_url":"https:\/\/www.miomiorun.com\/de\/produkt\/scoopback-2-0-bra-damen\/","og_site_name":"MioMioRun","article_publisher":"https:\/\/www.facebook.com\/miomiorun\/","article_modified_time":"2026-05-08T19:57:02+00:00","og_image":[{"width":600,"height":600,"url":"https:\/\/www.miomiorun.com\/app\/uploads\/2024\/03\/Brooks-scoopback-2.0-sport-bra-black-350086001.jpg","type":"image\/jpeg"}],"twitter_card":"summary_large_image","schema":{"@context":"https:\/\/schema.org","@graph":[{"@type":"WebPage","@id":"https:\/\/www.miomiorun.com\/de\/produkt\/scoopback-2-0-bra-damen\/","url":"https:\/\/www.miomiorun.com\/de\/produkt\/scoopback-2-0-bra-damen\/","name":"Brooks Scoopback 2.0 Bra damen - Lauf-BH - MioMioRun","isPartOf":{"@id":"https:\/\/www.miomiorun.com\/de\/#website"},"primaryImageOfPage":{"@id":"https:\/\/www.miomiorun.com\/de\/produkt\/scoopback-2-0-bra-damen\/#primaryimage"},"image":{"@id":"https:\/\/www.miomiorun.com\/de\/produkt\/scoopback-2-0-bra-damen\/#primaryimage"},"thumbnailUrl":"https:\/\/www.miomiorun.com\/app\/uploads\/2024\/03\/Brooks-scoopback-2.0-sport-bra-black-350086001.jpg","datePublished":"2024-03-19T13:03:40+00:00","dateModified":"2026-05-08T19:57:02+00:00","description":"Der Women's Scoopback 2.0 Bra verf\u00fcgt \u00fcber weiche, integrierte Cups, die die Bewegungen reduzieren und so f\u00fcr ein angenehmes Tragegef\u00fchl sorgen.","breadcrumb":{"@id":"https:\/\/www.miomiorun.com\/de\/produkt\/scoopback-2-0-bra-damen\/#breadcrumb"},"inLanguage":"de-DE","potentialAction":[{"@type":"ReadAction","target":["https:\/\/www.miomiorun.com\/de\/produkt\/scoopback-2-0-bra-damen\/"]}]},{"@type":"ImageObject","inLanguage":"de-DE","@id":"https:\/\/www.miomiorun.com\/de\/produkt\/scoopback-2-0-bra-damen\/#primaryimage","url":"https:\/\/www.miomiorun.com\/app\/uploads\/2024\/03\/Brooks-scoopback-2.0-sport-bra-black-350086001.jpg","contentUrl":"https:\/\/www.miomiorun.com\/app\/uploads\/2024\/03\/Brooks-scoopback-2.0-sport-bra-black-350086001.jpg","width":600,"height":600,"caption":"Brooks-scoopback-2.0-sport-bra-black-350086001"},{"@type":"BreadcrumbList","@id":"https:\/\/www.miomiorun.com\/de\/produkt\/scoopback-2-0-bra-damen\/#breadcrumb","itemListElement":[{"@type":"ListItem","position":1,"name":"Home","item":"https:\/\/www.miomiorun.com\/de\/"},{"@type":"ListItem","position":2,"name":"Shop","item":"https:\/\/www.miomiorun.com\/shop\/"},{"@type":"ListItem","position":3,"name":"Scoopback 2.0 Bra damen"}]},{"@type":"WebSite","@id":"https:\/\/www.miomiorun.com\/de\/#website","url":"https:\/\/www.miomiorun.com\/de\/","name":"MioMioRun","description":"100% Lauf- und Trailshop","publisher":{"@id":"https:\/\/www.miomiorun.com\/de\/#organization"},"potentialAction":[{"@type":"SearchAction","target":{"@type":"EntryPoint","urlTemplate":"https:\/\/www.miomiorun.com\/de\/?s={search_term_string}"},"query-input":{"@type":"PropertyValueSpecification","valueRequired":true,"valueName":"search_term_string"}}],"inLanguage":"de-DE"},{"@type":"Organization","@id":"https:\/\/www.miomiorun.com\/de\/#organization","name":"MioMio Run","url":"https:\/\/www.miomiorun.com\/de\/","logo":{"@type":"ImageObject","inLanguage":"de-DE","@id":"https:\/\/www.miomiorun.com\/de\/#\/schema\/logo\/image\/","url":"https:\/\/www.miomiorun.com\/app\/uploads\/2019\/12\/logomio.png","contentUrl":"https:\/\/www.miomiorun.com\/app\/uploads\/2019\/12\/logomio.png","width":115,"height":82,"caption":"MioMio Run"},"image":{"@id":"https:\/\/www.miomiorun.com\/de\/#\/schema\/logo\/image\/"},"sameAs":["https:\/\/www.facebook.com\/miomiorun\/","https:\/\/www.instagram.com\/miomiorun\/"]}]}},"_links":{"self":[{"href":"https:\/\/www.miomiorun.com\/de\/wp-json\/wp\/v2\/product\/176226","targetHints":{"allow":["GET"]}}],"collection":[{"href":"https:\/\/www.miomiorun.com\/de\/wp-json\/wp\/v2\/product"}],"about":[{"href":"https:\/\/www.miomiorun.com\/de\/wp-json\/wp\/v2\/types\/product"}],"wp:featuredmedia":[{"embeddable":true,"href":"https:\/\/www.miomiorun.com\/de\/wp-json\/wp\/v2\/media\/162260"}],"wp:attachment":[{"href":"https:\/\/www.miomiorun.com\/de\/wp-json\/wp\/v2\/media?parent=176226"}],"wp:term":[{"taxonomy":"product_brand","embeddable":true,"href":"https:\/\/www.miomiorun.com\/de\/wp-json\/wp\/v2\/product_brand?post=176226"},{"taxonomy":"product_cat","embeddable":true,"href":"https:\/\/www.miomiorun.com\/de\/wp-json\/wp\/v2\/product_cat?post=176226"},{"taxonomy":"product_tag","embeddable":true,"href":"https:\/\/www.miomiorun.com\/de\/wp-json\/wp\/v2\/product_tag?post=176226"}],"curies":[{"name":"wp","href":"https:\/\/api.w.org\/{rel}","templated":true}]}}