{"id":176224,"date":"2024-04-20T11:59:46","date_gmt":"2024-04-20T09:59:46","guid":{"rendered":"https:\/\/miomiorun.com\/prodotto\/racerback-2-0-sports-bra-donna\/"},"modified":"2026-05-08T22:04:57","modified_gmt":"2026-05-08T20:04:57","slug":"racerback-2-0-sport-bra-damen","status":"publish","type":"product","link":"https:\/\/www.miomiorun.com\/de\/produkt\/racerback-2-0-sport-bra-damen\/","title":{"rendered":"Racerback 2.0 Sport Bra damen"},"content":{"rendered":"<h2>Sie suchen einen vielseitigen Sport-BH, der gleichzeitig guten Halt beim Laufen bietet?<\/h2>\n<h3>Dann sind Sie hier genau richtig.<\/h3>\n<p>Dieser BH hat deinen R\u00fccken und auch deine Vorderseite. Der <strong>Racerback 2.0<\/strong> Sport-BH wurde f\u00fcr den Laufsport entwickelt und bietet hohen Halt und eleganten Stil. Die glatten, integrierten Cups reduzieren die Bewegungen, w\u00e4hrend die verstellbaren Tr\u00e4ger und der R\u00fcckenverschluss eine individuelle Passform erm\u00f6glichen.<\/p>\n<h3>Ideal f\u00fcr:<\/h3>\n<div class=\"m-long-description__best-for-icon\" aria-hidden=\"true\"><img loading=\"lazy\" decoding=\"async\" class=\"a-responsive-image__img\" src=\"https:\/\/www.brooksrunning.com\/on\/demandware.static\/-\/Sites-brooks-master-catalog\/default\/dw3b544e99\/specs\/PDP-BestFor-BRA-Run-Ready-Molded-Support.svg\" alt=\"\" width=\"50\" height=\"50\" \/> Stillende M\u00fctter<\/div>\n<div aria-hidden=\"true\"><\/div>\n<div aria-hidden=\"true\">\n<div class=\"m-long-description__best-for-icon\" aria-hidden=\"true\"><img loading=\"lazy\" decoding=\"async\" class=\"a-responsive-image__img\" src=\"https:\/\/www.brooksrunning.com\/on\/demandware.static\/-\/Sites-brooks-master-catalog\/default\/dw5b5ea622\/specs\/PDP-BestFor-BRA-Adjustable.svg\" alt=\"\" width=\"49\" height=\"49\" \/> Anpassungsf\u00e4higkeit<\/div>\n<\/div>\n<div aria-hidden=\"true\"><\/div>\n<div aria-hidden=\"true\">\n<div class=\"m-long-description__best-for-icon\" aria-hidden=\"true\"><img loading=\"lazy\" decoding=\"async\" class=\"a-responsive-image__img\" src=\"https:\/\/www.brooksrunning.com\/on\/demandware.static\/-\/Sites-brooks-master-catalog\/default\/dwa8ae3057\/specs\/PDP-BestFor-FTW-Outdoor-Training.svg\" alt=\"\" width=\"49\" height=\"58\" \/> Vielseitigkeit<\/div>\n<\/div>\n<div aria-hidden=\"true\"><\/div>\n<div aria-hidden=\"true\">\n<div class=\"m-long-description__best-for-icon\" aria-hidden=\"true\"><\/div>\n<\/div>\n<div aria-hidden=\"true\">\n<div class=\"m-long-description__best-for-icon\" aria-hidden=\"true\"><img loading=\"lazy\" decoding=\"async\" class=\"a-responsive-image__img\" src=\"https:\/\/www.brooksrunning.com\/on\/demandware.static\/-\/Sites-brooks-master-catalog\/default\/dw313003df\/specs\/PDP-BestFor-APP-BRA-Chafe-Free-Design.svg\" alt=\"\" width=\"53\" height=\"53\" \/>Gr\u00f6\u00dfere Abmessungen<\/div>\n<\/div>\n<h3 aria-hidden=\"true\">Merkmale:<\/h3>\n<ul>\n<li class=\"m-long-description__feature\" style=\"text-align: left;\">Hohe Unterst\u00fctzung<\/li>\n<li class=\"m-long-description__feature\" style=\"text-align: left;\">Wasserdichte Verstellbarkeit<\/li>\n<li class=\"m-long-description__feature\">Bequem und sicher<\/li>\n<\/ul>\n<p>&nbsp;<\/p>\n<p>&nbsp;<\/p>\n","protected":false},"excerpt":{"rendered":"<ul>\n<li>Idealer Sport-BH<\/li>\n<li>Kann den ganzen Tag getragen werden<\/li>\n<\/ul>\n","protected":false},"featured_media":168120,"template":"","meta":{"_acf_changed":false,"inline_featured_image":false},"product_brand":[],"product_cat":[6400,6401,6485],"product_tag":[3362,6205],"class_list":{"0":"post-176224","1":"product","2":"type-product","3":"status-publish","4":"has-post-thumbnail","6":"product_cat-damen","7":"product_cat-damenbekleidung","8":"product_cat-damenwaesche-de","9":"product_tag-brooks-de","10":"product_tag-brooks-damen-de","11":"pa_attivita-fitness-de","12":"pa_attivita-gehen","13":"pa_attivita-running-de","14":"pa_colore-racerback-2-0-sports-bra-black-de","15":"pa_marca-brooks-de","16":"pa_sesso-damen","17":"pa_size-44d-de","19":"first","20":"instock","21":"sale","22":"taxable","23":"shipping-taxable","24":"purchasable","25":"product-type-variable","26":"wvs-archive-product-wrapper"},"acf":[],"yoast_head":"<!-- This site is optimized with the Yoast SEO plugin v26.8 - https:\/\/yoast.com\/product\/yoast-seo-wordpress\/ -->\n<title>Brooks Racerback 2.0 Sport Bra damen - Lauf-BH- MioMioRun<\/title>\n<meta name=\"description\" content=\"Dieser BH hat auch deine Schultern und die Vorderseite. Der Racerback 2.0 Sport-BH wurde f\u00fcr den Laufsport entwickelt und bietet hohen Halt\" \/>\n<meta name=\"robots\" content=\"index, follow, max-snippet:-1, max-image-preview:large, max-video-preview:-1\" \/>\n<link rel=\"canonical\" href=\"https:\/\/www.miomiorun.com\/de\/produkt\/racerback-2-0-sport-bra-damen\/\" \/>\n<meta property=\"og:locale\" content=\"de_DE\" \/>\n<meta property=\"og:type\" content=\"article\" \/>\n<meta property=\"og:title\" content=\"Brooks Racerback 2.0 Sport Bra damen - Lauf-BH- MioMioRun\" \/>\n<meta property=\"og:description\" content=\"Dieser BH hat auch deine Schultern und die Vorderseite. Der Racerback 2.0 Sport-BH wurde f\u00fcr den Laufsport entwickelt und bietet hohen Halt\" \/>\n<meta property=\"og:url\" content=\"https:\/\/www.miomiorun.com\/de\/produkt\/racerback-2-0-sport-bra-damen\/\" \/>\n<meta property=\"og:site_name\" content=\"MioMioRun\" \/>\n<meta property=\"article:publisher\" content=\"https:\/\/www.facebook.com\/miomiorun\/\" \/>\n<meta property=\"article:modified_time\" content=\"2026-05-08T20:04:57+00:00\" \/>\n<meta property=\"og:image\" content=\"https:\/\/www.miomiorun.com\/app\/uploads\/2024\/05\/brooks-racerback-2-sports-bra-black-350085001.webp\" \/>\n\t<meta property=\"og:image:width\" content=\"600\" \/>\n\t<meta property=\"og:image:height\" content=\"600\" \/>\n\t<meta property=\"og:image:type\" content=\"image\/webp\" \/>\n<meta name=\"twitter:card\" content=\"summary_large_image\" \/>\n<script type=\"application\/ld+json\" class=\"yoast-schema-graph\">{\"@context\":\"https:\/\/schema.org\",\"@graph\":[{\"@type\":\"WebPage\",\"@id\":\"https:\/\/www.miomiorun.com\/de\/produkt\/racerback-2-0-sport-bra-damen\/\",\"url\":\"https:\/\/www.miomiorun.com\/de\/produkt\/racerback-2-0-sport-bra-damen\/\",\"name\":\"Brooks Racerback 2.0 Sport Bra damen - Lauf-BH- MioMioRun\",\"isPartOf\":{\"@id\":\"https:\/\/www.miomiorun.com\/de\/#website\"},\"primaryImageOfPage\":{\"@id\":\"https:\/\/www.miomiorun.com\/de\/produkt\/racerback-2-0-sport-bra-damen\/#primaryimage\"},\"image\":{\"@id\":\"https:\/\/www.miomiorun.com\/de\/produkt\/racerback-2-0-sport-bra-damen\/#primaryimage\"},\"thumbnailUrl\":\"https:\/\/www.miomiorun.com\/app\/uploads\/2024\/05\/brooks-racerback-2-sports-bra-black-350085001.webp\",\"datePublished\":\"2024-04-20T09:59:46+00:00\",\"dateModified\":\"2026-05-08T20:04:57+00:00\",\"description\":\"Dieser BH hat auch deine Schultern und die Vorderseite. Der Racerback 2.0 Sport-BH wurde f\u00fcr den Laufsport entwickelt und bietet hohen Halt\",\"breadcrumb\":{\"@id\":\"https:\/\/www.miomiorun.com\/de\/produkt\/racerback-2-0-sport-bra-damen\/#breadcrumb\"},\"inLanguage\":\"de-DE\",\"potentialAction\":[{\"@type\":\"ReadAction\",\"target\":[\"https:\/\/www.miomiorun.com\/de\/produkt\/racerback-2-0-sport-bra-damen\/\"]}]},{\"@type\":\"ImageObject\",\"inLanguage\":\"de-DE\",\"@id\":\"https:\/\/www.miomiorun.com\/de\/produkt\/racerback-2-0-sport-bra-damen\/#primaryimage\",\"url\":\"https:\/\/www.miomiorun.com\/app\/uploads\/2024\/05\/brooks-racerback-2-sports-bra-black-350085001.webp\",\"contentUrl\":\"https:\/\/www.miomiorun.com\/app\/uploads\/2024\/05\/brooks-racerback-2-sports-bra-black-350085001.webp\",\"width\":600,\"height\":600,\"caption\":\"brooks racerback 2 sports bra black 350085001\"},{\"@type\":\"BreadcrumbList\",\"@id\":\"https:\/\/www.miomiorun.com\/de\/produkt\/racerback-2-0-sport-bra-damen\/#breadcrumb\",\"itemListElement\":[{\"@type\":\"ListItem\",\"position\":1,\"name\":\"Home\",\"item\":\"https:\/\/www.miomiorun.com\/de\/\"},{\"@type\":\"ListItem\",\"position\":2,\"name\":\"Shop\",\"item\":\"https:\/\/www.miomiorun.com\/shop\/\"},{\"@type\":\"ListItem\",\"position\":3,\"name\":\"Racerback 2.0 Sport Bra damen\"}]},{\"@type\":\"WebSite\",\"@id\":\"https:\/\/www.miomiorun.com\/de\/#website\",\"url\":\"https:\/\/www.miomiorun.com\/de\/\",\"name\":\"MioMioRun\",\"description\":\"100% Lauf- und Trailshop\",\"publisher\":{\"@id\":\"https:\/\/www.miomiorun.com\/de\/#organization\"},\"potentialAction\":[{\"@type\":\"SearchAction\",\"target\":{\"@type\":\"EntryPoint\",\"urlTemplate\":\"https:\/\/www.miomiorun.com\/de\/?s={search_term_string}\"},\"query-input\":{\"@type\":\"PropertyValueSpecification\",\"valueRequired\":true,\"valueName\":\"search_term_string\"}}],\"inLanguage\":\"de-DE\"},{\"@type\":\"Organization\",\"@id\":\"https:\/\/www.miomiorun.com\/de\/#organization\",\"name\":\"MioMio Run\",\"url\":\"https:\/\/www.miomiorun.com\/de\/\",\"logo\":{\"@type\":\"ImageObject\",\"inLanguage\":\"de-DE\",\"@id\":\"https:\/\/www.miomiorun.com\/de\/#\/schema\/logo\/image\/\",\"url\":\"https:\/\/www.miomiorun.com\/app\/uploads\/2019\/12\/logomio.png\",\"contentUrl\":\"https:\/\/www.miomiorun.com\/app\/uploads\/2019\/12\/logomio.png\",\"width\":115,\"height\":82,\"caption\":\"MioMio Run\"},\"image\":{\"@id\":\"https:\/\/www.miomiorun.com\/de\/#\/schema\/logo\/image\/\"},\"sameAs\":[\"https:\/\/www.facebook.com\/miomiorun\/\",\"https:\/\/www.instagram.com\/miomiorun\/\"]}]}<\/script>\n<!-- \/ Yoast SEO plugin. -->","yoast_head_json":{"title":"Brooks Racerback 2.0 Sport Bra damen - Lauf-BH- MioMioRun","description":"Dieser BH hat auch deine Schultern und die Vorderseite. Der Racerback 2.0 Sport-BH wurde f\u00fcr den Laufsport entwickelt und bietet hohen Halt","robots":{"index":"index","follow":"follow","max-snippet":"max-snippet:-1","max-image-preview":"max-image-preview:large","max-video-preview":"max-video-preview:-1"},"canonical":"https:\/\/www.miomiorun.com\/de\/produkt\/racerback-2-0-sport-bra-damen\/","og_locale":"de_DE","og_type":"article","og_title":"Brooks Racerback 2.0 Sport Bra damen - Lauf-BH- MioMioRun","og_description":"Dieser BH hat auch deine Schultern und die Vorderseite. Der Racerback 2.0 Sport-BH wurde f\u00fcr den Laufsport entwickelt und bietet hohen Halt","og_url":"https:\/\/www.miomiorun.com\/de\/produkt\/racerback-2-0-sport-bra-damen\/","og_site_name":"MioMioRun","article_publisher":"https:\/\/www.facebook.com\/miomiorun\/","article_modified_time":"2026-05-08T20:04:57+00:00","og_image":[{"width":600,"height":600,"url":"https:\/\/www.miomiorun.com\/app\/uploads\/2024\/05\/brooks-racerback-2-sports-bra-black-350085001.webp","type":"image\/webp"}],"twitter_card":"summary_large_image","schema":{"@context":"https:\/\/schema.org","@graph":[{"@type":"WebPage","@id":"https:\/\/www.miomiorun.com\/de\/produkt\/racerback-2-0-sport-bra-damen\/","url":"https:\/\/www.miomiorun.com\/de\/produkt\/racerback-2-0-sport-bra-damen\/","name":"Brooks Racerback 2.0 Sport Bra damen - Lauf-BH- MioMioRun","isPartOf":{"@id":"https:\/\/www.miomiorun.com\/de\/#website"},"primaryImageOfPage":{"@id":"https:\/\/www.miomiorun.com\/de\/produkt\/racerback-2-0-sport-bra-damen\/#primaryimage"},"image":{"@id":"https:\/\/www.miomiorun.com\/de\/produkt\/racerback-2-0-sport-bra-damen\/#primaryimage"},"thumbnailUrl":"https:\/\/www.miomiorun.com\/app\/uploads\/2024\/05\/brooks-racerback-2-sports-bra-black-350085001.webp","datePublished":"2024-04-20T09:59:46+00:00","dateModified":"2026-05-08T20:04:57+00:00","description":"Dieser BH hat auch deine Schultern und die Vorderseite. Der Racerback 2.0 Sport-BH wurde f\u00fcr den Laufsport entwickelt und bietet hohen Halt","breadcrumb":{"@id":"https:\/\/www.miomiorun.com\/de\/produkt\/racerback-2-0-sport-bra-damen\/#breadcrumb"},"inLanguage":"de-DE","potentialAction":[{"@type":"ReadAction","target":["https:\/\/www.miomiorun.com\/de\/produkt\/racerback-2-0-sport-bra-damen\/"]}]},{"@type":"ImageObject","inLanguage":"de-DE","@id":"https:\/\/www.miomiorun.com\/de\/produkt\/racerback-2-0-sport-bra-damen\/#primaryimage","url":"https:\/\/www.miomiorun.com\/app\/uploads\/2024\/05\/brooks-racerback-2-sports-bra-black-350085001.webp","contentUrl":"https:\/\/www.miomiorun.com\/app\/uploads\/2024\/05\/brooks-racerback-2-sports-bra-black-350085001.webp","width":600,"height":600,"caption":"brooks racerback 2 sports bra black 350085001"},{"@type":"BreadcrumbList","@id":"https:\/\/www.miomiorun.com\/de\/produkt\/racerback-2-0-sport-bra-damen\/#breadcrumb","itemListElement":[{"@type":"ListItem","position":1,"name":"Home","item":"https:\/\/www.miomiorun.com\/de\/"},{"@type":"ListItem","position":2,"name":"Shop","item":"https:\/\/www.miomiorun.com\/shop\/"},{"@type":"ListItem","position":3,"name":"Racerback 2.0 Sport Bra damen"}]},{"@type":"WebSite","@id":"https:\/\/www.miomiorun.com\/de\/#website","url":"https:\/\/www.miomiorun.com\/de\/","name":"MioMioRun","description":"100% Lauf- und Trailshop","publisher":{"@id":"https:\/\/www.miomiorun.com\/de\/#organization"},"potentialAction":[{"@type":"SearchAction","target":{"@type":"EntryPoint","urlTemplate":"https:\/\/www.miomiorun.com\/de\/?s={search_term_string}"},"query-input":{"@type":"PropertyValueSpecification","valueRequired":true,"valueName":"search_term_string"}}],"inLanguage":"de-DE"},{"@type":"Organization","@id":"https:\/\/www.miomiorun.com\/de\/#organization","name":"MioMio Run","url":"https:\/\/www.miomiorun.com\/de\/","logo":{"@type":"ImageObject","inLanguage":"de-DE","@id":"https:\/\/www.miomiorun.com\/de\/#\/schema\/logo\/image\/","url":"https:\/\/www.miomiorun.com\/app\/uploads\/2019\/12\/logomio.png","contentUrl":"https:\/\/www.miomiorun.com\/app\/uploads\/2019\/12\/logomio.png","width":115,"height":82,"caption":"MioMio Run"},"image":{"@id":"https:\/\/www.miomiorun.com\/de\/#\/schema\/logo\/image\/"},"sameAs":["https:\/\/www.facebook.com\/miomiorun\/","https:\/\/www.instagram.com\/miomiorun\/"]}]}},"_links":{"self":[{"href":"https:\/\/www.miomiorun.com\/de\/wp-json\/wp\/v2\/product\/176224","targetHints":{"allow":["GET"]}}],"collection":[{"href":"https:\/\/www.miomiorun.com\/de\/wp-json\/wp\/v2\/product"}],"about":[{"href":"https:\/\/www.miomiorun.com\/de\/wp-json\/wp\/v2\/types\/product"}],"wp:featuredmedia":[{"embeddable":true,"href":"https:\/\/www.miomiorun.com\/de\/wp-json\/wp\/v2\/media\/168120"}],"wp:attachment":[{"href":"https:\/\/www.miomiorun.com\/de\/wp-json\/wp\/v2\/media?parent=176224"}],"wp:term":[{"taxonomy":"product_brand","embeddable":true,"href":"https:\/\/www.miomiorun.com\/de\/wp-json\/wp\/v2\/product_brand?post=176224"},{"taxonomy":"product_cat","embeddable":true,"href":"https:\/\/www.miomiorun.com\/de\/wp-json\/wp\/v2\/product_cat?post=176224"},{"taxonomy":"product_tag","embeddable":true,"href":"https:\/\/www.miomiorun.com\/de\/wp-json\/wp\/v2\/product_tag?post=176224"}],"curies":[{"name":"wp","href":"https:\/\/api.w.org\/{rel}","templated":true}]}}