{"id":176222,"date":"2021-08-13T19:16:57","date_gmt":"2021-08-13T17:16:57","guid":{"rendered":"https:\/\/miomiorun.com\/prodotto\/craft-overhead-logo-hoody-donna\/"},"modified":"2026-05-08T21:02:55","modified_gmt":"2026-05-08T19:02:55","slug":"overhead-logo-hoody-damen","status":"publish","type":"product","link":"https:\/\/www.miomiorun.com\/de\/produkt\/overhead-logo-hoody-damen\/","title":{"rendered":"Overhead Logo Hoody damen"},"content":{"rendered":"<p>Der <strong>Craft Overhead Logo<\/strong> Hoody f\u00fcr Damen mit verstellbarer Kapuze, Rippb\u00fcndchen und Beuteltasche ist ein sportliches Kleidungsst\u00fcck im urbanen Look, das sowohl beim Training als auch in der Stadt getragen werden kann.<\/p>\n<p><strong>Eigenschaften:<\/strong><\/p>\n<ul>\n<li>Verstellbare Kapuze<\/li>\n<li>B\u00fcndchen mit Saum<\/li>\n<li>Beuteltasche<\/li>\n<li>Material: 80% Baumwolle \/ 20% Polyester<\/li>\n<\/ul>\n","protected":false},"excerpt":{"rendered":"<p>Der Craft Overhead Logo Hoody f\u00fcr Damen mit verstellbarer Kapuze, Rippb\u00fcndchen und Beuteltasche ist ein sportliches Kleidungsst\u00fcck im urbanen Look, das sowohl beim Training als auch in der Stadt getragen werden kann. Eigenschaften: Verstellbare Kapuze B\u00fcndchen mit Saum Beuteltasche Material: 80% Baumwolle \/ 20% Polyester<\/p>\n","protected":false},"featured_media":57614,"template":"","meta":{"_acf_changed":false,"inline_featured_image":false},"product_brand":[],"product_cat":[6400,6401,6486],"product_tag":[6304,6232],"class_list":{"0":"post-176222","1":"product","2":"type-product","3":"status-publish","4":"has-post-thumbnail","6":"product_cat-damen","7":"product_cat-damenbekleidung","8":"product_cat-damenlangarmshirts","9":"product_tag-craft-de","10":"product_tag-craft-damen-de","11":"pa_attivita-lifestyle-de","12":"pa_colore-overhead-logo-hoody-w-black-de","13":"pa_marca-craft-de","14":"pa_sesso-damen","15":"pa_size-medium-de","17":"first","18":"instock","19":"taxable","20":"shipping-taxable","21":"purchasable","22":"product-type-variable","23":"wvs-archive-product-wrapper"},"acf":[],"yoast_head":"<!-- This site is optimized with the Yoast SEO plugin v26.8 - https:\/\/yoast.com\/product\/yoast-seo-wordpress\/ -->\n<title>Overhead Logo Hoody damen -Laufendes Trikot - MioMioRun<\/title>\n<meta name=\"description\" content=\"Der Craft Overhead Logo Hoody mit verstellbarer Kapuze, Rippb\u00fcndchen und Beuteltasche ist ein sportliches Kleidungsst\u00fcck.\" \/>\n<meta name=\"robots\" content=\"index, follow, max-snippet:-1, max-image-preview:large, max-video-preview:-1\" \/>\n<link rel=\"canonical\" href=\"https:\/\/www.miomiorun.com\/de\/produkt\/overhead-logo-hoody-damen\/\" \/>\n<meta property=\"og:locale\" content=\"de_DE\" \/>\n<meta property=\"og:type\" content=\"article\" \/>\n<meta property=\"og:title\" content=\"Overhead Logo Hoody damen -Laufendes Trikot - MioMioRun\" \/>\n<meta property=\"og:description\" content=\"Der Craft Overhead Logo Hoody mit verstellbarer Kapuze, Rippb\u00fcndchen und Beuteltasche ist ein sportliches Kleidungsst\u00fcck.\" \/>\n<meta property=\"og:url\" content=\"https:\/\/www.miomiorun.com\/de\/produkt\/overhead-logo-hoody-damen\/\" \/>\n<meta property=\"og:site_name\" content=\"MioMioRun\" \/>\n<meta property=\"article:publisher\" content=\"https:\/\/www.facebook.com\/miomiorun\/\" \/>\n<meta property=\"article:modified_time\" content=\"2026-05-08T19:02:55+00:00\" \/>\n<meta property=\"og:image\" content=\"https:\/\/www.miomiorun.com\/app\/uploads\/2021\/09\/craft-Overhead-logo-hoody-1908041-999000.jpg\" \/>\n\t<meta property=\"og:image:width\" content=\"600\" \/>\n\t<meta property=\"og:image:height\" content=\"600\" \/>\n\t<meta property=\"og:image:type\" content=\"image\/jpeg\" \/>\n<meta name=\"twitter:card\" content=\"summary_large_image\" \/>\n<script type=\"application\/ld+json\" class=\"yoast-schema-graph\">{\"@context\":\"https:\/\/schema.org\",\"@graph\":[{\"@type\":\"WebPage\",\"@id\":\"https:\/\/www.miomiorun.com\/de\/produkt\/overhead-logo-hoody-damen\/\",\"url\":\"https:\/\/www.miomiorun.com\/de\/produkt\/overhead-logo-hoody-damen\/\",\"name\":\"Overhead Logo Hoody damen -Laufendes Trikot - MioMioRun\",\"isPartOf\":{\"@id\":\"https:\/\/www.miomiorun.com\/de\/#website\"},\"primaryImageOfPage\":{\"@id\":\"https:\/\/www.miomiorun.com\/de\/produkt\/overhead-logo-hoody-damen\/#primaryimage\"},\"image\":{\"@id\":\"https:\/\/www.miomiorun.com\/de\/produkt\/overhead-logo-hoody-damen\/#primaryimage\"},\"thumbnailUrl\":\"https:\/\/www.miomiorun.com\/app\/uploads\/2021\/09\/craft-Overhead-logo-hoody-1908041-999000.jpg\",\"datePublished\":\"2021-08-13T17:16:57+00:00\",\"dateModified\":\"2026-05-08T19:02:55+00:00\",\"description\":\"Der Craft Overhead Logo Hoody mit verstellbarer Kapuze, Rippb\u00fcndchen und Beuteltasche ist ein sportliches Kleidungsst\u00fcck.\",\"breadcrumb\":{\"@id\":\"https:\/\/www.miomiorun.com\/de\/produkt\/overhead-logo-hoody-damen\/#breadcrumb\"},\"inLanguage\":\"de-DE\",\"potentialAction\":[{\"@type\":\"ReadAction\",\"target\":[\"https:\/\/www.miomiorun.com\/de\/produkt\/overhead-logo-hoody-damen\/\"]}]},{\"@type\":\"ImageObject\",\"inLanguage\":\"de-DE\",\"@id\":\"https:\/\/www.miomiorun.com\/de\/produkt\/overhead-logo-hoody-damen\/#primaryimage\",\"url\":\"https:\/\/www.miomiorun.com\/app\/uploads\/2021\/09\/craft-Overhead-logo-hoody-1908041-999000.jpg\",\"contentUrl\":\"https:\/\/www.miomiorun.com\/app\/uploads\/2021\/09\/craft-Overhead-logo-hoody-1908041-999000.jpg\",\"width\":600,\"height\":600,\"caption\":\"craft-Overhead-logo-hoody-1908041-999000\"},{\"@type\":\"BreadcrumbList\",\"@id\":\"https:\/\/www.miomiorun.com\/de\/produkt\/overhead-logo-hoody-damen\/#breadcrumb\",\"itemListElement\":[{\"@type\":\"ListItem\",\"position\":1,\"name\":\"Home\",\"item\":\"https:\/\/www.miomiorun.com\/de\/\"},{\"@type\":\"ListItem\",\"position\":2,\"name\":\"Shop\",\"item\":\"https:\/\/www.miomiorun.com\/shop\/\"},{\"@type\":\"ListItem\",\"position\":3,\"name\":\"Overhead Logo Hoody damen\"}]},{\"@type\":\"WebSite\",\"@id\":\"https:\/\/www.miomiorun.com\/de\/#website\",\"url\":\"https:\/\/www.miomiorun.com\/de\/\",\"name\":\"MioMioRun\",\"description\":\"100% Lauf- und Trailshop\",\"publisher\":{\"@id\":\"https:\/\/www.miomiorun.com\/de\/#organization\"},\"potentialAction\":[{\"@type\":\"SearchAction\",\"target\":{\"@type\":\"EntryPoint\",\"urlTemplate\":\"https:\/\/www.miomiorun.com\/de\/?s={search_term_string}\"},\"query-input\":{\"@type\":\"PropertyValueSpecification\",\"valueRequired\":true,\"valueName\":\"search_term_string\"}}],\"inLanguage\":\"de-DE\"},{\"@type\":\"Organization\",\"@id\":\"https:\/\/www.miomiorun.com\/de\/#organization\",\"name\":\"MioMio Run\",\"url\":\"https:\/\/www.miomiorun.com\/de\/\",\"logo\":{\"@type\":\"ImageObject\",\"inLanguage\":\"de-DE\",\"@id\":\"https:\/\/www.miomiorun.com\/de\/#\/schema\/logo\/image\/\",\"url\":\"https:\/\/www.miomiorun.com\/app\/uploads\/2019\/12\/logomio.png\",\"contentUrl\":\"https:\/\/www.miomiorun.com\/app\/uploads\/2019\/12\/logomio.png\",\"width\":115,\"height\":82,\"caption\":\"MioMio Run\"},\"image\":{\"@id\":\"https:\/\/www.miomiorun.com\/de\/#\/schema\/logo\/image\/\"},\"sameAs\":[\"https:\/\/www.facebook.com\/miomiorun\/\",\"https:\/\/www.instagram.com\/miomiorun\/\"]}]}<\/script>\n<!-- \/ Yoast SEO plugin. -->","yoast_head_json":{"title":"Overhead Logo Hoody damen -Laufendes Trikot - MioMioRun","description":"Der Craft Overhead Logo Hoody mit verstellbarer Kapuze, Rippb\u00fcndchen und Beuteltasche ist ein sportliches Kleidungsst\u00fcck.","robots":{"index":"index","follow":"follow","max-snippet":"max-snippet:-1","max-image-preview":"max-image-preview:large","max-video-preview":"max-video-preview:-1"},"canonical":"https:\/\/www.miomiorun.com\/de\/produkt\/overhead-logo-hoody-damen\/","og_locale":"de_DE","og_type":"article","og_title":"Overhead Logo Hoody damen -Laufendes Trikot - MioMioRun","og_description":"Der Craft Overhead Logo Hoody mit verstellbarer Kapuze, Rippb\u00fcndchen und Beuteltasche ist ein sportliches Kleidungsst\u00fcck.","og_url":"https:\/\/www.miomiorun.com\/de\/produkt\/overhead-logo-hoody-damen\/","og_site_name":"MioMioRun","article_publisher":"https:\/\/www.facebook.com\/miomiorun\/","article_modified_time":"2026-05-08T19:02:55+00:00","og_image":[{"width":600,"height":600,"url":"https:\/\/www.miomiorun.com\/app\/uploads\/2021\/09\/craft-Overhead-logo-hoody-1908041-999000.jpg","type":"image\/jpeg"}],"twitter_card":"summary_large_image","schema":{"@context":"https:\/\/schema.org","@graph":[{"@type":"WebPage","@id":"https:\/\/www.miomiorun.com\/de\/produkt\/overhead-logo-hoody-damen\/","url":"https:\/\/www.miomiorun.com\/de\/produkt\/overhead-logo-hoody-damen\/","name":"Overhead Logo Hoody damen -Laufendes Trikot - MioMioRun","isPartOf":{"@id":"https:\/\/www.miomiorun.com\/de\/#website"},"primaryImageOfPage":{"@id":"https:\/\/www.miomiorun.com\/de\/produkt\/overhead-logo-hoody-damen\/#primaryimage"},"image":{"@id":"https:\/\/www.miomiorun.com\/de\/produkt\/overhead-logo-hoody-damen\/#primaryimage"},"thumbnailUrl":"https:\/\/www.miomiorun.com\/app\/uploads\/2021\/09\/craft-Overhead-logo-hoody-1908041-999000.jpg","datePublished":"2021-08-13T17:16:57+00:00","dateModified":"2026-05-08T19:02:55+00:00","description":"Der Craft Overhead Logo Hoody mit verstellbarer Kapuze, Rippb\u00fcndchen und Beuteltasche ist ein sportliches Kleidungsst\u00fcck.","breadcrumb":{"@id":"https:\/\/www.miomiorun.com\/de\/produkt\/overhead-logo-hoody-damen\/#breadcrumb"},"inLanguage":"de-DE","potentialAction":[{"@type":"ReadAction","target":["https:\/\/www.miomiorun.com\/de\/produkt\/overhead-logo-hoody-damen\/"]}]},{"@type":"ImageObject","inLanguage":"de-DE","@id":"https:\/\/www.miomiorun.com\/de\/produkt\/overhead-logo-hoody-damen\/#primaryimage","url":"https:\/\/www.miomiorun.com\/app\/uploads\/2021\/09\/craft-Overhead-logo-hoody-1908041-999000.jpg","contentUrl":"https:\/\/www.miomiorun.com\/app\/uploads\/2021\/09\/craft-Overhead-logo-hoody-1908041-999000.jpg","width":600,"height":600,"caption":"craft-Overhead-logo-hoody-1908041-999000"},{"@type":"BreadcrumbList","@id":"https:\/\/www.miomiorun.com\/de\/produkt\/overhead-logo-hoody-damen\/#breadcrumb","itemListElement":[{"@type":"ListItem","position":1,"name":"Home","item":"https:\/\/www.miomiorun.com\/de\/"},{"@type":"ListItem","position":2,"name":"Shop","item":"https:\/\/www.miomiorun.com\/shop\/"},{"@type":"ListItem","position":3,"name":"Overhead Logo Hoody damen"}]},{"@type":"WebSite","@id":"https:\/\/www.miomiorun.com\/de\/#website","url":"https:\/\/www.miomiorun.com\/de\/","name":"MioMioRun","description":"100% Lauf- und Trailshop","publisher":{"@id":"https:\/\/www.miomiorun.com\/de\/#organization"},"potentialAction":[{"@type":"SearchAction","target":{"@type":"EntryPoint","urlTemplate":"https:\/\/www.miomiorun.com\/de\/?s={search_term_string}"},"query-input":{"@type":"PropertyValueSpecification","valueRequired":true,"valueName":"search_term_string"}}],"inLanguage":"de-DE"},{"@type":"Organization","@id":"https:\/\/www.miomiorun.com\/de\/#organization","name":"MioMio Run","url":"https:\/\/www.miomiorun.com\/de\/","logo":{"@type":"ImageObject","inLanguage":"de-DE","@id":"https:\/\/www.miomiorun.com\/de\/#\/schema\/logo\/image\/","url":"https:\/\/www.miomiorun.com\/app\/uploads\/2019\/12\/logomio.png","contentUrl":"https:\/\/www.miomiorun.com\/app\/uploads\/2019\/12\/logomio.png","width":115,"height":82,"caption":"MioMio Run"},"image":{"@id":"https:\/\/www.miomiorun.com\/de\/#\/schema\/logo\/image\/"},"sameAs":["https:\/\/www.facebook.com\/miomiorun\/","https:\/\/www.instagram.com\/miomiorun\/"]}]}},"_links":{"self":[{"href":"https:\/\/www.miomiorun.com\/de\/wp-json\/wp\/v2\/product\/176222","targetHints":{"allow":["GET"]}}],"collection":[{"href":"https:\/\/www.miomiorun.com\/de\/wp-json\/wp\/v2\/product"}],"about":[{"href":"https:\/\/www.miomiorun.com\/de\/wp-json\/wp\/v2\/types\/product"}],"wp:featuredmedia":[{"embeddable":true,"href":"https:\/\/www.miomiorun.com\/de\/wp-json\/wp\/v2\/media\/57614"}],"wp:attachment":[{"href":"https:\/\/www.miomiorun.com\/de\/wp-json\/wp\/v2\/media?parent=176222"}],"wp:term":[{"taxonomy":"product_brand","embeddable":true,"href":"https:\/\/www.miomiorun.com\/de\/wp-json\/wp\/v2\/product_brand?post=176222"},{"taxonomy":"product_cat","embeddable":true,"href":"https:\/\/www.miomiorun.com\/de\/wp-json\/wp\/v2\/product_cat?post=176222"},{"taxonomy":"product_tag","embeddable":true,"href":"https:\/\/www.miomiorun.com\/de\/wp-json\/wp\/v2\/product_tag?post=176222"}],"curies":[{"name":"wp","href":"https:\/\/api.w.org\/{rel}","templated":true}]}}