{"id":176197,"date":"2021-10-12T17:24:42","date_gmt":"2021-10-12T15:24:42","guid":{"rendered":"https:\/\/miomiorun.com\/prodotto\/craft-core-dry-active-comfort-hz-donna\/"},"modified":"2026-05-08T21:16:01","modified_gmt":"2026-05-08T19:16:01","slug":"core-dry-active-comfort-hz-damen","status":"publish","type":"product","link":"https:\/\/www.miomiorun.com\/de\/produkt\/core-dry-active-comfort-hz-damen\/","title":{"rendered":"Core Dry Active Comfort HZ damen"},"content":{"rendered":"<p id=\"tw-target-text\" class=\"tw-data-text tw-text-large XcVN5d tw-ta\" dir=\"ltr\" data-placeholder=\"Traduzione\"><span class=\"Y2IQFc\" lang=\"it\">Das<strong>CORE Dry Active Comfort HZ<\/strong> f\u00fcr Damen ist ein weiches und funktionelles Baselayer-Trikot mit halbem Rei\u00dfverschluss, das sich f\u00fcr fast alle Aktivit\u00e4ten eignet, vom t\u00e4glichen Training bis zum alpinen Skifahren, Wandern und entspannten Apr\u00e8s-Ski. Dieser vielseitige und sehr bequeme Baselayer besteht aus Polyester, recyceltem Polyamid und Polyamid, einer weichen und funktionellen Mischung, die f\u00fcr W\u00e4rme und effizienten Feuchtigkeitstransport sorgt. <\/span><span class=\"Y2IQFc\" lang=\"it\">Au\u00dferdem hat das Kleidungsst\u00fcck nur wenige N\u00e4hte und eine Bodymap-Struktur f\u00fcr eine bessere Thermoregulierung. Wenn du eine einzige Basisschicht f\u00fcr all deine Workouts und k\u00f6rperlichen Aktivit\u00e4ten brauchst, dann ist dies die richtige.<\/span><\/p>\n<p class=\"tw-data-text tw-text-large XcVN5d tw-ta\" dir=\"ltr\" data-placeholder=\"Traduzione\"><strong><span class=\"Y2IQFc\" lang=\"it\">Eigenschaften:<\/span><\/strong><\/p>\n<ul>\n<li class=\"tw-data-text tw-text-large XcVN5d tw-ta\" dir=\"ltr\" data-placeholder=\"Traduzione\"><span class=\"Y2IQFc\" lang=\"it\">Weiches und funktionelles Gewebe, das teilweise aus recyceltem Polyamid besteht.<\/span><\/li>\n<li class=\"tw-data-text tw-text-large XcVN5d tw-ta\" dir=\"ltr\" data-placeholder=\"Traduzione\"><span class=\"Y2IQFc\" lang=\"it\">Bodymapped-Struktur f\u00fcr bessere W\u00e4rmeregulierung.<\/span><\/li>\n<li class=\"tw-data-text tw-text-large XcVN5d tw-ta\" dir=\"ltr\" data-placeholder=\"Traduzione\"><span class=\"Y2IQFc\" lang=\"it\">Wenige N\u00e4hte f\u00fcr optimalen Komfort.<\/span><\/li>\n<li class=\"tw-data-text tw-text-large XcVN5d tw-ta\" dir=\"ltr\" data-placeholder=\"Traduzione\"><span class=\"Y2IQFc\" lang=\"it\">Flache <strong>N\u00e4hte<\/strong>, die den Bewegungen des K\u00f6rpers folgen.<\/span><\/li>\n<\/ul>\n","protected":false},"excerpt":{"rendered":"<p>DasCORE Dry Active Comfort HZ f\u00fcr Damen ist ein weiches und funktionelles Baselayer-Trikot mit halbem Rei\u00dfverschluss, das sich f\u00fcr fast alle Aktivit\u00e4ten eignet, vom t\u00e4glichen Training bis zum alpinen Skifahren, Wandern und entspannten Apr\u00e8s-Ski. Dieser vielseitige und sehr bequeme Baselayer besteht aus Polyester, recyceltem Polyamid und Polyamid, einer weichen und funktionellen Mischung, die f\u00fcr W\u00e4rme &hellip; <a href=\"https:\/\/www.miomiorun.com\/de\/produkt\/core-dry-active-comfort-hz-damen\/\">Continued<\/a><\/p>\n","protected":false},"featured_media":58990,"template":"","meta":{"_acf_changed":false,"inline_featured_image":false},"product_brand":[],"product_cat":[6400,6401,6486],"product_tag":[6304,6232],"class_list":{"0":"post-176197","1":"product","2":"type-product","3":"status-publish","4":"has-post-thumbnail","6":"product_cat-damen","7":"product_cat-damenbekleidung","8":"product_cat-damenlangarmshirts","9":"product_tag-craft-de","10":"product_tag-craft-damen-de","11":"pa_attivita-gehen","12":"pa_attivita-outdoor-de","13":"pa_attivita-running-de","14":"pa_attivita-trail-de","15":"pa_colore-core-dry-active-comfort-hz-w-fame-de","16":"pa_colore-core-dry-active-comfort-hz-w-black-de","17":"pa_marca-craft-de","18":"pa_sesso-damen","19":"pa_size-extra-small-de","20":"pa_size-small-de","21":"pa_size-medium-de","22":"pa_size-large-de","24":"first","25":"instock","26":"sale","27":"taxable","28":"shipping-taxable","29":"purchasable","30":"product-type-variable","31":"wvs-archive-product-wrapper"},"acf":[],"yoast_head":"<!-- This site is optimized with the Yoast SEO plugin v26.8 - https:\/\/yoast.com\/product\/yoast-seo-wordpress\/ -->\n<title>Craft Core Dry Active Comfort HZ damen - Thermotrikot - MioMioRun<\/title>\n<meta name=\"description\" content=\"Das CORE Dry Active Comfort HZ f\u00fcr Damen ist ein weiches und funktionelles Baselayer-Trikot mit halbem Rei\u00dfverschluss, das sich hervorragend .\" \/>\n<meta name=\"robots\" content=\"index, follow, max-snippet:-1, max-image-preview:large, max-video-preview:-1\" \/>\n<link rel=\"canonical\" href=\"https:\/\/www.miomiorun.com\/de\/produkt\/core-dry-active-comfort-hz-damen\/\" \/>\n<meta property=\"og:locale\" content=\"de_DE\" \/>\n<meta property=\"og:type\" content=\"article\" \/>\n<meta property=\"og:title\" content=\"Craft Core Dry Active Comfort HZ damen - Thermotrikot - MioMioRun\" \/>\n<meta property=\"og:description\" content=\"Das CORE Dry Active Comfort HZ f\u00fcr Damen ist ein weiches und funktionelles Baselayer-Trikot mit halbem Rei\u00dfverschluss, das sich hervorragend .\" \/>\n<meta property=\"og:url\" content=\"https:\/\/www.miomiorun.com\/de\/produkt\/core-dry-active-comfort-hz-damen\/\" \/>\n<meta property=\"og:site_name\" content=\"MioMioRun\" \/>\n<meta property=\"article:publisher\" content=\"https:\/\/www.facebook.com\/miomiorun\/\" \/>\n<meta property=\"article:modified_time\" content=\"2026-05-08T19:16:01+00:00\" \/>\n<meta property=\"og:image\" content=\"https:\/\/www.miomiorun.com\/app\/uploads\/2021\/10\/craft-core-dry-active-comfort-hz-1911167-B999000.jpg\" \/>\n\t<meta property=\"og:image:width\" content=\"600\" \/>\n\t<meta property=\"og:image:height\" content=\"600\" \/>\n\t<meta property=\"og:image:type\" content=\"image\/jpeg\" \/>\n<meta name=\"twitter:card\" content=\"summary_large_image\" \/>\n<meta name=\"twitter:label1\" content=\"Est. reading time\" \/>\n\t<meta name=\"twitter:data1\" content=\"1 minute\" \/>\n<script type=\"application\/ld+json\" class=\"yoast-schema-graph\">{\"@context\":\"https:\/\/schema.org\",\"@graph\":[{\"@type\":\"WebPage\",\"@id\":\"https:\/\/www.miomiorun.com\/de\/produkt\/core-dry-active-comfort-hz-damen\/\",\"url\":\"https:\/\/www.miomiorun.com\/de\/produkt\/core-dry-active-comfort-hz-damen\/\",\"name\":\"Craft Core Dry Active Comfort HZ damen - Thermotrikot - MioMioRun\",\"isPartOf\":{\"@id\":\"https:\/\/www.miomiorun.com\/de\/#website\"},\"primaryImageOfPage\":{\"@id\":\"https:\/\/www.miomiorun.com\/de\/produkt\/core-dry-active-comfort-hz-damen\/#primaryimage\"},\"image\":{\"@id\":\"https:\/\/www.miomiorun.com\/de\/produkt\/core-dry-active-comfort-hz-damen\/#primaryimage\"},\"thumbnailUrl\":\"https:\/\/www.miomiorun.com\/app\/uploads\/2021\/10\/craft-core-dry-active-comfort-hz-1911167-B999000.jpg\",\"datePublished\":\"2021-10-12T15:24:42+00:00\",\"dateModified\":\"2026-05-08T19:16:01+00:00\",\"description\":\"Das CORE Dry Active Comfort HZ f\u00fcr Damen ist ein weiches und funktionelles Baselayer-Trikot mit halbem Rei\u00dfverschluss, das sich hervorragend .\",\"breadcrumb\":{\"@id\":\"https:\/\/www.miomiorun.com\/de\/produkt\/core-dry-active-comfort-hz-damen\/#breadcrumb\"},\"inLanguage\":\"de-DE\",\"potentialAction\":[{\"@type\":\"ReadAction\",\"target\":[\"https:\/\/www.miomiorun.com\/de\/produkt\/core-dry-active-comfort-hz-damen\/\"]}]},{\"@type\":\"ImageObject\",\"inLanguage\":\"de-DE\",\"@id\":\"https:\/\/www.miomiorun.com\/de\/produkt\/core-dry-active-comfort-hz-damen\/#primaryimage\",\"url\":\"https:\/\/www.miomiorun.com\/app\/uploads\/2021\/10\/craft-core-dry-active-comfort-hz-1911167-B999000.jpg\",\"contentUrl\":\"https:\/\/www.miomiorun.com\/app\/uploads\/2021\/10\/craft-core-dry-active-comfort-hz-1911167-B999000.jpg\",\"width\":600,\"height\":600,\"caption\":\"craft core dry active comfort hz\"},{\"@type\":\"BreadcrumbList\",\"@id\":\"https:\/\/www.miomiorun.com\/de\/produkt\/core-dry-active-comfort-hz-damen\/#breadcrumb\",\"itemListElement\":[{\"@type\":\"ListItem\",\"position\":1,\"name\":\"Home\",\"item\":\"https:\/\/www.miomiorun.com\/de\/\"},{\"@type\":\"ListItem\",\"position\":2,\"name\":\"Shop\",\"item\":\"https:\/\/www.miomiorun.com\/shop\/\"},{\"@type\":\"ListItem\",\"position\":3,\"name\":\"Core Dry Active Comfort HZ damen\"}]},{\"@type\":\"WebSite\",\"@id\":\"https:\/\/www.miomiorun.com\/de\/#website\",\"url\":\"https:\/\/www.miomiorun.com\/de\/\",\"name\":\"MioMioRun\",\"description\":\"100% Lauf- und Trailshop\",\"publisher\":{\"@id\":\"https:\/\/www.miomiorun.com\/de\/#organization\"},\"potentialAction\":[{\"@type\":\"SearchAction\",\"target\":{\"@type\":\"EntryPoint\",\"urlTemplate\":\"https:\/\/www.miomiorun.com\/de\/?s={search_term_string}\"},\"query-input\":{\"@type\":\"PropertyValueSpecification\",\"valueRequired\":true,\"valueName\":\"search_term_string\"}}],\"inLanguage\":\"de-DE\"},{\"@type\":\"Organization\",\"@id\":\"https:\/\/www.miomiorun.com\/de\/#organization\",\"name\":\"MioMio Run\",\"url\":\"https:\/\/www.miomiorun.com\/de\/\",\"logo\":{\"@type\":\"ImageObject\",\"inLanguage\":\"de-DE\",\"@id\":\"https:\/\/www.miomiorun.com\/de\/#\/schema\/logo\/image\/\",\"url\":\"https:\/\/www.miomiorun.com\/app\/uploads\/2019\/12\/logomio.png\",\"contentUrl\":\"https:\/\/www.miomiorun.com\/app\/uploads\/2019\/12\/logomio.png\",\"width\":115,\"height\":82,\"caption\":\"MioMio Run\"},\"image\":{\"@id\":\"https:\/\/www.miomiorun.com\/de\/#\/schema\/logo\/image\/\"},\"sameAs\":[\"https:\/\/www.facebook.com\/miomiorun\/\",\"https:\/\/www.instagram.com\/miomiorun\/\"]}]}<\/script>\n<!-- \/ Yoast SEO plugin. -->","yoast_head_json":{"title":"Craft Core Dry Active Comfort HZ damen - Thermotrikot - MioMioRun","description":"Das CORE Dry Active Comfort HZ f\u00fcr Damen ist ein weiches und funktionelles Baselayer-Trikot mit halbem Rei\u00dfverschluss, das sich hervorragend .","robots":{"index":"index","follow":"follow","max-snippet":"max-snippet:-1","max-image-preview":"max-image-preview:large","max-video-preview":"max-video-preview:-1"},"canonical":"https:\/\/www.miomiorun.com\/de\/produkt\/core-dry-active-comfort-hz-damen\/","og_locale":"de_DE","og_type":"article","og_title":"Craft Core Dry Active Comfort HZ damen - Thermotrikot - MioMioRun","og_description":"Das CORE Dry Active Comfort HZ f\u00fcr Damen ist ein weiches und funktionelles Baselayer-Trikot mit halbem Rei\u00dfverschluss, das sich hervorragend .","og_url":"https:\/\/www.miomiorun.com\/de\/produkt\/core-dry-active-comfort-hz-damen\/","og_site_name":"MioMioRun","article_publisher":"https:\/\/www.facebook.com\/miomiorun\/","article_modified_time":"2026-05-08T19:16:01+00:00","og_image":[{"width":600,"height":600,"url":"https:\/\/www.miomiorun.com\/app\/uploads\/2021\/10\/craft-core-dry-active-comfort-hz-1911167-B999000.jpg","type":"image\/jpeg"}],"twitter_card":"summary_large_image","twitter_misc":{"Est. reading time":"1 minute"},"schema":{"@context":"https:\/\/schema.org","@graph":[{"@type":"WebPage","@id":"https:\/\/www.miomiorun.com\/de\/produkt\/core-dry-active-comfort-hz-damen\/","url":"https:\/\/www.miomiorun.com\/de\/produkt\/core-dry-active-comfort-hz-damen\/","name":"Craft Core Dry Active Comfort HZ damen - Thermotrikot - MioMioRun","isPartOf":{"@id":"https:\/\/www.miomiorun.com\/de\/#website"},"primaryImageOfPage":{"@id":"https:\/\/www.miomiorun.com\/de\/produkt\/core-dry-active-comfort-hz-damen\/#primaryimage"},"image":{"@id":"https:\/\/www.miomiorun.com\/de\/produkt\/core-dry-active-comfort-hz-damen\/#primaryimage"},"thumbnailUrl":"https:\/\/www.miomiorun.com\/app\/uploads\/2021\/10\/craft-core-dry-active-comfort-hz-1911167-B999000.jpg","datePublished":"2021-10-12T15:24:42+00:00","dateModified":"2026-05-08T19:16:01+00:00","description":"Das CORE Dry Active Comfort HZ f\u00fcr Damen ist ein weiches und funktionelles Baselayer-Trikot mit halbem Rei\u00dfverschluss, das sich hervorragend .","breadcrumb":{"@id":"https:\/\/www.miomiorun.com\/de\/produkt\/core-dry-active-comfort-hz-damen\/#breadcrumb"},"inLanguage":"de-DE","potentialAction":[{"@type":"ReadAction","target":["https:\/\/www.miomiorun.com\/de\/produkt\/core-dry-active-comfort-hz-damen\/"]}]},{"@type":"ImageObject","inLanguage":"de-DE","@id":"https:\/\/www.miomiorun.com\/de\/produkt\/core-dry-active-comfort-hz-damen\/#primaryimage","url":"https:\/\/www.miomiorun.com\/app\/uploads\/2021\/10\/craft-core-dry-active-comfort-hz-1911167-B999000.jpg","contentUrl":"https:\/\/www.miomiorun.com\/app\/uploads\/2021\/10\/craft-core-dry-active-comfort-hz-1911167-B999000.jpg","width":600,"height":600,"caption":"craft core dry active comfort hz"},{"@type":"BreadcrumbList","@id":"https:\/\/www.miomiorun.com\/de\/produkt\/core-dry-active-comfort-hz-damen\/#breadcrumb","itemListElement":[{"@type":"ListItem","position":1,"name":"Home","item":"https:\/\/www.miomiorun.com\/de\/"},{"@type":"ListItem","position":2,"name":"Shop","item":"https:\/\/www.miomiorun.com\/shop\/"},{"@type":"ListItem","position":3,"name":"Core Dry Active Comfort HZ damen"}]},{"@type":"WebSite","@id":"https:\/\/www.miomiorun.com\/de\/#website","url":"https:\/\/www.miomiorun.com\/de\/","name":"MioMioRun","description":"100% Lauf- und Trailshop","publisher":{"@id":"https:\/\/www.miomiorun.com\/de\/#organization"},"potentialAction":[{"@type":"SearchAction","target":{"@type":"EntryPoint","urlTemplate":"https:\/\/www.miomiorun.com\/de\/?s={search_term_string}"},"query-input":{"@type":"PropertyValueSpecification","valueRequired":true,"valueName":"search_term_string"}}],"inLanguage":"de-DE"},{"@type":"Organization","@id":"https:\/\/www.miomiorun.com\/de\/#organization","name":"MioMio Run","url":"https:\/\/www.miomiorun.com\/de\/","logo":{"@type":"ImageObject","inLanguage":"de-DE","@id":"https:\/\/www.miomiorun.com\/de\/#\/schema\/logo\/image\/","url":"https:\/\/www.miomiorun.com\/app\/uploads\/2019\/12\/logomio.png","contentUrl":"https:\/\/www.miomiorun.com\/app\/uploads\/2019\/12\/logomio.png","width":115,"height":82,"caption":"MioMio Run"},"image":{"@id":"https:\/\/www.miomiorun.com\/de\/#\/schema\/logo\/image\/"},"sameAs":["https:\/\/www.facebook.com\/miomiorun\/","https:\/\/www.instagram.com\/miomiorun\/"]}]}},"_links":{"self":[{"href":"https:\/\/www.miomiorun.com\/de\/wp-json\/wp\/v2\/product\/176197","targetHints":{"allow":["GET"]}}],"collection":[{"href":"https:\/\/www.miomiorun.com\/de\/wp-json\/wp\/v2\/product"}],"about":[{"href":"https:\/\/www.miomiorun.com\/de\/wp-json\/wp\/v2\/types\/product"}],"wp:featuredmedia":[{"embeddable":true,"href":"https:\/\/www.miomiorun.com\/de\/wp-json\/wp\/v2\/media\/58990"}],"wp:attachment":[{"href":"https:\/\/www.miomiorun.com\/de\/wp-json\/wp\/v2\/media?parent=176197"}],"wp:term":[{"taxonomy":"product_brand","embeddable":true,"href":"https:\/\/www.miomiorun.com\/de\/wp-json\/wp\/v2\/product_brand?post=176197"},{"taxonomy":"product_cat","embeddable":true,"href":"https:\/\/www.miomiorun.com\/de\/wp-json\/wp\/v2\/product_cat?post=176197"},{"taxonomy":"product_tag","embeddable":true,"href":"https:\/\/www.miomiorun.com\/de\/wp-json\/wp\/v2\/product_tag?post=176197"}],"curies":[{"name":"wp","href":"https:\/\/api.w.org\/{rel}","templated":true}]}}