{"id":176195,"date":"2021-10-19T18:55:01","date_gmt":"2021-10-19T16:55:01","guid":{"rendered":"https:\/\/miomiorun.com\/prodotto\/uyn-run-fit-ow-shirt-long-sleeves-donna\/"},"modified":"2026-05-08T21:13:22","modified_gmt":"2026-05-08T19:13:22","slug":"run-fit-ow-shirt-long-sleeves-damen","status":"publish","type":"product","link":"https:\/\/www.miomiorun.com\/de\/produkt\/run-fit-ow-shirt-long-sleeves-damen\/","title":{"rendered":"Run Fit Ow Shirt Long Sleeves damen"},"content":{"rendered":"<div class=\"tab-custom-inner-max content-wysiwyg\">\n<div class=\"product-line\">\n<p>Das UYN <strong>RUN FIT<\/strong> Langarmtrikot f\u00fcr Damen ist mehr als nur eine Schicht: Es ist eine Schicht und eine halbe! Dank seiner speziellen Konstruktion k\u00f6nnen Sie es allein tragen und haben trotzdem das richtige Ma\u00df an W\u00e4rme in den \u00dcbergangsjahreszeiten. Das COOLVENT-System unter den Achseln und die verst\u00e4rkten Wicking-Zonen auf dem R\u00fccken lassen Feuchtigkeit entweichen und f\u00f6rdern das richtige K\u00f6rperklima. Wir haben ein Trikot mit Comfort Fit geschaffen, das sich optimal an Ihre K\u00f6rperform anpasst. Und das alles mit nur einer Naht, um die Elastizit\u00e4t des Stoffes nicht einzuschr\u00e4nken und Scheuerstellen auf der Haut zu vermeiden. Das ist uns dank unserer dreidimensionalen HALOFLEX-Technologie gelungen, die dem Kleidungsst\u00fcck eine perfekte Passform und einen einzigartigen Stil verleiht.<\/p>\n<p><strong>Eigenschaften:<\/strong><\/p>\n<ul>\n<li class=\"mb-2\">Hergestellt aus 100% biobasiertem NATEX-Garn: 25% leichter und 50% schneller trocknend als herk\u00f6mmliches Nylon. NATEX ist hochelastisch und bietet eine bakteriostatische Wirkung, die die Geruchsbildung reduziert.<\/li>\n<li class=\"mb-2\">Gewebe mit dreidimensionaler HALOFLEX-Technologie f\u00fcr eine perfekte Passform.<\/li>\n<li class=\"mb-2\">Das COOLVENT-System an den Achseln hilft.<\/li>\n<li class=\"mb-2\">Erh\u00f6hte Schwei\u00dfbereiche auf dem R\u00fccken, um \u00fcbersch\u00fcssigen Schwei\u00df abzuleiten.<\/li>\n<\/ul>\n<h3>Technologien:<\/h3>\n<div class=\"py-2\">\n<h4 class=\"uppercase my-1 text-black\">HALOFLEX<\/h4>\n<div>W\u00e4rmt in der Ruhephase: Die isolierenden Luftkammern der Haloflex Knit Technologie sch\u00fctzen den K\u00f6rper vor Ausk\u00fchlung. Dies ist besonders wichtig, wenn die Muskeln nach der Aktivit\u00e4t abk\u00fchlen. Ihr K\u00f6rper bleibt immer warm und leistungsf\u00e4hig. K\u00fchlt bei Aktivit\u00e4t: Haloflex Knit basiert auf der offenen Struktur des Gewebes: Die kanalisierte Innenfl\u00e4che erzeugt einen konstanten Luftstrom. Sie absorbiert schnell den Schwei\u00df, k\u00fchlt bei Aktivit\u00e4t und h\u00e4lt die Haut angenehm trocken.<\/div>\n<\/div>\n<div class=\"py-2\">\n<h4 class=\"uppercase my-1 text-black\">HYPERMOTION<\/h4>\n<div>Ein Trikot, eine Naht, keine Grenzen. Der Schulterbereich ist aus einem einzigen St\u00fcck Stoff gefertigt, ohne vertikale N\u00e4hte. Mehr Bewegungsfreiheit, mehr Unterst\u00fctzung f\u00fcr die Muskeln und die K\u00f6rperhaltung.<\/div>\n<\/div>\n<div class=\"py-2\">\n<h4 class=\"uppercase my-1 text-black\">COOLTUNE<\/h4>\n<div>Ein Ausdruck der k\u00fchlenden Kraft: Die 3D-Strickkonstruktion des Gewebes erm\u00f6glichte es uns, hoch atmungsaktive Zonen zu schaffen, um die Kraft der Bel\u00fcftung zu verst\u00e4rken.<\/div>\n<\/div>\n<div class=\"py-2\">\n<h4 class=\"uppercase my-1 text-black\">NATEX<\/h4>\n<div>Mit dem Spezialgarn NATEX stellt UYN die Natur in den Dienst Ihres Wohlbefindens. NATEX ist besonders leicht und reduziert das Gewicht des Kleidungsst\u00fccks um 25%. Kleidungsst\u00fccke aus NATEX trocknen bis zu 50 % schneller als Kleidungsst\u00fccke desselben Typs aus Nylon. Die 100% nat\u00fcrliche Bio-Faser ist elastischer und die bakteriostatische Wirkung minimiert die Geruchsbildung.<\/div>\n<\/div>\n<\/div>\n<\/div>\n","protected":false},"excerpt":{"rendered":"<p>Das UYN RUN FIT Langarmtrikot f\u00fcr Damen ist mehr als nur eine Schicht: Es ist eine Schicht und eine halbe! Dank seiner speziellen Konstruktion k\u00f6nnen Sie es allein tragen und haben trotzdem das richtige Ma\u00df an W\u00e4rme in den \u00dcbergangsjahreszeiten. Das COOLVENT-System unter den Achseln und die verst\u00e4rkten Wicking-Zonen auf dem R\u00fccken lassen Feuchtigkeit entweichen &hellip; <a href=\"https:\/\/www.miomiorun.com\/de\/produkt\/run-fit-ow-shirt-long-sleeves-damen\/\">Continued<\/a><\/p>\n","protected":false},"featured_media":59212,"template":"","meta":{"_acf_changed":false,"inline_featured_image":false},"product_brand":[],"product_cat":[6400,6401,6486],"product_tag":[6315,6291],"class_list":{"0":"post-176195","1":"product","2":"type-product","3":"status-publish","4":"has-post-thumbnail","6":"product_cat-damen","7":"product_cat-damenbekleidung","8":"product_cat-damenlangarmshirts","9":"product_tag-uyn-de","10":"product_tag-uyn-damen-de","11":"pa_marca-uyn-de","12":"pa_sesso-damen","13":"pa_size-small-de","14":"pa_size-medium-de","16":"first","17":"instock","18":"sale","19":"taxable","20":"shipping-taxable","21":"purchasable","22":"product-type-variable","23":"wvs-archive-product-wrapper"},"acf":[],"yoast_head":"<!-- This site is optimized with the Yoast SEO plugin v26.8 - https:\/\/yoast.com\/product\/yoast-seo-wordpress\/ -->\n<title>Uyn Run Fit Ow Shirt Long Sleeves damen - Thermisches Trikot - MioMioRun<\/title>\n<meta name=\"description\" content=\"Das UYN RUN FIT Damen-Langarmtrikot hat eine spezielle Struktur f\u00fcr das richtige Ma\u00df an W\u00e4rme in den \u00dcbergangsjahreszeiten\" \/>\n<meta name=\"robots\" content=\"index, follow, max-snippet:-1, max-image-preview:large, max-video-preview:-1\" \/>\n<link rel=\"canonical\" href=\"https:\/\/www.miomiorun.com\/de\/produkt\/run-fit-ow-shirt-long-sleeves-damen\/\" \/>\n<meta property=\"og:locale\" content=\"de_DE\" \/>\n<meta property=\"og:type\" content=\"article\" \/>\n<meta property=\"og:title\" content=\"Uyn Run Fit Ow Shirt Long Sleeves damen - Thermisches Trikot - MioMioRun\" \/>\n<meta property=\"og:description\" content=\"Das UYN RUN FIT Damen-Langarmtrikot hat eine spezielle Struktur f\u00fcr das richtige Ma\u00df an W\u00e4rme in den \u00dcbergangsjahreszeiten\" \/>\n<meta property=\"og:url\" content=\"https:\/\/www.miomiorun.com\/de\/produkt\/run-fit-ow-shirt-long-sleeves-damen\/\" \/>\n<meta property=\"og:site_name\" content=\"MioMioRun\" \/>\n<meta property=\"article:publisher\" content=\"https:\/\/www.facebook.com\/miomiorun\/\" \/>\n<meta property=\"article:modified_time\" content=\"2026-05-08T19:13:22+00:00\" \/>\n<meta property=\"og:image\" content=\"https:\/\/www.miomiorun.com\/app\/uploads\/2021\/10\/uyn-lady-run-fit-ow-shirt-long-sl-O102094-93B464.jpg\" \/>\n\t<meta property=\"og:image:width\" content=\"600\" \/>\n\t<meta property=\"og:image:height\" content=\"600\" \/>\n\t<meta property=\"og:image:type\" content=\"image\/jpeg\" \/>\n<meta name=\"twitter:card\" content=\"summary_large_image\" \/>\n<meta name=\"twitter:label1\" content=\"Est. reading time\" \/>\n\t<meta name=\"twitter:data1\" content=\"2 minutes\" \/>\n<script type=\"application\/ld+json\" class=\"yoast-schema-graph\">{\"@context\":\"https:\/\/schema.org\",\"@graph\":[{\"@type\":\"WebPage\",\"@id\":\"https:\/\/www.miomiorun.com\/de\/produkt\/run-fit-ow-shirt-long-sleeves-damen\/\",\"url\":\"https:\/\/www.miomiorun.com\/de\/produkt\/run-fit-ow-shirt-long-sleeves-damen\/\",\"name\":\"Uyn Run Fit Ow Shirt Long Sleeves damen - Thermisches Trikot - MioMioRun\",\"isPartOf\":{\"@id\":\"https:\/\/www.miomiorun.com\/de\/#website\"},\"primaryImageOfPage\":{\"@id\":\"https:\/\/www.miomiorun.com\/de\/produkt\/run-fit-ow-shirt-long-sleeves-damen\/#primaryimage\"},\"image\":{\"@id\":\"https:\/\/www.miomiorun.com\/de\/produkt\/run-fit-ow-shirt-long-sleeves-damen\/#primaryimage\"},\"thumbnailUrl\":\"https:\/\/www.miomiorun.com\/app\/uploads\/2021\/10\/uyn-lady-run-fit-ow-shirt-long-sl-O102094-93B464.jpg\",\"datePublished\":\"2021-10-19T16:55:01+00:00\",\"dateModified\":\"2026-05-08T19:13:22+00:00\",\"description\":\"Das UYN RUN FIT Damen-Langarmtrikot hat eine spezielle Struktur f\u00fcr das richtige Ma\u00df an W\u00e4rme in den \u00dcbergangsjahreszeiten\",\"breadcrumb\":{\"@id\":\"https:\/\/www.miomiorun.com\/de\/produkt\/run-fit-ow-shirt-long-sleeves-damen\/#breadcrumb\"},\"inLanguage\":\"de-DE\",\"potentialAction\":[{\"@type\":\"ReadAction\",\"target\":[\"https:\/\/www.miomiorun.com\/de\/produkt\/run-fit-ow-shirt-long-sleeves-damen\/\"]}]},{\"@type\":\"ImageObject\",\"inLanguage\":\"de-DE\",\"@id\":\"https:\/\/www.miomiorun.com\/de\/produkt\/run-fit-ow-shirt-long-sleeves-damen\/#primaryimage\",\"url\":\"https:\/\/www.miomiorun.com\/app\/uploads\/2021\/10\/uyn-lady-run-fit-ow-shirt-long-sl-O102094-93B464.jpg\",\"contentUrl\":\"https:\/\/www.miomiorun.com\/app\/uploads\/2021\/10\/uyn-lady-run-fit-ow-shirt-long-sl-O102094-93B464.jpg\",\"width\":600,\"height\":600,\"caption\":\"uyn run fit ow shirt long sleeves\"},{\"@type\":\"BreadcrumbList\",\"@id\":\"https:\/\/www.miomiorun.com\/de\/produkt\/run-fit-ow-shirt-long-sleeves-damen\/#breadcrumb\",\"itemListElement\":[{\"@type\":\"ListItem\",\"position\":1,\"name\":\"Home\",\"item\":\"https:\/\/www.miomiorun.com\/de\/\"},{\"@type\":\"ListItem\",\"position\":2,\"name\":\"Shop\",\"item\":\"https:\/\/www.miomiorun.com\/shop\/\"},{\"@type\":\"ListItem\",\"position\":3,\"name\":\"Run Fit Ow Shirt Long Sleeves damen\"}]},{\"@type\":\"WebSite\",\"@id\":\"https:\/\/www.miomiorun.com\/de\/#website\",\"url\":\"https:\/\/www.miomiorun.com\/de\/\",\"name\":\"MioMioRun\",\"description\":\"100% Lauf- und Trailshop\",\"publisher\":{\"@id\":\"https:\/\/www.miomiorun.com\/de\/#organization\"},\"potentialAction\":[{\"@type\":\"SearchAction\",\"target\":{\"@type\":\"EntryPoint\",\"urlTemplate\":\"https:\/\/www.miomiorun.com\/de\/?s={search_term_string}\"},\"query-input\":{\"@type\":\"PropertyValueSpecification\",\"valueRequired\":true,\"valueName\":\"search_term_string\"}}],\"inLanguage\":\"de-DE\"},{\"@type\":\"Organization\",\"@id\":\"https:\/\/www.miomiorun.com\/de\/#organization\",\"name\":\"MioMio Run\",\"url\":\"https:\/\/www.miomiorun.com\/de\/\",\"logo\":{\"@type\":\"ImageObject\",\"inLanguage\":\"de-DE\",\"@id\":\"https:\/\/www.miomiorun.com\/de\/#\/schema\/logo\/image\/\",\"url\":\"https:\/\/www.miomiorun.com\/app\/uploads\/2019\/12\/logomio.png\",\"contentUrl\":\"https:\/\/www.miomiorun.com\/app\/uploads\/2019\/12\/logomio.png\",\"width\":115,\"height\":82,\"caption\":\"MioMio Run\"},\"image\":{\"@id\":\"https:\/\/www.miomiorun.com\/de\/#\/schema\/logo\/image\/\"},\"sameAs\":[\"https:\/\/www.facebook.com\/miomiorun\/\",\"https:\/\/www.instagram.com\/miomiorun\/\"]}]}<\/script>\n<!-- \/ Yoast SEO plugin. -->","yoast_head_json":{"title":"Uyn Run Fit Ow Shirt Long Sleeves damen - Thermisches Trikot - MioMioRun","description":"Das UYN RUN FIT Damen-Langarmtrikot hat eine spezielle Struktur f\u00fcr das richtige Ma\u00df an W\u00e4rme in den \u00dcbergangsjahreszeiten","robots":{"index":"index","follow":"follow","max-snippet":"max-snippet:-1","max-image-preview":"max-image-preview:large","max-video-preview":"max-video-preview:-1"},"canonical":"https:\/\/www.miomiorun.com\/de\/produkt\/run-fit-ow-shirt-long-sleeves-damen\/","og_locale":"de_DE","og_type":"article","og_title":"Uyn Run Fit Ow Shirt Long Sleeves damen - Thermisches Trikot - MioMioRun","og_description":"Das UYN RUN FIT Damen-Langarmtrikot hat eine spezielle Struktur f\u00fcr das richtige Ma\u00df an W\u00e4rme in den \u00dcbergangsjahreszeiten","og_url":"https:\/\/www.miomiorun.com\/de\/produkt\/run-fit-ow-shirt-long-sleeves-damen\/","og_site_name":"MioMioRun","article_publisher":"https:\/\/www.facebook.com\/miomiorun\/","article_modified_time":"2026-05-08T19:13:22+00:00","og_image":[{"width":600,"height":600,"url":"https:\/\/www.miomiorun.com\/app\/uploads\/2021\/10\/uyn-lady-run-fit-ow-shirt-long-sl-O102094-93B464.jpg","type":"image\/jpeg"}],"twitter_card":"summary_large_image","twitter_misc":{"Est. reading time":"2 minutes"},"schema":{"@context":"https:\/\/schema.org","@graph":[{"@type":"WebPage","@id":"https:\/\/www.miomiorun.com\/de\/produkt\/run-fit-ow-shirt-long-sleeves-damen\/","url":"https:\/\/www.miomiorun.com\/de\/produkt\/run-fit-ow-shirt-long-sleeves-damen\/","name":"Uyn Run Fit Ow Shirt Long Sleeves damen - Thermisches Trikot - MioMioRun","isPartOf":{"@id":"https:\/\/www.miomiorun.com\/de\/#website"},"primaryImageOfPage":{"@id":"https:\/\/www.miomiorun.com\/de\/produkt\/run-fit-ow-shirt-long-sleeves-damen\/#primaryimage"},"image":{"@id":"https:\/\/www.miomiorun.com\/de\/produkt\/run-fit-ow-shirt-long-sleeves-damen\/#primaryimage"},"thumbnailUrl":"https:\/\/www.miomiorun.com\/app\/uploads\/2021\/10\/uyn-lady-run-fit-ow-shirt-long-sl-O102094-93B464.jpg","datePublished":"2021-10-19T16:55:01+00:00","dateModified":"2026-05-08T19:13:22+00:00","description":"Das UYN RUN FIT Damen-Langarmtrikot hat eine spezielle Struktur f\u00fcr das richtige Ma\u00df an W\u00e4rme in den \u00dcbergangsjahreszeiten","breadcrumb":{"@id":"https:\/\/www.miomiorun.com\/de\/produkt\/run-fit-ow-shirt-long-sleeves-damen\/#breadcrumb"},"inLanguage":"de-DE","potentialAction":[{"@type":"ReadAction","target":["https:\/\/www.miomiorun.com\/de\/produkt\/run-fit-ow-shirt-long-sleeves-damen\/"]}]},{"@type":"ImageObject","inLanguage":"de-DE","@id":"https:\/\/www.miomiorun.com\/de\/produkt\/run-fit-ow-shirt-long-sleeves-damen\/#primaryimage","url":"https:\/\/www.miomiorun.com\/app\/uploads\/2021\/10\/uyn-lady-run-fit-ow-shirt-long-sl-O102094-93B464.jpg","contentUrl":"https:\/\/www.miomiorun.com\/app\/uploads\/2021\/10\/uyn-lady-run-fit-ow-shirt-long-sl-O102094-93B464.jpg","width":600,"height":600,"caption":"uyn run fit ow shirt long sleeves"},{"@type":"BreadcrumbList","@id":"https:\/\/www.miomiorun.com\/de\/produkt\/run-fit-ow-shirt-long-sleeves-damen\/#breadcrumb","itemListElement":[{"@type":"ListItem","position":1,"name":"Home","item":"https:\/\/www.miomiorun.com\/de\/"},{"@type":"ListItem","position":2,"name":"Shop","item":"https:\/\/www.miomiorun.com\/shop\/"},{"@type":"ListItem","position":3,"name":"Run Fit Ow Shirt Long Sleeves damen"}]},{"@type":"WebSite","@id":"https:\/\/www.miomiorun.com\/de\/#website","url":"https:\/\/www.miomiorun.com\/de\/","name":"MioMioRun","description":"100% Lauf- und Trailshop","publisher":{"@id":"https:\/\/www.miomiorun.com\/de\/#organization"},"potentialAction":[{"@type":"SearchAction","target":{"@type":"EntryPoint","urlTemplate":"https:\/\/www.miomiorun.com\/de\/?s={search_term_string}"},"query-input":{"@type":"PropertyValueSpecification","valueRequired":true,"valueName":"search_term_string"}}],"inLanguage":"de-DE"},{"@type":"Organization","@id":"https:\/\/www.miomiorun.com\/de\/#organization","name":"MioMio Run","url":"https:\/\/www.miomiorun.com\/de\/","logo":{"@type":"ImageObject","inLanguage":"de-DE","@id":"https:\/\/www.miomiorun.com\/de\/#\/schema\/logo\/image\/","url":"https:\/\/www.miomiorun.com\/app\/uploads\/2019\/12\/logomio.png","contentUrl":"https:\/\/www.miomiorun.com\/app\/uploads\/2019\/12\/logomio.png","width":115,"height":82,"caption":"MioMio Run"},"image":{"@id":"https:\/\/www.miomiorun.com\/de\/#\/schema\/logo\/image\/"},"sameAs":["https:\/\/www.facebook.com\/miomiorun\/","https:\/\/www.instagram.com\/miomiorun\/"]}]}},"_links":{"self":[{"href":"https:\/\/www.miomiorun.com\/de\/wp-json\/wp\/v2\/product\/176195","targetHints":{"allow":["GET"]}}],"collection":[{"href":"https:\/\/www.miomiorun.com\/de\/wp-json\/wp\/v2\/product"}],"about":[{"href":"https:\/\/www.miomiorun.com\/de\/wp-json\/wp\/v2\/types\/product"}],"wp:featuredmedia":[{"embeddable":true,"href":"https:\/\/www.miomiorun.com\/de\/wp-json\/wp\/v2\/media\/59212"}],"wp:attachment":[{"href":"https:\/\/www.miomiorun.com\/de\/wp-json\/wp\/v2\/media?parent=176195"}],"wp:term":[{"taxonomy":"product_brand","embeddable":true,"href":"https:\/\/www.miomiorun.com\/de\/wp-json\/wp\/v2\/product_brand?post=176195"},{"taxonomy":"product_cat","embeddable":true,"href":"https:\/\/www.miomiorun.com\/de\/wp-json\/wp\/v2\/product_cat?post=176195"},{"taxonomy":"product_tag","embeddable":true,"href":"https:\/\/www.miomiorun.com\/de\/wp-json\/wp\/v2\/product_tag?post=176195"}],"curies":[{"name":"wp","href":"https:\/\/api.w.org\/{rel}","templated":true}]}}